{"id":4810,"date":"2022-02-20T16:18:47","date_gmt":"2022-02-20T16:18:47","guid":{"rendered":"https:\/\/medicinasinc.com\/sk\/?post_type=product&#038;p=4810"},"modified":"2022-03-22T01:15:28","modified_gmt":"2022-03-22T01:15:28","slug":"buy-thca-crystals-top-poll","status":"publish","type":"product","link":"https:\/\/medicinasinc.com\/sk\/product\/buy-thca-crystals-top-poll\/","title":{"rendered":"K\u00fapte si kry\u0161t\u00e1ly THCA \u2013 horn\u00e1 polica"},"content":{"rendered":"<p>Kry\u0161talick\u00e9 THCA<\/p>\n<p>THCA Kry\u0161talick\u00e9, alternat\u00edvne ozna\u010dovan\u00e9 ako \u201ekry\u0161t\u00e1ly\u201c, \u201ekry\u0161t\u00e1ly THC\u201c alebo \u201ediamanty\u201c, je koncentr\u00e1t kanabisu v tuhom stave. M\u00e1 vzh\u013ead hrub\u00e9ho cukru, typu, ktor\u00fd sa zvy\u010dajne pou\u017e\u00edva na zdobenie cukroviniek alebo na trblietanie vrchn\u00fdch \u010dast\u00ed pe\u010den\u00fdch ovocn\u00fdch kol\u00e1\u010dov. Crystalline sa vyr\u00e1ba na odstr\u00e1nenie rastlinnej hmoty a terp\u00e9nov, ktor\u00e9 s\u00fa charakteristick\u00fdmi aromatick\u00fdmi a chu\u0165ov\u00fdmi charakteristikami kultivaru alebo kme\u0148a kanabisu.<\/p>\n<p>V\u00fdznam THCA Crystalline<\/p>\n<p>Mo\u017eno ste u\u017e po\u010duli v\u00fdraz &#8220;&#8221; THC kry\u0161t\u00e1ly&#8221; alebo &#8220;THC kry\u0161talick\u00e9&#8221; pou\u017e\u00edvan\u00e9 na ozna\u010denie kry\u0161talick\u00e9ho, ale THC, ktor\u00e9 vytv\u00e1ra opojn\u00fd pocit, nie je kry\u0161talick\u00e9; chemicky THC nie je schopn\u00e9 vytv\u00e1ra\u0165 kry\u0161talick\u00fa \u0161trukt\u00faru. In\u00fdmi slovami, to, \u010do sa \u010dasto ozna\u010duje ako \u201ekry\u0161t\u00e1ly THC\u201c, nie je \u010dist\u00e9 THC, ale forma \u010dist\u00e9ho THCA. V \u010dase konzum\u00e1cie THCA kry\u0161talizuje na akt\u00edvne THC dekarboxyl\u00e1ciou. Kry\u0161talick\u00fd sa vyr\u00e1ba s jedin\u00fdm kanabinoidom. THCA, CBDA a CBD s\u00fa jedin\u00e9 kanabinoidy dostupn\u00e9 v kry\u0161talickej forme. Ka\u017ed\u00fd, kto konzumuje THCA, CBDA alebo CBD, neza\u017eije opojn\u00fd pocit, aj ke\u010f sa THCA po zahriat\u00ed premen\u00ed na THC, \u010d\u00edm sa kry\u0161talick\u00e1 l\u00e1tka stane opojnou.<\/p>\n<p>AKO VYTVORI\u0164 KRY\u0160TALICK\u00c9 THCA<\/p>\n<p>Kry\u0161talick\u00e9 sa \u010dasto faj\u010d\u00ed alebo potiera n\u00e1v\u00e4zcom. Dab rig je pr\u00edstroj na faj\u010denie, podobn\u00fd mal\u00e9mu vodn\u00e9mu bongu, ktor\u00fd odparuje zahriaty kry\u0161t\u00e1l na inhal\u00e1ciu v jednotliv\u00fdch odmeran\u00fdch d\u00e1vkach. Kry\u0161talick\u00e9 sa \u010dasto konzumuj\u00fa peror\u00e1lne, bu\u010f ako pr\u00edsada do jed\u00e1l alebo rozpusten\u00e9 v oleji, aby sa vytvoril produkt podobn\u00fd tinkt\u00fare. Kry\u0161t\u00e1ly sa \u010dasto rozp\u00fa\u0161\u0165aj\u00fa v rastlinnom oleji alebo masle a pou\u017e\u00edvaj\u00fa sa ako pr\u00edsada do dom\u00e1cich jed\u00e1l. Rastlinn\u00e9 a koprov\u00e9 oleje s\u00fa naj\u010dastej\u0161ie pou\u017e\u00edvan\u00e9 rozp\u00fa\u0161\u0165adl\u00e1 na rozp\u00fa\u0161\u0165anie kry\u0161t\u00e1lov na vytvorenie produktu podobn\u00e9ho tinkt\u00fare.<\/p>\n","protected":false},"excerpt":{"rendered":"<p>K\u00fapte si kry\u0161t\u00e1ly thca online v Eur\u00f3pe, kry\u0161t\u00e1ly thca na predaj, kry\u0161talick\u00e9 diamanty v Holandsku, kry\u0161t\u00e1ly thc v mojom okol\u00ed, kry\u0161t\u00e1ly thc na predaj v Eur\u00f3pe.<\/p>\n<ul>\n<li>Celosvetov\u00e1 doprava<\/li>\n<li><strong>Koncentr\u00e1t zlo\u017een\u00fd z 97 \u2013 99 % THC<\/strong><\/li>\n<li><strong>99 % \u010dist\u00e9ho THC-A<\/strong><\/li>\n<li><strong>Kontaktujte n\u00e1s <\/strong>\u00a0pre v\u00e4\u010d\u0161ie objedn\u00e1vky<\/li>\n<\/ul>\n","protected":false},"featured_media":4823,"comment_status":"open","ping_status":"closed","template":"","meta":[],"product_brand":[],"product_cat":[702],"product_tag":[],"class_list":{"0":"post-4810","1":"product","2":"type-product","3":"status-publish","4":"has-post-thumbnail","6":"product_cat-kpi-konope-vosk","8":"first","9":"instock","10":"shipping-taxable","11":"purchasable","12":"product-type-variable","13":"has-default-attributes"},"yoast_head":"<!-- This site is optimized with the Yoast SEO plugin v27.3 - https:\/\/yoast.com\/product\/yoast-seo-wordpress\/ -->\n<title>K\u00fapte si kry\u0161t\u00e1ly THCA \u2013 horn\u00e1 poli\u010dka \u2013 najlep\u0161ie najlep\u0161ie glob\u00e1lne lieky<\/title>\n<meta name=\"description\" content=\"K\u00fapi\u0165 thca crystalline online Eur\u00f3pa, thca crystal na predaj, kry\u0161talick\u00e9 diamanty NL, thc crystalline bl\u00edzko m\u0148a, k\u00fapi\u0165 thc crystalline v Eur\u00f3pe.\" \/>\n<meta name=\"robots\" content=\"index, follow, max-snippet:-1, max-image-preview:large, max-video-preview:-1\" \/>\n<link rel=\"canonical\" href=\"https:\/\/medicinasinc.com\/sk\/product\/buy-thca-crystals-top-poll\/\" \/>\n<meta property=\"og:locale\" content=\"en_US\" \/>\n<meta property=\"og:type\" content=\"article\" \/>\n<meta property=\"og:title\" content=\"K\u00fapte si kry\u0161t\u00e1ly THCA \u2013 horn\u00e1 poli\u010dka \u2013 najlep\u0161ie najlep\u0161ie glob\u00e1lne lieky\" \/>\n<meta property=\"og:description\" content=\"K\u00fapi\u0165 thca crystalline online Eur\u00f3pa, thca crystal na predaj, kry\u0161talick\u00e9 diamanty NL, thc crystalline bl\u00edzko m\u0148a, k\u00fapi\u0165 thc crystalline v Eur\u00f3pe.\" \/>\n<meta property=\"og:url\" content=\"https:\/\/medicinasinc.com\/sk\/product\/buy-thca-crystals-top-poll\/\" \/>\n<meta property=\"og:site_name\" content=\"Medicinas Inc\" \/>\n<meta property=\"article:modified_time\" content=\"2022-03-22T01:15:28+00:00\" \/>\n<meta property=\"og:image\" content=\"https:\/\/medicinasinc.com\/sk\/wp-content\/uploads\/sites\/10\/2022\/02\/Buy-THCA-Crystals-Top-Shelf.jpg\" \/>\n\t<meta property=\"og:image:width\" content=\"600\" \/>\n\t<meta property=\"og:image:height\" content=\"600\" \/>\n\t<meta property=\"og:image:type\" content=\"image\/jpeg\" \/>\n<meta name=\"twitter:card\" content=\"summary_large_image\" \/>\n<meta name=\"twitter:label1\" content=\"Est. reading time\" \/>\n\t<meta name=\"twitter:data1\" content=\"2 minutes\" \/>\n<script type=\"application\/ld+json\" class=\"yoast-schema-graph\">{\"@context\":\"https:\\\/\\\/schema.org\",\"@graph\":[{\"@type\":\"WebPage\",\"@id\":\"https:\\\/\\\/medicinasinc.com\\\/sk\\\/product\\\/buy-thca-crystals-top-poll\\\/\",\"url\":\"https:\\\/\\\/medicinasinc.com\\\/sk\\\/product\\\/buy-thca-crystals-top-poll\\\/\",\"name\":\"K\u00fapte si kry\u0161t\u00e1ly THCA \u2013 horn\u00e1 poli\u010dka \u2013 najlep\u0161ie najlep\u0161ie glob\u00e1lne lieky\",\"isPartOf\":{\"@id\":\"https:\\\/\\\/medicinasinc.com\\\/sk\\\/#website\"},\"primaryImageOfPage\":{\"@id\":\"https:\\\/\\\/medicinasinc.com\\\/sk\\\/product\\\/buy-thca-crystals-top-poll\\\/#primaryimage\"},\"image\":{\"@id\":\"https:\\\/\\\/medicinasinc.com\\\/sk\\\/product\\\/buy-thca-crystals-top-poll\\\/#primaryimage\"},\"thumbnailUrl\":\"https:\\\/\\\/medicinasinc.com\\\/sk\\\/wp-content\\\/uploads\\\/sites\\\/10\\\/2022\\\/02\\\/Buy-THCA-Crystals-Top-Shelf.jpg\",\"datePublished\":\"2022-02-20T16:18:47+00:00\",\"dateModified\":\"2022-03-22T01:15:28+00:00\",\"description\":\"K\u00fapi\u0165 thca crystalline online Eur\u00f3pa, thca crystal na predaj, kry\u0161talick\u00e9 diamanty NL, thc crystalline bl\u00edzko m\u0148a, k\u00fapi\u0165 thc crystalline v Eur\u00f3pe.\",\"breadcrumb\":{\"@id\":\"https:\\\/\\\/medicinasinc.com\\\/sk\\\/product\\\/buy-thca-crystals-top-poll\\\/#breadcrumb\"},\"inLanguage\":\"en-US\",\"potentialAction\":[{\"@type\":\"ReadAction\",\"target\":[\"https:\\\/\\\/medicinasinc.com\\\/sk\\\/product\\\/buy-thca-crystals-top-poll\\\/\"]}]},{\"@type\":\"ImageObject\",\"inLanguage\":\"en-US\",\"@id\":\"https:\\\/\\\/medicinasinc.com\\\/sk\\\/product\\\/buy-thca-crystals-top-poll\\\/#primaryimage\",\"url\":\"https:\\\/\\\/medicinasinc.com\\\/sk\\\/wp-content\\\/uploads\\\/sites\\\/10\\\/2022\\\/02\\\/Buy-THCA-Crystals-Top-Shelf.jpg\",\"contentUrl\":\"https:\\\/\\\/medicinasinc.com\\\/sk\\\/wp-content\\\/uploads\\\/sites\\\/10\\\/2022\\\/02\\\/Buy-THCA-Crystals-Top-Shelf.jpg\",\"width\":600,\"height\":600},{\"@type\":\"BreadcrumbList\",\"@id\":\"https:\\\/\\\/medicinasinc.com\\\/sk\\\/product\\\/buy-thca-crystals-top-poll\\\/#breadcrumb\",\"itemListElement\":[{\"@type\":\"ListItem\",\"position\":1,\"name\":\"Obchod\",\"item\":\"https:\\\/\\\/medicinasinc.com\\\/sk\\\/obchod\\\/\"},{\"@type\":\"ListItem\",\"position\":2,\"name\":\"K\u00fapte si kry\u0161t\u00e1ly THCA \u2013 horn\u00e1 polica\"}]},{\"@type\":\"WebSite\",\"@id\":\"https:\\\/\\\/medicinasinc.com\\\/sk\\\/#website\",\"url\":\"https:\\\/\\\/medicinasinc.com\\\/sk\\\/\",\"name\":\"Medicinas Inc\",\"description\":\"Health Medical Clinic\",\"potentialAction\":[{\"@type\":\"SearchAction\",\"target\":{\"@type\":\"EntryPoint\",\"urlTemplate\":\"https:\\\/\\\/medicinasinc.com\\\/sk\\\/?s={search_term_string}\"},\"query-input\":{\"@type\":\"PropertyValueSpecification\",\"valueRequired\":true,\"valueName\":\"search_term_string\"}}],\"inLanguage\":\"en-US\"}]}<\/script>\n<!-- \/ Yoast SEO plugin. -->","yoast_head_json":{"title":"K\u00fapte si kry\u0161t\u00e1ly THCA \u2013 horn\u00e1 poli\u010dka \u2013 najlep\u0161ie najlep\u0161ie glob\u00e1lne lieky","description":"K\u00fapi\u0165 thca crystalline online Eur\u00f3pa, thca crystal na predaj, kry\u0161talick\u00e9 diamanty NL, thc crystalline bl\u00edzko m\u0148a, k\u00fapi\u0165 thc crystalline v Eur\u00f3pe.","robots":{"index":"index","follow":"follow","max-snippet":"max-snippet:-1","max-image-preview":"max-image-preview:large","max-video-preview":"max-video-preview:-1"},"canonical":"https:\/\/medicinasinc.com\/sk\/product\/buy-thca-crystals-top-poll\/","og_locale":"en_US","og_type":"article","og_title":"K\u00fapte si kry\u0161t\u00e1ly THCA \u2013 horn\u00e1 poli\u010dka \u2013 najlep\u0161ie najlep\u0161ie glob\u00e1lne lieky","og_description":"K\u00fapi\u0165 thca crystalline online Eur\u00f3pa, thca crystal na predaj, kry\u0161talick\u00e9 diamanty NL, thc crystalline bl\u00edzko m\u0148a, k\u00fapi\u0165 thc crystalline v Eur\u00f3pe.","og_url":"https:\/\/medicinasinc.com\/sk\/product\/buy-thca-crystals-top-poll\/","og_site_name":"Medicinas Inc","article_modified_time":"2022-03-22T01:15:28+00:00","og_image":[{"width":600,"height":600,"url":"https:\/\/medicinasinc.com\/sk\/wp-content\/uploads\/sites\/10\/2022\/02\/Buy-THCA-Crystals-Top-Shelf.jpg","type":"image\/jpeg"}],"twitter_card":"summary_large_image","twitter_misc":{"Est. reading time":"2 minutes"},"schema":{"@context":"https:\/\/schema.org","@graph":[{"@type":"WebPage","@id":"https:\/\/medicinasinc.com\/sk\/product\/buy-thca-crystals-top-poll\/","url":"https:\/\/medicinasinc.com\/sk\/product\/buy-thca-crystals-top-poll\/","name":"K\u00fapte si kry\u0161t\u00e1ly THCA \u2013 horn\u00e1 poli\u010dka \u2013 najlep\u0161ie najlep\u0161ie glob\u00e1lne lieky","isPartOf":{"@id":"https:\/\/medicinasinc.com\/sk\/#website"},"primaryImageOfPage":{"@id":"https:\/\/medicinasinc.com\/sk\/product\/buy-thca-crystals-top-poll\/#primaryimage"},"image":{"@id":"https:\/\/medicinasinc.com\/sk\/product\/buy-thca-crystals-top-poll\/#primaryimage"},"thumbnailUrl":"https:\/\/medicinasinc.com\/sk\/wp-content\/uploads\/sites\/10\/2022\/02\/Buy-THCA-Crystals-Top-Shelf.jpg","datePublished":"2022-02-20T16:18:47+00:00","dateModified":"2022-03-22T01:15:28+00:00","description":"K\u00fapi\u0165 thca crystalline online Eur\u00f3pa, thca crystal na predaj, kry\u0161talick\u00e9 diamanty NL, thc crystalline bl\u00edzko m\u0148a, k\u00fapi\u0165 thc crystalline v Eur\u00f3pe.","breadcrumb":{"@id":"https:\/\/medicinasinc.com\/sk\/product\/buy-thca-crystals-top-poll\/#breadcrumb"},"inLanguage":"en-US","potentialAction":[{"@type":"ReadAction","target":["https:\/\/medicinasinc.com\/sk\/product\/buy-thca-crystals-top-poll\/"]}]},{"@type":"ImageObject","inLanguage":"en-US","@id":"https:\/\/medicinasinc.com\/sk\/product\/buy-thca-crystals-top-poll\/#primaryimage","url":"https:\/\/medicinasinc.com\/sk\/wp-content\/uploads\/sites\/10\/2022\/02\/Buy-THCA-Crystals-Top-Shelf.jpg","contentUrl":"https:\/\/medicinasinc.com\/sk\/wp-content\/uploads\/sites\/10\/2022\/02\/Buy-THCA-Crystals-Top-Shelf.jpg","width":600,"height":600},{"@type":"BreadcrumbList","@id":"https:\/\/medicinasinc.com\/sk\/product\/buy-thca-crystals-top-poll\/#breadcrumb","itemListElement":[{"@type":"ListItem","position":1,"name":"Obchod","item":"https:\/\/medicinasinc.com\/sk\/obchod\/"},{"@type":"ListItem","position":2,"name":"K\u00fapte si kry\u0161t\u00e1ly THCA \u2013 horn\u00e1 polica"}]},{"@type":"WebSite","@id":"https:\/\/medicinasinc.com\/sk\/#website","url":"https:\/\/medicinasinc.com\/sk\/","name":"Medicinas Inc","description":"Health Medical Clinic","potentialAction":[{"@type":"SearchAction","target":{"@type":"EntryPoint","urlTemplate":"https:\/\/medicinasinc.com\/sk\/?s={search_term_string}"},"query-input":{"@type":"PropertyValueSpecification","valueRequired":true,"valueName":"search_term_string"}}],"inLanguage":"en-US"}]}},"_links":{"self":[{"href":"https:\/\/medicinasinc.com\/sk\/wp-json\/wp\/v2\/product\/4810","targetHints":{"allow":["GET"]}}],"collection":[{"href":"https:\/\/medicinasinc.com\/sk\/wp-json\/wp\/v2\/product"}],"about":[{"href":"https:\/\/medicinasinc.com\/sk\/wp-json\/wp\/v2\/types\/product"}],"replies":[{"embeddable":true,"href":"https:\/\/medicinasinc.com\/sk\/wp-json\/wp\/v2\/comments?post=4810"}],"wp:featuredmedia":[{"embeddable":true,"href":"https:\/\/medicinasinc.com\/sk\/wp-json\/wp\/v2\/media\/4823"}],"wp:attachment":[{"href":"https:\/\/medicinasinc.com\/sk\/wp-json\/wp\/v2\/media?parent=4810"}],"wp:term":[{"taxonomy":"product_brand","embeddable":true,"href":"https:\/\/medicinasinc.com\/sk\/wp-json\/wp\/v2\/product_brand?post=4810"},{"taxonomy":"product_cat","embeddable":true,"href":"https:\/\/medicinasinc.com\/sk\/wp-json\/wp\/v2\/product_cat?post=4810"},{"taxonomy":"product_tag","embeddable":true,"href":"https:\/\/medicinasinc.com\/sk\/wp-json\/wp\/v2\/product_tag?post=4810"}],"curies":[{"name":"wp","href":"https:\/\/api.w.org\/{rel}","templated":true}]}}