{"id":4808,"date":"2022-02-20T16:17:53","date_gmt":"2022-02-20T16:17:53","guid":{"rendered":"https:\/\/medicinasinc.com\/sk\/?post_type=product&#038;p=4808"},"modified":"2022-03-22T01:15:37","modified_gmt":"2022-03-22T01:15:37","slug":"kupit-1p-lsd-100mcg-blotters","status":"publish","type":"product","link":"https:\/\/medicinasinc.com\/sk\/product\/kupit-1p-lsd-100mcg-blotters\/","title":{"rendered":"K\u00fapte si pijavice 1P-LSD 100 mcg"},"content":{"rendered":"<p>K\u00fapte si 1P-LSD 100mcg pijavice online so z\u013eavou.<\/p>\n<p>L.S.D. je preva\u017ene kme\u0148 Indica, ktor\u00fd bol pomenovan\u00fd pod\u013ea extr\u00e9mne halucinog\u00e9nneho lieku kv\u00f4li extr\u00e9mne halucinog\u00e9nnemu a cerebr\u00e1lnemu \u00fa\u010dinku tohto kme\u0148a. Nap\u00e4tie za\u010d\u00edna energick\u00fdm pocitom radosti, ktor\u00fd m\u00e1 potenci\u00e1l zatemni\u0165 myse\u013e a necha\u0165 nieko\u013eko klientov \u00faplne zm\u00e4ten\u00fdch a \u201eintelektu\u00e1lne uviaznut\u00fdch\u201c. Napriek silnej mozgovej stimul\u00e1cii niektor\u00ed klienti uv\u00e1dzaj\u00fa, \u017ee sa po u\u017eit\u00ed LSD c\u00edtia viac inovat\u00edvne alebo soci\u00e1lne<\/p>\n<p>K\u00fapte si 1P-LSD 100 mcg pijavice online za zv\u00fdhodnen\u00fa cenu.<\/p>\n<p>T\u00e1to \u00farove\u0148 ment\u00e1lnej stimul\u00e1cie je mimoriadne neobvykl\u00e1 pre Indica. Ako by sa dalo o\u010dak\u00e1va\u0165 od l\u00e1tky odvodenej od Indiky, L.S.D. m\u00e1 tie\u017e typick\u00e9 \u00fa\u010dinky na telo odvoden\u00e9 od Indica. Revolu\u010dn\u00fd \u00fa\u010dinok znecitlivenia organizmu klienti \u010dasto zaznamenaj\u00fa jednu a\u017e dve hodiny po po\u017eit\u00ed, ke\u010f u\u017e v\u00e4\u010d\u0161ina mozgov\u00e9ho \u00fa\u010dinku odznie. Ne\u017eiaduce \u00fa\u010dinky m\u00f4\u017eu zah\u0155\u0148a\u0165 vatu v \u00fastach, such\u00e9 o\u010di, ospalos\u0165, bolesti hlavy a miernu ned\u00f4veru.<\/p>\n<p>V\u00e4\u010d\u0161ina \u013eud\u00ed m\u00f4\u017ee tento kme\u0148 pou\u017ei\u0165 kedyko\u013evek po\u010das d\u0148a na zmiernenie miernej a\u017e silnej pretrv\u00e1vaj\u00facej pulzuj\u00facej bolesti. LSD sa \u010dasto predpisuje na pomoc pri zvl\u00e1dan\u00ed tlaku, nepokoja alebo \u00fabohosti. Okrem toho pacienti tento kme\u0148 pou\u017e\u00edvaj\u00fa na lie\u010dbu nespavosti a niektor\u00ed ho pou\u017e\u00edvaj\u00fa na boj proti bolestiam hlavy.<\/p>\n<p>L.S.D. je kr\u00ed\u017eenec medzi Mazarom a extr\u00e9mne star\u00fdm skunkov\u00fdm sortimentom, Skunk #1, vytvoren\u00fd Barney&#8217;s Farm. Aj ke\u010f sa tento kme\u0148 neodpor\u00fa\u010da pre nov\u00fdch v\u00fdrobcov, pestovanie je mimoriadne jednoduch\u00e9 kv\u00f4li jeho odolnosti vo\u010di mnoh\u00fdm infekci\u00e1m a schopnosti pestova\u0165 ho vonku aj vn\u00fatri. S dobou kvitnutia medzi 65 a 78 d\u0148ami, L.S.D. dok\u00e1\u017ee vyprodukova\u0165 a\u017e 650 gramov na meter \u0161tvorcov\u00fd. Kme\u0148, ktor\u00fd ob\u010das presahuje d\u013a\u017eku 60 centimetrov, zvy\u010dajne kon\u010d\u00ed v apr\u00edli na ju\u017enom rovn\u00edku a v okt\u00f3bri na severnom. Tento kme\u0148 m\u00e1 obsah THC a\u017e 24 %.<\/p>\n","protected":false},"excerpt":{"rendered":"<p>Kde si m\u00f4\u017eem k\u00fapi\u0165 pijavice 1P-LSD? Najlep\u0161ie v\u00fdskumn\u00e9 chemik\u00e1lie na trhu &#8211; R\u00fdchle dodanie! K\u00fapte si blottery 1P-LSD cez bitcoiny, bankov\u00fd prevod a in\u00e9 met\u00f3dy.<\/p>\n","protected":false},"featured_media":4821,"comment_status":"open","ping_status":"closed","template":"","meta":[],"product_brand":[],"product_cat":[703],"product_tag":[],"class_list":{"0":"post-4808","1":"product","2":"type-product","3":"status-publish","4":"has-post-thumbnail","6":"product_cat-kpi-psychedelick-drogy","8":"first","9":"instock","10":"shipping-taxable","11":"purchasable","12":"product-type-variable","13":"has-default-attributes"},"yoast_head":"<!-- This site is optimized with the Yoast SEO plugin v27.3 - https:\/\/yoast.com\/product\/yoast-seo-wordpress\/ -->\n<title>K\u00fapte si 1P-LSD lacn\u00e9 100 mcg pijavice \u2013 najlep\u0161ie glob\u00e1lne lieky<\/title>\n<meta name=\"description\" content=\"Objedna\u0165 si blotter 1P-LSD? Najlep\u0161ie v\u00fdskumn\u00e9 chemik\u00e1lie - r\u00fdchle dodanie! K\u00fapte si blotre 1P-LSD za bitcoiny, bankov\u00fd prevod a \u010fal\u0161ie.\" \/>\n<meta name=\"robots\" content=\"index, follow, max-snippet:-1, max-image-preview:large, max-video-preview:-1\" \/>\n<link rel=\"canonical\" href=\"https:\/\/medicinasinc.com\/sk\/product\/kupit-1p-lsd-100mcg-blotters\/\" \/>\n<meta property=\"og:locale\" content=\"en_US\" \/>\n<meta property=\"og:type\" content=\"article\" \/>\n<meta property=\"og:title\" content=\"K\u00fapte si 1P-LSD lacn\u00e9 100 mcg pijavice \u2013 najlep\u0161ie glob\u00e1lne lieky\" \/>\n<meta property=\"og:description\" content=\"Objedna\u0165 si blotter 1P-LSD? Najlep\u0161ie v\u00fdskumn\u00e9 chemik\u00e1lie - r\u00fdchle dodanie! K\u00fapte si blotre 1P-LSD za bitcoiny, bankov\u00fd prevod a \u010fal\u0161ie.\" \/>\n<meta property=\"og:url\" content=\"https:\/\/medicinasinc.com\/sk\/product\/kupit-1p-lsd-100mcg-blotters\/\" \/>\n<meta property=\"og:site_name\" content=\"Medicinas Inc\" \/>\n<meta property=\"article:modified_time\" content=\"2022-03-22T01:15:37+00:00\" \/>\n<meta property=\"og:image\" content=\"https:\/\/medicinasinc.com\/sk\/wp-content\/uploads\/sites\/10\/2022\/02\/Buy-1P-LSD-100mcg-Blotters-cheap-online.jpg\" \/>\n\t<meta property=\"og:image:width\" content=\"600\" \/>\n\t<meta property=\"og:image:height\" content=\"600\" \/>\n\t<meta property=\"og:image:type\" content=\"image\/jpeg\" \/>\n<meta name=\"twitter:card\" content=\"summary_large_image\" \/>\n<meta name=\"twitter:label1\" content=\"Est. reading time\" \/>\n\t<meta name=\"twitter:data1\" content=\"2 minutes\" \/>\n<script type=\"application\/ld+json\" class=\"yoast-schema-graph\">{\"@context\":\"https:\\\/\\\/schema.org\",\"@graph\":[{\"@type\":\"WebPage\",\"@id\":\"https:\\\/\\\/medicinasinc.com\\\/sk\\\/product\\\/kupit-1p-lsd-100mcg-blotters\\\/\",\"url\":\"https:\\\/\\\/medicinasinc.com\\\/sk\\\/product\\\/kupit-1p-lsd-100mcg-blotters\\\/\",\"name\":\"K\u00fapte si 1P-LSD lacn\u00e9 100 mcg pijavice \u2013 najlep\u0161ie glob\u00e1lne lieky\",\"isPartOf\":{\"@id\":\"https:\\\/\\\/medicinasinc.com\\\/sk\\\/#website\"},\"primaryImageOfPage\":{\"@id\":\"https:\\\/\\\/medicinasinc.com\\\/sk\\\/product\\\/kupit-1p-lsd-100mcg-blotters\\\/#primaryimage\"},\"image\":{\"@id\":\"https:\\\/\\\/medicinasinc.com\\\/sk\\\/product\\\/kupit-1p-lsd-100mcg-blotters\\\/#primaryimage\"},\"thumbnailUrl\":\"https:\\\/\\\/medicinasinc.com\\\/sk\\\/wp-content\\\/uploads\\\/sites\\\/10\\\/2022\\\/02\\\/Buy-1P-LSD-100mcg-Blotters-cheap-online.jpg\",\"datePublished\":\"2022-02-20T16:17:53+00:00\",\"dateModified\":\"2022-03-22T01:15:37+00:00\",\"description\":\"Objedna\u0165 si blotter 1P-LSD? Najlep\u0161ie v\u00fdskumn\u00e9 chemik\u00e1lie - r\u00fdchle dodanie! K\u00fapte si blotre 1P-LSD za bitcoiny, bankov\u00fd prevod a \u010fal\u0161ie.\",\"breadcrumb\":{\"@id\":\"https:\\\/\\\/medicinasinc.com\\\/sk\\\/product\\\/kupit-1p-lsd-100mcg-blotters\\\/#breadcrumb\"},\"inLanguage\":\"en-US\",\"potentialAction\":[{\"@type\":\"ReadAction\",\"target\":[\"https:\\\/\\\/medicinasinc.com\\\/sk\\\/product\\\/kupit-1p-lsd-100mcg-blotters\\\/\"]}]},{\"@type\":\"ImageObject\",\"inLanguage\":\"en-US\",\"@id\":\"https:\\\/\\\/medicinasinc.com\\\/sk\\\/product\\\/kupit-1p-lsd-100mcg-blotters\\\/#primaryimage\",\"url\":\"https:\\\/\\\/medicinasinc.com\\\/sk\\\/wp-content\\\/uploads\\\/sites\\\/10\\\/2022\\\/02\\\/Buy-1P-LSD-100mcg-Blotters-cheap-online.jpg\",\"contentUrl\":\"https:\\\/\\\/medicinasinc.com\\\/sk\\\/wp-content\\\/uploads\\\/sites\\\/10\\\/2022\\\/02\\\/Buy-1P-LSD-100mcg-Blotters-cheap-online.jpg\",\"width\":600,\"height\":600},{\"@type\":\"BreadcrumbList\",\"@id\":\"https:\\\/\\\/medicinasinc.com\\\/sk\\\/product\\\/kupit-1p-lsd-100mcg-blotters\\\/#breadcrumb\",\"itemListElement\":[{\"@type\":\"ListItem\",\"position\":1,\"name\":\"Obchod\",\"item\":\"https:\\\/\\\/medicinasinc.com\\\/sk\\\/obchod\\\/\"},{\"@type\":\"ListItem\",\"position\":2,\"name\":\"K\u00fapte si pijavice 1P-LSD 100 mcg\"}]},{\"@type\":\"WebSite\",\"@id\":\"https:\\\/\\\/medicinasinc.com\\\/sk\\\/#website\",\"url\":\"https:\\\/\\\/medicinasinc.com\\\/sk\\\/\",\"name\":\"Medicinas Inc\",\"description\":\"Health Medical Clinic\",\"potentialAction\":[{\"@type\":\"SearchAction\",\"target\":{\"@type\":\"EntryPoint\",\"urlTemplate\":\"https:\\\/\\\/medicinasinc.com\\\/sk\\\/?s={search_term_string}\"},\"query-input\":{\"@type\":\"PropertyValueSpecification\",\"valueRequired\":true,\"valueName\":\"search_term_string\"}}],\"inLanguage\":\"en-US\"}]}<\/script>\n<!-- \/ Yoast SEO plugin. -->","yoast_head_json":{"title":"K\u00fapte si 1P-LSD lacn\u00e9 100 mcg pijavice \u2013 najlep\u0161ie glob\u00e1lne lieky","description":"Objedna\u0165 si blotter 1P-LSD? Najlep\u0161ie v\u00fdskumn\u00e9 chemik\u00e1lie - r\u00fdchle dodanie! K\u00fapte si blotre 1P-LSD za bitcoiny, bankov\u00fd prevod a \u010fal\u0161ie.","robots":{"index":"index","follow":"follow","max-snippet":"max-snippet:-1","max-image-preview":"max-image-preview:large","max-video-preview":"max-video-preview:-1"},"canonical":"https:\/\/medicinasinc.com\/sk\/product\/kupit-1p-lsd-100mcg-blotters\/","og_locale":"en_US","og_type":"article","og_title":"K\u00fapte si 1P-LSD lacn\u00e9 100 mcg pijavice \u2013 najlep\u0161ie glob\u00e1lne lieky","og_description":"Objedna\u0165 si blotter 1P-LSD? Najlep\u0161ie v\u00fdskumn\u00e9 chemik\u00e1lie - r\u00fdchle dodanie! K\u00fapte si blotre 1P-LSD za bitcoiny, bankov\u00fd prevod a \u010fal\u0161ie.","og_url":"https:\/\/medicinasinc.com\/sk\/product\/kupit-1p-lsd-100mcg-blotters\/","og_site_name":"Medicinas Inc","article_modified_time":"2022-03-22T01:15:37+00:00","og_image":[{"width":600,"height":600,"url":"https:\/\/medicinasinc.com\/sk\/wp-content\/uploads\/sites\/10\/2022\/02\/Buy-1P-LSD-100mcg-Blotters-cheap-online.jpg","type":"image\/jpeg"}],"twitter_card":"summary_large_image","twitter_misc":{"Est. reading time":"2 minutes"},"schema":{"@context":"https:\/\/schema.org","@graph":[{"@type":"WebPage","@id":"https:\/\/medicinasinc.com\/sk\/product\/kupit-1p-lsd-100mcg-blotters\/","url":"https:\/\/medicinasinc.com\/sk\/product\/kupit-1p-lsd-100mcg-blotters\/","name":"K\u00fapte si 1P-LSD lacn\u00e9 100 mcg pijavice \u2013 najlep\u0161ie glob\u00e1lne lieky","isPartOf":{"@id":"https:\/\/medicinasinc.com\/sk\/#website"},"primaryImageOfPage":{"@id":"https:\/\/medicinasinc.com\/sk\/product\/kupit-1p-lsd-100mcg-blotters\/#primaryimage"},"image":{"@id":"https:\/\/medicinasinc.com\/sk\/product\/kupit-1p-lsd-100mcg-blotters\/#primaryimage"},"thumbnailUrl":"https:\/\/medicinasinc.com\/sk\/wp-content\/uploads\/sites\/10\/2022\/02\/Buy-1P-LSD-100mcg-Blotters-cheap-online.jpg","datePublished":"2022-02-20T16:17:53+00:00","dateModified":"2022-03-22T01:15:37+00:00","description":"Objedna\u0165 si blotter 1P-LSD? Najlep\u0161ie v\u00fdskumn\u00e9 chemik\u00e1lie - r\u00fdchle dodanie! K\u00fapte si blotre 1P-LSD za bitcoiny, bankov\u00fd prevod a \u010fal\u0161ie.","breadcrumb":{"@id":"https:\/\/medicinasinc.com\/sk\/product\/kupit-1p-lsd-100mcg-blotters\/#breadcrumb"},"inLanguage":"en-US","potentialAction":[{"@type":"ReadAction","target":["https:\/\/medicinasinc.com\/sk\/product\/kupit-1p-lsd-100mcg-blotters\/"]}]},{"@type":"ImageObject","inLanguage":"en-US","@id":"https:\/\/medicinasinc.com\/sk\/product\/kupit-1p-lsd-100mcg-blotters\/#primaryimage","url":"https:\/\/medicinasinc.com\/sk\/wp-content\/uploads\/sites\/10\/2022\/02\/Buy-1P-LSD-100mcg-Blotters-cheap-online.jpg","contentUrl":"https:\/\/medicinasinc.com\/sk\/wp-content\/uploads\/sites\/10\/2022\/02\/Buy-1P-LSD-100mcg-Blotters-cheap-online.jpg","width":600,"height":600},{"@type":"BreadcrumbList","@id":"https:\/\/medicinasinc.com\/sk\/product\/kupit-1p-lsd-100mcg-blotters\/#breadcrumb","itemListElement":[{"@type":"ListItem","position":1,"name":"Obchod","item":"https:\/\/medicinasinc.com\/sk\/obchod\/"},{"@type":"ListItem","position":2,"name":"K\u00fapte si pijavice 1P-LSD 100 mcg"}]},{"@type":"WebSite","@id":"https:\/\/medicinasinc.com\/sk\/#website","url":"https:\/\/medicinasinc.com\/sk\/","name":"Medicinas Inc","description":"Health Medical Clinic","potentialAction":[{"@type":"SearchAction","target":{"@type":"EntryPoint","urlTemplate":"https:\/\/medicinasinc.com\/sk\/?s={search_term_string}"},"query-input":{"@type":"PropertyValueSpecification","valueRequired":true,"valueName":"search_term_string"}}],"inLanguage":"en-US"}]}},"_links":{"self":[{"href":"https:\/\/medicinasinc.com\/sk\/wp-json\/wp\/v2\/product\/4808","targetHints":{"allow":["GET"]}}],"collection":[{"href":"https:\/\/medicinasinc.com\/sk\/wp-json\/wp\/v2\/product"}],"about":[{"href":"https:\/\/medicinasinc.com\/sk\/wp-json\/wp\/v2\/types\/product"}],"replies":[{"embeddable":true,"href":"https:\/\/medicinasinc.com\/sk\/wp-json\/wp\/v2\/comments?post=4808"}],"wp:featuredmedia":[{"embeddable":true,"href":"https:\/\/medicinasinc.com\/sk\/wp-json\/wp\/v2\/media\/4821"}],"wp:attachment":[{"href":"https:\/\/medicinasinc.com\/sk\/wp-json\/wp\/v2\/media?parent=4808"}],"wp:term":[{"taxonomy":"product_brand","embeddable":true,"href":"https:\/\/medicinasinc.com\/sk\/wp-json\/wp\/v2\/product_brand?post=4808"},{"taxonomy":"product_cat","embeddable":true,"href":"https:\/\/medicinasinc.com\/sk\/wp-json\/wp\/v2\/product_cat?post=4808"},{"taxonomy":"product_tag","embeddable":true,"href":"https:\/\/medicinasinc.com\/sk\/wp-json\/wp\/v2\/product_tag?post=4808"}],"curies":[{"name":"wp","href":"https:\/\/api.w.org\/{rel}","templated":true}]}}