{"id":4779,"date":"2022-02-20T15:55:42","date_gmt":"2022-02-20T15:55:42","guid":{"rendered":"https:\/\/medicinasinc.com\/sk\/?post_type=product&#038;p=4779"},"modified":"2022-03-22T01:16:13","modified_gmt":"2022-03-22T01:16:13","slug":"buy-alaskan-thunder-fuck-budder-top-polic","status":"publish","type":"product","link":"https:\/\/medicinasinc.com\/sk\/product\/buy-alaskan-thunder-fuck-budder-top-polic\/","title":{"rendered":"K\u00fapte si Alaskan Thunder Fuck Budder \u2013 horn\u00e1 polica"},"content":{"rendered":"<p>K\u00fapte si Alaskan Thunder Fuck Budder \u2013 pr\u00e9miov\u00e1 kvalita<\/p>\n<p>Alaskan Thunder Fuck, skr\u00e1tene ATF, Matanuska Thunder Fuck alebo Matanuska Tundra, je vz\u00e1cny kme\u0148 s dominantou sativy, ktor\u00fd poch\u00e1dza z alja\u0161sk\u00e9ho \u00fadolia Matanuska. Predpoklad\u00e1 sa, \u017ee vznikol ako kr\u00ed\u017eenec medzi sativou zo severnej Kalifornie a rusk\u00fdm ruderalisom, predt\u00fdm ako bol koncom sedemdesiatych rokov skr\u00ed\u017een\u00fd s afganskou genetikou. Tento kme\u0148 m\u00e1 \u0161tip\u013eav\u00fa ar\u00f3mu, ktor\u00e1 sp\u00e1ja borovicu a citr\u00f3n s t\u00f3nmi skunku a mentolu. ATF je zbo\u017e\u0148ovan\u00fd pre svoje vlastnosti stimuluj\u00face chu\u0165 do jedla a vlastnosti podobn\u00e9 pop\u00ednav\u00fdm rastlin\u00e1m. ATF high za\u010d\u00edna v\u00fdbuchom cerebr\u00e1lnej stimul\u00e1cie, ktor\u00e1 podporuje soci\u00e1lnu interakciu a kreativitu. So zvy\u0161uj\u00facou sa intenzitou euf\u00f3rie sa telo za\u010dne uvo\u013e\u0148ova\u0165 a dostav\u00ed sa hlad. Alaskan Thunder Fuck mo\u017eno pou\u017ei\u0165 na lie\u010dbu chronick\u00e9ho stresu, depresie a miernej a\u017e stredne silnej bolesti.<\/p>\n","protected":false},"excerpt":{"rendered":"<p>K\u00fapte si Alaskan Thunder Fuck Budder \u2013 pr\u00e9miov\u00e1 kvalita<\/p>\n<p>&nbsp;<\/p>\n<ul>\n<li>Celosvetov\u00e1 doprava<\/li>\n<li>Minim\u00e1lne mno\u017estvo objedn\u00e1vky je <strong>3<\/strong><\/li>\n<li><strong>Kontaktujte n\u00e1s<\/strong>\u00a0pre v\u00e4\u010d\u0161ie objedn\u00e1vky<\/li>\n<\/ul>\n","protected":false},"featured_media":4793,"comment_status":"open","ping_status":"closed","template":"","meta":[],"product_brand":[],"product_cat":[702],"product_tag":[],"class_list":{"0":"post-4779","1":"product","2":"type-product","3":"status-publish","4":"has-post-thumbnail","6":"product_cat-kpi-konope-vosk","8":"first","9":"instock","10":"shipping-taxable","11":"purchasable","12":"product-type-variable","13":"has-default-attributes"},"yoast_head":"<!-- This site is optimized with the Yoast SEO plugin v27.3 - https:\/\/yoast.com\/product\/yoast-seo-wordpress\/ -->\n<title>K\u00fapte si Alaskan Thunder Fuck Budder \u2013 horn\u00e1 polica - Medicinas Inc<\/title>\n<meta name=\"description\" content=\"K\u00fapte si Alaskan Thunder Fuck Budder \u2013 pr\u00e9miov\u00e1 kvalita\" \/>\n<meta name=\"robots\" content=\"index, follow, max-snippet:-1, max-image-preview:large, max-video-preview:-1\" \/>\n<link rel=\"canonical\" href=\"https:\/\/medicinasinc.com\/sk\/product\/buy-alaskan-thunder-fuck-budder-top-polic\/\" \/>\n<meta property=\"og:locale\" content=\"en_US\" \/>\n<meta property=\"og:type\" content=\"article\" \/>\n<meta property=\"og:title\" content=\"K\u00fapte si Alaskan Thunder Fuck Budder \u2013 horn\u00e1 polica - Medicinas Inc\" \/>\n<meta property=\"og:description\" content=\"K\u00fapte si Alaskan Thunder Fuck Budder \u2013 pr\u00e9miov\u00e1 kvalita\" \/>\n<meta property=\"og:url\" content=\"https:\/\/medicinasinc.com\/sk\/product\/buy-alaskan-thunder-fuck-budder-top-polic\/\" \/>\n<meta property=\"og:site_name\" content=\"Medicinas Inc\" \/>\n<meta property=\"article:modified_time\" content=\"2022-03-22T01:16:13+00:00\" \/>\n<meta property=\"og:image\" content=\"https:\/\/medicinasinc.com\/sk\/wp-content\/uploads\/sites\/10\/2022\/02\/Buy-Alaskan-Thunder-Fuck-Budder.jpg\" \/>\n\t<meta property=\"og:image:width\" content=\"600\" \/>\n\t<meta property=\"og:image:height\" content=\"600\" \/>\n\t<meta property=\"og:image:type\" content=\"image\/jpeg\" \/>\n<meta name=\"twitter:card\" content=\"summary_large_image\" \/>\n<meta name=\"twitter:label1\" content=\"Est. reading time\" \/>\n\t<meta name=\"twitter:data1\" content=\"1 minute\" \/>\n<script type=\"application\/ld+json\" class=\"yoast-schema-graph\">{\"@context\":\"https:\\\/\\\/schema.org\",\"@graph\":[{\"@type\":\"WebPage\",\"@id\":\"https:\\\/\\\/medicinasinc.com\\\/sk\\\/product\\\/buy-alaskan-thunder-fuck-budder-top-polic\\\/\",\"url\":\"https:\\\/\\\/medicinasinc.com\\\/sk\\\/product\\\/buy-alaskan-thunder-fuck-budder-top-polic\\\/\",\"name\":\"K\u00fapte si Alaskan Thunder Fuck Budder \u2013 horn\u00e1 polica - Medicinas Inc\",\"isPartOf\":{\"@id\":\"https:\\\/\\\/medicinasinc.com\\\/sk\\\/#website\"},\"primaryImageOfPage\":{\"@id\":\"https:\\\/\\\/medicinasinc.com\\\/sk\\\/product\\\/buy-alaskan-thunder-fuck-budder-top-polic\\\/#primaryimage\"},\"image\":{\"@id\":\"https:\\\/\\\/medicinasinc.com\\\/sk\\\/product\\\/buy-alaskan-thunder-fuck-budder-top-polic\\\/#primaryimage\"},\"thumbnailUrl\":\"https:\\\/\\\/medicinasinc.com\\\/sk\\\/wp-content\\\/uploads\\\/sites\\\/10\\\/2022\\\/02\\\/Buy-Alaskan-Thunder-Fuck-Budder.jpg\",\"datePublished\":\"2022-02-20T15:55:42+00:00\",\"dateModified\":\"2022-03-22T01:16:13+00:00\",\"description\":\"K\u00fapte si Alaskan Thunder Fuck Budder \u2013 pr\u00e9miov\u00e1 kvalita\",\"breadcrumb\":{\"@id\":\"https:\\\/\\\/medicinasinc.com\\\/sk\\\/product\\\/buy-alaskan-thunder-fuck-budder-top-polic\\\/#breadcrumb\"},\"inLanguage\":\"en-US\",\"potentialAction\":[{\"@type\":\"ReadAction\",\"target\":[\"https:\\\/\\\/medicinasinc.com\\\/sk\\\/product\\\/buy-alaskan-thunder-fuck-budder-top-polic\\\/\"]}]},{\"@type\":\"ImageObject\",\"inLanguage\":\"en-US\",\"@id\":\"https:\\\/\\\/medicinasinc.com\\\/sk\\\/product\\\/buy-alaskan-thunder-fuck-budder-top-polic\\\/#primaryimage\",\"url\":\"https:\\\/\\\/medicinasinc.com\\\/sk\\\/wp-content\\\/uploads\\\/sites\\\/10\\\/2022\\\/02\\\/Buy-Alaskan-Thunder-Fuck-Budder.jpg\",\"contentUrl\":\"https:\\\/\\\/medicinasinc.com\\\/sk\\\/wp-content\\\/uploads\\\/sites\\\/10\\\/2022\\\/02\\\/Buy-Alaskan-Thunder-Fuck-Budder.jpg\",\"width\":600,\"height\":600},{\"@type\":\"BreadcrumbList\",\"@id\":\"https:\\\/\\\/medicinasinc.com\\\/sk\\\/product\\\/buy-alaskan-thunder-fuck-budder-top-polic\\\/#breadcrumb\",\"itemListElement\":[{\"@type\":\"ListItem\",\"position\":1,\"name\":\"Obchod\",\"item\":\"https:\\\/\\\/medicinasinc.com\\\/sk\\\/obchod\\\/\"},{\"@type\":\"ListItem\",\"position\":2,\"name\":\"K\u00fapte si Alaskan Thunder Fuck Budder \u2013 horn\u00e1 polica\"}]},{\"@type\":\"WebSite\",\"@id\":\"https:\\\/\\\/medicinasinc.com\\\/sk\\\/#website\",\"url\":\"https:\\\/\\\/medicinasinc.com\\\/sk\\\/\",\"name\":\"Medicinas Inc\",\"description\":\"Health Medical Clinic\",\"potentialAction\":[{\"@type\":\"SearchAction\",\"target\":{\"@type\":\"EntryPoint\",\"urlTemplate\":\"https:\\\/\\\/medicinasinc.com\\\/sk\\\/?s={search_term_string}\"},\"query-input\":{\"@type\":\"PropertyValueSpecification\",\"valueRequired\":true,\"valueName\":\"search_term_string\"}}],\"inLanguage\":\"en-US\"}]}<\/script>\n<!-- \/ Yoast SEO plugin. -->","yoast_head_json":{"title":"K\u00fapte si Alaskan Thunder Fuck Budder \u2013 horn\u00e1 polica - Medicinas Inc","description":"K\u00fapte si Alaskan Thunder Fuck Budder \u2013 pr\u00e9miov\u00e1 kvalita","robots":{"index":"index","follow":"follow","max-snippet":"max-snippet:-1","max-image-preview":"max-image-preview:large","max-video-preview":"max-video-preview:-1"},"canonical":"https:\/\/medicinasinc.com\/sk\/product\/buy-alaskan-thunder-fuck-budder-top-polic\/","og_locale":"en_US","og_type":"article","og_title":"K\u00fapte si Alaskan Thunder Fuck Budder \u2013 horn\u00e1 polica - Medicinas Inc","og_description":"K\u00fapte si Alaskan Thunder Fuck Budder \u2013 pr\u00e9miov\u00e1 kvalita","og_url":"https:\/\/medicinasinc.com\/sk\/product\/buy-alaskan-thunder-fuck-budder-top-polic\/","og_site_name":"Medicinas Inc","article_modified_time":"2022-03-22T01:16:13+00:00","og_image":[{"width":600,"height":600,"url":"https:\/\/medicinasinc.com\/sk\/wp-content\/uploads\/sites\/10\/2022\/02\/Buy-Alaskan-Thunder-Fuck-Budder.jpg","type":"image\/jpeg"}],"twitter_card":"summary_large_image","twitter_misc":{"Est. reading time":"1 minute"},"schema":{"@context":"https:\/\/schema.org","@graph":[{"@type":"WebPage","@id":"https:\/\/medicinasinc.com\/sk\/product\/buy-alaskan-thunder-fuck-budder-top-polic\/","url":"https:\/\/medicinasinc.com\/sk\/product\/buy-alaskan-thunder-fuck-budder-top-polic\/","name":"K\u00fapte si Alaskan Thunder Fuck Budder \u2013 horn\u00e1 polica - Medicinas Inc","isPartOf":{"@id":"https:\/\/medicinasinc.com\/sk\/#website"},"primaryImageOfPage":{"@id":"https:\/\/medicinasinc.com\/sk\/product\/buy-alaskan-thunder-fuck-budder-top-polic\/#primaryimage"},"image":{"@id":"https:\/\/medicinasinc.com\/sk\/product\/buy-alaskan-thunder-fuck-budder-top-polic\/#primaryimage"},"thumbnailUrl":"https:\/\/medicinasinc.com\/sk\/wp-content\/uploads\/sites\/10\/2022\/02\/Buy-Alaskan-Thunder-Fuck-Budder.jpg","datePublished":"2022-02-20T15:55:42+00:00","dateModified":"2022-03-22T01:16:13+00:00","description":"K\u00fapte si Alaskan Thunder Fuck Budder \u2013 pr\u00e9miov\u00e1 kvalita","breadcrumb":{"@id":"https:\/\/medicinasinc.com\/sk\/product\/buy-alaskan-thunder-fuck-budder-top-polic\/#breadcrumb"},"inLanguage":"en-US","potentialAction":[{"@type":"ReadAction","target":["https:\/\/medicinasinc.com\/sk\/product\/buy-alaskan-thunder-fuck-budder-top-polic\/"]}]},{"@type":"ImageObject","inLanguage":"en-US","@id":"https:\/\/medicinasinc.com\/sk\/product\/buy-alaskan-thunder-fuck-budder-top-polic\/#primaryimage","url":"https:\/\/medicinasinc.com\/sk\/wp-content\/uploads\/sites\/10\/2022\/02\/Buy-Alaskan-Thunder-Fuck-Budder.jpg","contentUrl":"https:\/\/medicinasinc.com\/sk\/wp-content\/uploads\/sites\/10\/2022\/02\/Buy-Alaskan-Thunder-Fuck-Budder.jpg","width":600,"height":600},{"@type":"BreadcrumbList","@id":"https:\/\/medicinasinc.com\/sk\/product\/buy-alaskan-thunder-fuck-budder-top-polic\/#breadcrumb","itemListElement":[{"@type":"ListItem","position":1,"name":"Obchod","item":"https:\/\/medicinasinc.com\/sk\/obchod\/"},{"@type":"ListItem","position":2,"name":"K\u00fapte si Alaskan Thunder Fuck Budder \u2013 horn\u00e1 polica"}]},{"@type":"WebSite","@id":"https:\/\/medicinasinc.com\/sk\/#website","url":"https:\/\/medicinasinc.com\/sk\/","name":"Medicinas Inc","description":"Health Medical Clinic","potentialAction":[{"@type":"SearchAction","target":{"@type":"EntryPoint","urlTemplate":"https:\/\/medicinasinc.com\/sk\/?s={search_term_string}"},"query-input":{"@type":"PropertyValueSpecification","valueRequired":true,"valueName":"search_term_string"}}],"inLanguage":"en-US"}]}},"_links":{"self":[{"href":"https:\/\/medicinasinc.com\/sk\/wp-json\/wp\/v2\/product\/4779","targetHints":{"allow":["GET"]}}],"collection":[{"href":"https:\/\/medicinasinc.com\/sk\/wp-json\/wp\/v2\/product"}],"about":[{"href":"https:\/\/medicinasinc.com\/sk\/wp-json\/wp\/v2\/types\/product"}],"replies":[{"embeddable":true,"href":"https:\/\/medicinasinc.com\/sk\/wp-json\/wp\/v2\/comments?post=4779"}],"wp:featuredmedia":[{"embeddable":true,"href":"https:\/\/medicinasinc.com\/sk\/wp-json\/wp\/v2\/media\/4793"}],"wp:attachment":[{"href":"https:\/\/medicinasinc.com\/sk\/wp-json\/wp\/v2\/media?parent=4779"}],"wp:term":[{"taxonomy":"product_brand","embeddable":true,"href":"https:\/\/medicinasinc.com\/sk\/wp-json\/wp\/v2\/product_brand?post=4779"},{"taxonomy":"product_cat","embeddable":true,"href":"https:\/\/medicinasinc.com\/sk\/wp-json\/wp\/v2\/product_cat?post=4779"},{"taxonomy":"product_tag","embeddable":true,"href":"https:\/\/medicinasinc.com\/sk\/wp-json\/wp\/v2\/product_tag?post=4779"}],"curies":[{"name":"wp","href":"https:\/\/api.w.org\/{rel}","templated":true}]}}