{"id":4768,"date":"2022-02-20T15:46:58","date_gmt":"2022-02-20T15:46:58","guid":{"rendered":"https:\/\/medicinasinc.com\/sk\/?post_type=product&#038;p=4768"},"modified":"2022-03-22T01:16:22","modified_gmt":"2022-03-22T01:16:22","slug":"kupit-k2-kadidlo-sprej","status":"publish","type":"product","link":"https:\/\/medicinasinc.com\/sk\/product\/kupit-k2-kadidlo-sprej\/","title":{"rendered":"K\u00fapte si vonn\u00fd sprej K2"},"content":{"rendered":"<p>Online n\u00e1kup vonn\u00e9ho spreja K2<\/p>\n<p>Okrem toho pred\u00e1vame papier K2.<\/p>\n<p>K2 sprej je mo\u017en\u00e9 zak\u00fapi\u0165. Je bez z\u00e1pachu a farby.<\/p>\n<p>25 ml sta\u010d\u00ed na nastriekanie cel\u00e9ho listu papiera form\u00e1tu A4.<\/p>\n<p>Pr\u00edchu\u0165 a K2 s\u00fa dva najbe\u017enej\u0161ie n\u00e1zvy pre syntetick\u00fa marihuanu. S\u00fa skon\u0161truovan\u00e9 s pou\u017eit\u00edm su\u0161en\u00e9ho rastlinn\u00e9ho materi\u00e1lu, ktor\u00fd bol naplnen\u00fd upraven\u00fdm kanabinoidom. Navrhnut\u00e9 kanabinoidy s\u00fa syntetick\u00e9 zl\u00fa\u010deniny, ktor\u00e9 p\u00f4sobia na mozgov\u00e9 kanabinoidn\u00e9 receptory rovnak\u00fdm sp\u00f4sobom ako Delta9-tetrahydrokanabinol (THC). Jedinci, ktor\u00ed pou\u017e\u00edvaj\u00fa Spice, uv\u00e1dzaj\u00fa, \u017ee za\u017e\u00edvaj\u00fa podobn\u00e9 pocity ako tie, ktor\u00e9 s\u00fa spojen\u00e9 s marihuanou. Marihuana je rastlina, ktor\u00e1 obsahuje kanabinoidy, \u010do s\u00fa zmesi. Chu\u0165 a K2 s\u00fa dva term\u00edny, ktor\u00e9 ozna\u010duj\u00fa s\u00fabor receptov ozna\u010dovan\u00fdch ako navrhnut\u00e9 (skon\u0161truovan\u00e9) kanabinoidy. S\u00fa vyroben\u00e9 zo su\u0161en\u00fdch rastlinn\u00fdch materi\u00e1lov, ktor\u00e9 boli postriekan\u00e9 syntetick\u00fdmi chemik\u00e1liami, ktor\u00e9 menia myse\u013e. Analytici p\u00f4vodne usporiadali tieto vyroben\u00e9 lieky, aby ich mohli pou\u017ei\u0165 pri sk\u00faman\u00ed.<\/p>\n<p>K2 je navy\u0161e dostupn\u00fd v tekutej forme, ktor\u00e1 sa v e-cigaret\u00e1ch rozklad\u00e1. Okrem toho sa faj\u010d\u00ed v fajk\u00e1ch, jointoch alebo sa z neho rob\u00ed \u010daj. K2 sa potom nastrieka na rastliny, papier a vl\u00e1kna v tekutom stave. Zatia\u013e \u010do \u00fa\u010dinky faj\u010denia Spice m\u00f4\u017eu pripom\u00edna\u0165 \u00fa\u010dinky faj\u010denia marihuany, hlavn\u00fdm d\u00f4vodom, pre\u010do \u013eudia faj\u010dia Spice, je, \u017ee je skromn\u00e9 \u200b\u200ba vzh\u013eadom na to, ako je zn\u00e1me, \u017ee je&#8230; T\u00e1to l\u00e1tka sa zvy\u010dajne pred\u00e1va ako rastlinn\u00e1 hmota. Bez oh\u013eadu na to, \u017ee pred\u00e1vame v\u00fdnimo\u010dn\u00fa pr\u00edchu\u0165 k2, agreg\u00e1t na\u0161ich upraven\u00fdch zmes\u00ed sp\u013a\u0148a v\u0161etky aktu\u00e1lne predpisy. K\u00fapte si bylinn\u00e9 kadidlo online Rozp\u00e1\u013ete svoje zmysly siln\u00fdm bylinkov\u00fdm kadidlom K2! Zatia\u013e \u010do in\u00ed pred\u00e1vaj\u00fa m\u0155tve zmesi bez zosobnenia sily, ke\u010f si od n\u00e1s k\u00fapite K2, na\u0161a kvalita hovor\u00ed sama za seba! Pred\u00e1vame v\u00fdnimo\u010dn\u00e9 bylinkov\u00e9 kadidlo a medzi obchodn\u00edkmi s bylinkami sme jedine\u010dn\u00ed. Sprej k2 na predaj, ozna\u010dovan\u00fd aj ako sprej na kadidlo K2, syntetick\u00e1 marihuana a syntetick\u00e1 burina, je umelo vyroben\u00fd pouli\u010dn\u00fd sedat\u00edvum, ktor\u00fd obsahuje umel\u00e9 l\u00e1tky nastriekan\u00e9 na pr\u00edchute. Na papieri tekut\u00fd k2. Na webe si m\u00f4\u017eete k\u00fapi\u0165 sprej K2 a tekut\u00e9 kadidlo. K\u00fapte si vysokokvalitn\u00fd papier na lepenie K2 a nechajte si ho doru\u010di\u0165 a\u017e k va\u0161im dver\u00e1m. Ste na spr\u00e1vnom mieste, ak na webe h\u013ead\u00e1te najlep\u0161ie miestne kadidlo a e-liquidy K2. V\u00e4\u010d\u0161inu tekut\u00fdch K2 pred\u00e1vame za najni\u017e\u0161ie mo\u017en\u00e9 ceny, aby sme vyhoveli po\u017eiadavk\u00e1m v\u0161etk\u00fdch klientov v Spojen\u00fdch \u0161t\u00e1toch americk\u00fdch a na celom svete. \u010eal\u0161ou pozoruhodnou aplik\u00e1ciou je vytvorenie sprchy K2, ktor\u00e1 sa bude vo v\u0161eobecnosti aplikova\u0165 lok\u00e1lne. Je to absol\u00fatne nevyhnutn\u00e9. Produkovan\u00e9 kanabinoidy, be\u017ene ozna\u010dovan\u00e9 ako \u201eFlavor\u201c alebo \u201eK2\u201c, sa stali leg\u00e1lnymi v Spojen\u00fdch \u0161t\u00e1toch za\u010diatkom 21. storo\u010dia. Origin\u00e1lny koreninov\u00fd papier K2. Pred\u00e1vame najlep\u0161\u00ed zmie\u0161an\u00fd papier K2 dostupn\u00fd online. K\u00fapte si to okam\u017eite. Z \u010doho vznik\u00e1 marihuana (zn\u00e1ma aj ako syntetick\u00e9 kanabinoidy, K2 alebo korenie)? M\u00e1me najlep\u0161\u00ed v\u00fdber miestnych vonn\u00fdch l\u00e1tok na webe.<\/p>\n","protected":false},"excerpt":{"rendered":"<div class=\"woocommerce-product-details__short-description\">\n<p>K\u00fapte si vonn\u00fd sprej K2, vonn\u00fd sprej bez farby a z\u00e1pachu. 25 ml sta\u010d\u00ed na nastriekanie cel\u00e9ho listu papiera A4. Okrem toho pred\u00e1vame papier K2.<\/p>\n<p>K2 sprej na korenie diablo amazon, sprej k2 ve\u013ekoobchod, najsilnej\u0161\u00ed sprej k2 na predaj, leg\u00e1lny sprej s vysok\u00fdm k2 na predaj, sprej k2 na predaj online vo Ve\u013ekej Brit\u00e1nii, tekut\u00e9 kadidlo v spreji, papier k2 pr\u00edsady, k2 listy korenia<\/p>\n<\/p><\/div>\n","protected":false},"featured_media":4783,"comment_status":"open","ping_status":"closed","template":"","meta":[],"product_brand":[],"product_cat":[690],"product_tag":[695,694,696,697,698,699,700,701],"class_list":{"0":"post-4768","1":"product","2":"type-product","3":"status-publish","4":"has-post-thumbnail","6":"product_cat-kupte-si-papier-k2","7":"product_tag-k2-spice-papier-listy","8":"product_tag-k2-paper-ingredients","9":"product_tag-k2-spice-spray-diablo-amazon","10":"product_tag-k2-sprej-na-predaj-online-uk","11":"product_tag-leglny-sprej-s-vysokm-obsahom-korenia-na-predaj","12":"product_tag-liquid-spray-incense","13":"product_tag-najsilnej-k2-sprej-na-predaj","14":"product_tag-vekoobchodn-k2-sprej","16":"first","17":"instock","18":"shipping-taxable","19":"purchasable","20":"product-type-variable","21":"has-default-attributes"},"yoast_head":"<!-- This site is optimized with the Yoast SEO plugin v27.3 - https:\/\/yoast.com\/product\/yoast-seo-wordpress\/ -->\n<title>K\u00fapte si K2 vonn\u00fd sprej online \u2013 najlep\u0161ie najlep\u0161ie glob\u00e1lne lieky<\/title>\n<meta name=\"description\" content=\"K\u00fapte si K2 kadidlov\u00fd sprej, bez z\u00e1pachu a farby, sprej K2 dostupn\u00fd na predaj. Na nastriekanie cel\u00e9ho listu papiera A4 potrebujete 25 ml. Na predaj m\u00e1me aj papier K2.\" \/>\n<meta name=\"robots\" content=\"index, follow, max-snippet:-1, max-image-preview:large, max-video-preview:-1\" \/>\n<link rel=\"canonical\" href=\"https:\/\/medicinasinc.com\/sk\/product\/kupit-k2-kadidlo-sprej\/\" \/>\n<meta property=\"og:locale\" content=\"en_US\" \/>\n<meta property=\"og:type\" content=\"article\" \/>\n<meta property=\"og:title\" content=\"K\u00fapte si K2 vonn\u00fd sprej online \u2013 najlep\u0161ie najlep\u0161ie glob\u00e1lne lieky\" \/>\n<meta property=\"og:description\" content=\"K\u00fapte si K2 kadidlov\u00fd sprej, bez z\u00e1pachu a farby, sprej K2 dostupn\u00fd na predaj. Na nastriekanie cel\u00e9ho listu papiera A4 potrebujete 25 ml. Na predaj m\u00e1me aj papier K2.\" \/>\n<meta property=\"og:url\" content=\"https:\/\/medicinasinc.com\/sk\/product\/kupit-k2-kadidlo-sprej\/\" \/>\n<meta property=\"og:site_name\" content=\"Medicinas Inc\" \/>\n<meta property=\"article:modified_time\" content=\"2022-03-22T01:16:22+00:00\" \/>\n<meta property=\"og:image\" content=\"https:\/\/medicinasinc.com\/sk\/wp-content\/uploads\/sites\/10\/2022\/02\/Buy-K2-Incense-Spray.png\" \/>\n\t<meta property=\"og:image:width\" content=\"873\" \/>\n\t<meta property=\"og:image:height\" content=\"433\" \/>\n\t<meta property=\"og:image:type\" content=\"image\/png\" \/>\n<meta name=\"twitter:card\" content=\"summary_large_image\" \/>\n<meta name=\"twitter:label1\" content=\"Est. reading time\" \/>\n\t<meta name=\"twitter:data1\" content=\"3 minutes\" \/>\n<script type=\"application\/ld+json\" class=\"yoast-schema-graph\">{\"@context\":\"https:\\\/\\\/schema.org\",\"@graph\":[{\"@type\":\"WebPage\",\"@id\":\"https:\\\/\\\/medicinasinc.com\\\/sk\\\/product\\\/kupit-k2-kadidlo-sprej\\\/\",\"url\":\"https:\\\/\\\/medicinasinc.com\\\/sk\\\/product\\\/kupit-k2-kadidlo-sprej\\\/\",\"name\":\"K\u00fapte si K2 vonn\u00fd sprej online \u2013 najlep\u0161ie najlep\u0161ie glob\u00e1lne lieky\",\"isPartOf\":{\"@id\":\"https:\\\/\\\/medicinasinc.com\\\/sk\\\/#website\"},\"primaryImageOfPage\":{\"@id\":\"https:\\\/\\\/medicinasinc.com\\\/sk\\\/product\\\/kupit-k2-kadidlo-sprej\\\/#primaryimage\"},\"image\":{\"@id\":\"https:\\\/\\\/medicinasinc.com\\\/sk\\\/product\\\/kupit-k2-kadidlo-sprej\\\/#primaryimage\"},\"thumbnailUrl\":\"https:\\\/\\\/medicinasinc.com\\\/sk\\\/wp-content\\\/uploads\\\/sites\\\/10\\\/2022\\\/02\\\/Buy-K2-Incense-Spray.png\",\"datePublished\":\"2022-02-20T15:46:58+00:00\",\"dateModified\":\"2022-03-22T01:16:22+00:00\",\"description\":\"K\u00fapte si K2 kadidlov\u00fd sprej, bez z\u00e1pachu a farby, sprej K2 dostupn\u00fd na predaj. Na nastriekanie cel\u00e9ho listu papiera A4 potrebujete 25 ml. Na predaj m\u00e1me aj papier K2.\",\"breadcrumb\":{\"@id\":\"https:\\\/\\\/medicinasinc.com\\\/sk\\\/product\\\/kupit-k2-kadidlo-sprej\\\/#breadcrumb\"},\"inLanguage\":\"en-US\",\"potentialAction\":[{\"@type\":\"ReadAction\",\"target\":[\"https:\\\/\\\/medicinasinc.com\\\/sk\\\/product\\\/kupit-k2-kadidlo-sprej\\\/\"]}]},{\"@type\":\"ImageObject\",\"inLanguage\":\"en-US\",\"@id\":\"https:\\\/\\\/medicinasinc.com\\\/sk\\\/product\\\/kupit-k2-kadidlo-sprej\\\/#primaryimage\",\"url\":\"https:\\\/\\\/medicinasinc.com\\\/sk\\\/wp-content\\\/uploads\\\/sites\\\/10\\\/2022\\\/02\\\/Buy-K2-Incense-Spray.png\",\"contentUrl\":\"https:\\\/\\\/medicinasinc.com\\\/sk\\\/wp-content\\\/uploads\\\/sites\\\/10\\\/2022\\\/02\\\/Buy-K2-Incense-Spray.png\",\"width\":873,\"height\":433},{\"@type\":\"BreadcrumbList\",\"@id\":\"https:\\\/\\\/medicinasinc.com\\\/sk\\\/product\\\/kupit-k2-kadidlo-sprej\\\/#breadcrumb\",\"itemListElement\":[{\"@type\":\"ListItem\",\"position\":1,\"name\":\"Obchod\",\"item\":\"https:\\\/\\\/medicinasinc.com\\\/sk\\\/obchod\\\/\"},{\"@type\":\"ListItem\",\"position\":2,\"name\":\"K\u00fapte si vonn\u00fd sprej K2\"}]},{\"@type\":\"WebSite\",\"@id\":\"https:\\\/\\\/medicinasinc.com\\\/sk\\\/#website\",\"url\":\"https:\\\/\\\/medicinasinc.com\\\/sk\\\/\",\"name\":\"Medicinas Inc\",\"description\":\"Health Medical Clinic\",\"potentialAction\":[{\"@type\":\"SearchAction\",\"target\":{\"@type\":\"EntryPoint\",\"urlTemplate\":\"https:\\\/\\\/medicinasinc.com\\\/sk\\\/?s={search_term_string}\"},\"query-input\":{\"@type\":\"PropertyValueSpecification\",\"valueRequired\":true,\"valueName\":\"search_term_string\"}}],\"inLanguage\":\"en-US\"}]}<\/script>\n<!-- \/ Yoast SEO plugin. -->","yoast_head_json":{"title":"K\u00fapte si K2 vonn\u00fd sprej online \u2013 najlep\u0161ie najlep\u0161ie glob\u00e1lne lieky","description":"K\u00fapte si K2 kadidlov\u00fd sprej, bez z\u00e1pachu a farby, sprej K2 dostupn\u00fd na predaj. Na nastriekanie cel\u00e9ho listu papiera A4 potrebujete 25 ml. Na predaj m\u00e1me aj papier K2.","robots":{"index":"index","follow":"follow","max-snippet":"max-snippet:-1","max-image-preview":"max-image-preview:large","max-video-preview":"max-video-preview:-1"},"canonical":"https:\/\/medicinasinc.com\/sk\/product\/kupit-k2-kadidlo-sprej\/","og_locale":"en_US","og_type":"article","og_title":"K\u00fapte si K2 vonn\u00fd sprej online \u2013 najlep\u0161ie najlep\u0161ie glob\u00e1lne lieky","og_description":"K\u00fapte si K2 kadidlov\u00fd sprej, bez z\u00e1pachu a farby, sprej K2 dostupn\u00fd na predaj. Na nastriekanie cel\u00e9ho listu papiera A4 potrebujete 25 ml. Na predaj m\u00e1me aj papier K2.","og_url":"https:\/\/medicinasinc.com\/sk\/product\/kupit-k2-kadidlo-sprej\/","og_site_name":"Medicinas Inc","article_modified_time":"2022-03-22T01:16:22+00:00","og_image":[{"width":873,"height":433,"url":"https:\/\/medicinasinc.com\/sk\/wp-content\/uploads\/sites\/10\/2022\/02\/Buy-K2-Incense-Spray.png","type":"image\/png"}],"twitter_card":"summary_large_image","twitter_misc":{"Est. reading time":"3 minutes"},"schema":{"@context":"https:\/\/schema.org","@graph":[{"@type":"WebPage","@id":"https:\/\/medicinasinc.com\/sk\/product\/kupit-k2-kadidlo-sprej\/","url":"https:\/\/medicinasinc.com\/sk\/product\/kupit-k2-kadidlo-sprej\/","name":"K\u00fapte si K2 vonn\u00fd sprej online \u2013 najlep\u0161ie najlep\u0161ie glob\u00e1lne lieky","isPartOf":{"@id":"https:\/\/medicinasinc.com\/sk\/#website"},"primaryImageOfPage":{"@id":"https:\/\/medicinasinc.com\/sk\/product\/kupit-k2-kadidlo-sprej\/#primaryimage"},"image":{"@id":"https:\/\/medicinasinc.com\/sk\/product\/kupit-k2-kadidlo-sprej\/#primaryimage"},"thumbnailUrl":"https:\/\/medicinasinc.com\/sk\/wp-content\/uploads\/sites\/10\/2022\/02\/Buy-K2-Incense-Spray.png","datePublished":"2022-02-20T15:46:58+00:00","dateModified":"2022-03-22T01:16:22+00:00","description":"K\u00fapte si K2 kadidlov\u00fd sprej, bez z\u00e1pachu a farby, sprej K2 dostupn\u00fd na predaj. Na nastriekanie cel\u00e9ho listu papiera A4 potrebujete 25 ml. Na predaj m\u00e1me aj papier K2.","breadcrumb":{"@id":"https:\/\/medicinasinc.com\/sk\/product\/kupit-k2-kadidlo-sprej\/#breadcrumb"},"inLanguage":"en-US","potentialAction":[{"@type":"ReadAction","target":["https:\/\/medicinasinc.com\/sk\/product\/kupit-k2-kadidlo-sprej\/"]}]},{"@type":"ImageObject","inLanguage":"en-US","@id":"https:\/\/medicinasinc.com\/sk\/product\/kupit-k2-kadidlo-sprej\/#primaryimage","url":"https:\/\/medicinasinc.com\/sk\/wp-content\/uploads\/sites\/10\/2022\/02\/Buy-K2-Incense-Spray.png","contentUrl":"https:\/\/medicinasinc.com\/sk\/wp-content\/uploads\/sites\/10\/2022\/02\/Buy-K2-Incense-Spray.png","width":873,"height":433},{"@type":"BreadcrumbList","@id":"https:\/\/medicinasinc.com\/sk\/product\/kupit-k2-kadidlo-sprej\/#breadcrumb","itemListElement":[{"@type":"ListItem","position":1,"name":"Obchod","item":"https:\/\/medicinasinc.com\/sk\/obchod\/"},{"@type":"ListItem","position":2,"name":"K\u00fapte si vonn\u00fd sprej K2"}]},{"@type":"WebSite","@id":"https:\/\/medicinasinc.com\/sk\/#website","url":"https:\/\/medicinasinc.com\/sk\/","name":"Medicinas Inc","description":"Health Medical Clinic","potentialAction":[{"@type":"SearchAction","target":{"@type":"EntryPoint","urlTemplate":"https:\/\/medicinasinc.com\/sk\/?s={search_term_string}"},"query-input":{"@type":"PropertyValueSpecification","valueRequired":true,"valueName":"search_term_string"}}],"inLanguage":"en-US"}]}},"_links":{"self":[{"href":"https:\/\/medicinasinc.com\/sk\/wp-json\/wp\/v2\/product\/4768","targetHints":{"allow":["GET"]}}],"collection":[{"href":"https:\/\/medicinasinc.com\/sk\/wp-json\/wp\/v2\/product"}],"about":[{"href":"https:\/\/medicinasinc.com\/sk\/wp-json\/wp\/v2\/types\/product"}],"replies":[{"embeddable":true,"href":"https:\/\/medicinasinc.com\/sk\/wp-json\/wp\/v2\/comments?post=4768"}],"wp:featuredmedia":[{"embeddable":true,"href":"https:\/\/medicinasinc.com\/sk\/wp-json\/wp\/v2\/media\/4783"}],"wp:attachment":[{"href":"https:\/\/medicinasinc.com\/sk\/wp-json\/wp\/v2\/media?parent=4768"}],"wp:term":[{"taxonomy":"product_brand","embeddable":true,"href":"https:\/\/medicinasinc.com\/sk\/wp-json\/wp\/v2\/product_brand?post=4768"},{"taxonomy":"product_cat","embeddable":true,"href":"https:\/\/medicinasinc.com\/sk\/wp-json\/wp\/v2\/product_cat?post=4768"},{"taxonomy":"product_tag","embeddable":true,"href":"https:\/\/medicinasinc.com\/sk\/wp-json\/wp\/v2\/product_tag?post=4768"}],"curies":[{"name":"wp","href":"https:\/\/api.w.org\/{rel}","templated":true}]}}