{"id":4767,"date":"2022-02-20T15:46:01","date_gmt":"2022-02-20T15:46:01","guid":{"rendered":"https:\/\/medicinasinc.com\/sk\/?post_type=product&#038;p=4767"},"modified":"2022-03-22T01:16:34","modified_gmt":"2022-03-22T01:16:34","slug":"kupit-k2-papier","status":"publish","type":"product","link":"https:\/\/medicinasinc.com\/sk\/product\/kupit-k2-papier\/","title":{"rendered":"K\u00fapte si papier K2"},"content":{"rendered":"<p>Nechajte si h\u00e1rky papiera K2 doru\u010di\u0165 priamo k va\u0161im dver\u00e1m.<\/p>\n<p>Syntetick\u00e1 marihuana si r\u00fdchlo z\u00edskava na popularite medzi konzumentmi marihuany. K2 inf\u00fazny papier je zmesou drven\u00fdch rastlinn\u00fdch materi\u00e1lov a syntetick\u00fdch chemik\u00e1li\u00ed s psychedelick\u00fdmi vlastnos\u0165ami. Pod\u013ea v\u00fdskumu sa chemik\u00e1lie via\u017eu na rovnak\u00e9 receptory nervov\u00fdch buniek v mozgu ako THC, \u010d\u00edm vyvol\u00e1vaj\u00fa pocity pohody, relax\u00e1cie, zmenen\u00e9ho vn\u00edmania a psych\u00f3zy. Ak h\u013ead\u00e1te overen\u00fd internetov\u00fd obchod, kde by ste si k\u00fapili kvalitn\u00fd produkt, neh\u013eadajte \u010falej, ne\u017e je n\u00e1\u0161 overen\u00fd internetov\u00fd obchod. Aby sme zaistili bezpe\u010dnos\u0165 na\u0161ich z\u00e1kazn\u00edkov, z\u00e1sobujeme ich od renomovan\u00fdch v\u00fdrobcov. Sk\u00faste n\u00e1m to; garantujeme, \u017ee nebudete sklaman\u00ed.<\/p>\n<p>Kanabinoidy s\u00fa chemick\u00e9 zl\u00fa\u010deniny, ktor\u00e9 sa prirodzene nach\u00e1dzaj\u00fa v rastlin\u00e1ch marihuany a sl\u00fa\u017eia ako z\u00e1klad pre r\u00f4zne syntetick\u00e9 drogy. Chemicky je syntetick\u00fd burinov\u00fd papier K2 pr\u00edbuzn\u00fd akt\u00edvnej zlo\u017eke marihuany. \u00da\u010dinky s\u00fa intenz\u00edvnej\u0161ie a na konci sedenia sa \u010dlovek m\u00f4\u017ee c\u00edti\u0165 uvo\u013enene a povznesene. Ke\u010f\u017ee si st\u00e1le viac \u013eud\u00ed uvedomuje skuto\u010dn\u00e9 v\u00fdhody marihuany, tento produkt sa pou\u017e\u00edva ako bezpe\u010dn\u00e1 alternat\u00edva na r\u00f4zne lek\u00e1rske a rekrea\u010dn\u00e9 \u00fa\u010dely. Mali by ste v\u0161ak by\u0165 opatrn\u00ed, preto\u017ee nadmern\u00e1 konzum\u00e1cia m\u00f4\u017ee ma\u0165 za n\u00e1sledok ne\u017eiaduce ved\u013eaj\u0161ie \u00fa\u010dinky, ako s\u00fa \u00fazkos\u0165, halucin\u00e1cie, hypertenzia, boles\u0165 na hrudn\u00edku, d\u00fdchavi\u010dnos\u0165, z\u00e1chvaty a vracanie. Niektor\u00e9 produkty korenia K2 na trhu m\u00f4\u017eu obsahova\u0165 aj toxick\u00e9 zlo\u017eky. V d\u00f4sledku toho je d\u00f4le\u017eit\u00e9 nakupova\u0165 od renomovan\u00e9ho predajcu.<\/p>\n<p>Chcete k\u00fapi\u0165 bylinn\u00e9 produkty najvy\u0161\u0161ej kvality? V\u010faka glob\u00e1lnej z\u00e1kazn\u00edckej z\u00e1kladni v\u00e1m poskytujeme vynikaj\u00facu pr\u00edle\u017eitos\u0165 na n\u00e1kup papiera K2 online za konkuren\u010dn\u00e9 ceny. Spolu s najv\u00e4\u010d\u0161\u00edm v\u00fdberom pon\u00fakame bezpe\u010dn\u00e9 sp\u00f4soby platby a diskr\u00e9tnu dopravu. Nemus\u00edte nav\u0161tevova\u0165 obchody alebo odpo\u010d\u00edvadl\u00e1 v okol\u00ed. Cie\u013eom spolo\u010dnosti je neust\u00e1le zlep\u0161ova\u0165 kvalitu produktov a slu\u017eby z\u00e1kazn\u00edkom, aby si udr\u017eala n\u00e1skok pred konkurenciou. Na\u0161ou prvoradou prioritou je va\u0161a spokojnos\u0165 a m\u00e1me po ruke sk\u00fasen\u00fd t\u00edm, ktor\u00fd zvl\u00e1dne ak\u00e9ko\u013evek probl\u00e9my. Ak m\u00e1te nejak\u00e9 ot\u00e1zky alebo obavy, nev\u00e1hajte n\u00e1s kontaktova\u0165.<\/p>\n","protected":false},"excerpt":{"rendered":"<div class=\"woocommerce-product-details__short-description\">\n<p>Ka\u017ed\u00fd list form\u00e1tu A4 je naplnen\u00fd\u00a0<em><strong>25 ml=0,845351 tekut\u00e9ho oz<\/strong><\/em>\u00a0 tekut\u00e9ho K2. <strong>Pred\u00e1m papier K2 bez z\u00e1pachu a farby<\/strong>. <strong>M\u00e1me na predaj aj sprej K2<\/strong><\/p>\n<\/p><\/div>\n","protected":false},"featured_media":4781,"comment_status":"open","ping_status":"closed","template":"","meta":[],"product_brand":[],"product_cat":[690],"product_tag":[691,692,693],"class_list":{"0":"post-4767","1":"product","2":"type-product","3":"status-publish","4":"has-post-thumbnail","6":"product_cat-kupte-si-papier-k2","7":"product_tag-buy-k2-paper-online-uk","8":"product_tag-buy-k2-paper","9":"product_tag-buy-k2-paper-sheet","11":"first","12":"instock","13":"shipping-taxable","14":"purchasable","15":"product-type-variable","16":"has-default-attributes"},"yoast_head":"<!-- This site is optimized with the Yoast SEO plugin v27.3 - https:\/\/yoast.com\/product\/yoast-seo-wordpress\/ -->\n<title>K\u00fapte si papier K2 online \u2013 najlep\u0161ie najlep\u0161ie glob\u00e1lne lieky<\/title>\n<meta name=\"description\" content=\"Nakupujte papier K2 online za n\u00edzke ceny Ka\u017ed\u00fd list form\u00e1tu A4 je naplnen\u00fd 25 ml = 0,845351 tekut\u00e9ho oz tekut\u00e9ho K2. Pred\u00e1m papier K2 bez farby a z\u00e1pachu. Na predaj m\u00e1me aj sprej K2\" \/>\n<meta name=\"robots\" content=\"index, follow, max-snippet:-1, max-image-preview:large, max-video-preview:-1\" \/>\n<link rel=\"canonical\" href=\"https:\/\/medicinasinc.com\/sk\/product\/kupit-k2-papier\/\" \/>\n<meta property=\"og:locale\" content=\"en_US\" \/>\n<meta property=\"og:type\" content=\"article\" \/>\n<meta property=\"og:title\" content=\"K\u00fapte si papier K2 online \u2013 najlep\u0161ie najlep\u0161ie glob\u00e1lne lieky\" \/>\n<meta property=\"og:description\" content=\"Nakupujte papier K2 online za n\u00edzke ceny Ka\u017ed\u00fd list form\u00e1tu A4 je naplnen\u00fd 25 ml = 0,845351 tekut\u00e9ho oz tekut\u00e9ho K2. Pred\u00e1m papier K2 bez farby a z\u00e1pachu. Na predaj m\u00e1me aj sprej K2\" \/>\n<meta property=\"og:url\" content=\"https:\/\/medicinasinc.com\/sk\/product\/kupit-k2-papier\/\" \/>\n<meta property=\"og:site_name\" content=\"Medicinas Inc\" \/>\n<meta property=\"article:modified_time\" content=\"2022-03-22T01:16:34+00:00\" \/>\n<meta property=\"og:image\" content=\"https:\/\/medicinasinc.com\/sk\/wp-content\/uploads\/sites\/10\/2022\/02\/Buy-K2-paper-online.jpg\" \/>\n\t<meta property=\"og:image:width\" content=\"600\" \/>\n\t<meta property=\"og:image:height\" content=\"600\" \/>\n\t<meta property=\"og:image:type\" content=\"image\/jpeg\" \/>\n<meta name=\"twitter:card\" content=\"summary_large_image\" \/>\n<meta name=\"twitter:label1\" content=\"Est. reading time\" \/>\n\t<meta name=\"twitter:data1\" content=\"2 minutes\" \/>\n<script type=\"application\/ld+json\" class=\"yoast-schema-graph\">{\"@context\":\"https:\\\/\\\/schema.org\",\"@graph\":[{\"@type\":\"WebPage\",\"@id\":\"https:\\\/\\\/medicinasinc.com\\\/sk\\\/product\\\/kupit-k2-papier\\\/\",\"url\":\"https:\\\/\\\/medicinasinc.com\\\/sk\\\/product\\\/kupit-k2-papier\\\/\",\"name\":\"K\u00fapte si papier K2 online \u2013 najlep\u0161ie najlep\u0161ie glob\u00e1lne lieky\",\"isPartOf\":{\"@id\":\"https:\\\/\\\/medicinasinc.com\\\/sk\\\/#website\"},\"primaryImageOfPage\":{\"@id\":\"https:\\\/\\\/medicinasinc.com\\\/sk\\\/product\\\/kupit-k2-papier\\\/#primaryimage\"},\"image\":{\"@id\":\"https:\\\/\\\/medicinasinc.com\\\/sk\\\/product\\\/kupit-k2-papier\\\/#primaryimage\"},\"thumbnailUrl\":\"https:\\\/\\\/medicinasinc.com\\\/sk\\\/wp-content\\\/uploads\\\/sites\\\/10\\\/2022\\\/02\\\/Buy-K2-paper-online.jpg\",\"datePublished\":\"2022-02-20T15:46:01+00:00\",\"dateModified\":\"2022-03-22T01:16:34+00:00\",\"description\":\"Nakupujte papier K2 online za n\u00edzke ceny Ka\u017ed\u00fd list form\u00e1tu A4 je naplnen\u00fd 25 ml = 0,845351 tekut\u00e9ho oz tekut\u00e9ho K2. Pred\u00e1m papier K2 bez farby a z\u00e1pachu. Na predaj m\u00e1me aj sprej K2\",\"breadcrumb\":{\"@id\":\"https:\\\/\\\/medicinasinc.com\\\/sk\\\/product\\\/kupit-k2-papier\\\/#breadcrumb\"},\"inLanguage\":\"en-US\",\"potentialAction\":[{\"@type\":\"ReadAction\",\"target\":[\"https:\\\/\\\/medicinasinc.com\\\/sk\\\/product\\\/kupit-k2-papier\\\/\"]}]},{\"@type\":\"ImageObject\",\"inLanguage\":\"en-US\",\"@id\":\"https:\\\/\\\/medicinasinc.com\\\/sk\\\/product\\\/kupit-k2-papier\\\/#primaryimage\",\"url\":\"https:\\\/\\\/medicinasinc.com\\\/sk\\\/wp-content\\\/uploads\\\/sites\\\/10\\\/2022\\\/02\\\/Buy-K2-paper-online.jpg\",\"contentUrl\":\"https:\\\/\\\/medicinasinc.com\\\/sk\\\/wp-content\\\/uploads\\\/sites\\\/10\\\/2022\\\/02\\\/Buy-K2-paper-online.jpg\",\"width\":600,\"height\":600},{\"@type\":\"BreadcrumbList\",\"@id\":\"https:\\\/\\\/medicinasinc.com\\\/sk\\\/product\\\/kupit-k2-papier\\\/#breadcrumb\",\"itemListElement\":[{\"@type\":\"ListItem\",\"position\":1,\"name\":\"Obchod\",\"item\":\"https:\\\/\\\/medicinasinc.com\\\/sk\\\/obchod\\\/\"},{\"@type\":\"ListItem\",\"position\":2,\"name\":\"K\u00fapte si papier K2\"}]},{\"@type\":\"WebSite\",\"@id\":\"https:\\\/\\\/medicinasinc.com\\\/sk\\\/#website\",\"url\":\"https:\\\/\\\/medicinasinc.com\\\/sk\\\/\",\"name\":\"Medicinas Inc\",\"description\":\"Health Medical Clinic\",\"potentialAction\":[{\"@type\":\"SearchAction\",\"target\":{\"@type\":\"EntryPoint\",\"urlTemplate\":\"https:\\\/\\\/medicinasinc.com\\\/sk\\\/?s={search_term_string}\"},\"query-input\":{\"@type\":\"PropertyValueSpecification\",\"valueRequired\":true,\"valueName\":\"search_term_string\"}}],\"inLanguage\":\"en-US\"}]}<\/script>\n<!-- \/ Yoast SEO plugin. -->","yoast_head_json":{"title":"K\u00fapte si papier K2 online \u2013 najlep\u0161ie najlep\u0161ie glob\u00e1lne lieky","description":"Nakupujte papier K2 online za n\u00edzke ceny Ka\u017ed\u00fd list form\u00e1tu A4 je naplnen\u00fd 25 ml = 0,845351 tekut\u00e9ho oz tekut\u00e9ho K2. Pred\u00e1m papier K2 bez farby a z\u00e1pachu. Na predaj m\u00e1me aj sprej K2","robots":{"index":"index","follow":"follow","max-snippet":"max-snippet:-1","max-image-preview":"max-image-preview:large","max-video-preview":"max-video-preview:-1"},"canonical":"https:\/\/medicinasinc.com\/sk\/product\/kupit-k2-papier\/","og_locale":"en_US","og_type":"article","og_title":"K\u00fapte si papier K2 online \u2013 najlep\u0161ie najlep\u0161ie glob\u00e1lne lieky","og_description":"Nakupujte papier K2 online za n\u00edzke ceny Ka\u017ed\u00fd list form\u00e1tu A4 je naplnen\u00fd 25 ml = 0,845351 tekut\u00e9ho oz tekut\u00e9ho K2. Pred\u00e1m papier K2 bez farby a z\u00e1pachu. Na predaj m\u00e1me aj sprej K2","og_url":"https:\/\/medicinasinc.com\/sk\/product\/kupit-k2-papier\/","og_site_name":"Medicinas Inc","article_modified_time":"2022-03-22T01:16:34+00:00","og_image":[{"width":600,"height":600,"url":"https:\/\/medicinasinc.com\/sk\/wp-content\/uploads\/sites\/10\/2022\/02\/Buy-K2-paper-online.jpg","type":"image\/jpeg"}],"twitter_card":"summary_large_image","twitter_misc":{"Est. reading time":"2 minutes"},"schema":{"@context":"https:\/\/schema.org","@graph":[{"@type":"WebPage","@id":"https:\/\/medicinasinc.com\/sk\/product\/kupit-k2-papier\/","url":"https:\/\/medicinasinc.com\/sk\/product\/kupit-k2-papier\/","name":"K\u00fapte si papier K2 online \u2013 najlep\u0161ie najlep\u0161ie glob\u00e1lne lieky","isPartOf":{"@id":"https:\/\/medicinasinc.com\/sk\/#website"},"primaryImageOfPage":{"@id":"https:\/\/medicinasinc.com\/sk\/product\/kupit-k2-papier\/#primaryimage"},"image":{"@id":"https:\/\/medicinasinc.com\/sk\/product\/kupit-k2-papier\/#primaryimage"},"thumbnailUrl":"https:\/\/medicinasinc.com\/sk\/wp-content\/uploads\/sites\/10\/2022\/02\/Buy-K2-paper-online.jpg","datePublished":"2022-02-20T15:46:01+00:00","dateModified":"2022-03-22T01:16:34+00:00","description":"Nakupujte papier K2 online za n\u00edzke ceny Ka\u017ed\u00fd list form\u00e1tu A4 je naplnen\u00fd 25 ml = 0,845351 tekut\u00e9ho oz tekut\u00e9ho K2. Pred\u00e1m papier K2 bez farby a z\u00e1pachu. Na predaj m\u00e1me aj sprej K2","breadcrumb":{"@id":"https:\/\/medicinasinc.com\/sk\/product\/kupit-k2-papier\/#breadcrumb"},"inLanguage":"en-US","potentialAction":[{"@type":"ReadAction","target":["https:\/\/medicinasinc.com\/sk\/product\/kupit-k2-papier\/"]}]},{"@type":"ImageObject","inLanguage":"en-US","@id":"https:\/\/medicinasinc.com\/sk\/product\/kupit-k2-papier\/#primaryimage","url":"https:\/\/medicinasinc.com\/sk\/wp-content\/uploads\/sites\/10\/2022\/02\/Buy-K2-paper-online.jpg","contentUrl":"https:\/\/medicinasinc.com\/sk\/wp-content\/uploads\/sites\/10\/2022\/02\/Buy-K2-paper-online.jpg","width":600,"height":600},{"@type":"BreadcrumbList","@id":"https:\/\/medicinasinc.com\/sk\/product\/kupit-k2-papier\/#breadcrumb","itemListElement":[{"@type":"ListItem","position":1,"name":"Obchod","item":"https:\/\/medicinasinc.com\/sk\/obchod\/"},{"@type":"ListItem","position":2,"name":"K\u00fapte si papier K2"}]},{"@type":"WebSite","@id":"https:\/\/medicinasinc.com\/sk\/#website","url":"https:\/\/medicinasinc.com\/sk\/","name":"Medicinas Inc","description":"Health Medical Clinic","potentialAction":[{"@type":"SearchAction","target":{"@type":"EntryPoint","urlTemplate":"https:\/\/medicinasinc.com\/sk\/?s={search_term_string}"},"query-input":{"@type":"PropertyValueSpecification","valueRequired":true,"valueName":"search_term_string"}}],"inLanguage":"en-US"}]}},"_links":{"self":[{"href":"https:\/\/medicinasinc.com\/sk\/wp-json\/wp\/v2\/product\/4767","targetHints":{"allow":["GET"]}}],"collection":[{"href":"https:\/\/medicinasinc.com\/sk\/wp-json\/wp\/v2\/product"}],"about":[{"href":"https:\/\/medicinasinc.com\/sk\/wp-json\/wp\/v2\/types\/product"}],"replies":[{"embeddable":true,"href":"https:\/\/medicinasinc.com\/sk\/wp-json\/wp\/v2\/comments?post=4767"}],"wp:featuredmedia":[{"embeddable":true,"href":"https:\/\/medicinasinc.com\/sk\/wp-json\/wp\/v2\/media\/4781"}],"wp:attachment":[{"href":"https:\/\/medicinasinc.com\/sk\/wp-json\/wp\/v2\/media?parent=4767"}],"wp:term":[{"taxonomy":"product_brand","embeddable":true,"href":"https:\/\/medicinasinc.com\/sk\/wp-json\/wp\/v2\/product_brand?post=4767"},{"taxonomy":"product_cat","embeddable":true,"href":"https:\/\/medicinasinc.com\/sk\/wp-json\/wp\/v2\/product_cat?post=4767"},{"taxonomy":"product_tag","embeddable":true,"href":"https:\/\/medicinasinc.com\/sk\/wp-json\/wp\/v2\/product_tag?post=4767"}],"curies":[{"name":"wp","href":"https:\/\/api.w.org\/{rel}","templated":true}]}}