{"id":4761,"date":"2022-02-20T15:41:01","date_gmt":"2022-02-20T15:41:01","guid":{"rendered":"https:\/\/medicinasinc.com\/sk\/?post_type=product&#038;p=4761"},"modified":"2022-03-22T01:16:44","modified_gmt":"2022-03-22T01:16:44","slug":"kupit-kyslu-naftu-cbd-konope-kvet-online","status":"publish","type":"product","link":"https:\/\/medicinasinc.com\/sk\/product\/kupit-kyslu-naftu-cbd-konope-kvet-online\/","title":{"rendered":"K\u00fapte si kysl\u00fd diesel CBD konopn\u00fd kvet online"},"content":{"rendered":"<div class=\"woocommerce-tabs wc-tabs-wrapper\">\n<div id=\"tab-description\" class=\"woocommerce-Tabs-panel woocommerce-Tabs-panel--description panel entry-content wc-tab\" role=\"tabpanel\" aria-labelledby=\"tab-title-description\">\n<p>Sour Diesel je legend\u00e1rny kultivar poch\u00e1dzaj\u00faci z dvoch klas\u00edk. Sp\u00e1ja v sebe prenikav\u00fa horkos\u0165 benz\u00ednu s \u0161tip\u013eav\u00fdm n\u00e1dychom kysl\u00fdch citrusov. Ikonick\u00e1 bylina vytvorila mno\u017estvo kme\u0148ov v\u010faka svojej vynikaj\u00facej genetike a odli\u0161n\u00fdm \u00fa\u010dinkom, v\u010faka ktor\u00fdm je ob\u013e\u00faben\u00e1 medzi farm\u00e1rmi, ktor\u00ed chc\u00fa pestova\u0165 \u010fal\u0161iu ve\u013ek\u00fa vec konopn\u00e9ho priemyslu.<\/p>\n<p>Kme\u0148 Sour Diesel m\u00e1 r\u00fdchly \u00fa\u010dinok. a vysoko \u00fa\u010dinn\u00fd, prin\u00e1\u0161a \u00fa\u010dinky, ktor\u00e9 m\u00f4\u017eu prem\u00f4c\u0165 v\u00e1\u0161 syst\u00e9m s typick\u00fdmi v\u00fdhodami kme\u0148a sativa. To znamen\u00e1 mo\u017enos\u0165 siln\u00e9ho bdel\u00e9ho stavu, ktor\u00fd zastavuje a dv\u00edha telo, \u010do m\u00f4\u017ee podpori\u0165 energiu, produktivitu, motiv\u00e1ciu a kreativitu.<\/p>\n<p>&nbsp;<\/p>\n<p>Hist\u00f3ria Sour Diesel<\/p>\n<p>Sour Diesel je \u010dasto pova\u017eovan\u00fd za jednu z najd\u00f4le\u017eitej\u0161\u00edch dostupn\u00fdch odr\u00f4d konope. Ka\u017ed\u00fd znalec konope v\u00e1m povie, \u017ee Sour Diesel mus\u00ed vysk\u00fa\u0161a\u0165 ka\u017ed\u00fd, kto tvrd\u00ed, \u017ee oce\u0148uje v\u00fdhody tejto bylinky. Popularita kme\u0148a z v\u00e4\u010d\u0161ej \u010dasti pramen\u00ed z reput\u00e1cie jeho rodi\u010dov \u2013 Chemdog 91 a Super Skunk. Tieto legendy o konope pozdvihli reput\u00e1ciu kme\u0148a Sour Diesel do nov\u00fdch v\u00fd\u0161in a obdarili ho bezkonkuren\u010dnou genetikou, ktor\u00e1 viedla k tomu, \u017ee potomstvo kme\u0148a sa stalo tak\u00fdm \u00faspechom konope, ak\u00fdm je dnes.<\/p>\n<p>Chemdog 91 je z\u00e1hadn\u00fd kme\u0148, o ktorom sa ver\u00ed debutovali na trhu v roku 1991. Neidentifikovan\u00fd kultivar vy\u017earuje \u0161tip\u013eav\u00fa, \u0161tip\u013eav\u00fa ar\u00f3mu s ostr\u00fdmi t\u00f3nmi benz\u00ednu. Tieto vlastnosti s\u00fa v\u00fdrazn\u00e9 v bylinke Sour Diesel, s jej chu\u0165ov\u00fdm profilom ve\u013emi podobn\u00fdm kme\u0148u Chemdog 91.<\/p>\n<p>Na druhej strane, Super Skunk je kme\u0148 pomenovan\u00fd zo zrejm\u00fdch d\u00f4vodov. Ultra-skunky kultivar produkuje v\u00f4\u0148u (alebo v\u00f4\u0148u, v z\u00e1vislosti od \u00farovne va\u0161ej tolerancie), ktor\u00e1 vyrad\u00ed va\u0161e \u010duchov\u00e9 zmysly z parku. Napriek ur\u00e1\u017elivej ar\u00f3me tohto kme\u0148a dod\u00e1va pr\u00edjemne prekvapuj\u00facu jemn\u00fa sladkos\u0165, ktor\u00e1 pokr\u00fdva jazyk \u0161tip\u013eavou medovou dobrotou.<\/p>\n<p>&nbsp;<\/p>\n<p>Estetika a ar\u00f3ma<\/p>\n<p>Va\u0161e prv\u00e9 dojmy z kme\u0148a Sour Diesel m\u00f4\u017eu by\u0165 ohromuj\u00face. Koniec koncov, je to len mal\u00fd k\u00fasok zelenej, pri\u010dom \u010fal\u0161ie zelenkast\u00e9 odtiene sa \u0161\u00edria interi\u00e9rom a vytv\u00e1raj\u00fa monochromatick\u00fa paletu tr\u00e1vnat\u00fdch odtie\u0148ov. Jahodovo blond ch\u013apky na vonkaj\u0161ej strane zapletaj\u00fa listy a vytv\u00e1raj\u00fa sie\u0165 \u017elt\u00fdch \u00faponkov, ktor\u00e9 s\u00fa popr\u00e1\u0161en\u00e9 mraziv\u00fdm povlakom cukrov\u00fdch trich\u00f3mov. Okrem toho o kultivare nie je potrebn\u00e9 poznamena\u0165 ni\u010d in\u00e9. \u010co mu v\u0161ak ch\u00fdba vo farbe, to kompenzuje svojou v\u00f4\u0148ou.<\/p>\n<p>Ke\u010f\u017ee obaja rodi\u010dia prejavuj\u00fa mimoriadne \u0161tip\u013eav\u00e9 v\u00f4ne, nie je prekvapuj\u00face, \u017ee Sour Diesel m\u00e1 tak\u00fa zvl\u00e1\u0161tnu ar\u00f3mu. Zvl\u00e1\u0161tne vo\u0148aj\u00faci kme\u0148 \u00fato\u010d\u00ed na va\u0161e \u010duchov\u00e9 receptory ako skunk n\u00e1kladn\u00fd vlak. Niektor\u00ed pou\u017e\u00edvatelia tvrdia, \u017ee s\u00fa ur\u00e1\u017eliv\u00e9 a zdrvuj\u00face, \u017ee na vrchole skunky ar\u00f3my rozpoznaj\u00fa ostr\u00e9 syrov\u00e9 t\u00f3ny, ktor\u00e9 sa zmie\u0161aj\u00fa s benz\u00ednom, aby vytvorili z\u00e1\u017eitok z konope, ktor\u00fd si zapam\u00e4t\u00e1te.<\/p>\n<p>&nbsp;<\/p>\n<p>Sk\u00fasenosti a d\u00f4sledky<\/p>\n<p>Na za\u010diatok, Sour Diesel nie je vtip, pokia\u013e ide o chu\u0165. Dym kme\u0148a obsahuje mimoriadne siln\u00fa chu\u0165, ktor\u00e1 m\u00f4\u017ee \u013eahko prem\u00f4c\u0165 nov\u00e1\u010dikov a pou\u017e\u00edvate\u013eov s n\u00edzkou toleranciou. Pova\u017eujte to preto za spravodliv\u00e9 varovanie \u2013 kysl\u00e1 nafta v\u00e1m poserie sr*ku, po\u010dn\u00fac t\u00fdm, ako chut\u00ed. Zjednodu\u0161ene povedan\u00e9, kme\u0148 produkuje chu\u0165, ktor\u00e1 je takmer identick\u00e1 s jeho v\u00f4\u0148ou. To znamen\u00e1, \u017ee ve\u013ek\u00e9 mno\u017estvo skunku v kombin\u00e1cii so siln\u00fdmi \u00fadermi benz\u00ednu.<\/p>\n<p>Medzi neodolate\u013en\u00fdmi pr\u00edlivov\u00fdmi vlnami \u0161tip\u013eavej chuti, vlny kysl\u00fdch citrusov rozbij\u00fa skunk. Jemn\u00e9 t\u00f3ny dod\u00e1vaj\u00fa z\u00e1\u017eitku dostatok pote\u0161enia a premie\u0148aj\u00fa ho na skuto\u010dne dynamick\u00e9 a zauj\u00edmav\u00e9 stretnutie chut\u00ed.<\/p>\n<p>\u010eal\u0161\u00edm aspektom, ktor\u00fd prispieva k pr\u00ed\u0165a\u017elivosti Sour Diesel, je jeho okam\u017eit\u00fd efekt. \u00da\u010dinky sa prejavia u\u017e nieko\u013eko min\u00fat po vd\u00fdchnut\u00ed a dod\u00e1vaj\u00fa vysoko letiace efekty nakl\u00e1\u0148aj\u00face sa sativa, ktor\u00e9 stimuluj\u00fa zmysly a prebudi\u0165 svoju silu. V mnoh\u00fdch oh\u013eadoch sa d\u00e1 poveda\u0165, \u017ee kme\u0148 v\u00e1m pom\u00f4\u017ee prekona\u0165 z\u00e1brany, v\u010faka \u010domu sa budete c\u00edti\u0165 odv\u00e1\u017enej\u0161\u00ed, odv\u00e1\u017enej\u0161\u00ed a sebavedomej\u0161\u00ed.<\/p>\n<p>Kme\u0148 Sour Diesel, ktor\u00fd dok\u00e1\u017ee zmierni\u0165 fyzick\u00e9 a kognit\u00edvne nepohodlie, napln\u00ed v\u00e1\u0161 syst\u00e9m dodato\u010dn\u00fa energiu, ktor\u00e1 v\u00e1m dod\u00e1 silu a motiv\u00e1ciu zvl\u00e1dnu\u0165 celodenn\u00fa pr\u00e1cu a povinnosti. Pozor v\u0161ak \u2013 Sour Diesel nie je pre slab\u00e9 povahy. Predt\u00fdm, ako si vezmete tento pr\u00ed\u0161ern\u00fd kme\u0148, uistite sa, \u017ee m\u00e1te toleranciu pre siln\u00e9 sativa efekty a siln\u00fa chu\u0165.<\/p>\n<p>&nbsp;<\/p>\n<p>Pestovanie a spracovanie<\/p>\n<p> Hoci je kme\u0148 Sour Diesel stredne n\u00e1ro\u010dn\u00fd pre za\u010d\u00ednaj\u00facich pestovate\u013eov, jeho jedine\u010dn\u00e1 genetika z neho rob\u00ed vynikaj\u00facu vo\u013ebu pre t\u00fdch, ktor\u00ed h\u013eadaj\u00fa siln\u00e9 \u00fa\u010dinky s minim\u00e1lnym \u00fasil\u00edm. Kmene so \u0161pecializovanej\u0161\u00edmi po\u017eiadavkami na pestovanie s\u00fa zvy\u010dajne ove\u013ea vhodnej\u0161ie na extrakciu, \u010d\u00edm sa z\u00edskaj\u00fa \u00fa\u010dinnej\u0161ie koncentr\u00e1ty pln\u00e9ho spektra pre produkty z konope vy\u0161\u0161ej kvality. Napriek svojej strednej n\u00e1ro\u010dnosti sa Sour Diesel oplat\u00ed \u0161pi\u010dkovou konopou, ktor\u00e1 je ide\u00e1lna pre r\u00f4zne pozberov\u00e9 procesy.<\/p>\n<p>Pribli\u017ene o 11 t\u00fd\u017ed\u0148ov, dajte alebo vezmite t\u00fd\u017ede\u0148, kvitne Sour Diesel. Mierny v\u00fdnos je obmedzen\u00fd na 3 unce na stopu v\u00fd\u0161ky rastliny. Va\u0161a bylinka dosiahne v\u00fd\u0161ku maxim\u00e1lne 7 st\u00f4p, \u010d\u00edm bude o nie\u010do vy\u0161\u0161ia ako v\u00e4\u010d\u0161ina ostatn\u00fdch odr\u00f4d.<\/p>\n<p>Vzh\u013eadom na priestorov\u00e9 po\u017eiadavky rastliny m\u00f4\u017ee by\u0165 ide\u00e1lne pestova\u0165 ju vonku, najm\u00e4 ak pracujete s obmedzen\u00fdm priestorom. Av\u0161ak vn\u00fatorn\u00e9 podmienky m\u00f4\u017eu by\u0165 pre Sour Diesel priazniv\u00e9, pokia\u013e je zabezpe\u010den\u00e9 dostato\u010dn\u00e9 teplo, svetlo a n\u00edzka vlhkos\u0165. Doplnen\u00edm \u017eiv\u00edn bohat\u00fdch na fosfor ku koncu vegeta\u010dn\u00e9ho obdobia rastliny a preru\u0161en\u00edm zalievania pribli\u017ene tri dni pred zberom by ste mali dosiahnu\u0165 \u0161tip\u013eav\u00fd z\u00e1pach a hust\u00fa vrstvu trich\u00f3mu pre vynikaj\u00faci v\u00fdlet.<\/p>\n<p>&nbsp;<\/p>\n<p>Pre koho je ur\u010den\u00fd?<\/p>\n<p>V\u010faka intenz\u00edvnej chuti a monstr\u00f3znym \u00fa\u010dinkom Sour Diesel si nie ka\u017ed\u00fd vychutn\u00e1 z\u00e1\u017eitok, ktor\u00fd poskytuje. Pou\u017e\u00edvatelia s n\u00edzkou toleranciou a za\u010diato\u010dn\u00edci m\u00f4\u017eu by\u0165 ohromen\u00ed nielen neuverite\u013enou chu\u0165ou, ale aj \u00fa\u017easn\u00fdmi \u00fa\u010dinkami, ktor\u00e9 m\u00f4\u017eu u niektor\u00fdch sp\u00f4sobi\u0165 \u00fazkos\u0165 a nervozitu.<\/p>\n<p>Napriek tomu zost\u00e1va Sour Diesel legend\u00e1rnym kme\u0148om pre veter\u00e1nov a puristov. ktor\u00ed oce\u0148uj\u00fa siln\u00e9 konope. Pre t\u00fdch, ktor\u00ed maj\u00fa viac sk\u00fasenost\u00ed, m\u00f4\u017ee duniv\u00fd pocit bezprecedentn\u00e9ho energetick\u00e9ho toku pr\u00fadiaceho ich syst\u00e9mom poskytn\u00fa\u0165 silu, motiv\u00e1ciu a myslenie potrebn\u00e9 na splnenie celodenn\u00fdch povinnost\u00ed \u2013 a e\u0161te viac.<\/p>\n<\/p><\/div><\/div>\n<section class=\"related products\">\n<h2><\/h2>\n<\/section>\n<div class=\"product-next-previous\">\n<div class=\"product-prev\"><\/div><\/div>\n","protected":false},"excerpt":{"rendered":"<div class=\"woocommerce-product-details__short-description\">\n<p>K\u00fapte si kvetinu Sour Diesel CBD na predaj v Spojenom kr\u00e1\u013eovstve, Eur\u00f3pe je energizuj\u00faca odroda s dominanciou Sativy, ktor\u00e1 v\u00e1m pom\u00f4\u017ee zosta\u0165 s\u00fastreden\u00e1, produkt\u00edvna a vyv\u00e1\u017een\u00e1 de\u0148.<\/p>\n<\/div>\n","protected":false},"featured_media":4775,"comment_status":"open","ping_status":"closed","template":"","meta":[],"product_brand":[],"product_cat":[689],"product_tag":[],"class_list":{"0":"post-4761","1":"product","2":"type-product","3":"status-publish","4":"has-post-thumbnail","6":"product_cat-kupit-konopny-kvet","8":"first","9":"instock","10":"shipping-taxable","11":"purchasable","12":"product-type-variable","13":"has-default-attributes"},"yoast_head":"<!-- This site is optimized with the Yoast SEO plugin v27.3 - https:\/\/yoast.com\/product\/yoast-seo-wordpress\/ -->\n<title>K\u00fapte si kysl\u00fd diesel CBD konopn\u00fd kvet online \u2013 najlep\u0161ie najlep\u0161ie glob\u00e1lne lieky<\/title>\n<meta name=\"description\" content=\"K\u00fapte si Sour Diesel CBD flower UK, Europe je energizuj\u00faci kme\u0148 Sativa s dominantn\u00fdm postaven\u00edm, ktor\u00fd v\u00e1m pom\u00f4\u017ee zosta\u0165 s\u00fastreden\u00fd, produkt\u00edvny a vyv\u00e1\u017een\u00fd po\u010das cel\u00e9ho d\u0148a.\" \/>\n<meta name=\"robots\" content=\"index, follow, max-snippet:-1, max-image-preview:large, max-video-preview:-1\" \/>\n<link rel=\"canonical\" href=\"https:\/\/medicinasinc.com\/sk\/product\/kupit-kyslu-naftu-cbd-konope-kvet-online\/\" \/>\n<meta property=\"og:locale\" content=\"en_US\" \/>\n<meta property=\"og:type\" content=\"article\" \/>\n<meta property=\"og:title\" content=\"K\u00fapte si kysl\u00fd diesel CBD konopn\u00fd kvet online \u2013 najlep\u0161ie najlep\u0161ie glob\u00e1lne lieky\" \/>\n<meta property=\"og:description\" content=\"K\u00fapte si Sour Diesel CBD flower UK, Europe je energizuj\u00faci kme\u0148 Sativa s dominantn\u00fdm postaven\u00edm, ktor\u00fd v\u00e1m pom\u00f4\u017ee zosta\u0165 s\u00fastreden\u00fd, produkt\u00edvny a vyv\u00e1\u017een\u00fd po\u010das cel\u00e9ho d\u0148a.\" \/>\n<meta property=\"og:url\" content=\"https:\/\/medicinasinc.com\/sk\/product\/kupit-kyslu-naftu-cbd-konope-kvet-online\/\" \/>\n<meta property=\"og:site_name\" content=\"Medicinas Inc\" \/>\n<meta property=\"article:modified_time\" content=\"2022-03-22T01:16:44+00:00\" \/>\n<meta property=\"og:image\" content=\"https:\/\/medicinasinc.com\/sk\/wp-content\/uploads\/sites\/10\/2022\/02\/Buy-Sour-Diesel-CBD-Hemp-Flower-Online.jpg\" \/>\n\t<meta property=\"og:image:width\" content=\"600\" \/>\n\t<meta property=\"og:image:height\" content=\"600\" \/>\n\t<meta property=\"og:image:type\" content=\"image\/jpeg\" \/>\n<meta name=\"twitter:card\" content=\"summary_large_image\" \/>\n<meta name=\"twitter:label1\" content=\"Est. reading time\" \/>\n\t<meta name=\"twitter:data1\" content=\"5 minutes\" \/>\n<script type=\"application\/ld+json\" class=\"yoast-schema-graph\">{\"@context\":\"https:\\\/\\\/schema.org\",\"@graph\":[{\"@type\":\"WebPage\",\"@id\":\"https:\\\/\\\/medicinasinc.com\\\/sk\\\/product\\\/kupit-kyslu-naftu-cbd-konope-kvet-online\\\/\",\"url\":\"https:\\\/\\\/medicinasinc.com\\\/sk\\\/product\\\/kupit-kyslu-naftu-cbd-konope-kvet-online\\\/\",\"name\":\"K\u00fapte si kysl\u00fd diesel CBD konopn\u00fd kvet online \u2013 najlep\u0161ie najlep\u0161ie glob\u00e1lne lieky\",\"isPartOf\":{\"@id\":\"https:\\\/\\\/medicinasinc.com\\\/sk\\\/#website\"},\"primaryImageOfPage\":{\"@id\":\"https:\\\/\\\/medicinasinc.com\\\/sk\\\/product\\\/kupit-kyslu-naftu-cbd-konope-kvet-online\\\/#primaryimage\"},\"image\":{\"@id\":\"https:\\\/\\\/medicinasinc.com\\\/sk\\\/product\\\/kupit-kyslu-naftu-cbd-konope-kvet-online\\\/#primaryimage\"},\"thumbnailUrl\":\"https:\\\/\\\/medicinasinc.com\\\/sk\\\/wp-content\\\/uploads\\\/sites\\\/10\\\/2022\\\/02\\\/Buy-Sour-Diesel-CBD-Hemp-Flower-Online.jpg\",\"datePublished\":\"2022-02-20T15:41:01+00:00\",\"dateModified\":\"2022-03-22T01:16:44+00:00\",\"description\":\"K\u00fapte si Sour Diesel CBD flower UK, Europe je energizuj\u00faci kme\u0148 Sativa s dominantn\u00fdm postaven\u00edm, ktor\u00fd v\u00e1m pom\u00f4\u017ee zosta\u0165 s\u00fastreden\u00fd, produkt\u00edvny a vyv\u00e1\u017een\u00fd po\u010das cel\u00e9ho d\u0148a.\",\"breadcrumb\":{\"@id\":\"https:\\\/\\\/medicinasinc.com\\\/sk\\\/product\\\/kupit-kyslu-naftu-cbd-konope-kvet-online\\\/#breadcrumb\"},\"inLanguage\":\"en-US\",\"potentialAction\":[{\"@type\":\"ReadAction\",\"target\":[\"https:\\\/\\\/medicinasinc.com\\\/sk\\\/product\\\/kupit-kyslu-naftu-cbd-konope-kvet-online\\\/\"]}]},{\"@type\":\"ImageObject\",\"inLanguage\":\"en-US\",\"@id\":\"https:\\\/\\\/medicinasinc.com\\\/sk\\\/product\\\/kupit-kyslu-naftu-cbd-konope-kvet-online\\\/#primaryimage\",\"url\":\"https:\\\/\\\/medicinasinc.com\\\/sk\\\/wp-content\\\/uploads\\\/sites\\\/10\\\/2022\\\/02\\\/Buy-Sour-Diesel-CBD-Hemp-Flower-Online.jpg\",\"contentUrl\":\"https:\\\/\\\/medicinasinc.com\\\/sk\\\/wp-content\\\/uploads\\\/sites\\\/10\\\/2022\\\/02\\\/Buy-Sour-Diesel-CBD-Hemp-Flower-Online.jpg\",\"width\":600,\"height\":600},{\"@type\":\"BreadcrumbList\",\"@id\":\"https:\\\/\\\/medicinasinc.com\\\/sk\\\/product\\\/kupit-kyslu-naftu-cbd-konope-kvet-online\\\/#breadcrumb\",\"itemListElement\":[{\"@type\":\"ListItem\",\"position\":1,\"name\":\"Obchod\",\"item\":\"https:\\\/\\\/medicinasinc.com\\\/sk\\\/obchod\\\/\"},{\"@type\":\"ListItem\",\"position\":2,\"name\":\"K\u00fapte si kysl\u00fd diesel CBD konopn\u00fd kvet online\"}]},{\"@type\":\"WebSite\",\"@id\":\"https:\\\/\\\/medicinasinc.com\\\/sk\\\/#website\",\"url\":\"https:\\\/\\\/medicinasinc.com\\\/sk\\\/\",\"name\":\"Medicinas Inc\",\"description\":\"Health Medical Clinic\",\"potentialAction\":[{\"@type\":\"SearchAction\",\"target\":{\"@type\":\"EntryPoint\",\"urlTemplate\":\"https:\\\/\\\/medicinasinc.com\\\/sk\\\/?s={search_term_string}\"},\"query-input\":{\"@type\":\"PropertyValueSpecification\",\"valueRequired\":true,\"valueName\":\"search_term_string\"}}],\"inLanguage\":\"en-US\"}]}<\/script>\n<!-- \/ Yoast SEO plugin. -->","yoast_head_json":{"title":"K\u00fapte si kysl\u00fd diesel CBD konopn\u00fd kvet online \u2013 najlep\u0161ie najlep\u0161ie glob\u00e1lne lieky","description":"K\u00fapte si Sour Diesel CBD flower UK, Europe je energizuj\u00faci kme\u0148 Sativa s dominantn\u00fdm postaven\u00edm, ktor\u00fd v\u00e1m pom\u00f4\u017ee zosta\u0165 s\u00fastreden\u00fd, produkt\u00edvny a vyv\u00e1\u017een\u00fd po\u010das cel\u00e9ho d\u0148a.","robots":{"index":"index","follow":"follow","max-snippet":"max-snippet:-1","max-image-preview":"max-image-preview:large","max-video-preview":"max-video-preview:-1"},"canonical":"https:\/\/medicinasinc.com\/sk\/product\/kupit-kyslu-naftu-cbd-konope-kvet-online\/","og_locale":"en_US","og_type":"article","og_title":"K\u00fapte si kysl\u00fd diesel CBD konopn\u00fd kvet online \u2013 najlep\u0161ie najlep\u0161ie glob\u00e1lne lieky","og_description":"K\u00fapte si Sour Diesel CBD flower UK, Europe je energizuj\u00faci kme\u0148 Sativa s dominantn\u00fdm postaven\u00edm, ktor\u00fd v\u00e1m pom\u00f4\u017ee zosta\u0165 s\u00fastreden\u00fd, produkt\u00edvny a vyv\u00e1\u017een\u00fd po\u010das cel\u00e9ho d\u0148a.","og_url":"https:\/\/medicinasinc.com\/sk\/product\/kupit-kyslu-naftu-cbd-konope-kvet-online\/","og_site_name":"Medicinas Inc","article_modified_time":"2022-03-22T01:16:44+00:00","og_image":[{"width":600,"height":600,"url":"https:\/\/medicinasinc.com\/sk\/wp-content\/uploads\/sites\/10\/2022\/02\/Buy-Sour-Diesel-CBD-Hemp-Flower-Online.jpg","type":"image\/jpeg"}],"twitter_card":"summary_large_image","twitter_misc":{"Est. reading time":"5 minutes"},"schema":{"@context":"https:\/\/schema.org","@graph":[{"@type":"WebPage","@id":"https:\/\/medicinasinc.com\/sk\/product\/kupit-kyslu-naftu-cbd-konope-kvet-online\/","url":"https:\/\/medicinasinc.com\/sk\/product\/kupit-kyslu-naftu-cbd-konope-kvet-online\/","name":"K\u00fapte si kysl\u00fd diesel CBD konopn\u00fd kvet online \u2013 najlep\u0161ie najlep\u0161ie glob\u00e1lne lieky","isPartOf":{"@id":"https:\/\/medicinasinc.com\/sk\/#website"},"primaryImageOfPage":{"@id":"https:\/\/medicinasinc.com\/sk\/product\/kupit-kyslu-naftu-cbd-konope-kvet-online\/#primaryimage"},"image":{"@id":"https:\/\/medicinasinc.com\/sk\/product\/kupit-kyslu-naftu-cbd-konope-kvet-online\/#primaryimage"},"thumbnailUrl":"https:\/\/medicinasinc.com\/sk\/wp-content\/uploads\/sites\/10\/2022\/02\/Buy-Sour-Diesel-CBD-Hemp-Flower-Online.jpg","datePublished":"2022-02-20T15:41:01+00:00","dateModified":"2022-03-22T01:16:44+00:00","description":"K\u00fapte si Sour Diesel CBD flower UK, Europe je energizuj\u00faci kme\u0148 Sativa s dominantn\u00fdm postaven\u00edm, ktor\u00fd v\u00e1m pom\u00f4\u017ee zosta\u0165 s\u00fastreden\u00fd, produkt\u00edvny a vyv\u00e1\u017een\u00fd po\u010das cel\u00e9ho d\u0148a.","breadcrumb":{"@id":"https:\/\/medicinasinc.com\/sk\/product\/kupit-kyslu-naftu-cbd-konope-kvet-online\/#breadcrumb"},"inLanguage":"en-US","potentialAction":[{"@type":"ReadAction","target":["https:\/\/medicinasinc.com\/sk\/product\/kupit-kyslu-naftu-cbd-konope-kvet-online\/"]}]},{"@type":"ImageObject","inLanguage":"en-US","@id":"https:\/\/medicinasinc.com\/sk\/product\/kupit-kyslu-naftu-cbd-konope-kvet-online\/#primaryimage","url":"https:\/\/medicinasinc.com\/sk\/wp-content\/uploads\/sites\/10\/2022\/02\/Buy-Sour-Diesel-CBD-Hemp-Flower-Online.jpg","contentUrl":"https:\/\/medicinasinc.com\/sk\/wp-content\/uploads\/sites\/10\/2022\/02\/Buy-Sour-Diesel-CBD-Hemp-Flower-Online.jpg","width":600,"height":600},{"@type":"BreadcrumbList","@id":"https:\/\/medicinasinc.com\/sk\/product\/kupit-kyslu-naftu-cbd-konope-kvet-online\/#breadcrumb","itemListElement":[{"@type":"ListItem","position":1,"name":"Obchod","item":"https:\/\/medicinasinc.com\/sk\/obchod\/"},{"@type":"ListItem","position":2,"name":"K\u00fapte si kysl\u00fd diesel CBD konopn\u00fd kvet online"}]},{"@type":"WebSite","@id":"https:\/\/medicinasinc.com\/sk\/#website","url":"https:\/\/medicinasinc.com\/sk\/","name":"Medicinas Inc","description":"Health Medical Clinic","potentialAction":[{"@type":"SearchAction","target":{"@type":"EntryPoint","urlTemplate":"https:\/\/medicinasinc.com\/sk\/?s={search_term_string}"},"query-input":{"@type":"PropertyValueSpecification","valueRequired":true,"valueName":"search_term_string"}}],"inLanguage":"en-US"}]}},"_links":{"self":[{"href":"https:\/\/medicinasinc.com\/sk\/wp-json\/wp\/v2\/product\/4761","targetHints":{"allow":["GET"]}}],"collection":[{"href":"https:\/\/medicinasinc.com\/sk\/wp-json\/wp\/v2\/product"}],"about":[{"href":"https:\/\/medicinasinc.com\/sk\/wp-json\/wp\/v2\/types\/product"}],"replies":[{"embeddable":true,"href":"https:\/\/medicinasinc.com\/sk\/wp-json\/wp\/v2\/comments?post=4761"}],"wp:featuredmedia":[{"embeddable":true,"href":"https:\/\/medicinasinc.com\/sk\/wp-json\/wp\/v2\/media\/4775"}],"wp:attachment":[{"href":"https:\/\/medicinasinc.com\/sk\/wp-json\/wp\/v2\/media?parent=4761"}],"wp:term":[{"taxonomy":"product_brand","embeddable":true,"href":"https:\/\/medicinasinc.com\/sk\/wp-json\/wp\/v2\/product_brand?post=4761"},{"taxonomy":"product_cat","embeddable":true,"href":"https:\/\/medicinasinc.com\/sk\/wp-json\/wp\/v2\/product_cat?post=4761"},{"taxonomy":"product_tag","embeddable":true,"href":"https:\/\/medicinasinc.com\/sk\/wp-json\/wp\/v2\/product_tag?post=4761"}],"curies":[{"name":"wp","href":"https:\/\/api.w.org\/{rel}","templated":true}]}}