{"id":4759,"date":"2022-02-20T15:39:59","date_gmt":"2022-02-20T15:39:59","guid":{"rendered":"https:\/\/medicinasinc.com\/sk\/?post_type=product&#038;p=4759"},"modified":"2022-03-22T01:16:52","modified_gmt":"2022-03-22T01:16:52","slug":"kupit-suzy-q-cbd-konope-kvet","status":"publish","type":"product","link":"https:\/\/medicinasinc.com\/sk\/product\/kupit-suzy-q-cbd-konope-kvet\/","title":{"rendered":"K\u00fapte si Suzy Q CBD Konopn\u00fd kvet"},"content":{"rendered":"<p>Suzy Q je stredne hust\u00fd olivovozelen\u00fd kme\u0148 s tmav\u00fdmi jant\u00e1rov\u00fdmi ch\u013apkami. Odpor\u00fa\u010da sa pre nad\u0161encov kanabisu, ktor\u00ed h\u013eadaj\u00fa \u010dist\u00fd, povzn\u00e1\u0161aj\u00faci \u00fa\u010dinok. Robustn\u00e1 chu\u0165 tohto kme\u0148a sa vyzna\u010duje drevit\u00fdmi t\u00f3nmi a n\u00e1dychom korenia. Suzy Q je dobre zn\u00e1ma svojou sladkou zemitou ar\u00f3mou a terp\u00e9nov\u00fdm profilom borovicov\u00fdch, korenist\u00fdch terp\u00e9nov.<\/p>\n<p>Rovnomerne vyv\u00e1\u017een\u00fd hybrid obsahuje 50 % sativy (stimuluj\u00facej\u0161\u00ed kme\u0148) a 50 % indiky (uvo\u013e\u0148uj\u00facej\u0161ie kme\u0148), \u010do vedie k synergick\u00e9mu \u00fa\u010dinku. V\u010faka relat\u00edvne vysok\u00e9mu obsahu CBD je vynikaj\u00facou vo\u013ebou pre t\u00fdch, ktor\u00ed h\u013eadaj\u00fa upokojuj\u00faci z\u00e1\u017eitok. Je v\u0161eobecne pova\u017eovan\u00fd za jeden z najupokojuj\u00facej\u0161\u00edch dostupn\u00fdch kme\u0148ov.<\/p>\n<p>Suzy Q obsahuje vysok\u00fa koncentr\u00e1ciu CBD a iba stopov\u00e9 mno\u017estvo THC, \u010do je v\u00fdrazne pod leg\u00e1lnym limitom pre konope. Tento pomer nazna\u010duje, \u017ee by ste mali o\u010dak\u00e1va\u0165 mierne povzn\u00e1\u0161aj\u00faci z\u00e1\u017eitok.<\/p>\n<p>Zabezpe\u010denie kvality konopn\u00fdch kvetov z farmy a\u017e po predaj<\/p>\n<p>Konopn\u00e9 kvety Suzy Q sa pestuj\u00fa na malebnej 100-akrovej farme v severn\u00e1 Kalifornia. Idylick\u00e9 podnebie severnej Kalifornie vytv\u00e1ra il\u00faziu nekone\u010dn\u00e9ho leta a tieto such\u00e9 a jasn\u00e9 dni ved\u00fa k \u00fa\u017easn\u00fdm \u00farod\u00e1m n\u00e1dhern\u00fdch kvetov bez plesn\u00ed a m\u00fa\u010dnatiek.<\/p>\n<p>Na\u0161a farma je certifikovan\u00e1 ako organick\u00e1, \u010do znamen\u00e1, \u017ee neobsahuje \u017eiadne chemik\u00e1lie. pou\u017e\u00edvaj\u00fa sa hnojiv\u00e1 alebo pestic\u00eddy. Ve\u013emi db\u00e1me na to, aby sme zabezpe\u010dili spr\u00e1vnu permakult\u00faru \u2013 pestovanie sebesta\u010dn\u00e9ho a sebesta\u010dn\u00e9ho po\u013enohospod\u00e1rskeho ekosyst\u00e9mu. Jedn\u00fdm zo sp\u00f4sobov, ako to dosiahnu\u0165, je prikrmovanie, ktor\u00e9 n\u00fati korene pracova\u0165 tvrd\u0161ie, aby podporili zdrav\u00e9 p\u00f4dne prostredie podporuj\u00face rast rastl\u00edn.<\/p>\n<p>Ke\u010f na\u0161e konopn\u00e9 rastliny dosiahnu svoj pln\u00fd potenci\u00e1l, s\u00fa zavesen\u00e9 hore nohami. zaschn\u00fa\u0165, potom vysu\u0161i\u0165 a ru\u010dne oreza\u0165. Konope je mimoriadne ch\u00falostiv\u00e1 rastlina. Aj drobn\u00e9 chyby pri pestovan\u00ed alebo zbere m\u00f4\u017eu r\u00fdchlo zhor\u0161i\u0165 kvalitu p\u00fa\u010dikov. Po\u017eadujeme \u00fapln\u00fa transparentnos\u0165 a kontrolu kvality&#8230;a vy by ste mali tie\u017e. Ni\u010d menej sa od konopn\u00fdch kvetov nevy\u017eaduje.<\/p>\n<p>N\u00e1\u0161 konopn\u00fd kvet CBD pre\u0161iel nez\u00e1visl\u00fdm testovan\u00edm<\/p>\n<p>Ka\u017ed\u00e1 plodina je testovan\u00e1 na \u010distotu a potenciu v DEA registrovanom a akreditovanom ISO 17025, AHCA -akreditovan\u00e9 a nez\u00e1visl\u00e9 laborat\u00f3rium akreditovan\u00e9 CLIA. Celopanelov\u00e9 testovanie sk\u00fama nasledovn\u00e9:<\/p>\n<p>\u00da\u010dinnos\u0165 CBD, THC a in\u00fdch kanabinoidov.<br \/> Lurdy kovov (olovo, ortu\u0165, arz\u00e9n, kadmium).<br \/> Bakt\u00e9rie ako napr. E. coli, ako aj in\u00e9 patog\u00e9ny<br \/> Kontaminanty, ako s\u00fa mykotox\u00edny.<\/p>\n<p>Ka\u017ed\u00e1 objedn\u00e1vka je dod\u00e1van\u00e1 s Certifik\u00e1tom anal\u00fdzy, ktor\u00fd zais\u0165uje, \u017ee v\u017edy presne viete, \u010do dostanete, ke\u010f si k\u00fapite Polmesiaci kvet .<\/p>\n","protected":false},"excerpt":{"rendered":"<p>Suzy Q CBD Konopn\u00fd kvet Plnospektr\u00e1lny konopn\u00fd kvet &#8211; K\u00fapte si Suzy Q CBD Konopn\u00fd kvet Plnospektr\u00e1lny konopn\u00fd kvet. Suzy Q je kme\u0148 s vysok\u00fdm obsahom CBD a n\u00edzkym obsahom THC s borovicovou pr\u00edchu\u0165ou, ktor\u00fd pom\u00e1ha pri lie\u010dbe sympt\u00f3mov a z\u00e1rove\u0148 vyvol\u00e1va mal\u00fa a\u017e \u017eiadnu euf\u00f3riu.<\/p>\n<p>Suzy Q je kme\u0148 s vysok\u00fdm obsahom CBD a n\u00edzkym obsahom THC s borovicov\u00e1 pr\u00edchu\u0165, ktor\u00e1 pom\u00e1ha pri lie\u010dbe sympt\u00f3mov s mal\u00fdm alebo \u017eiadnym psychoakt\u00edvnym \u00fa\u010dinkom. Toto je vynikaj\u00faci kme\u0148, ktor\u00fd mo\u017eno prida\u0165 do rodiny CBD.<br \/> Cbd: 15 %\u201317 %<\/p>\n<p>0,2 percenta thc<\/p>\n","protected":false},"featured_media":4773,"comment_status":"open","ping_status":"closed","template":"","meta":[],"product_brand":[],"product_cat":[689],"product_tag":[],"class_list":{"0":"post-4759","1":"product","2":"type-product","3":"status-publish","4":"has-post-thumbnail","6":"product_cat-kupit-konopny-kvet","8":"first","9":"instock","10":"shipping-taxable","11":"purchasable","12":"product-type-variable","13":"has-default-attributes"},"yoast_head":"<!-- This site is optimized with the Yoast SEO plugin v27.3 - https:\/\/yoast.com\/product\/yoast-seo-wordpress\/ -->\n<title>K\u00fapte si Suzy Q CBD konopn\u00fd kvet \u2013 najlep\u0161ie najlep\u0161ie glob\u00e1lne lieky<\/title>\n<meta name=\"description\" content=\"K\u00fapte si Suzy Q CBD Konopn\u00fd kvet Plnospektr\u00e1lny konopn\u00fd kvet. Suzy Q je kme\u0148 s vysok\u00fdm obsahom CBD a n\u00edzkym obsahom THC s borovicovou pr\u00edchu\u0165ou, ktor\u00fd pom\u00e1ha lie\u010di\u0165 sympt\u00f3my s malou alebo \u017eiadnou euforickou n\u00e1ladou.\" \/>\n<meta name=\"robots\" content=\"index, follow, max-snippet:-1, max-image-preview:large, max-video-preview:-1\" \/>\n<link rel=\"canonical\" href=\"https:\/\/medicinasinc.com\/sk\/product\/kupit-suzy-q-cbd-konope-kvet\/\" \/>\n<meta property=\"og:locale\" content=\"en_US\" \/>\n<meta property=\"og:type\" content=\"article\" \/>\n<meta property=\"og:title\" content=\"K\u00fapte si Suzy Q CBD konopn\u00fd kvet \u2013 najlep\u0161ie najlep\u0161ie glob\u00e1lne lieky\" \/>\n<meta property=\"og:description\" content=\"K\u00fapte si Suzy Q CBD Konopn\u00fd kvet Plnospektr\u00e1lny konopn\u00fd kvet. Suzy Q je kme\u0148 s vysok\u00fdm obsahom CBD a n\u00edzkym obsahom THC s borovicovou pr\u00edchu\u0165ou, ktor\u00fd pom\u00e1ha lie\u010di\u0165 sympt\u00f3my s malou alebo \u017eiadnou euforickou n\u00e1ladou.\" \/>\n<meta property=\"og:url\" content=\"https:\/\/medicinasinc.com\/sk\/product\/kupit-suzy-q-cbd-konope-kvet\/\" \/>\n<meta property=\"og:site_name\" content=\"Medicinas Inc\" \/>\n<meta property=\"article:modified_time\" content=\"2022-03-22T01:16:52+00:00\" \/>\n<meta property=\"og:image\" content=\"https:\/\/medicinasinc.com\/sk\/wp-content\/uploads\/sites\/10\/2022\/02\/Buy-Suzy-Q-CBD-Hemp-Flower-Online.jpg\" \/>\n\t<meta property=\"og:image:width\" content=\"600\" \/>\n\t<meta property=\"og:image:height\" content=\"600\" \/>\n\t<meta property=\"og:image:type\" content=\"image\/jpeg\" \/>\n<meta name=\"twitter:card\" content=\"summary_large_image\" \/>\n<meta name=\"twitter:label1\" content=\"Est. reading time\" \/>\n\t<meta name=\"twitter:data1\" content=\"2 minutes\" \/>\n<script type=\"application\/ld+json\" class=\"yoast-schema-graph\">{\"@context\":\"https:\\\/\\\/schema.org\",\"@graph\":[{\"@type\":\"WebPage\",\"@id\":\"https:\\\/\\\/medicinasinc.com\\\/sk\\\/product\\\/kupit-suzy-q-cbd-konope-kvet\\\/\",\"url\":\"https:\\\/\\\/medicinasinc.com\\\/sk\\\/product\\\/kupit-suzy-q-cbd-konope-kvet\\\/\",\"name\":\"K\u00fapte si Suzy Q CBD konopn\u00fd kvet \u2013 najlep\u0161ie najlep\u0161ie glob\u00e1lne lieky\",\"isPartOf\":{\"@id\":\"https:\\\/\\\/medicinasinc.com\\\/sk\\\/#website\"},\"primaryImageOfPage\":{\"@id\":\"https:\\\/\\\/medicinasinc.com\\\/sk\\\/product\\\/kupit-suzy-q-cbd-konope-kvet\\\/#primaryimage\"},\"image\":{\"@id\":\"https:\\\/\\\/medicinasinc.com\\\/sk\\\/product\\\/kupit-suzy-q-cbd-konope-kvet\\\/#primaryimage\"},\"thumbnailUrl\":\"https:\\\/\\\/medicinasinc.com\\\/sk\\\/wp-content\\\/uploads\\\/sites\\\/10\\\/2022\\\/02\\\/Buy-Suzy-Q-CBD-Hemp-Flower-Online.jpg\",\"datePublished\":\"2022-02-20T15:39:59+00:00\",\"dateModified\":\"2022-03-22T01:16:52+00:00\",\"description\":\"K\u00fapte si Suzy Q CBD Konopn\u00fd kvet Plnospektr\u00e1lny konopn\u00fd kvet. Suzy Q je kme\u0148 s vysok\u00fdm obsahom CBD a n\u00edzkym obsahom THC s borovicovou pr\u00edchu\u0165ou, ktor\u00fd pom\u00e1ha lie\u010di\u0165 sympt\u00f3my s malou alebo \u017eiadnou euforickou n\u00e1ladou.\",\"breadcrumb\":{\"@id\":\"https:\\\/\\\/medicinasinc.com\\\/sk\\\/product\\\/kupit-suzy-q-cbd-konope-kvet\\\/#breadcrumb\"},\"inLanguage\":\"en-US\",\"potentialAction\":[{\"@type\":\"ReadAction\",\"target\":[\"https:\\\/\\\/medicinasinc.com\\\/sk\\\/product\\\/kupit-suzy-q-cbd-konope-kvet\\\/\"]}]},{\"@type\":\"ImageObject\",\"inLanguage\":\"en-US\",\"@id\":\"https:\\\/\\\/medicinasinc.com\\\/sk\\\/product\\\/kupit-suzy-q-cbd-konope-kvet\\\/#primaryimage\",\"url\":\"https:\\\/\\\/medicinasinc.com\\\/sk\\\/wp-content\\\/uploads\\\/sites\\\/10\\\/2022\\\/02\\\/Buy-Suzy-Q-CBD-Hemp-Flower-Online.jpg\",\"contentUrl\":\"https:\\\/\\\/medicinasinc.com\\\/sk\\\/wp-content\\\/uploads\\\/sites\\\/10\\\/2022\\\/02\\\/Buy-Suzy-Q-CBD-Hemp-Flower-Online.jpg\",\"width\":600,\"height\":600},{\"@type\":\"BreadcrumbList\",\"@id\":\"https:\\\/\\\/medicinasinc.com\\\/sk\\\/product\\\/kupit-suzy-q-cbd-konope-kvet\\\/#breadcrumb\",\"itemListElement\":[{\"@type\":\"ListItem\",\"position\":1,\"name\":\"Obchod\",\"item\":\"https:\\\/\\\/medicinasinc.com\\\/sk\\\/obchod\\\/\"},{\"@type\":\"ListItem\",\"position\":2,\"name\":\"K\u00fapte si Suzy Q CBD Konopn\u00fd kvet\"}]},{\"@type\":\"WebSite\",\"@id\":\"https:\\\/\\\/medicinasinc.com\\\/sk\\\/#website\",\"url\":\"https:\\\/\\\/medicinasinc.com\\\/sk\\\/\",\"name\":\"Medicinas Inc\",\"description\":\"Health Medical Clinic\",\"potentialAction\":[{\"@type\":\"SearchAction\",\"target\":{\"@type\":\"EntryPoint\",\"urlTemplate\":\"https:\\\/\\\/medicinasinc.com\\\/sk\\\/?s={search_term_string}\"},\"query-input\":{\"@type\":\"PropertyValueSpecification\",\"valueRequired\":true,\"valueName\":\"search_term_string\"}}],\"inLanguage\":\"en-US\"}]}<\/script>\n<!-- \/ Yoast SEO plugin. -->","yoast_head_json":{"title":"K\u00fapte si Suzy Q CBD konopn\u00fd kvet \u2013 najlep\u0161ie najlep\u0161ie glob\u00e1lne lieky","description":"K\u00fapte si Suzy Q CBD Konopn\u00fd kvet Plnospektr\u00e1lny konopn\u00fd kvet. Suzy Q je kme\u0148 s vysok\u00fdm obsahom CBD a n\u00edzkym obsahom THC s borovicovou pr\u00edchu\u0165ou, ktor\u00fd pom\u00e1ha lie\u010di\u0165 sympt\u00f3my s malou alebo \u017eiadnou euforickou n\u00e1ladou.","robots":{"index":"index","follow":"follow","max-snippet":"max-snippet:-1","max-image-preview":"max-image-preview:large","max-video-preview":"max-video-preview:-1"},"canonical":"https:\/\/medicinasinc.com\/sk\/product\/kupit-suzy-q-cbd-konope-kvet\/","og_locale":"en_US","og_type":"article","og_title":"K\u00fapte si Suzy Q CBD konopn\u00fd kvet \u2013 najlep\u0161ie najlep\u0161ie glob\u00e1lne lieky","og_description":"K\u00fapte si Suzy Q CBD Konopn\u00fd kvet Plnospektr\u00e1lny konopn\u00fd kvet. Suzy Q je kme\u0148 s vysok\u00fdm obsahom CBD a n\u00edzkym obsahom THC s borovicovou pr\u00edchu\u0165ou, ktor\u00fd pom\u00e1ha lie\u010di\u0165 sympt\u00f3my s malou alebo \u017eiadnou euforickou n\u00e1ladou.","og_url":"https:\/\/medicinasinc.com\/sk\/product\/kupit-suzy-q-cbd-konope-kvet\/","og_site_name":"Medicinas Inc","article_modified_time":"2022-03-22T01:16:52+00:00","og_image":[{"width":600,"height":600,"url":"https:\/\/medicinasinc.com\/sk\/wp-content\/uploads\/sites\/10\/2022\/02\/Buy-Suzy-Q-CBD-Hemp-Flower-Online.jpg","type":"image\/jpeg"}],"twitter_card":"summary_large_image","twitter_misc":{"Est. reading time":"2 minutes"},"schema":{"@context":"https:\/\/schema.org","@graph":[{"@type":"WebPage","@id":"https:\/\/medicinasinc.com\/sk\/product\/kupit-suzy-q-cbd-konope-kvet\/","url":"https:\/\/medicinasinc.com\/sk\/product\/kupit-suzy-q-cbd-konope-kvet\/","name":"K\u00fapte si Suzy Q CBD konopn\u00fd kvet \u2013 najlep\u0161ie najlep\u0161ie glob\u00e1lne lieky","isPartOf":{"@id":"https:\/\/medicinasinc.com\/sk\/#website"},"primaryImageOfPage":{"@id":"https:\/\/medicinasinc.com\/sk\/product\/kupit-suzy-q-cbd-konope-kvet\/#primaryimage"},"image":{"@id":"https:\/\/medicinasinc.com\/sk\/product\/kupit-suzy-q-cbd-konope-kvet\/#primaryimage"},"thumbnailUrl":"https:\/\/medicinasinc.com\/sk\/wp-content\/uploads\/sites\/10\/2022\/02\/Buy-Suzy-Q-CBD-Hemp-Flower-Online.jpg","datePublished":"2022-02-20T15:39:59+00:00","dateModified":"2022-03-22T01:16:52+00:00","description":"K\u00fapte si Suzy Q CBD Konopn\u00fd kvet Plnospektr\u00e1lny konopn\u00fd kvet. Suzy Q je kme\u0148 s vysok\u00fdm obsahom CBD a n\u00edzkym obsahom THC s borovicovou pr\u00edchu\u0165ou, ktor\u00fd pom\u00e1ha lie\u010di\u0165 sympt\u00f3my s malou alebo \u017eiadnou euforickou n\u00e1ladou.","breadcrumb":{"@id":"https:\/\/medicinasinc.com\/sk\/product\/kupit-suzy-q-cbd-konope-kvet\/#breadcrumb"},"inLanguage":"en-US","potentialAction":[{"@type":"ReadAction","target":["https:\/\/medicinasinc.com\/sk\/product\/kupit-suzy-q-cbd-konope-kvet\/"]}]},{"@type":"ImageObject","inLanguage":"en-US","@id":"https:\/\/medicinasinc.com\/sk\/product\/kupit-suzy-q-cbd-konope-kvet\/#primaryimage","url":"https:\/\/medicinasinc.com\/sk\/wp-content\/uploads\/sites\/10\/2022\/02\/Buy-Suzy-Q-CBD-Hemp-Flower-Online.jpg","contentUrl":"https:\/\/medicinasinc.com\/sk\/wp-content\/uploads\/sites\/10\/2022\/02\/Buy-Suzy-Q-CBD-Hemp-Flower-Online.jpg","width":600,"height":600},{"@type":"BreadcrumbList","@id":"https:\/\/medicinasinc.com\/sk\/product\/kupit-suzy-q-cbd-konope-kvet\/#breadcrumb","itemListElement":[{"@type":"ListItem","position":1,"name":"Obchod","item":"https:\/\/medicinasinc.com\/sk\/obchod\/"},{"@type":"ListItem","position":2,"name":"K\u00fapte si Suzy Q CBD Konopn\u00fd kvet"}]},{"@type":"WebSite","@id":"https:\/\/medicinasinc.com\/sk\/#website","url":"https:\/\/medicinasinc.com\/sk\/","name":"Medicinas Inc","description":"Health Medical Clinic","potentialAction":[{"@type":"SearchAction","target":{"@type":"EntryPoint","urlTemplate":"https:\/\/medicinasinc.com\/sk\/?s={search_term_string}"},"query-input":{"@type":"PropertyValueSpecification","valueRequired":true,"valueName":"search_term_string"}}],"inLanguage":"en-US"}]}},"_links":{"self":[{"href":"https:\/\/medicinasinc.com\/sk\/wp-json\/wp\/v2\/product\/4759","targetHints":{"allow":["GET"]}}],"collection":[{"href":"https:\/\/medicinasinc.com\/sk\/wp-json\/wp\/v2\/product"}],"about":[{"href":"https:\/\/medicinasinc.com\/sk\/wp-json\/wp\/v2\/types\/product"}],"replies":[{"embeddable":true,"href":"https:\/\/medicinasinc.com\/sk\/wp-json\/wp\/v2\/comments?post=4759"}],"wp:featuredmedia":[{"embeddable":true,"href":"https:\/\/medicinasinc.com\/sk\/wp-json\/wp\/v2\/media\/4773"}],"wp:attachment":[{"href":"https:\/\/medicinasinc.com\/sk\/wp-json\/wp\/v2\/media?parent=4759"}],"wp:term":[{"taxonomy":"product_brand","embeddable":true,"href":"https:\/\/medicinasinc.com\/sk\/wp-json\/wp\/v2\/product_brand?post=4759"},{"taxonomy":"product_cat","embeddable":true,"href":"https:\/\/medicinasinc.com\/sk\/wp-json\/wp\/v2\/product_cat?post=4759"},{"taxonomy":"product_tag","embeddable":true,"href":"https:\/\/medicinasinc.com\/sk\/wp-json\/wp\/v2\/product_tag?post=4759"}],"curies":[{"name":"wp","href":"https:\/\/api.w.org\/{rel}","templated":true}]}}