{"id":4749,"date":"2022-02-20T15:31:33","date_gmt":"2022-02-20T15:31:33","guid":{"rendered":"https:\/\/medicinasinc.com\/sk\/?post_type=product&#038;p=4749"},"modified":"2022-03-22T01:17:00","modified_gmt":"2022-03-22T01:17:00","slug":"kupit-otto-x-ceresna-cbd-konopny-kvet-online","status":"publish","type":"product","link":"https:\/\/medicinasinc.com\/sk\/product\/kupit-otto-x-ceresna-cbd-konopny-kvet-online\/","title":{"rendered":"K\u00fapte si konopn\u00fd kvet OTTO X Cherry CBD online"},"content":{"rendered":"<h1 class=\"product_title entry-title\">K\u00fapi\u0165 OTTO X Cherry CBD Konopn\u00fd kvet online<\/h1>\n<div class=\"product-next-previous\">\n<div class=\"product-prev\"><\/div><\/div>\n","protected":false},"excerpt":{"rendered":"<p>Otto x Cherry grow m\u00e1 skvel\u00fd liek ako Jazzman. Pestuje sa organicky a m\u00e1 \u00fa\u017easn\u00fa v\u00f4\u0148u.<\/p>\n<p>Obsah Cbd: 21,5 %<\/p>\n<p>Obsah Thc: menej ako 0,3 %<\/p>\n","protected":false},"featured_media":4762,"comment_status":"open","ping_status":"closed","template":"","meta":[],"product_brand":[],"product_cat":[689],"product_tag":[],"class_list":{"0":"post-4749","1":"product","2":"type-product","3":"status-publish","4":"has-post-thumbnail","6":"product_cat-kupit-konopny-kvet","8":"first","9":"instock","10":"shipping-taxable","11":"purchasable","12":"product-type-variable","13":"has-default-attributes"},"yoast_head":"<!-- This site is optimized with the Yoast SEO plugin v27.3 - https:\/\/yoast.com\/product\/yoast-seo-wordpress\/ -->\n<title>K\u00fapte si konopn\u00fd kvet OTTO X Cherry CBD online \u2013 najlep\u0161ie glob\u00e1lne lieky<\/title>\n<meta name=\"description\" content=\"Otto x Cherry grow m\u00e1 skvel\u00fa k\u00faru ako Jazzyman. Pestuje sa organicky a m\u00e1 \u00fa\u017easn\u00fa v\u00f4\u0148u. Obsah Cbd: 21,5 % Obsah Thc: pod 0,3 %\" \/>\n<meta name=\"robots\" content=\"index, follow, max-snippet:-1, max-image-preview:large, max-video-preview:-1\" \/>\n<link rel=\"canonical\" href=\"https:\/\/medicinasinc.com\/sk\/product\/kupit-otto-x-ceresna-cbd-konopny-kvet-online\/\" \/>\n<meta property=\"og:locale\" content=\"en_US\" \/>\n<meta property=\"og:type\" content=\"article\" \/>\n<meta property=\"og:title\" content=\"K\u00fapte si konopn\u00fd kvet OTTO X Cherry CBD online \u2013 najlep\u0161ie glob\u00e1lne lieky\" \/>\n<meta property=\"og:description\" content=\"Otto x Cherry grow m\u00e1 skvel\u00fa k\u00faru ako Jazzyman. Pestuje sa organicky a m\u00e1 \u00fa\u017easn\u00fa v\u00f4\u0148u. Obsah Cbd: 21,5 % Obsah Thc: pod 0,3 %\" \/>\n<meta property=\"og:url\" content=\"https:\/\/medicinasinc.com\/sk\/product\/kupit-otto-x-ceresna-cbd-konopny-kvet-online\/\" \/>\n<meta property=\"og:site_name\" content=\"Medicinas Inc\" \/>\n<meta property=\"article:modified_time\" content=\"2022-03-22T01:17:00+00:00\" \/>\n<meta property=\"og:image\" content=\"https:\/\/medicinasinc.com\/sk\/wp-content\/uploads\/sites\/10\/2022\/02\/Buy-OTTO-X-Cherry-CBD-Hemp-Flower-Online.jpg\" \/>\n\t<meta property=\"og:image:width\" content=\"600\" \/>\n\t<meta property=\"og:image:height\" content=\"600\" \/>\n\t<meta property=\"og:image:type\" content=\"image\/jpeg\" \/>\n<meta name=\"twitter:card\" content=\"summary_large_image\" \/>\n<meta name=\"twitter:label1\" content=\"Est. reading time\" \/>\n\t<meta name=\"twitter:data1\" content=\"1 minute\" \/>\n<script type=\"application\/ld+json\" class=\"yoast-schema-graph\">{\"@context\":\"https:\\\/\\\/schema.org\",\"@graph\":[{\"@type\":\"WebPage\",\"@id\":\"https:\\\/\\\/medicinasinc.com\\\/sk\\\/product\\\/kupit-otto-x-ceresna-cbd-konopny-kvet-online\\\/\",\"url\":\"https:\\\/\\\/medicinasinc.com\\\/sk\\\/product\\\/kupit-otto-x-ceresna-cbd-konopny-kvet-online\\\/\",\"name\":\"K\u00fapte si konopn\u00fd kvet OTTO X Cherry CBD online \u2013 najlep\u0161ie glob\u00e1lne lieky\",\"isPartOf\":{\"@id\":\"https:\\\/\\\/medicinasinc.com\\\/sk\\\/#website\"},\"primaryImageOfPage\":{\"@id\":\"https:\\\/\\\/medicinasinc.com\\\/sk\\\/product\\\/kupit-otto-x-ceresna-cbd-konopny-kvet-online\\\/#primaryimage\"},\"image\":{\"@id\":\"https:\\\/\\\/medicinasinc.com\\\/sk\\\/product\\\/kupit-otto-x-ceresna-cbd-konopny-kvet-online\\\/#primaryimage\"},\"thumbnailUrl\":\"https:\\\/\\\/medicinasinc.com\\\/sk\\\/wp-content\\\/uploads\\\/sites\\\/10\\\/2022\\\/02\\\/Buy-OTTO-X-Cherry-CBD-Hemp-Flower-Online.jpg\",\"datePublished\":\"2022-02-20T15:31:33+00:00\",\"dateModified\":\"2022-03-22T01:17:00+00:00\",\"description\":\"Otto x Cherry grow m\u00e1 skvel\u00fa k\u00faru ako Jazzyman. Pestuje sa organicky a m\u00e1 \u00fa\u017easn\u00fa v\u00f4\u0148u. Obsah Cbd: 21,5 % Obsah Thc: pod 0,3 %\",\"breadcrumb\":{\"@id\":\"https:\\\/\\\/medicinasinc.com\\\/sk\\\/product\\\/kupit-otto-x-ceresna-cbd-konopny-kvet-online\\\/#breadcrumb\"},\"inLanguage\":\"en-US\",\"potentialAction\":[{\"@type\":\"ReadAction\",\"target\":[\"https:\\\/\\\/medicinasinc.com\\\/sk\\\/product\\\/kupit-otto-x-ceresna-cbd-konopny-kvet-online\\\/\"]}]},{\"@type\":\"ImageObject\",\"inLanguage\":\"en-US\",\"@id\":\"https:\\\/\\\/medicinasinc.com\\\/sk\\\/product\\\/kupit-otto-x-ceresna-cbd-konopny-kvet-online\\\/#primaryimage\",\"url\":\"https:\\\/\\\/medicinasinc.com\\\/sk\\\/wp-content\\\/uploads\\\/sites\\\/10\\\/2022\\\/02\\\/Buy-OTTO-X-Cherry-CBD-Hemp-Flower-Online.jpg\",\"contentUrl\":\"https:\\\/\\\/medicinasinc.com\\\/sk\\\/wp-content\\\/uploads\\\/sites\\\/10\\\/2022\\\/02\\\/Buy-OTTO-X-Cherry-CBD-Hemp-Flower-Online.jpg\",\"width\":600,\"height\":600},{\"@type\":\"BreadcrumbList\",\"@id\":\"https:\\\/\\\/medicinasinc.com\\\/sk\\\/product\\\/kupit-otto-x-ceresna-cbd-konopny-kvet-online\\\/#breadcrumb\",\"itemListElement\":[{\"@type\":\"ListItem\",\"position\":1,\"name\":\"Obchod\",\"item\":\"https:\\\/\\\/medicinasinc.com\\\/sk\\\/obchod\\\/\"},{\"@type\":\"ListItem\",\"position\":2,\"name\":\"K\u00fapte si konopn\u00fd kvet OTTO X Cherry CBD online\"}]},{\"@type\":\"WebSite\",\"@id\":\"https:\\\/\\\/medicinasinc.com\\\/sk\\\/#website\",\"url\":\"https:\\\/\\\/medicinasinc.com\\\/sk\\\/\",\"name\":\"Medicinas Inc\",\"description\":\"Health Medical Clinic\",\"potentialAction\":[{\"@type\":\"SearchAction\",\"target\":{\"@type\":\"EntryPoint\",\"urlTemplate\":\"https:\\\/\\\/medicinasinc.com\\\/sk\\\/?s={search_term_string}\"},\"query-input\":{\"@type\":\"PropertyValueSpecification\",\"valueRequired\":true,\"valueName\":\"search_term_string\"}}],\"inLanguage\":\"en-US\"}]}<\/script>\n<!-- \/ Yoast SEO plugin. -->","yoast_head_json":{"title":"K\u00fapte si konopn\u00fd kvet OTTO X Cherry CBD online \u2013 najlep\u0161ie glob\u00e1lne lieky","description":"Otto x Cherry grow m\u00e1 skvel\u00fa k\u00faru ako Jazzyman. Pestuje sa organicky a m\u00e1 \u00fa\u017easn\u00fa v\u00f4\u0148u. Obsah Cbd: 21,5 % Obsah Thc: pod 0,3 %","robots":{"index":"index","follow":"follow","max-snippet":"max-snippet:-1","max-image-preview":"max-image-preview:large","max-video-preview":"max-video-preview:-1"},"canonical":"https:\/\/medicinasinc.com\/sk\/product\/kupit-otto-x-ceresna-cbd-konopny-kvet-online\/","og_locale":"en_US","og_type":"article","og_title":"K\u00fapte si konopn\u00fd kvet OTTO X Cherry CBD online \u2013 najlep\u0161ie glob\u00e1lne lieky","og_description":"Otto x Cherry grow m\u00e1 skvel\u00fa k\u00faru ako Jazzyman. Pestuje sa organicky a m\u00e1 \u00fa\u017easn\u00fa v\u00f4\u0148u. Obsah Cbd: 21,5 % Obsah Thc: pod 0,3 %","og_url":"https:\/\/medicinasinc.com\/sk\/product\/kupit-otto-x-ceresna-cbd-konopny-kvet-online\/","og_site_name":"Medicinas Inc","article_modified_time":"2022-03-22T01:17:00+00:00","og_image":[{"width":600,"height":600,"url":"https:\/\/medicinasinc.com\/sk\/wp-content\/uploads\/sites\/10\/2022\/02\/Buy-OTTO-X-Cherry-CBD-Hemp-Flower-Online.jpg","type":"image\/jpeg"}],"twitter_card":"summary_large_image","twitter_misc":{"Est. reading time":"1 minute"},"schema":{"@context":"https:\/\/schema.org","@graph":[{"@type":"WebPage","@id":"https:\/\/medicinasinc.com\/sk\/product\/kupit-otto-x-ceresna-cbd-konopny-kvet-online\/","url":"https:\/\/medicinasinc.com\/sk\/product\/kupit-otto-x-ceresna-cbd-konopny-kvet-online\/","name":"K\u00fapte si konopn\u00fd kvet OTTO X Cherry CBD online \u2013 najlep\u0161ie glob\u00e1lne lieky","isPartOf":{"@id":"https:\/\/medicinasinc.com\/sk\/#website"},"primaryImageOfPage":{"@id":"https:\/\/medicinasinc.com\/sk\/product\/kupit-otto-x-ceresna-cbd-konopny-kvet-online\/#primaryimage"},"image":{"@id":"https:\/\/medicinasinc.com\/sk\/product\/kupit-otto-x-ceresna-cbd-konopny-kvet-online\/#primaryimage"},"thumbnailUrl":"https:\/\/medicinasinc.com\/sk\/wp-content\/uploads\/sites\/10\/2022\/02\/Buy-OTTO-X-Cherry-CBD-Hemp-Flower-Online.jpg","datePublished":"2022-02-20T15:31:33+00:00","dateModified":"2022-03-22T01:17:00+00:00","description":"Otto x Cherry grow m\u00e1 skvel\u00fa k\u00faru ako Jazzyman. Pestuje sa organicky a m\u00e1 \u00fa\u017easn\u00fa v\u00f4\u0148u. Obsah Cbd: 21,5 % Obsah Thc: pod 0,3 %","breadcrumb":{"@id":"https:\/\/medicinasinc.com\/sk\/product\/kupit-otto-x-ceresna-cbd-konopny-kvet-online\/#breadcrumb"},"inLanguage":"en-US","potentialAction":[{"@type":"ReadAction","target":["https:\/\/medicinasinc.com\/sk\/product\/kupit-otto-x-ceresna-cbd-konopny-kvet-online\/"]}]},{"@type":"ImageObject","inLanguage":"en-US","@id":"https:\/\/medicinasinc.com\/sk\/product\/kupit-otto-x-ceresna-cbd-konopny-kvet-online\/#primaryimage","url":"https:\/\/medicinasinc.com\/sk\/wp-content\/uploads\/sites\/10\/2022\/02\/Buy-OTTO-X-Cherry-CBD-Hemp-Flower-Online.jpg","contentUrl":"https:\/\/medicinasinc.com\/sk\/wp-content\/uploads\/sites\/10\/2022\/02\/Buy-OTTO-X-Cherry-CBD-Hemp-Flower-Online.jpg","width":600,"height":600},{"@type":"BreadcrumbList","@id":"https:\/\/medicinasinc.com\/sk\/product\/kupit-otto-x-ceresna-cbd-konopny-kvet-online\/#breadcrumb","itemListElement":[{"@type":"ListItem","position":1,"name":"Obchod","item":"https:\/\/medicinasinc.com\/sk\/obchod\/"},{"@type":"ListItem","position":2,"name":"K\u00fapte si konopn\u00fd kvet OTTO X Cherry CBD online"}]},{"@type":"WebSite","@id":"https:\/\/medicinasinc.com\/sk\/#website","url":"https:\/\/medicinasinc.com\/sk\/","name":"Medicinas Inc","description":"Health Medical Clinic","potentialAction":[{"@type":"SearchAction","target":{"@type":"EntryPoint","urlTemplate":"https:\/\/medicinasinc.com\/sk\/?s={search_term_string}"},"query-input":{"@type":"PropertyValueSpecification","valueRequired":true,"valueName":"search_term_string"}}],"inLanguage":"en-US"}]}},"_links":{"self":[{"href":"https:\/\/medicinasinc.com\/sk\/wp-json\/wp\/v2\/product\/4749","targetHints":{"allow":["GET"]}}],"collection":[{"href":"https:\/\/medicinasinc.com\/sk\/wp-json\/wp\/v2\/product"}],"about":[{"href":"https:\/\/medicinasinc.com\/sk\/wp-json\/wp\/v2\/types\/product"}],"replies":[{"embeddable":true,"href":"https:\/\/medicinasinc.com\/sk\/wp-json\/wp\/v2\/comments?post=4749"}],"wp:featuredmedia":[{"embeddable":true,"href":"https:\/\/medicinasinc.com\/sk\/wp-json\/wp\/v2\/media\/4762"}],"wp:attachment":[{"href":"https:\/\/medicinasinc.com\/sk\/wp-json\/wp\/v2\/media?parent=4749"}],"wp:term":[{"taxonomy":"product_brand","embeddable":true,"href":"https:\/\/medicinasinc.com\/sk\/wp-json\/wp\/v2\/product_brand?post=4749"},{"taxonomy":"product_cat","embeddable":true,"href":"https:\/\/medicinasinc.com\/sk\/wp-json\/wp\/v2\/product_cat?post=4749"},{"taxonomy":"product_tag","embeddable":true,"href":"https:\/\/medicinasinc.com\/sk\/wp-json\/wp\/v2\/product_tag?post=4749"}],"curies":[{"name":"wp","href":"https:\/\/api.w.org\/{rel}","templated":true}]}}