{"id":4748,"date":"2022-02-20T15:30:50","date_gmt":"2022-02-20T15:30:50","guid":{"rendered":"https:\/\/medicinasinc.com\/sk\/?post_type=product&#038;p=4748"},"modified":"2022-03-22T01:17:12","modified_gmt":"2022-03-22T01:17:12","slug":"kupit-havajsky-borovicovy-konopny-kvet","status":"publish","type":"product","link":"https:\/\/medicinasinc.com\/sk\/product\/kupit-havajsky-borovicovy-konopny-kvet\/","title":{"rendered":"K\u00fapte si konopn\u00fd kvet havajskej borovice"},"content":{"rendered":"<div class=\"woocommerce-tabs wc-tabs-wrapper\">\n<div id=\"tab-description\" class=\"woocommerce-Tabs-panel woocommerce-Tabs-panel--description panel entry-content wc-tab\" role=\"tabpanel\" aria-labelledby=\"tab-title-description\">\n<p>Konopn\u00fd kvet s havajskou borovicou CBD<\/p>\n<p>Kme\u0148 konopn\u00e9ho kvetu havajskej borovice CBD obsahuje menej ako 0,2 % Delta 9 THC, \u010do je z\u00e1konn\u00fd limit THC, a ak ho budete konzumova\u0165 s mierou, nesp\u00f4sob\u00ed to, \u017ee neuspejete v teste na drogy, ale neposkytujeme \u017eiadne z\u00e1ruky.<\/p>\n<p>V spolo\u010dnosti Bud Chasers kladieme d\u00f4raz na kvalitu a bezpe\u010dnos\u0165, a preto ka\u017ed\u00fd \u0161ar\u017ea kvetu CBD je pred distrib\u00faciou testovan\u00e1 a schv\u00e1len\u00e1 ministerstvom po\u013enohospod\u00e1rstva.<\/p>\n<p>Lieky bohat\u00e9 na CBD m\u00f4\u017eu pom\u00f4c\u0165 pri z\u00e1paloch a z\u00e1chvatoch, ale maj\u00fa m\u00e1lo psychoakt\u00edvnych \u00fa\u010dinkov. Kv\u00f4li vysok\u00e9mu obsahu proof alkoholu odpor\u00fa\u010dame vlo\u017ei\u0165 ho na stranu \u00fast (proti l\u00edcu) a podr\u017ea\u0165 30-60 sek\u00fand. Tinkt\u00faru je mo\u017en\u00e9 riedi\u0165 v \u0161\u0165ave alebo \u010daji, ale jej \u00fa\u010dinok bude trva\u0165 dlh\u0161ie.<\/p>\n<p>Konopn\u00fd kvet CBD z havajskej borovice je teraz k dispoz\u00edcii.<\/p>\n<p>K\u00fapte si konopn\u00fd kvet havajskej borovice CBD konopn\u00fd kvet z konope Online pr\u00e1ve teraz; okrem toho tu m\u00f4\u017eete zada\u0165 objedn\u00e1vku a vykona\u0165 okam\u017eit\u00fd n\u00e1kup.<\/p>\n<p>Kvet CBD z havajskej borovice<\/p>\n<\/p><\/div><\/div>\n","protected":false},"excerpt":{"rendered":"<div class=\"woocommerce-product-details__short-description\">\n<p>K\u00fapte si konopn\u00fd kvet CBD z havajskej borovice online na bestglobalmeds.com. Nakupujte r\u00f4zne produkty s\u00favisiace s marihuanou a \u010fal\u0161ie. Doru\u010denie je bezplatn\u00e9.<\/p>\n<p>Pon\u00fakame vynikaj\u00facu havajsk\u00fa borovicu CBD konopn\u00fd kvet na lie\u010debn\u00e9 alebo rekrea\u010dn\u00e9 \u00fa\u010dely.<\/p>\n<\/p><\/div>\n","protected":false},"featured_media":4760,"comment_status":"open","ping_status":"closed","template":"","meta":[],"product_brand":[],"product_cat":[689],"product_tag":[],"class_list":{"0":"post-4748","1":"product","2":"type-product","3":"status-publish","4":"has-post-thumbnail","6":"product_cat-kupit-konopny-kvet","8":"first","9":"instock","10":"shipping-taxable","11":"purchasable","12":"product-type-variable","13":"has-default-attributes"},"yoast_head":"<!-- This site is optimized with the Yoast SEO plugin v27.3 - https:\/\/yoast.com\/product\/yoast-seo-wordpress\/ -->\n<title>K\u00fapte si konopn\u00fd kvet havajskej borovice \u2013 najlep\u0161ie najlep\u0161ie glob\u00e1lne lieky<\/title>\n<meta name=\"description\" content=\"K\u00fapte si CBD konopn\u00fd kvet z havajskej borovice (1 libra) online na bestglobalmeds.com. Nakupujte \u0161irok\u00fd v\u00fdber produktov z marihuany a \u010fal\u0161ie. Dovoz zdarma.\" \/>\n<meta name=\"robots\" content=\"index, follow, max-snippet:-1, max-image-preview:large, max-video-preview:-1\" \/>\n<link rel=\"canonical\" href=\"https:\/\/medicinasinc.com\/sk\/product\/kupit-havajsky-borovicovy-konopny-kvet\/\" \/>\n<meta property=\"og:locale\" content=\"en_US\" \/>\n<meta property=\"og:type\" content=\"article\" \/>\n<meta property=\"og:title\" content=\"K\u00fapte si konopn\u00fd kvet havajskej borovice \u2013 najlep\u0161ie najlep\u0161ie glob\u00e1lne lieky\" \/>\n<meta property=\"og:description\" content=\"K\u00fapte si CBD konopn\u00fd kvet z havajskej borovice (1 libra) online na bestglobalmeds.com. Nakupujte \u0161irok\u00fd v\u00fdber produktov z marihuany a \u010fal\u0161ie. Dovoz zdarma.\" \/>\n<meta property=\"og:url\" content=\"https:\/\/medicinasinc.com\/sk\/product\/kupit-havajsky-borovicovy-konopny-kvet\/\" \/>\n<meta property=\"og:site_name\" content=\"Medicinas Inc\" \/>\n<meta property=\"article:modified_time\" content=\"2022-03-22T01:17:12+00:00\" \/>\n<meta property=\"og:image\" content=\"https:\/\/medicinasinc.com\/sk\/wp-content\/uploads\/sites\/10\/2022\/02\/Buy-Hawaiian-Pine-Hemp-Flower-Onlin.jpg\" \/>\n\t<meta property=\"og:image:width\" content=\"600\" \/>\n\t<meta property=\"og:image:height\" content=\"600\" \/>\n\t<meta property=\"og:image:type\" content=\"image\/jpeg\" \/>\n<meta name=\"twitter:card\" content=\"summary_large_image\" \/>\n<meta name=\"twitter:label1\" content=\"Est. reading time\" \/>\n\t<meta name=\"twitter:data1\" content=\"1 minute\" \/>\n<script type=\"application\/ld+json\" class=\"yoast-schema-graph\">{\"@context\":\"https:\\\/\\\/schema.org\",\"@graph\":[{\"@type\":\"WebPage\",\"@id\":\"https:\\\/\\\/medicinasinc.com\\\/sk\\\/product\\\/kupit-havajsky-borovicovy-konopny-kvet\\\/\",\"url\":\"https:\\\/\\\/medicinasinc.com\\\/sk\\\/product\\\/kupit-havajsky-borovicovy-konopny-kvet\\\/\",\"name\":\"K\u00fapte si konopn\u00fd kvet havajskej borovice \u2013 najlep\u0161ie najlep\u0161ie glob\u00e1lne lieky\",\"isPartOf\":{\"@id\":\"https:\\\/\\\/medicinasinc.com\\\/sk\\\/#website\"},\"primaryImageOfPage\":{\"@id\":\"https:\\\/\\\/medicinasinc.com\\\/sk\\\/product\\\/kupit-havajsky-borovicovy-konopny-kvet\\\/#primaryimage\"},\"image\":{\"@id\":\"https:\\\/\\\/medicinasinc.com\\\/sk\\\/product\\\/kupit-havajsky-borovicovy-konopny-kvet\\\/#primaryimage\"},\"thumbnailUrl\":\"https:\\\/\\\/medicinasinc.com\\\/sk\\\/wp-content\\\/uploads\\\/sites\\\/10\\\/2022\\\/02\\\/Buy-Hawaiian-Pine-Hemp-Flower-Onlin.jpg\",\"datePublished\":\"2022-02-20T15:30:50+00:00\",\"dateModified\":\"2022-03-22T01:17:12+00:00\",\"description\":\"K\u00fapte si CBD konopn\u00fd kvet z havajskej borovice (1 libra) online na bestglobalmeds.com. Nakupujte \u0161irok\u00fd v\u00fdber produktov z marihuany a \u010fal\u0161ie. Dovoz zdarma.\",\"breadcrumb\":{\"@id\":\"https:\\\/\\\/medicinasinc.com\\\/sk\\\/product\\\/kupit-havajsky-borovicovy-konopny-kvet\\\/#breadcrumb\"},\"inLanguage\":\"en-US\",\"potentialAction\":[{\"@type\":\"ReadAction\",\"target\":[\"https:\\\/\\\/medicinasinc.com\\\/sk\\\/product\\\/kupit-havajsky-borovicovy-konopny-kvet\\\/\"]}]},{\"@type\":\"ImageObject\",\"inLanguage\":\"en-US\",\"@id\":\"https:\\\/\\\/medicinasinc.com\\\/sk\\\/product\\\/kupit-havajsky-borovicovy-konopny-kvet\\\/#primaryimage\",\"url\":\"https:\\\/\\\/medicinasinc.com\\\/sk\\\/wp-content\\\/uploads\\\/sites\\\/10\\\/2022\\\/02\\\/Buy-Hawaiian-Pine-Hemp-Flower-Onlin.jpg\",\"contentUrl\":\"https:\\\/\\\/medicinasinc.com\\\/sk\\\/wp-content\\\/uploads\\\/sites\\\/10\\\/2022\\\/02\\\/Buy-Hawaiian-Pine-Hemp-Flower-Onlin.jpg\",\"width\":600,\"height\":600},{\"@type\":\"BreadcrumbList\",\"@id\":\"https:\\\/\\\/medicinasinc.com\\\/sk\\\/product\\\/kupit-havajsky-borovicovy-konopny-kvet\\\/#breadcrumb\",\"itemListElement\":[{\"@type\":\"ListItem\",\"position\":1,\"name\":\"Obchod\",\"item\":\"https:\\\/\\\/medicinasinc.com\\\/sk\\\/obchod\\\/\"},{\"@type\":\"ListItem\",\"position\":2,\"name\":\"K\u00fapte si konopn\u00fd kvet havajskej borovice\"}]},{\"@type\":\"WebSite\",\"@id\":\"https:\\\/\\\/medicinasinc.com\\\/sk\\\/#website\",\"url\":\"https:\\\/\\\/medicinasinc.com\\\/sk\\\/\",\"name\":\"Medicinas Inc\",\"description\":\"Health Medical Clinic\",\"potentialAction\":[{\"@type\":\"SearchAction\",\"target\":{\"@type\":\"EntryPoint\",\"urlTemplate\":\"https:\\\/\\\/medicinasinc.com\\\/sk\\\/?s={search_term_string}\"},\"query-input\":{\"@type\":\"PropertyValueSpecification\",\"valueRequired\":true,\"valueName\":\"search_term_string\"}}],\"inLanguage\":\"en-US\"}]}<\/script>\n<!-- \/ Yoast SEO plugin. -->","yoast_head_json":{"title":"K\u00fapte si konopn\u00fd kvet havajskej borovice \u2013 najlep\u0161ie najlep\u0161ie glob\u00e1lne lieky","description":"K\u00fapte si CBD konopn\u00fd kvet z havajskej borovice (1 libra) online na bestglobalmeds.com. Nakupujte \u0161irok\u00fd v\u00fdber produktov z marihuany a \u010fal\u0161ie. Dovoz zdarma.","robots":{"index":"index","follow":"follow","max-snippet":"max-snippet:-1","max-image-preview":"max-image-preview:large","max-video-preview":"max-video-preview:-1"},"canonical":"https:\/\/medicinasinc.com\/sk\/product\/kupit-havajsky-borovicovy-konopny-kvet\/","og_locale":"en_US","og_type":"article","og_title":"K\u00fapte si konopn\u00fd kvet havajskej borovice \u2013 najlep\u0161ie najlep\u0161ie glob\u00e1lne lieky","og_description":"K\u00fapte si CBD konopn\u00fd kvet z havajskej borovice (1 libra) online na bestglobalmeds.com. Nakupujte \u0161irok\u00fd v\u00fdber produktov z marihuany a \u010fal\u0161ie. Dovoz zdarma.","og_url":"https:\/\/medicinasinc.com\/sk\/product\/kupit-havajsky-borovicovy-konopny-kvet\/","og_site_name":"Medicinas Inc","article_modified_time":"2022-03-22T01:17:12+00:00","og_image":[{"width":600,"height":600,"url":"https:\/\/medicinasinc.com\/sk\/wp-content\/uploads\/sites\/10\/2022\/02\/Buy-Hawaiian-Pine-Hemp-Flower-Onlin.jpg","type":"image\/jpeg"}],"twitter_card":"summary_large_image","twitter_misc":{"Est. reading time":"1 minute"},"schema":{"@context":"https:\/\/schema.org","@graph":[{"@type":"WebPage","@id":"https:\/\/medicinasinc.com\/sk\/product\/kupit-havajsky-borovicovy-konopny-kvet\/","url":"https:\/\/medicinasinc.com\/sk\/product\/kupit-havajsky-borovicovy-konopny-kvet\/","name":"K\u00fapte si konopn\u00fd kvet havajskej borovice \u2013 najlep\u0161ie najlep\u0161ie glob\u00e1lne lieky","isPartOf":{"@id":"https:\/\/medicinasinc.com\/sk\/#website"},"primaryImageOfPage":{"@id":"https:\/\/medicinasinc.com\/sk\/product\/kupit-havajsky-borovicovy-konopny-kvet\/#primaryimage"},"image":{"@id":"https:\/\/medicinasinc.com\/sk\/product\/kupit-havajsky-borovicovy-konopny-kvet\/#primaryimage"},"thumbnailUrl":"https:\/\/medicinasinc.com\/sk\/wp-content\/uploads\/sites\/10\/2022\/02\/Buy-Hawaiian-Pine-Hemp-Flower-Onlin.jpg","datePublished":"2022-02-20T15:30:50+00:00","dateModified":"2022-03-22T01:17:12+00:00","description":"K\u00fapte si CBD konopn\u00fd kvet z havajskej borovice (1 libra) online na bestglobalmeds.com. Nakupujte \u0161irok\u00fd v\u00fdber produktov z marihuany a \u010fal\u0161ie. Dovoz zdarma.","breadcrumb":{"@id":"https:\/\/medicinasinc.com\/sk\/product\/kupit-havajsky-borovicovy-konopny-kvet\/#breadcrumb"},"inLanguage":"en-US","potentialAction":[{"@type":"ReadAction","target":["https:\/\/medicinasinc.com\/sk\/product\/kupit-havajsky-borovicovy-konopny-kvet\/"]}]},{"@type":"ImageObject","inLanguage":"en-US","@id":"https:\/\/medicinasinc.com\/sk\/product\/kupit-havajsky-borovicovy-konopny-kvet\/#primaryimage","url":"https:\/\/medicinasinc.com\/sk\/wp-content\/uploads\/sites\/10\/2022\/02\/Buy-Hawaiian-Pine-Hemp-Flower-Onlin.jpg","contentUrl":"https:\/\/medicinasinc.com\/sk\/wp-content\/uploads\/sites\/10\/2022\/02\/Buy-Hawaiian-Pine-Hemp-Flower-Onlin.jpg","width":600,"height":600},{"@type":"BreadcrumbList","@id":"https:\/\/medicinasinc.com\/sk\/product\/kupit-havajsky-borovicovy-konopny-kvet\/#breadcrumb","itemListElement":[{"@type":"ListItem","position":1,"name":"Obchod","item":"https:\/\/medicinasinc.com\/sk\/obchod\/"},{"@type":"ListItem","position":2,"name":"K\u00fapte si konopn\u00fd kvet havajskej borovice"}]},{"@type":"WebSite","@id":"https:\/\/medicinasinc.com\/sk\/#website","url":"https:\/\/medicinasinc.com\/sk\/","name":"Medicinas Inc","description":"Health Medical Clinic","potentialAction":[{"@type":"SearchAction","target":{"@type":"EntryPoint","urlTemplate":"https:\/\/medicinasinc.com\/sk\/?s={search_term_string}"},"query-input":{"@type":"PropertyValueSpecification","valueRequired":true,"valueName":"search_term_string"}}],"inLanguage":"en-US"}]}},"_links":{"self":[{"href":"https:\/\/medicinasinc.com\/sk\/wp-json\/wp\/v2\/product\/4748","targetHints":{"allow":["GET"]}}],"collection":[{"href":"https:\/\/medicinasinc.com\/sk\/wp-json\/wp\/v2\/product"}],"about":[{"href":"https:\/\/medicinasinc.com\/sk\/wp-json\/wp\/v2\/types\/product"}],"replies":[{"embeddable":true,"href":"https:\/\/medicinasinc.com\/sk\/wp-json\/wp\/v2\/comments?post=4748"}],"wp:featuredmedia":[{"embeddable":true,"href":"https:\/\/medicinasinc.com\/sk\/wp-json\/wp\/v2\/media\/4760"}],"wp:attachment":[{"href":"https:\/\/medicinasinc.com\/sk\/wp-json\/wp\/v2\/media?parent=4748"}],"wp:term":[{"taxonomy":"product_brand","embeddable":true,"href":"https:\/\/medicinasinc.com\/sk\/wp-json\/wp\/v2\/product_brand?post=4748"},{"taxonomy":"product_cat","embeddable":true,"href":"https:\/\/medicinasinc.com\/sk\/wp-json\/wp\/v2\/product_cat?post=4748"},{"taxonomy":"product_tag","embeddable":true,"href":"https:\/\/medicinasinc.com\/sk\/wp-json\/wp\/v2\/product_tag?post=4748"}],"curies":[{"name":"wp","href":"https:\/\/api.w.org\/{rel}","templated":true}]}}