{"id":4734,"date":"2022-02-20T15:19:28","date_gmt":"2022-02-20T15:19:28","guid":{"rendered":"https:\/\/medicinasinc.com\/sk\/?post_type=product&#038;p=4734"},"modified":"2022-03-22T01:17:20","modified_gmt":"2022-03-22T01:17:20","slug":"thc-live-diamonds-superior-extract","status":"publish","type":"product","link":"https:\/\/medicinasinc.com\/sk\/product\/thc-live-diamonds-superior-extract\/","title":{"rendered":"\u017div\u00e9 diamanty THC &#8211; vynikaj\u00faci extrakt"},"content":{"rendered":"<p>THC Live Diamonds \u0161pi\u010dkovej kvality<br \/> Superior THC Live Diamonds, \u010dasto ozna\u010dovan\u00e9 ako \u201enajsilnej\u0161ie k\u00fasky na svete\u201c, s\u00fa nov\u00fdm extraktom, ktor\u00fd si r\u00fdchlo z\u00edskava na sile v komunite kanabisu ako najsilnej\u0161\u00ed koncentr\u00e1t na trhu. Tento kry\u0161talizovan\u00fd extrakt obsahuje viac ako 99 percent \u010dist\u00e9ho THC-A \u2013 ktor\u00e9 pri konzum\u00e1cii nevyvol\u00e1va psychoakt\u00edvny \u00fa\u010dinok, ale na premenu na psychoakt\u00edvne THC vy\u017eaduje dekarboxyl\u00e1ciu (spa\u013eovanie).<\/p>\n<p>Vynikaj\u00face diamanty THC Live Diamonds s\u00fa vyroben\u00e9 zo \u017eiv\u00fdch \u017eivica, ktor\u00e1 pom\u00e1ha zadr\u017eiava\u0165 terp\u00e9ny, v\u00fdsledkom \u010doho je chutnej\u0161\u00ed koncentr\u00e1t!<br \/> K\u00fdm je \u017eiv\u00e1 \u017eivica visk\u00f3zna, je uzavret\u00e1 v tlakovej n\u00e1dobe a ponechan\u00e1 vychladn\u00fa\u0165 na izbov\u00fa teplotu. V tejto zmesi sa tvoria kry\u0161t\u00e1ly THCA, ktor\u00e9 \u010dasom padaj\u00fa na dno n\u00e1doby. Zvy\u0161kov\u00e9 terp\u00e9ny v \u017eivej \u017eivici st\u00fapaj\u00fa na povrch a vytv\u00e1raj\u00fa visk\u00f3znu vrstvu. V\u00fdsledkom je, \u017ee sa vytvor\u00ed koncentr\u00e1t obsahuj\u00faci 97 \u2013 99 percent THC, spolu s chu\u0165ou a lie\u010div\u00fdmi vlastnos\u0165ami kme\u0148ovo \u0161pecifick\u00fdch terp\u00e9nov.<\/p>\n","protected":false},"excerpt":{"rendered":"<ul>\n<li>Koncentr\u00e1t zlo\u017een\u00fd z 97 \u2013 99 % THC<\/li>\n<li>99 % \u010dist\u00e9ho THC-A<\/li>\n<li>Kanada Post Xpresspost Po\u0161tovn\u00e9 ZDARMA pre objedn\u00e1vky nad 99 USD<\/li>\n<li>Doprava iba v r\u00e1mci Kanady<\/li>\n<li>\u00dapln\u00fd popis produktu ni\u017e\u0161ie<\/li>\n<\/ul>\n","protected":false},"featured_media":4747,"comment_status":"open","ping_status":"closed","template":"","meta":[],"product_brand":[],"product_cat":[610],"product_tag":[],"class_list":{"0":"post-4734","1":"product","2":"type-product","3":"status-publish","4":"has-post-thumbnail","6":"product_cat-kupit-hash-hashish","8":"first","9":"instock","10":"shipping-taxable","11":"purchasable","12":"product-type-variable","13":"has-default-attributes"},"yoast_head":"<!-- This site is optimized with the Yoast SEO plugin v27.3 - https:\/\/yoast.com\/product\/yoast-seo-wordpress\/ -->\n<title>\u017div\u00e9 diamanty THC \u2013 vynikaj\u00faci extrakt \u2013 najlep\u0161ie najlep\u0161ie glob\u00e1lne lieky<\/title>\n<meta name=\"description\" content=\"K\u00fapte si THC Live-Diamonds \u2013 vynikaj\u00face v\u00fd\u0165a\u017eky online s dopravou a doru\u010den\u00edm do cel\u00e9ho sveta do v\u00e1\u0161ho preferovan\u00e9ho miesta. M\u00e1me maloobchodn\u00fd a ve\u013ekoobchodn\u00fd predaj THC.\" \/>\n<meta name=\"robots\" content=\"index, follow, max-snippet:-1, max-image-preview:large, max-video-preview:-1\" \/>\n<link rel=\"canonical\" href=\"https:\/\/medicinasinc.com\/sk\/product\/thc-live-diamonds-superior-extract\/\" \/>\n<meta property=\"og:locale\" content=\"en_US\" \/>\n<meta property=\"og:type\" content=\"article\" \/>\n<meta property=\"og:title\" content=\"\u017div\u00e9 diamanty THC \u2013 vynikaj\u00faci extrakt \u2013 najlep\u0161ie najlep\u0161ie glob\u00e1lne lieky\" \/>\n<meta property=\"og:description\" content=\"K\u00fapte si THC Live-Diamonds \u2013 vynikaj\u00face v\u00fd\u0165a\u017eky online s dopravou a doru\u010den\u00edm do cel\u00e9ho sveta do v\u00e1\u0161ho preferovan\u00e9ho miesta. M\u00e1me maloobchodn\u00fd a ve\u013ekoobchodn\u00fd predaj THC.\" \/>\n<meta property=\"og:url\" content=\"https:\/\/medicinasinc.com\/sk\/product\/thc-live-diamonds-superior-extract\/\" \/>\n<meta property=\"og:site_name\" content=\"Medicinas Inc\" \/>\n<meta property=\"article:modified_time\" content=\"2022-03-22T01:17:20+00:00\" \/>\n<meta property=\"og:image\" content=\"https:\/\/medicinasinc.com\/sk\/wp-content\/uploads\/sites\/10\/2022\/02\/Buy-THC-Live-Diamonds-Superior-Extract.jpg\" \/>\n\t<meta property=\"og:image:width\" content=\"600\" \/>\n\t<meta property=\"og:image:height\" content=\"600\" \/>\n\t<meta property=\"og:image:type\" content=\"image\/jpeg\" \/>\n<meta name=\"twitter:card\" content=\"summary_large_image\" \/>\n<meta name=\"twitter:label1\" content=\"Est. reading time\" \/>\n\t<meta name=\"twitter:data1\" content=\"1 minute\" \/>\n<script type=\"application\/ld+json\" class=\"yoast-schema-graph\">{\"@context\":\"https:\\\/\\\/schema.org\",\"@graph\":[{\"@type\":\"WebPage\",\"@id\":\"https:\\\/\\\/medicinasinc.com\\\/sk\\\/product\\\/thc-live-diamonds-superior-extract\\\/\",\"url\":\"https:\\\/\\\/medicinasinc.com\\\/sk\\\/product\\\/thc-live-diamonds-superior-extract\\\/\",\"name\":\"\u017div\u00e9 diamanty THC \u2013 vynikaj\u00faci extrakt \u2013 najlep\u0161ie najlep\u0161ie glob\u00e1lne lieky\",\"isPartOf\":{\"@id\":\"https:\\\/\\\/medicinasinc.com\\\/sk\\\/#website\"},\"primaryImageOfPage\":{\"@id\":\"https:\\\/\\\/medicinasinc.com\\\/sk\\\/product\\\/thc-live-diamonds-superior-extract\\\/#primaryimage\"},\"image\":{\"@id\":\"https:\\\/\\\/medicinasinc.com\\\/sk\\\/product\\\/thc-live-diamonds-superior-extract\\\/#primaryimage\"},\"thumbnailUrl\":\"https:\\\/\\\/medicinasinc.com\\\/sk\\\/wp-content\\\/uploads\\\/sites\\\/10\\\/2022\\\/02\\\/Buy-THC-Live-Diamonds-Superior-Extract.jpg\",\"datePublished\":\"2022-02-20T15:19:28+00:00\",\"dateModified\":\"2022-03-22T01:17:20+00:00\",\"description\":\"K\u00fapte si THC Live-Diamonds \u2013 vynikaj\u00face v\u00fd\u0165a\u017eky online s dopravou a doru\u010den\u00edm do cel\u00e9ho sveta do v\u00e1\u0161ho preferovan\u00e9ho miesta. M\u00e1me maloobchodn\u00fd a ve\u013ekoobchodn\u00fd predaj THC.\",\"breadcrumb\":{\"@id\":\"https:\\\/\\\/medicinasinc.com\\\/sk\\\/product\\\/thc-live-diamonds-superior-extract\\\/#breadcrumb\"},\"inLanguage\":\"en-US\",\"potentialAction\":[{\"@type\":\"ReadAction\",\"target\":[\"https:\\\/\\\/medicinasinc.com\\\/sk\\\/product\\\/thc-live-diamonds-superior-extract\\\/\"]}]},{\"@type\":\"ImageObject\",\"inLanguage\":\"en-US\",\"@id\":\"https:\\\/\\\/medicinasinc.com\\\/sk\\\/product\\\/thc-live-diamonds-superior-extract\\\/#primaryimage\",\"url\":\"https:\\\/\\\/medicinasinc.com\\\/sk\\\/wp-content\\\/uploads\\\/sites\\\/10\\\/2022\\\/02\\\/Buy-THC-Live-Diamonds-Superior-Extract.jpg\",\"contentUrl\":\"https:\\\/\\\/medicinasinc.com\\\/sk\\\/wp-content\\\/uploads\\\/sites\\\/10\\\/2022\\\/02\\\/Buy-THC-Live-Diamonds-Superior-Extract.jpg\",\"width\":600,\"height\":600},{\"@type\":\"BreadcrumbList\",\"@id\":\"https:\\\/\\\/medicinasinc.com\\\/sk\\\/product\\\/thc-live-diamonds-superior-extract\\\/#breadcrumb\",\"itemListElement\":[{\"@type\":\"ListItem\",\"position\":1,\"name\":\"Obchod\",\"item\":\"https:\\\/\\\/medicinasinc.com\\\/sk\\\/obchod\\\/\"},{\"@type\":\"ListItem\",\"position\":2,\"name\":\"\u017div\u00e9 diamanty THC &#8211; vynikaj\u00faci extrakt\"}]},{\"@type\":\"WebSite\",\"@id\":\"https:\\\/\\\/medicinasinc.com\\\/sk\\\/#website\",\"url\":\"https:\\\/\\\/medicinasinc.com\\\/sk\\\/\",\"name\":\"Medicinas Inc\",\"description\":\"Health Medical Clinic\",\"potentialAction\":[{\"@type\":\"SearchAction\",\"target\":{\"@type\":\"EntryPoint\",\"urlTemplate\":\"https:\\\/\\\/medicinasinc.com\\\/sk\\\/?s={search_term_string}\"},\"query-input\":{\"@type\":\"PropertyValueSpecification\",\"valueRequired\":true,\"valueName\":\"search_term_string\"}}],\"inLanguage\":\"en-US\"}]}<\/script>\n<!-- \/ Yoast SEO plugin. -->","yoast_head_json":{"title":"\u017div\u00e9 diamanty THC \u2013 vynikaj\u00faci extrakt \u2013 najlep\u0161ie najlep\u0161ie glob\u00e1lne lieky","description":"K\u00fapte si THC Live-Diamonds \u2013 vynikaj\u00face v\u00fd\u0165a\u017eky online s dopravou a doru\u010den\u00edm do cel\u00e9ho sveta do v\u00e1\u0161ho preferovan\u00e9ho miesta. M\u00e1me maloobchodn\u00fd a ve\u013ekoobchodn\u00fd predaj THC.","robots":{"index":"index","follow":"follow","max-snippet":"max-snippet:-1","max-image-preview":"max-image-preview:large","max-video-preview":"max-video-preview:-1"},"canonical":"https:\/\/medicinasinc.com\/sk\/product\/thc-live-diamonds-superior-extract\/","og_locale":"en_US","og_type":"article","og_title":"\u017div\u00e9 diamanty THC \u2013 vynikaj\u00faci extrakt \u2013 najlep\u0161ie najlep\u0161ie glob\u00e1lne lieky","og_description":"K\u00fapte si THC Live-Diamonds \u2013 vynikaj\u00face v\u00fd\u0165a\u017eky online s dopravou a doru\u010den\u00edm do cel\u00e9ho sveta do v\u00e1\u0161ho preferovan\u00e9ho miesta. M\u00e1me maloobchodn\u00fd a ve\u013ekoobchodn\u00fd predaj THC.","og_url":"https:\/\/medicinasinc.com\/sk\/product\/thc-live-diamonds-superior-extract\/","og_site_name":"Medicinas Inc","article_modified_time":"2022-03-22T01:17:20+00:00","og_image":[{"width":600,"height":600,"url":"https:\/\/medicinasinc.com\/sk\/wp-content\/uploads\/sites\/10\/2022\/02\/Buy-THC-Live-Diamonds-Superior-Extract.jpg","type":"image\/jpeg"}],"twitter_card":"summary_large_image","twitter_misc":{"Est. reading time":"1 minute"},"schema":{"@context":"https:\/\/schema.org","@graph":[{"@type":"WebPage","@id":"https:\/\/medicinasinc.com\/sk\/product\/thc-live-diamonds-superior-extract\/","url":"https:\/\/medicinasinc.com\/sk\/product\/thc-live-diamonds-superior-extract\/","name":"\u017div\u00e9 diamanty THC \u2013 vynikaj\u00faci extrakt \u2013 najlep\u0161ie najlep\u0161ie glob\u00e1lne lieky","isPartOf":{"@id":"https:\/\/medicinasinc.com\/sk\/#website"},"primaryImageOfPage":{"@id":"https:\/\/medicinasinc.com\/sk\/product\/thc-live-diamonds-superior-extract\/#primaryimage"},"image":{"@id":"https:\/\/medicinasinc.com\/sk\/product\/thc-live-diamonds-superior-extract\/#primaryimage"},"thumbnailUrl":"https:\/\/medicinasinc.com\/sk\/wp-content\/uploads\/sites\/10\/2022\/02\/Buy-THC-Live-Diamonds-Superior-Extract.jpg","datePublished":"2022-02-20T15:19:28+00:00","dateModified":"2022-03-22T01:17:20+00:00","description":"K\u00fapte si THC Live-Diamonds \u2013 vynikaj\u00face v\u00fd\u0165a\u017eky online s dopravou a doru\u010den\u00edm do cel\u00e9ho sveta do v\u00e1\u0161ho preferovan\u00e9ho miesta. M\u00e1me maloobchodn\u00fd a ve\u013ekoobchodn\u00fd predaj THC.","breadcrumb":{"@id":"https:\/\/medicinasinc.com\/sk\/product\/thc-live-diamonds-superior-extract\/#breadcrumb"},"inLanguage":"en-US","potentialAction":[{"@type":"ReadAction","target":["https:\/\/medicinasinc.com\/sk\/product\/thc-live-diamonds-superior-extract\/"]}]},{"@type":"ImageObject","inLanguage":"en-US","@id":"https:\/\/medicinasinc.com\/sk\/product\/thc-live-diamonds-superior-extract\/#primaryimage","url":"https:\/\/medicinasinc.com\/sk\/wp-content\/uploads\/sites\/10\/2022\/02\/Buy-THC-Live-Diamonds-Superior-Extract.jpg","contentUrl":"https:\/\/medicinasinc.com\/sk\/wp-content\/uploads\/sites\/10\/2022\/02\/Buy-THC-Live-Diamonds-Superior-Extract.jpg","width":600,"height":600},{"@type":"BreadcrumbList","@id":"https:\/\/medicinasinc.com\/sk\/product\/thc-live-diamonds-superior-extract\/#breadcrumb","itemListElement":[{"@type":"ListItem","position":1,"name":"Obchod","item":"https:\/\/medicinasinc.com\/sk\/obchod\/"},{"@type":"ListItem","position":2,"name":"\u017div\u00e9 diamanty THC &#8211; vynikaj\u00faci extrakt"}]},{"@type":"WebSite","@id":"https:\/\/medicinasinc.com\/sk\/#website","url":"https:\/\/medicinasinc.com\/sk\/","name":"Medicinas Inc","description":"Health Medical Clinic","potentialAction":[{"@type":"SearchAction","target":{"@type":"EntryPoint","urlTemplate":"https:\/\/medicinasinc.com\/sk\/?s={search_term_string}"},"query-input":{"@type":"PropertyValueSpecification","valueRequired":true,"valueName":"search_term_string"}}],"inLanguage":"en-US"}]}},"_links":{"self":[{"href":"https:\/\/medicinasinc.com\/sk\/wp-json\/wp\/v2\/product\/4734","targetHints":{"allow":["GET"]}}],"collection":[{"href":"https:\/\/medicinasinc.com\/sk\/wp-json\/wp\/v2\/product"}],"about":[{"href":"https:\/\/medicinasinc.com\/sk\/wp-json\/wp\/v2\/types\/product"}],"replies":[{"embeddable":true,"href":"https:\/\/medicinasinc.com\/sk\/wp-json\/wp\/v2\/comments?post=4734"}],"wp:featuredmedia":[{"embeddable":true,"href":"https:\/\/medicinasinc.com\/sk\/wp-json\/wp\/v2\/media\/4747"}],"wp:attachment":[{"href":"https:\/\/medicinasinc.com\/sk\/wp-json\/wp\/v2\/media?parent=4734"}],"wp:term":[{"taxonomy":"product_brand","embeddable":true,"href":"https:\/\/medicinasinc.com\/sk\/wp-json\/wp\/v2\/product_brand?post=4734"},{"taxonomy":"product_cat","embeddable":true,"href":"https:\/\/medicinasinc.com\/sk\/wp-json\/wp\/v2\/product_cat?post=4734"},{"taxonomy":"product_tag","embeddable":true,"href":"https:\/\/medicinasinc.com\/sk\/wp-json\/wp\/v2\/product_tag?post=4734"}],"curies":[{"name":"wp","href":"https:\/\/api.w.org\/{rel}","templated":true}]}}