{"id":4733,"date":"2022-02-20T15:18:37","date_gmt":"2022-02-20T15:18:37","guid":{"rendered":"https:\/\/medicinasinc.com\/sk\/?post_type=product&#038;p=4733"},"modified":"2022-03-22T01:17:29","modified_gmt":"2022-03-22T01:17:29","slug":"kupit-ruzovy-kush-hash","status":"publish","type":"product","link":"https:\/\/medicinasinc.com\/sk\/product\/kupit-ruzovy-kush-hash\/","title":{"rendered":"K\u00fapi\u0165 Pink Kush Hash"},"content":{"rendered":"<p>Online n\u00e1kup Pink Kush Hash<\/p>\n<p>Sk\u00f4r ako si k\u00fapite leg\u00e1lny hash online, je d\u00f4le\u017eit\u00e9 pochopi\u0165, \u010do to je, ako s\u00favis\u00ed s kanabisom a \u010do ho odli\u0161uje od in\u00fdch burinov\u00fdch produktov. Hash, in\u00fd v\u00fdraz pre \u201eha\u0161i\u0161\u201c, je kanabisov\u00fd koncentr\u00e1t, ktor\u00fd sa dod\u00e1va smolou rastliny marihuany. To sa dosiahne oddelen\u00edm org\u00e1nov \u0161\u0165avy rastliny kanabisu, ktor\u00e9 sa s\u00fahrnne naz\u00fdvaj\u00fa trich\u00f3my, od jej kvetov. Je zn\u00e1me, \u017ee tieto trich\u00f3my obsahuj\u00fa najvy\u0161\u0161ie koncentr\u00e1cie kanabinoidov a terp\u00e9nov, \u010do s\u00fa chemick\u00e9 zl\u00fa\u010deniny zodpovedn\u00e9 za jedine\u010dn\u00e9 vlastnosti a vlastnosti Maryjane. V\u010faka vysokej koncentr\u00e1cii kanabinoidov a terp\u00e9nov v ha\u0161i m\u00e1 mimoriadnu schopnos\u0165 vytv\u00e1ra\u0165 ohromuj\u00face psychoakt\u00edvne a lie\u010debn\u00e9 stretnutia pre klientov s kanabisom. Ha\u0161ov\u00fd olej je vysoko koncentrovan\u00e1 forma kanabisu, ktor\u00fa mo\u017eno faj\u010di\u0165, odparova\u0165, konzumova\u0165 alebo drhn\u00fa\u0165 na poko\u017eke. Pr\u00edle\u017eitostne sa pou\u017eitie hash oleja ozna\u010duje ako \u201edosiahnutie\u201c alebo \u201espotreba\u201c. Ha\u0161ov\u00fd olej poch\u00e1dza z rastl\u00edn konope a obsahuje THC (delta-9-tetrahydrokanabinol), rovnak\u00fa revolu\u010dn\u00fa zl\u00fa\u010deninu, ktor\u00e1 sa nach\u00e1dza v in\u00fdch produktoch Maryjane.<\/p>\n<p>V ka\u017edom pr\u00edpade je ha\u0161ov\u00fd olej \u00fa\u010dinnej\u0161\u00ed, obsahuje a\u017e 90 % \u010dist\u00e9 THC. Samozrejme, v in\u00fdch \u010dastiach rastliny konope je typick\u00e1 koncentr\u00e1cia THC okolo 12 %. D\u00f4veryhodn\u00e1<\/p>\n<p>Extrakcia CO2 je v s\u00fa\u010dasnosti naj\u00fa\u010dinnej\u0161ou met\u00f3dou extrakcie oleja THC. Okrem toho je to najbe\u017enej\u0161ia a najbezpe\u010dnej\u0161ia met\u00f3da v\u00fdroby kanabisov\u00e9ho oleja, destil\u00e1tu a n\u00e1kladn\u00fdch \u00e1ut so \u017eivou gumou. D\u00f4vod, pre\u010do je v dne\u0161nej dobe tak\u00fd roz\u0161\u00edren\u00fd, je ten, \u017ee tento THC olej neobsahuje \u010fal\u0161ie rozp\u00fa\u0161\u0165adl\u00e1, ako je l\u00fah alebo but\u00e1n.<\/p>\n<p>V\u00e4\u010d\u0161ina THC olejov obsahuje druh zni\u017euj\u00facej sa pripravenosti. Je to potrebn\u00e9 na to, aby si olej udr\u017eal ide\u00e1lnu konzistenciu na vapovanie. Naj\u00fa\u010dinnej\u0161\u00edmi reduk\u010dn\u00fdmi \u010dinidlami s\u00fa rastlinn\u00fd glycer\u00edn a propyl\u00e9nglykol (VG a PG), ktor\u00e9 be\u017ene n\u00e1jdeme v be\u017en\u00fdch e-liquidoch. Nieko\u013eko z nich obsahuje r\u00f4zne plniv\u00e1, ako je PEG, a podstatne nov\u0161ie aj TEC Temper, \u010do je \u010fal\u0161ia podmienka odvoden\u00e1 od konven\u010dn\u00fdch terp\u00e9nov. Ha\u0161ov\u00fd olej je mo\u017en\u00e9 zak\u00fapi\u0165.<\/p>\n","protected":false},"excerpt":{"rendered":"<p>K\u00fapi\u0165 Pink Kush Hash na predaj v Spojenom kr\u00e1\u013eovstve, Eur\u00f3pe online. Pink Kush, rovnako vyh\u013ead\u00e1van\u00fd ako jeho pr\u00edbuzn\u00fd OG Kush, je hybrid s dominanciou indiky so siln\u00fdmi \u00fa\u010dinkami zameran\u00fdmi na telo. Objednajte si online TERAZ!<\/p>\n<ul>\n<li>Celosvetov\u00e1 doprava<\/li>\n<li>Kontaktujte n\u00e1s pre v\u00e4\u010d\u0161ie objedn\u00e1vky<\/li>\n<\/ul>\n","protected":false},"featured_media":4745,"comment_status":"open","ping_status":"closed","template":"","meta":[],"product_brand":[],"product_cat":[610],"product_tag":[],"class_list":{"0":"post-4733","1":"product","2":"type-product","3":"status-publish","4":"has-post-thumbnail","6":"product_cat-kupit-hash-hashish","8":"first","9":"instock","10":"shipping-taxable","11":"purchasable","12":"product-type-variable","13":"has-default-attributes"},"yoast_head":"<!-- This site is optimized with the Yoast SEO plugin v27.3 - https:\/\/yoast.com\/product\/yoast-seo-wordpress\/ -->\n<title>K\u00fapte si Pink Kush Hash online \u2013 najlep\u0161ie najlep\u0161ie glob\u00e1lne lieky<\/title>\n<meta name=\"description\" content=\"K\u00fapi\u0165 Pink Kush Hash na predaj Ve\u013ek\u00e1 Brit\u00e1nia, Eur\u00f3pa online. Pink Kush, rovnako vyh\u013ead\u00e1van\u00fd ako jeho pr\u00edbuzn\u00fd OG Kush, je hybrid s dominanciou indiky so siln\u00fdmi \u00fa\u010dinkami zameran\u00fdmi na telo. Objednajte si online TERAZ!\" \/>\n<meta name=\"robots\" content=\"index, follow, max-snippet:-1, max-image-preview:large, max-video-preview:-1\" \/>\n<link rel=\"canonical\" href=\"https:\/\/medicinasinc.com\/sk\/product\/kupit-ruzovy-kush-hash\/\" \/>\n<meta property=\"og:locale\" content=\"en_US\" \/>\n<meta property=\"og:type\" content=\"article\" \/>\n<meta property=\"og:title\" content=\"K\u00fapte si Pink Kush Hash online \u2013 najlep\u0161ie najlep\u0161ie glob\u00e1lne lieky\" \/>\n<meta property=\"og:description\" content=\"K\u00fapi\u0165 Pink Kush Hash na predaj Ve\u013ek\u00e1 Brit\u00e1nia, Eur\u00f3pa online. Pink Kush, rovnako vyh\u013ead\u00e1van\u00fd ako jeho pr\u00edbuzn\u00fd OG Kush, je hybrid s dominanciou indiky so siln\u00fdmi \u00fa\u010dinkami zameran\u00fdmi na telo. Objednajte si online TERAZ!\" \/>\n<meta property=\"og:url\" content=\"https:\/\/medicinasinc.com\/sk\/product\/kupit-ruzovy-kush-hash\/\" \/>\n<meta property=\"og:site_name\" content=\"Medicinas Inc\" \/>\n<meta property=\"article:modified_time\" content=\"2022-03-22T01:17:29+00:00\" \/>\n<meta property=\"og:image\" content=\"https:\/\/medicinasinc.com\/sk\/wp-content\/uploads\/sites\/10\/2022\/02\/buy-pink-kush-hash.jpg\" \/>\n\t<meta property=\"og:image:width\" content=\"600\" \/>\n\t<meta property=\"og:image:height\" content=\"600\" \/>\n\t<meta property=\"og:image:type\" content=\"image\/jpeg\" \/>\n<meta name=\"twitter:card\" content=\"summary_large_image\" \/>\n<meta name=\"twitter:label1\" content=\"Est. reading time\" \/>\n\t<meta name=\"twitter:data1\" content=\"2 minutes\" \/>\n<script type=\"application\/ld+json\" class=\"yoast-schema-graph\">{\"@context\":\"https:\\\/\\\/schema.org\",\"@graph\":[{\"@type\":\"WebPage\",\"@id\":\"https:\\\/\\\/medicinasinc.com\\\/sk\\\/product\\\/kupit-ruzovy-kush-hash\\\/\",\"url\":\"https:\\\/\\\/medicinasinc.com\\\/sk\\\/product\\\/kupit-ruzovy-kush-hash\\\/\",\"name\":\"K\u00fapte si Pink Kush Hash online \u2013 najlep\u0161ie najlep\u0161ie glob\u00e1lne lieky\",\"isPartOf\":{\"@id\":\"https:\\\/\\\/medicinasinc.com\\\/sk\\\/#website\"},\"primaryImageOfPage\":{\"@id\":\"https:\\\/\\\/medicinasinc.com\\\/sk\\\/product\\\/kupit-ruzovy-kush-hash\\\/#primaryimage\"},\"image\":{\"@id\":\"https:\\\/\\\/medicinasinc.com\\\/sk\\\/product\\\/kupit-ruzovy-kush-hash\\\/#primaryimage\"},\"thumbnailUrl\":\"https:\\\/\\\/medicinasinc.com\\\/sk\\\/wp-content\\\/uploads\\\/sites\\\/10\\\/2022\\\/02\\\/buy-pink-kush-hash.jpg\",\"datePublished\":\"2022-02-20T15:18:37+00:00\",\"dateModified\":\"2022-03-22T01:17:29+00:00\",\"description\":\"K\u00fapi\u0165 Pink Kush Hash na predaj Ve\u013ek\u00e1 Brit\u00e1nia, Eur\u00f3pa online. Pink Kush, rovnako vyh\u013ead\u00e1van\u00fd ako jeho pr\u00edbuzn\u00fd OG Kush, je hybrid s dominanciou indiky so siln\u00fdmi \u00fa\u010dinkami zameran\u00fdmi na telo. Objednajte si online TERAZ!\",\"breadcrumb\":{\"@id\":\"https:\\\/\\\/medicinasinc.com\\\/sk\\\/product\\\/kupit-ruzovy-kush-hash\\\/#breadcrumb\"},\"inLanguage\":\"en-US\",\"potentialAction\":[{\"@type\":\"ReadAction\",\"target\":[\"https:\\\/\\\/medicinasinc.com\\\/sk\\\/product\\\/kupit-ruzovy-kush-hash\\\/\"]}]},{\"@type\":\"ImageObject\",\"inLanguage\":\"en-US\",\"@id\":\"https:\\\/\\\/medicinasinc.com\\\/sk\\\/product\\\/kupit-ruzovy-kush-hash\\\/#primaryimage\",\"url\":\"https:\\\/\\\/medicinasinc.com\\\/sk\\\/wp-content\\\/uploads\\\/sites\\\/10\\\/2022\\\/02\\\/buy-pink-kush-hash.jpg\",\"contentUrl\":\"https:\\\/\\\/medicinasinc.com\\\/sk\\\/wp-content\\\/uploads\\\/sites\\\/10\\\/2022\\\/02\\\/buy-pink-kush-hash.jpg\",\"width\":600,\"height\":600},{\"@type\":\"BreadcrumbList\",\"@id\":\"https:\\\/\\\/medicinasinc.com\\\/sk\\\/product\\\/kupit-ruzovy-kush-hash\\\/#breadcrumb\",\"itemListElement\":[{\"@type\":\"ListItem\",\"position\":1,\"name\":\"Obchod\",\"item\":\"https:\\\/\\\/medicinasinc.com\\\/sk\\\/obchod\\\/\"},{\"@type\":\"ListItem\",\"position\":2,\"name\":\"K\u00fapi\u0165 Pink Kush Hash\"}]},{\"@type\":\"WebSite\",\"@id\":\"https:\\\/\\\/medicinasinc.com\\\/sk\\\/#website\",\"url\":\"https:\\\/\\\/medicinasinc.com\\\/sk\\\/\",\"name\":\"Medicinas Inc\",\"description\":\"Health Medical Clinic\",\"potentialAction\":[{\"@type\":\"SearchAction\",\"target\":{\"@type\":\"EntryPoint\",\"urlTemplate\":\"https:\\\/\\\/medicinasinc.com\\\/sk\\\/?s={search_term_string}\"},\"query-input\":{\"@type\":\"PropertyValueSpecification\",\"valueRequired\":true,\"valueName\":\"search_term_string\"}}],\"inLanguage\":\"en-US\"}]}<\/script>\n<!-- \/ Yoast SEO plugin. -->","yoast_head_json":{"title":"K\u00fapte si Pink Kush Hash online \u2013 najlep\u0161ie najlep\u0161ie glob\u00e1lne lieky","description":"K\u00fapi\u0165 Pink Kush Hash na predaj Ve\u013ek\u00e1 Brit\u00e1nia, Eur\u00f3pa online. Pink Kush, rovnako vyh\u013ead\u00e1van\u00fd ako jeho pr\u00edbuzn\u00fd OG Kush, je hybrid s dominanciou indiky so siln\u00fdmi \u00fa\u010dinkami zameran\u00fdmi na telo. Objednajte si online TERAZ!","robots":{"index":"index","follow":"follow","max-snippet":"max-snippet:-1","max-image-preview":"max-image-preview:large","max-video-preview":"max-video-preview:-1"},"canonical":"https:\/\/medicinasinc.com\/sk\/product\/kupit-ruzovy-kush-hash\/","og_locale":"en_US","og_type":"article","og_title":"K\u00fapte si Pink Kush Hash online \u2013 najlep\u0161ie najlep\u0161ie glob\u00e1lne lieky","og_description":"K\u00fapi\u0165 Pink Kush Hash na predaj Ve\u013ek\u00e1 Brit\u00e1nia, Eur\u00f3pa online. Pink Kush, rovnako vyh\u013ead\u00e1van\u00fd ako jeho pr\u00edbuzn\u00fd OG Kush, je hybrid s dominanciou indiky so siln\u00fdmi \u00fa\u010dinkami zameran\u00fdmi na telo. Objednajte si online TERAZ!","og_url":"https:\/\/medicinasinc.com\/sk\/product\/kupit-ruzovy-kush-hash\/","og_site_name":"Medicinas Inc","article_modified_time":"2022-03-22T01:17:29+00:00","og_image":[{"width":600,"height":600,"url":"https:\/\/medicinasinc.com\/sk\/wp-content\/uploads\/sites\/10\/2022\/02\/buy-pink-kush-hash.jpg","type":"image\/jpeg"}],"twitter_card":"summary_large_image","twitter_misc":{"Est. reading time":"2 minutes"},"schema":{"@context":"https:\/\/schema.org","@graph":[{"@type":"WebPage","@id":"https:\/\/medicinasinc.com\/sk\/product\/kupit-ruzovy-kush-hash\/","url":"https:\/\/medicinasinc.com\/sk\/product\/kupit-ruzovy-kush-hash\/","name":"K\u00fapte si Pink Kush Hash online \u2013 najlep\u0161ie najlep\u0161ie glob\u00e1lne lieky","isPartOf":{"@id":"https:\/\/medicinasinc.com\/sk\/#website"},"primaryImageOfPage":{"@id":"https:\/\/medicinasinc.com\/sk\/product\/kupit-ruzovy-kush-hash\/#primaryimage"},"image":{"@id":"https:\/\/medicinasinc.com\/sk\/product\/kupit-ruzovy-kush-hash\/#primaryimage"},"thumbnailUrl":"https:\/\/medicinasinc.com\/sk\/wp-content\/uploads\/sites\/10\/2022\/02\/buy-pink-kush-hash.jpg","datePublished":"2022-02-20T15:18:37+00:00","dateModified":"2022-03-22T01:17:29+00:00","description":"K\u00fapi\u0165 Pink Kush Hash na predaj Ve\u013ek\u00e1 Brit\u00e1nia, Eur\u00f3pa online. Pink Kush, rovnako vyh\u013ead\u00e1van\u00fd ako jeho pr\u00edbuzn\u00fd OG Kush, je hybrid s dominanciou indiky so siln\u00fdmi \u00fa\u010dinkami zameran\u00fdmi na telo. Objednajte si online TERAZ!","breadcrumb":{"@id":"https:\/\/medicinasinc.com\/sk\/product\/kupit-ruzovy-kush-hash\/#breadcrumb"},"inLanguage":"en-US","potentialAction":[{"@type":"ReadAction","target":["https:\/\/medicinasinc.com\/sk\/product\/kupit-ruzovy-kush-hash\/"]}]},{"@type":"ImageObject","inLanguage":"en-US","@id":"https:\/\/medicinasinc.com\/sk\/product\/kupit-ruzovy-kush-hash\/#primaryimage","url":"https:\/\/medicinasinc.com\/sk\/wp-content\/uploads\/sites\/10\/2022\/02\/buy-pink-kush-hash.jpg","contentUrl":"https:\/\/medicinasinc.com\/sk\/wp-content\/uploads\/sites\/10\/2022\/02\/buy-pink-kush-hash.jpg","width":600,"height":600},{"@type":"BreadcrumbList","@id":"https:\/\/medicinasinc.com\/sk\/product\/kupit-ruzovy-kush-hash\/#breadcrumb","itemListElement":[{"@type":"ListItem","position":1,"name":"Obchod","item":"https:\/\/medicinasinc.com\/sk\/obchod\/"},{"@type":"ListItem","position":2,"name":"K\u00fapi\u0165 Pink Kush Hash"}]},{"@type":"WebSite","@id":"https:\/\/medicinasinc.com\/sk\/#website","url":"https:\/\/medicinasinc.com\/sk\/","name":"Medicinas Inc","description":"Health Medical Clinic","potentialAction":[{"@type":"SearchAction","target":{"@type":"EntryPoint","urlTemplate":"https:\/\/medicinasinc.com\/sk\/?s={search_term_string}"},"query-input":{"@type":"PropertyValueSpecification","valueRequired":true,"valueName":"search_term_string"}}],"inLanguage":"en-US"}]}},"_links":{"self":[{"href":"https:\/\/medicinasinc.com\/sk\/wp-json\/wp\/v2\/product\/4733","targetHints":{"allow":["GET"]}}],"collection":[{"href":"https:\/\/medicinasinc.com\/sk\/wp-json\/wp\/v2\/product"}],"about":[{"href":"https:\/\/medicinasinc.com\/sk\/wp-json\/wp\/v2\/types\/product"}],"replies":[{"embeddable":true,"href":"https:\/\/medicinasinc.com\/sk\/wp-json\/wp\/v2\/comments?post=4733"}],"wp:featuredmedia":[{"embeddable":true,"href":"https:\/\/medicinasinc.com\/sk\/wp-json\/wp\/v2\/media\/4745"}],"wp:attachment":[{"href":"https:\/\/medicinasinc.com\/sk\/wp-json\/wp\/v2\/media?parent=4733"}],"wp:term":[{"taxonomy":"product_brand","embeddable":true,"href":"https:\/\/medicinasinc.com\/sk\/wp-json\/wp\/v2\/product_brand?post=4733"},{"taxonomy":"product_cat","embeddable":true,"href":"https:\/\/medicinasinc.com\/sk\/wp-json\/wp\/v2\/product_cat?post=4733"},{"taxonomy":"product_tag","embeddable":true,"href":"https:\/\/medicinasinc.com\/sk\/wp-json\/wp\/v2\/product_tag?post=4733"}],"curies":[{"name":"wp","href":"https:\/\/api.w.org\/{rel}","templated":true}]}}