{"id":4717,"date":"2022-02-20T15:05:15","date_gmt":"2022-02-20T15:05:15","guid":{"rendered":"https:\/\/medicinasinc.com\/sk\/?post_type=product&#038;p=4717"},"modified":"2022-03-22T01:17:38","modified_gmt":"2022-03-22T01:17:38","slug":"buy-nepalese-stick-hash","status":"publish","type":"product","link":"https:\/\/medicinasinc.com\/sk\/product\/buy-nepalese-stick-hash\/","title":{"rendered":"K\u00fapte si Nep\u00e1lsky Stick Hash"},"content":{"rendered":"<p>Online n\u00e1kup Nep\u00e1lskeho Stick Hash<\/p>\n<p>Nep\u00e1lsky Stick Hash sa pripravuje rovnak\u00fdm sp\u00f4sobom ako Temple Balls. Rastliny konope ich pestuj\u00fa. Najprv sa zbieraj\u00fa a zbieraj\u00fa p\u00fa\u010diky alebo kvety konope. Pretrite tieto p\u00fa\u010diky medzi rukami, aby ste extrahovali \u017eivice alebo trich\u00f3my. Zo z\u00edskan\u00fdch \u017eiv\u00edc s\u00fa vytvoren\u00e9 Temple Balls. Sp\u00e1nkov\u00e9 gule sa potom pritla\u010dia na hrub\u00fa, tvrd\u00fa policu alebo dosku.<\/p>\n<p>Nep\u00e1lska ty\u010dinka je zvonka \u010dierna a zvn\u00fatra hnedast\u00e1. Obsahuj\u00fa takmer 15-20% THC. S\u00fa vysoko koncentrovan\u00e9 a maj\u00fa korenist\u00fa alebo sladen\u00fa pr\u00edchu\u0165.<\/p>\n<p>\u00da\u010dinky:<\/p>\n<p>\u00da\u010dinky Stick Hash s\u00fa zvy\u010dajne z\u00e1visl\u00e9 od koncentr\u00e1cie THC a \u017eivice. Maj\u00fa tendenciu zvy\u0161ova\u0165 va\u0161u telesn\u00fa teplotu a dv\u00edha\u0165 v\u00e1s na nebezpe\u010dne vysok\u00fa \u00farove\u0148 aj v mal\u00fdch mno\u017estv\u00e1ch. Vo v\u0161eobecnosti je bezpe\u010dn\u00e9 pou\u017eitie a m\u00e1 pol\u010das rozpadu 6-7 hod\u00edn. Tieto hash sticks s\u00fa ide\u00e1lne pre t\u00fdch, ktor\u00ed potrebuj\u00fa zosta\u0165 dlho vysoko.<\/p>\n<p>Ako vyu\u017ei\u0165:<\/p>\n<p>Nep\u00e1lsky Stick Hash je produktom Nep\u00e1lu. M\u00f4\u017eu sa faj\u010di\u0165, l\u00fahova\u0165 do fajky, zapracov\u00e1va\u0165 do jedl\u00fdch jed\u00e1l alebo vapova\u0165. Ke\u010f sa Stick Hash pou\u017eije v potravin\u00e1ch, trv\u00e1 pribli\u017ene 1-2 hodiny, k\u00fdm sa na\u0161tartuje a uk\u00e1\u017ee efekt.<\/p>\n<p>Kde si m\u00f4\u017eem k\u00fapi\u0165 Nep\u00e1lsky Stick Hash na internete?<\/p>\n<p>M\u00f4\u017eete si ho k\u00fapi\u0165 \u010derstvo pripraven\u00fd nep\u00e1lsky pali\u010dkov\u00fd hash na na\u0161ej webovej str\u00e1nke, poskytujeme v\u00e1m vysoko kvalitn\u00e9 a mimoriadne \u00fa\u010dinn\u00e9 hash palice. Tie sa vyr\u00e1baj\u00fa prirodzen\u00fdm sp\u00f4sobom v Nep\u00e1le. M\u00f4\u017eete si ich k\u00fapi\u0165 za rozumn\u00fa cenu a dostanete ich r\u00fdchlo.<\/p>\n","protected":false},"excerpt":{"rendered":"<p>K\u00fapi\u0165 Nepalese Stick Hash Online Nep\u00e1l\u010dina ozna\u010duje ak\u00fdko\u013evek kme\u0148, ktor\u00fd naivne rastie v oblasti Nep\u00e1lu. Objednajte si burinu online, tieto p\u00f4vodn\u00e9 odrody.<\/p>\n","protected":false},"featured_media":4730,"comment_status":"open","ping_status":"closed","template":"","meta":[],"product_brand":[],"product_cat":[610],"product_tag":[],"class_list":{"0":"post-4717","1":"product","2":"type-product","3":"status-publish","4":"has-post-thumbnail","6":"product_cat-kupit-hash-hashish","8":"first","9":"instock","10":"shipping-taxable","11":"purchasable","12":"product-type-variable","13":"has-default-attributes"},"yoast_head":"<!-- This site is optimized with the Yoast SEO plugin v27.3 - https:\/\/yoast.com\/product\/yoast-seo-wordpress\/ -->\n<title>K\u00fapte si nep\u00e1lsky pali\u010dkov\u00fd hash \u2013 najlep\u0161ie najlep\u0161ie glob\u00e1lne lieky<\/title>\n<meta name=\"description\" content=\"Buy Nepalese Stick Hash Online Nep\u00e1l\u010dina ozna\u010duje ak\u00fdko\u013evek kme\u0148, ktor\u00fd naivne rastie v oblasti Nep\u00e1lu. Objednajte si burinu online, tieto p\u00f4vodn\u00e9 odrody.\" \/>\n<meta name=\"robots\" content=\"index, follow, max-snippet:-1, max-image-preview:large, max-video-preview:-1\" \/>\n<link rel=\"canonical\" href=\"https:\/\/medicinasinc.com\/sk\/product\/buy-nepalese-stick-hash\/\" \/>\n<meta property=\"og:locale\" content=\"en_US\" \/>\n<meta property=\"og:type\" content=\"article\" \/>\n<meta property=\"og:title\" content=\"K\u00fapte si nep\u00e1lsky pali\u010dkov\u00fd hash \u2013 najlep\u0161ie najlep\u0161ie glob\u00e1lne lieky\" \/>\n<meta property=\"og:description\" content=\"Buy Nepalese Stick Hash Online Nep\u00e1l\u010dina ozna\u010duje ak\u00fdko\u013evek kme\u0148, ktor\u00fd naivne rastie v oblasti Nep\u00e1lu. Objednajte si burinu online, tieto p\u00f4vodn\u00e9 odrody.\" \/>\n<meta property=\"og:url\" content=\"https:\/\/medicinasinc.com\/sk\/product\/buy-nepalese-stick-hash\/\" \/>\n<meta property=\"og:site_name\" content=\"Medicinas Inc\" \/>\n<meta property=\"article:modified_time\" content=\"2022-03-22T01:17:38+00:00\" \/>\n<meta property=\"og:image\" content=\"https:\/\/medicinasinc.com\/sk\/wp-content\/uploads\/sites\/10\/2022\/02\/Buy-Nepalese-Stick-Hash.jpg\" \/>\n\t<meta property=\"og:image:width\" content=\"600\" \/>\n\t<meta property=\"og:image:height\" content=\"600\" \/>\n\t<meta property=\"og:image:type\" content=\"image\/jpeg\" \/>\n<meta name=\"twitter:card\" content=\"summary_large_image\" \/>\n<meta name=\"twitter:label1\" content=\"Est. reading time\" \/>\n\t<meta name=\"twitter:data1\" content=\"2 minutes\" \/>\n<script type=\"application\/ld+json\" class=\"yoast-schema-graph\">{\"@context\":\"https:\\\/\\\/schema.org\",\"@graph\":[{\"@type\":\"WebPage\",\"@id\":\"https:\\\/\\\/medicinasinc.com\\\/sk\\\/product\\\/buy-nepalese-stick-hash\\\/\",\"url\":\"https:\\\/\\\/medicinasinc.com\\\/sk\\\/product\\\/buy-nepalese-stick-hash\\\/\",\"name\":\"K\u00fapte si nep\u00e1lsky pali\u010dkov\u00fd hash \u2013 najlep\u0161ie najlep\u0161ie glob\u00e1lne lieky\",\"isPartOf\":{\"@id\":\"https:\\\/\\\/medicinasinc.com\\\/sk\\\/#website\"},\"primaryImageOfPage\":{\"@id\":\"https:\\\/\\\/medicinasinc.com\\\/sk\\\/product\\\/buy-nepalese-stick-hash\\\/#primaryimage\"},\"image\":{\"@id\":\"https:\\\/\\\/medicinasinc.com\\\/sk\\\/product\\\/buy-nepalese-stick-hash\\\/#primaryimage\"},\"thumbnailUrl\":\"https:\\\/\\\/medicinasinc.com\\\/sk\\\/wp-content\\\/uploads\\\/sites\\\/10\\\/2022\\\/02\\\/Buy-Nepalese-Stick-Hash.jpg\",\"datePublished\":\"2022-02-20T15:05:15+00:00\",\"dateModified\":\"2022-03-22T01:17:38+00:00\",\"description\":\"Buy Nepalese Stick Hash Online Nep\u00e1l\u010dina ozna\u010duje ak\u00fdko\u013evek kme\u0148, ktor\u00fd naivne rastie v oblasti Nep\u00e1lu. Objednajte si burinu online, tieto p\u00f4vodn\u00e9 odrody.\",\"breadcrumb\":{\"@id\":\"https:\\\/\\\/medicinasinc.com\\\/sk\\\/product\\\/buy-nepalese-stick-hash\\\/#breadcrumb\"},\"inLanguage\":\"en-US\",\"potentialAction\":[{\"@type\":\"ReadAction\",\"target\":[\"https:\\\/\\\/medicinasinc.com\\\/sk\\\/product\\\/buy-nepalese-stick-hash\\\/\"]}]},{\"@type\":\"ImageObject\",\"inLanguage\":\"en-US\",\"@id\":\"https:\\\/\\\/medicinasinc.com\\\/sk\\\/product\\\/buy-nepalese-stick-hash\\\/#primaryimage\",\"url\":\"https:\\\/\\\/medicinasinc.com\\\/sk\\\/wp-content\\\/uploads\\\/sites\\\/10\\\/2022\\\/02\\\/Buy-Nepalese-Stick-Hash.jpg\",\"contentUrl\":\"https:\\\/\\\/medicinasinc.com\\\/sk\\\/wp-content\\\/uploads\\\/sites\\\/10\\\/2022\\\/02\\\/Buy-Nepalese-Stick-Hash.jpg\",\"width\":600,\"height\":600},{\"@type\":\"BreadcrumbList\",\"@id\":\"https:\\\/\\\/medicinasinc.com\\\/sk\\\/product\\\/buy-nepalese-stick-hash\\\/#breadcrumb\",\"itemListElement\":[{\"@type\":\"ListItem\",\"position\":1,\"name\":\"Obchod\",\"item\":\"https:\\\/\\\/medicinasinc.com\\\/sk\\\/obchod\\\/\"},{\"@type\":\"ListItem\",\"position\":2,\"name\":\"K\u00fapte si Nep\u00e1lsky Stick Hash\"}]},{\"@type\":\"WebSite\",\"@id\":\"https:\\\/\\\/medicinasinc.com\\\/sk\\\/#website\",\"url\":\"https:\\\/\\\/medicinasinc.com\\\/sk\\\/\",\"name\":\"Medicinas Inc\",\"description\":\"Health Medical Clinic\",\"potentialAction\":[{\"@type\":\"SearchAction\",\"target\":{\"@type\":\"EntryPoint\",\"urlTemplate\":\"https:\\\/\\\/medicinasinc.com\\\/sk\\\/?s={search_term_string}\"},\"query-input\":{\"@type\":\"PropertyValueSpecification\",\"valueRequired\":true,\"valueName\":\"search_term_string\"}}],\"inLanguage\":\"en-US\"}]}<\/script>\n<!-- \/ Yoast SEO plugin. -->","yoast_head_json":{"title":"K\u00fapte si nep\u00e1lsky pali\u010dkov\u00fd hash \u2013 najlep\u0161ie najlep\u0161ie glob\u00e1lne lieky","description":"Buy Nepalese Stick Hash Online Nep\u00e1l\u010dina ozna\u010duje ak\u00fdko\u013evek kme\u0148, ktor\u00fd naivne rastie v oblasti Nep\u00e1lu. Objednajte si burinu online, tieto p\u00f4vodn\u00e9 odrody.","robots":{"index":"index","follow":"follow","max-snippet":"max-snippet:-1","max-image-preview":"max-image-preview:large","max-video-preview":"max-video-preview:-1"},"canonical":"https:\/\/medicinasinc.com\/sk\/product\/buy-nepalese-stick-hash\/","og_locale":"en_US","og_type":"article","og_title":"K\u00fapte si nep\u00e1lsky pali\u010dkov\u00fd hash \u2013 najlep\u0161ie najlep\u0161ie glob\u00e1lne lieky","og_description":"Buy Nepalese Stick Hash Online Nep\u00e1l\u010dina ozna\u010duje ak\u00fdko\u013evek kme\u0148, ktor\u00fd naivne rastie v oblasti Nep\u00e1lu. Objednajte si burinu online, tieto p\u00f4vodn\u00e9 odrody.","og_url":"https:\/\/medicinasinc.com\/sk\/product\/buy-nepalese-stick-hash\/","og_site_name":"Medicinas Inc","article_modified_time":"2022-03-22T01:17:38+00:00","og_image":[{"width":600,"height":600,"url":"https:\/\/medicinasinc.com\/sk\/wp-content\/uploads\/sites\/10\/2022\/02\/Buy-Nepalese-Stick-Hash.jpg","type":"image\/jpeg"}],"twitter_card":"summary_large_image","twitter_misc":{"Est. reading time":"2 minutes"},"schema":{"@context":"https:\/\/schema.org","@graph":[{"@type":"WebPage","@id":"https:\/\/medicinasinc.com\/sk\/product\/buy-nepalese-stick-hash\/","url":"https:\/\/medicinasinc.com\/sk\/product\/buy-nepalese-stick-hash\/","name":"K\u00fapte si nep\u00e1lsky pali\u010dkov\u00fd hash \u2013 najlep\u0161ie najlep\u0161ie glob\u00e1lne lieky","isPartOf":{"@id":"https:\/\/medicinasinc.com\/sk\/#website"},"primaryImageOfPage":{"@id":"https:\/\/medicinasinc.com\/sk\/product\/buy-nepalese-stick-hash\/#primaryimage"},"image":{"@id":"https:\/\/medicinasinc.com\/sk\/product\/buy-nepalese-stick-hash\/#primaryimage"},"thumbnailUrl":"https:\/\/medicinasinc.com\/sk\/wp-content\/uploads\/sites\/10\/2022\/02\/Buy-Nepalese-Stick-Hash.jpg","datePublished":"2022-02-20T15:05:15+00:00","dateModified":"2022-03-22T01:17:38+00:00","description":"Buy Nepalese Stick Hash Online Nep\u00e1l\u010dina ozna\u010duje ak\u00fdko\u013evek kme\u0148, ktor\u00fd naivne rastie v oblasti Nep\u00e1lu. Objednajte si burinu online, tieto p\u00f4vodn\u00e9 odrody.","breadcrumb":{"@id":"https:\/\/medicinasinc.com\/sk\/product\/buy-nepalese-stick-hash\/#breadcrumb"},"inLanguage":"en-US","potentialAction":[{"@type":"ReadAction","target":["https:\/\/medicinasinc.com\/sk\/product\/buy-nepalese-stick-hash\/"]}]},{"@type":"ImageObject","inLanguage":"en-US","@id":"https:\/\/medicinasinc.com\/sk\/product\/buy-nepalese-stick-hash\/#primaryimage","url":"https:\/\/medicinasinc.com\/sk\/wp-content\/uploads\/sites\/10\/2022\/02\/Buy-Nepalese-Stick-Hash.jpg","contentUrl":"https:\/\/medicinasinc.com\/sk\/wp-content\/uploads\/sites\/10\/2022\/02\/Buy-Nepalese-Stick-Hash.jpg","width":600,"height":600},{"@type":"BreadcrumbList","@id":"https:\/\/medicinasinc.com\/sk\/product\/buy-nepalese-stick-hash\/#breadcrumb","itemListElement":[{"@type":"ListItem","position":1,"name":"Obchod","item":"https:\/\/medicinasinc.com\/sk\/obchod\/"},{"@type":"ListItem","position":2,"name":"K\u00fapte si Nep\u00e1lsky Stick Hash"}]},{"@type":"WebSite","@id":"https:\/\/medicinasinc.com\/sk\/#website","url":"https:\/\/medicinasinc.com\/sk\/","name":"Medicinas Inc","description":"Health Medical Clinic","potentialAction":[{"@type":"SearchAction","target":{"@type":"EntryPoint","urlTemplate":"https:\/\/medicinasinc.com\/sk\/?s={search_term_string}"},"query-input":{"@type":"PropertyValueSpecification","valueRequired":true,"valueName":"search_term_string"}}],"inLanguage":"en-US"}]}},"_links":{"self":[{"href":"https:\/\/medicinasinc.com\/sk\/wp-json\/wp\/v2\/product\/4717","targetHints":{"allow":["GET"]}}],"collection":[{"href":"https:\/\/medicinasinc.com\/sk\/wp-json\/wp\/v2\/product"}],"about":[{"href":"https:\/\/medicinasinc.com\/sk\/wp-json\/wp\/v2\/types\/product"}],"replies":[{"embeddable":true,"href":"https:\/\/medicinasinc.com\/sk\/wp-json\/wp\/v2\/comments?post=4717"}],"wp:featuredmedia":[{"embeddable":true,"href":"https:\/\/medicinasinc.com\/sk\/wp-json\/wp\/v2\/media\/4730"}],"wp:attachment":[{"href":"https:\/\/medicinasinc.com\/sk\/wp-json\/wp\/v2\/media?parent=4717"}],"wp:term":[{"taxonomy":"product_brand","embeddable":true,"href":"https:\/\/medicinasinc.com\/sk\/wp-json\/wp\/v2\/product_brand?post=4717"},{"taxonomy":"product_cat","embeddable":true,"href":"https:\/\/medicinasinc.com\/sk\/wp-json\/wp\/v2\/product_cat?post=4717"},{"taxonomy":"product_tag","embeddable":true,"href":"https:\/\/medicinasinc.com\/sk\/wp-json\/wp\/v2\/product_tag?post=4717"}],"curies":[{"name":"wp","href":"https:\/\/api.w.org\/{rel}","templated":true}]}}