{"id":4716,"date":"2022-02-20T15:05:01","date_gmt":"2022-02-20T15:05:01","guid":{"rendered":"https:\/\/medicinasinc.com\/sk\/?post_type=product&#038;p=4716"},"modified":"2022-03-22T01:17:52","modified_gmt":"2022-03-22T01:17:52","slug":"kupit-nederhash-hasis","status":"publish","type":"product","link":"https:\/\/medicinasinc.com\/sk\/product\/kupit-nederhash-hasis\/","title":{"rendered":"K\u00fapte si nederhashsk\u00fd ha\u0161i\u0161"},"content":{"rendered":"<p>Online n\u00e1kup nederhash ha\u0161i\u0161a<\/p>\n<p>\u010co presne je hash? Hash sa z\u00edskava z rastl\u00edn Cannabis pestovan\u00fdch v Holandsku. Rastliny sa zvy\u010dajne pestuj\u00fa vo vn\u00fatri, ale existuje aj nieko\u013eko vonkaj\u0161\u00edch a sklen\u00edkov\u00fdch projektov. Gener\u00e1cia: Techniky mont\u00e1\u017ee sa l\u00ed\u0161ia v z\u00e1vislosti od v\u00fdrobcu. Zatia\u013e \u010do v\u00e4\u010d\u0161ina hashu sa dod\u00e1va prostredn\u00edctvom skr\u00edningu, ako je to v pr\u00edpade Maroka, mal\u00e9 mno\u017estvo ru\u010dne vy\u010disten\u00e9ho hashu sa vyr\u00e1ba aj pomocou afganskej strat\u00e9gie (ktor\u00e1 sa samozrejme v\u00fdrazne zlep\u0161ila). V ka\u017edom pr\u00edpade sa v ha\u0161i\u0161i men\u00ed len stopov\u00e9 mno\u017estvo buriny. Tienenie: Vo v\u0161eobecnosti ve\u013emi zelen\u00e9, ale to sa l\u00ed\u0161i pod\u013ea typu pou\u017eitej buriny a v\u00fdrobcu. V\u00f4\u0148a: Typicky tr\u00e1vov\u00e1 alebo skunky, ale to z\u00e1vis\u00ed od druhu buriny. Chu\u0165: identick\u00e1 s u\u017e uvedenou. Konzistencia: Ve\u013ek\u00e1 \u010das\u0165 holandsk\u00e9ho ha\u0161i\u0161a nie je stla\u010den\u00e1 presne (toto je remeseln\u00e9 spracovanie) a \u0148uf\u00e1ky s\u00fa zvy\u010dajne oddelen\u00e9 pr\u00edli\u0161 efekt\u00edvne. V ka\u017edom pr\u00edpade sa konzistencia ned\u00e1vno zlep\u0161ila a zd\u00e1 sa, \u017ee sa r\u00fdchlo prisp\u00f4sobili. Je zrejm\u00e9, \u017ee predch\u00e1dzaj\u00face sa net\u00fdka ru\u010dne vy\u010disten\u00e9ho hashu, ktor\u00fd je mimoriadne jemn\u00fd, podobn\u00fd afgansk\u00e9mu. Typicky sa hash sklad\u00e1 zo \u017eensk\u00fdch hl\u00e1v, ktor\u00e9 boli rozbit\u00e9 a stla\u010den\u00e9 pod obrovsk\u00fdm za\u0165a\u017een\u00edm, aby vytvorili siln\u00fa nepravidelnos\u0165, ktor\u00e1 sa \u00faplne rozpr\u00e1\u0161i. Typ High sa l\u00ed\u0161i pod\u013ea pou\u017eit\u00e9ho kme\u0148a Weed, ale v\u00e4\u010d\u0161inou je High ve\u013emi dynamick\u00fd a cerebr\u00e1lny. Intenzita: Od siln\u00e9ho po siln\u00fd, tento materi\u00e1l prekon\u00e1va ak\u00fdko\u013evek in\u00fd typ hash dostupn\u00e9ho be\u017en\u00e9mu pou\u017e\u00edvate\u013eovi. Dokonca prevy\u0161uje v\u00e4\u010d\u0161inu Nep\u00e1lcov a takmer ka\u017ed\u00e9ho benevolentn\u00e9ho Afganca. (Obsahuje a\u017e 59 percent THC) Dostupnos\u0165: Mimo Holandska a susedn\u00fdch kraj\u00edn mimoriadne zriedkav\u00e9. Nezatajil by som dych \u010dakan\u00edm, k\u00fdm sa toto objav\u00ed na britskom trhu. Vo v\u0161eobecnosti sa kvalita l\u00ed\u0161i, ale n\u00e1klady s\u00fa v\u017edy vysok\u00e9. Pre holandsk\u00fd hash neexistuje \u0161tandardn\u00e1 klasifik\u00e1cia. Sensi-Hash je n\u00e1zov pre mimoriadny pr\u00e1\u0161ok, ktor\u00fd je v podstate ve\u013emi husto zabalen\u00fd drahokamy THC.<\/p>\n<p>Ako vznik\u00e1 hash?<\/p>\n<p>V\u00e4\u010d\u0161ina hashu sa vyr\u00e1ba tren\u00edm su\u0161en\u00fdch rastl\u00edn proti ve\u013emi jemnej sie\u0165ovine. Potom trich\u00f3my prepadn\u00fa cez sito a oddelia ich od rastlinn\u00e9ho materi\u00e1lu. \u017divicov\u00e9 \u017e\u013eazy sa potom zahrej\u00fa a stla\u010dia, aby vytvorili s\u00fadr\u017en\u00fa hmotu ha\u0161i\u0161a.<\/p>\n<p>Ha\u0161i\u0161 vs. marihuana?<\/p>\n<p>Na za\u010diatok je zrejm\u00e9, \u017ee medzi marihuanou a ha\u0161i\u0161om je zrejm\u00e1 s\u00favislos\u0165 oboch z tej istej rastliny konope. Ako u\u017e pravdepodobne viete, \u010drepn\u00edk je kvetn\u00fd p\u00fa\u010dik sami\u010d\u00ed rastliny kanabisu. Hash weed sa sklad\u00e1 z rovnak\u00fdch p\u00fa\u010dikov ako marihuana, ale spracov\u00e1va sa inak. K\u00fdm je rastlina konope v plnom kvete, zbieraj\u00fa sa puky a farm\u00e1r potom postupuje jedn\u00fdm z dvoch smerov. V pr\u00edpade ha\u0161a bud\u00fa kvety zavesen\u00e9 na su\u0161enie. V\u00fdsledn\u00fdm produktom je rastlina, ktor\u00fa v\u0161etci pozn\u00e1me, po odstr\u00e1nen\u00ed ka\u017ed\u00e9ho semena, jari a prebyto\u010dn\u00e9ho listu. Je \u00faplne na v\u00e1s, \u010di uprednost\u0148ujete marihuanu alebo ha\u0161i\u0161, ale jedin\u00fd sp\u00f4sob, ako z\u00edska\u0165 pr\u00edstup ku v\u0161etk\u00fdm v\u00fdhod\u00e1m konope, je osobn\u00e9 vzdel\u00e1vanie. Pred faj\u010den\u00edm si urobte prieskum a ako v\u017edy sa prihl\u00e1ste na odber n\u00e1\u0161ho bulletinu, kde z\u00edskate \u010fal\u0161ie tipy a triky!<\/p>\n<p>\u010co je vlastne ha\u0161i\u0161?<\/p>\n<p>\u010co je ha\u0161i\u0161? Ha\u0161i\u0161, alternat\u00edvne ozna\u010dovan\u00fd ako \u201ehash\u201c, je typ p\u00fa\u010dika marihuany, ktor\u00fd vznik\u00e1 lisovan\u00edm a spracovan\u00edm trich\u00f3mov rastliny kanabisu. Zvy\u010dajne sa faj\u010d\u00ed v fajke, bongu, vaporiz\u00e9ri alebo jointe, ale m\u00f4\u017ee sa konzumova\u0165 aj peror\u00e1lne. Ako sa vyr\u00e1ba ha\u0161i\u0161? Online n\u00e1kup Nederhash Ha\u0161i\u0161, ha\u0161i\u0161 sa vyr\u00e1ba oddelen\u00edm t\u00fdchto trich\u00f3mov od p\u00fa\u010dikov, listov a stoniek rastliny a ich zahrievan\u00edm\/lisovan\u00edm, aby sa vytvorila \u00fa\u010dinn\u00e1 l\u00e1tka.<\/p>\n<p>Ako zrolova\u0165 joint s ha\u0161i\u0161om?<\/p>\n<p> p&gt; <\/p>\n<p>Skombinujte to s burinou a tabakom v spliffe. Ak m\u00e1te such\u00fd blok, m\u00f4\u017eete ho jednoducho rozdrvi\u0165 alebo odlomi\u0165 mal\u00e9 kamienky a zakomponova\u0165 do spolo\u010dn\u00e9ho rolovania. Kombinujte ho s tabakom alebo marihuanou. Druh\u00e1 met\u00f3da zah\u0155\u0148a intenz\u00edvnej\u0161ie high, ktor\u00e9 budete pravdepodobne vyh\u013ead\u00e1va\u0165 ak ste milovn\u00edkom dobrodru\u017estva. Najlep\u0161\u00ed sp\u00f4sob, ako zrolova\u0165 hash joint, je rozbi\u0165 hash a spoji\u0165 ho s burinou. Toto je skuto\u010dne najlep\u0161\u00ed sp\u00f4sob, ako faj\u010di\u0165 hash, preto\u017ee je \u013eahk\u00e9 ho zdie\u013ea\u0165 a chu\u0165 hash zv\u00fdraz\u0148uje doobie. Je ha\u0161i\u0161 leg\u00e1lny v Spojen\u00fdch \u0161t\u00e1toch? Aj ke\u010f bol predaj kanabisu zak\u00e1zan\u00fd v roku 1989, z\u00e1kony sa presadzuj\u00fa len zriedka a droga sa otvorene pred\u00e1va v mnoh\u00fdch \u010dastiach krajiny. Barbados, Legal pre duchovn\u00e9 pou\u017eitie registrovan\u00fdmi n\u00e1bo\u017eensk\u00fdmi organiz\u00e1ciami<\/p>\n<p>Ak\u00e9 s\u00fa \u00fa\u010dinky ha\u0161i\u0161a?<\/p>\n<p>V kr\u00e1tkodobom horizonte m\u00f4\u017ee u\u017e\u00edvanie ha\u0161i\u0161a sp\u00f4sobi\u0165 probl\u00e9my s pam\u00e4\u0165ou a u\u010den\u00edm; skreslen\u00e9 vn\u00edmanie (poh\u013eady, zvuky, \u010das, dotyk); \u0165a\u017ekosti s myslen\u00edm a rie\u0161en\u00edm probl\u00e9mov; strata koordin\u00e1cie; a zv\u00fd\u0161en\u00e1 srdcov\u00e1 frekvencia, \u00fazkos\u0165 a z\u00e1chvaty paniky. Kv\u00f4li vysokej koncentr\u00e1cii THC v ha\u0161i a in\u00fdch koncentr\u00e1toch m\u00f4\u017eu by\u0165 \u00fa\u010dinky intenz\u00edvnej\u0161ie.<\/p>\n<p>Bubble hash je koncentr\u00e1t kanabisu, ktor\u00fd sa sklad\u00e1 z tis\u00edcok trich\u00f3mov alebo \u017eivicov\u00fdch \u017eliaz, ktor\u00e9 boli extrahovan\u00e9 z pomocou \u013eadovej vody, mie\u0161ania a sita. Pojem &#8220;bublinkov\u00fd hash&#8221; sa vz\u0165ahuje na sp\u00f4sob, ak\u00fdm bublinky vystavuj\u00fa plame\u0148om. Okrem toho sa vrec\u00fa\u0161ka pou\u017e\u00edvan\u00e9 na jeho v\u00fdrobu doma naz\u00fdvaj\u00fa \u201ebublinkov\u00e9 vrec\u00fa\u0161ka\u201c.<\/p>\n<p>Hash Plant, klasika Sensi Seeds, zost\u00e1va kompaktn\u00e1 po\u010das ultra kr\u00e1tkeho obdobia kvitnutia. Tento 90% produkt z Indie je v\u00fdsledkom starostliv\u00e9ho genetick\u00e9ho v\u00fdberu, ktor\u00fd zah\u0155\u0148al kr\u00ed\u017eenie z\u00e1hadnej rastliny Hash zo Spojen\u00fdch \u0161t\u00e1tov s Northern Lights.<\/p>\n","protected":false},"excerpt":{"rendered":"<p>Online n\u00e1kup Nederhash Hashish,\u00a0 K\u00fapi\u0165 lek\u00e1rsku marihuanu v Nemecku Kde si m\u00f4\u017eem k\u00fapi\u0165 neleg\u00e1lne drogy online? Internetov\u00e9 lek\u00e1rne v mojom okol\u00ed Predaj drog na temnom webe.<\/p>\n<p>&nbsp;<\/p>\n","protected":false},"featured_media":4728,"comment_status":"open","ping_status":"closed","template":"","meta":[],"product_brand":[],"product_cat":[610],"product_tag":[],"class_list":{"0":"post-4716","1":"product","2":"type-product","3":"status-publish","4":"has-post-thumbnail","6":"product_cat-kupit-hash-hashish","8":"first","9":"instock","10":"shipping-taxable","11":"purchasable","12":"product-type-variable","13":"has-default-attributes"},"yoast_head":"<!-- This site is optimized with the Yoast SEO plugin v27.3 - https:\/\/yoast.com\/product\/yoast-seo-wordpress\/ -->\n<title>K\u00fapte si Nederhash Ha\u0161i\u0161 \u2013 najlep\u0161ie najlep\u0161ie glob\u00e1lne lieky<\/title>\n<meta name=\"description\" content=\"K\u00fapi\u0165 Nederhash Ha\u0161i\u0161 online K\u00fapi\u0165 lek\u00e1rsku tr\u00e1vu v Nemecku Kde k\u00fapi\u0165 neleg\u00e1lne drogy online Drogy na predaj online v mojom okol\u00ed Drogy z predaja Dark web.\" \/>\n<meta name=\"robots\" content=\"index, follow, max-snippet:-1, max-image-preview:large, max-video-preview:-1\" \/>\n<link rel=\"canonical\" href=\"https:\/\/medicinasinc.com\/sk\/product\/kupit-nederhash-hasis\/\" \/>\n<meta property=\"og:locale\" content=\"en_US\" \/>\n<meta property=\"og:type\" content=\"article\" \/>\n<meta property=\"og:title\" content=\"K\u00fapte si Nederhash Ha\u0161i\u0161 \u2013 najlep\u0161ie najlep\u0161ie glob\u00e1lne lieky\" \/>\n<meta property=\"og:description\" content=\"K\u00fapi\u0165 Nederhash Ha\u0161i\u0161 online K\u00fapi\u0165 lek\u00e1rsku tr\u00e1vu v Nemecku Kde k\u00fapi\u0165 neleg\u00e1lne drogy online Drogy na predaj online v mojom okol\u00ed Drogy z predaja Dark web.\" \/>\n<meta property=\"og:url\" content=\"https:\/\/medicinasinc.com\/sk\/product\/kupit-nederhash-hasis\/\" \/>\n<meta property=\"og:site_name\" content=\"Medicinas Inc\" \/>\n<meta property=\"article:modified_time\" content=\"2022-03-22T01:17:52+00:00\" \/>\n<meta property=\"og:image\" content=\"https:\/\/medicinasinc.com\/sk\/wp-content\/uploads\/sites\/10\/2022\/02\/Buy-Nederhash-Hashish-Online.jpg\" \/>\n\t<meta property=\"og:image:width\" content=\"600\" \/>\n\t<meta property=\"og:image:height\" content=\"600\" \/>\n\t<meta property=\"og:image:type\" content=\"image\/jpeg\" \/>\n<meta name=\"twitter:card\" content=\"summary_large_image\" \/>\n<meta name=\"twitter:label1\" content=\"Est. reading time\" \/>\n\t<meta name=\"twitter:data1\" content=\"4 minutes\" \/>\n<script type=\"application\/ld+json\" class=\"yoast-schema-graph\">{\"@context\":\"https:\\\/\\\/schema.org\",\"@graph\":[{\"@type\":\"WebPage\",\"@id\":\"https:\\\/\\\/medicinasinc.com\\\/sk\\\/product\\\/kupit-nederhash-hasis\\\/\",\"url\":\"https:\\\/\\\/medicinasinc.com\\\/sk\\\/product\\\/kupit-nederhash-hasis\\\/\",\"name\":\"K\u00fapte si Nederhash Ha\u0161i\u0161 \u2013 najlep\u0161ie najlep\u0161ie glob\u00e1lne lieky\",\"isPartOf\":{\"@id\":\"https:\\\/\\\/medicinasinc.com\\\/sk\\\/#website\"},\"primaryImageOfPage\":{\"@id\":\"https:\\\/\\\/medicinasinc.com\\\/sk\\\/product\\\/kupit-nederhash-hasis\\\/#primaryimage\"},\"image\":{\"@id\":\"https:\\\/\\\/medicinasinc.com\\\/sk\\\/product\\\/kupit-nederhash-hasis\\\/#primaryimage\"},\"thumbnailUrl\":\"https:\\\/\\\/medicinasinc.com\\\/sk\\\/wp-content\\\/uploads\\\/sites\\\/10\\\/2022\\\/02\\\/Buy-Nederhash-Hashish-Online.jpg\",\"datePublished\":\"2022-02-20T15:05:01+00:00\",\"dateModified\":\"2022-03-22T01:17:52+00:00\",\"description\":\"K\u00fapi\u0165 Nederhash Ha\u0161i\u0161 online K\u00fapi\u0165 lek\u00e1rsku tr\u00e1vu v Nemecku Kde k\u00fapi\u0165 neleg\u00e1lne drogy online Drogy na predaj online v mojom okol\u00ed Drogy z predaja Dark web.\",\"breadcrumb\":{\"@id\":\"https:\\\/\\\/medicinasinc.com\\\/sk\\\/product\\\/kupit-nederhash-hasis\\\/#breadcrumb\"},\"inLanguage\":\"en-US\",\"potentialAction\":[{\"@type\":\"ReadAction\",\"target\":[\"https:\\\/\\\/medicinasinc.com\\\/sk\\\/product\\\/kupit-nederhash-hasis\\\/\"]}]},{\"@type\":\"ImageObject\",\"inLanguage\":\"en-US\",\"@id\":\"https:\\\/\\\/medicinasinc.com\\\/sk\\\/product\\\/kupit-nederhash-hasis\\\/#primaryimage\",\"url\":\"https:\\\/\\\/medicinasinc.com\\\/sk\\\/wp-content\\\/uploads\\\/sites\\\/10\\\/2022\\\/02\\\/Buy-Nederhash-Hashish-Online.jpg\",\"contentUrl\":\"https:\\\/\\\/medicinasinc.com\\\/sk\\\/wp-content\\\/uploads\\\/sites\\\/10\\\/2022\\\/02\\\/Buy-Nederhash-Hashish-Online.jpg\",\"width\":600,\"height\":600},{\"@type\":\"BreadcrumbList\",\"@id\":\"https:\\\/\\\/medicinasinc.com\\\/sk\\\/product\\\/kupit-nederhash-hasis\\\/#breadcrumb\",\"itemListElement\":[{\"@type\":\"ListItem\",\"position\":1,\"name\":\"Obchod\",\"item\":\"https:\\\/\\\/medicinasinc.com\\\/sk\\\/obchod\\\/\"},{\"@type\":\"ListItem\",\"position\":2,\"name\":\"K\u00fapte si nederhashsk\u00fd ha\u0161i\u0161\"}]},{\"@type\":\"WebSite\",\"@id\":\"https:\\\/\\\/medicinasinc.com\\\/sk\\\/#website\",\"url\":\"https:\\\/\\\/medicinasinc.com\\\/sk\\\/\",\"name\":\"Medicinas Inc\",\"description\":\"Health Medical Clinic\",\"potentialAction\":[{\"@type\":\"SearchAction\",\"target\":{\"@type\":\"EntryPoint\",\"urlTemplate\":\"https:\\\/\\\/medicinasinc.com\\\/sk\\\/?s={search_term_string}\"},\"query-input\":{\"@type\":\"PropertyValueSpecification\",\"valueRequired\":true,\"valueName\":\"search_term_string\"}}],\"inLanguage\":\"en-US\"}]}<\/script>\n<!-- \/ Yoast SEO plugin. -->","yoast_head_json":{"title":"K\u00fapte si Nederhash Ha\u0161i\u0161 \u2013 najlep\u0161ie najlep\u0161ie glob\u00e1lne lieky","description":"K\u00fapi\u0165 Nederhash Ha\u0161i\u0161 online K\u00fapi\u0165 lek\u00e1rsku tr\u00e1vu v Nemecku Kde k\u00fapi\u0165 neleg\u00e1lne drogy online Drogy na predaj online v mojom okol\u00ed Drogy z predaja Dark web.","robots":{"index":"index","follow":"follow","max-snippet":"max-snippet:-1","max-image-preview":"max-image-preview:large","max-video-preview":"max-video-preview:-1"},"canonical":"https:\/\/medicinasinc.com\/sk\/product\/kupit-nederhash-hasis\/","og_locale":"en_US","og_type":"article","og_title":"K\u00fapte si Nederhash Ha\u0161i\u0161 \u2013 najlep\u0161ie najlep\u0161ie glob\u00e1lne lieky","og_description":"K\u00fapi\u0165 Nederhash Ha\u0161i\u0161 online K\u00fapi\u0165 lek\u00e1rsku tr\u00e1vu v Nemecku Kde k\u00fapi\u0165 neleg\u00e1lne drogy online Drogy na predaj online v mojom okol\u00ed Drogy z predaja Dark web.","og_url":"https:\/\/medicinasinc.com\/sk\/product\/kupit-nederhash-hasis\/","og_site_name":"Medicinas Inc","article_modified_time":"2022-03-22T01:17:52+00:00","og_image":[{"width":600,"height":600,"url":"https:\/\/medicinasinc.com\/sk\/wp-content\/uploads\/sites\/10\/2022\/02\/Buy-Nederhash-Hashish-Online.jpg","type":"image\/jpeg"}],"twitter_card":"summary_large_image","twitter_misc":{"Est. reading time":"4 minutes"},"schema":{"@context":"https:\/\/schema.org","@graph":[{"@type":"WebPage","@id":"https:\/\/medicinasinc.com\/sk\/product\/kupit-nederhash-hasis\/","url":"https:\/\/medicinasinc.com\/sk\/product\/kupit-nederhash-hasis\/","name":"K\u00fapte si Nederhash Ha\u0161i\u0161 \u2013 najlep\u0161ie najlep\u0161ie glob\u00e1lne lieky","isPartOf":{"@id":"https:\/\/medicinasinc.com\/sk\/#website"},"primaryImageOfPage":{"@id":"https:\/\/medicinasinc.com\/sk\/product\/kupit-nederhash-hasis\/#primaryimage"},"image":{"@id":"https:\/\/medicinasinc.com\/sk\/product\/kupit-nederhash-hasis\/#primaryimage"},"thumbnailUrl":"https:\/\/medicinasinc.com\/sk\/wp-content\/uploads\/sites\/10\/2022\/02\/Buy-Nederhash-Hashish-Online.jpg","datePublished":"2022-02-20T15:05:01+00:00","dateModified":"2022-03-22T01:17:52+00:00","description":"K\u00fapi\u0165 Nederhash Ha\u0161i\u0161 online K\u00fapi\u0165 lek\u00e1rsku tr\u00e1vu v Nemecku Kde k\u00fapi\u0165 neleg\u00e1lne drogy online Drogy na predaj online v mojom okol\u00ed Drogy z predaja Dark web.","breadcrumb":{"@id":"https:\/\/medicinasinc.com\/sk\/product\/kupit-nederhash-hasis\/#breadcrumb"},"inLanguage":"en-US","potentialAction":[{"@type":"ReadAction","target":["https:\/\/medicinasinc.com\/sk\/product\/kupit-nederhash-hasis\/"]}]},{"@type":"ImageObject","inLanguage":"en-US","@id":"https:\/\/medicinasinc.com\/sk\/product\/kupit-nederhash-hasis\/#primaryimage","url":"https:\/\/medicinasinc.com\/sk\/wp-content\/uploads\/sites\/10\/2022\/02\/Buy-Nederhash-Hashish-Online.jpg","contentUrl":"https:\/\/medicinasinc.com\/sk\/wp-content\/uploads\/sites\/10\/2022\/02\/Buy-Nederhash-Hashish-Online.jpg","width":600,"height":600},{"@type":"BreadcrumbList","@id":"https:\/\/medicinasinc.com\/sk\/product\/kupit-nederhash-hasis\/#breadcrumb","itemListElement":[{"@type":"ListItem","position":1,"name":"Obchod","item":"https:\/\/medicinasinc.com\/sk\/obchod\/"},{"@type":"ListItem","position":2,"name":"K\u00fapte si nederhashsk\u00fd ha\u0161i\u0161"}]},{"@type":"WebSite","@id":"https:\/\/medicinasinc.com\/sk\/#website","url":"https:\/\/medicinasinc.com\/sk\/","name":"Medicinas Inc","description":"Health Medical Clinic","potentialAction":[{"@type":"SearchAction","target":{"@type":"EntryPoint","urlTemplate":"https:\/\/medicinasinc.com\/sk\/?s={search_term_string}"},"query-input":{"@type":"PropertyValueSpecification","valueRequired":true,"valueName":"search_term_string"}}],"inLanguage":"en-US"}]}},"_links":{"self":[{"href":"https:\/\/medicinasinc.com\/sk\/wp-json\/wp\/v2\/product\/4716","targetHints":{"allow":["GET"]}}],"collection":[{"href":"https:\/\/medicinasinc.com\/sk\/wp-json\/wp\/v2\/product"}],"about":[{"href":"https:\/\/medicinasinc.com\/sk\/wp-json\/wp\/v2\/types\/product"}],"replies":[{"embeddable":true,"href":"https:\/\/medicinasinc.com\/sk\/wp-json\/wp\/v2\/comments?post=4716"}],"wp:featuredmedia":[{"embeddable":true,"href":"https:\/\/medicinasinc.com\/sk\/wp-json\/wp\/v2\/media\/4728"}],"wp:attachment":[{"href":"https:\/\/medicinasinc.com\/sk\/wp-json\/wp\/v2\/media?parent=4716"}],"wp:term":[{"taxonomy":"product_brand","embeddable":true,"href":"https:\/\/medicinasinc.com\/sk\/wp-json\/wp\/v2\/product_brand?post=4716"},{"taxonomy":"product_cat","embeddable":true,"href":"https:\/\/medicinasinc.com\/sk\/wp-json\/wp\/v2\/product_cat?post=4716"},{"taxonomy":"product_tag","embeddable":true,"href":"https:\/\/medicinasinc.com\/sk\/wp-json\/wp\/v2\/product_tag?post=4716"}],"curies":[{"name":"wp","href":"https:\/\/api.w.org\/{rel}","templated":true}]}}