{"id":4701,"date":"2022-02-20T14:53:39","date_gmt":"2022-02-20T14:53:39","guid":{"rendered":"https:\/\/medicinasinc.com\/sk\/?post_type=product&#038;p=4701"},"modified":"2022-03-22T01:18:00","modified_gmt":"2022-03-22T01:18:00","slug":"kupit-marocky-karamello-hash","status":"publish","type":"product","link":"https:\/\/medicinasinc.com\/sk\/product\/kupit-marocky-karamello-hash\/","title":{"rendered":"K\u00fapte si marock\u00fd karamello hash"},"content":{"rendered":"<p>K\u00fapte si Caramello Hash z Maroka<\/p>\n<p>K\u00fapte si Caramello Hash z Maroka. Marock\u00fd Caramello Hash je klonom rastliny hash. Vo v\u0161eobecnosti je to leg\u00e1lne a zostane leg\u00e1lne a\u017e do konca \u010dasu. Neobsahuje THC, umel\u00e9 kanabinoidy a in\u00e9 syntetick\u00e9 kanabinoidy v\u00fdskumnej kvality (ako JWH-018, JWH-073, JWH-250, AM-2209 at\u010f.). Je to takmer ur\u010dite najlep\u0161\u00ed dostupn\u00fd leg\u00e1lny hash. Pou\u017e\u00edvame iba pr\u00edrodn\u00e9 materi\u00e1ly bohat\u00e9 na \u017eiviny. Zd\u00e1 sa, \u017ee ha\u0161 vyzer\u00e1 ako ha\u0161, na dotyk je ako ha\u0161, vonia ako konope a m\u00e1 celkovo vynikaj\u00facu chu\u0165. Marock\u00fd ha\u0161i\u0161 Caramello Hash je len o nie\u010do tmav\u0161\u00ed ako na\u0161e ostatn\u00e9 produkty. Ak v\u00e1s zauj\u00edmaj\u00fa na\u0161e produkty, odpor\u00fa\u010dame v\u00e1m najsk\u00f4r zak\u00fapi\u0165 vzorov\u00fd bal\u00edk. K\u00fapte si leg\u00e1lne lieky online.<\/p>\n","protected":false},"excerpt":{"rendered":"<div class=\"woocommerce-product-details__short-description\">\n<p>Maroccan Caramello Hash je mo\u017en\u00e9 zak\u00fapi\u0165 online a obsahuje 5 g esenci\u00e1lneho konopn\u00e9ho oleja. Moroccan Caramello Hash je \u010disto pr\u00edrodn\u00fd produkt z kanabisu.<\/p>\n<p>PLATY PRIJ\u00cdMAME IBA PROSTREDN\u00cdCTVOM WESTERN UNION, MONEY GRAM ALEBO BTC. Dodacia lehota je pribli\u017ene tri dni alebo dvadsa\u0165\u0161tyri hod\u00edn.<\/p>\n<\/p><\/div>\n","protected":false},"featured_media":4714,"comment_status":"open","ping_status":"closed","template":"","meta":[],"product_brand":[],"product_cat":[610],"product_tag":[],"class_list":{"0":"post-4701","1":"product","2":"type-product","3":"status-publish","4":"has-post-thumbnail","6":"product_cat-kupit-hash-hashish","8":"first","9":"instock","10":"shipping-taxable","11":"purchasable","12":"product-type-variable","13":"has-default-attributes"},"yoast_head":"<!-- This site is optimized with the Yoast SEO plugin v27.3 - https:\/\/yoast.com\/product\/yoast-seo-wordpress\/ -->\n<title>K\u00fapte si marock\u00fd karamello hash - najlep\u0161ie najlep\u0161ie glob\u00e1lne lieky<\/title>\n<meta name=\"description\" content=\"Moroccan Caramello Hash k\u00fapite online, obsahuje 5g esenci\u00e1lneho konopn\u00e9ho oleja. Moroccan Caramello Hash je 100% pr\u00edrodn\u00fd hash produkt.\" \/>\n<meta name=\"robots\" content=\"index, follow, max-snippet:-1, max-image-preview:large, max-video-preview:-1\" \/>\n<link rel=\"canonical\" href=\"https:\/\/medicinasinc.com\/sk\/product\/kupit-marocky-karamello-hash\/\" \/>\n<meta property=\"og:locale\" content=\"en_US\" \/>\n<meta property=\"og:type\" content=\"article\" \/>\n<meta property=\"og:title\" content=\"K\u00fapte si marock\u00fd karamello hash - najlep\u0161ie najlep\u0161ie glob\u00e1lne lieky\" \/>\n<meta property=\"og:description\" content=\"Moroccan Caramello Hash k\u00fapite online, obsahuje 5g esenci\u00e1lneho konopn\u00e9ho oleja. Moroccan Caramello Hash je 100% pr\u00edrodn\u00fd hash produkt.\" \/>\n<meta property=\"og:url\" content=\"https:\/\/medicinasinc.com\/sk\/product\/kupit-marocky-karamello-hash\/\" \/>\n<meta property=\"og:site_name\" content=\"Medicinas Inc\" \/>\n<meta property=\"article:modified_time\" content=\"2022-03-22T01:18:00+00:00\" \/>\n<meta property=\"og:image\" content=\"https:\/\/medicinasinc.com\/sk\/wp-content\/uploads\/sites\/10\/2022\/02\/Buy-Moroccan-Caramello-Hash.jpg\" \/>\n\t<meta property=\"og:image:width\" content=\"600\" \/>\n\t<meta property=\"og:image:height\" content=\"600\" \/>\n\t<meta property=\"og:image:type\" content=\"image\/jpeg\" \/>\n<meta name=\"twitter:card\" content=\"summary_large_image\" \/>\n<meta name=\"twitter:label1\" content=\"Est. reading time\" \/>\n\t<meta name=\"twitter:data1\" content=\"1 minute\" \/>\n<script type=\"application\/ld+json\" class=\"yoast-schema-graph\">{\"@context\":\"https:\\\/\\\/schema.org\",\"@graph\":[{\"@type\":\"WebPage\",\"@id\":\"https:\\\/\\\/medicinasinc.com\\\/sk\\\/product\\\/kupit-marocky-karamello-hash\\\/\",\"url\":\"https:\\\/\\\/medicinasinc.com\\\/sk\\\/product\\\/kupit-marocky-karamello-hash\\\/\",\"name\":\"K\u00fapte si marock\u00fd karamello hash - najlep\u0161ie najlep\u0161ie glob\u00e1lne lieky\",\"isPartOf\":{\"@id\":\"https:\\\/\\\/medicinasinc.com\\\/sk\\\/#website\"},\"primaryImageOfPage\":{\"@id\":\"https:\\\/\\\/medicinasinc.com\\\/sk\\\/product\\\/kupit-marocky-karamello-hash\\\/#primaryimage\"},\"image\":{\"@id\":\"https:\\\/\\\/medicinasinc.com\\\/sk\\\/product\\\/kupit-marocky-karamello-hash\\\/#primaryimage\"},\"thumbnailUrl\":\"https:\\\/\\\/medicinasinc.com\\\/sk\\\/wp-content\\\/uploads\\\/sites\\\/10\\\/2022\\\/02\\\/Buy-Moroccan-Caramello-Hash.jpg\",\"datePublished\":\"2022-02-20T14:53:39+00:00\",\"dateModified\":\"2022-03-22T01:18:00+00:00\",\"description\":\"Moroccan Caramello Hash k\u00fapite online, obsahuje 5g esenci\u00e1lneho konopn\u00e9ho oleja. Moroccan Caramello Hash je 100% pr\u00edrodn\u00fd hash produkt.\",\"breadcrumb\":{\"@id\":\"https:\\\/\\\/medicinasinc.com\\\/sk\\\/product\\\/kupit-marocky-karamello-hash\\\/#breadcrumb\"},\"inLanguage\":\"en-US\",\"potentialAction\":[{\"@type\":\"ReadAction\",\"target\":[\"https:\\\/\\\/medicinasinc.com\\\/sk\\\/product\\\/kupit-marocky-karamello-hash\\\/\"]}]},{\"@type\":\"ImageObject\",\"inLanguage\":\"en-US\",\"@id\":\"https:\\\/\\\/medicinasinc.com\\\/sk\\\/product\\\/kupit-marocky-karamello-hash\\\/#primaryimage\",\"url\":\"https:\\\/\\\/medicinasinc.com\\\/sk\\\/wp-content\\\/uploads\\\/sites\\\/10\\\/2022\\\/02\\\/Buy-Moroccan-Caramello-Hash.jpg\",\"contentUrl\":\"https:\\\/\\\/medicinasinc.com\\\/sk\\\/wp-content\\\/uploads\\\/sites\\\/10\\\/2022\\\/02\\\/Buy-Moroccan-Caramello-Hash.jpg\",\"width\":600,\"height\":600},{\"@type\":\"BreadcrumbList\",\"@id\":\"https:\\\/\\\/medicinasinc.com\\\/sk\\\/product\\\/kupit-marocky-karamello-hash\\\/#breadcrumb\",\"itemListElement\":[{\"@type\":\"ListItem\",\"position\":1,\"name\":\"Obchod\",\"item\":\"https:\\\/\\\/medicinasinc.com\\\/sk\\\/obchod\\\/\"},{\"@type\":\"ListItem\",\"position\":2,\"name\":\"K\u00fapte si marock\u00fd karamello hash\"}]},{\"@type\":\"WebSite\",\"@id\":\"https:\\\/\\\/medicinasinc.com\\\/sk\\\/#website\",\"url\":\"https:\\\/\\\/medicinasinc.com\\\/sk\\\/\",\"name\":\"Medicinas Inc\",\"description\":\"Health Medical Clinic\",\"potentialAction\":[{\"@type\":\"SearchAction\",\"target\":{\"@type\":\"EntryPoint\",\"urlTemplate\":\"https:\\\/\\\/medicinasinc.com\\\/sk\\\/?s={search_term_string}\"},\"query-input\":{\"@type\":\"PropertyValueSpecification\",\"valueRequired\":true,\"valueName\":\"search_term_string\"}}],\"inLanguage\":\"en-US\"}]}<\/script>\n<!-- \/ Yoast SEO plugin. -->","yoast_head_json":{"title":"K\u00fapte si marock\u00fd karamello hash - najlep\u0161ie najlep\u0161ie glob\u00e1lne lieky","description":"Moroccan Caramello Hash k\u00fapite online, obsahuje 5g esenci\u00e1lneho konopn\u00e9ho oleja. Moroccan Caramello Hash je 100% pr\u00edrodn\u00fd hash produkt.","robots":{"index":"index","follow":"follow","max-snippet":"max-snippet:-1","max-image-preview":"max-image-preview:large","max-video-preview":"max-video-preview:-1"},"canonical":"https:\/\/medicinasinc.com\/sk\/product\/kupit-marocky-karamello-hash\/","og_locale":"en_US","og_type":"article","og_title":"K\u00fapte si marock\u00fd karamello hash - najlep\u0161ie najlep\u0161ie glob\u00e1lne lieky","og_description":"Moroccan Caramello Hash k\u00fapite online, obsahuje 5g esenci\u00e1lneho konopn\u00e9ho oleja. Moroccan Caramello Hash je 100% pr\u00edrodn\u00fd hash produkt.","og_url":"https:\/\/medicinasinc.com\/sk\/product\/kupit-marocky-karamello-hash\/","og_site_name":"Medicinas Inc","article_modified_time":"2022-03-22T01:18:00+00:00","og_image":[{"width":600,"height":600,"url":"https:\/\/medicinasinc.com\/sk\/wp-content\/uploads\/sites\/10\/2022\/02\/Buy-Moroccan-Caramello-Hash.jpg","type":"image\/jpeg"}],"twitter_card":"summary_large_image","twitter_misc":{"Est. reading time":"1 minute"},"schema":{"@context":"https:\/\/schema.org","@graph":[{"@type":"WebPage","@id":"https:\/\/medicinasinc.com\/sk\/product\/kupit-marocky-karamello-hash\/","url":"https:\/\/medicinasinc.com\/sk\/product\/kupit-marocky-karamello-hash\/","name":"K\u00fapte si marock\u00fd karamello hash - najlep\u0161ie najlep\u0161ie glob\u00e1lne lieky","isPartOf":{"@id":"https:\/\/medicinasinc.com\/sk\/#website"},"primaryImageOfPage":{"@id":"https:\/\/medicinasinc.com\/sk\/product\/kupit-marocky-karamello-hash\/#primaryimage"},"image":{"@id":"https:\/\/medicinasinc.com\/sk\/product\/kupit-marocky-karamello-hash\/#primaryimage"},"thumbnailUrl":"https:\/\/medicinasinc.com\/sk\/wp-content\/uploads\/sites\/10\/2022\/02\/Buy-Moroccan-Caramello-Hash.jpg","datePublished":"2022-02-20T14:53:39+00:00","dateModified":"2022-03-22T01:18:00+00:00","description":"Moroccan Caramello Hash k\u00fapite online, obsahuje 5g esenci\u00e1lneho konopn\u00e9ho oleja. Moroccan Caramello Hash je 100% pr\u00edrodn\u00fd hash produkt.","breadcrumb":{"@id":"https:\/\/medicinasinc.com\/sk\/product\/kupit-marocky-karamello-hash\/#breadcrumb"},"inLanguage":"en-US","potentialAction":[{"@type":"ReadAction","target":["https:\/\/medicinasinc.com\/sk\/product\/kupit-marocky-karamello-hash\/"]}]},{"@type":"ImageObject","inLanguage":"en-US","@id":"https:\/\/medicinasinc.com\/sk\/product\/kupit-marocky-karamello-hash\/#primaryimage","url":"https:\/\/medicinasinc.com\/sk\/wp-content\/uploads\/sites\/10\/2022\/02\/Buy-Moroccan-Caramello-Hash.jpg","contentUrl":"https:\/\/medicinasinc.com\/sk\/wp-content\/uploads\/sites\/10\/2022\/02\/Buy-Moroccan-Caramello-Hash.jpg","width":600,"height":600},{"@type":"BreadcrumbList","@id":"https:\/\/medicinasinc.com\/sk\/product\/kupit-marocky-karamello-hash\/#breadcrumb","itemListElement":[{"@type":"ListItem","position":1,"name":"Obchod","item":"https:\/\/medicinasinc.com\/sk\/obchod\/"},{"@type":"ListItem","position":2,"name":"K\u00fapte si marock\u00fd karamello hash"}]},{"@type":"WebSite","@id":"https:\/\/medicinasinc.com\/sk\/#website","url":"https:\/\/medicinasinc.com\/sk\/","name":"Medicinas Inc","description":"Health Medical Clinic","potentialAction":[{"@type":"SearchAction","target":{"@type":"EntryPoint","urlTemplate":"https:\/\/medicinasinc.com\/sk\/?s={search_term_string}"},"query-input":{"@type":"PropertyValueSpecification","valueRequired":true,"valueName":"search_term_string"}}],"inLanguage":"en-US"}]}},"_links":{"self":[{"href":"https:\/\/medicinasinc.com\/sk\/wp-json\/wp\/v2\/product\/4701","targetHints":{"allow":["GET"]}}],"collection":[{"href":"https:\/\/medicinasinc.com\/sk\/wp-json\/wp\/v2\/product"}],"about":[{"href":"https:\/\/medicinasinc.com\/sk\/wp-json\/wp\/v2\/types\/product"}],"replies":[{"embeddable":true,"href":"https:\/\/medicinasinc.com\/sk\/wp-json\/wp\/v2\/comments?post=4701"}],"wp:featuredmedia":[{"embeddable":true,"href":"https:\/\/medicinasinc.com\/sk\/wp-json\/wp\/v2\/media\/4714"}],"wp:attachment":[{"href":"https:\/\/medicinasinc.com\/sk\/wp-json\/wp\/v2\/media?parent=4701"}],"wp:term":[{"taxonomy":"product_brand","embeddable":true,"href":"https:\/\/medicinasinc.com\/sk\/wp-json\/wp\/v2\/product_brand?post=4701"},{"taxonomy":"product_cat","embeddable":true,"href":"https:\/\/medicinasinc.com\/sk\/wp-json\/wp\/v2\/product_cat?post=4701"},{"taxonomy":"product_tag","embeddable":true,"href":"https:\/\/medicinasinc.com\/sk\/wp-json\/wp\/v2\/product_tag?post=4701"}],"curies":[{"name":"wp","href":"https:\/\/api.w.org\/{rel}","templated":true}]}}