{"id":4700,"date":"2022-02-20T14:53:18","date_gmt":"2022-02-20T14:53:18","guid":{"rendered":"https:\/\/medicinasinc.com\/sk\/?post_type=product&#038;p=4700"},"modified":"2022-03-22T01:18:07","modified_gmt":"2022-03-22T01:18:07","slug":"buy-marocky-primero-hash","status":"publish","type":"product","link":"https:\/\/medicinasinc.com\/sk\/product\/buy-marocky-primero-hash\/","title":{"rendered":"K\u00fapte si marock\u00fd Primero Hash"},"content":{"rendered":"<p>K\u00fapte si marock\u00fd Primo Hash<\/p>\n<p>K\u00fapte si marock\u00fd Primo Hash. Marock\u00fd Primero Hash je \u00factyhodn\u00fd klon hashu. Vo v\u0161eobecnosti je to leg\u00e1lne a zostane leg\u00e1lne a\u017e do konca \u010dasu. Neobsahuje THC, syntetick\u00e9 kanabinoidy a in\u00e9 v\u00fdskumn\u00e9 syntetick\u00e9 l\u00e1tky (ako JWH-018, JWH-073, JWH-250, AM-2209 at\u010f.). Je to pravdepodobne najlep\u0161\u00ed dostupn\u00fd leg\u00e1lny klon ha\u0161i\u0161a. Pou\u017e\u00edvame iba pr\u00edrodn\u00e9 materi\u00e1ly bohat\u00e9 na \u017eiviny. Zd\u00e1 sa, \u017ee hash vyzer\u00e1 ako hash, je na dotyk, vonia ako konope a m\u00e1 \u00fa\u017easn\u00fa chu\u0165. Marock\u00fd ha\u0161i\u0161 Primero je len o nie\u010do tmav\u0161\u00ed ako na\u0161e ostatn\u00e9 produkty. Ak v\u00e1s zauj\u00edmaj\u00fa na\u0161e produkty, odpor\u00fa\u010dame v\u00e1m najsk\u00f4r zak\u00fapi\u0165 vzorov\u00fd bal\u00edk. K\u00fapte si viac na\u0161ich leg\u00e1lnych hash klonov, aby ste u\u0161etrili peniaze.<\/p>\n","protected":false},"excerpt":{"rendered":"<div class=\"woocommerce-product-details__short-description\">\n<p>k\u00fapte si marock\u00fd premi\u00e9rov\u00fd hash online na bestglobalmed s r\u00fdchlym celosvetov\u00fdm doru\u010den\u00edm. Pred\u00e1m kvalitn\u00fd marock\u00fd hash. nakupujte teraz.<\/p>\n<\/p><\/div>\n","protected":false},"featured_media":4712,"comment_status":"open","ping_status":"closed","template":"","meta":[],"product_brand":[],"product_cat":[610],"product_tag":[683,686,687,684,685,688],"class_list":{"0":"post-4700","1":"product","2":"type-product","3":"status-publish","4":"has-post-thumbnail","6":"product_cat-kupit-hash-hashish","7":"product_tag-buy-buy-bubble-hash-online","8":"product_tag-buy-nepalese-temple-balls","9":"product_tag-halls-strawberry-cough-drops","10":"product_tag-kpi-konope-kokosov-olej","11":"product_tag-kpi-marock-karamel-online","12":"product_tag-medovo-marocko-blond-c3-adnka-hash","14":"first","15":"instock","16":"shipping-taxable","17":"purchasable","18":"product-type-variable","19":"has-default-attributes"},"yoast_head":"<!-- This site is optimized with the Yoast SEO plugin v27.3 - https:\/\/yoast.com\/product\/yoast-seo-wordpress\/ -->\n<title>K\u00fapte si marock\u00fd Primero Hash \u2013 najlep\u0161ie najlep\u0161ie glob\u00e1lne lieky<\/title>\n<meta name=\"description\" content=\"k\u00fapte si marock\u00fd premiero hash online na bestglobalmed s r\u00fdchlym celosvetov\u00fdm doru\u010den\u00edm. Pred\u00e1m kvalitn\u00fd marock\u00fd hash. Nakupuj teraz.\" \/>\n<meta name=\"robots\" content=\"index, follow, max-snippet:-1, max-image-preview:large, max-video-preview:-1\" \/>\n<link rel=\"canonical\" href=\"https:\/\/medicinasinc.com\/sk\/product\/buy-marocky-primero-hash\/\" \/>\n<meta property=\"og:locale\" content=\"en_US\" \/>\n<meta property=\"og:type\" content=\"article\" \/>\n<meta property=\"og:title\" content=\"K\u00fapte si marock\u00fd Primero Hash \u2013 najlep\u0161ie najlep\u0161ie glob\u00e1lne lieky\" \/>\n<meta property=\"og:description\" content=\"k\u00fapte si marock\u00fd premiero hash online na bestglobalmed s r\u00fdchlym celosvetov\u00fdm doru\u010den\u00edm. Pred\u00e1m kvalitn\u00fd marock\u00fd hash. Nakupuj teraz.\" \/>\n<meta property=\"og:url\" content=\"https:\/\/medicinasinc.com\/sk\/product\/buy-marocky-primero-hash\/\" \/>\n<meta property=\"og:site_name\" content=\"Medicinas Inc\" \/>\n<meta property=\"article:modified_time\" content=\"2022-03-22T01:18:07+00:00\" \/>\n<meta property=\"og:image\" content=\"https:\/\/medicinasinc.com\/sk\/wp-content\/uploads\/sites\/10\/2022\/02\/Buy-Moroccan-Primero-Hash.jpg\" \/>\n\t<meta property=\"og:image:width\" content=\"600\" \/>\n\t<meta property=\"og:image:height\" content=\"600\" \/>\n\t<meta property=\"og:image:type\" content=\"image\/jpeg\" \/>\n<meta name=\"twitter:card\" content=\"summary_large_image\" \/>\n<meta name=\"twitter:label1\" content=\"Est. reading time\" \/>\n\t<meta name=\"twitter:data1\" content=\"1 minute\" \/>\n<script type=\"application\/ld+json\" class=\"yoast-schema-graph\">{\"@context\":\"https:\\\/\\\/schema.org\",\"@graph\":[{\"@type\":\"WebPage\",\"@id\":\"https:\\\/\\\/medicinasinc.com\\\/sk\\\/product\\\/buy-marocky-primero-hash\\\/\",\"url\":\"https:\\\/\\\/medicinasinc.com\\\/sk\\\/product\\\/buy-marocky-primero-hash\\\/\",\"name\":\"K\u00fapte si marock\u00fd Primero Hash \u2013 najlep\u0161ie najlep\u0161ie glob\u00e1lne lieky\",\"isPartOf\":{\"@id\":\"https:\\\/\\\/medicinasinc.com\\\/sk\\\/#website\"},\"primaryImageOfPage\":{\"@id\":\"https:\\\/\\\/medicinasinc.com\\\/sk\\\/product\\\/buy-marocky-primero-hash\\\/#primaryimage\"},\"image\":{\"@id\":\"https:\\\/\\\/medicinasinc.com\\\/sk\\\/product\\\/buy-marocky-primero-hash\\\/#primaryimage\"},\"thumbnailUrl\":\"https:\\\/\\\/medicinasinc.com\\\/sk\\\/wp-content\\\/uploads\\\/sites\\\/10\\\/2022\\\/02\\\/Buy-Moroccan-Primero-Hash.jpg\",\"datePublished\":\"2022-02-20T14:53:18+00:00\",\"dateModified\":\"2022-03-22T01:18:07+00:00\",\"description\":\"k\u00fapte si marock\u00fd premiero hash online na bestglobalmed s r\u00fdchlym celosvetov\u00fdm doru\u010den\u00edm. Pred\u00e1m kvalitn\u00fd marock\u00fd hash. Nakupuj teraz.\",\"breadcrumb\":{\"@id\":\"https:\\\/\\\/medicinasinc.com\\\/sk\\\/product\\\/buy-marocky-primero-hash\\\/#breadcrumb\"},\"inLanguage\":\"en-US\",\"potentialAction\":[{\"@type\":\"ReadAction\",\"target\":[\"https:\\\/\\\/medicinasinc.com\\\/sk\\\/product\\\/buy-marocky-primero-hash\\\/\"]}]},{\"@type\":\"ImageObject\",\"inLanguage\":\"en-US\",\"@id\":\"https:\\\/\\\/medicinasinc.com\\\/sk\\\/product\\\/buy-marocky-primero-hash\\\/#primaryimage\",\"url\":\"https:\\\/\\\/medicinasinc.com\\\/sk\\\/wp-content\\\/uploads\\\/sites\\\/10\\\/2022\\\/02\\\/Buy-Moroccan-Primero-Hash.jpg\",\"contentUrl\":\"https:\\\/\\\/medicinasinc.com\\\/sk\\\/wp-content\\\/uploads\\\/sites\\\/10\\\/2022\\\/02\\\/Buy-Moroccan-Primero-Hash.jpg\",\"width\":600,\"height\":600},{\"@type\":\"BreadcrumbList\",\"@id\":\"https:\\\/\\\/medicinasinc.com\\\/sk\\\/product\\\/buy-marocky-primero-hash\\\/#breadcrumb\",\"itemListElement\":[{\"@type\":\"ListItem\",\"position\":1,\"name\":\"Obchod\",\"item\":\"https:\\\/\\\/medicinasinc.com\\\/sk\\\/obchod\\\/\"},{\"@type\":\"ListItem\",\"position\":2,\"name\":\"K\u00fapte si marock\u00fd Primero Hash\"}]},{\"@type\":\"WebSite\",\"@id\":\"https:\\\/\\\/medicinasinc.com\\\/sk\\\/#website\",\"url\":\"https:\\\/\\\/medicinasinc.com\\\/sk\\\/\",\"name\":\"Medicinas Inc\",\"description\":\"Health Medical Clinic\",\"potentialAction\":[{\"@type\":\"SearchAction\",\"target\":{\"@type\":\"EntryPoint\",\"urlTemplate\":\"https:\\\/\\\/medicinasinc.com\\\/sk\\\/?s={search_term_string}\"},\"query-input\":{\"@type\":\"PropertyValueSpecification\",\"valueRequired\":true,\"valueName\":\"search_term_string\"}}],\"inLanguage\":\"en-US\"}]}<\/script>\n<!-- \/ Yoast SEO plugin. -->","yoast_head_json":{"title":"K\u00fapte si marock\u00fd Primero Hash \u2013 najlep\u0161ie najlep\u0161ie glob\u00e1lne lieky","description":"k\u00fapte si marock\u00fd premiero hash online na bestglobalmed s r\u00fdchlym celosvetov\u00fdm doru\u010den\u00edm. Pred\u00e1m kvalitn\u00fd marock\u00fd hash. Nakupuj teraz.","robots":{"index":"index","follow":"follow","max-snippet":"max-snippet:-1","max-image-preview":"max-image-preview:large","max-video-preview":"max-video-preview:-1"},"canonical":"https:\/\/medicinasinc.com\/sk\/product\/buy-marocky-primero-hash\/","og_locale":"en_US","og_type":"article","og_title":"K\u00fapte si marock\u00fd Primero Hash \u2013 najlep\u0161ie najlep\u0161ie glob\u00e1lne lieky","og_description":"k\u00fapte si marock\u00fd premiero hash online na bestglobalmed s r\u00fdchlym celosvetov\u00fdm doru\u010den\u00edm. Pred\u00e1m kvalitn\u00fd marock\u00fd hash. Nakupuj teraz.","og_url":"https:\/\/medicinasinc.com\/sk\/product\/buy-marocky-primero-hash\/","og_site_name":"Medicinas Inc","article_modified_time":"2022-03-22T01:18:07+00:00","og_image":[{"width":600,"height":600,"url":"https:\/\/medicinasinc.com\/sk\/wp-content\/uploads\/sites\/10\/2022\/02\/Buy-Moroccan-Primero-Hash.jpg","type":"image\/jpeg"}],"twitter_card":"summary_large_image","twitter_misc":{"Est. reading time":"1 minute"},"schema":{"@context":"https:\/\/schema.org","@graph":[{"@type":"WebPage","@id":"https:\/\/medicinasinc.com\/sk\/product\/buy-marocky-primero-hash\/","url":"https:\/\/medicinasinc.com\/sk\/product\/buy-marocky-primero-hash\/","name":"K\u00fapte si marock\u00fd Primero Hash \u2013 najlep\u0161ie najlep\u0161ie glob\u00e1lne lieky","isPartOf":{"@id":"https:\/\/medicinasinc.com\/sk\/#website"},"primaryImageOfPage":{"@id":"https:\/\/medicinasinc.com\/sk\/product\/buy-marocky-primero-hash\/#primaryimage"},"image":{"@id":"https:\/\/medicinasinc.com\/sk\/product\/buy-marocky-primero-hash\/#primaryimage"},"thumbnailUrl":"https:\/\/medicinasinc.com\/sk\/wp-content\/uploads\/sites\/10\/2022\/02\/Buy-Moroccan-Primero-Hash.jpg","datePublished":"2022-02-20T14:53:18+00:00","dateModified":"2022-03-22T01:18:07+00:00","description":"k\u00fapte si marock\u00fd premiero hash online na bestglobalmed s r\u00fdchlym celosvetov\u00fdm doru\u010den\u00edm. Pred\u00e1m kvalitn\u00fd marock\u00fd hash. Nakupuj teraz.","breadcrumb":{"@id":"https:\/\/medicinasinc.com\/sk\/product\/buy-marocky-primero-hash\/#breadcrumb"},"inLanguage":"en-US","potentialAction":[{"@type":"ReadAction","target":["https:\/\/medicinasinc.com\/sk\/product\/buy-marocky-primero-hash\/"]}]},{"@type":"ImageObject","inLanguage":"en-US","@id":"https:\/\/medicinasinc.com\/sk\/product\/buy-marocky-primero-hash\/#primaryimage","url":"https:\/\/medicinasinc.com\/sk\/wp-content\/uploads\/sites\/10\/2022\/02\/Buy-Moroccan-Primero-Hash.jpg","contentUrl":"https:\/\/medicinasinc.com\/sk\/wp-content\/uploads\/sites\/10\/2022\/02\/Buy-Moroccan-Primero-Hash.jpg","width":600,"height":600},{"@type":"BreadcrumbList","@id":"https:\/\/medicinasinc.com\/sk\/product\/buy-marocky-primero-hash\/#breadcrumb","itemListElement":[{"@type":"ListItem","position":1,"name":"Obchod","item":"https:\/\/medicinasinc.com\/sk\/obchod\/"},{"@type":"ListItem","position":2,"name":"K\u00fapte si marock\u00fd Primero Hash"}]},{"@type":"WebSite","@id":"https:\/\/medicinasinc.com\/sk\/#website","url":"https:\/\/medicinasinc.com\/sk\/","name":"Medicinas Inc","description":"Health Medical Clinic","potentialAction":[{"@type":"SearchAction","target":{"@type":"EntryPoint","urlTemplate":"https:\/\/medicinasinc.com\/sk\/?s={search_term_string}"},"query-input":{"@type":"PropertyValueSpecification","valueRequired":true,"valueName":"search_term_string"}}],"inLanguage":"en-US"}]}},"_links":{"self":[{"href":"https:\/\/medicinasinc.com\/sk\/wp-json\/wp\/v2\/product\/4700","targetHints":{"allow":["GET"]}}],"collection":[{"href":"https:\/\/medicinasinc.com\/sk\/wp-json\/wp\/v2\/product"}],"about":[{"href":"https:\/\/medicinasinc.com\/sk\/wp-json\/wp\/v2\/types\/product"}],"replies":[{"embeddable":true,"href":"https:\/\/medicinasinc.com\/sk\/wp-json\/wp\/v2\/comments?post=4700"}],"wp:featuredmedia":[{"embeddable":true,"href":"https:\/\/medicinasinc.com\/sk\/wp-json\/wp\/v2\/media\/4712"}],"wp:attachment":[{"href":"https:\/\/medicinasinc.com\/sk\/wp-json\/wp\/v2\/media?parent=4700"}],"wp:term":[{"taxonomy":"product_brand","embeddable":true,"href":"https:\/\/medicinasinc.com\/sk\/wp-json\/wp\/v2\/product_brand?post=4700"},{"taxonomy":"product_cat","embeddable":true,"href":"https:\/\/medicinasinc.com\/sk\/wp-json\/wp\/v2\/product_cat?post=4700"},{"taxonomy":"product_tag","embeddable":true,"href":"https:\/\/medicinasinc.com\/sk\/wp-json\/wp\/v2\/product_tag?post=4700"}],"curies":[{"name":"wp","href":"https:\/\/api.w.org\/{rel}","templated":true}]}}