{"id":4667,"date":"2022-02-20T14:27:35","date_gmt":"2022-02-20T14:27:35","guid":{"rendered":"https:\/\/medicinasinc.com\/sk\/?post_type=product&#038;p=4667"},"modified":"2022-03-22T01:18:35","modified_gmt":"2022-03-22T01:18:35","slug":"buy-india-charas-black-hash","status":"publish","type":"product","link":"https:\/\/medicinasinc.com\/sk\/product\/buy-india-charas-black-hash\/","title":{"rendered":"K\u00fapi\u0165 India Charas Black Hash"},"content":{"rendered":"<p>Online n\u00e1kup Indie Charas Black Hash| Online n\u00e1kup India Charas Black Hash<\/p>\n<p>Online n\u00e1kup India Charas Black Hash. \u013dahko sa s n\u00edm pracuje, m\u00e1 ostr\u00fa, korenist\u00fa ar\u00f3mu a pou\u017e\u00edvate\u013eom poskytuje siln\u00fd zvuk po celom tele. Pestovan\u00e9 a vyr\u00e1ban\u00e9 v \u00fadol\u00ed Parvati, ktor\u00e9 je zn\u00e1me jedine\u010dn\u00fdm kme\u0148om Charas s n\u00e1zvom Malana Cream, ktor\u00fd je cenen\u00fd pre vysok\u00fd obsah THC. Je to vynikaj\u00faci denn\u00fd spolo\u010dn\u00edk pre sk\u00fasen\u00fdch faj\u010diarov, ktor\u00ed zvl\u00e1dnu aj siln\u00e9 vysok\u00e9. Term\u00edn \u201eindick\u00fd charas \u010dierny hash\u201c sa vz\u0165ahuje na ha\u0161i\u0161, ktor\u00fd bol ru\u010dne vyroben\u00fd v Indii, Pakistane alebo Nep\u00e1le. Navonok m\u00e1 ha\u0161i\u0161 tmavohned\u00fa farbu. Ke\u010f sa ha\u0161i\u0161 otvor\u00ed, odhal\u00ed tmavozelen\u00fd\/hned\u00fd interi\u00e9r. V\u00fdrazn\u00e1 v\u00f4\u0148a siaha od korenistej a\u017e po extr\u00e9mne korenist\u00fa. Vytv\u00e1ra extr\u00e9mne kamenn\u00e9 a fyzick\u00e9 high. India Charas Black Hash je k dispoz\u00edcii na zak\u00fapenie online.<\/p>\n<p>V\u00fdhody<\/p>\n<p>Pom\u00e1ha pri zmier\u0148ovan\u00ed nasleduj\u00facich stavov:<\/p>\n<p>Stres DepresiaBolesti hlavy<br \/> Nespavos\u0165<br \/> Kde nak\u00fapi\u0165 v Indii Online Charas Black Hash<\/p>\n<p>Na\u0161\u00edm cie\u013eom je pote\u0161i\u0165 na\u0161ich z\u00e1kazn\u00edkov a poskytn\u00fa\u0165 im \u010do najlep\u0161\u00ed z\u00e1\u017eitok z online nakupovania. Zabezpe\u010dujeme, aby v\u0161etky na\u0161e produkty boli najvy\u0161\u0161ej kvality, aby sme zaistili, \u017ee na\u0161i klienti dostan\u00fa len to najlep\u0161ie. Pon\u00fakame autentick\u00fd India Charas Black Hash. Na\u0161e ceny s\u00fa najni\u017e\u0161ie dostupn\u00e9 online. Nakupujte kvalitu a objavte, o \u010dom v\u0161etci hovoria. Objednajte si India Charas Black Hash online e\u0161te dnes a bu\u010fte si ist\u00ed bezpe\u010dnos\u0165ou a najlep\u0161\u00edmi doru\u010dovac\u00edmi slu\u017ebami. Od n\u00e1kupu India Charas Black Hash Online v\u00e1s del\u00ed len nieko\u013eko kliknut\u00ed.<\/p>\n","protected":false},"excerpt":{"rendered":"<p>Nakupujte India Charas Black Hash online. \u013dahko sa s n\u00edm pracuje, m\u00e1 ostr\u00fa, korenist\u00fa ar\u00f3mu a poskytuje siln\u00fd telesn\u00fd bzukot. Objednajte si \u010dierny hash tu.<\/p>\n<ul>\n<li>Celosvetov\u00e1 doprava<\/li>\n<li><strong>Stupe\u0148: AAAAA<\/strong><\/li>\n<li>Pre v\u00e4\u010d\u0161ie objedn\u00e1vky n\u00e1s kontaktujte<\/li>\n<\/ul>\n","protected":false},"featured_media":4681,"comment_status":"open","ping_status":"closed","template":"","meta":[],"product_brand":[],"product_cat":[610],"product_tag":[],"class_list":{"0":"post-4667","1":"product","2":"type-product","3":"status-publish","4":"has-post-thumbnail","6":"product_cat-kupit-hash-hashish","8":"first","9":"instock","10":"shipping-taxable","11":"purchasable","12":"product-type-variable","13":"has-default-attributes"},"yoast_head":"<!-- This site is optimized with the Yoast SEO plugin v27.3 - https:\/\/yoast.com\/product\/yoast-seo-wordpress\/ -->\n<title>K\u00fapte si India Charas Black Hash \u2013 najlep\u0161ie najlep\u0161ie glob\u00e1lne lieky<\/title>\n<meta name=\"description\" content=\"K\u00fapte si India Charas Black Hash online. \u013dahko sa s n\u00edm pracuje, m\u00e1 ostr\u00fa, korenist\u00fa ar\u00f3mu a poskytuje siln\u00fd telesn\u00fd bzukot. \u010cierny hash si objednajte tu.\" \/>\n<meta name=\"robots\" content=\"index, follow, max-snippet:-1, max-image-preview:large, max-video-preview:-1\" \/>\n<link rel=\"canonical\" href=\"https:\/\/medicinasinc.com\/sk\/product\/buy-india-charas-black-hash\/\" \/>\n<meta property=\"og:locale\" content=\"en_US\" \/>\n<meta property=\"og:type\" content=\"article\" \/>\n<meta property=\"og:title\" content=\"K\u00fapte si India Charas Black Hash \u2013 najlep\u0161ie najlep\u0161ie glob\u00e1lne lieky\" \/>\n<meta property=\"og:description\" content=\"K\u00fapte si India Charas Black Hash online. \u013dahko sa s n\u00edm pracuje, m\u00e1 ostr\u00fa, korenist\u00fa ar\u00f3mu a poskytuje siln\u00fd telesn\u00fd bzukot. \u010cierny hash si objednajte tu.\" \/>\n<meta property=\"og:url\" content=\"https:\/\/medicinasinc.com\/sk\/product\/buy-india-charas-black-hash\/\" \/>\n<meta property=\"og:site_name\" content=\"Medicinas Inc\" \/>\n<meta property=\"article:modified_time\" content=\"2022-03-22T01:18:35+00:00\" \/>\n<meta property=\"og:image\" content=\"https:\/\/medicinasinc.com\/sk\/wp-content\/uploads\/sites\/10\/2022\/02\/Buy-India-Charas-Black-Hash.jpg\" \/>\n\t<meta property=\"og:image:width\" content=\"600\" \/>\n\t<meta property=\"og:image:height\" content=\"600\" \/>\n\t<meta property=\"og:image:type\" content=\"image\/jpeg\" \/>\n<meta name=\"twitter:card\" content=\"summary_large_image\" \/>\n<meta name=\"twitter:label1\" content=\"Est. reading time\" \/>\n\t<meta name=\"twitter:data1\" content=\"2 minutes\" \/>\n<script type=\"application\/ld+json\" class=\"yoast-schema-graph\">{\"@context\":\"https:\\\/\\\/schema.org\",\"@graph\":[{\"@type\":\"WebPage\",\"@id\":\"https:\\\/\\\/medicinasinc.com\\\/sk\\\/product\\\/buy-india-charas-black-hash\\\/\",\"url\":\"https:\\\/\\\/medicinasinc.com\\\/sk\\\/product\\\/buy-india-charas-black-hash\\\/\",\"name\":\"K\u00fapte si India Charas Black Hash \u2013 najlep\u0161ie najlep\u0161ie glob\u00e1lne lieky\",\"isPartOf\":{\"@id\":\"https:\\\/\\\/medicinasinc.com\\\/sk\\\/#website\"},\"primaryImageOfPage\":{\"@id\":\"https:\\\/\\\/medicinasinc.com\\\/sk\\\/product\\\/buy-india-charas-black-hash\\\/#primaryimage\"},\"image\":{\"@id\":\"https:\\\/\\\/medicinasinc.com\\\/sk\\\/product\\\/buy-india-charas-black-hash\\\/#primaryimage\"},\"thumbnailUrl\":\"https:\\\/\\\/medicinasinc.com\\\/sk\\\/wp-content\\\/uploads\\\/sites\\\/10\\\/2022\\\/02\\\/Buy-India-Charas-Black-Hash.jpg\",\"datePublished\":\"2022-02-20T14:27:35+00:00\",\"dateModified\":\"2022-03-22T01:18:35+00:00\",\"description\":\"K\u00fapte si India Charas Black Hash online. \u013dahko sa s n\u00edm pracuje, m\u00e1 ostr\u00fa, korenist\u00fa ar\u00f3mu a poskytuje siln\u00fd telesn\u00fd bzukot. \u010cierny hash si objednajte tu.\",\"breadcrumb\":{\"@id\":\"https:\\\/\\\/medicinasinc.com\\\/sk\\\/product\\\/buy-india-charas-black-hash\\\/#breadcrumb\"},\"inLanguage\":\"en-US\",\"potentialAction\":[{\"@type\":\"ReadAction\",\"target\":[\"https:\\\/\\\/medicinasinc.com\\\/sk\\\/product\\\/buy-india-charas-black-hash\\\/\"]}]},{\"@type\":\"ImageObject\",\"inLanguage\":\"en-US\",\"@id\":\"https:\\\/\\\/medicinasinc.com\\\/sk\\\/product\\\/buy-india-charas-black-hash\\\/#primaryimage\",\"url\":\"https:\\\/\\\/medicinasinc.com\\\/sk\\\/wp-content\\\/uploads\\\/sites\\\/10\\\/2022\\\/02\\\/Buy-India-Charas-Black-Hash.jpg\",\"contentUrl\":\"https:\\\/\\\/medicinasinc.com\\\/sk\\\/wp-content\\\/uploads\\\/sites\\\/10\\\/2022\\\/02\\\/Buy-India-Charas-Black-Hash.jpg\",\"width\":600,\"height\":600},{\"@type\":\"BreadcrumbList\",\"@id\":\"https:\\\/\\\/medicinasinc.com\\\/sk\\\/product\\\/buy-india-charas-black-hash\\\/#breadcrumb\",\"itemListElement\":[{\"@type\":\"ListItem\",\"position\":1,\"name\":\"Obchod\",\"item\":\"https:\\\/\\\/medicinasinc.com\\\/sk\\\/obchod\\\/\"},{\"@type\":\"ListItem\",\"position\":2,\"name\":\"K\u00fapi\u0165 India Charas Black Hash\"}]},{\"@type\":\"WebSite\",\"@id\":\"https:\\\/\\\/medicinasinc.com\\\/sk\\\/#website\",\"url\":\"https:\\\/\\\/medicinasinc.com\\\/sk\\\/\",\"name\":\"Medicinas Inc\",\"description\":\"Health Medical Clinic\",\"potentialAction\":[{\"@type\":\"SearchAction\",\"target\":{\"@type\":\"EntryPoint\",\"urlTemplate\":\"https:\\\/\\\/medicinasinc.com\\\/sk\\\/?s={search_term_string}\"},\"query-input\":{\"@type\":\"PropertyValueSpecification\",\"valueRequired\":true,\"valueName\":\"search_term_string\"}}],\"inLanguage\":\"en-US\"}]}<\/script>\n<!-- \/ Yoast SEO plugin. -->","yoast_head_json":{"title":"K\u00fapte si India Charas Black Hash \u2013 najlep\u0161ie najlep\u0161ie glob\u00e1lne lieky","description":"K\u00fapte si India Charas Black Hash online. \u013dahko sa s n\u00edm pracuje, m\u00e1 ostr\u00fa, korenist\u00fa ar\u00f3mu a poskytuje siln\u00fd telesn\u00fd bzukot. \u010cierny hash si objednajte tu.","robots":{"index":"index","follow":"follow","max-snippet":"max-snippet:-1","max-image-preview":"max-image-preview:large","max-video-preview":"max-video-preview:-1"},"canonical":"https:\/\/medicinasinc.com\/sk\/product\/buy-india-charas-black-hash\/","og_locale":"en_US","og_type":"article","og_title":"K\u00fapte si India Charas Black Hash \u2013 najlep\u0161ie najlep\u0161ie glob\u00e1lne lieky","og_description":"K\u00fapte si India Charas Black Hash online. \u013dahko sa s n\u00edm pracuje, m\u00e1 ostr\u00fa, korenist\u00fa ar\u00f3mu a poskytuje siln\u00fd telesn\u00fd bzukot. \u010cierny hash si objednajte tu.","og_url":"https:\/\/medicinasinc.com\/sk\/product\/buy-india-charas-black-hash\/","og_site_name":"Medicinas Inc","article_modified_time":"2022-03-22T01:18:35+00:00","og_image":[{"width":600,"height":600,"url":"https:\/\/medicinasinc.com\/sk\/wp-content\/uploads\/sites\/10\/2022\/02\/Buy-India-Charas-Black-Hash.jpg","type":"image\/jpeg"}],"twitter_card":"summary_large_image","twitter_misc":{"Est. reading time":"2 minutes"},"schema":{"@context":"https:\/\/schema.org","@graph":[{"@type":"WebPage","@id":"https:\/\/medicinasinc.com\/sk\/product\/buy-india-charas-black-hash\/","url":"https:\/\/medicinasinc.com\/sk\/product\/buy-india-charas-black-hash\/","name":"K\u00fapte si India Charas Black Hash \u2013 najlep\u0161ie najlep\u0161ie glob\u00e1lne lieky","isPartOf":{"@id":"https:\/\/medicinasinc.com\/sk\/#website"},"primaryImageOfPage":{"@id":"https:\/\/medicinasinc.com\/sk\/product\/buy-india-charas-black-hash\/#primaryimage"},"image":{"@id":"https:\/\/medicinasinc.com\/sk\/product\/buy-india-charas-black-hash\/#primaryimage"},"thumbnailUrl":"https:\/\/medicinasinc.com\/sk\/wp-content\/uploads\/sites\/10\/2022\/02\/Buy-India-Charas-Black-Hash.jpg","datePublished":"2022-02-20T14:27:35+00:00","dateModified":"2022-03-22T01:18:35+00:00","description":"K\u00fapte si India Charas Black Hash online. \u013dahko sa s n\u00edm pracuje, m\u00e1 ostr\u00fa, korenist\u00fa ar\u00f3mu a poskytuje siln\u00fd telesn\u00fd bzukot. \u010cierny hash si objednajte tu.","breadcrumb":{"@id":"https:\/\/medicinasinc.com\/sk\/product\/buy-india-charas-black-hash\/#breadcrumb"},"inLanguage":"en-US","potentialAction":[{"@type":"ReadAction","target":["https:\/\/medicinasinc.com\/sk\/product\/buy-india-charas-black-hash\/"]}]},{"@type":"ImageObject","inLanguage":"en-US","@id":"https:\/\/medicinasinc.com\/sk\/product\/buy-india-charas-black-hash\/#primaryimage","url":"https:\/\/medicinasinc.com\/sk\/wp-content\/uploads\/sites\/10\/2022\/02\/Buy-India-Charas-Black-Hash.jpg","contentUrl":"https:\/\/medicinasinc.com\/sk\/wp-content\/uploads\/sites\/10\/2022\/02\/Buy-India-Charas-Black-Hash.jpg","width":600,"height":600},{"@type":"BreadcrumbList","@id":"https:\/\/medicinasinc.com\/sk\/product\/buy-india-charas-black-hash\/#breadcrumb","itemListElement":[{"@type":"ListItem","position":1,"name":"Obchod","item":"https:\/\/medicinasinc.com\/sk\/obchod\/"},{"@type":"ListItem","position":2,"name":"K\u00fapi\u0165 India Charas Black Hash"}]},{"@type":"WebSite","@id":"https:\/\/medicinasinc.com\/sk\/#website","url":"https:\/\/medicinasinc.com\/sk\/","name":"Medicinas Inc","description":"Health Medical Clinic","potentialAction":[{"@type":"SearchAction","target":{"@type":"EntryPoint","urlTemplate":"https:\/\/medicinasinc.com\/sk\/?s={search_term_string}"},"query-input":{"@type":"PropertyValueSpecification","valueRequired":true,"valueName":"search_term_string"}}],"inLanguage":"en-US"}]}},"_links":{"self":[{"href":"https:\/\/medicinasinc.com\/sk\/wp-json\/wp\/v2\/product\/4667","targetHints":{"allow":["GET"]}}],"collection":[{"href":"https:\/\/medicinasinc.com\/sk\/wp-json\/wp\/v2\/product"}],"about":[{"href":"https:\/\/medicinasinc.com\/sk\/wp-json\/wp\/v2\/types\/product"}],"replies":[{"embeddable":true,"href":"https:\/\/medicinasinc.com\/sk\/wp-json\/wp\/v2\/comments?post=4667"}],"wp:featuredmedia":[{"embeddable":true,"href":"https:\/\/medicinasinc.com\/sk\/wp-json\/wp\/v2\/media\/4681"}],"wp:attachment":[{"href":"https:\/\/medicinasinc.com\/sk\/wp-json\/wp\/v2\/media?parent=4667"}],"wp:term":[{"taxonomy":"product_brand","embeddable":true,"href":"https:\/\/medicinasinc.com\/sk\/wp-json\/wp\/v2\/product_brand?post=4667"},{"taxonomy":"product_cat","embeddable":true,"href":"https:\/\/medicinasinc.com\/sk\/wp-json\/wp\/v2\/product_cat?post=4667"},{"taxonomy":"product_tag","embeddable":true,"href":"https:\/\/medicinasinc.com\/sk\/wp-json\/wp\/v2\/product_tag?post=4667"}],"curies":[{"name":"wp","href":"https:\/\/api.w.org\/{rel}","templated":true}]}}