{"id":4658,"date":"2022-02-20T14:22:15","date_gmt":"2022-02-20T14:22:15","guid":{"rendered":"https:\/\/medicinasinc.com\/sk\/?post_type=product&#038;p=4658"},"modified":"2022-03-22T01:18:52","modified_gmt":"2022-03-22T01:18:52","slug":"kupit-med-marocky-blondyn-hash","status":"publish","type":"product","link":"https:\/\/medicinasinc.com\/sk\/product\/kupit-med-marocky-blondyn-hash\/","title":{"rendered":"K\u00fapte si medov\u00fd marock\u00fd blond hash"},"content":{"rendered":"<div class=\"woocommerce-tabs wc-tabs-wrapper\">\n<div id=\"tab-description\" class=\"woocommerce-Tabs-panel woocommerce-Tabs-panel--description panel entry-content wc-tab\" role=\"tabpanel\" aria-labelledby=\"tab-title-description\">\n<p>Online n\u00e1kup medovej marockej blond hash. Kif sa \u010dasto pou\u017e\u00edva v spojen\u00ed s ha\u0161i\u0161om. Kif sa na Z\u00e1pade \u010dasto pou\u017e\u00edva na vytvorenie jedine\u010dn\u00e9ho medov\u00e9ho marock\u00e9ho blond hash. Ke\u010f sa pou\u017eij\u00fa jemnej\u0161ie listy, ozna\u010duje sa ako \u201ehabisha\u201c, \u010do je podobn\u00e9 marihuane.<\/p>\n<p>Medov\u00fd marock\u00fd blond hash m\u00e1 typicky sladk\u00fa chu\u0165 s hladkou atmosf\u00e9rou na jazyku. Je to typ chuti, ktor\u00fd chu\u0165ov\u00e9 poh\u00e1riky zbo\u017e\u0148uj\u00fa. Je mo\u017en\u00e9 ma\u0165 mimoriadne \u017eivicov\u00fd hash.<\/p>\n<p>Pr\u00edchu\u0165 medov\u00e9ho marock\u00e9ho blond ha\u0161i\u0161a:<\/p>\n<p>Medov\u00fd marock\u00fd blond ha\u0161 m\u00e1 sladk\u00fa chu\u0165 a hladk\u00fa text\u00faru na jazyku. Je to typ chuti, ktor\u00fd ocenia chu\u0165ov\u00e9 poh\u00e1riky. Je mo\u017en\u00e9 ma\u0165 ve\u013emi \u017eivicov\u00fd hash. Online n\u00e1kup medovej marockej blond hash<\/p>\n<\/p><\/div><\/div>\n","protected":false},"excerpt":{"rendered":"<div class=\"woocommerce-product-details__short-description\">\n<p>K\u00fapi\u0165 medov\u00fd marock\u00fd blond hash na predaj v Spojenom kr\u00e1\u013eovstve, Eur\u00f3pe. Je \u013eahko aromatick\u00fd s n\u00e1dychom korenia, ktor\u00fd vytv\u00e1ra cerebr\u00e1lne a akt\u00edvne vzru\u0161enie. blond\u00ednka.<\/p>\n<\/p><\/div>\n","protected":false},"featured_media":4671,"comment_status":"open","ping_status":"closed","template":"","meta":[],"product_brand":[],"product_cat":[610],"product_tag":[],"class_list":{"0":"post-4658","1":"product","2":"type-product","3":"status-publish","4":"has-post-thumbnail","6":"product_cat-kupit-hash-hashish","8":"first","9":"instock","10":"shipping-taxable","11":"purchasable","12":"product-type-variable","13":"has-default-attributes"},"yoast_head":"<!-- This site is optimized with the Yoast SEO plugin v27.3 - https:\/\/yoast.com\/product\/yoast-seo-wordpress\/ -->\n<title>K\u00fapte si medov\u00fd marock\u00fd blond hash \u2013 najlep\u0161ia glob\u00e1lna medic\u00edna<\/title>\n<meta name=\"description\" content=\"K\u00fapi\u0165 Honey Moroccan Blonde Hash na predaj Ve\u013ek\u00e1 Brit\u00e1nia, Eur\u00f3pa. Je \u013eahko aromatick\u00fd s n\u00e1dychom korenia, ktor\u00fd vytv\u00e1ra cerebr\u00e1lne a akt\u00edvne vzru\u0161enie. blond hash.\" \/>\n<meta name=\"robots\" content=\"index, follow, max-snippet:-1, max-image-preview:large, max-video-preview:-1\" \/>\n<link rel=\"canonical\" href=\"https:\/\/medicinasinc.com\/sk\/product\/kupit-med-marocky-blondyn-hash\/\" \/>\n<meta property=\"og:locale\" content=\"en_US\" \/>\n<meta property=\"og:type\" content=\"article\" \/>\n<meta property=\"og:title\" content=\"K\u00fapte si medov\u00fd marock\u00fd blond hash \u2013 najlep\u0161ia glob\u00e1lna medic\u00edna\" \/>\n<meta property=\"og:description\" content=\"K\u00fapi\u0165 Honey Moroccan Blonde Hash na predaj Ve\u013ek\u00e1 Brit\u00e1nia, Eur\u00f3pa. Je \u013eahko aromatick\u00fd s n\u00e1dychom korenia, ktor\u00fd vytv\u00e1ra cerebr\u00e1lne a akt\u00edvne vzru\u0161enie. blond hash.\" \/>\n<meta property=\"og:url\" content=\"https:\/\/medicinasinc.com\/sk\/product\/kupit-med-marocky-blondyn-hash\/\" \/>\n<meta property=\"og:site_name\" content=\"Medicinas Inc\" \/>\n<meta property=\"article:modified_time\" content=\"2022-03-22T01:18:52+00:00\" \/>\n<meta property=\"og:image\" content=\"https:\/\/medicinasinc.com\/sk\/wp-content\/uploads\/sites\/10\/2022\/02\/Buy-Honey-Moroccan-Blonde-Hash.jpg\" \/>\n\t<meta property=\"og:image:width\" content=\"600\" \/>\n\t<meta property=\"og:image:height\" content=\"600\" \/>\n\t<meta property=\"og:image:type\" content=\"image\/jpeg\" \/>\n<meta name=\"twitter:card\" content=\"summary_large_image\" \/>\n<meta name=\"twitter:label1\" content=\"Est. reading time\" \/>\n\t<meta name=\"twitter:data1\" content=\"1 minute\" \/>\n<script type=\"application\/ld+json\" class=\"yoast-schema-graph\">{\"@context\":\"https:\\\/\\\/schema.org\",\"@graph\":[{\"@type\":\"WebPage\",\"@id\":\"https:\\\/\\\/medicinasinc.com\\\/sk\\\/product\\\/kupit-med-marocky-blondyn-hash\\\/\",\"url\":\"https:\\\/\\\/medicinasinc.com\\\/sk\\\/product\\\/kupit-med-marocky-blondyn-hash\\\/\",\"name\":\"K\u00fapte si medov\u00fd marock\u00fd blond hash \u2013 najlep\u0161ia glob\u00e1lna medic\u00edna\",\"isPartOf\":{\"@id\":\"https:\\\/\\\/medicinasinc.com\\\/sk\\\/#website\"},\"primaryImageOfPage\":{\"@id\":\"https:\\\/\\\/medicinasinc.com\\\/sk\\\/product\\\/kupit-med-marocky-blondyn-hash\\\/#primaryimage\"},\"image\":{\"@id\":\"https:\\\/\\\/medicinasinc.com\\\/sk\\\/product\\\/kupit-med-marocky-blondyn-hash\\\/#primaryimage\"},\"thumbnailUrl\":\"https:\\\/\\\/medicinasinc.com\\\/sk\\\/wp-content\\\/uploads\\\/sites\\\/10\\\/2022\\\/02\\\/Buy-Honey-Moroccan-Blonde-Hash.jpg\",\"datePublished\":\"2022-02-20T14:22:15+00:00\",\"dateModified\":\"2022-03-22T01:18:52+00:00\",\"description\":\"K\u00fapi\u0165 Honey Moroccan Blonde Hash na predaj Ve\u013ek\u00e1 Brit\u00e1nia, Eur\u00f3pa. Je \u013eahko aromatick\u00fd s n\u00e1dychom korenia, ktor\u00fd vytv\u00e1ra cerebr\u00e1lne a akt\u00edvne vzru\u0161enie. blond hash.\",\"breadcrumb\":{\"@id\":\"https:\\\/\\\/medicinasinc.com\\\/sk\\\/product\\\/kupit-med-marocky-blondyn-hash\\\/#breadcrumb\"},\"inLanguage\":\"en-US\",\"potentialAction\":[{\"@type\":\"ReadAction\",\"target\":[\"https:\\\/\\\/medicinasinc.com\\\/sk\\\/product\\\/kupit-med-marocky-blondyn-hash\\\/\"]}]},{\"@type\":\"ImageObject\",\"inLanguage\":\"en-US\",\"@id\":\"https:\\\/\\\/medicinasinc.com\\\/sk\\\/product\\\/kupit-med-marocky-blondyn-hash\\\/#primaryimage\",\"url\":\"https:\\\/\\\/medicinasinc.com\\\/sk\\\/wp-content\\\/uploads\\\/sites\\\/10\\\/2022\\\/02\\\/Buy-Honey-Moroccan-Blonde-Hash.jpg\",\"contentUrl\":\"https:\\\/\\\/medicinasinc.com\\\/sk\\\/wp-content\\\/uploads\\\/sites\\\/10\\\/2022\\\/02\\\/Buy-Honey-Moroccan-Blonde-Hash.jpg\",\"width\":600,\"height\":600},{\"@type\":\"BreadcrumbList\",\"@id\":\"https:\\\/\\\/medicinasinc.com\\\/sk\\\/product\\\/kupit-med-marocky-blondyn-hash\\\/#breadcrumb\",\"itemListElement\":[{\"@type\":\"ListItem\",\"position\":1,\"name\":\"Obchod\",\"item\":\"https:\\\/\\\/medicinasinc.com\\\/sk\\\/obchod\\\/\"},{\"@type\":\"ListItem\",\"position\":2,\"name\":\"K\u00fapte si medov\u00fd marock\u00fd blond hash\"}]},{\"@type\":\"WebSite\",\"@id\":\"https:\\\/\\\/medicinasinc.com\\\/sk\\\/#website\",\"url\":\"https:\\\/\\\/medicinasinc.com\\\/sk\\\/\",\"name\":\"Medicinas Inc\",\"description\":\"Health Medical Clinic\",\"potentialAction\":[{\"@type\":\"SearchAction\",\"target\":{\"@type\":\"EntryPoint\",\"urlTemplate\":\"https:\\\/\\\/medicinasinc.com\\\/sk\\\/?s={search_term_string}\"},\"query-input\":{\"@type\":\"PropertyValueSpecification\",\"valueRequired\":true,\"valueName\":\"search_term_string\"}}],\"inLanguage\":\"en-US\"}]}<\/script>\n<!-- \/ Yoast SEO plugin. -->","yoast_head_json":{"title":"K\u00fapte si medov\u00fd marock\u00fd blond hash \u2013 najlep\u0161ia glob\u00e1lna medic\u00edna","description":"K\u00fapi\u0165 Honey Moroccan Blonde Hash na predaj Ve\u013ek\u00e1 Brit\u00e1nia, Eur\u00f3pa. Je \u013eahko aromatick\u00fd s n\u00e1dychom korenia, ktor\u00fd vytv\u00e1ra cerebr\u00e1lne a akt\u00edvne vzru\u0161enie. blond hash.","robots":{"index":"index","follow":"follow","max-snippet":"max-snippet:-1","max-image-preview":"max-image-preview:large","max-video-preview":"max-video-preview:-1"},"canonical":"https:\/\/medicinasinc.com\/sk\/product\/kupit-med-marocky-blondyn-hash\/","og_locale":"en_US","og_type":"article","og_title":"K\u00fapte si medov\u00fd marock\u00fd blond hash \u2013 najlep\u0161ia glob\u00e1lna medic\u00edna","og_description":"K\u00fapi\u0165 Honey Moroccan Blonde Hash na predaj Ve\u013ek\u00e1 Brit\u00e1nia, Eur\u00f3pa. Je \u013eahko aromatick\u00fd s n\u00e1dychom korenia, ktor\u00fd vytv\u00e1ra cerebr\u00e1lne a akt\u00edvne vzru\u0161enie. blond hash.","og_url":"https:\/\/medicinasinc.com\/sk\/product\/kupit-med-marocky-blondyn-hash\/","og_site_name":"Medicinas Inc","article_modified_time":"2022-03-22T01:18:52+00:00","og_image":[{"width":600,"height":600,"url":"https:\/\/medicinasinc.com\/sk\/wp-content\/uploads\/sites\/10\/2022\/02\/Buy-Honey-Moroccan-Blonde-Hash.jpg","type":"image\/jpeg"}],"twitter_card":"summary_large_image","twitter_misc":{"Est. reading time":"1 minute"},"schema":{"@context":"https:\/\/schema.org","@graph":[{"@type":"WebPage","@id":"https:\/\/medicinasinc.com\/sk\/product\/kupit-med-marocky-blondyn-hash\/","url":"https:\/\/medicinasinc.com\/sk\/product\/kupit-med-marocky-blondyn-hash\/","name":"K\u00fapte si medov\u00fd marock\u00fd blond hash \u2013 najlep\u0161ia glob\u00e1lna medic\u00edna","isPartOf":{"@id":"https:\/\/medicinasinc.com\/sk\/#website"},"primaryImageOfPage":{"@id":"https:\/\/medicinasinc.com\/sk\/product\/kupit-med-marocky-blondyn-hash\/#primaryimage"},"image":{"@id":"https:\/\/medicinasinc.com\/sk\/product\/kupit-med-marocky-blondyn-hash\/#primaryimage"},"thumbnailUrl":"https:\/\/medicinasinc.com\/sk\/wp-content\/uploads\/sites\/10\/2022\/02\/Buy-Honey-Moroccan-Blonde-Hash.jpg","datePublished":"2022-02-20T14:22:15+00:00","dateModified":"2022-03-22T01:18:52+00:00","description":"K\u00fapi\u0165 Honey Moroccan Blonde Hash na predaj Ve\u013ek\u00e1 Brit\u00e1nia, Eur\u00f3pa. Je \u013eahko aromatick\u00fd s n\u00e1dychom korenia, ktor\u00fd vytv\u00e1ra cerebr\u00e1lne a akt\u00edvne vzru\u0161enie. blond hash.","breadcrumb":{"@id":"https:\/\/medicinasinc.com\/sk\/product\/kupit-med-marocky-blondyn-hash\/#breadcrumb"},"inLanguage":"en-US","potentialAction":[{"@type":"ReadAction","target":["https:\/\/medicinasinc.com\/sk\/product\/kupit-med-marocky-blondyn-hash\/"]}]},{"@type":"ImageObject","inLanguage":"en-US","@id":"https:\/\/medicinasinc.com\/sk\/product\/kupit-med-marocky-blondyn-hash\/#primaryimage","url":"https:\/\/medicinasinc.com\/sk\/wp-content\/uploads\/sites\/10\/2022\/02\/Buy-Honey-Moroccan-Blonde-Hash.jpg","contentUrl":"https:\/\/medicinasinc.com\/sk\/wp-content\/uploads\/sites\/10\/2022\/02\/Buy-Honey-Moroccan-Blonde-Hash.jpg","width":600,"height":600},{"@type":"BreadcrumbList","@id":"https:\/\/medicinasinc.com\/sk\/product\/kupit-med-marocky-blondyn-hash\/#breadcrumb","itemListElement":[{"@type":"ListItem","position":1,"name":"Obchod","item":"https:\/\/medicinasinc.com\/sk\/obchod\/"},{"@type":"ListItem","position":2,"name":"K\u00fapte si medov\u00fd marock\u00fd blond hash"}]},{"@type":"WebSite","@id":"https:\/\/medicinasinc.com\/sk\/#website","url":"https:\/\/medicinasinc.com\/sk\/","name":"Medicinas Inc","description":"Health Medical Clinic","potentialAction":[{"@type":"SearchAction","target":{"@type":"EntryPoint","urlTemplate":"https:\/\/medicinasinc.com\/sk\/?s={search_term_string}"},"query-input":{"@type":"PropertyValueSpecification","valueRequired":true,"valueName":"search_term_string"}}],"inLanguage":"en-US"}]}},"_links":{"self":[{"href":"https:\/\/medicinasinc.com\/sk\/wp-json\/wp\/v2\/product\/4658","targetHints":{"allow":["GET"]}}],"collection":[{"href":"https:\/\/medicinasinc.com\/sk\/wp-json\/wp\/v2\/product"}],"about":[{"href":"https:\/\/medicinasinc.com\/sk\/wp-json\/wp\/v2\/types\/product"}],"replies":[{"embeddable":true,"href":"https:\/\/medicinasinc.com\/sk\/wp-json\/wp\/v2\/comments?post=4658"}],"wp:featuredmedia":[{"embeddable":true,"href":"https:\/\/medicinasinc.com\/sk\/wp-json\/wp\/v2\/media\/4671"}],"wp:attachment":[{"href":"https:\/\/medicinasinc.com\/sk\/wp-json\/wp\/v2\/media?parent=4658"}],"wp:term":[{"taxonomy":"product_brand","embeddable":true,"href":"https:\/\/medicinasinc.com\/sk\/wp-json\/wp\/v2\/product_brand?post=4658"},{"taxonomy":"product_cat","embeddable":true,"href":"https:\/\/medicinasinc.com\/sk\/wp-json\/wp\/v2\/product_cat?post=4658"},{"taxonomy":"product_tag","embeddable":true,"href":"https:\/\/medicinasinc.com\/sk\/wp-json\/wp\/v2\/product_tag?post=4658"}],"curies":[{"name":"wp","href":"https:\/\/api.w.org\/{rel}","templated":true}]}}