{"id":4635,"date":"2022-02-20T14:04:42","date_gmt":"2022-02-20T14:04:42","guid":{"rendered":"https:\/\/medicinasinc.com\/sk\/?post_type=product&#038;p=4635"},"modified":"2022-03-22T01:19:17","modified_gmt":"2022-03-22T01:19:17","slug":"kupit-charas-hash","status":"publish","type":"product","link":"https:\/\/medicinasinc.com\/sk\/product\/kupit-charas-hash\/","title":{"rendered":"K\u00fapte si Charas Hash"},"content":{"rendered":"<p>Online n\u00e1kup Charas Hash<\/p>\n<p>Online n\u00e1kup Charas Hash. Vytvoren\u00e9 opatrn\u00fdm vydrhnut\u00edm \u017eensk\u00fdch p\u00fa\u010dikov medzi prstami. Smola sa dod\u00e1va v hash-guli\u010dk\u00e1ch a pred odoslan\u00edm sa stla\u010d\u00ed na \u0161tandardn\u00e9 k\u00fasky. Zvonku \u010dierna, zvn\u00fatra slabo zelenkast\u00e1\/tmav\u00e1. V\u00f4\u0148a: Korenist\u00e1 a\u017e extr\u00e9mne pikantn\u00e1. M\u00e1 nezamenite\u013en\u00fa v\u00f4\u0148u. Chu\u0165: Ve\u013emi hork\u00e1, dos\u0165 drsn\u00e1 na hrdle, ale ove\u013ea menej ako afgansk\u00e1. Konzistencia: Mimoriadne jemn\u00e1, podobn\u00e1 afganskej v jej schopnosti efekt\u00edvne mas\u00edrova\u0165. Ob\u010das ve\u013emi jemn\u00e9, ale trvalo hust\u00e9. \u00da\u010dinok: Mimoriadne kamenn\u00fd a fyzicky stimuluj\u00faci vysok\u00fd. Cerebr\u00e1lne. Siln\u00fd a\u017e extr\u00e9mne siln\u00fd. Charas, podobne ako Nep\u00e1l, \u010dasto produkuje vynikaj\u00faci dym. (10-26% THC) Dostupnos\u0165: Mimoriadne zriedkav\u00e9; pr\u00edle\u017eitostne s\u00fa dostupn\u00e9 extr\u00e9mne mal\u00e9 mno\u017estv\u00e1. V\u00e4\u010d\u0161inu tohto typu hashu dov\u00e1\u017eaj\u00fa do Indie s\u00fakromn\u00ed cestuj\u00faci. Prirodzene, n\u00e1klady s\u00fa na nep\u00e1lske pomery vysok\u00e9. Charas sa zvy\u010dajne pred\u00e1va ako \u201eprst\u201c, \u010do je hash v tvare hotdogu.<\/p>\n","protected":false},"excerpt":{"rendered":"<div class=\"woocommerce-product-details__short-description\">\n<p>Nak\u00fapte Charas Hash na predaj vo Ve\u013ekej Brit\u00e1nii, Eur\u00f3pe Online lacno s celosvetovou dopravou. Je to v\u00fdrazn\u00fd a robustn\u00fd koncentr\u00e1t, ktor\u00fd je ve\u013emi dobr\u00fd pri bolesti, \u00fazkosti a nevo\u013enosti.<\/p>\n<\/p><\/div>\n","protected":false},"featured_media":4649,"comment_status":"open","ping_status":"closed","template":"","meta":[],"product_brand":[],"product_cat":[610],"product_tag":[],"class_list":{"0":"post-4635","1":"product","2":"type-product","3":"status-publish","4":"has-post-thumbnail","6":"product_cat-kupit-hash-hashish","8":"first","9":"instock","10":"shipping-taxable","11":"purchasable","12":"product-type-variable","13":"has-default-attributes"},"yoast_head":"<!-- This site is optimized with the Yoast SEO plugin v27.3 - https:\/\/yoast.com\/product\/yoast-seo-wordpress\/ -->\n<title>K\u00fapte si Charas Hash \u2013 najlep\u0161ie najlep\u0161ie glob\u00e1lne lieky<\/title>\n<meta name=\"description\" content=\"K\u00fapi\u0165 Charas Hash na predaj Ve\u013ek\u00e1 Brit\u00e1nia, Eur\u00f3pa Online lacno s celosvetovou dopravou. Je to v\u00fdrazn\u00fd a robustn\u00fd koncentr\u00e1t, ktor\u00fd je ve\u013emi dobr\u00fd pri bolesti, \u00fazkosti a nevo\u013enosti.\" \/>\n<meta name=\"robots\" content=\"index, follow, max-snippet:-1, max-image-preview:large, max-video-preview:-1\" \/>\n<link rel=\"canonical\" href=\"https:\/\/medicinasinc.com\/sk\/product\/kupit-charas-hash\/\" \/>\n<meta property=\"og:locale\" content=\"en_US\" \/>\n<meta property=\"og:type\" content=\"article\" \/>\n<meta property=\"og:title\" content=\"K\u00fapte si Charas Hash \u2013 najlep\u0161ie najlep\u0161ie glob\u00e1lne lieky\" \/>\n<meta property=\"og:description\" content=\"K\u00fapi\u0165 Charas Hash na predaj Ve\u013ek\u00e1 Brit\u00e1nia, Eur\u00f3pa Online lacno s celosvetovou dopravou. Je to v\u00fdrazn\u00fd a robustn\u00fd koncentr\u00e1t, ktor\u00fd je ve\u013emi dobr\u00fd pri bolesti, \u00fazkosti a nevo\u013enosti.\" \/>\n<meta property=\"og:url\" content=\"https:\/\/medicinasinc.com\/sk\/product\/kupit-charas-hash\/\" \/>\n<meta property=\"og:site_name\" content=\"Medicinas Inc\" \/>\n<meta property=\"article:modified_time\" content=\"2022-03-22T01:19:17+00:00\" \/>\n<meta property=\"og:image\" content=\"https:\/\/medicinasinc.com\/sk\/wp-content\/uploads\/sites\/10\/2022\/02\/Buy-Charas-Hash-Online.jpg\" \/>\n\t<meta property=\"og:image:width\" content=\"600\" \/>\n\t<meta property=\"og:image:height\" content=\"600\" \/>\n\t<meta property=\"og:image:type\" content=\"image\/jpeg\" \/>\n<meta name=\"twitter:card\" content=\"summary_large_image\" \/>\n<meta name=\"twitter:label1\" content=\"Est. reading time\" \/>\n\t<meta name=\"twitter:data1\" content=\"1 minute\" \/>\n<script type=\"application\/ld+json\" class=\"yoast-schema-graph\">{\"@context\":\"https:\\\/\\\/schema.org\",\"@graph\":[{\"@type\":\"WebPage\",\"@id\":\"https:\\\/\\\/medicinasinc.com\\\/sk\\\/product\\\/kupit-charas-hash\\\/\",\"url\":\"https:\\\/\\\/medicinasinc.com\\\/sk\\\/product\\\/kupit-charas-hash\\\/\",\"name\":\"K\u00fapte si Charas Hash \u2013 najlep\u0161ie najlep\u0161ie glob\u00e1lne lieky\",\"isPartOf\":{\"@id\":\"https:\\\/\\\/medicinasinc.com\\\/sk\\\/#website\"},\"primaryImageOfPage\":{\"@id\":\"https:\\\/\\\/medicinasinc.com\\\/sk\\\/product\\\/kupit-charas-hash\\\/#primaryimage\"},\"image\":{\"@id\":\"https:\\\/\\\/medicinasinc.com\\\/sk\\\/product\\\/kupit-charas-hash\\\/#primaryimage\"},\"thumbnailUrl\":\"https:\\\/\\\/medicinasinc.com\\\/sk\\\/wp-content\\\/uploads\\\/sites\\\/10\\\/2022\\\/02\\\/Buy-Charas-Hash-Online.jpg\",\"datePublished\":\"2022-02-20T14:04:42+00:00\",\"dateModified\":\"2022-03-22T01:19:17+00:00\",\"description\":\"K\u00fapi\u0165 Charas Hash na predaj Ve\u013ek\u00e1 Brit\u00e1nia, Eur\u00f3pa Online lacno s celosvetovou dopravou. Je to v\u00fdrazn\u00fd a robustn\u00fd koncentr\u00e1t, ktor\u00fd je ve\u013emi dobr\u00fd pri bolesti, \u00fazkosti a nevo\u013enosti.\",\"breadcrumb\":{\"@id\":\"https:\\\/\\\/medicinasinc.com\\\/sk\\\/product\\\/kupit-charas-hash\\\/#breadcrumb\"},\"inLanguage\":\"en-US\",\"potentialAction\":[{\"@type\":\"ReadAction\",\"target\":[\"https:\\\/\\\/medicinasinc.com\\\/sk\\\/product\\\/kupit-charas-hash\\\/\"]}]},{\"@type\":\"ImageObject\",\"inLanguage\":\"en-US\",\"@id\":\"https:\\\/\\\/medicinasinc.com\\\/sk\\\/product\\\/kupit-charas-hash\\\/#primaryimage\",\"url\":\"https:\\\/\\\/medicinasinc.com\\\/sk\\\/wp-content\\\/uploads\\\/sites\\\/10\\\/2022\\\/02\\\/Buy-Charas-Hash-Online.jpg\",\"contentUrl\":\"https:\\\/\\\/medicinasinc.com\\\/sk\\\/wp-content\\\/uploads\\\/sites\\\/10\\\/2022\\\/02\\\/Buy-Charas-Hash-Online.jpg\",\"width\":600,\"height\":600},{\"@type\":\"BreadcrumbList\",\"@id\":\"https:\\\/\\\/medicinasinc.com\\\/sk\\\/product\\\/kupit-charas-hash\\\/#breadcrumb\",\"itemListElement\":[{\"@type\":\"ListItem\",\"position\":1,\"name\":\"Obchod\",\"item\":\"https:\\\/\\\/medicinasinc.com\\\/sk\\\/obchod\\\/\"},{\"@type\":\"ListItem\",\"position\":2,\"name\":\"K\u00fapte si Charas Hash\"}]},{\"@type\":\"WebSite\",\"@id\":\"https:\\\/\\\/medicinasinc.com\\\/sk\\\/#website\",\"url\":\"https:\\\/\\\/medicinasinc.com\\\/sk\\\/\",\"name\":\"Medicinas Inc\",\"description\":\"Health Medical Clinic\",\"potentialAction\":[{\"@type\":\"SearchAction\",\"target\":{\"@type\":\"EntryPoint\",\"urlTemplate\":\"https:\\\/\\\/medicinasinc.com\\\/sk\\\/?s={search_term_string}\"},\"query-input\":{\"@type\":\"PropertyValueSpecification\",\"valueRequired\":true,\"valueName\":\"search_term_string\"}}],\"inLanguage\":\"en-US\"}]}<\/script>\n<!-- \/ Yoast SEO plugin. -->","yoast_head_json":{"title":"K\u00fapte si Charas Hash \u2013 najlep\u0161ie najlep\u0161ie glob\u00e1lne lieky","description":"K\u00fapi\u0165 Charas Hash na predaj Ve\u013ek\u00e1 Brit\u00e1nia, Eur\u00f3pa Online lacno s celosvetovou dopravou. Je to v\u00fdrazn\u00fd a robustn\u00fd koncentr\u00e1t, ktor\u00fd je ve\u013emi dobr\u00fd pri bolesti, \u00fazkosti a nevo\u013enosti.","robots":{"index":"index","follow":"follow","max-snippet":"max-snippet:-1","max-image-preview":"max-image-preview:large","max-video-preview":"max-video-preview:-1"},"canonical":"https:\/\/medicinasinc.com\/sk\/product\/kupit-charas-hash\/","og_locale":"en_US","og_type":"article","og_title":"K\u00fapte si Charas Hash \u2013 najlep\u0161ie najlep\u0161ie glob\u00e1lne lieky","og_description":"K\u00fapi\u0165 Charas Hash na predaj Ve\u013ek\u00e1 Brit\u00e1nia, Eur\u00f3pa Online lacno s celosvetovou dopravou. Je to v\u00fdrazn\u00fd a robustn\u00fd koncentr\u00e1t, ktor\u00fd je ve\u013emi dobr\u00fd pri bolesti, \u00fazkosti a nevo\u013enosti.","og_url":"https:\/\/medicinasinc.com\/sk\/product\/kupit-charas-hash\/","og_site_name":"Medicinas Inc","article_modified_time":"2022-03-22T01:19:17+00:00","og_image":[{"width":600,"height":600,"url":"https:\/\/medicinasinc.com\/sk\/wp-content\/uploads\/sites\/10\/2022\/02\/Buy-Charas-Hash-Online.jpg","type":"image\/jpeg"}],"twitter_card":"summary_large_image","twitter_misc":{"Est. reading time":"1 minute"},"schema":{"@context":"https:\/\/schema.org","@graph":[{"@type":"WebPage","@id":"https:\/\/medicinasinc.com\/sk\/product\/kupit-charas-hash\/","url":"https:\/\/medicinasinc.com\/sk\/product\/kupit-charas-hash\/","name":"K\u00fapte si Charas Hash \u2013 najlep\u0161ie najlep\u0161ie glob\u00e1lne lieky","isPartOf":{"@id":"https:\/\/medicinasinc.com\/sk\/#website"},"primaryImageOfPage":{"@id":"https:\/\/medicinasinc.com\/sk\/product\/kupit-charas-hash\/#primaryimage"},"image":{"@id":"https:\/\/medicinasinc.com\/sk\/product\/kupit-charas-hash\/#primaryimage"},"thumbnailUrl":"https:\/\/medicinasinc.com\/sk\/wp-content\/uploads\/sites\/10\/2022\/02\/Buy-Charas-Hash-Online.jpg","datePublished":"2022-02-20T14:04:42+00:00","dateModified":"2022-03-22T01:19:17+00:00","description":"K\u00fapi\u0165 Charas Hash na predaj Ve\u013ek\u00e1 Brit\u00e1nia, Eur\u00f3pa Online lacno s celosvetovou dopravou. Je to v\u00fdrazn\u00fd a robustn\u00fd koncentr\u00e1t, ktor\u00fd je ve\u013emi dobr\u00fd pri bolesti, \u00fazkosti a nevo\u013enosti.","breadcrumb":{"@id":"https:\/\/medicinasinc.com\/sk\/product\/kupit-charas-hash\/#breadcrumb"},"inLanguage":"en-US","potentialAction":[{"@type":"ReadAction","target":["https:\/\/medicinasinc.com\/sk\/product\/kupit-charas-hash\/"]}]},{"@type":"ImageObject","inLanguage":"en-US","@id":"https:\/\/medicinasinc.com\/sk\/product\/kupit-charas-hash\/#primaryimage","url":"https:\/\/medicinasinc.com\/sk\/wp-content\/uploads\/sites\/10\/2022\/02\/Buy-Charas-Hash-Online.jpg","contentUrl":"https:\/\/medicinasinc.com\/sk\/wp-content\/uploads\/sites\/10\/2022\/02\/Buy-Charas-Hash-Online.jpg","width":600,"height":600},{"@type":"BreadcrumbList","@id":"https:\/\/medicinasinc.com\/sk\/product\/kupit-charas-hash\/#breadcrumb","itemListElement":[{"@type":"ListItem","position":1,"name":"Obchod","item":"https:\/\/medicinasinc.com\/sk\/obchod\/"},{"@type":"ListItem","position":2,"name":"K\u00fapte si Charas Hash"}]},{"@type":"WebSite","@id":"https:\/\/medicinasinc.com\/sk\/#website","url":"https:\/\/medicinasinc.com\/sk\/","name":"Medicinas Inc","description":"Health Medical Clinic","potentialAction":[{"@type":"SearchAction","target":{"@type":"EntryPoint","urlTemplate":"https:\/\/medicinasinc.com\/sk\/?s={search_term_string}"},"query-input":{"@type":"PropertyValueSpecification","valueRequired":true,"valueName":"search_term_string"}}],"inLanguage":"en-US"}]}},"_links":{"self":[{"href":"https:\/\/medicinasinc.com\/sk\/wp-json\/wp\/v2\/product\/4635","targetHints":{"allow":["GET"]}}],"collection":[{"href":"https:\/\/medicinasinc.com\/sk\/wp-json\/wp\/v2\/product"}],"about":[{"href":"https:\/\/medicinasinc.com\/sk\/wp-json\/wp\/v2\/types\/product"}],"replies":[{"embeddable":true,"href":"https:\/\/medicinasinc.com\/sk\/wp-json\/wp\/v2\/comments?post=4635"}],"wp:featuredmedia":[{"embeddable":true,"href":"https:\/\/medicinasinc.com\/sk\/wp-json\/wp\/v2\/media\/4649"}],"wp:attachment":[{"href":"https:\/\/medicinasinc.com\/sk\/wp-json\/wp\/v2\/media?parent=4635"}],"wp:term":[{"taxonomy":"product_brand","embeddable":true,"href":"https:\/\/medicinasinc.com\/sk\/wp-json\/wp\/v2\/product_brand?post=4635"},{"taxonomy":"product_cat","embeddable":true,"href":"https:\/\/medicinasinc.com\/sk\/wp-json\/wp\/v2\/product_cat?post=4635"},{"taxonomy":"product_tag","embeddable":true,"href":"https:\/\/medicinasinc.com\/sk\/wp-json\/wp\/v2\/product_tag?post=4635"}],"curies":[{"name":"wp","href":"https:\/\/api.w.org\/{rel}","templated":true}]}}