{"id":4627,"date":"2022-02-20T13:57:00","date_gmt":"2022-02-20T13:57:00","guid":{"rendered":"https:\/\/medicinasinc.com\/sk\/?post_type=product&#038;p=4627"},"modified":"2022-03-22T01:19:36","modified_gmt":"2022-03-22T01:19:36","slug":"buy-bc-hash","status":"publish","type":"product","link":"https:\/\/medicinasinc.com\/sk\/product\/buy-bc-hash\/","title":{"rendered":"K\u00fapi\u0165 BC Hash"},"content":{"rendered":"<div class=\"woocommerce-tabs wc-tabs-wrapper\">\n<div id=\"tab-description\" class=\"woocommerce-Tabs-panel woocommerce-Tabs-panel--description panel entry-content wc-tab\" role=\"tabpanel\" aria-labelledby=\"tab-title-description\">\n<p>BC-Hash je mo\u017en\u00e9 zak\u00fapi\u0165 online.<\/p>\n<p>Chceli by ste dnes vysk\u00fa\u0161a\u0165 nie\u010do nov\u00e9? Na\u0161\u00edm odpor\u00fa\u010dan\u00edm je vysk\u00fa\u0161a\u0165 si tento kvalitn\u00fd hash, ktor\u00fd je ob\u013e\u00faben\u00fd medzi za\u010diato\u010dn\u00edkmi aj sk\u00fasen\u00fdmi u\u017e\u00edvate\u013emi marihuany. BC-Hash je mo\u017en\u00e9 zak\u00fapi\u0165 online.<\/p>\n<p>BC Hash m\u00e1 v\u00fdrazn\u00fa borovicov\u00fa v\u00f4\u0148u a chu\u0165.<\/p>\n<p>Zatia\u013e \u010do mnoh\u00ed \u013eudia o\u010dak\u00e1vaj\u00fa siln\u00fa v\u00f4\u0148u, realita je tak\u00e1, \u017ee je celkom jemn\u00e1. tento produkt je tie\u017e celkom praktick\u00fd. Najlep\u0161ie na tom je, \u017ee high neza\u010d\u00edna okam\u017eite, tak\u017ee si m\u00f4\u017eete da\u0165 \u010das a o\u010dak\u00e1va\u0165, \u017ee to bude trva\u0165 dlho. Je to vynikaj\u00faca mo\u017enos\u0165 pre t\u00fdch, ktor\u00ed h\u013eadaj\u00fa de\u0148 relax\u00e1cie, ako aj pre t\u00fdch, ktor\u00ed chc\u00fa bojova\u0165 proti \u00fazkosti. Dod\u00e1vame do Spojen\u00fdch \u0161t\u00e1tov americk\u00fdch, Spojen\u00e9ho kr\u00e1\u013eovstva, Austr\u00e1lie, Kanady a Eur\u00f3py, ako aj do zahrani\u010dia.<\/p>\n<\/p><\/div><\/div>\n","protected":false},"excerpt":{"rendered":"<p>K\u00fapte si BC Hash na predaj vo Ve\u013ekej Brit\u00e1nii online za najlep\u0161\u00ed glob\u00e1lny chaos. Objednajte si produkty hash oil a BC hash. K\u00fapte si tr\u00e1vu online tu a z\u00edskajte r\u00fdchle doru\u010denie kdeko\u013evek v Eur\u00f3pe, Ve\u013ekej Brit\u00e1nii.<\/p>\n<p>&nbsp;<\/p>\n<ul>\n<li>Celosvetov\u00e1 doprava<\/li>\n<li><strong>Stupe\u0148: AAAA<\/strong><\/li>\n<li><strong>Kontaktujte n\u00e1s<\/strong>\u00a0pre v\u00e4\u010d\u0161ie objedn\u00e1vky<\/li>\n<\/ul>\n","protected":false},"featured_media":4639,"comment_status":"open","ping_status":"closed","template":"","meta":[],"product_brand":[],"product_cat":[610],"product_tag":[611,612,614,618,619,620,622,623,454,629,630,634,459,635,637,638,639,640,641,645,470,473,475,653,655,682,654,646,621,616,617,625,626,461,628,633,631,632,643,647,650,649,642,644,651,615,624,636,627,648,656,657,659,658,663,664,665,613,652,455,671,662,678,672,674,676,673,675,677,679,680,666,667,668,670,669,660,661,681],"class_list":{"0":"post-4627","1":"product","2":"type-product","3":"status-publish","4":"has-post-thumbnail","6":"product_cat-kupit-hash-hashish","7":"product_tag-420-mailov-objednvka-marihuana-usa","8":"product_tag-420-mailov-objednvka-usa","9":"product_tag-best-online-dispensary","10":"product_tag-buy-cheap-weed-online-usa","11":"product_tag-buy-dabs-online","12":"product_tag-buy-dabs-online-mail-order","13":"product_tag-buy-hash-online-uk","14":"product_tag-buy-high-thc-cannabis-oil-online","15":"product_tag-buy-marijuana-edibles-online","16":"product_tag-buy-marijuana-online-ca","17":"product_tag-buy-marijuana-online-discreet-packaging","18":"product_tag-buy-marijuana-online-uk","19":"product_tag-buy-marijuana-online-usa","20":"product_tag-buy-marijuana-online-with-worldwide-shipping","21":"product_tag-buy-marijuana-shatterwax-online-with-worldwide-shipping","22":"product_tag-buy-marijuana-wax-online-australia","23":"product_tag-buy-marijuana-wax-online-uk","24":"product_tag-buy-moon-rocks-online","25":"product_tag-buy-pre-rolled-joints-online","26":"product_tag-buy-wax-online-with-worldwide-shipping","27":"product_tag-buy-weed-online","28":"product_tag-buy-weed-online-europe","29":"product_tag-buy-weed-online-uk","30":"product_tag-buying-weed-online-usa-reviews","31":"product_tag-jedl-celosvetov-doprava","32":"product_tag-celosvetov-internetov-obchod-s-kanabisom","33":"product_tag-california-dispensary-shipping-worldwide","34":"product_tag-kpi-burinu-jedol-online","35":"product_tag-kpi-hash-olej-online-australia","36":"product_tag-buy-cannabis-online-kuwait","37":"product_tag-kpi-konope-online-malajzia","38":"product_tag-buy-kush-online-usa","39":"product_tag-kpi-leglne-burinu-online","40":"product_tag-kpi-lekrsku-marihuanu-online","41":"product_tag-buy-marihuana-online-brazlia","42":"product_tag-kpi-marihuanu-online-stredn-vchod","43":"product_tag-kpi-marihuanu-online-latinsko-americk","44":"product_tag-kpi-marihuanu-online-malajzia","45":"product_tag-kpi-thc-olej-online","46":"product_tag-kpi-burinu-online-ziu","47":"product_tag-kpi-burinu-online-s-celosvetovou-dodvkou","48":"product_tag-buy-weed-online-usa","49":"product_tag-kpi-rozbi-vosk-online","50":"product_tag-kpi-thc-wax-online","51":"product_tag-kpi-burinu-vosk-online-s-celosvetovou-dodvkou","52":"product_tag-kpi-konopn-olej-online","53":"product_tag-k-c3-bapi-c5-a5-kush-online","54":"product_tag-kpte-marihuanov-rozbitn-vosk-online-s-celosvetovou-dodvkou","55":"product_tag-kpi-marihuanu-online-australia","56":"product_tag-kpi-burinu-online-australia","57":"product_tag-legal-marijuana-for-sale-usa","58":"product_tag-legitmna-online-vdaja","59":"product_tag-leglna-online-vdaja-doprava-celosvetovo","60":"product_tag-leglna-online-vdaja-doprava-usa","61":"product_tag-mail-order-weed-online-with-worldwide-shipping","62":"product_tag-marihuana-na-predaj-usa","63":"product_tag-marihuana-online-usa","64":"product_tag-best-marihuana-online-shop-usa","65":"product_tag-nkup-marihuany-online-usa","66":"product_tag-kpi-marihuanu-online","67":"product_tag-order-kush-online-usa","68":"product_tag-mail-order-marihuana-online-with-worldwide-shipping","69":"product_tag-objedna-burinu-online","70":"product_tag-objedna-marihuana-online","71":"product_tag-objednvka-marihuana-online-franczsko","72":"product_tag-objednvka-marihuana-online-celosvetov-doprava","73":"product_tag-objedna-marihuana-online-europe","74":"product_tag-objednvka-marihuana-online-usa","75":"product_tag-order-shatter-online-usa","76":"product_tag-order-weed-online-usa","77":"product_tag-objednvanie-buriny-online-v-usa","78":"product_tag-online-dispensary-shipping","79":"product_tag-online-dispensary-shipping-uk","80":"product_tag-online-dispensary-shipping-usa","81":"product_tag-online-vdaja-doprava-celosvetov-recenzie","82":"product_tag-online-vdaja-doprava-celosvetovo","83":"product_tag-mail-order-marihuana-online","84":"product_tag-mail-order-marihuana-online-usa","85":"product_tag-burina-na-predaj-online-usa","87":"first","88":"instock","89":"shipping-taxable","90":"purchasable","91":"product-type-variable","92":"has-default-attributes"},"yoast_head":"<!-- This site is optimized with the Yoast SEO plugin v27.3 - https:\/\/yoast.com\/product\/yoast-seo-wordpress\/ -->\n<title>K\u00fapte si BC Hash online - najlep\u0161ie najlep\u0161ie glob\u00e1lne lieky<\/title>\n<meta name=\"description\" content=\"K\u00fapte si BC Hash na predaj vo Ve\u013ekej Brit\u00e1nii online za najlep\u0161\u00ed glob\u00e1lny chaos. Objednajte si produkty hash oil a BC hash. K\u00fapte si tr\u00e1vu online tu a z\u00edskajte r\u00fdchlu dopravu kdeko\u013evek v Eur\u00f3pe, Ve\u013ekej Brit\u00e1nii.\" \/>\n<meta name=\"robots\" content=\"index, follow, max-snippet:-1, max-image-preview:large, max-video-preview:-1\" \/>\n<link rel=\"canonical\" href=\"https:\/\/medicinasinc.com\/sk\/product\/buy-bc-hash\/\" \/>\n<meta property=\"og:locale\" content=\"en_US\" \/>\n<meta property=\"og:type\" content=\"article\" \/>\n<meta property=\"og:title\" content=\"K\u00fapte si BC Hash online - najlep\u0161ie najlep\u0161ie glob\u00e1lne lieky\" \/>\n<meta property=\"og:description\" content=\"K\u00fapte si BC Hash na predaj vo Ve\u013ekej Brit\u00e1nii online za najlep\u0161\u00ed glob\u00e1lny chaos. Objednajte si produkty hash oil a BC hash. K\u00fapte si tr\u00e1vu online tu a z\u00edskajte r\u00fdchlu dopravu kdeko\u013evek v Eur\u00f3pe, Ve\u013ekej Brit\u00e1nii.\" \/>\n<meta property=\"og:url\" content=\"https:\/\/medicinasinc.com\/sk\/product\/buy-bc-hash\/\" \/>\n<meta property=\"og:site_name\" content=\"Medicinas Inc\" \/>\n<meta property=\"article:modified_time\" content=\"2022-03-22T01:19:36+00:00\" \/>\n<meta property=\"og:image\" content=\"https:\/\/medicinasinc.com\/sk\/wp-content\/uploads\/sites\/10\/2022\/02\/Buy-BC-Hash.jpg\" \/>\n\t<meta property=\"og:image:width\" content=\"600\" \/>\n\t<meta property=\"og:image:height\" content=\"600\" \/>\n\t<meta property=\"og:image:type\" content=\"image\/jpeg\" \/>\n<meta name=\"twitter:card\" content=\"summary_large_image\" \/>\n<meta name=\"twitter:label1\" content=\"Est. reading time\" \/>\n\t<meta name=\"twitter:data1\" content=\"1 minute\" \/>\n<script type=\"application\/ld+json\" class=\"yoast-schema-graph\">{\"@context\":\"https:\\\/\\\/schema.org\",\"@graph\":[{\"@type\":\"WebPage\",\"@id\":\"https:\\\/\\\/medicinasinc.com\\\/sk\\\/product\\\/buy-bc-hash\\\/\",\"url\":\"https:\\\/\\\/medicinasinc.com\\\/sk\\\/product\\\/buy-bc-hash\\\/\",\"name\":\"K\u00fapte si BC Hash online - najlep\u0161ie najlep\u0161ie glob\u00e1lne lieky\",\"isPartOf\":{\"@id\":\"https:\\\/\\\/medicinasinc.com\\\/sk\\\/#website\"},\"primaryImageOfPage\":{\"@id\":\"https:\\\/\\\/medicinasinc.com\\\/sk\\\/product\\\/buy-bc-hash\\\/#primaryimage\"},\"image\":{\"@id\":\"https:\\\/\\\/medicinasinc.com\\\/sk\\\/product\\\/buy-bc-hash\\\/#primaryimage\"},\"thumbnailUrl\":\"https:\\\/\\\/medicinasinc.com\\\/sk\\\/wp-content\\\/uploads\\\/sites\\\/10\\\/2022\\\/02\\\/Buy-BC-Hash.jpg\",\"datePublished\":\"2022-02-20T13:57:00+00:00\",\"dateModified\":\"2022-03-22T01:19:36+00:00\",\"description\":\"K\u00fapte si BC Hash na predaj vo Ve\u013ekej Brit\u00e1nii online za najlep\u0161\u00ed glob\u00e1lny chaos. Objednajte si produkty hash oil a BC hash. K\u00fapte si tr\u00e1vu online tu a z\u00edskajte r\u00fdchlu dopravu kdeko\u013evek v Eur\u00f3pe, Ve\u013ekej Brit\u00e1nii.\",\"breadcrumb\":{\"@id\":\"https:\\\/\\\/medicinasinc.com\\\/sk\\\/product\\\/buy-bc-hash\\\/#breadcrumb\"},\"inLanguage\":\"en-US\",\"potentialAction\":[{\"@type\":\"ReadAction\",\"target\":[\"https:\\\/\\\/medicinasinc.com\\\/sk\\\/product\\\/buy-bc-hash\\\/\"]}]},{\"@type\":\"ImageObject\",\"inLanguage\":\"en-US\",\"@id\":\"https:\\\/\\\/medicinasinc.com\\\/sk\\\/product\\\/buy-bc-hash\\\/#primaryimage\",\"url\":\"https:\\\/\\\/medicinasinc.com\\\/sk\\\/wp-content\\\/uploads\\\/sites\\\/10\\\/2022\\\/02\\\/Buy-BC-Hash.jpg\",\"contentUrl\":\"https:\\\/\\\/medicinasinc.com\\\/sk\\\/wp-content\\\/uploads\\\/sites\\\/10\\\/2022\\\/02\\\/Buy-BC-Hash.jpg\",\"width\":600,\"height\":600},{\"@type\":\"BreadcrumbList\",\"@id\":\"https:\\\/\\\/medicinasinc.com\\\/sk\\\/product\\\/buy-bc-hash\\\/#breadcrumb\",\"itemListElement\":[{\"@type\":\"ListItem\",\"position\":1,\"name\":\"Obchod\",\"item\":\"https:\\\/\\\/medicinasinc.com\\\/sk\\\/obchod\\\/\"},{\"@type\":\"ListItem\",\"position\":2,\"name\":\"K\u00fapi\u0165 BC Hash\"}]},{\"@type\":\"WebSite\",\"@id\":\"https:\\\/\\\/medicinasinc.com\\\/sk\\\/#website\",\"url\":\"https:\\\/\\\/medicinasinc.com\\\/sk\\\/\",\"name\":\"Medicinas Inc\",\"description\":\"Health Medical Clinic\",\"potentialAction\":[{\"@type\":\"SearchAction\",\"target\":{\"@type\":\"EntryPoint\",\"urlTemplate\":\"https:\\\/\\\/medicinasinc.com\\\/sk\\\/?s={search_term_string}\"},\"query-input\":{\"@type\":\"PropertyValueSpecification\",\"valueRequired\":true,\"valueName\":\"search_term_string\"}}],\"inLanguage\":\"en-US\"}]}<\/script>\n<!-- \/ Yoast SEO plugin. -->","yoast_head_json":{"title":"K\u00fapte si BC Hash online - najlep\u0161ie najlep\u0161ie glob\u00e1lne lieky","description":"K\u00fapte si BC Hash na predaj vo Ve\u013ekej Brit\u00e1nii online za najlep\u0161\u00ed glob\u00e1lny chaos. Objednajte si produkty hash oil a BC hash. K\u00fapte si tr\u00e1vu online tu a z\u00edskajte r\u00fdchlu dopravu kdeko\u013evek v Eur\u00f3pe, Ve\u013ekej Brit\u00e1nii.","robots":{"index":"index","follow":"follow","max-snippet":"max-snippet:-1","max-image-preview":"max-image-preview:large","max-video-preview":"max-video-preview:-1"},"canonical":"https:\/\/medicinasinc.com\/sk\/product\/buy-bc-hash\/","og_locale":"en_US","og_type":"article","og_title":"K\u00fapte si BC Hash online - najlep\u0161ie najlep\u0161ie glob\u00e1lne lieky","og_description":"K\u00fapte si BC Hash na predaj vo Ve\u013ekej Brit\u00e1nii online za najlep\u0161\u00ed glob\u00e1lny chaos. Objednajte si produkty hash oil a BC hash. K\u00fapte si tr\u00e1vu online tu a z\u00edskajte r\u00fdchlu dopravu kdeko\u013evek v Eur\u00f3pe, Ve\u013ekej Brit\u00e1nii.","og_url":"https:\/\/medicinasinc.com\/sk\/product\/buy-bc-hash\/","og_site_name":"Medicinas Inc","article_modified_time":"2022-03-22T01:19:36+00:00","og_image":[{"width":600,"height":600,"url":"https:\/\/medicinasinc.com\/sk\/wp-content\/uploads\/sites\/10\/2022\/02\/Buy-BC-Hash.jpg","type":"image\/jpeg"}],"twitter_card":"summary_large_image","twitter_misc":{"Est. reading time":"1 minute"},"schema":{"@context":"https:\/\/schema.org","@graph":[{"@type":"WebPage","@id":"https:\/\/medicinasinc.com\/sk\/product\/buy-bc-hash\/","url":"https:\/\/medicinasinc.com\/sk\/product\/buy-bc-hash\/","name":"K\u00fapte si BC Hash online - najlep\u0161ie najlep\u0161ie glob\u00e1lne lieky","isPartOf":{"@id":"https:\/\/medicinasinc.com\/sk\/#website"},"primaryImageOfPage":{"@id":"https:\/\/medicinasinc.com\/sk\/product\/buy-bc-hash\/#primaryimage"},"image":{"@id":"https:\/\/medicinasinc.com\/sk\/product\/buy-bc-hash\/#primaryimage"},"thumbnailUrl":"https:\/\/medicinasinc.com\/sk\/wp-content\/uploads\/sites\/10\/2022\/02\/Buy-BC-Hash.jpg","datePublished":"2022-02-20T13:57:00+00:00","dateModified":"2022-03-22T01:19:36+00:00","description":"K\u00fapte si BC Hash na predaj vo Ve\u013ekej Brit\u00e1nii online za najlep\u0161\u00ed glob\u00e1lny chaos. Objednajte si produkty hash oil a BC hash. K\u00fapte si tr\u00e1vu online tu a z\u00edskajte r\u00fdchlu dopravu kdeko\u013evek v Eur\u00f3pe, Ve\u013ekej Brit\u00e1nii.","breadcrumb":{"@id":"https:\/\/medicinasinc.com\/sk\/product\/buy-bc-hash\/#breadcrumb"},"inLanguage":"en-US","potentialAction":[{"@type":"ReadAction","target":["https:\/\/medicinasinc.com\/sk\/product\/buy-bc-hash\/"]}]},{"@type":"ImageObject","inLanguage":"en-US","@id":"https:\/\/medicinasinc.com\/sk\/product\/buy-bc-hash\/#primaryimage","url":"https:\/\/medicinasinc.com\/sk\/wp-content\/uploads\/sites\/10\/2022\/02\/Buy-BC-Hash.jpg","contentUrl":"https:\/\/medicinasinc.com\/sk\/wp-content\/uploads\/sites\/10\/2022\/02\/Buy-BC-Hash.jpg","width":600,"height":600},{"@type":"BreadcrumbList","@id":"https:\/\/medicinasinc.com\/sk\/product\/buy-bc-hash\/#breadcrumb","itemListElement":[{"@type":"ListItem","position":1,"name":"Obchod","item":"https:\/\/medicinasinc.com\/sk\/obchod\/"},{"@type":"ListItem","position":2,"name":"K\u00fapi\u0165 BC Hash"}]},{"@type":"WebSite","@id":"https:\/\/medicinasinc.com\/sk\/#website","url":"https:\/\/medicinasinc.com\/sk\/","name":"Medicinas Inc","description":"Health Medical Clinic","potentialAction":[{"@type":"SearchAction","target":{"@type":"EntryPoint","urlTemplate":"https:\/\/medicinasinc.com\/sk\/?s={search_term_string}"},"query-input":{"@type":"PropertyValueSpecification","valueRequired":true,"valueName":"search_term_string"}}],"inLanguage":"en-US"}]}},"_links":{"self":[{"href":"https:\/\/medicinasinc.com\/sk\/wp-json\/wp\/v2\/product\/4627","targetHints":{"allow":["GET"]}}],"collection":[{"href":"https:\/\/medicinasinc.com\/sk\/wp-json\/wp\/v2\/product"}],"about":[{"href":"https:\/\/medicinasinc.com\/sk\/wp-json\/wp\/v2\/types\/product"}],"replies":[{"embeddable":true,"href":"https:\/\/medicinasinc.com\/sk\/wp-json\/wp\/v2\/comments?post=4627"}],"wp:featuredmedia":[{"embeddable":true,"href":"https:\/\/medicinasinc.com\/sk\/wp-json\/wp\/v2\/media\/4639"}],"wp:attachment":[{"href":"https:\/\/medicinasinc.com\/sk\/wp-json\/wp\/v2\/media?parent=4627"}],"wp:term":[{"taxonomy":"product_brand","embeddable":true,"href":"https:\/\/medicinasinc.com\/sk\/wp-json\/wp\/v2\/product_brand?post=4627"},{"taxonomy":"product_cat","embeddable":true,"href":"https:\/\/medicinasinc.com\/sk\/wp-json\/wp\/v2\/product_cat?post=4627"},{"taxonomy":"product_tag","embeddable":true,"href":"https:\/\/medicinasinc.com\/sk\/wp-json\/wp\/v2\/product_tag?post=4627"}],"curies":[{"name":"wp","href":"https:\/\/api.w.org\/{rel}","templated":true}]}}