{"id":4610,"date":"2022-02-20T13:45:31","date_gmt":"2022-02-20T13:45:31","guid":{"rendered":"https:\/\/medicinasinc.com\/sk\/?post_type=product&#038;p=4610"},"modified":"2022-03-22T01:19:48","modified_gmt":"2022-03-22T01:19:48","slug":"objednat-biely-mercedes-extaza-tabletky","status":"publish","type":"product","link":"https:\/\/medicinasinc.com\/sk\/product\/objednat-biely-mercedes-extaza-tabletky\/","title":{"rendered":"Objednajte si tabletky ext\u00e1zy White Mercedes"},"content":{"rendered":"<h1>Objedna\u0165 biele tabletky ext\u00e1zy Mercedes online 295 mg<\/h1>\n<table style=\"height: 70px\" width=\"686\">\n<tbody>\n<tr>\n<th>Farba:<\/th>\n<td>Biela <\/td>\n<\/tr>\n<tr>\n<th>Ve\u013ekos\u0165:<\/th>\n<td>295 mg<\/td>\n<\/tr>\n<\/tbody>\n<\/table>\n","protected":false},"excerpt":{"rendered":"<div class=\"woocommerce-product-details__short-description\">\n<p>K\u00fapte si biele tabletky ext\u00e1zy Mercedes na predaj v Spojenom kr\u00e1\u013eovstve, Eur\u00f3pe za najlep\u0161ie ceny, garantujeme diskr\u00e9tne a bezpe\u010dn\u00e9 doru\u010denie do cel\u00e9ho sveta so sledovan\u00edm a sledovan\u00edm z\u00e1sielky<\/p>\n<p><strong>Minim\u00e1lna objedn\u00e1vka<\/strong><strong>je 50 tabliet.<\/strong><\/p>\n<\/p><\/div>\n","protected":false},"featured_media":4623,"comment_status":"open","ping_status":"closed","template":"","meta":[],"product_brand":[],"product_cat":[498],"product_tag":[],"class_list":{"0":"post-4610","1":"product","2":"type-product","3":"status-publish","4":"has-post-thumbnail","6":"product_cat-kupte-si-tabletky-na-extazu","8":"first","9":"instock","10":"shipping-taxable","11":"purchasable","12":"product-type-variable","13":"has-default-attributes"},"yoast_head":"<!-- This site is optimized with the Yoast SEO plugin v27.3 - https:\/\/yoast.com\/product\/yoast-seo-wordpress\/ -->\n<title>K\u00fapte si biele tabletky ext\u00e1zy Mercedes online - najlep\u0161ie najlep\u0161ie glob\u00e1lne lieky<\/title>\n<meta name=\"description\" content=\"K\u00fapte si biele tabletky ext\u00e1zy Mercedes na predaj Ve\u013ek\u00e1 Brit\u00e1nia, Eur\u00f3pa za najlep\u0161ie ceny, garantujeme diskr\u00e9tne a bezpe\u010dn\u00e9 doru\u010denie do cel\u00e9ho sveta so sledovan\u00edm a sledovan\u00edm z\u00e1sielky\" \/>\n<meta name=\"robots\" content=\"index, follow, max-snippet:-1, max-image-preview:large, max-video-preview:-1\" \/>\n<link rel=\"canonical\" href=\"https:\/\/medicinasinc.com\/sk\/product\/objednat-biely-mercedes-extaza-tabletky\/\" \/>\n<meta property=\"og:locale\" content=\"en_US\" \/>\n<meta property=\"og:type\" content=\"article\" \/>\n<meta property=\"og:title\" content=\"K\u00fapte si biele tabletky ext\u00e1zy Mercedes online - najlep\u0161ie najlep\u0161ie glob\u00e1lne lieky\" \/>\n<meta property=\"og:description\" content=\"K\u00fapte si biele tabletky ext\u00e1zy Mercedes na predaj Ve\u013ek\u00e1 Brit\u00e1nia, Eur\u00f3pa za najlep\u0161ie ceny, garantujeme diskr\u00e9tne a bezpe\u010dn\u00e9 doru\u010denie do cel\u00e9ho sveta so sledovan\u00edm a sledovan\u00edm z\u00e1sielky\" \/>\n<meta property=\"og:url\" content=\"https:\/\/medicinasinc.com\/sk\/product\/objednat-biely-mercedes-extaza-tabletky\/\" \/>\n<meta property=\"og:site_name\" content=\"Medicinas Inc\" \/>\n<meta property=\"article:modified_time\" content=\"2022-03-22T01:19:48+00:00\" \/>\n<meta property=\"og:image\" content=\"https:\/\/medicinasinc.com\/sk\/wp-content\/uploads\/sites\/10\/2022\/02\/order-white-mercedes-ecstasy-pills-online.jpg\" \/>\n\t<meta property=\"og:image:width\" content=\"600\" \/>\n\t<meta property=\"og:image:height\" content=\"600\" \/>\n\t<meta property=\"og:image:type\" content=\"image\/jpeg\" \/>\n<meta name=\"twitter:card\" content=\"summary_large_image\" \/>\n<meta name=\"twitter:label1\" content=\"Est. reading time\" \/>\n\t<meta name=\"twitter:data1\" content=\"1 minute\" \/>\n<script type=\"application\/ld+json\" class=\"yoast-schema-graph\">{\"@context\":\"https:\\\/\\\/schema.org\",\"@graph\":[{\"@type\":\"WebPage\",\"@id\":\"https:\\\/\\\/medicinasinc.com\\\/sk\\\/product\\\/objednat-biely-mercedes-extaza-tabletky\\\/\",\"url\":\"https:\\\/\\\/medicinasinc.com\\\/sk\\\/product\\\/objednat-biely-mercedes-extaza-tabletky\\\/\",\"name\":\"K\u00fapte si biele tabletky ext\u00e1zy Mercedes online - najlep\u0161ie najlep\u0161ie glob\u00e1lne lieky\",\"isPartOf\":{\"@id\":\"https:\\\/\\\/medicinasinc.com\\\/sk\\\/#website\"},\"primaryImageOfPage\":{\"@id\":\"https:\\\/\\\/medicinasinc.com\\\/sk\\\/product\\\/objednat-biely-mercedes-extaza-tabletky\\\/#primaryimage\"},\"image\":{\"@id\":\"https:\\\/\\\/medicinasinc.com\\\/sk\\\/product\\\/objednat-biely-mercedes-extaza-tabletky\\\/#primaryimage\"},\"thumbnailUrl\":\"https:\\\/\\\/medicinasinc.com\\\/sk\\\/wp-content\\\/uploads\\\/sites\\\/10\\\/2022\\\/02\\\/order-white-mercedes-ecstasy-pills-online.jpg\",\"datePublished\":\"2022-02-20T13:45:31+00:00\",\"dateModified\":\"2022-03-22T01:19:48+00:00\",\"description\":\"K\u00fapte si biele tabletky ext\u00e1zy Mercedes na predaj Ve\u013ek\u00e1 Brit\u00e1nia, Eur\u00f3pa za najlep\u0161ie ceny, garantujeme diskr\u00e9tne a bezpe\u010dn\u00e9 doru\u010denie do cel\u00e9ho sveta so sledovan\u00edm a sledovan\u00edm z\u00e1sielky\",\"breadcrumb\":{\"@id\":\"https:\\\/\\\/medicinasinc.com\\\/sk\\\/product\\\/objednat-biely-mercedes-extaza-tabletky\\\/#breadcrumb\"},\"inLanguage\":\"en-US\",\"potentialAction\":[{\"@type\":\"ReadAction\",\"target\":[\"https:\\\/\\\/medicinasinc.com\\\/sk\\\/product\\\/objednat-biely-mercedes-extaza-tabletky\\\/\"]}]},{\"@type\":\"ImageObject\",\"inLanguage\":\"en-US\",\"@id\":\"https:\\\/\\\/medicinasinc.com\\\/sk\\\/product\\\/objednat-biely-mercedes-extaza-tabletky\\\/#primaryimage\",\"url\":\"https:\\\/\\\/medicinasinc.com\\\/sk\\\/wp-content\\\/uploads\\\/sites\\\/10\\\/2022\\\/02\\\/order-white-mercedes-ecstasy-pills-online.jpg\",\"contentUrl\":\"https:\\\/\\\/medicinasinc.com\\\/sk\\\/wp-content\\\/uploads\\\/sites\\\/10\\\/2022\\\/02\\\/order-white-mercedes-ecstasy-pills-online.jpg\",\"width\":600,\"height\":600},{\"@type\":\"BreadcrumbList\",\"@id\":\"https:\\\/\\\/medicinasinc.com\\\/sk\\\/product\\\/objednat-biely-mercedes-extaza-tabletky\\\/#breadcrumb\",\"itemListElement\":[{\"@type\":\"ListItem\",\"position\":1,\"name\":\"Obchod\",\"item\":\"https:\\\/\\\/medicinasinc.com\\\/sk\\\/obchod\\\/\"},{\"@type\":\"ListItem\",\"position\":2,\"name\":\"Objednajte si tabletky ext\u00e1zy White Mercedes\"}]},{\"@type\":\"WebSite\",\"@id\":\"https:\\\/\\\/medicinasinc.com\\\/sk\\\/#website\",\"url\":\"https:\\\/\\\/medicinasinc.com\\\/sk\\\/\",\"name\":\"Medicinas Inc\",\"description\":\"Health Medical Clinic\",\"potentialAction\":[{\"@type\":\"SearchAction\",\"target\":{\"@type\":\"EntryPoint\",\"urlTemplate\":\"https:\\\/\\\/medicinasinc.com\\\/sk\\\/?s={search_term_string}\"},\"query-input\":{\"@type\":\"PropertyValueSpecification\",\"valueRequired\":true,\"valueName\":\"search_term_string\"}}],\"inLanguage\":\"en-US\"}]}<\/script>\n<!-- \/ Yoast SEO plugin. -->","yoast_head_json":{"title":"K\u00fapte si biele tabletky ext\u00e1zy Mercedes online - najlep\u0161ie najlep\u0161ie glob\u00e1lne lieky","description":"K\u00fapte si biele tabletky ext\u00e1zy Mercedes na predaj Ve\u013ek\u00e1 Brit\u00e1nia, Eur\u00f3pa za najlep\u0161ie ceny, garantujeme diskr\u00e9tne a bezpe\u010dn\u00e9 doru\u010denie do cel\u00e9ho sveta so sledovan\u00edm a sledovan\u00edm z\u00e1sielky","robots":{"index":"index","follow":"follow","max-snippet":"max-snippet:-1","max-image-preview":"max-image-preview:large","max-video-preview":"max-video-preview:-1"},"canonical":"https:\/\/medicinasinc.com\/sk\/product\/objednat-biely-mercedes-extaza-tabletky\/","og_locale":"en_US","og_type":"article","og_title":"K\u00fapte si biele tabletky ext\u00e1zy Mercedes online - najlep\u0161ie najlep\u0161ie glob\u00e1lne lieky","og_description":"K\u00fapte si biele tabletky ext\u00e1zy Mercedes na predaj Ve\u013ek\u00e1 Brit\u00e1nia, Eur\u00f3pa za najlep\u0161ie ceny, garantujeme diskr\u00e9tne a bezpe\u010dn\u00e9 doru\u010denie do cel\u00e9ho sveta so sledovan\u00edm a sledovan\u00edm z\u00e1sielky","og_url":"https:\/\/medicinasinc.com\/sk\/product\/objednat-biely-mercedes-extaza-tabletky\/","og_site_name":"Medicinas Inc","article_modified_time":"2022-03-22T01:19:48+00:00","og_image":[{"width":600,"height":600,"url":"https:\/\/medicinasinc.com\/sk\/wp-content\/uploads\/sites\/10\/2022\/02\/order-white-mercedes-ecstasy-pills-online.jpg","type":"image\/jpeg"}],"twitter_card":"summary_large_image","twitter_misc":{"Est. reading time":"1 minute"},"schema":{"@context":"https:\/\/schema.org","@graph":[{"@type":"WebPage","@id":"https:\/\/medicinasinc.com\/sk\/product\/objednat-biely-mercedes-extaza-tabletky\/","url":"https:\/\/medicinasinc.com\/sk\/product\/objednat-biely-mercedes-extaza-tabletky\/","name":"K\u00fapte si biele tabletky ext\u00e1zy Mercedes online - najlep\u0161ie najlep\u0161ie glob\u00e1lne lieky","isPartOf":{"@id":"https:\/\/medicinasinc.com\/sk\/#website"},"primaryImageOfPage":{"@id":"https:\/\/medicinasinc.com\/sk\/product\/objednat-biely-mercedes-extaza-tabletky\/#primaryimage"},"image":{"@id":"https:\/\/medicinasinc.com\/sk\/product\/objednat-biely-mercedes-extaza-tabletky\/#primaryimage"},"thumbnailUrl":"https:\/\/medicinasinc.com\/sk\/wp-content\/uploads\/sites\/10\/2022\/02\/order-white-mercedes-ecstasy-pills-online.jpg","datePublished":"2022-02-20T13:45:31+00:00","dateModified":"2022-03-22T01:19:48+00:00","description":"K\u00fapte si biele tabletky ext\u00e1zy Mercedes na predaj Ve\u013ek\u00e1 Brit\u00e1nia, Eur\u00f3pa za najlep\u0161ie ceny, garantujeme diskr\u00e9tne a bezpe\u010dn\u00e9 doru\u010denie do cel\u00e9ho sveta so sledovan\u00edm a sledovan\u00edm z\u00e1sielky","breadcrumb":{"@id":"https:\/\/medicinasinc.com\/sk\/product\/objednat-biely-mercedes-extaza-tabletky\/#breadcrumb"},"inLanguage":"en-US","potentialAction":[{"@type":"ReadAction","target":["https:\/\/medicinasinc.com\/sk\/product\/objednat-biely-mercedes-extaza-tabletky\/"]}]},{"@type":"ImageObject","inLanguage":"en-US","@id":"https:\/\/medicinasinc.com\/sk\/product\/objednat-biely-mercedes-extaza-tabletky\/#primaryimage","url":"https:\/\/medicinasinc.com\/sk\/wp-content\/uploads\/sites\/10\/2022\/02\/order-white-mercedes-ecstasy-pills-online.jpg","contentUrl":"https:\/\/medicinasinc.com\/sk\/wp-content\/uploads\/sites\/10\/2022\/02\/order-white-mercedes-ecstasy-pills-online.jpg","width":600,"height":600},{"@type":"BreadcrumbList","@id":"https:\/\/medicinasinc.com\/sk\/product\/objednat-biely-mercedes-extaza-tabletky\/#breadcrumb","itemListElement":[{"@type":"ListItem","position":1,"name":"Obchod","item":"https:\/\/medicinasinc.com\/sk\/obchod\/"},{"@type":"ListItem","position":2,"name":"Objednajte si tabletky ext\u00e1zy White Mercedes"}]},{"@type":"WebSite","@id":"https:\/\/medicinasinc.com\/sk\/#website","url":"https:\/\/medicinasinc.com\/sk\/","name":"Medicinas Inc","description":"Health Medical Clinic","potentialAction":[{"@type":"SearchAction","target":{"@type":"EntryPoint","urlTemplate":"https:\/\/medicinasinc.com\/sk\/?s={search_term_string}"},"query-input":{"@type":"PropertyValueSpecification","valueRequired":true,"valueName":"search_term_string"}}],"inLanguage":"en-US"}]}},"_links":{"self":[{"href":"https:\/\/medicinasinc.com\/sk\/wp-json\/wp\/v2\/product\/4610","targetHints":{"allow":["GET"]}}],"collection":[{"href":"https:\/\/medicinasinc.com\/sk\/wp-json\/wp\/v2\/product"}],"about":[{"href":"https:\/\/medicinasinc.com\/sk\/wp-json\/wp\/v2\/types\/product"}],"replies":[{"embeddable":true,"href":"https:\/\/medicinasinc.com\/sk\/wp-json\/wp\/v2\/comments?post=4610"}],"wp:featuredmedia":[{"embeddable":true,"href":"https:\/\/medicinasinc.com\/sk\/wp-json\/wp\/v2\/media\/4623"}],"wp:attachment":[{"href":"https:\/\/medicinasinc.com\/sk\/wp-json\/wp\/v2\/media?parent=4610"}],"wp:term":[{"taxonomy":"product_brand","embeddable":true,"href":"https:\/\/medicinasinc.com\/sk\/wp-json\/wp\/v2\/product_brand?post=4610"},{"taxonomy":"product_cat","embeddable":true,"href":"https:\/\/medicinasinc.com\/sk\/wp-json\/wp\/v2\/product_cat?post=4610"},{"taxonomy":"product_tag","embeddable":true,"href":"https:\/\/medicinasinc.com\/sk\/wp-json\/wp\/v2\/product_tag?post=4610"}],"curies":[{"name":"wp","href":"https:\/\/api.w.org\/{rel}","templated":true}]}}