{"id":4609,"date":"2022-02-20T13:44:35","date_gmt":"2022-02-20T13:44:35","guid":{"rendered":"https:\/\/medicinasinc.com\/sk\/?post_type=product&#038;p=4609"},"modified":"2022-03-22T01:19:59","modified_gmt":"2022-03-22T01:19:59","slug":"kupit-prave-zelene-jablko-extazove-tabletky","status":"publish","type":"product","link":"https:\/\/medicinasinc.com\/sk\/product\/kupit-prave-zelene-jablko-extazove-tabletky\/","title":{"rendered":"K\u00fapte si tabletky ext\u00e1zy zo skuto\u010dn\u00e9ho zelen\u00e9ho jablka"},"content":{"rendered":"<p>K\u00fapte si origin\u00e1lnu ext\u00e1zu zo zelen\u00e9ho jablka online.<\/p>\n<p>Som si ist\u00fd, \u017ee ste v\u010faka tejto axi\u00f3me zn\u00e1my. \u201eJablko denne odrad\u00ed odborn\u00edka,\u201c hovor\u00ed pr\u00edslovie. Vzh\u013eadom na mno\u017estvo zdravotn\u00fdch v\u00fdhod spojen\u00fdch s konzum\u00e1ciou jab\u013ak nemus\u00ed by\u0165 toto dietetick\u00e9 pr\u00edslovie pr\u00edli\u0161 vzdialen\u00e9. Tu je nieko\u013eko zdravotn\u00fdch v\u00fdhod spojen\u00fdch s jeden\u00edm zelen\u00fdch jab\u013ak.<\/p>\n<p>Konzum\u00e1cia jab\u013ak preuk\u00e1zate\u013ene zlep\u0161uje zdravie srdca a zni\u017euje riziko vzniku kardiovaskul\u00e1rnych ochoren\u00ed.<\/p>\n<p>Presn\u00fd mechanizmus od ktor\u00e9 jablk\u00e1 zlep\u0161uj\u00fa zdravie srdca je zm\u00e4ten\u00e9. Jedn\u00fdm z mo\u017en\u00fdch vysvetlen\u00ed je, \u017ee jablk\u00e1 obsahuj\u00fa ve\u013ek\u00e9 mno\u017estvo vl\u00e1kniny, ktor\u00e1 sa sp\u00e1ja so zni\u017eovan\u00edm LDL cholesterolu.<\/p>\n<p>Zn\u00ed\u017ete riziko rozvoja cukrovky 2. typu<\/p>\n<p>Konzumujte len nieko\u013eko zelen\u00fdch jab\u013ak t\u00fd\u017edenne m\u00f4\u017ee pod\u013ea jednej \u0161t\u00fadie zn\u00ed\u017ei\u0165 riziko vzniku cukrovky 2. typu; mal by sa v\u0161ak vykona\u0165 \u010fal\u0161\u00ed v\u00fdskum. Zost\u00e1va nezn\u00e1me, \u010di zl\u00fa\u010deniny nach\u00e1dzaj\u00face sa v zelen\u00fdch jablk\u00e1ch pom\u00e1haj\u00fa jednotlivcom pri zvl\u00e1dan\u00ed sympt\u00f3mov cukrovky.<\/p>\n<p>Ke\u010f\u017ee zelen\u00e9 jablko m\u00e1 mno\u017estvo v\u00fdhod, pilulky zo zelen\u00e9ho jablka maj\u00fa tie\u017e mno\u017estvo v\u00fdhod. Mali by sme diskutova\u0165 o tabletk\u00e1ch zo zelen\u00e9ho jablka.<br \/> Ak radi pijete \u010derstv\u00fd jablkov\u00fd d\u017e\u00fas po\u010das hor\u00faceho letn\u00e9ho d\u0148a, tabletky Green and Apple zlep\u0161ia v\u00e1\u0161 z\u00e1\u017eitok a spokojnos\u0165 o nieko\u013eko stup\u0148ov. Vyroben\u00e9 vo Washingtone s tabletkami zo zelen\u00e9ho jablka, skupina naplnila tieto pilulky najlep\u0161\u00edm kanabisom v \u0161t\u00e1te.<\/p>\n<p>THC m\u00f4\u017ee by\u0165 \u0165a\u017ek\u00e9 prep\u00e1li\u0165 z h\u013eadiska d\u00e1vkovania, najm\u00e4 ak dr\u017eiaky nie s\u00fa v\u00fdnimo\u010dne dobre ozna\u010den\u00e9. Pilulky zo zelen\u00e9ho jablka to v\u0161etko zmenili, preto\u017ee teraz pon\u00fakaj\u00fa tri odli\u0161n\u00e9 kmene ich zn\u00e1mej 12 oz zmesi v r\u00f4znych stup\u0148och sily. V\u00fdznamn\u00ed nad\u0161enci ocenia ich najpr\u00edzemnej\u0161iu zmes, ktor\u00e1 obsahuje 100 mg na 12 oz.<\/p>\n<p>Vzh\u013eadom na skuto\u010dnos\u0165, \u017ee pilulky Zelen\u00e9ho jablka obsahuj\u00fa kanabis prostredn\u00edctvom novej met\u00f3dy, klienti nezostan\u00fa bez zistite\u013en\u00e9ho pachu alebo chuti buriny, v\u010faka \u010domu s\u00fa ide\u00e1lne pre jednotlivcov, ktor\u00ed sa chc\u00fa dosta\u0165 vysoko, ale nie s\u00fa schopn\u00ed posun\u00fa\u0165 sa za hranice typu in\u00fdch tabliet. Navy\u0161e, u\u017e\u00edvanie kanabisu prispieva k rozvoju zdrav\u0161ieho \u017eivotn\u00e9ho \u0161t\u00fdlu, preto\u017ee dym z kvetov alebo v\u00fdparov m\u00f4\u017ee by\u0165 po chv\u00edli \u0161kodliv\u00fd. Pilulka zo zelen\u00e9ho jablka je prospe\u0161n\u00e1 na jeden rok a obsahuje m\u00e1lo kal\u00f3ri\u00ed, tak\u017ee jedin\u00e9, \u010doho sa mus\u00edte ob\u00e1va\u0165, je zdr\u017ea\u0165 sa jedla po u\u017eit\u00ed lieku.<\/p>\n<table style=\"height: 104px\" width=\"508\">\n<tbody>\n<tr>\n<th><span style=\"font-weight: 400\">Farba:<\/span><\/th>\n<td>Zelen\u00e1<\/td>\n<\/tr>\n<tr>\n<th> <span style=\"font-weight: 400\">Ve\u013ekos\u0165:<\/span><\/th>\n<td>279 mg<\/td>\n<\/tr>\n<\/tbody>\n<\/table>\n","protected":false},"excerpt":{"rendered":"<div class=\"woocommerce-product-details__short-description\">\n<p>K\u00fapte si tabletky ext\u00e1zy zo skuto\u010dn\u00e9ho zelen\u00e9ho jablka na predaj online vo Ve\u013ekej Brit\u00e1nii, Eur\u00f3pe za najlep\u0161ie ceny od najlep\u0161ieho spo\u013eahliv\u00e9ho predajcu MDMA, garantujeme diskr\u00e9tne a bezpe\u010dn\u00e9 doru\u010denie do cel\u00e9ho sveta<\/p>\n<p><strong>Minim\u00e1lna objedn\u00e1vka<\/strong><strong> je 50 tabliet.<\/strong><\/p>\n<\/p><\/div>\n","protected":false},"featured_media":4620,"comment_status":"open","ping_status":"closed","template":"","meta":[],"product_brand":[],"product_cat":[498],"product_tag":[596,597,598,599,604,605,606,607,593,594,595,600,601,609,602,608,603],"class_list":{"0":"post-4609","1":"product","2":"type-product","3":"status-publish","4":"has-post-thumbnail","6":"product_cat-kupte-si-tabletky-na-extazu","7":"product_tag-e-pilulka-ruov","8":"product_tag-green-apple-drug","9":"product_tag-green-apple-drugs","10":"product_tag-green-apple-ecstasy","11":"product_tag-green-pills","12":"product_tag-green-pills-drugs","13":"product_tag-green-rolex-pill","14":"product_tag-green-rolex-pill-report","15":"product_tag-jablkov-spsob","16":"product_tag-jablko-extza","17":"product_tag-jablkov-pilulky","18":"product_tag-logo-zelenho-jablk","19":"product_tag-zelen-c3-a9-jablk-c3-a9-pilulky","20":"product_tag-small-green-pills","21":"product_tag-zelen-extza-tabletka","22":"product_tag-zelen-tableta-tabletka","23":"product_tag-zelen-extacy-tabletky","25":"first","26":"instock","27":"shipping-taxable","28":"purchasable","29":"product-type-variable","30":"has-default-attributes"},"yoast_head":"<!-- This site is optimized with the Yoast SEO plugin v27.3 - https:\/\/yoast.com\/product\/yoast-seo-wordpress\/ -->\n<title>K\u00fapte si online tabletky ext\u00e1zy zo skuto\u010dn\u00e9ho zelen\u00e9ho jablka \u2013 najlep\u0161ie najlep\u0161ie glob\u00e1lne lieky<\/title>\n<meta name=\"description\" content=\"K\u00fapte si tabletky ext\u00e1zy zo skuto\u010dn\u00e9ho zelen\u00e9ho jablka na predaj online vo Ve\u013ekej Brit\u00e1nii, Eur\u00f3pe za najlep\u0161ie ceny od najlep\u0161ieho spo\u013eahliv\u00e9ho predajcu MDMA, garantujeme diskr\u00e9tne a bezpe\u010dn\u00e9 doru\u010denie do cel\u00e9ho sveta\" \/>\n<meta name=\"robots\" content=\"index, follow, max-snippet:-1, max-image-preview:large, max-video-preview:-1\" \/>\n<link rel=\"canonical\" href=\"https:\/\/medicinasinc.com\/sk\/product\/kupit-prave-zelene-jablko-extazove-tabletky\/\" \/>\n<meta property=\"og:locale\" content=\"en_US\" \/>\n<meta property=\"og:type\" content=\"article\" \/>\n<meta property=\"og:title\" content=\"K\u00fapte si online tabletky ext\u00e1zy zo skuto\u010dn\u00e9ho zelen\u00e9ho jablka \u2013 najlep\u0161ie najlep\u0161ie glob\u00e1lne lieky\" \/>\n<meta property=\"og:description\" content=\"K\u00fapte si tabletky ext\u00e1zy zo skuto\u010dn\u00e9ho zelen\u00e9ho jablka na predaj online vo Ve\u013ekej Brit\u00e1nii, Eur\u00f3pe za najlep\u0161ie ceny od najlep\u0161ieho spo\u013eahliv\u00e9ho predajcu MDMA, garantujeme diskr\u00e9tne a bezpe\u010dn\u00e9 doru\u010denie do cel\u00e9ho sveta\" \/>\n<meta property=\"og:url\" content=\"https:\/\/medicinasinc.com\/sk\/product\/kupit-prave-zelene-jablko-extazove-tabletky\/\" \/>\n<meta property=\"og:site_name\" content=\"Medicinas Inc\" \/>\n<meta property=\"article:modified_time\" content=\"2022-03-22T01:19:59+00:00\" \/>\n<meta property=\"og:image\" content=\"https:\/\/medicinasinc.com\/sk\/wp-content\/uploads\/sites\/10\/2022\/02\/order-real-green-apple-ecstasy-pills-online.jpg\" \/>\n\t<meta property=\"og:image:width\" content=\"600\" \/>\n\t<meta property=\"og:image:height\" content=\"600\" \/>\n\t<meta property=\"og:image:type\" content=\"image\/jpeg\" \/>\n<meta name=\"twitter:card\" content=\"summary_large_image\" \/>\n<meta name=\"twitter:label1\" content=\"Est. reading time\" \/>\n\t<meta name=\"twitter:data1\" content=\"2 minutes\" \/>\n<script type=\"application\/ld+json\" class=\"yoast-schema-graph\">{\"@context\":\"https:\\\/\\\/schema.org\",\"@graph\":[{\"@type\":\"WebPage\",\"@id\":\"https:\\\/\\\/medicinasinc.com\\\/sk\\\/product\\\/kupit-prave-zelene-jablko-extazove-tabletky\\\/\",\"url\":\"https:\\\/\\\/medicinasinc.com\\\/sk\\\/product\\\/kupit-prave-zelene-jablko-extazove-tabletky\\\/\",\"name\":\"K\u00fapte si online tabletky ext\u00e1zy zo skuto\u010dn\u00e9ho zelen\u00e9ho jablka \u2013 najlep\u0161ie najlep\u0161ie glob\u00e1lne lieky\",\"isPartOf\":{\"@id\":\"https:\\\/\\\/medicinasinc.com\\\/sk\\\/#website\"},\"primaryImageOfPage\":{\"@id\":\"https:\\\/\\\/medicinasinc.com\\\/sk\\\/product\\\/kupit-prave-zelene-jablko-extazove-tabletky\\\/#primaryimage\"},\"image\":{\"@id\":\"https:\\\/\\\/medicinasinc.com\\\/sk\\\/product\\\/kupit-prave-zelene-jablko-extazove-tabletky\\\/#primaryimage\"},\"thumbnailUrl\":\"https:\\\/\\\/medicinasinc.com\\\/sk\\\/wp-content\\\/uploads\\\/sites\\\/10\\\/2022\\\/02\\\/order-real-green-apple-ecstasy-pills-online.jpg\",\"datePublished\":\"2022-02-20T13:44:35+00:00\",\"dateModified\":\"2022-03-22T01:19:59+00:00\",\"description\":\"K\u00fapte si tabletky ext\u00e1zy zo skuto\u010dn\u00e9ho zelen\u00e9ho jablka na predaj online vo Ve\u013ekej Brit\u00e1nii, Eur\u00f3pe za najlep\u0161ie ceny od najlep\u0161ieho spo\u013eahliv\u00e9ho predajcu MDMA, garantujeme diskr\u00e9tne a bezpe\u010dn\u00e9 doru\u010denie do cel\u00e9ho sveta\",\"breadcrumb\":{\"@id\":\"https:\\\/\\\/medicinasinc.com\\\/sk\\\/product\\\/kupit-prave-zelene-jablko-extazove-tabletky\\\/#breadcrumb\"},\"inLanguage\":\"en-US\",\"potentialAction\":[{\"@type\":\"ReadAction\",\"target\":[\"https:\\\/\\\/medicinasinc.com\\\/sk\\\/product\\\/kupit-prave-zelene-jablko-extazove-tabletky\\\/\"]}]},{\"@type\":\"ImageObject\",\"inLanguage\":\"en-US\",\"@id\":\"https:\\\/\\\/medicinasinc.com\\\/sk\\\/product\\\/kupit-prave-zelene-jablko-extazove-tabletky\\\/#primaryimage\",\"url\":\"https:\\\/\\\/medicinasinc.com\\\/sk\\\/wp-content\\\/uploads\\\/sites\\\/10\\\/2022\\\/02\\\/order-real-green-apple-ecstasy-pills-online.jpg\",\"contentUrl\":\"https:\\\/\\\/medicinasinc.com\\\/sk\\\/wp-content\\\/uploads\\\/sites\\\/10\\\/2022\\\/02\\\/order-real-green-apple-ecstasy-pills-online.jpg\",\"width\":600,\"height\":600},{\"@type\":\"BreadcrumbList\",\"@id\":\"https:\\\/\\\/medicinasinc.com\\\/sk\\\/product\\\/kupit-prave-zelene-jablko-extazove-tabletky\\\/#breadcrumb\",\"itemListElement\":[{\"@type\":\"ListItem\",\"position\":1,\"name\":\"Obchod\",\"item\":\"https:\\\/\\\/medicinasinc.com\\\/sk\\\/obchod\\\/\"},{\"@type\":\"ListItem\",\"position\":2,\"name\":\"K\u00fapte si tabletky ext\u00e1zy zo skuto\u010dn\u00e9ho zelen\u00e9ho jablka\"}]},{\"@type\":\"WebSite\",\"@id\":\"https:\\\/\\\/medicinasinc.com\\\/sk\\\/#website\",\"url\":\"https:\\\/\\\/medicinasinc.com\\\/sk\\\/\",\"name\":\"Medicinas Inc\",\"description\":\"Health Medical Clinic\",\"potentialAction\":[{\"@type\":\"SearchAction\",\"target\":{\"@type\":\"EntryPoint\",\"urlTemplate\":\"https:\\\/\\\/medicinasinc.com\\\/sk\\\/?s={search_term_string}\"},\"query-input\":{\"@type\":\"PropertyValueSpecification\",\"valueRequired\":true,\"valueName\":\"search_term_string\"}}],\"inLanguage\":\"en-US\"}]}<\/script>\n<!-- \/ Yoast SEO plugin. -->","yoast_head_json":{"title":"K\u00fapte si online tabletky ext\u00e1zy zo skuto\u010dn\u00e9ho zelen\u00e9ho jablka \u2013 najlep\u0161ie najlep\u0161ie glob\u00e1lne lieky","description":"K\u00fapte si tabletky ext\u00e1zy zo skuto\u010dn\u00e9ho zelen\u00e9ho jablka na predaj online vo Ve\u013ekej Brit\u00e1nii, Eur\u00f3pe za najlep\u0161ie ceny od najlep\u0161ieho spo\u013eahliv\u00e9ho predajcu MDMA, garantujeme diskr\u00e9tne a bezpe\u010dn\u00e9 doru\u010denie do cel\u00e9ho sveta","robots":{"index":"index","follow":"follow","max-snippet":"max-snippet:-1","max-image-preview":"max-image-preview:large","max-video-preview":"max-video-preview:-1"},"canonical":"https:\/\/medicinasinc.com\/sk\/product\/kupit-prave-zelene-jablko-extazove-tabletky\/","og_locale":"en_US","og_type":"article","og_title":"K\u00fapte si online tabletky ext\u00e1zy zo skuto\u010dn\u00e9ho zelen\u00e9ho jablka \u2013 najlep\u0161ie najlep\u0161ie glob\u00e1lne lieky","og_description":"K\u00fapte si tabletky ext\u00e1zy zo skuto\u010dn\u00e9ho zelen\u00e9ho jablka na predaj online vo Ve\u013ekej Brit\u00e1nii, Eur\u00f3pe za najlep\u0161ie ceny od najlep\u0161ieho spo\u013eahliv\u00e9ho predajcu MDMA, garantujeme diskr\u00e9tne a bezpe\u010dn\u00e9 doru\u010denie do cel\u00e9ho sveta","og_url":"https:\/\/medicinasinc.com\/sk\/product\/kupit-prave-zelene-jablko-extazove-tabletky\/","og_site_name":"Medicinas Inc","article_modified_time":"2022-03-22T01:19:59+00:00","og_image":[{"width":600,"height":600,"url":"https:\/\/medicinasinc.com\/sk\/wp-content\/uploads\/sites\/10\/2022\/02\/order-real-green-apple-ecstasy-pills-online.jpg","type":"image\/jpeg"}],"twitter_card":"summary_large_image","twitter_misc":{"Est. reading time":"2 minutes"},"schema":{"@context":"https:\/\/schema.org","@graph":[{"@type":"WebPage","@id":"https:\/\/medicinasinc.com\/sk\/product\/kupit-prave-zelene-jablko-extazove-tabletky\/","url":"https:\/\/medicinasinc.com\/sk\/product\/kupit-prave-zelene-jablko-extazove-tabletky\/","name":"K\u00fapte si online tabletky ext\u00e1zy zo skuto\u010dn\u00e9ho zelen\u00e9ho jablka \u2013 najlep\u0161ie najlep\u0161ie glob\u00e1lne lieky","isPartOf":{"@id":"https:\/\/medicinasinc.com\/sk\/#website"},"primaryImageOfPage":{"@id":"https:\/\/medicinasinc.com\/sk\/product\/kupit-prave-zelene-jablko-extazove-tabletky\/#primaryimage"},"image":{"@id":"https:\/\/medicinasinc.com\/sk\/product\/kupit-prave-zelene-jablko-extazove-tabletky\/#primaryimage"},"thumbnailUrl":"https:\/\/medicinasinc.com\/sk\/wp-content\/uploads\/sites\/10\/2022\/02\/order-real-green-apple-ecstasy-pills-online.jpg","datePublished":"2022-02-20T13:44:35+00:00","dateModified":"2022-03-22T01:19:59+00:00","description":"K\u00fapte si tabletky ext\u00e1zy zo skuto\u010dn\u00e9ho zelen\u00e9ho jablka na predaj online vo Ve\u013ekej Brit\u00e1nii, Eur\u00f3pe za najlep\u0161ie ceny od najlep\u0161ieho spo\u013eahliv\u00e9ho predajcu MDMA, garantujeme diskr\u00e9tne a bezpe\u010dn\u00e9 doru\u010denie do cel\u00e9ho sveta","breadcrumb":{"@id":"https:\/\/medicinasinc.com\/sk\/product\/kupit-prave-zelene-jablko-extazove-tabletky\/#breadcrumb"},"inLanguage":"en-US","potentialAction":[{"@type":"ReadAction","target":["https:\/\/medicinasinc.com\/sk\/product\/kupit-prave-zelene-jablko-extazove-tabletky\/"]}]},{"@type":"ImageObject","inLanguage":"en-US","@id":"https:\/\/medicinasinc.com\/sk\/product\/kupit-prave-zelene-jablko-extazove-tabletky\/#primaryimage","url":"https:\/\/medicinasinc.com\/sk\/wp-content\/uploads\/sites\/10\/2022\/02\/order-real-green-apple-ecstasy-pills-online.jpg","contentUrl":"https:\/\/medicinasinc.com\/sk\/wp-content\/uploads\/sites\/10\/2022\/02\/order-real-green-apple-ecstasy-pills-online.jpg","width":600,"height":600},{"@type":"BreadcrumbList","@id":"https:\/\/medicinasinc.com\/sk\/product\/kupit-prave-zelene-jablko-extazove-tabletky\/#breadcrumb","itemListElement":[{"@type":"ListItem","position":1,"name":"Obchod","item":"https:\/\/medicinasinc.com\/sk\/obchod\/"},{"@type":"ListItem","position":2,"name":"K\u00fapte si tabletky ext\u00e1zy zo skuto\u010dn\u00e9ho zelen\u00e9ho jablka"}]},{"@type":"WebSite","@id":"https:\/\/medicinasinc.com\/sk\/#website","url":"https:\/\/medicinasinc.com\/sk\/","name":"Medicinas Inc","description":"Health Medical Clinic","potentialAction":[{"@type":"SearchAction","target":{"@type":"EntryPoint","urlTemplate":"https:\/\/medicinasinc.com\/sk\/?s={search_term_string}"},"query-input":{"@type":"PropertyValueSpecification","valueRequired":true,"valueName":"search_term_string"}}],"inLanguage":"en-US"}]}},"_links":{"self":[{"href":"https:\/\/medicinasinc.com\/sk\/wp-json\/wp\/v2\/product\/4609","targetHints":{"allow":["GET"]}}],"collection":[{"href":"https:\/\/medicinasinc.com\/sk\/wp-json\/wp\/v2\/product"}],"about":[{"href":"https:\/\/medicinasinc.com\/sk\/wp-json\/wp\/v2\/types\/product"}],"replies":[{"embeddable":true,"href":"https:\/\/medicinasinc.com\/sk\/wp-json\/wp\/v2\/comments?post=4609"}],"wp:featuredmedia":[{"embeddable":true,"href":"https:\/\/medicinasinc.com\/sk\/wp-json\/wp\/v2\/media\/4620"}],"wp:attachment":[{"href":"https:\/\/medicinasinc.com\/sk\/wp-json\/wp\/v2\/media?parent=4609"}],"wp:term":[{"taxonomy":"product_brand","embeddable":true,"href":"https:\/\/medicinasinc.com\/sk\/wp-json\/wp\/v2\/product_brand?post=4609"},{"taxonomy":"product_cat","embeddable":true,"href":"https:\/\/medicinasinc.com\/sk\/wp-json\/wp\/v2\/product_cat?post=4609"},{"taxonomy":"product_tag","embeddable":true,"href":"https:\/\/medicinasinc.com\/sk\/wp-json\/wp\/v2\/product_tag?post=4609"}],"curies":[{"name":"wp","href":"https:\/\/api.w.org\/{rel}","templated":true}]}}