{"id":4592,"date":"2022-02-20T13:31:58","date_gmt":"2022-02-20T13:31:58","guid":{"rendered":"https:\/\/medicinasinc.com\/sk\/?post_type=product&#038;p=4592"},"modified":"2022-03-22T01:20:08","modified_gmt":"2022-03-22T01:20:08","slug":"buy-exstasy-philipp-plein-blue-524-mg-mdma-pills","status":"publish","type":"product","link":"https:\/\/medicinasinc.com\/sk\/product\/buy-exstasy-philipp-plein-blue-524-mg-mdma-pills\/","title":{"rendered":"K\u00fapte si Ecstasy- Philipp Plein Blue- 524 mg MDMA Pills"},"content":{"rendered":"<div class=\"woocommerce-tabs wc-tabs-wrapper\">\n<div id=\"tab-description\" class=\"woocommerce-Tabs-panel woocommerce-Tabs-panel--description panel entry-content wc-tab\" role=\"tabpanel\" aria-labelledby=\"tab-title-description\">\n<p>Online n\u00e1kup tabliet XTC- Philipp Plein Blue-524 mg MDMA.<\/p>\n<p>\u2013 Philipp Plein 524MG poskytuje v\u00fdnimo\u010dn\u00fd z\u00e1\u017eitok. Je to \u00faplne bezpe\u010dn\u00fd a hygienick\u00fd v\u00fdrobok. Vynikaj\u00faca kvalita za prijate\u013en\u00fa cenu. \u2013 \u00da\u010dinky nastupuj\u00fa pribli\u017ene o 30 min\u00fat nesk\u00f4r a trvaj\u00fa pribli\u017ene 6 hod\u00edn.<br \/> \u2013 U\u017e\u00edvajte polovicu tejto tabletky naraz. Po\u010das u\u017e\u00edvania liekov vypite primeran\u00e9 mno\u017estvo vody.<\/p>\n<h1><a style=\"font-size: 16px\" href=\"https:\/\/merrydrug.com\/\">.<\/a><\/h1>\n<\/p><\/div><\/div>\n<div class=\"related products\"><\/div>\n","protected":false},"excerpt":{"rendered":"<div class=\"woocommerce-product-details__short-description\">\n<p>K\u00fapte si Philipp Plein Blue- 524 Mg MDMA v Spojenom kr\u00e1\u013eovstve a Eur\u00f3pe za najlep\u0161iu trhov\u00fa cenu. V\u0161etky na\u0161e produkty s\u00fa vyroben\u00e9 z \u010disto pr\u00edrodn\u00fdch ingredienci\u00ed bez THC. Objednajte si teraz online!<\/p>\n<p>Philipp Blue-524 je extr\u00e9mna tabletka na p\u00e1rty a droga MDMA, ktor\u00e1 je \u0161iroko pou\u017e\u00edvan\u00e1 v Spojen\u00fdch \u0161t\u00e1toch americk\u00fdch a K\u00f3rei. Jeho psychoakt\u00edvne vlastnosti boli objaven\u00e9 v polovici 50. rokov 18. storo\u010dia. Ak chce niekto za\u017ei\u0165 extr\u00e9mnu \u00farove\u0148 high, po vysk\u00fa\u0161an\u00ed tento produkt neopust\u00ed. Philipp Blue sa pou\u017e\u00edva aj pri n\u00e1bo\u017eensk\u00fdch obradoch a u\u017e roky zost\u00e1va vysoko kvalitn\u00fdm produktom, preto\u017ee \u013eudia s\u00fa si vedom\u00ed jeho v\u00fdhod a nem\u00f4\u017eu bez neho \u017ei\u0165.<\/p>\n<p>Jedinci si ho objedn\u00e1vaj\u00fa kv\u00f4li jeho siln\u00fdm \u00fa\u010dinkom a r\u00fdchlym v\u00fdsledkom. V\u010faka svojej \u00fa\u010dinnosti nikdy nezostane na sklade dlh\u0161\u00ed \u010das.<\/p>\n<p>Philipp Plein Blue-524 Pills Purchase<\/p>\n<p>Minim\u00e1lne mno\u017estvo objedn\u00e1vky je p\u00e4\u0165desiat tabliet.<\/p>\n<\/p><\/div>\n","protected":false},"featured_media":4605,"comment_status":"open","ping_status":"closed","template":"","meta":[],"product_brand":[],"product_cat":[498],"product_tag":[583,501,585,586,588,587,589,584,512,591,590,592],"class_list":{"0":"post-4592","1":"product","2":"type-product","3":"status-publish","4":"has-post-thumbnail","6":"product_cat-kupte-si-tabletky-na-extazu","7":"product_tag-buy-ecstasy-pills-online","8":"product_tag-buy-mdma-online","9":"product_tag-buy-xtc-philipp-plein-blue-524-mg-mdma-pills-online","10":"product_tag-drogy","11":"product_tag-ecstasy-tablets","12":"product_tag-extza","13":"product_tag-ghb","14":"product_tag-kpi-tabletky-extzy-online","15":"product_tag-mdma","16":"product_tag-mg-mdma","17":"product_tag-drogy-drogy","18":"product_tag-xtc-pilulky","20":"first","21":"instock","22":"shipping-taxable","23":"purchasable","24":"product-type-variable","25":"has-default-attributes"},"yoast_head":"<!-- This site is optimized with the Yoast SEO plugin v27.3 - https:\/\/yoast.com\/product\/yoast-seo-wordpress\/ -->\n<title>K\u00fapi\u0165 ext\u00e1zu - Philipp Plein Blue - 524 mg MDMA pilulky - Global Medicina<\/title>\n<meta name=\"description\" content=\"K\u00fapte si Philipp Plein Blue- 524 Mg MDMA UK, Europe za najlep\u0161iu trhov\u00fa cenu. V\u0161etky na\u0161e produkty s\u00fa vyroben\u00e9 z \u010disto pr\u00edrodn\u00fdch ingredienci\u00ed bez THC. Objednajte si teraz online!\" \/>\n<meta name=\"robots\" content=\"index, follow, max-snippet:-1, max-image-preview:large, max-video-preview:-1\" \/>\n<link rel=\"canonical\" href=\"https:\/\/medicinasinc.com\/sk\/product\/buy-exstasy-philipp-plein-blue-524-mg-mdma-pills\/\" \/>\n<meta property=\"og:locale\" content=\"en_US\" \/>\n<meta property=\"og:type\" content=\"article\" \/>\n<meta property=\"og:title\" content=\"K\u00fapi\u0165 ext\u00e1zu - Philipp Plein Blue - 524 mg MDMA pilulky - Global Medicina\" \/>\n<meta property=\"og:description\" content=\"K\u00fapte si Philipp Plein Blue- 524 Mg MDMA UK, Europe za najlep\u0161iu trhov\u00fa cenu. V\u0161etky na\u0161e produkty s\u00fa vyroben\u00e9 z \u010disto pr\u00edrodn\u00fdch ingredienci\u00ed bez THC. Objednajte si teraz online!\" \/>\n<meta property=\"og:url\" content=\"https:\/\/medicinasinc.com\/sk\/product\/buy-exstasy-philipp-plein-blue-524-mg-mdma-pills\/\" \/>\n<meta property=\"og:site_name\" content=\"Medicinas Inc\" \/>\n<meta property=\"article:modified_time\" content=\"2022-03-22T01:20:08+00:00\" \/>\n<meta property=\"og:image\" content=\"https:\/\/medicinasinc.com\/sk\/wp-content\/uploads\/sites\/10\/2022\/02\/buy-xtc-philipp-plein-blue-524-mg-mdma-pills-online.jpg\" \/>\n\t<meta property=\"og:image:width\" content=\"600\" \/>\n\t<meta property=\"og:image:height\" content=\"600\" \/>\n\t<meta property=\"og:image:type\" content=\"image\/jpeg\" \/>\n<meta name=\"twitter:card\" content=\"summary_large_image\" \/>\n<meta name=\"twitter:label1\" content=\"Est. reading time\" \/>\n\t<meta name=\"twitter:data1\" content=\"1 minute\" \/>\n<script type=\"application\/ld+json\" class=\"yoast-schema-graph\">{\"@context\":\"https:\\\/\\\/schema.org\",\"@graph\":[{\"@type\":\"WebPage\",\"@id\":\"https:\\\/\\\/medicinasinc.com\\\/sk\\\/product\\\/buy-exstasy-philipp-plein-blue-524-mg-mdma-pills\\\/\",\"url\":\"https:\\\/\\\/medicinasinc.com\\\/sk\\\/product\\\/buy-exstasy-philipp-plein-blue-524-mg-mdma-pills\\\/\",\"name\":\"K\u00fapi\u0165 ext\u00e1zu - Philipp Plein Blue - 524 mg MDMA pilulky - Global Medicina\",\"isPartOf\":{\"@id\":\"https:\\\/\\\/medicinasinc.com\\\/sk\\\/#website\"},\"primaryImageOfPage\":{\"@id\":\"https:\\\/\\\/medicinasinc.com\\\/sk\\\/product\\\/buy-exstasy-philipp-plein-blue-524-mg-mdma-pills\\\/#primaryimage\"},\"image\":{\"@id\":\"https:\\\/\\\/medicinasinc.com\\\/sk\\\/product\\\/buy-exstasy-philipp-plein-blue-524-mg-mdma-pills\\\/#primaryimage\"},\"thumbnailUrl\":\"https:\\\/\\\/medicinasinc.com\\\/sk\\\/wp-content\\\/uploads\\\/sites\\\/10\\\/2022\\\/02\\\/buy-xtc-philipp-plein-blue-524-mg-mdma-pills-online.jpg\",\"datePublished\":\"2022-02-20T13:31:58+00:00\",\"dateModified\":\"2022-03-22T01:20:08+00:00\",\"description\":\"K\u00fapte si Philipp Plein Blue- 524 Mg MDMA UK, Europe za najlep\u0161iu trhov\u00fa cenu. V\u0161etky na\u0161e produkty s\u00fa vyroben\u00e9 z \u010disto pr\u00edrodn\u00fdch ingredienci\u00ed bez THC. Objednajte si teraz online!\",\"breadcrumb\":{\"@id\":\"https:\\\/\\\/medicinasinc.com\\\/sk\\\/product\\\/buy-exstasy-philipp-plein-blue-524-mg-mdma-pills\\\/#breadcrumb\"},\"inLanguage\":\"en-US\",\"potentialAction\":[{\"@type\":\"ReadAction\",\"target\":[\"https:\\\/\\\/medicinasinc.com\\\/sk\\\/product\\\/buy-exstasy-philipp-plein-blue-524-mg-mdma-pills\\\/\"]}]},{\"@type\":\"ImageObject\",\"inLanguage\":\"en-US\",\"@id\":\"https:\\\/\\\/medicinasinc.com\\\/sk\\\/product\\\/buy-exstasy-philipp-plein-blue-524-mg-mdma-pills\\\/#primaryimage\",\"url\":\"https:\\\/\\\/medicinasinc.com\\\/sk\\\/wp-content\\\/uploads\\\/sites\\\/10\\\/2022\\\/02\\\/buy-xtc-philipp-plein-blue-524-mg-mdma-pills-online.jpg\",\"contentUrl\":\"https:\\\/\\\/medicinasinc.com\\\/sk\\\/wp-content\\\/uploads\\\/sites\\\/10\\\/2022\\\/02\\\/buy-xtc-philipp-plein-blue-524-mg-mdma-pills-online.jpg\",\"width\":600,\"height\":600},{\"@type\":\"BreadcrumbList\",\"@id\":\"https:\\\/\\\/medicinasinc.com\\\/sk\\\/product\\\/buy-exstasy-philipp-plein-blue-524-mg-mdma-pills\\\/#breadcrumb\",\"itemListElement\":[{\"@type\":\"ListItem\",\"position\":1,\"name\":\"Obchod\",\"item\":\"https:\\\/\\\/medicinasinc.com\\\/sk\\\/obchod\\\/\"},{\"@type\":\"ListItem\",\"position\":2,\"name\":\"K\u00fapte si Ecstasy- Philipp Plein Blue- 524 mg MDMA Pills\"}]},{\"@type\":\"WebSite\",\"@id\":\"https:\\\/\\\/medicinasinc.com\\\/sk\\\/#website\",\"url\":\"https:\\\/\\\/medicinasinc.com\\\/sk\\\/\",\"name\":\"Medicinas Inc\",\"description\":\"Health Medical Clinic\",\"potentialAction\":[{\"@type\":\"SearchAction\",\"target\":{\"@type\":\"EntryPoint\",\"urlTemplate\":\"https:\\\/\\\/medicinasinc.com\\\/sk\\\/?s={search_term_string}\"},\"query-input\":{\"@type\":\"PropertyValueSpecification\",\"valueRequired\":true,\"valueName\":\"search_term_string\"}}],\"inLanguage\":\"en-US\"}]}<\/script>\n<!-- \/ Yoast SEO plugin. -->","yoast_head_json":{"title":"K\u00fapi\u0165 ext\u00e1zu - Philipp Plein Blue - 524 mg MDMA pilulky - Global Medicina","description":"K\u00fapte si Philipp Plein Blue- 524 Mg MDMA UK, Europe za najlep\u0161iu trhov\u00fa cenu. V\u0161etky na\u0161e produkty s\u00fa vyroben\u00e9 z \u010disto pr\u00edrodn\u00fdch ingredienci\u00ed bez THC. Objednajte si teraz online!","robots":{"index":"index","follow":"follow","max-snippet":"max-snippet:-1","max-image-preview":"max-image-preview:large","max-video-preview":"max-video-preview:-1"},"canonical":"https:\/\/medicinasinc.com\/sk\/product\/buy-exstasy-philipp-plein-blue-524-mg-mdma-pills\/","og_locale":"en_US","og_type":"article","og_title":"K\u00fapi\u0165 ext\u00e1zu - Philipp Plein Blue - 524 mg MDMA pilulky - Global Medicina","og_description":"K\u00fapte si Philipp Plein Blue- 524 Mg MDMA UK, Europe za najlep\u0161iu trhov\u00fa cenu. V\u0161etky na\u0161e produkty s\u00fa vyroben\u00e9 z \u010disto pr\u00edrodn\u00fdch ingredienci\u00ed bez THC. Objednajte si teraz online!","og_url":"https:\/\/medicinasinc.com\/sk\/product\/buy-exstasy-philipp-plein-blue-524-mg-mdma-pills\/","og_site_name":"Medicinas Inc","article_modified_time":"2022-03-22T01:20:08+00:00","og_image":[{"width":600,"height":600,"url":"https:\/\/medicinasinc.com\/sk\/wp-content\/uploads\/sites\/10\/2022\/02\/buy-xtc-philipp-plein-blue-524-mg-mdma-pills-online.jpg","type":"image\/jpeg"}],"twitter_card":"summary_large_image","twitter_misc":{"Est. reading time":"1 minute"},"schema":{"@context":"https:\/\/schema.org","@graph":[{"@type":"WebPage","@id":"https:\/\/medicinasinc.com\/sk\/product\/buy-exstasy-philipp-plein-blue-524-mg-mdma-pills\/","url":"https:\/\/medicinasinc.com\/sk\/product\/buy-exstasy-philipp-plein-blue-524-mg-mdma-pills\/","name":"K\u00fapi\u0165 ext\u00e1zu - Philipp Plein Blue - 524 mg MDMA pilulky - Global Medicina","isPartOf":{"@id":"https:\/\/medicinasinc.com\/sk\/#website"},"primaryImageOfPage":{"@id":"https:\/\/medicinasinc.com\/sk\/product\/buy-exstasy-philipp-plein-blue-524-mg-mdma-pills\/#primaryimage"},"image":{"@id":"https:\/\/medicinasinc.com\/sk\/product\/buy-exstasy-philipp-plein-blue-524-mg-mdma-pills\/#primaryimage"},"thumbnailUrl":"https:\/\/medicinasinc.com\/sk\/wp-content\/uploads\/sites\/10\/2022\/02\/buy-xtc-philipp-plein-blue-524-mg-mdma-pills-online.jpg","datePublished":"2022-02-20T13:31:58+00:00","dateModified":"2022-03-22T01:20:08+00:00","description":"K\u00fapte si Philipp Plein Blue- 524 Mg MDMA UK, Europe za najlep\u0161iu trhov\u00fa cenu. V\u0161etky na\u0161e produkty s\u00fa vyroben\u00e9 z \u010disto pr\u00edrodn\u00fdch ingredienci\u00ed bez THC. Objednajte si teraz online!","breadcrumb":{"@id":"https:\/\/medicinasinc.com\/sk\/product\/buy-exstasy-philipp-plein-blue-524-mg-mdma-pills\/#breadcrumb"},"inLanguage":"en-US","potentialAction":[{"@type":"ReadAction","target":["https:\/\/medicinasinc.com\/sk\/product\/buy-exstasy-philipp-plein-blue-524-mg-mdma-pills\/"]}]},{"@type":"ImageObject","inLanguage":"en-US","@id":"https:\/\/medicinasinc.com\/sk\/product\/buy-exstasy-philipp-plein-blue-524-mg-mdma-pills\/#primaryimage","url":"https:\/\/medicinasinc.com\/sk\/wp-content\/uploads\/sites\/10\/2022\/02\/buy-xtc-philipp-plein-blue-524-mg-mdma-pills-online.jpg","contentUrl":"https:\/\/medicinasinc.com\/sk\/wp-content\/uploads\/sites\/10\/2022\/02\/buy-xtc-philipp-plein-blue-524-mg-mdma-pills-online.jpg","width":600,"height":600},{"@type":"BreadcrumbList","@id":"https:\/\/medicinasinc.com\/sk\/product\/buy-exstasy-philipp-plein-blue-524-mg-mdma-pills\/#breadcrumb","itemListElement":[{"@type":"ListItem","position":1,"name":"Obchod","item":"https:\/\/medicinasinc.com\/sk\/obchod\/"},{"@type":"ListItem","position":2,"name":"K\u00fapte si Ecstasy- Philipp Plein Blue- 524 mg MDMA Pills"}]},{"@type":"WebSite","@id":"https:\/\/medicinasinc.com\/sk\/#website","url":"https:\/\/medicinasinc.com\/sk\/","name":"Medicinas Inc","description":"Health Medical Clinic","potentialAction":[{"@type":"SearchAction","target":{"@type":"EntryPoint","urlTemplate":"https:\/\/medicinasinc.com\/sk\/?s={search_term_string}"},"query-input":{"@type":"PropertyValueSpecification","valueRequired":true,"valueName":"search_term_string"}}],"inLanguage":"en-US"}]}},"_links":{"self":[{"href":"https:\/\/medicinasinc.com\/sk\/wp-json\/wp\/v2\/product\/4592","targetHints":{"allow":["GET"]}}],"collection":[{"href":"https:\/\/medicinasinc.com\/sk\/wp-json\/wp\/v2\/product"}],"about":[{"href":"https:\/\/medicinasinc.com\/sk\/wp-json\/wp\/v2\/types\/product"}],"replies":[{"embeddable":true,"href":"https:\/\/medicinasinc.com\/sk\/wp-json\/wp\/v2\/comments?post=4592"}],"wp:featuredmedia":[{"embeddable":true,"href":"https:\/\/medicinasinc.com\/sk\/wp-json\/wp\/v2\/media\/4605"}],"wp:attachment":[{"href":"https:\/\/medicinasinc.com\/sk\/wp-json\/wp\/v2\/media?parent=4592"}],"wp:term":[{"taxonomy":"product_brand","embeddable":true,"href":"https:\/\/medicinasinc.com\/sk\/wp-json\/wp\/v2\/product_brand?post=4592"},{"taxonomy":"product_cat","embeddable":true,"href":"https:\/\/medicinasinc.com\/sk\/wp-json\/wp\/v2\/product_cat?post=4592"},{"taxonomy":"product_tag","embeddable":true,"href":"https:\/\/medicinasinc.com\/sk\/wp-json\/wp\/v2\/product_tag?post=4592"}],"curies":[{"name":"wp","href":"https:\/\/api.w.org\/{rel}","templated":true}]}}