{"id":4591,"date":"2022-02-20T13:30:56","date_gmt":"2022-02-20T13:30:56","guid":{"rendered":"https:\/\/medicinasinc.com\/sk\/?post_type=product&#038;p=4591"},"modified":"2022-03-22T01:20:16","modified_gmt":"2022-03-22T01:20:16","slug":"kupit-biele-rolex-extazove-tabletky","status":"publish","type":"product","link":"https:\/\/medicinasinc.com\/sk\/product\/kupit-biele-rolex-extazove-tabletky\/","title":{"rendered":"K\u00fapte si tabletky ext\u00e1zy White Rolex"},"content":{"rendered":"<h1>K\u00fapte si biele tabletky ext\u00e1zy Rolex online.<\/h1>\n<table style=\"height: 82px\" width=\"495\">\n<tbody>\n<tr>\n<th>Farba:<\/th>\n<td>Biela alebo vypnut\u00e1 Biela<\/td>\n<\/tr>\n<tr>\n<th>Ve\u013ekos\u0165:<\/th>\n<td>195 mg<\/td>\n<\/tr>\n<\/tbody>\n<\/table>\n","protected":false},"excerpt":{"rendered":"<div class=\"woocommerce-product-details__short-description\">\n<p>K\u00fapte si tabletky ext\u00e1zy White Rolex online na predaj vo Ve\u013ekej Brit\u00e1nii, Eur\u00f3pe od najspo\u013eahlivej\u0161ieho dod\u00e1vate\u013ea mdma za najlep\u0161ie ceny, garantujeme diskr\u00e9tnu a bezpe\u010dn\u00fa prepravu do cel\u00e9ho sveta<\/p>\n<p><strong>Minim\u00e1lna objedn\u00e1vka<\/strong><strong>je 50 tabliet.<\/strong><\/p>\n<\/p><\/div>\n","protected":false},"featured_media":4603,"comment_status":"open","ping_status":"closed","template":"","meta":[],"product_brand":[],"product_cat":[498],"product_tag":[576,577,581,582,580,579,578],"class_list":{"0":"post-4591","1":"product","2":"type-product","3":"status-publish","4":"has-post-thumbnail","6":"product_cat-kupte-si-tabletky-na-extazu","7":"product_tag-buy-white-rolex-ecstasy-online","8":"product_tag-buy-white-rolex-ecstasy-pills-online","9":"product_tag-kde-kpi-biele-rolex-tabletky-extzy","10":"product_tag-kde-k-objednat-biele-rolex-tabletky-extzy","11":"product_tag-objedna-biele-rolex-tabletky-extzy","12":"product_tag-treba-biele-rolex-tabletky-extazy","13":"product_tag-lacn-biele-rolex-tabletky-extza-na-predaj","15":"first","16":"instock","17":"shipping-taxable","18":"purchasable","19":"product-type-variable","20":"has-default-attributes"},"yoast_head":"<!-- This site is optimized with the Yoast SEO plugin v27.3 - https:\/\/yoast.com\/product\/yoast-seo-wordpress\/ -->\n<title>K\u00fapte si biele tabletky ext\u00e1zy Rolex online \u2013 najlep\u0161ie najlep\u0161ie glob\u00e1lne lieky<\/title>\n<meta name=\"description\" content=\"K\u00fapte si tabletky ext\u00e1zy White Rolex online na predaj vo Ve\u013ekej Brit\u00e1nii, Eur\u00f3pe od najspo\u013eahlivej\u0161ieho dod\u00e1vate\u013ea mdma za najlep\u0161ie ceny, garantujeme diskr\u00e9tnu a bezpe\u010dn\u00fa prepravu do cel\u00e9ho sveta\" \/>\n<meta name=\"robots\" content=\"index, follow, max-snippet:-1, max-image-preview:large, max-video-preview:-1\" \/>\n<link rel=\"canonical\" href=\"https:\/\/medicinasinc.com\/sk\/product\/kupit-biele-rolex-extazove-tabletky\/\" \/>\n<meta property=\"og:locale\" content=\"en_US\" \/>\n<meta property=\"og:type\" content=\"article\" \/>\n<meta property=\"og:title\" content=\"K\u00fapte si biele tabletky ext\u00e1zy Rolex online \u2013 najlep\u0161ie najlep\u0161ie glob\u00e1lne lieky\" \/>\n<meta property=\"og:description\" content=\"K\u00fapte si tabletky ext\u00e1zy White Rolex online na predaj vo Ve\u013ekej Brit\u00e1nii, Eur\u00f3pe od najspo\u013eahlivej\u0161ieho dod\u00e1vate\u013ea mdma za najlep\u0161ie ceny, garantujeme diskr\u00e9tnu a bezpe\u010dn\u00fa prepravu do cel\u00e9ho sveta\" \/>\n<meta property=\"og:url\" content=\"https:\/\/medicinasinc.com\/sk\/product\/kupit-biele-rolex-extazove-tabletky\/\" \/>\n<meta property=\"og:site_name\" content=\"Medicinas Inc\" \/>\n<meta property=\"article:modified_time\" content=\"2022-03-22T01:20:16+00:00\" \/>\n<meta property=\"og:image\" content=\"https:\/\/medicinasinc.com\/sk\/wp-content\/uploads\/sites\/10\/2022\/02\/buy-white-rolex-ecstasy-pills-online.jpg\" \/>\n\t<meta property=\"og:image:width\" content=\"600\" \/>\n\t<meta property=\"og:image:height\" content=\"600\" \/>\n\t<meta property=\"og:image:type\" content=\"image\/jpeg\" \/>\n<meta name=\"twitter:card\" content=\"summary_large_image\" \/>\n<meta name=\"twitter:label1\" content=\"Est. reading time\" \/>\n\t<meta name=\"twitter:data1\" content=\"1 minute\" \/>\n<script type=\"application\/ld+json\" class=\"yoast-schema-graph\">{\"@context\":\"https:\\\/\\\/schema.org\",\"@graph\":[{\"@type\":\"WebPage\",\"@id\":\"https:\\\/\\\/medicinasinc.com\\\/sk\\\/product\\\/kupit-biele-rolex-extazove-tabletky\\\/\",\"url\":\"https:\\\/\\\/medicinasinc.com\\\/sk\\\/product\\\/kupit-biele-rolex-extazove-tabletky\\\/\",\"name\":\"K\u00fapte si biele tabletky ext\u00e1zy Rolex online \u2013 najlep\u0161ie najlep\u0161ie glob\u00e1lne lieky\",\"isPartOf\":{\"@id\":\"https:\\\/\\\/medicinasinc.com\\\/sk\\\/#website\"},\"primaryImageOfPage\":{\"@id\":\"https:\\\/\\\/medicinasinc.com\\\/sk\\\/product\\\/kupit-biele-rolex-extazove-tabletky\\\/#primaryimage\"},\"image\":{\"@id\":\"https:\\\/\\\/medicinasinc.com\\\/sk\\\/product\\\/kupit-biele-rolex-extazove-tabletky\\\/#primaryimage\"},\"thumbnailUrl\":\"https:\\\/\\\/medicinasinc.com\\\/sk\\\/wp-content\\\/uploads\\\/sites\\\/10\\\/2022\\\/02\\\/buy-white-rolex-ecstasy-pills-online.jpg\",\"datePublished\":\"2022-02-20T13:30:56+00:00\",\"dateModified\":\"2022-03-22T01:20:16+00:00\",\"description\":\"K\u00fapte si tabletky ext\u00e1zy White Rolex online na predaj vo Ve\u013ekej Brit\u00e1nii, Eur\u00f3pe od najspo\u013eahlivej\u0161ieho dod\u00e1vate\u013ea mdma za najlep\u0161ie ceny, garantujeme diskr\u00e9tnu a bezpe\u010dn\u00fa prepravu do cel\u00e9ho sveta\",\"breadcrumb\":{\"@id\":\"https:\\\/\\\/medicinasinc.com\\\/sk\\\/product\\\/kupit-biele-rolex-extazove-tabletky\\\/#breadcrumb\"},\"inLanguage\":\"en-US\",\"potentialAction\":[{\"@type\":\"ReadAction\",\"target\":[\"https:\\\/\\\/medicinasinc.com\\\/sk\\\/product\\\/kupit-biele-rolex-extazove-tabletky\\\/\"]}]},{\"@type\":\"ImageObject\",\"inLanguage\":\"en-US\",\"@id\":\"https:\\\/\\\/medicinasinc.com\\\/sk\\\/product\\\/kupit-biele-rolex-extazove-tabletky\\\/#primaryimage\",\"url\":\"https:\\\/\\\/medicinasinc.com\\\/sk\\\/wp-content\\\/uploads\\\/sites\\\/10\\\/2022\\\/02\\\/buy-white-rolex-ecstasy-pills-online.jpg\",\"contentUrl\":\"https:\\\/\\\/medicinasinc.com\\\/sk\\\/wp-content\\\/uploads\\\/sites\\\/10\\\/2022\\\/02\\\/buy-white-rolex-ecstasy-pills-online.jpg\",\"width\":600,\"height\":600},{\"@type\":\"BreadcrumbList\",\"@id\":\"https:\\\/\\\/medicinasinc.com\\\/sk\\\/product\\\/kupit-biele-rolex-extazove-tabletky\\\/#breadcrumb\",\"itemListElement\":[{\"@type\":\"ListItem\",\"position\":1,\"name\":\"Obchod\",\"item\":\"https:\\\/\\\/medicinasinc.com\\\/sk\\\/obchod\\\/\"},{\"@type\":\"ListItem\",\"position\":2,\"name\":\"K\u00fapte si tabletky ext\u00e1zy White Rolex\"}]},{\"@type\":\"WebSite\",\"@id\":\"https:\\\/\\\/medicinasinc.com\\\/sk\\\/#website\",\"url\":\"https:\\\/\\\/medicinasinc.com\\\/sk\\\/\",\"name\":\"Medicinas Inc\",\"description\":\"Health Medical Clinic\",\"potentialAction\":[{\"@type\":\"SearchAction\",\"target\":{\"@type\":\"EntryPoint\",\"urlTemplate\":\"https:\\\/\\\/medicinasinc.com\\\/sk\\\/?s={search_term_string}\"},\"query-input\":{\"@type\":\"PropertyValueSpecification\",\"valueRequired\":true,\"valueName\":\"search_term_string\"}}],\"inLanguage\":\"en-US\"}]}<\/script>\n<!-- \/ Yoast SEO plugin. -->","yoast_head_json":{"title":"K\u00fapte si biele tabletky ext\u00e1zy Rolex online \u2013 najlep\u0161ie najlep\u0161ie glob\u00e1lne lieky","description":"K\u00fapte si tabletky ext\u00e1zy White Rolex online na predaj vo Ve\u013ekej Brit\u00e1nii, Eur\u00f3pe od najspo\u013eahlivej\u0161ieho dod\u00e1vate\u013ea mdma za najlep\u0161ie ceny, garantujeme diskr\u00e9tnu a bezpe\u010dn\u00fa prepravu do cel\u00e9ho sveta","robots":{"index":"index","follow":"follow","max-snippet":"max-snippet:-1","max-image-preview":"max-image-preview:large","max-video-preview":"max-video-preview:-1"},"canonical":"https:\/\/medicinasinc.com\/sk\/product\/kupit-biele-rolex-extazove-tabletky\/","og_locale":"en_US","og_type":"article","og_title":"K\u00fapte si biele tabletky ext\u00e1zy Rolex online \u2013 najlep\u0161ie najlep\u0161ie glob\u00e1lne lieky","og_description":"K\u00fapte si tabletky ext\u00e1zy White Rolex online na predaj vo Ve\u013ekej Brit\u00e1nii, Eur\u00f3pe od najspo\u013eahlivej\u0161ieho dod\u00e1vate\u013ea mdma za najlep\u0161ie ceny, garantujeme diskr\u00e9tnu a bezpe\u010dn\u00fa prepravu do cel\u00e9ho sveta","og_url":"https:\/\/medicinasinc.com\/sk\/product\/kupit-biele-rolex-extazove-tabletky\/","og_site_name":"Medicinas Inc","article_modified_time":"2022-03-22T01:20:16+00:00","og_image":[{"width":600,"height":600,"url":"https:\/\/medicinasinc.com\/sk\/wp-content\/uploads\/sites\/10\/2022\/02\/buy-white-rolex-ecstasy-pills-online.jpg","type":"image\/jpeg"}],"twitter_card":"summary_large_image","twitter_misc":{"Est. reading time":"1 minute"},"schema":{"@context":"https:\/\/schema.org","@graph":[{"@type":"WebPage","@id":"https:\/\/medicinasinc.com\/sk\/product\/kupit-biele-rolex-extazove-tabletky\/","url":"https:\/\/medicinasinc.com\/sk\/product\/kupit-biele-rolex-extazove-tabletky\/","name":"K\u00fapte si biele tabletky ext\u00e1zy Rolex online \u2013 najlep\u0161ie najlep\u0161ie glob\u00e1lne lieky","isPartOf":{"@id":"https:\/\/medicinasinc.com\/sk\/#website"},"primaryImageOfPage":{"@id":"https:\/\/medicinasinc.com\/sk\/product\/kupit-biele-rolex-extazove-tabletky\/#primaryimage"},"image":{"@id":"https:\/\/medicinasinc.com\/sk\/product\/kupit-biele-rolex-extazove-tabletky\/#primaryimage"},"thumbnailUrl":"https:\/\/medicinasinc.com\/sk\/wp-content\/uploads\/sites\/10\/2022\/02\/buy-white-rolex-ecstasy-pills-online.jpg","datePublished":"2022-02-20T13:30:56+00:00","dateModified":"2022-03-22T01:20:16+00:00","description":"K\u00fapte si tabletky ext\u00e1zy White Rolex online na predaj vo Ve\u013ekej Brit\u00e1nii, Eur\u00f3pe od najspo\u013eahlivej\u0161ieho dod\u00e1vate\u013ea mdma za najlep\u0161ie ceny, garantujeme diskr\u00e9tnu a bezpe\u010dn\u00fa prepravu do cel\u00e9ho sveta","breadcrumb":{"@id":"https:\/\/medicinasinc.com\/sk\/product\/kupit-biele-rolex-extazove-tabletky\/#breadcrumb"},"inLanguage":"en-US","potentialAction":[{"@type":"ReadAction","target":["https:\/\/medicinasinc.com\/sk\/product\/kupit-biele-rolex-extazove-tabletky\/"]}]},{"@type":"ImageObject","inLanguage":"en-US","@id":"https:\/\/medicinasinc.com\/sk\/product\/kupit-biele-rolex-extazove-tabletky\/#primaryimage","url":"https:\/\/medicinasinc.com\/sk\/wp-content\/uploads\/sites\/10\/2022\/02\/buy-white-rolex-ecstasy-pills-online.jpg","contentUrl":"https:\/\/medicinasinc.com\/sk\/wp-content\/uploads\/sites\/10\/2022\/02\/buy-white-rolex-ecstasy-pills-online.jpg","width":600,"height":600},{"@type":"BreadcrumbList","@id":"https:\/\/medicinasinc.com\/sk\/product\/kupit-biele-rolex-extazove-tabletky\/#breadcrumb","itemListElement":[{"@type":"ListItem","position":1,"name":"Obchod","item":"https:\/\/medicinasinc.com\/sk\/obchod\/"},{"@type":"ListItem","position":2,"name":"K\u00fapte si tabletky ext\u00e1zy White Rolex"}]},{"@type":"WebSite","@id":"https:\/\/medicinasinc.com\/sk\/#website","url":"https:\/\/medicinasinc.com\/sk\/","name":"Medicinas Inc","description":"Health Medical Clinic","potentialAction":[{"@type":"SearchAction","target":{"@type":"EntryPoint","urlTemplate":"https:\/\/medicinasinc.com\/sk\/?s={search_term_string}"},"query-input":{"@type":"PropertyValueSpecification","valueRequired":true,"valueName":"search_term_string"}}],"inLanguage":"en-US"}]}},"_links":{"self":[{"href":"https:\/\/medicinasinc.com\/sk\/wp-json\/wp\/v2\/product\/4591","targetHints":{"allow":["GET"]}}],"collection":[{"href":"https:\/\/medicinasinc.com\/sk\/wp-json\/wp\/v2\/product"}],"about":[{"href":"https:\/\/medicinasinc.com\/sk\/wp-json\/wp\/v2\/types\/product"}],"replies":[{"embeddable":true,"href":"https:\/\/medicinasinc.com\/sk\/wp-json\/wp\/v2\/comments?post=4591"}],"wp:featuredmedia":[{"embeddable":true,"href":"https:\/\/medicinasinc.com\/sk\/wp-json\/wp\/v2\/media\/4603"}],"wp:attachment":[{"href":"https:\/\/medicinasinc.com\/sk\/wp-json\/wp\/v2\/media?parent=4591"}],"wp:term":[{"taxonomy":"product_brand","embeddable":true,"href":"https:\/\/medicinasinc.com\/sk\/wp-json\/wp\/v2\/product_brand?post=4591"},{"taxonomy":"product_cat","embeddable":true,"href":"https:\/\/medicinasinc.com\/sk\/wp-json\/wp\/v2\/product_cat?post=4591"},{"taxonomy":"product_tag","embeddable":true,"href":"https:\/\/medicinasinc.com\/sk\/wp-json\/wp\/v2\/product_tag?post=4591"}],"curies":[{"name":"wp","href":"https:\/\/api.w.org\/{rel}","templated":true}]}}