{"id":4576,"date":"2022-02-20T13:20:42","date_gmt":"2022-02-20T13:20:42","guid":{"rendered":"https:\/\/medicinasinc.com\/sk\/?post_type=product&#038;p=4576"},"modified":"2022-03-22T01:20:27","modified_gmt":"2022-03-22T01:20:27","slug":"kup-si-pomarancove-tesla-tabletky-extazy","status":"publish","type":"product","link":"https:\/\/medicinasinc.com\/sk\/product\/kup-si-pomarancove-tesla-tabletky-extazy\/","title":{"rendered":"K\u00fapte si oran\u017eov\u00e9 tabletky ext\u00e1zy Tesla"},"content":{"rendered":"<p>Oran\u017eov\u00e9 Tesla tabletky ext\u00e1zy K\u00fapi\u0165<\/p>\n<p>3,4 metyl\u00e9ndioxymetamfetam\u00edn je akt\u00edvna zlo\u017eka v tabletk\u00e1ch ext\u00e1zy Orange Tesla (MDMA). Mal\u00e9 oran\u017eov\u00e9 tablety maj\u00fa tvar \u0161t\u00edtu a maj\u00fa slovo \u201eTesla\u201c nad logom Tesla v tvare t.<\/p>\n<p>Svietia v tme a niektor\u00e9 s\u00fa posypan\u00e9 fialov\u00fdmi trblietkami.<\/p>\n<p>S\u00fa ob\u013e\u00faben\u00e9, preto\u017ee s\u00fa siln\u00e9, maj\u00fa z\u00e1bavn\u00fd dizajn a s\u00fa spojen\u00e9 so zn\u00e1mou zna\u010dkou s pozit\u00edvnou poves\u0165ou. V\u00e4\u010d\u0161ina \u013eud\u00ed si s v\u00e4\u010d\u0161ou pravdepodobnos\u0165ou k\u00fapi tabletku ext\u00e1zy s uzn\u00e1van\u00fdm logom ako oby\u010dajn\u00fa bielu tabletku vyroben\u00fa k\u00fdmko\u013evek.<\/p>\n<p>Oran\u017eov\u00e9 tabletky Tesla v\u0161ak nemaj\u00fa ni\u010d spolo\u010dn\u00e9 s Teslou od Elona Muska, americkou automobilkou a spolo\u010dnos\u0165 zaoberaj\u00faca sa \u010distou energiou.<\/p>\n<p>Zna\u010dka neznamen\u00e1, \u017ee maj\u00fa vysok\u00fa kvalitu alebo dokonca konzistentn\u00fa kvalitu. Pou\u017eit\u00edm podobn\u00e9ho lisu a farbiva m\u00f4\u017ee ktoko\u013evek napodobni\u0165 oran\u017eov\u00fa Teslovu tabletku ext\u00e1zy.<\/p>\n","protected":false},"excerpt":{"rendered":"<p>K\u00fapi\u0165 tabletky Orange Tesla Ecstasy na predaj Eur\u00f3pa, Ve\u013ek\u00e1 Brit\u00e1nia. K\u00fapte si ext\u00e1zu online, predajca ext\u00e1zy, objednajte si tabletky ext\u00e1zy online, zaober\u00e1me sa t\u00fdmi naj\u010distej\u0161\u00edmi a najlep\u0161\u00edmi produktmi.<\/p>\n<p>V spolo\u010dnosti Best global medis\u00a0si m\u00f4\u017eete k\u00fapi\u0165 origin\u00e1lne tabletky ext\u00e1zy Tesla za prijate\u013en\u00fa cenu. V\u0161etky produkty s\u00fa laborat\u00f3rne testovan\u00e9 a maj\u00fa najvy\u0161\u0161iu kvalitu.<\/p>\n","protected":false},"featured_media":4589,"comment_status":"open","ping_status":"closed","template":"","meta":[],"product_brand":[],"product_cat":[498],"product_tag":[556,566,557,560,554,555,572,574,561,562,564,563,570,567,569,558,559,571,568,565,573,575],"class_list":{"0":"post-4576","1":"product","2":"type-product","3":"status-publish","4":"has-post-thumbnail","6":"product_cat-kupte-si-tabletky-na-extazu","7":"product_tag-bluelight-orange-tesla-ecstasy-vs-molly","8":"product_tag-broskya-tvrd-tesla-extza-s-skre-na-back","9":"product_tag-different-extacy-pills-list","10":"product_tag-ecstasy-tesla","11":"product_tag-modr-tesla-extza","12":"product_tag-modr-tesla-tabletka-mg","13":"product_tag-tesla-pill-blue-efekty","14":"product_tag-tesla-pilulky-modre","15":"product_tag-obrzky-extacy-tabletky","16":"product_tag-orange-tesla-2021","17":"product_tag-orange-tesla-exstasy-pills-los-angeles-2019","18":"product_tag-pomaran-tesla-extza-mg","19":"product_tag-tesla-extasa-recenzia","20":"product_tag-reddit-extasy-pill-rating-tesla-vs-punisher-vs","21":"product_tag-tesla-extza-pilulka","22":"product_tag-extza-tabletky-tesla-znmka-z-holandska","23":"product_tag-tabletky-na-extazu-lis-tesla","24":"product_tag-tesla-ecstasy-tampa","25":"product_tag-tesla-extza","26":"product_tag-oran-c5-beovo-tesla-pilulky-c3-a9-efekty","27":"product_tag-tesla-pill-warning","28":"product_tag-lt-tesla-extza-tampa","30":"first","31":"instock","32":"shipping-taxable","33":"purchasable","34":"product-type-variable","35":"has-default-attributes"},"yoast_head":"<!-- This site is optimized with the Yoast SEO plugin v27.3 - https:\/\/yoast.com\/product\/yoast-seo-wordpress\/ -->\n<title>K\u00fapte si oran\u017eov\u00e9 tabletky ext\u00e1zy Tesla \u2013 najlep\u0161ie najlep\u0161ie glob\u00e1lne lieky<\/title>\n<meta name=\"description\" content=\"K\u00fapi\u0165 tabletky Orange Tesla Extasy na predaj v Eur\u00f3pe, Ve\u013ekej Brit\u00e1nii. K\u00fapte si ext\u00e1zu online, predajca ext\u00e1zy, objednajte si tabletky ext\u00e1zy online, zaober\u00e1me sa t\u00fdmi naj\u010distej\u0161\u00edmi a najlep\u0161\u00edmi produktmi.\" \/>\n<meta name=\"robots\" content=\"index, follow, max-snippet:-1, max-image-preview:large, max-video-preview:-1\" \/>\n<link rel=\"canonical\" href=\"https:\/\/medicinasinc.com\/sk\/product\/kup-si-pomarancove-tesla-tabletky-extazy\/\" \/>\n<meta property=\"og:locale\" content=\"en_US\" \/>\n<meta property=\"og:type\" content=\"article\" \/>\n<meta property=\"og:title\" content=\"K\u00fapte si oran\u017eov\u00e9 tabletky ext\u00e1zy Tesla \u2013 najlep\u0161ie najlep\u0161ie glob\u00e1lne lieky\" \/>\n<meta property=\"og:description\" content=\"K\u00fapi\u0165 tabletky Orange Tesla Extasy na predaj v Eur\u00f3pe, Ve\u013ekej Brit\u00e1nii. K\u00fapte si ext\u00e1zu online, predajca ext\u00e1zy, objednajte si tabletky ext\u00e1zy online, zaober\u00e1me sa t\u00fdmi naj\u010distej\u0161\u00edmi a najlep\u0161\u00edmi produktmi.\" \/>\n<meta property=\"og:url\" content=\"https:\/\/medicinasinc.com\/sk\/product\/kup-si-pomarancove-tesla-tabletky-extazy\/\" \/>\n<meta property=\"og:site_name\" content=\"Medicinas Inc\" \/>\n<meta property=\"article:modified_time\" content=\"2022-03-22T01:20:27+00:00\" \/>\n<meta property=\"og:image\" content=\"https:\/\/medicinasinc.com\/sk\/wp-content\/uploads\/sites\/10\/2022\/02\/Buy-Orange-Tesla-Ecstasy-Pills.jpg\" \/>\n\t<meta property=\"og:image:width\" content=\"747\" \/>\n\t<meta property=\"og:image:height\" content=\"560\" \/>\n\t<meta property=\"og:image:type\" content=\"image\/jpeg\" \/>\n<meta name=\"twitter:card\" content=\"summary_large_image\" \/>\n<meta name=\"twitter:label1\" content=\"Est. reading time\" \/>\n\t<meta name=\"twitter:data1\" content=\"1 minute\" \/>\n<script type=\"application\/ld+json\" class=\"yoast-schema-graph\">{\"@context\":\"https:\\\/\\\/schema.org\",\"@graph\":[{\"@type\":\"WebPage\",\"@id\":\"https:\\\/\\\/medicinasinc.com\\\/sk\\\/product\\\/kup-si-pomarancove-tesla-tabletky-extazy\\\/\",\"url\":\"https:\\\/\\\/medicinasinc.com\\\/sk\\\/product\\\/kup-si-pomarancove-tesla-tabletky-extazy\\\/\",\"name\":\"K\u00fapte si oran\u017eov\u00e9 tabletky ext\u00e1zy Tesla \u2013 najlep\u0161ie najlep\u0161ie glob\u00e1lne lieky\",\"isPartOf\":{\"@id\":\"https:\\\/\\\/medicinasinc.com\\\/sk\\\/#website\"},\"primaryImageOfPage\":{\"@id\":\"https:\\\/\\\/medicinasinc.com\\\/sk\\\/product\\\/kup-si-pomarancove-tesla-tabletky-extazy\\\/#primaryimage\"},\"image\":{\"@id\":\"https:\\\/\\\/medicinasinc.com\\\/sk\\\/product\\\/kup-si-pomarancove-tesla-tabletky-extazy\\\/#primaryimage\"},\"thumbnailUrl\":\"https:\\\/\\\/medicinasinc.com\\\/sk\\\/wp-content\\\/uploads\\\/sites\\\/10\\\/2022\\\/02\\\/Buy-Orange-Tesla-Ecstasy-Pills.jpg\",\"datePublished\":\"2022-02-20T13:20:42+00:00\",\"dateModified\":\"2022-03-22T01:20:27+00:00\",\"description\":\"K\u00fapi\u0165 tabletky Orange Tesla Extasy na predaj v Eur\u00f3pe, Ve\u013ekej Brit\u00e1nii. K\u00fapte si ext\u00e1zu online, predajca ext\u00e1zy, objednajte si tabletky ext\u00e1zy online, zaober\u00e1me sa t\u00fdmi naj\u010distej\u0161\u00edmi a najlep\u0161\u00edmi produktmi.\",\"breadcrumb\":{\"@id\":\"https:\\\/\\\/medicinasinc.com\\\/sk\\\/product\\\/kup-si-pomarancove-tesla-tabletky-extazy\\\/#breadcrumb\"},\"inLanguage\":\"en-US\",\"potentialAction\":[{\"@type\":\"ReadAction\",\"target\":[\"https:\\\/\\\/medicinasinc.com\\\/sk\\\/product\\\/kup-si-pomarancove-tesla-tabletky-extazy\\\/\"]}]},{\"@type\":\"ImageObject\",\"inLanguage\":\"en-US\",\"@id\":\"https:\\\/\\\/medicinasinc.com\\\/sk\\\/product\\\/kup-si-pomarancove-tesla-tabletky-extazy\\\/#primaryimage\",\"url\":\"https:\\\/\\\/medicinasinc.com\\\/sk\\\/wp-content\\\/uploads\\\/sites\\\/10\\\/2022\\\/02\\\/Buy-Orange-Tesla-Ecstasy-Pills.jpg\",\"contentUrl\":\"https:\\\/\\\/medicinasinc.com\\\/sk\\\/wp-content\\\/uploads\\\/sites\\\/10\\\/2022\\\/02\\\/Buy-Orange-Tesla-Ecstasy-Pills.jpg\",\"width\":747,\"height\":560},{\"@type\":\"BreadcrumbList\",\"@id\":\"https:\\\/\\\/medicinasinc.com\\\/sk\\\/product\\\/kup-si-pomarancove-tesla-tabletky-extazy\\\/#breadcrumb\",\"itemListElement\":[{\"@type\":\"ListItem\",\"position\":1,\"name\":\"Obchod\",\"item\":\"https:\\\/\\\/medicinasinc.com\\\/sk\\\/obchod\\\/\"},{\"@type\":\"ListItem\",\"position\":2,\"name\":\"K\u00fapte si oran\u017eov\u00e9 tabletky ext\u00e1zy Tesla\"}]},{\"@type\":\"WebSite\",\"@id\":\"https:\\\/\\\/medicinasinc.com\\\/sk\\\/#website\",\"url\":\"https:\\\/\\\/medicinasinc.com\\\/sk\\\/\",\"name\":\"Medicinas Inc\",\"description\":\"Health Medical Clinic\",\"potentialAction\":[{\"@type\":\"SearchAction\",\"target\":{\"@type\":\"EntryPoint\",\"urlTemplate\":\"https:\\\/\\\/medicinasinc.com\\\/sk\\\/?s={search_term_string}\"},\"query-input\":{\"@type\":\"PropertyValueSpecification\",\"valueRequired\":true,\"valueName\":\"search_term_string\"}}],\"inLanguage\":\"en-US\"}]}<\/script>\n<!-- \/ Yoast SEO plugin. -->","yoast_head_json":{"title":"K\u00fapte si oran\u017eov\u00e9 tabletky ext\u00e1zy Tesla \u2013 najlep\u0161ie najlep\u0161ie glob\u00e1lne lieky","description":"K\u00fapi\u0165 tabletky Orange Tesla Extasy na predaj v Eur\u00f3pe, Ve\u013ekej Brit\u00e1nii. K\u00fapte si ext\u00e1zu online, predajca ext\u00e1zy, objednajte si tabletky ext\u00e1zy online, zaober\u00e1me sa t\u00fdmi naj\u010distej\u0161\u00edmi a najlep\u0161\u00edmi produktmi.","robots":{"index":"index","follow":"follow","max-snippet":"max-snippet:-1","max-image-preview":"max-image-preview:large","max-video-preview":"max-video-preview:-1"},"canonical":"https:\/\/medicinasinc.com\/sk\/product\/kup-si-pomarancove-tesla-tabletky-extazy\/","og_locale":"en_US","og_type":"article","og_title":"K\u00fapte si oran\u017eov\u00e9 tabletky ext\u00e1zy Tesla \u2013 najlep\u0161ie najlep\u0161ie glob\u00e1lne lieky","og_description":"K\u00fapi\u0165 tabletky Orange Tesla Extasy na predaj v Eur\u00f3pe, Ve\u013ekej Brit\u00e1nii. K\u00fapte si ext\u00e1zu online, predajca ext\u00e1zy, objednajte si tabletky ext\u00e1zy online, zaober\u00e1me sa t\u00fdmi naj\u010distej\u0161\u00edmi a najlep\u0161\u00edmi produktmi.","og_url":"https:\/\/medicinasinc.com\/sk\/product\/kup-si-pomarancove-tesla-tabletky-extazy\/","og_site_name":"Medicinas Inc","article_modified_time":"2022-03-22T01:20:27+00:00","og_image":[{"width":747,"height":560,"url":"https:\/\/medicinasinc.com\/sk\/wp-content\/uploads\/sites\/10\/2022\/02\/Buy-Orange-Tesla-Ecstasy-Pills.jpg","type":"image\/jpeg"}],"twitter_card":"summary_large_image","twitter_misc":{"Est. reading time":"1 minute"},"schema":{"@context":"https:\/\/schema.org","@graph":[{"@type":"WebPage","@id":"https:\/\/medicinasinc.com\/sk\/product\/kup-si-pomarancove-tesla-tabletky-extazy\/","url":"https:\/\/medicinasinc.com\/sk\/product\/kup-si-pomarancove-tesla-tabletky-extazy\/","name":"K\u00fapte si oran\u017eov\u00e9 tabletky ext\u00e1zy Tesla \u2013 najlep\u0161ie najlep\u0161ie glob\u00e1lne lieky","isPartOf":{"@id":"https:\/\/medicinasinc.com\/sk\/#website"},"primaryImageOfPage":{"@id":"https:\/\/medicinasinc.com\/sk\/product\/kup-si-pomarancove-tesla-tabletky-extazy\/#primaryimage"},"image":{"@id":"https:\/\/medicinasinc.com\/sk\/product\/kup-si-pomarancove-tesla-tabletky-extazy\/#primaryimage"},"thumbnailUrl":"https:\/\/medicinasinc.com\/sk\/wp-content\/uploads\/sites\/10\/2022\/02\/Buy-Orange-Tesla-Ecstasy-Pills.jpg","datePublished":"2022-02-20T13:20:42+00:00","dateModified":"2022-03-22T01:20:27+00:00","description":"K\u00fapi\u0165 tabletky Orange Tesla Extasy na predaj v Eur\u00f3pe, Ve\u013ekej Brit\u00e1nii. K\u00fapte si ext\u00e1zu online, predajca ext\u00e1zy, objednajte si tabletky ext\u00e1zy online, zaober\u00e1me sa t\u00fdmi naj\u010distej\u0161\u00edmi a najlep\u0161\u00edmi produktmi.","breadcrumb":{"@id":"https:\/\/medicinasinc.com\/sk\/product\/kup-si-pomarancove-tesla-tabletky-extazy\/#breadcrumb"},"inLanguage":"en-US","potentialAction":[{"@type":"ReadAction","target":["https:\/\/medicinasinc.com\/sk\/product\/kup-si-pomarancove-tesla-tabletky-extazy\/"]}]},{"@type":"ImageObject","inLanguage":"en-US","@id":"https:\/\/medicinasinc.com\/sk\/product\/kup-si-pomarancove-tesla-tabletky-extazy\/#primaryimage","url":"https:\/\/medicinasinc.com\/sk\/wp-content\/uploads\/sites\/10\/2022\/02\/Buy-Orange-Tesla-Ecstasy-Pills.jpg","contentUrl":"https:\/\/medicinasinc.com\/sk\/wp-content\/uploads\/sites\/10\/2022\/02\/Buy-Orange-Tesla-Ecstasy-Pills.jpg","width":747,"height":560},{"@type":"BreadcrumbList","@id":"https:\/\/medicinasinc.com\/sk\/product\/kup-si-pomarancove-tesla-tabletky-extazy\/#breadcrumb","itemListElement":[{"@type":"ListItem","position":1,"name":"Obchod","item":"https:\/\/medicinasinc.com\/sk\/obchod\/"},{"@type":"ListItem","position":2,"name":"K\u00fapte si oran\u017eov\u00e9 tabletky ext\u00e1zy Tesla"}]},{"@type":"WebSite","@id":"https:\/\/medicinasinc.com\/sk\/#website","url":"https:\/\/medicinasinc.com\/sk\/","name":"Medicinas Inc","description":"Health Medical Clinic","potentialAction":[{"@type":"SearchAction","target":{"@type":"EntryPoint","urlTemplate":"https:\/\/medicinasinc.com\/sk\/?s={search_term_string}"},"query-input":{"@type":"PropertyValueSpecification","valueRequired":true,"valueName":"search_term_string"}}],"inLanguage":"en-US"}]}},"_links":{"self":[{"href":"https:\/\/medicinasinc.com\/sk\/wp-json\/wp\/v2\/product\/4576","targetHints":{"allow":["GET"]}}],"collection":[{"href":"https:\/\/medicinasinc.com\/sk\/wp-json\/wp\/v2\/product"}],"about":[{"href":"https:\/\/medicinasinc.com\/sk\/wp-json\/wp\/v2\/types\/product"}],"replies":[{"embeddable":true,"href":"https:\/\/medicinasinc.com\/sk\/wp-json\/wp\/v2\/comments?post=4576"}],"wp:featuredmedia":[{"embeddable":true,"href":"https:\/\/medicinasinc.com\/sk\/wp-json\/wp\/v2\/media\/4589"}],"wp:attachment":[{"href":"https:\/\/medicinasinc.com\/sk\/wp-json\/wp\/v2\/media?parent=4576"}],"wp:term":[{"taxonomy":"product_brand","embeddable":true,"href":"https:\/\/medicinasinc.com\/sk\/wp-json\/wp\/v2\/product_brand?post=4576"},{"taxonomy":"product_cat","embeddable":true,"href":"https:\/\/medicinasinc.com\/sk\/wp-json\/wp\/v2\/product_cat?post=4576"},{"taxonomy":"product_tag","embeddable":true,"href":"https:\/\/medicinasinc.com\/sk\/wp-json\/wp\/v2\/product_tag?post=4576"}],"curies":[{"name":"wp","href":"https:\/\/api.w.org\/{rel}","templated":true}]}}