{"id":4575,"date":"2022-02-20T13:20:33","date_gmt":"2022-02-20T13:20:33","guid":{"rendered":"https:\/\/medicinasinc.com\/sk\/?post_type=product&#038;p=4575"},"modified":"2022-03-22T01:20:37","modified_gmt":"2022-03-22T01:20:37","slug":"kupit-modre-rolex-tabletky-extazy","status":"publish","type":"product","link":"https:\/\/medicinasinc.com\/sk\/product\/kupit-modre-rolex-tabletky-extazy\/","title":{"rendered":"K\u00fapte si tabletky ext\u00e1zy Blue Rolex"},"content":{"rendered":"<p>Nakupujte tabletky ext\u00e1zy Blue Rolex vo ve\u013ekom online.<\/p>\n<p>Nakupujte tabletky ext\u00e1zy Blue Rolex vo ve\u013ekom online.<\/p>\n<p>Ext\u00e1za bola vyn\u00e1jden\u00e1 v roku 1912 drogovou spolo\u010dnos\u0165ou Merck. V\u010faka svojej novej \u0161trukt\u00fare bol nazvan\u00fd \u201eMDMA\u201c. Prv\u00fdkr\u00e1t ho pou\u017eili americk\u00e9 ozbrojen\u00e9 sily v roku 1953 na testy ment\u00e1lnej anga\u017eovanosti a nakr\u00e1tko sa vr\u00e1til v 60. rokoch ako psychoterapeutick\u00e9 rie\u0161enie pre \u201eni\u017e\u0161ie z\u00e1brany\u201c. 1 MDMA sa a\u017e do 70. rokov 20. storo\u010dia nepou\u017e\u00edvalo ako recept na zhroma\u017e\u010fovanie.<\/p>\n<p>V polovici 80. rokov sa MDMA propagovalo ako \u201enajpenivej\u0161ia vec v technike s poslan\u00edm pote\u0161i\u0165 \u013eud\u00ed prostredn\u00edctvom vedy\u201c a \u201ev rie\u0161en\u00ed\u201c pre dlhotrvaj\u00face ve\u010dierky. MDMA bola e\u0161te v roku 1984 \u0161iroko dostupn\u00e1 pod zna\u010dkou \u201eJoy\u201c, ale v roku 1985 bola t\u00e1to medik\u00e1cia z bezpe\u010dnostn\u00fdch d\u00f4vodov obmedzen\u00e1.<br \/> Modr\u00e1 tabletka Rolex m\u00f4\u017ee by\u0165 obzvl\u00e1\u0161\u0165 prospe\u0161n\u00e1 pre jednotlivcov, ktor\u00ed po omra\u010duj\u00facom probl\u00e9me s drven\u00edm komponentov (PTSD). Mnoh\u00ed pacienti nie s\u00fa schopn\u00ed diskutova\u0165 o nebezpe\u010dn\u00fdch udalostiach, ktor\u00e9 vyvolali ich probl\u00e9my. \u0160pekuluje sa, \u017ee splnenie m\u00f4\u017ee jednotlivcom pom\u00f4c\u0165 pri zv\u00e4\u010d\u0161ovan\u00ed t\u00fdchto r\u00e1n.<\/p>\n<p>Doblin, 50, skuto\u010dne nie je pripraven\u00fd ani monitor; m\u00e1 v\u0161ak ve\u013ek\u00fa zodpovednos\u0165 za drogy, ke\u010f\u017ee ich u\u017eil pri mnoh\u00fdch pr\u00edle\u017eitostiach. &#8220;V mojom \u017eivote to v\u00fdrazne zmenilo,&#8221; vysvetlil. Po\u010das posledn\u00fdch rokov investoval do \u0161\u00edrenia posolstva, \u017ee Joy a in\u00e9 energizuj\u00face drogy maj\u00fa z\u00e1sadn\u00fd \u00faspech za ide\u00e1lnych podmienok.<br \/> Ak skuto\u010dne h\u013ead\u00e1te partnerstvo, ktor\u00e9 v\u00e1m m\u00f4\u017ee poskytn\u00fa\u0165 produkty najvy\u0161\u0161ej kvality, m\u00e1te pr\u00eds\u0165 na spr\u00e1vne miesto. V na\u0161ej nad\u00e1cii si m\u00f4\u017eete vybra\u0165 tie najlep\u0161ie polo\u017eky, ktor\u00e9 v\u00e1m pom\u00f4\u017eu vybudova\u0165 si va\u0161u d\u00f4veru a nadviaza\u0165 s nami primeran\u00fd vz\u0165ah v\u010faka mo\u017enosti na\u0161ich polo\u017eiek. Urobte svoj n\u00e1kup teraz a dostanete modr\u00e9 modr\u00e9 pilulky Rolex na dosah ruky do piatich pracovn\u00fdch dn\u00ed.<\/p>\n","protected":false},"excerpt":{"rendered":"<div class=\"woocommerce-product-details__short-description\">\n<p>K\u00fapte si tabletky ext\u00e1zy Blue Rolex UK, Europe online od d\u00f4veryhodn\u00e9ho a spo\u013eahliv\u00e9ho dod\u00e1vate\u013ea, nav\u0161t\u00edvte n\u00e1\u0161 obchod a z\u00edskajte pilulky najvy\u0161\u0161ej kvality a v\u00fdskumn\u00fa chemik\u00e1liu za bezkonkuren\u010dn\u00e9 ceny.<\/p>\n<\/p><\/div>\n","protected":false},"featured_media":4587,"comment_status":"open","ping_status":"closed","template":"","meta":[],"product_brand":[],"product_cat":[498],"product_tag":[],"class_list":{"0":"post-4575","1":"product","2":"type-product","3":"status-publish","4":"has-post-thumbnail","6":"product_cat-kupte-si-tabletky-na-extazu","8":"first","9":"instock","10":"shipping-taxable","11":"purchasable","12":"product-type-variable","13":"has-default-attributes"},"yoast_head":"<!-- This site is optimized with the Yoast SEO plugin v27.3 - https:\/\/yoast.com\/product\/yoast-seo-wordpress\/ -->\n<title>K\u00fapte si modr\u00e9 tabletky ext\u00e1zy Rolex \u2013 najlep\u0161ie najlep\u0161ie glob\u00e1lne lieky<\/title>\n<meta name=\"description\" content=\"K\u00fapte si pilulky ext\u00e1zy Blue Rolex Spojen\u00e9 kr\u00e1\u013eovstvo, Eur\u00f3pa online od d\u00f4veryhodn\u00e9ho a spo\u013eahliv\u00e9ho dod\u00e1vate\u013ea, nav\u0161t\u00edvte n\u00e1\u0161 obchod a z\u00edskajte pilulky najvy\u0161\u0161ej kvality a chemik\u00e1lie na v\u00fdskum za bezkonkuren\u010dn\u00e9 ceny.\" \/>\n<meta name=\"robots\" content=\"index, follow, max-snippet:-1, max-image-preview:large, max-video-preview:-1\" \/>\n<link rel=\"canonical\" href=\"https:\/\/medicinasinc.com\/sk\/product\/kupit-modre-rolex-tabletky-extazy\/\" \/>\n<meta property=\"og:locale\" content=\"en_US\" \/>\n<meta property=\"og:type\" content=\"article\" \/>\n<meta property=\"og:title\" content=\"K\u00fapte si modr\u00e9 tabletky ext\u00e1zy Rolex \u2013 najlep\u0161ie najlep\u0161ie glob\u00e1lne lieky\" \/>\n<meta property=\"og:description\" content=\"K\u00fapte si pilulky ext\u00e1zy Blue Rolex Spojen\u00e9 kr\u00e1\u013eovstvo, Eur\u00f3pa online od d\u00f4veryhodn\u00e9ho a spo\u013eahliv\u00e9ho dod\u00e1vate\u013ea, nav\u0161t\u00edvte n\u00e1\u0161 obchod a z\u00edskajte pilulky najvy\u0161\u0161ej kvality a chemik\u00e1lie na v\u00fdskum za bezkonkuren\u010dn\u00e9 ceny.\" \/>\n<meta property=\"og:url\" content=\"https:\/\/medicinasinc.com\/sk\/product\/kupit-modre-rolex-tabletky-extazy\/\" \/>\n<meta property=\"og:site_name\" content=\"Medicinas Inc\" \/>\n<meta property=\"article:modified_time\" content=\"2022-03-22T01:20:37+00:00\" \/>\n<meta property=\"og:image\" content=\"https:\/\/medicinasinc.com\/sk\/wp-content\/uploads\/sites\/10\/2022\/02\/buy-quality-blue-rolex-ecstasy-pills-online.jpg\" \/>\n\t<meta property=\"og:image:width\" content=\"600\" \/>\n\t<meta property=\"og:image:height\" content=\"600\" \/>\n\t<meta property=\"og:image:type\" content=\"image\/jpeg\" \/>\n<meta name=\"twitter:card\" content=\"summary_large_image\" \/>\n<script type=\"application\/ld+json\" class=\"yoast-schema-graph\">{\"@context\":\"https:\\\/\\\/schema.org\",\"@graph\":[{\"@type\":\"WebPage\",\"@id\":\"https:\\\/\\\/medicinasinc.com\\\/sk\\\/product\\\/kupit-modre-rolex-tabletky-extazy\\\/\",\"url\":\"https:\\\/\\\/medicinasinc.com\\\/sk\\\/product\\\/kupit-modre-rolex-tabletky-extazy\\\/\",\"name\":\"K\u00fapte si modr\u00e9 tabletky ext\u00e1zy Rolex \u2013 najlep\u0161ie najlep\u0161ie glob\u00e1lne lieky\",\"isPartOf\":{\"@id\":\"https:\\\/\\\/medicinasinc.com\\\/sk\\\/#website\"},\"primaryImageOfPage\":{\"@id\":\"https:\\\/\\\/medicinasinc.com\\\/sk\\\/product\\\/kupit-modre-rolex-tabletky-extazy\\\/#primaryimage\"},\"image\":{\"@id\":\"https:\\\/\\\/medicinasinc.com\\\/sk\\\/product\\\/kupit-modre-rolex-tabletky-extazy\\\/#primaryimage\"},\"thumbnailUrl\":\"https:\\\/\\\/medicinasinc.com\\\/sk\\\/wp-content\\\/uploads\\\/sites\\\/10\\\/2022\\\/02\\\/buy-quality-blue-rolex-ecstasy-pills-online.jpg\",\"datePublished\":\"2022-02-20T13:20:33+00:00\",\"dateModified\":\"2022-03-22T01:20:37+00:00\",\"description\":\"K\u00fapte si pilulky ext\u00e1zy Blue Rolex Spojen\u00e9 kr\u00e1\u013eovstvo, Eur\u00f3pa online od d\u00f4veryhodn\u00e9ho a spo\u013eahliv\u00e9ho dod\u00e1vate\u013ea, nav\u0161t\u00edvte n\u00e1\u0161 obchod a z\u00edskajte pilulky najvy\u0161\u0161ej kvality a chemik\u00e1lie na v\u00fdskum za bezkonkuren\u010dn\u00e9 ceny.\",\"breadcrumb\":{\"@id\":\"https:\\\/\\\/medicinasinc.com\\\/sk\\\/product\\\/kupit-modre-rolex-tabletky-extazy\\\/#breadcrumb\"},\"inLanguage\":\"en-US\",\"potentialAction\":[{\"@type\":\"ReadAction\",\"target\":[\"https:\\\/\\\/medicinasinc.com\\\/sk\\\/product\\\/kupit-modre-rolex-tabletky-extazy\\\/\"]}]},{\"@type\":\"ImageObject\",\"inLanguage\":\"en-US\",\"@id\":\"https:\\\/\\\/medicinasinc.com\\\/sk\\\/product\\\/kupit-modre-rolex-tabletky-extazy\\\/#primaryimage\",\"url\":\"https:\\\/\\\/medicinasinc.com\\\/sk\\\/wp-content\\\/uploads\\\/sites\\\/10\\\/2022\\\/02\\\/buy-quality-blue-rolex-ecstasy-pills-online.jpg\",\"contentUrl\":\"https:\\\/\\\/medicinasinc.com\\\/sk\\\/wp-content\\\/uploads\\\/sites\\\/10\\\/2022\\\/02\\\/buy-quality-blue-rolex-ecstasy-pills-online.jpg\",\"width\":600,\"height\":600},{\"@type\":\"BreadcrumbList\",\"@id\":\"https:\\\/\\\/medicinasinc.com\\\/sk\\\/product\\\/kupit-modre-rolex-tabletky-extazy\\\/#breadcrumb\",\"itemListElement\":[{\"@type\":\"ListItem\",\"position\":1,\"name\":\"Obchod\",\"item\":\"https:\\\/\\\/medicinasinc.com\\\/sk\\\/obchod\\\/\"},{\"@type\":\"ListItem\",\"position\":2,\"name\":\"K\u00fapte si tabletky ext\u00e1zy Blue Rolex\"}]},{\"@type\":\"WebSite\",\"@id\":\"https:\\\/\\\/medicinasinc.com\\\/sk\\\/#website\",\"url\":\"https:\\\/\\\/medicinasinc.com\\\/sk\\\/\",\"name\":\"Medicinas Inc\",\"description\":\"Health Medical Clinic\",\"potentialAction\":[{\"@type\":\"SearchAction\",\"target\":{\"@type\":\"EntryPoint\",\"urlTemplate\":\"https:\\\/\\\/medicinasinc.com\\\/sk\\\/?s={search_term_string}\"},\"query-input\":{\"@type\":\"PropertyValueSpecification\",\"valueRequired\":true,\"valueName\":\"search_term_string\"}}],\"inLanguage\":\"en-US\"}]}<\/script>\n<!-- \/ Yoast SEO plugin. -->","yoast_head_json":{"title":"K\u00fapte si modr\u00e9 tabletky ext\u00e1zy Rolex \u2013 najlep\u0161ie najlep\u0161ie glob\u00e1lne lieky","description":"K\u00fapte si pilulky ext\u00e1zy Blue Rolex Spojen\u00e9 kr\u00e1\u013eovstvo, Eur\u00f3pa online od d\u00f4veryhodn\u00e9ho a spo\u013eahliv\u00e9ho dod\u00e1vate\u013ea, nav\u0161t\u00edvte n\u00e1\u0161 obchod a z\u00edskajte pilulky najvy\u0161\u0161ej kvality a chemik\u00e1lie na v\u00fdskum za bezkonkuren\u010dn\u00e9 ceny.","robots":{"index":"index","follow":"follow","max-snippet":"max-snippet:-1","max-image-preview":"max-image-preview:large","max-video-preview":"max-video-preview:-1"},"canonical":"https:\/\/medicinasinc.com\/sk\/product\/kupit-modre-rolex-tabletky-extazy\/","og_locale":"en_US","og_type":"article","og_title":"K\u00fapte si modr\u00e9 tabletky ext\u00e1zy Rolex \u2013 najlep\u0161ie najlep\u0161ie glob\u00e1lne lieky","og_description":"K\u00fapte si pilulky ext\u00e1zy Blue Rolex Spojen\u00e9 kr\u00e1\u013eovstvo, Eur\u00f3pa online od d\u00f4veryhodn\u00e9ho a spo\u013eahliv\u00e9ho dod\u00e1vate\u013ea, nav\u0161t\u00edvte n\u00e1\u0161 obchod a z\u00edskajte pilulky najvy\u0161\u0161ej kvality a chemik\u00e1lie na v\u00fdskum za bezkonkuren\u010dn\u00e9 ceny.","og_url":"https:\/\/medicinasinc.com\/sk\/product\/kupit-modre-rolex-tabletky-extazy\/","og_site_name":"Medicinas Inc","article_modified_time":"2022-03-22T01:20:37+00:00","og_image":[{"width":600,"height":600,"url":"https:\/\/medicinasinc.com\/sk\/wp-content\/uploads\/sites\/10\/2022\/02\/buy-quality-blue-rolex-ecstasy-pills-online.jpg","type":"image\/jpeg"}],"twitter_card":"summary_large_image","schema":{"@context":"https:\/\/schema.org","@graph":[{"@type":"WebPage","@id":"https:\/\/medicinasinc.com\/sk\/product\/kupit-modre-rolex-tabletky-extazy\/","url":"https:\/\/medicinasinc.com\/sk\/product\/kupit-modre-rolex-tabletky-extazy\/","name":"K\u00fapte si modr\u00e9 tabletky ext\u00e1zy Rolex \u2013 najlep\u0161ie najlep\u0161ie glob\u00e1lne lieky","isPartOf":{"@id":"https:\/\/medicinasinc.com\/sk\/#website"},"primaryImageOfPage":{"@id":"https:\/\/medicinasinc.com\/sk\/product\/kupit-modre-rolex-tabletky-extazy\/#primaryimage"},"image":{"@id":"https:\/\/medicinasinc.com\/sk\/product\/kupit-modre-rolex-tabletky-extazy\/#primaryimage"},"thumbnailUrl":"https:\/\/medicinasinc.com\/sk\/wp-content\/uploads\/sites\/10\/2022\/02\/buy-quality-blue-rolex-ecstasy-pills-online.jpg","datePublished":"2022-02-20T13:20:33+00:00","dateModified":"2022-03-22T01:20:37+00:00","description":"K\u00fapte si pilulky ext\u00e1zy Blue Rolex Spojen\u00e9 kr\u00e1\u013eovstvo, Eur\u00f3pa online od d\u00f4veryhodn\u00e9ho a spo\u013eahliv\u00e9ho dod\u00e1vate\u013ea, nav\u0161t\u00edvte n\u00e1\u0161 obchod a z\u00edskajte pilulky najvy\u0161\u0161ej kvality a chemik\u00e1lie na v\u00fdskum za bezkonkuren\u010dn\u00e9 ceny.","breadcrumb":{"@id":"https:\/\/medicinasinc.com\/sk\/product\/kupit-modre-rolex-tabletky-extazy\/#breadcrumb"},"inLanguage":"en-US","potentialAction":[{"@type":"ReadAction","target":["https:\/\/medicinasinc.com\/sk\/product\/kupit-modre-rolex-tabletky-extazy\/"]}]},{"@type":"ImageObject","inLanguage":"en-US","@id":"https:\/\/medicinasinc.com\/sk\/product\/kupit-modre-rolex-tabletky-extazy\/#primaryimage","url":"https:\/\/medicinasinc.com\/sk\/wp-content\/uploads\/sites\/10\/2022\/02\/buy-quality-blue-rolex-ecstasy-pills-online.jpg","contentUrl":"https:\/\/medicinasinc.com\/sk\/wp-content\/uploads\/sites\/10\/2022\/02\/buy-quality-blue-rolex-ecstasy-pills-online.jpg","width":600,"height":600},{"@type":"BreadcrumbList","@id":"https:\/\/medicinasinc.com\/sk\/product\/kupit-modre-rolex-tabletky-extazy\/#breadcrumb","itemListElement":[{"@type":"ListItem","position":1,"name":"Obchod","item":"https:\/\/medicinasinc.com\/sk\/obchod\/"},{"@type":"ListItem","position":2,"name":"K\u00fapte si tabletky ext\u00e1zy Blue Rolex"}]},{"@type":"WebSite","@id":"https:\/\/medicinasinc.com\/sk\/#website","url":"https:\/\/medicinasinc.com\/sk\/","name":"Medicinas Inc","description":"Health Medical Clinic","potentialAction":[{"@type":"SearchAction","target":{"@type":"EntryPoint","urlTemplate":"https:\/\/medicinasinc.com\/sk\/?s={search_term_string}"},"query-input":{"@type":"PropertyValueSpecification","valueRequired":true,"valueName":"search_term_string"}}],"inLanguage":"en-US"}]}},"_links":{"self":[{"href":"https:\/\/medicinasinc.com\/sk\/wp-json\/wp\/v2\/product\/4575","targetHints":{"allow":["GET"]}}],"collection":[{"href":"https:\/\/medicinasinc.com\/sk\/wp-json\/wp\/v2\/product"}],"about":[{"href":"https:\/\/medicinasinc.com\/sk\/wp-json\/wp\/v2\/types\/product"}],"replies":[{"embeddable":true,"href":"https:\/\/medicinasinc.com\/sk\/wp-json\/wp\/v2\/comments?post=4575"}],"wp:featuredmedia":[{"embeddable":true,"href":"https:\/\/medicinasinc.com\/sk\/wp-json\/wp\/v2\/media\/4587"}],"wp:attachment":[{"href":"https:\/\/medicinasinc.com\/sk\/wp-json\/wp\/v2\/media?parent=4575"}],"wp:term":[{"taxonomy":"product_brand","embeddable":true,"href":"https:\/\/medicinasinc.com\/sk\/wp-json\/wp\/v2\/product_brand?post=4575"},{"taxonomy":"product_cat","embeddable":true,"href":"https:\/\/medicinasinc.com\/sk\/wp-json\/wp\/v2\/product_cat?post=4575"},{"taxonomy":"product_tag","embeddable":true,"href":"https:\/\/medicinasinc.com\/sk\/wp-json\/wp\/v2\/product_tag?post=4575"}],"curies":[{"name":"wp","href":"https:\/\/api.w.org\/{rel}","templated":true}]}}