{"id":4535,"date":"2022-02-20T10:31:14","date_gmt":"2022-02-20T10:31:14","guid":{"rendered":"https:\/\/medicinasinc.com\/sk\/?post_type=product&#038;p=4535"},"modified":"2022-03-22T01:21:09","modified_gmt":"2022-03-22T01:21:09","slug":"kupit-sede-bugatti-mdma-pilulky","status":"publish","type":"product","link":"https:\/\/medicinasinc.com\/sk\/product\/kupit-sede-bugatti-mdma-pilulky\/","title":{"rendered":"K\u00fapte si Gray Bugatti MDMA pilulky"},"content":{"rendered":"<p>ONLINE K\u00daPI\u0164 \u0160ED\u00c9 BUGATTI MDMA PILLS<\/p>\n<p>MDMA (metamfetam\u00edn-metyl\u00e9ndioxymetamfetam\u00edn) je syntetick\u00fd stimulant, ktor\u00fd men\u00ed vn\u00edmanie a n\u00e1ladu (uvedomenie si okolit\u00fdch podmienok a predmetov). Chemicky je podobn\u00fd halucinog\u00e9nom a stimulantom, vyvol\u00e1va pocity zv\u00fd\u0161en\u00e9ho pote\u0161enia, energie, emocion\u00e1lneho tepla, vn\u00edmania \u010dasu a skreslen\u00e9ho zmyslov\u00e9ho vn\u00edmania. K\u00fapte si \u010dist\u00fa mdma online.<\/p>\n<p>MDMA bola spo\u010diatku popul\u00e1rna na celono\u010dn\u00fdch tane\u010dn\u00fdch ve\u010dierkoch a na sc\u00e9ne no\u010dn\u00fdch klubov, ale t\u00e1to droga teraz postihuje r\u00f4znorod\u00fa skupinu \u013eud\u00ed, ktor\u00ed ju ozna\u010duj\u00fa ako Molly alebo ext\u00e1za. Online n\u00e1kup piluliek Grey Bugatti MDMA<\/p>\n<p>Ext\u00e1za je stimula\u010dn\u00e1 droga, ktor\u00e1 m\u00e1 potenci\u00e1l sp\u00f4sobi\u0165 halucin\u00e1cie. Jednotlivci s\u00fa ozna\u010dovan\u00ed ako dizajn\u00e9rska droga, preto\u017ee sp\u00f4sobuj\u00fa, \u017ee sa \u010dlovek c\u00edti uvo\u013enene, energicky a povznesene. Droga je obzvl\u00e1\u0161\u0165 popul\u00e1rna medzi mlad\u00fdmi dospel\u00fdmi a t\u00edned\u017eermi, ktor\u00ed nav\u0161tevuj\u00fa koncerty, kluby a \u201erave\u201c p\u00e1rty. K\u00fapte si mdma online<\/p>\n<p>Ext\u00e1za sa \u010dasto ozna\u010duje ako \u201etabletka l\u00e1sky\u201c, preto\u017ee zlep\u0161uje vn\u00edmanie zvuku a farieb a \u00fadajne zosil\u0148uje pocity, ke\u010f sa jeden s druh\u00fdm mazn\u00e1 alebo sa ho dot\u00fdka, najm\u00e4 po\u010das sexu. M\u00f4\u017eete si tie\u017e k\u00fapi\u0165 Viagru na zlep\u0161enie sexu\u00e1lneho v\u00fdkonu.<\/p>\n<p>Pou\u017e\u00edvatelia veria, \u017ee v\u010faka tejto droge sa bud\u00fa c\u00edti\u0165 uvo\u013enene a dobre a udr\u017e\u00ed ich v chode cel\u00e9 dni bez odpo\u010dinku. Jednotlivci, ktor\u00ed u\u017e\u00edvaj\u00fa ext\u00e1zu, si neuvedomuj\u00fa nebezpe\u010denstv\u00e1 spojen\u00e9 s t\u00fdmto liekom. Kde si m\u00f4\u017eem k\u00fapi\u0165 \u010dist\u00fa mdma online?<\/p>\n<p>Ext\u00e1za sa stala jednou z najdostupnej\u0161\u00edch pouli\u010dn\u00fdch drog. Ext\u00e1za poslala mnoh\u00fdch z n\u00e1s za posledn\u00fdch p\u00e1r rokov na pohotovos\u0165 kv\u00f4li svojim nebezpe\u010dn\u00fdm ved\u013eaj\u0161\u00edm \u00fa\u010dinkom. Objedna\u0165 MDMA v Eur\u00f3pskej \u00fanii, m\u00f4\u017eem si k\u00fapi\u0165 MDMA online, ve\u013ekoobchod MDMA online, \u010dist\u00e9 MDMA na predaj online, skuto\u010dn\u00e9 MDMA na predaj online v Spojen\u00fdch \u0161t\u00e1toch americk\u00fdch<\/p>\n","protected":false},"excerpt":{"rendered":"<p>K\u00fapte si Gray Bugatti MDMA Pills na predaj online za najlep\u0161iu cenu. Garantujeme bezpe\u010dn\u00fa a zabezpe\u010den\u00fa prepravu do cel\u00e9ho sveta. Objednajte si MDMA v E\u00da, m\u00f4\u017eem si k\u00fapi\u0165 MDMA online, ve\u013ekoobchod MDMA online<\/p>\n<p><em>K\u00fapte si tabletky MDMA Grey Bugatti<\/em>\u00a0Online za najlep\u0161iu cenu. Garantujeme bezpe\u010dn\u00fa a zabezpe\u010den\u00fa prepravu do cel\u00e9ho sveta. WhatsApp n\u00e1m teraz<\/p>\n","protected":false},"featured_media":4558,"comment_status":"open","ping_status":"closed","template":"","meta":[],"product_brand":[],"product_cat":[498],"product_tag":[510,501,504,505,506,507,508,542,529,546,547,544,545,499,500,502,503,512,513,514,515,516,519,520,521,522,523,524,517,518,525,527,530,531,533,535,536,511,540,539,537,538,526,532,534,528,541,543,509],"class_list":{"0":"post-4535","1":"product","2":"type-product","3":"status-publish","4":"has-post-thumbnail","6":"product_cat-kupte-si-tabletky-na-extazu","7":"product_tag-ako-objedna-mdma","8":"product_tag-buy-mdma-online","9":"product_tag-buy-molly-online","10":"product_tag-buy-mollymdma-online","11":"product_tag-buy-pure-mdma-online","12":"product_tag-buy-research-chemicals-online","13":"product_tag-can-i-order-mdma-online","14":"product_tag-ist-mdma-na-predaj-online","15":"product_tag-mdma-online-shop","16":"product_tag-kde-kpi-ist-mdma-online","17":"product_tag-kde-kpi-ist-molly-online","18":"product_tag-kde-k-kupit-mdma-pilulky","19":"product_tag-kde-na-kpi-mdma-pilulky-online","20":"product_tag-kpi-siv-bugatti-mdma-pilulky-online","21":"product_tag-kpi-mdma","22":"product_tag-kpi-mdma-tabletky","23":"product_tag-kpi-mdma-tabletky-online","24":"product_tag-mdma","25":"product_tag-mdma-100-mg","26":"product_tag-mdma-1g","27":"product_tag-mdma-3-4-metylndioxy-n-metylamfetamn","28":"product_tag-mdma-3g","29":"product_tag-mdma-for-sale-online-usa","30":"product_tag-mdma-for-sale-order-online","31":"product_tag-mdma-molly","32":"product_tag-mdma-molly-krytly","33":"product_tag-mdma-molly-na-predaj","34":"product_tag-mdma-molly-prok","35":"product_tag-mdma-na-predaj","36":"product_tag-mdma-na-predaj-online","37":"product_tag-mdma-online-order","38":"product_tag-mdma-online-sales","39":"product_tag-mdma-order-online","40":"product_tag-mdma-pics","41":"product_tag-mdma-pilulky-na-predaj-online","42":"product_tag-mdma-sales","43":"product_tag-molly-mdma-prok","44":"product_tag-neleglne-drogy-na-predaj-online-mdma","45":"product_tag-order-pure-mdma-online","46":"product_tag-objednvka-mdma-online","47":"product_tag-online","48":"product_tag-online-mdma-predaj","49":"product_tag-mdma-online-predaj","50":"product_tag-pilulka-mdma","51":"product_tag-mdma-predaj","52":"product_tag-mdma-online-sales-vendors","53":"product_tag-pure-mdma","54":"product_tag-real-mdma-na-predaj-online","55":"product_tag-get-mdma-online","57":"first","58":"instock","59":"shipping-taxable","60":"purchasable","61":"product-type-variable","62":"has-default-attributes"},"yoast_head":"<!-- This site is optimized with the Yoast SEO plugin v27.3 - https:\/\/yoast.com\/product\/yoast-seo-wordpress\/ -->\n<title>K\u00fapte si Gray Bugatti MDMA pilulky - najlep\u0161ie najlep\u0161ie glob\u00e1lne lieky<\/title>\n<meta name=\"description\" content=\"K\u00fapte si Gray Bugatti MDMA Pills na predaj online za najlep\u0161iu cenu. Garantujeme bezpe\u010dn\u00fa a zabezpe\u010den\u00fa prepravu do cel\u00e9ho sveta. Objednajte si MDMA v E\u00da, m\u00f4\u017eem si k\u00fapi\u0165 MDMA online, ve\u013ekoobchod MDMA online\" \/>\n<meta name=\"robots\" content=\"index, follow, max-snippet:-1, max-image-preview:large, max-video-preview:-1\" \/>\n<link rel=\"canonical\" href=\"https:\/\/medicinasinc.com\/sk\/product\/kupit-sede-bugatti-mdma-pilulky\/\" \/>\n<meta property=\"og:locale\" content=\"en_US\" \/>\n<meta property=\"og:type\" content=\"article\" \/>\n<meta property=\"og:title\" content=\"K\u00fapte si Gray Bugatti MDMA pilulky - najlep\u0161ie najlep\u0161ie glob\u00e1lne lieky\" \/>\n<meta property=\"og:description\" content=\"K\u00fapte si Gray Bugatti MDMA Pills na predaj online za najlep\u0161iu cenu. Garantujeme bezpe\u010dn\u00fa a zabezpe\u010den\u00fa prepravu do cel\u00e9ho sveta. Objednajte si MDMA v E\u00da, m\u00f4\u017eem si k\u00fapi\u0165 MDMA online, ve\u013ekoobchod MDMA online\" \/>\n<meta property=\"og:url\" content=\"https:\/\/medicinasinc.com\/sk\/product\/kupit-sede-bugatti-mdma-pilulky\/\" \/>\n<meta property=\"og:site_name\" content=\"Medicinas Inc\" \/>\n<meta property=\"article:modified_time\" content=\"2022-03-22T01:21:09+00:00\" \/>\n<meta property=\"og:image\" content=\"https:\/\/medicinasinc.com\/sk\/wp-content\/uploads\/sites\/10\/2022\/02\/buy-gray-bugatti-mdma-pills-online.jpg\" \/>\n\t<meta property=\"og:image:width\" content=\"600\" \/>\n\t<meta property=\"og:image:height\" content=\"600\" \/>\n\t<meta property=\"og:image:type\" content=\"image\/jpeg\" \/>\n<meta name=\"twitter:card\" content=\"summary_large_image\" \/>\n<meta name=\"twitter:label1\" content=\"Est. reading time\" \/>\n\t<meta name=\"twitter:data1\" content=\"2 minutes\" \/>\n<script type=\"application\/ld+json\" class=\"yoast-schema-graph\">{\"@context\":\"https:\\\/\\\/schema.org\",\"@graph\":[{\"@type\":\"WebPage\",\"@id\":\"https:\\\/\\\/medicinasinc.com\\\/sk\\\/product\\\/kupit-sede-bugatti-mdma-pilulky\\\/\",\"url\":\"https:\\\/\\\/medicinasinc.com\\\/sk\\\/product\\\/kupit-sede-bugatti-mdma-pilulky\\\/\",\"name\":\"K\u00fapte si Gray Bugatti MDMA pilulky - najlep\u0161ie najlep\u0161ie glob\u00e1lne lieky\",\"isPartOf\":{\"@id\":\"https:\\\/\\\/medicinasinc.com\\\/sk\\\/#website\"},\"primaryImageOfPage\":{\"@id\":\"https:\\\/\\\/medicinasinc.com\\\/sk\\\/product\\\/kupit-sede-bugatti-mdma-pilulky\\\/#primaryimage\"},\"image\":{\"@id\":\"https:\\\/\\\/medicinasinc.com\\\/sk\\\/product\\\/kupit-sede-bugatti-mdma-pilulky\\\/#primaryimage\"},\"thumbnailUrl\":\"https:\\\/\\\/medicinasinc.com\\\/sk\\\/wp-content\\\/uploads\\\/sites\\\/10\\\/2022\\\/02\\\/buy-gray-bugatti-mdma-pills-online.jpg\",\"datePublished\":\"2022-02-20T10:31:14+00:00\",\"dateModified\":\"2022-03-22T01:21:09+00:00\",\"description\":\"K\u00fapte si Gray Bugatti MDMA Pills na predaj online za najlep\u0161iu cenu. Garantujeme bezpe\u010dn\u00fa a zabezpe\u010den\u00fa prepravu do cel\u00e9ho sveta. Objednajte si MDMA v E\u00da, m\u00f4\u017eem si k\u00fapi\u0165 MDMA online, ve\u013ekoobchod MDMA online\",\"breadcrumb\":{\"@id\":\"https:\\\/\\\/medicinasinc.com\\\/sk\\\/product\\\/kupit-sede-bugatti-mdma-pilulky\\\/#breadcrumb\"},\"inLanguage\":\"en-US\",\"potentialAction\":[{\"@type\":\"ReadAction\",\"target\":[\"https:\\\/\\\/medicinasinc.com\\\/sk\\\/product\\\/kupit-sede-bugatti-mdma-pilulky\\\/\"]}]},{\"@type\":\"ImageObject\",\"inLanguage\":\"en-US\",\"@id\":\"https:\\\/\\\/medicinasinc.com\\\/sk\\\/product\\\/kupit-sede-bugatti-mdma-pilulky\\\/#primaryimage\",\"url\":\"https:\\\/\\\/medicinasinc.com\\\/sk\\\/wp-content\\\/uploads\\\/sites\\\/10\\\/2022\\\/02\\\/buy-gray-bugatti-mdma-pills-online.jpg\",\"contentUrl\":\"https:\\\/\\\/medicinasinc.com\\\/sk\\\/wp-content\\\/uploads\\\/sites\\\/10\\\/2022\\\/02\\\/buy-gray-bugatti-mdma-pills-online.jpg\",\"width\":600,\"height\":600},{\"@type\":\"BreadcrumbList\",\"@id\":\"https:\\\/\\\/medicinasinc.com\\\/sk\\\/product\\\/kupit-sede-bugatti-mdma-pilulky\\\/#breadcrumb\",\"itemListElement\":[{\"@type\":\"ListItem\",\"position\":1,\"name\":\"Obchod\",\"item\":\"https:\\\/\\\/medicinasinc.com\\\/sk\\\/obchod\\\/\"},{\"@type\":\"ListItem\",\"position\":2,\"name\":\"K\u00fapte si Gray Bugatti MDMA pilulky\"}]},{\"@type\":\"WebSite\",\"@id\":\"https:\\\/\\\/medicinasinc.com\\\/sk\\\/#website\",\"url\":\"https:\\\/\\\/medicinasinc.com\\\/sk\\\/\",\"name\":\"Medicinas Inc\",\"description\":\"Health Medical Clinic\",\"potentialAction\":[{\"@type\":\"SearchAction\",\"target\":{\"@type\":\"EntryPoint\",\"urlTemplate\":\"https:\\\/\\\/medicinasinc.com\\\/sk\\\/?s={search_term_string}\"},\"query-input\":{\"@type\":\"PropertyValueSpecification\",\"valueRequired\":true,\"valueName\":\"search_term_string\"}}],\"inLanguage\":\"en-US\"}]}<\/script>\n<!-- \/ Yoast SEO plugin. -->","yoast_head_json":{"title":"K\u00fapte si Gray Bugatti MDMA pilulky - najlep\u0161ie najlep\u0161ie glob\u00e1lne lieky","description":"K\u00fapte si Gray Bugatti MDMA Pills na predaj online za najlep\u0161iu cenu. Garantujeme bezpe\u010dn\u00fa a zabezpe\u010den\u00fa prepravu do cel\u00e9ho sveta. Objednajte si MDMA v E\u00da, m\u00f4\u017eem si k\u00fapi\u0165 MDMA online, ve\u013ekoobchod MDMA online","robots":{"index":"index","follow":"follow","max-snippet":"max-snippet:-1","max-image-preview":"max-image-preview:large","max-video-preview":"max-video-preview:-1"},"canonical":"https:\/\/medicinasinc.com\/sk\/product\/kupit-sede-bugatti-mdma-pilulky\/","og_locale":"en_US","og_type":"article","og_title":"K\u00fapte si Gray Bugatti MDMA pilulky - najlep\u0161ie najlep\u0161ie glob\u00e1lne lieky","og_description":"K\u00fapte si Gray Bugatti MDMA Pills na predaj online za najlep\u0161iu cenu. Garantujeme bezpe\u010dn\u00fa a zabezpe\u010den\u00fa prepravu do cel\u00e9ho sveta. Objednajte si MDMA v E\u00da, m\u00f4\u017eem si k\u00fapi\u0165 MDMA online, ve\u013ekoobchod MDMA online","og_url":"https:\/\/medicinasinc.com\/sk\/product\/kupit-sede-bugatti-mdma-pilulky\/","og_site_name":"Medicinas Inc","article_modified_time":"2022-03-22T01:21:09+00:00","og_image":[{"width":600,"height":600,"url":"https:\/\/medicinasinc.com\/sk\/wp-content\/uploads\/sites\/10\/2022\/02\/buy-gray-bugatti-mdma-pills-online.jpg","type":"image\/jpeg"}],"twitter_card":"summary_large_image","twitter_misc":{"Est. reading time":"2 minutes"},"schema":{"@context":"https:\/\/schema.org","@graph":[{"@type":"WebPage","@id":"https:\/\/medicinasinc.com\/sk\/product\/kupit-sede-bugatti-mdma-pilulky\/","url":"https:\/\/medicinasinc.com\/sk\/product\/kupit-sede-bugatti-mdma-pilulky\/","name":"K\u00fapte si Gray Bugatti MDMA pilulky - najlep\u0161ie najlep\u0161ie glob\u00e1lne lieky","isPartOf":{"@id":"https:\/\/medicinasinc.com\/sk\/#website"},"primaryImageOfPage":{"@id":"https:\/\/medicinasinc.com\/sk\/product\/kupit-sede-bugatti-mdma-pilulky\/#primaryimage"},"image":{"@id":"https:\/\/medicinasinc.com\/sk\/product\/kupit-sede-bugatti-mdma-pilulky\/#primaryimage"},"thumbnailUrl":"https:\/\/medicinasinc.com\/sk\/wp-content\/uploads\/sites\/10\/2022\/02\/buy-gray-bugatti-mdma-pills-online.jpg","datePublished":"2022-02-20T10:31:14+00:00","dateModified":"2022-03-22T01:21:09+00:00","description":"K\u00fapte si Gray Bugatti MDMA Pills na predaj online za najlep\u0161iu cenu. Garantujeme bezpe\u010dn\u00fa a zabezpe\u010den\u00fa prepravu do cel\u00e9ho sveta. Objednajte si MDMA v E\u00da, m\u00f4\u017eem si k\u00fapi\u0165 MDMA online, ve\u013ekoobchod MDMA online","breadcrumb":{"@id":"https:\/\/medicinasinc.com\/sk\/product\/kupit-sede-bugatti-mdma-pilulky\/#breadcrumb"},"inLanguage":"en-US","potentialAction":[{"@type":"ReadAction","target":["https:\/\/medicinasinc.com\/sk\/product\/kupit-sede-bugatti-mdma-pilulky\/"]}]},{"@type":"ImageObject","inLanguage":"en-US","@id":"https:\/\/medicinasinc.com\/sk\/product\/kupit-sede-bugatti-mdma-pilulky\/#primaryimage","url":"https:\/\/medicinasinc.com\/sk\/wp-content\/uploads\/sites\/10\/2022\/02\/buy-gray-bugatti-mdma-pills-online.jpg","contentUrl":"https:\/\/medicinasinc.com\/sk\/wp-content\/uploads\/sites\/10\/2022\/02\/buy-gray-bugatti-mdma-pills-online.jpg","width":600,"height":600},{"@type":"BreadcrumbList","@id":"https:\/\/medicinasinc.com\/sk\/product\/kupit-sede-bugatti-mdma-pilulky\/#breadcrumb","itemListElement":[{"@type":"ListItem","position":1,"name":"Obchod","item":"https:\/\/medicinasinc.com\/sk\/obchod\/"},{"@type":"ListItem","position":2,"name":"K\u00fapte si Gray Bugatti MDMA pilulky"}]},{"@type":"WebSite","@id":"https:\/\/medicinasinc.com\/sk\/#website","url":"https:\/\/medicinasinc.com\/sk\/","name":"Medicinas Inc","description":"Health Medical Clinic","potentialAction":[{"@type":"SearchAction","target":{"@type":"EntryPoint","urlTemplate":"https:\/\/medicinasinc.com\/sk\/?s={search_term_string}"},"query-input":{"@type":"PropertyValueSpecification","valueRequired":true,"valueName":"search_term_string"}}],"inLanguage":"en-US"}]}},"_links":{"self":[{"href":"https:\/\/medicinasinc.com\/sk\/wp-json\/wp\/v2\/product\/4535","targetHints":{"allow":["GET"]}}],"collection":[{"href":"https:\/\/medicinasinc.com\/sk\/wp-json\/wp\/v2\/product"}],"about":[{"href":"https:\/\/medicinasinc.com\/sk\/wp-json\/wp\/v2\/types\/product"}],"replies":[{"embeddable":true,"href":"https:\/\/medicinasinc.com\/sk\/wp-json\/wp\/v2\/comments?post=4535"}],"wp:featuredmedia":[{"embeddable":true,"href":"https:\/\/medicinasinc.com\/sk\/wp-json\/wp\/v2\/media\/4558"}],"wp:attachment":[{"href":"https:\/\/medicinasinc.com\/sk\/wp-json\/wp\/v2\/media?parent=4535"}],"wp:term":[{"taxonomy":"product_brand","embeddable":true,"href":"https:\/\/medicinasinc.com\/sk\/wp-json\/wp\/v2\/product_brand?post=4535"},{"taxonomy":"product_cat","embeddable":true,"href":"https:\/\/medicinasinc.com\/sk\/wp-json\/wp\/v2\/product_cat?post=4535"},{"taxonomy":"product_tag","embeddable":true,"href":"https:\/\/medicinasinc.com\/sk\/wp-json\/wp\/v2\/product_tag?post=4535"}],"curies":[{"name":"wp","href":"https:\/\/api.w.org\/{rel}","templated":true}]}}