{"id":4534,"date":"2022-02-20T10:30:39","date_gmt":"2022-02-20T10:30:39","guid":{"rendered":"https:\/\/medicinasinc.com\/sk\/?post_type=product&#038;p=4534"},"modified":"2022-03-22T01:21:17","modified_gmt":"2022-03-22T01:21:17","slug":"kupit-zelene-hviezdy-extazy-pilulky","status":"publish","type":"product","link":"https:\/\/medicinasinc.com\/sk\/product\/kupit-zelene-hviezdy-extazy-pilulky\/","title":{"rendered":"K\u00fapte si tabletky ext\u00e1zy Green Star"},"content":{"rendered":"<p>Ext\u00e1za Green Star 254 mg K\u00fapi\u0165 online<\/p>\n<p>Tabletky ext\u00e1zy Green Star na predaj online.<\/p>\n<p>Ext\u00e1za bola vytvoren\u00e1 v roku 1912 ako v\u00fdsledok drogov\u00e9ho vz\u0165ahu spolo\u010dnosti Merck. V\u010faka svojej novej \u0161trukt\u00fare bol nazvan\u00fd \u201eMDMA\u201c. Prv\u00fdkr\u00e1t bol pou\u017eit\u00fd ozbrojen\u00fdmi silami USA v roku 1953 na ment\u00e1lne bojov\u00e9 testy a v 60. rokoch bol nakr\u00e1tko obnoven\u00fd ako psychoterapeutick\u00fd predpis na \u201eni\u017e\u0161ie z\u00e1brany\u201c. 1 MDMA sa a\u017e do 70. rokov 20. storo\u010dia nepou\u017e\u00edvalo ako liek na soci\u00e1lne z\u00e1le\u017eitosti.<\/p>\n<p>V polovici 80. rokov bolo MDMA propagovan\u00e9 ako \u201enajbublinkej\u0161ia vec v met\u00f3de s cie\u013eom pobavi\u0165 sa prostredn\u00edctvom vedy\u201c a ako &#8220;v liekoch&#8221; pre dlhotrvaj\u00face strany. MDMA sa v roku 1984 st\u00e1le pred\u00e1val pod zna\u010dkou \u201eDelight\u201c, ale v roku 1985 bol liek obmedzen\u00fd z bezpe\u010dnostn\u00fdch d\u00f4vodov.<br \/> Ecstacy, zelen\u00e1 hviezda, m\u00f4\u017ee by\u0165 obzvl\u00e1\u0161\u0165 prospe\u0161n\u00e1 pre t\u00fdch, ktor\u00ed sa zaoberaj\u00fa post-hrozn\u00fdm probl\u00e9my s naliehav\u00fdm faktorom (PTSD). Mnoh\u00ed pacienti nie s\u00fa schopn\u00ed diskutova\u0165 o znepokojuj\u00facich udalostiach, ktor\u00e9 vyvolali ich probl\u00e9my. Pod\u013ea tejto te\u00f3rie m\u00f4\u017ee rados\u0165 jednotlivcom pom\u00f4c\u0165 vyrovna\u0165 sa s t\u00fdmito ranami.<\/p>\n<p>Doblin, 50, nie je odborn\u00edkom na dan\u00fa problematiku ani vy\u0161etrovate\u013eom, ale m\u00e1 \u0161irok\u00fd vz\u0165ah k medic\u00edne, preto\u017ee ju \u010dasto pou\u017e\u00edva. . &#8220;V mojom \u017eivote to v\u00fdrazne zmenilo,&#8221; vysvetlil. V priebehu rokov priznal, \u017ee \u0161\u00edril posolstvo, \u017ee Rapture a r\u00f4zne halucinog\u00e9nne lieky maj\u00fa z\u00e1sadn\u00e9 zdravotn\u00e9 d\u00f4sledky.<br \/> Ak skuto\u010dne h\u013ead\u00e1te firmu, ktor\u00e1 dok\u00e1\u017ee dod\u00e1va\u0165 produkty najvy\u0161\u0161ej kvality, ste tu spr\u00e1vne miesto. V na\u0161ej nad\u00e1cii si m\u00f4\u017eete vybra\u0165 tie najlep\u0161ie polo\u017eky, ktor\u00e9 v\u00e1m pom\u00f4\u017eu vybudova\u0165 si va\u0161u d\u00f4veru a nadviaza\u0165 s nami legit\u00edmny vz\u0165ah v\u010faka vysokej kvalite na\u0161ich produktov. Odo\u0161lite svoju \u017eiados\u0165 teraz a ext\u00e1za Green star bude doru\u010den\u00e1 a\u017e k va\u0161im dver\u00e1m do piatich pracovn\u00fdch dn\u00ed.<\/p>\n","protected":false},"excerpt":{"rendered":"<p>K\u00fapi\u0165 tabletky ext\u00e1zy Green Star na predaj Ve\u013ek\u00e1 Brit\u00e1nia, Eur\u00f3pa Online. K\u00fapte si pilulky ext\u00e1zy Green Star online od najd\u00f4veryhodnej\u0161ieho dod\u00e1vate\u013ea mdma, zaru\u010dujeme diskr\u00e9tne a bezpe\u010dn\u00e9 doru\u010denie<\/p>\n","protected":false},"featured_media":4557,"comment_status":"open","ping_status":"closed","template":"","meta":[],"product_brand":[],"product_cat":[498],"product_tag":[],"class_list":{"0":"post-4534","1":"product","2":"type-product","3":"status-publish","4":"has-post-thumbnail","6":"product_cat-kupte-si-tabletky-na-extazu","8":"first","9":"instock","10":"shipping-taxable","11":"purchasable","12":"product-type-variable","13":"has-default-attributes"},"yoast_head":"<!-- This site is optimized with the Yoast SEO plugin v27.3 - https:\/\/yoast.com\/product\/yoast-seo-wordpress\/ -->\n<title>K\u00fapte si tabletky ext\u00e1zy Green Star \u2013 najlep\u0161ie najlep\u0161ie glob\u00e1lne lieky<\/title>\n<meta name=\"description\" content=\"K\u00fapi\u0165 tabletky ext\u00e1zy Green Star na predaj Ve\u013ek\u00e1 Brit\u00e1nia, Eur\u00f3pa Online. K\u00fapte si pilulky ext\u00e1zy Green Star online od najd\u00f4veryhodnej\u0161ieho dod\u00e1vate\u013ea mdma, zaru\u010dujeme diskr\u00e9tne a bezpe\u010dn\u00e9 doru\u010denie\" \/>\n<meta name=\"robots\" content=\"index, follow, max-snippet:-1, max-image-preview:large, max-video-preview:-1\" \/>\n<link rel=\"canonical\" href=\"https:\/\/medicinasinc.com\/sk\/product\/kupit-zelene-hviezdy-extazy-pilulky\/\" \/>\n<meta property=\"og:locale\" content=\"en_US\" \/>\n<meta property=\"og:type\" content=\"article\" \/>\n<meta property=\"og:title\" content=\"K\u00fapte si tabletky ext\u00e1zy Green Star \u2013 najlep\u0161ie najlep\u0161ie glob\u00e1lne lieky\" \/>\n<meta property=\"og:description\" content=\"K\u00fapi\u0165 tabletky ext\u00e1zy Green Star na predaj Ve\u013ek\u00e1 Brit\u00e1nia, Eur\u00f3pa Online. K\u00fapte si pilulky ext\u00e1zy Green Star online od najd\u00f4veryhodnej\u0161ieho dod\u00e1vate\u013ea mdma, zaru\u010dujeme diskr\u00e9tne a bezpe\u010dn\u00e9 doru\u010denie\" \/>\n<meta property=\"og:url\" content=\"https:\/\/medicinasinc.com\/sk\/product\/kupit-zelene-hviezdy-extazy-pilulky\/\" \/>\n<meta property=\"og:site_name\" content=\"Medicinas Inc\" \/>\n<meta property=\"article:modified_time\" content=\"2022-03-22T01:21:17+00:00\" \/>\n<meta property=\"og:image\" content=\"https:\/\/medicinasinc.com\/sk\/wp-content\/uploads\/sites\/10\/2022\/02\/buy-green-star-ecstasy-pills-online.jpg\" \/>\n\t<meta property=\"og:image:width\" content=\"600\" \/>\n\t<meta property=\"og:image:height\" content=\"600\" \/>\n\t<meta property=\"og:image:type\" content=\"image\/jpeg\" \/>\n<meta name=\"twitter:card\" content=\"summary_large_image\" \/>\n<meta name=\"twitter:label1\" content=\"Est. reading time\" \/>\n\t<meta name=\"twitter:data1\" content=\"2 minutes\" \/>\n<script type=\"application\/ld+json\" class=\"yoast-schema-graph\">{\"@context\":\"https:\\\/\\\/schema.org\",\"@graph\":[{\"@type\":\"WebPage\",\"@id\":\"https:\\\/\\\/medicinasinc.com\\\/sk\\\/product\\\/kupit-zelene-hviezdy-extazy-pilulky\\\/\",\"url\":\"https:\\\/\\\/medicinasinc.com\\\/sk\\\/product\\\/kupit-zelene-hviezdy-extazy-pilulky\\\/\",\"name\":\"K\u00fapte si tabletky ext\u00e1zy Green Star \u2013 najlep\u0161ie najlep\u0161ie glob\u00e1lne lieky\",\"isPartOf\":{\"@id\":\"https:\\\/\\\/medicinasinc.com\\\/sk\\\/#website\"},\"primaryImageOfPage\":{\"@id\":\"https:\\\/\\\/medicinasinc.com\\\/sk\\\/product\\\/kupit-zelene-hviezdy-extazy-pilulky\\\/#primaryimage\"},\"image\":{\"@id\":\"https:\\\/\\\/medicinasinc.com\\\/sk\\\/product\\\/kupit-zelene-hviezdy-extazy-pilulky\\\/#primaryimage\"},\"thumbnailUrl\":\"https:\\\/\\\/medicinasinc.com\\\/sk\\\/wp-content\\\/uploads\\\/sites\\\/10\\\/2022\\\/02\\\/buy-green-star-ecstasy-pills-online.jpg\",\"datePublished\":\"2022-02-20T10:30:39+00:00\",\"dateModified\":\"2022-03-22T01:21:17+00:00\",\"description\":\"K\u00fapi\u0165 tabletky ext\u00e1zy Green Star na predaj Ve\u013ek\u00e1 Brit\u00e1nia, Eur\u00f3pa Online. K\u00fapte si pilulky ext\u00e1zy Green Star online od najd\u00f4veryhodnej\u0161ieho dod\u00e1vate\u013ea mdma, zaru\u010dujeme diskr\u00e9tne a bezpe\u010dn\u00e9 doru\u010denie\",\"breadcrumb\":{\"@id\":\"https:\\\/\\\/medicinasinc.com\\\/sk\\\/product\\\/kupit-zelene-hviezdy-extazy-pilulky\\\/#breadcrumb\"},\"inLanguage\":\"en-US\",\"potentialAction\":[{\"@type\":\"ReadAction\",\"target\":[\"https:\\\/\\\/medicinasinc.com\\\/sk\\\/product\\\/kupit-zelene-hviezdy-extazy-pilulky\\\/\"]}]},{\"@type\":\"ImageObject\",\"inLanguage\":\"en-US\",\"@id\":\"https:\\\/\\\/medicinasinc.com\\\/sk\\\/product\\\/kupit-zelene-hviezdy-extazy-pilulky\\\/#primaryimage\",\"url\":\"https:\\\/\\\/medicinasinc.com\\\/sk\\\/wp-content\\\/uploads\\\/sites\\\/10\\\/2022\\\/02\\\/buy-green-star-ecstasy-pills-online.jpg\",\"contentUrl\":\"https:\\\/\\\/medicinasinc.com\\\/sk\\\/wp-content\\\/uploads\\\/sites\\\/10\\\/2022\\\/02\\\/buy-green-star-ecstasy-pills-online.jpg\",\"width\":600,\"height\":600},{\"@type\":\"BreadcrumbList\",\"@id\":\"https:\\\/\\\/medicinasinc.com\\\/sk\\\/product\\\/kupit-zelene-hviezdy-extazy-pilulky\\\/#breadcrumb\",\"itemListElement\":[{\"@type\":\"ListItem\",\"position\":1,\"name\":\"Obchod\",\"item\":\"https:\\\/\\\/medicinasinc.com\\\/sk\\\/obchod\\\/\"},{\"@type\":\"ListItem\",\"position\":2,\"name\":\"K\u00fapte si tabletky ext\u00e1zy Green Star\"}]},{\"@type\":\"WebSite\",\"@id\":\"https:\\\/\\\/medicinasinc.com\\\/sk\\\/#website\",\"url\":\"https:\\\/\\\/medicinasinc.com\\\/sk\\\/\",\"name\":\"Medicinas Inc\",\"description\":\"Health Medical Clinic\",\"potentialAction\":[{\"@type\":\"SearchAction\",\"target\":{\"@type\":\"EntryPoint\",\"urlTemplate\":\"https:\\\/\\\/medicinasinc.com\\\/sk\\\/?s={search_term_string}\"},\"query-input\":{\"@type\":\"PropertyValueSpecification\",\"valueRequired\":true,\"valueName\":\"search_term_string\"}}],\"inLanguage\":\"en-US\"}]}<\/script>\n<!-- \/ Yoast SEO plugin. -->","yoast_head_json":{"title":"K\u00fapte si tabletky ext\u00e1zy Green Star \u2013 najlep\u0161ie najlep\u0161ie glob\u00e1lne lieky","description":"K\u00fapi\u0165 tabletky ext\u00e1zy Green Star na predaj Ve\u013ek\u00e1 Brit\u00e1nia, Eur\u00f3pa Online. K\u00fapte si pilulky ext\u00e1zy Green Star online od najd\u00f4veryhodnej\u0161ieho dod\u00e1vate\u013ea mdma, zaru\u010dujeme diskr\u00e9tne a bezpe\u010dn\u00e9 doru\u010denie","robots":{"index":"index","follow":"follow","max-snippet":"max-snippet:-1","max-image-preview":"max-image-preview:large","max-video-preview":"max-video-preview:-1"},"canonical":"https:\/\/medicinasinc.com\/sk\/product\/kupit-zelene-hviezdy-extazy-pilulky\/","og_locale":"en_US","og_type":"article","og_title":"K\u00fapte si tabletky ext\u00e1zy Green Star \u2013 najlep\u0161ie najlep\u0161ie glob\u00e1lne lieky","og_description":"K\u00fapi\u0165 tabletky ext\u00e1zy Green Star na predaj Ve\u013ek\u00e1 Brit\u00e1nia, Eur\u00f3pa Online. K\u00fapte si pilulky ext\u00e1zy Green Star online od najd\u00f4veryhodnej\u0161ieho dod\u00e1vate\u013ea mdma, zaru\u010dujeme diskr\u00e9tne a bezpe\u010dn\u00e9 doru\u010denie","og_url":"https:\/\/medicinasinc.com\/sk\/product\/kupit-zelene-hviezdy-extazy-pilulky\/","og_site_name":"Medicinas Inc","article_modified_time":"2022-03-22T01:21:17+00:00","og_image":[{"width":600,"height":600,"url":"https:\/\/medicinasinc.com\/sk\/wp-content\/uploads\/sites\/10\/2022\/02\/buy-green-star-ecstasy-pills-online.jpg","type":"image\/jpeg"}],"twitter_card":"summary_large_image","twitter_misc":{"Est. reading time":"2 minutes"},"schema":{"@context":"https:\/\/schema.org","@graph":[{"@type":"WebPage","@id":"https:\/\/medicinasinc.com\/sk\/product\/kupit-zelene-hviezdy-extazy-pilulky\/","url":"https:\/\/medicinasinc.com\/sk\/product\/kupit-zelene-hviezdy-extazy-pilulky\/","name":"K\u00fapte si tabletky ext\u00e1zy Green Star \u2013 najlep\u0161ie najlep\u0161ie glob\u00e1lne lieky","isPartOf":{"@id":"https:\/\/medicinasinc.com\/sk\/#website"},"primaryImageOfPage":{"@id":"https:\/\/medicinasinc.com\/sk\/product\/kupit-zelene-hviezdy-extazy-pilulky\/#primaryimage"},"image":{"@id":"https:\/\/medicinasinc.com\/sk\/product\/kupit-zelene-hviezdy-extazy-pilulky\/#primaryimage"},"thumbnailUrl":"https:\/\/medicinasinc.com\/sk\/wp-content\/uploads\/sites\/10\/2022\/02\/buy-green-star-ecstasy-pills-online.jpg","datePublished":"2022-02-20T10:30:39+00:00","dateModified":"2022-03-22T01:21:17+00:00","description":"K\u00fapi\u0165 tabletky ext\u00e1zy Green Star na predaj Ve\u013ek\u00e1 Brit\u00e1nia, Eur\u00f3pa Online. K\u00fapte si pilulky ext\u00e1zy Green Star online od najd\u00f4veryhodnej\u0161ieho dod\u00e1vate\u013ea mdma, zaru\u010dujeme diskr\u00e9tne a bezpe\u010dn\u00e9 doru\u010denie","breadcrumb":{"@id":"https:\/\/medicinasinc.com\/sk\/product\/kupit-zelene-hviezdy-extazy-pilulky\/#breadcrumb"},"inLanguage":"en-US","potentialAction":[{"@type":"ReadAction","target":["https:\/\/medicinasinc.com\/sk\/product\/kupit-zelene-hviezdy-extazy-pilulky\/"]}]},{"@type":"ImageObject","inLanguage":"en-US","@id":"https:\/\/medicinasinc.com\/sk\/product\/kupit-zelene-hviezdy-extazy-pilulky\/#primaryimage","url":"https:\/\/medicinasinc.com\/sk\/wp-content\/uploads\/sites\/10\/2022\/02\/buy-green-star-ecstasy-pills-online.jpg","contentUrl":"https:\/\/medicinasinc.com\/sk\/wp-content\/uploads\/sites\/10\/2022\/02\/buy-green-star-ecstasy-pills-online.jpg","width":600,"height":600},{"@type":"BreadcrumbList","@id":"https:\/\/medicinasinc.com\/sk\/product\/kupit-zelene-hviezdy-extazy-pilulky\/#breadcrumb","itemListElement":[{"@type":"ListItem","position":1,"name":"Obchod","item":"https:\/\/medicinasinc.com\/sk\/obchod\/"},{"@type":"ListItem","position":2,"name":"K\u00fapte si tabletky ext\u00e1zy Green Star"}]},{"@type":"WebSite","@id":"https:\/\/medicinasinc.com\/sk\/#website","url":"https:\/\/medicinasinc.com\/sk\/","name":"Medicinas Inc","description":"Health Medical Clinic","potentialAction":[{"@type":"SearchAction","target":{"@type":"EntryPoint","urlTemplate":"https:\/\/medicinasinc.com\/sk\/?s={search_term_string}"},"query-input":{"@type":"PropertyValueSpecification","valueRequired":true,"valueName":"search_term_string"}}],"inLanguage":"en-US"}]}},"_links":{"self":[{"href":"https:\/\/medicinasinc.com\/sk\/wp-json\/wp\/v2\/product\/4534","targetHints":{"allow":["GET"]}}],"collection":[{"href":"https:\/\/medicinasinc.com\/sk\/wp-json\/wp\/v2\/product"}],"about":[{"href":"https:\/\/medicinasinc.com\/sk\/wp-json\/wp\/v2\/types\/product"}],"replies":[{"embeddable":true,"href":"https:\/\/medicinasinc.com\/sk\/wp-json\/wp\/v2\/comments?post=4534"}],"wp:featuredmedia":[{"embeddable":true,"href":"https:\/\/medicinasinc.com\/sk\/wp-json\/wp\/v2\/media\/4557"}],"wp:attachment":[{"href":"https:\/\/medicinasinc.com\/sk\/wp-json\/wp\/v2\/media?parent=4534"}],"wp:term":[{"taxonomy":"product_brand","embeddable":true,"href":"https:\/\/medicinasinc.com\/sk\/wp-json\/wp\/v2\/product_brand?post=4534"},{"taxonomy":"product_cat","embeddable":true,"href":"https:\/\/medicinasinc.com\/sk\/wp-json\/wp\/v2\/product_cat?post=4534"},{"taxonomy":"product_tag","embeddable":true,"href":"https:\/\/medicinasinc.com\/sk\/wp-json\/wp\/v2\/product_tag?post=4534"}],"curies":[{"name":"wp","href":"https:\/\/api.w.org\/{rel}","templated":true}]}}