{"id":4526,"date":"2022-02-20T10:19:12","date_gmt":"2022-02-20T10:19:12","guid":{"rendered":"https:\/\/medicinasinc.com\/sk\/?post_type=product&#038;p=4526"},"modified":"2022-03-22T01:21:26","modified_gmt":"2022-03-22T01:21:26","slug":"kupit-zlate-flugels-250mg-extaza-pilulky","status":"publish","type":"product","link":"https:\/\/medicinasinc.com\/sk\/product\/kupit-zlate-flugels-250mg-extaza-pilulky\/","title":{"rendered":"K\u00fapte si pilulky ext\u00e1zy 250 mg zlat\u00e9 chr\u00edpky"},"content":{"rendered":"<h1 class=\"product_title entry-title\">K\u00fapte si 250 mg tabletky ext\u00e1zy zlat\u00e9 kr\u00eddelky online<\/h1>\n<div class=\"product-next-previous\">\n<div class=\"product-prev\"><\/div><\/div>\n","protected":false},"excerpt":{"rendered":"<p><em>K\u00fapte si Golden Flugels 250 mg<\/em>\u00a0XTC\u00a0<em>tabletky<\/em>\u00a0za najlep\u0161iu trhov\u00fa cenu. V\u0161etky na\u0161e produkty s\u00fa vyroben\u00e9 z \u010disto pr\u00edrodn\u00fdch ingredienci\u00ed bez THC. Objednajte si teraz online!<\/p>\n<p><em>K\u00fapte si tabletky ext\u00e1zy zlat\u00e9 250 mg<\/em>\u00a0online. K\u00fapte si drogy online \u2013 koka\u00edn, LSD, tr\u00e1va, XTC, MDMA a hero\u00edn XTC Golden Flugels 250 mg<\/p>\n","protected":false},"featured_media":4556,"comment_status":"open","ping_status":"closed","template":"","meta":[],"product_brand":[],"product_cat":[498],"product_tag":[],"class_list":{"0":"post-4526","1":"product","2":"type-product","3":"status-publish","4":"has-post-thumbnail","6":"product_cat-kupte-si-tabletky-na-extazu","8":"first","9":"instock","10":"shipping-taxable","11":"purchasable","12":"product-type-variable","13":"has-default-attributes"},"yoast_head":"<!-- This site is optimized with the Yoast SEO plugin v27.3 - https:\/\/yoast.com\/product\/yoast-seo-wordpress\/ -->\n<title>K\u00fapte si pilulky ext\u00e1zy 250 mg zlat\u00e9 kr\u00eddelky - najlep\u0161ie najlep\u0161ie glob\u00e1lne lieky<\/title>\n<meta name=\"description\" content=\"K\u00fapte si pilulky ext\u00e1zy golden flugels 250 mg na predaj online vo Ve\u013ekej Brit\u00e1nii, Eur\u00f3pe. K\u00fapi\u0165 drogy online \u2013 koka\u00edn, LSD, tr\u00e1va, XTC, MDMA a hero\u00edn XTC Golden Flugels 250 mg\" \/>\n<meta name=\"robots\" content=\"index, follow, max-snippet:-1, max-image-preview:large, max-video-preview:-1\" \/>\n<link rel=\"canonical\" href=\"https:\/\/medicinasinc.com\/sk\/product\/kupit-zlate-flugels-250mg-extaza-pilulky\/\" \/>\n<meta property=\"og:locale\" content=\"en_US\" \/>\n<meta property=\"og:type\" content=\"article\" \/>\n<meta property=\"og:title\" content=\"K\u00fapte si pilulky ext\u00e1zy 250 mg zlat\u00e9 kr\u00eddelky - najlep\u0161ie najlep\u0161ie glob\u00e1lne lieky\" \/>\n<meta property=\"og:description\" content=\"K\u00fapte si pilulky ext\u00e1zy golden flugels 250 mg na predaj online vo Ve\u013ekej Brit\u00e1nii, Eur\u00f3pe. K\u00fapi\u0165 drogy online \u2013 koka\u00edn, LSD, tr\u00e1va, XTC, MDMA a hero\u00edn XTC Golden Flugels 250 mg\" \/>\n<meta property=\"og:url\" content=\"https:\/\/medicinasinc.com\/sk\/product\/kupit-zlate-flugels-250mg-extaza-pilulky\/\" \/>\n<meta property=\"og:site_name\" content=\"Medicinas Inc\" \/>\n<meta property=\"article:modified_time\" content=\"2022-03-22T01:21:26+00:00\" \/>\n<meta property=\"og:image\" content=\"https:\/\/medicinasinc.com\/sk\/wp-content\/uploads\/sites\/10\/2022\/02\/buy-golden-flugels-250mg-ecstasy-pills-online.jpg\" \/>\n\t<meta property=\"og:image:width\" content=\"600\" \/>\n\t<meta property=\"og:image:height\" content=\"600\" \/>\n\t<meta property=\"og:image:type\" content=\"image\/jpeg\" \/>\n<meta name=\"twitter:card\" content=\"summary_large_image\" \/>\n<meta name=\"twitter:label1\" content=\"Est. reading time\" \/>\n\t<meta name=\"twitter:data1\" content=\"1 minute\" \/>\n<script type=\"application\/ld+json\" class=\"yoast-schema-graph\">{\"@context\":\"https:\\\/\\\/schema.org\",\"@graph\":[{\"@type\":\"WebPage\",\"@id\":\"https:\\\/\\\/medicinasinc.com\\\/sk\\\/product\\\/kupit-zlate-flugels-250mg-extaza-pilulky\\\/\",\"url\":\"https:\\\/\\\/medicinasinc.com\\\/sk\\\/product\\\/kupit-zlate-flugels-250mg-extaza-pilulky\\\/\",\"name\":\"K\u00fapte si pilulky ext\u00e1zy 250 mg zlat\u00e9 kr\u00eddelky - najlep\u0161ie najlep\u0161ie glob\u00e1lne lieky\",\"isPartOf\":{\"@id\":\"https:\\\/\\\/medicinasinc.com\\\/sk\\\/#website\"},\"primaryImageOfPage\":{\"@id\":\"https:\\\/\\\/medicinasinc.com\\\/sk\\\/product\\\/kupit-zlate-flugels-250mg-extaza-pilulky\\\/#primaryimage\"},\"image\":{\"@id\":\"https:\\\/\\\/medicinasinc.com\\\/sk\\\/product\\\/kupit-zlate-flugels-250mg-extaza-pilulky\\\/#primaryimage\"},\"thumbnailUrl\":\"https:\\\/\\\/medicinasinc.com\\\/sk\\\/wp-content\\\/uploads\\\/sites\\\/10\\\/2022\\\/02\\\/buy-golden-flugels-250mg-ecstasy-pills-online.jpg\",\"datePublished\":\"2022-02-20T10:19:12+00:00\",\"dateModified\":\"2022-03-22T01:21:26+00:00\",\"description\":\"K\u00fapte si pilulky ext\u00e1zy golden flugels 250 mg na predaj online vo Ve\u013ekej Brit\u00e1nii, Eur\u00f3pe. K\u00fapi\u0165 drogy online \u2013 koka\u00edn, LSD, tr\u00e1va, XTC, MDMA a hero\u00edn XTC Golden Flugels 250 mg\",\"breadcrumb\":{\"@id\":\"https:\\\/\\\/medicinasinc.com\\\/sk\\\/product\\\/kupit-zlate-flugels-250mg-extaza-pilulky\\\/#breadcrumb\"},\"inLanguage\":\"en-US\",\"potentialAction\":[{\"@type\":\"ReadAction\",\"target\":[\"https:\\\/\\\/medicinasinc.com\\\/sk\\\/product\\\/kupit-zlate-flugels-250mg-extaza-pilulky\\\/\"]}]},{\"@type\":\"ImageObject\",\"inLanguage\":\"en-US\",\"@id\":\"https:\\\/\\\/medicinasinc.com\\\/sk\\\/product\\\/kupit-zlate-flugels-250mg-extaza-pilulky\\\/#primaryimage\",\"url\":\"https:\\\/\\\/medicinasinc.com\\\/sk\\\/wp-content\\\/uploads\\\/sites\\\/10\\\/2022\\\/02\\\/buy-golden-flugels-250mg-ecstasy-pills-online.jpg\",\"contentUrl\":\"https:\\\/\\\/medicinasinc.com\\\/sk\\\/wp-content\\\/uploads\\\/sites\\\/10\\\/2022\\\/02\\\/buy-golden-flugels-250mg-ecstasy-pills-online.jpg\",\"width\":600,\"height\":600},{\"@type\":\"BreadcrumbList\",\"@id\":\"https:\\\/\\\/medicinasinc.com\\\/sk\\\/product\\\/kupit-zlate-flugels-250mg-extaza-pilulky\\\/#breadcrumb\",\"itemListElement\":[{\"@type\":\"ListItem\",\"position\":1,\"name\":\"Obchod\",\"item\":\"https:\\\/\\\/medicinasinc.com\\\/sk\\\/obchod\\\/\"},{\"@type\":\"ListItem\",\"position\":2,\"name\":\"K\u00fapte si pilulky ext\u00e1zy 250 mg zlat\u00e9 chr\u00edpky\"}]},{\"@type\":\"WebSite\",\"@id\":\"https:\\\/\\\/medicinasinc.com\\\/sk\\\/#website\",\"url\":\"https:\\\/\\\/medicinasinc.com\\\/sk\\\/\",\"name\":\"Medicinas Inc\",\"description\":\"Health Medical Clinic\",\"potentialAction\":[{\"@type\":\"SearchAction\",\"target\":{\"@type\":\"EntryPoint\",\"urlTemplate\":\"https:\\\/\\\/medicinasinc.com\\\/sk\\\/?s={search_term_string}\"},\"query-input\":{\"@type\":\"PropertyValueSpecification\",\"valueRequired\":true,\"valueName\":\"search_term_string\"}}],\"inLanguage\":\"en-US\"}]}<\/script>\n<!-- \/ Yoast SEO plugin. -->","yoast_head_json":{"title":"K\u00fapte si pilulky ext\u00e1zy 250 mg zlat\u00e9 kr\u00eddelky - najlep\u0161ie najlep\u0161ie glob\u00e1lne lieky","description":"K\u00fapte si pilulky ext\u00e1zy golden flugels 250 mg na predaj online vo Ve\u013ekej Brit\u00e1nii, Eur\u00f3pe. K\u00fapi\u0165 drogy online \u2013 koka\u00edn, LSD, tr\u00e1va, XTC, MDMA a hero\u00edn XTC Golden Flugels 250 mg","robots":{"index":"index","follow":"follow","max-snippet":"max-snippet:-1","max-image-preview":"max-image-preview:large","max-video-preview":"max-video-preview:-1"},"canonical":"https:\/\/medicinasinc.com\/sk\/product\/kupit-zlate-flugels-250mg-extaza-pilulky\/","og_locale":"en_US","og_type":"article","og_title":"K\u00fapte si pilulky ext\u00e1zy 250 mg zlat\u00e9 kr\u00eddelky - najlep\u0161ie najlep\u0161ie glob\u00e1lne lieky","og_description":"K\u00fapte si pilulky ext\u00e1zy golden flugels 250 mg na predaj online vo Ve\u013ekej Brit\u00e1nii, Eur\u00f3pe. K\u00fapi\u0165 drogy online \u2013 koka\u00edn, LSD, tr\u00e1va, XTC, MDMA a hero\u00edn XTC Golden Flugels 250 mg","og_url":"https:\/\/medicinasinc.com\/sk\/product\/kupit-zlate-flugels-250mg-extaza-pilulky\/","og_site_name":"Medicinas Inc","article_modified_time":"2022-03-22T01:21:26+00:00","og_image":[{"width":600,"height":600,"url":"https:\/\/medicinasinc.com\/sk\/wp-content\/uploads\/sites\/10\/2022\/02\/buy-golden-flugels-250mg-ecstasy-pills-online.jpg","type":"image\/jpeg"}],"twitter_card":"summary_large_image","twitter_misc":{"Est. reading time":"1 minute"},"schema":{"@context":"https:\/\/schema.org","@graph":[{"@type":"WebPage","@id":"https:\/\/medicinasinc.com\/sk\/product\/kupit-zlate-flugels-250mg-extaza-pilulky\/","url":"https:\/\/medicinasinc.com\/sk\/product\/kupit-zlate-flugels-250mg-extaza-pilulky\/","name":"K\u00fapte si pilulky ext\u00e1zy 250 mg zlat\u00e9 kr\u00eddelky - najlep\u0161ie najlep\u0161ie glob\u00e1lne lieky","isPartOf":{"@id":"https:\/\/medicinasinc.com\/sk\/#website"},"primaryImageOfPage":{"@id":"https:\/\/medicinasinc.com\/sk\/product\/kupit-zlate-flugels-250mg-extaza-pilulky\/#primaryimage"},"image":{"@id":"https:\/\/medicinasinc.com\/sk\/product\/kupit-zlate-flugels-250mg-extaza-pilulky\/#primaryimage"},"thumbnailUrl":"https:\/\/medicinasinc.com\/sk\/wp-content\/uploads\/sites\/10\/2022\/02\/buy-golden-flugels-250mg-ecstasy-pills-online.jpg","datePublished":"2022-02-20T10:19:12+00:00","dateModified":"2022-03-22T01:21:26+00:00","description":"K\u00fapte si pilulky ext\u00e1zy golden flugels 250 mg na predaj online vo Ve\u013ekej Brit\u00e1nii, Eur\u00f3pe. K\u00fapi\u0165 drogy online \u2013 koka\u00edn, LSD, tr\u00e1va, XTC, MDMA a hero\u00edn XTC Golden Flugels 250 mg","breadcrumb":{"@id":"https:\/\/medicinasinc.com\/sk\/product\/kupit-zlate-flugels-250mg-extaza-pilulky\/#breadcrumb"},"inLanguage":"en-US","potentialAction":[{"@type":"ReadAction","target":["https:\/\/medicinasinc.com\/sk\/product\/kupit-zlate-flugels-250mg-extaza-pilulky\/"]}]},{"@type":"ImageObject","inLanguage":"en-US","@id":"https:\/\/medicinasinc.com\/sk\/product\/kupit-zlate-flugels-250mg-extaza-pilulky\/#primaryimage","url":"https:\/\/medicinasinc.com\/sk\/wp-content\/uploads\/sites\/10\/2022\/02\/buy-golden-flugels-250mg-ecstasy-pills-online.jpg","contentUrl":"https:\/\/medicinasinc.com\/sk\/wp-content\/uploads\/sites\/10\/2022\/02\/buy-golden-flugels-250mg-ecstasy-pills-online.jpg","width":600,"height":600},{"@type":"BreadcrumbList","@id":"https:\/\/medicinasinc.com\/sk\/product\/kupit-zlate-flugels-250mg-extaza-pilulky\/#breadcrumb","itemListElement":[{"@type":"ListItem","position":1,"name":"Obchod","item":"https:\/\/medicinasinc.com\/sk\/obchod\/"},{"@type":"ListItem","position":2,"name":"K\u00fapte si pilulky ext\u00e1zy 250 mg zlat\u00e9 chr\u00edpky"}]},{"@type":"WebSite","@id":"https:\/\/medicinasinc.com\/sk\/#website","url":"https:\/\/medicinasinc.com\/sk\/","name":"Medicinas Inc","description":"Health Medical Clinic","potentialAction":[{"@type":"SearchAction","target":{"@type":"EntryPoint","urlTemplate":"https:\/\/medicinasinc.com\/sk\/?s={search_term_string}"},"query-input":{"@type":"PropertyValueSpecification","valueRequired":true,"valueName":"search_term_string"}}],"inLanguage":"en-US"}]}},"_links":{"self":[{"href":"https:\/\/medicinasinc.com\/sk\/wp-json\/wp\/v2\/product\/4526","targetHints":{"allow":["GET"]}}],"collection":[{"href":"https:\/\/medicinasinc.com\/sk\/wp-json\/wp\/v2\/product"}],"about":[{"href":"https:\/\/medicinasinc.com\/sk\/wp-json\/wp\/v2\/types\/product"}],"replies":[{"embeddable":true,"href":"https:\/\/medicinasinc.com\/sk\/wp-json\/wp\/v2\/comments?post=4526"}],"wp:featuredmedia":[{"embeddable":true,"href":"https:\/\/medicinasinc.com\/sk\/wp-json\/wp\/v2\/media\/4556"}],"wp:attachment":[{"href":"https:\/\/medicinasinc.com\/sk\/wp-json\/wp\/v2\/media?parent=4526"}],"wp:term":[{"taxonomy":"product_brand","embeddable":true,"href":"https:\/\/medicinasinc.com\/sk\/wp-json\/wp\/v2\/product_brand?post=4526"},{"taxonomy":"product_cat","embeddable":true,"href":"https:\/\/medicinasinc.com\/sk\/wp-json\/wp\/v2\/product_cat?post=4526"},{"taxonomy":"product_tag","embeddable":true,"href":"https:\/\/medicinasinc.com\/sk\/wp-json\/wp\/v2\/product_tag?post=4526"}],"curies":[{"name":"wp","href":"https:\/\/api.w.org\/{rel}","templated":true}]}}