{"id":4478,"date":"2022-02-20T09:43:32","date_gmt":"2022-02-20T09:43:32","guid":{"rendered":"https:\/\/medicinasinc.com\/sk\/?post_type=product&#038;p=4478"},"modified":"2022-03-22T01:22:13","modified_gmt":"2022-03-22T01:22:13","slug":"kupit-twitter-240mg-extaza-pilulky","status":"publish","type":"product","link":"https:\/\/medicinasinc.com\/sk\/product\/kupit-twitter-240mg-extaza-pilulky\/","title":{"rendered":"K\u00fapte si tabletky ext\u00e1zy 240 mg na Twitteri"},"content":{"rendered":"<h1>Zak\u00fapte si tabletky ext\u00e1zy 240 mg online na Twitteri<\/h1>\n<p>Nak\u00fapte tabletky ext\u00e1zy 240 mg online na Twitteri najlep\u0161ie <a href=\"https:\/\/globalhomemed.com\/\">Global Med<\/a>! V\u0161etky produkty s\u00fa laborat\u00f3rne kvalifikovan\u00e9 a maj\u00fa pr\u00e9miov\u00fa kvalitu. R\u00fdchle a bezpe\u010dn\u00e9 dodanie do cel\u00e9ho sveta!<\/p>\n<div class=\"product-next-previous\">\n<div class=\"product-prev\"><\/div><\/div>\n","protected":false},"excerpt":{"rendered":"<p><em>K\u00fapte si<\/em>\u00a0Twitter\u00a0<em>240 mg tabletky ext\u00e1zy<\/em> online za dostupn\u00fa cenu v Best Global Meds! V\u0161etky produkty s\u00fa kvalifikovan\u00e9 v laborat\u00f3riu a maj\u00fa pr\u00e9miov\u00fa kvalitu.<\/p>\n<p>&nbsp;<\/p>\n","protected":false},"featured_media":4514,"comment_status":"open","ping_status":"closed","template":"","meta":[],"product_brand":[],"product_cat":[498],"product_tag":[],"class_list":{"0":"post-4478","1":"product","2":"type-product","3":"status-publish","4":"has-post-thumbnail","6":"product_cat-kupte-si-tabletky-na-extazu","8":"first","9":"instock","10":"shipping-taxable","11":"purchasable","12":"product-type-variable","13":"has-default-attributes"},"yoast_head":"<!-- This site is optimized with the Yoast SEO plugin v27.3 - https:\/\/yoast.com\/product\/yoast-seo-wordpress\/ -->\n<title>K\u00fapte si Twitter 240 mg tabletky ext\u00e1zy \u2013 najlep\u0161ie najlep\u0161ie glob\u00e1lne lieky<\/title>\n<meta name=\"description\" content=\"K\u00fapte si 240 mg tabletky ext\u00e1zy na Twitteri online za prijate\u013en\u00fa cenu v Gold Medications! V\u0161etky produkty s\u00fa laborat\u00f3rne kvalifikovan\u00e9 a maj\u00fa pr\u00e9miov\u00fa kvalitu.\" \/>\n<meta name=\"robots\" content=\"index, follow, max-snippet:-1, max-image-preview:large, max-video-preview:-1\" \/>\n<link rel=\"canonical\" href=\"https:\/\/medicinasinc.com\/sk\/product\/kupit-twitter-240mg-extaza-pilulky\/\" \/>\n<meta property=\"og:locale\" content=\"en_US\" \/>\n<meta property=\"og:type\" content=\"article\" \/>\n<meta property=\"og:title\" content=\"K\u00fapte si Twitter 240 mg tabletky ext\u00e1zy \u2013 najlep\u0161ie najlep\u0161ie glob\u00e1lne lieky\" \/>\n<meta property=\"og:description\" content=\"K\u00fapte si 240 mg tabletky ext\u00e1zy na Twitteri online za prijate\u013en\u00fa cenu v Gold Medications! V\u0161etky produkty s\u00fa laborat\u00f3rne kvalifikovan\u00e9 a maj\u00fa pr\u00e9miov\u00fa kvalitu.\" \/>\n<meta property=\"og:url\" content=\"https:\/\/medicinasinc.com\/sk\/product\/kupit-twitter-240mg-extaza-pilulky\/\" \/>\n<meta property=\"og:site_name\" content=\"Medicinas Inc\" \/>\n<meta property=\"article:modified_time\" content=\"2022-03-22T01:22:13+00:00\" \/>\n<meta property=\"og:image\" content=\"https:\/\/medicinasinc.com\/sk\/wp-content\/uploads\/sites\/10\/2022\/02\/Purchase-Twitter-240mg-Ecstasy-Pills-1-scaled-1.jpg\" \/>\n\t<meta property=\"og:image:width\" content=\"1920\" \/>\n\t<meta property=\"og:image:height\" content=\"2560\" \/>\n\t<meta property=\"og:image:type\" content=\"image\/jpeg\" \/>\n<meta name=\"twitter:card\" content=\"summary_large_image\" \/>\n<meta name=\"twitter:label1\" content=\"Est. reading time\" \/>\n\t<meta name=\"twitter:data1\" content=\"1 minute\" \/>\n<script type=\"application\/ld+json\" class=\"yoast-schema-graph\">{\"@context\":\"https:\\\/\\\/schema.org\",\"@graph\":[{\"@type\":\"WebPage\",\"@id\":\"https:\\\/\\\/medicinasinc.com\\\/sk\\\/product\\\/kupit-twitter-240mg-extaza-pilulky\\\/\",\"url\":\"https:\\\/\\\/medicinasinc.com\\\/sk\\\/product\\\/kupit-twitter-240mg-extaza-pilulky\\\/\",\"name\":\"K\u00fapte si Twitter 240 mg tabletky ext\u00e1zy \u2013 najlep\u0161ie najlep\u0161ie glob\u00e1lne lieky\",\"isPartOf\":{\"@id\":\"https:\\\/\\\/medicinasinc.com\\\/sk\\\/#website\"},\"primaryImageOfPage\":{\"@id\":\"https:\\\/\\\/medicinasinc.com\\\/sk\\\/product\\\/kupit-twitter-240mg-extaza-pilulky\\\/#primaryimage\"},\"image\":{\"@id\":\"https:\\\/\\\/medicinasinc.com\\\/sk\\\/product\\\/kupit-twitter-240mg-extaza-pilulky\\\/#primaryimage\"},\"thumbnailUrl\":\"https:\\\/\\\/medicinasinc.com\\\/sk\\\/wp-content\\\/uploads\\\/sites\\\/10\\\/2022\\\/02\\\/Purchase-Twitter-240mg-Ecstasy-Pills-1-scaled-1.jpg\",\"datePublished\":\"2022-02-20T09:43:32+00:00\",\"dateModified\":\"2022-03-22T01:22:13+00:00\",\"description\":\"K\u00fapte si 240 mg tabletky ext\u00e1zy na Twitteri online za prijate\u013en\u00fa cenu v Gold Medications! V\u0161etky produkty s\u00fa laborat\u00f3rne kvalifikovan\u00e9 a maj\u00fa pr\u00e9miov\u00fa kvalitu.\",\"breadcrumb\":{\"@id\":\"https:\\\/\\\/medicinasinc.com\\\/sk\\\/product\\\/kupit-twitter-240mg-extaza-pilulky\\\/#breadcrumb\"},\"inLanguage\":\"en-US\",\"potentialAction\":[{\"@type\":\"ReadAction\",\"target\":[\"https:\\\/\\\/medicinasinc.com\\\/sk\\\/product\\\/kupit-twitter-240mg-extaza-pilulky\\\/\"]}]},{\"@type\":\"ImageObject\",\"inLanguage\":\"en-US\",\"@id\":\"https:\\\/\\\/medicinasinc.com\\\/sk\\\/product\\\/kupit-twitter-240mg-extaza-pilulky\\\/#primaryimage\",\"url\":\"https:\\\/\\\/medicinasinc.com\\\/sk\\\/wp-content\\\/uploads\\\/sites\\\/10\\\/2022\\\/02\\\/Purchase-Twitter-240mg-Ecstasy-Pills-1-scaled-1.jpg\",\"contentUrl\":\"https:\\\/\\\/medicinasinc.com\\\/sk\\\/wp-content\\\/uploads\\\/sites\\\/10\\\/2022\\\/02\\\/Purchase-Twitter-240mg-Ecstasy-Pills-1-scaled-1.jpg\",\"width\":1920,\"height\":2560},{\"@type\":\"BreadcrumbList\",\"@id\":\"https:\\\/\\\/medicinasinc.com\\\/sk\\\/product\\\/kupit-twitter-240mg-extaza-pilulky\\\/#breadcrumb\",\"itemListElement\":[{\"@type\":\"ListItem\",\"position\":1,\"name\":\"Obchod\",\"item\":\"https:\\\/\\\/medicinasinc.com\\\/sk\\\/obchod\\\/\"},{\"@type\":\"ListItem\",\"position\":2,\"name\":\"K\u00fapte si tabletky ext\u00e1zy 240 mg na Twitteri\"}]},{\"@type\":\"WebSite\",\"@id\":\"https:\\\/\\\/medicinasinc.com\\\/sk\\\/#website\",\"url\":\"https:\\\/\\\/medicinasinc.com\\\/sk\\\/\",\"name\":\"Medicinas Inc\",\"description\":\"Health Medical Clinic\",\"potentialAction\":[{\"@type\":\"SearchAction\",\"target\":{\"@type\":\"EntryPoint\",\"urlTemplate\":\"https:\\\/\\\/medicinasinc.com\\\/sk\\\/?s={search_term_string}\"},\"query-input\":{\"@type\":\"PropertyValueSpecification\",\"valueRequired\":true,\"valueName\":\"search_term_string\"}}],\"inLanguage\":\"en-US\"}]}<\/script>\n<!-- \/ Yoast SEO plugin. -->","yoast_head_json":{"title":"K\u00fapte si Twitter 240 mg tabletky ext\u00e1zy \u2013 najlep\u0161ie najlep\u0161ie glob\u00e1lne lieky","description":"K\u00fapte si 240 mg tabletky ext\u00e1zy na Twitteri online za prijate\u013en\u00fa cenu v Gold Medications! V\u0161etky produkty s\u00fa laborat\u00f3rne kvalifikovan\u00e9 a maj\u00fa pr\u00e9miov\u00fa kvalitu.","robots":{"index":"index","follow":"follow","max-snippet":"max-snippet:-1","max-image-preview":"max-image-preview:large","max-video-preview":"max-video-preview:-1"},"canonical":"https:\/\/medicinasinc.com\/sk\/product\/kupit-twitter-240mg-extaza-pilulky\/","og_locale":"en_US","og_type":"article","og_title":"K\u00fapte si Twitter 240 mg tabletky ext\u00e1zy \u2013 najlep\u0161ie najlep\u0161ie glob\u00e1lne lieky","og_description":"K\u00fapte si 240 mg tabletky ext\u00e1zy na Twitteri online za prijate\u013en\u00fa cenu v Gold Medications! V\u0161etky produkty s\u00fa laborat\u00f3rne kvalifikovan\u00e9 a maj\u00fa pr\u00e9miov\u00fa kvalitu.","og_url":"https:\/\/medicinasinc.com\/sk\/product\/kupit-twitter-240mg-extaza-pilulky\/","og_site_name":"Medicinas Inc","article_modified_time":"2022-03-22T01:22:13+00:00","og_image":[{"width":1920,"height":2560,"url":"https:\/\/medicinasinc.com\/sk\/wp-content\/uploads\/sites\/10\/2022\/02\/Purchase-Twitter-240mg-Ecstasy-Pills-1-scaled-1.jpg","type":"image\/jpeg"}],"twitter_card":"summary_large_image","twitter_misc":{"Est. reading time":"1 minute"},"schema":{"@context":"https:\/\/schema.org","@graph":[{"@type":"WebPage","@id":"https:\/\/medicinasinc.com\/sk\/product\/kupit-twitter-240mg-extaza-pilulky\/","url":"https:\/\/medicinasinc.com\/sk\/product\/kupit-twitter-240mg-extaza-pilulky\/","name":"K\u00fapte si Twitter 240 mg tabletky ext\u00e1zy \u2013 najlep\u0161ie najlep\u0161ie glob\u00e1lne lieky","isPartOf":{"@id":"https:\/\/medicinasinc.com\/sk\/#website"},"primaryImageOfPage":{"@id":"https:\/\/medicinasinc.com\/sk\/product\/kupit-twitter-240mg-extaza-pilulky\/#primaryimage"},"image":{"@id":"https:\/\/medicinasinc.com\/sk\/product\/kupit-twitter-240mg-extaza-pilulky\/#primaryimage"},"thumbnailUrl":"https:\/\/medicinasinc.com\/sk\/wp-content\/uploads\/sites\/10\/2022\/02\/Purchase-Twitter-240mg-Ecstasy-Pills-1-scaled-1.jpg","datePublished":"2022-02-20T09:43:32+00:00","dateModified":"2022-03-22T01:22:13+00:00","description":"K\u00fapte si 240 mg tabletky ext\u00e1zy na Twitteri online za prijate\u013en\u00fa cenu v Gold Medications! V\u0161etky produkty s\u00fa laborat\u00f3rne kvalifikovan\u00e9 a maj\u00fa pr\u00e9miov\u00fa kvalitu.","breadcrumb":{"@id":"https:\/\/medicinasinc.com\/sk\/product\/kupit-twitter-240mg-extaza-pilulky\/#breadcrumb"},"inLanguage":"en-US","potentialAction":[{"@type":"ReadAction","target":["https:\/\/medicinasinc.com\/sk\/product\/kupit-twitter-240mg-extaza-pilulky\/"]}]},{"@type":"ImageObject","inLanguage":"en-US","@id":"https:\/\/medicinasinc.com\/sk\/product\/kupit-twitter-240mg-extaza-pilulky\/#primaryimage","url":"https:\/\/medicinasinc.com\/sk\/wp-content\/uploads\/sites\/10\/2022\/02\/Purchase-Twitter-240mg-Ecstasy-Pills-1-scaled-1.jpg","contentUrl":"https:\/\/medicinasinc.com\/sk\/wp-content\/uploads\/sites\/10\/2022\/02\/Purchase-Twitter-240mg-Ecstasy-Pills-1-scaled-1.jpg","width":1920,"height":2560},{"@type":"BreadcrumbList","@id":"https:\/\/medicinasinc.com\/sk\/product\/kupit-twitter-240mg-extaza-pilulky\/#breadcrumb","itemListElement":[{"@type":"ListItem","position":1,"name":"Obchod","item":"https:\/\/medicinasinc.com\/sk\/obchod\/"},{"@type":"ListItem","position":2,"name":"K\u00fapte si tabletky ext\u00e1zy 240 mg na Twitteri"}]},{"@type":"WebSite","@id":"https:\/\/medicinasinc.com\/sk\/#website","url":"https:\/\/medicinasinc.com\/sk\/","name":"Medicinas Inc","description":"Health Medical Clinic","potentialAction":[{"@type":"SearchAction","target":{"@type":"EntryPoint","urlTemplate":"https:\/\/medicinasinc.com\/sk\/?s={search_term_string}"},"query-input":{"@type":"PropertyValueSpecification","valueRequired":true,"valueName":"search_term_string"}}],"inLanguage":"en-US"}]}},"_links":{"self":[{"href":"https:\/\/medicinasinc.com\/sk\/wp-json\/wp\/v2\/product\/4478","targetHints":{"allow":["GET"]}}],"collection":[{"href":"https:\/\/medicinasinc.com\/sk\/wp-json\/wp\/v2\/product"}],"about":[{"href":"https:\/\/medicinasinc.com\/sk\/wp-json\/wp\/v2\/types\/product"}],"replies":[{"embeddable":true,"href":"https:\/\/medicinasinc.com\/sk\/wp-json\/wp\/v2\/comments?post=4478"}],"wp:featuredmedia":[{"embeddable":true,"href":"https:\/\/medicinasinc.com\/sk\/wp-json\/wp\/v2\/media\/4514"}],"wp:attachment":[{"href":"https:\/\/medicinasinc.com\/sk\/wp-json\/wp\/v2\/media?parent=4478"}],"wp:term":[{"taxonomy":"product_brand","embeddable":true,"href":"https:\/\/medicinasinc.com\/sk\/wp-json\/wp\/v2\/product_brand?post=4478"},{"taxonomy":"product_cat","embeddable":true,"href":"https:\/\/medicinasinc.com\/sk\/wp-json\/wp\/v2\/product_cat?post=4478"},{"taxonomy":"product_tag","embeddable":true,"href":"https:\/\/medicinasinc.com\/sk\/wp-json\/wp\/v2\/product_tag?post=4478"}],"curies":[{"name":"wp","href":"https:\/\/api.w.org\/{rel}","templated":true}]}}