{"id":4469,"date":"2022-02-20T09:37:11","date_gmt":"2022-02-20T09:37:11","guid":{"rendered":"https:\/\/medicinasinc.com\/sk\/?post_type=product&#038;p=4469"},"modified":"2022-03-22T01:22:25","modified_gmt":"2022-03-22T01:22:25","slug":"kupit-tussionex-sirup-proti-kaslu","status":"publish","type":"product","link":"https:\/\/medicinasinc.com\/sk\/product\/kupit-tussionex-sirup-proti-kaslu\/","title":{"rendered":"K\u00fapte si sirup proti ka\u0161\u013eu Tussionex"},"content":{"rendered":"<h1>k\u00fapte si sirup proti ka\u0161\u013eu Tussionex online.<\/h1>\n<p>k\u00fapte si sirup proti ka\u0161\u013eu Tussionex online. M\u00e1me na predaj r\u00f4zne sirupy proti ka\u0161\u013eu na sirup proti ka\u0161\u013eu, ako je Actavis na predaj.<\/p>\n","protected":false},"excerpt":{"rendered":"<div class=\"woocommerce-product-details__short-description\">\n<p>K\u00fapte si tussionex sirup proti ka\u0161\u013eu na predaj online vo Ve\u013ekej Brit\u00e1nii, Eur\u00f3pe. hydrokod\u00f3n polistirex a chl\u00f3rfeniram\u00edn polistirex na predaj tu za ve\u013emi prijate\u013en\u00e9 ceny. Pr\u00ed\u010fte a objednajte si teraz.<\/p>\n<\/p><\/div>\n","protected":false},"featured_media":4505,"comment_status":"open","ping_status":"closed","template":"","meta":[],"product_brand":[],"product_cat":[497],"product_tag":[],"class_list":{"0":"post-4469","1":"product","2":"type-product","3":"status-publish","4":"has-post-thumbnail","6":"product_cat-kpi-sirup-proti-kau","8":"first","9":"instock","10":"shipping-taxable","11":"purchasable","12":"product-type-variable","13":"has-default-attributes"},"yoast_head":"<!-- This site is optimized with the Yoast SEO plugin v27.3 - https:\/\/yoast.com\/product\/yoast-seo-wordpress\/ -->\n<title>K\u00fapte si Tussionex sirup proti ka\u0161\u013eu - najlep\u0161ie najlep\u0161ie glob\u00e1lne lieky<\/title>\n<meta name=\"description\" content=\"K\u00fapi\u0165 tussionex sirup proti ka\u0161\u013eu na predaj Spojen\u00e9 kr\u00e1\u013eovstvo, Eur\u00f3pa online. hydrokod\u00f3n polistirex a chl\u00f3rfeniram\u00edn polistirex na predaj tu za ve\u013emi prijate\u013en\u00e9 ceny. Pr\u00ed\u010fte a objednajte si teraz.\" \/>\n<meta name=\"robots\" content=\"index, follow, max-snippet:-1, max-image-preview:large, max-video-preview:-1\" \/>\n<link rel=\"canonical\" href=\"https:\/\/medicinasinc.com\/sk\/product\/kupit-tussionex-sirup-proti-kaslu\/\" \/>\n<meta property=\"og:locale\" content=\"en_US\" \/>\n<meta property=\"og:type\" content=\"article\" \/>\n<meta property=\"og:title\" content=\"K\u00fapte si Tussionex sirup proti ka\u0161\u013eu - najlep\u0161ie najlep\u0161ie glob\u00e1lne lieky\" \/>\n<meta property=\"og:description\" content=\"K\u00fapi\u0165 tussionex sirup proti ka\u0161\u013eu na predaj Spojen\u00e9 kr\u00e1\u013eovstvo, Eur\u00f3pa online. hydrokod\u00f3n polistirex a chl\u00f3rfeniram\u00edn polistirex na predaj tu za ve\u013emi prijate\u013en\u00e9 ceny. Pr\u00ed\u010fte a objednajte si teraz.\" \/>\n<meta property=\"og:url\" content=\"https:\/\/medicinasinc.com\/sk\/product\/kupit-tussionex-sirup-proti-kaslu\/\" \/>\n<meta property=\"og:site_name\" content=\"Medicinas Inc\" \/>\n<meta property=\"article:modified_time\" content=\"2022-03-22T01:22:25+00:00\" \/>\n<meta property=\"og:image\" content=\"https:\/\/medicinasinc.com\/sk\/wp-content\/uploads\/sites\/10\/2022\/02\/buy-tussionex-cough-syrup-online.jpg\" \/>\n\t<meta property=\"og:image:width\" content=\"600\" \/>\n\t<meta property=\"og:image:height\" content=\"600\" \/>\n\t<meta property=\"og:image:type\" content=\"image\/jpeg\" \/>\n<meta name=\"twitter:card\" content=\"summary_large_image\" \/>\n<meta name=\"twitter:label1\" content=\"Est. reading time\" \/>\n\t<meta name=\"twitter:data1\" content=\"1 minute\" \/>\n<script type=\"application\/ld+json\" class=\"yoast-schema-graph\">{\"@context\":\"https:\\\/\\\/schema.org\",\"@graph\":[{\"@type\":\"WebPage\",\"@id\":\"https:\\\/\\\/medicinasinc.com\\\/sk\\\/product\\\/kupit-tussionex-sirup-proti-kaslu\\\/\",\"url\":\"https:\\\/\\\/medicinasinc.com\\\/sk\\\/product\\\/kupit-tussionex-sirup-proti-kaslu\\\/\",\"name\":\"K\u00fapte si Tussionex sirup proti ka\u0161\u013eu - najlep\u0161ie najlep\u0161ie glob\u00e1lne lieky\",\"isPartOf\":{\"@id\":\"https:\\\/\\\/medicinasinc.com\\\/sk\\\/#website\"},\"primaryImageOfPage\":{\"@id\":\"https:\\\/\\\/medicinasinc.com\\\/sk\\\/product\\\/kupit-tussionex-sirup-proti-kaslu\\\/#primaryimage\"},\"image\":{\"@id\":\"https:\\\/\\\/medicinasinc.com\\\/sk\\\/product\\\/kupit-tussionex-sirup-proti-kaslu\\\/#primaryimage\"},\"thumbnailUrl\":\"https:\\\/\\\/medicinasinc.com\\\/sk\\\/wp-content\\\/uploads\\\/sites\\\/10\\\/2022\\\/02\\\/buy-tussionex-cough-syrup-online.jpg\",\"datePublished\":\"2022-02-20T09:37:11+00:00\",\"dateModified\":\"2022-03-22T01:22:25+00:00\",\"description\":\"K\u00fapi\u0165 tussionex sirup proti ka\u0161\u013eu na predaj Spojen\u00e9 kr\u00e1\u013eovstvo, Eur\u00f3pa online. hydrokod\u00f3n polistirex a chl\u00f3rfeniram\u00edn polistirex na predaj tu za ve\u013emi prijate\u013en\u00e9 ceny. Pr\u00ed\u010fte a objednajte si teraz.\",\"breadcrumb\":{\"@id\":\"https:\\\/\\\/medicinasinc.com\\\/sk\\\/product\\\/kupit-tussionex-sirup-proti-kaslu\\\/#breadcrumb\"},\"inLanguage\":\"en-US\",\"potentialAction\":[{\"@type\":\"ReadAction\",\"target\":[\"https:\\\/\\\/medicinasinc.com\\\/sk\\\/product\\\/kupit-tussionex-sirup-proti-kaslu\\\/\"]}]},{\"@type\":\"ImageObject\",\"inLanguage\":\"en-US\",\"@id\":\"https:\\\/\\\/medicinasinc.com\\\/sk\\\/product\\\/kupit-tussionex-sirup-proti-kaslu\\\/#primaryimage\",\"url\":\"https:\\\/\\\/medicinasinc.com\\\/sk\\\/wp-content\\\/uploads\\\/sites\\\/10\\\/2022\\\/02\\\/buy-tussionex-cough-syrup-online.jpg\",\"contentUrl\":\"https:\\\/\\\/medicinasinc.com\\\/sk\\\/wp-content\\\/uploads\\\/sites\\\/10\\\/2022\\\/02\\\/buy-tussionex-cough-syrup-online.jpg\",\"width\":600,\"height\":600},{\"@type\":\"BreadcrumbList\",\"@id\":\"https:\\\/\\\/medicinasinc.com\\\/sk\\\/product\\\/kupit-tussionex-sirup-proti-kaslu\\\/#breadcrumb\",\"itemListElement\":[{\"@type\":\"ListItem\",\"position\":1,\"name\":\"Obchod\",\"item\":\"https:\\\/\\\/medicinasinc.com\\\/sk\\\/obchod\\\/\"},{\"@type\":\"ListItem\",\"position\":2,\"name\":\"K\u00fapte si sirup proti ka\u0161\u013eu Tussionex\"}]},{\"@type\":\"WebSite\",\"@id\":\"https:\\\/\\\/medicinasinc.com\\\/sk\\\/#website\",\"url\":\"https:\\\/\\\/medicinasinc.com\\\/sk\\\/\",\"name\":\"Medicinas Inc\",\"description\":\"Health Medical Clinic\",\"potentialAction\":[{\"@type\":\"SearchAction\",\"target\":{\"@type\":\"EntryPoint\",\"urlTemplate\":\"https:\\\/\\\/medicinasinc.com\\\/sk\\\/?s={search_term_string}\"},\"query-input\":{\"@type\":\"PropertyValueSpecification\",\"valueRequired\":true,\"valueName\":\"search_term_string\"}}],\"inLanguage\":\"en-US\"}]}<\/script>\n<!-- \/ Yoast SEO plugin. -->","yoast_head_json":{"title":"K\u00fapte si Tussionex sirup proti ka\u0161\u013eu - najlep\u0161ie najlep\u0161ie glob\u00e1lne lieky","description":"K\u00fapi\u0165 tussionex sirup proti ka\u0161\u013eu na predaj Spojen\u00e9 kr\u00e1\u013eovstvo, Eur\u00f3pa online. hydrokod\u00f3n polistirex a chl\u00f3rfeniram\u00edn polistirex na predaj tu za ve\u013emi prijate\u013en\u00e9 ceny. Pr\u00ed\u010fte a objednajte si teraz.","robots":{"index":"index","follow":"follow","max-snippet":"max-snippet:-1","max-image-preview":"max-image-preview:large","max-video-preview":"max-video-preview:-1"},"canonical":"https:\/\/medicinasinc.com\/sk\/product\/kupit-tussionex-sirup-proti-kaslu\/","og_locale":"en_US","og_type":"article","og_title":"K\u00fapte si Tussionex sirup proti ka\u0161\u013eu - najlep\u0161ie najlep\u0161ie glob\u00e1lne lieky","og_description":"K\u00fapi\u0165 tussionex sirup proti ka\u0161\u013eu na predaj Spojen\u00e9 kr\u00e1\u013eovstvo, Eur\u00f3pa online. hydrokod\u00f3n polistirex a chl\u00f3rfeniram\u00edn polistirex na predaj tu za ve\u013emi prijate\u013en\u00e9 ceny. Pr\u00ed\u010fte a objednajte si teraz.","og_url":"https:\/\/medicinasinc.com\/sk\/product\/kupit-tussionex-sirup-proti-kaslu\/","og_site_name":"Medicinas Inc","article_modified_time":"2022-03-22T01:22:25+00:00","og_image":[{"width":600,"height":600,"url":"https:\/\/medicinasinc.com\/sk\/wp-content\/uploads\/sites\/10\/2022\/02\/buy-tussionex-cough-syrup-online.jpg","type":"image\/jpeg"}],"twitter_card":"summary_large_image","twitter_misc":{"Est. reading time":"1 minute"},"schema":{"@context":"https:\/\/schema.org","@graph":[{"@type":"WebPage","@id":"https:\/\/medicinasinc.com\/sk\/product\/kupit-tussionex-sirup-proti-kaslu\/","url":"https:\/\/medicinasinc.com\/sk\/product\/kupit-tussionex-sirup-proti-kaslu\/","name":"K\u00fapte si Tussionex sirup proti ka\u0161\u013eu - najlep\u0161ie najlep\u0161ie glob\u00e1lne lieky","isPartOf":{"@id":"https:\/\/medicinasinc.com\/sk\/#website"},"primaryImageOfPage":{"@id":"https:\/\/medicinasinc.com\/sk\/product\/kupit-tussionex-sirup-proti-kaslu\/#primaryimage"},"image":{"@id":"https:\/\/medicinasinc.com\/sk\/product\/kupit-tussionex-sirup-proti-kaslu\/#primaryimage"},"thumbnailUrl":"https:\/\/medicinasinc.com\/sk\/wp-content\/uploads\/sites\/10\/2022\/02\/buy-tussionex-cough-syrup-online.jpg","datePublished":"2022-02-20T09:37:11+00:00","dateModified":"2022-03-22T01:22:25+00:00","description":"K\u00fapi\u0165 tussionex sirup proti ka\u0161\u013eu na predaj Spojen\u00e9 kr\u00e1\u013eovstvo, Eur\u00f3pa online. hydrokod\u00f3n polistirex a chl\u00f3rfeniram\u00edn polistirex na predaj tu za ve\u013emi prijate\u013en\u00e9 ceny. Pr\u00ed\u010fte a objednajte si teraz.","breadcrumb":{"@id":"https:\/\/medicinasinc.com\/sk\/product\/kupit-tussionex-sirup-proti-kaslu\/#breadcrumb"},"inLanguage":"en-US","potentialAction":[{"@type":"ReadAction","target":["https:\/\/medicinasinc.com\/sk\/product\/kupit-tussionex-sirup-proti-kaslu\/"]}]},{"@type":"ImageObject","inLanguage":"en-US","@id":"https:\/\/medicinasinc.com\/sk\/product\/kupit-tussionex-sirup-proti-kaslu\/#primaryimage","url":"https:\/\/medicinasinc.com\/sk\/wp-content\/uploads\/sites\/10\/2022\/02\/buy-tussionex-cough-syrup-online.jpg","contentUrl":"https:\/\/medicinasinc.com\/sk\/wp-content\/uploads\/sites\/10\/2022\/02\/buy-tussionex-cough-syrup-online.jpg","width":600,"height":600},{"@type":"BreadcrumbList","@id":"https:\/\/medicinasinc.com\/sk\/product\/kupit-tussionex-sirup-proti-kaslu\/#breadcrumb","itemListElement":[{"@type":"ListItem","position":1,"name":"Obchod","item":"https:\/\/medicinasinc.com\/sk\/obchod\/"},{"@type":"ListItem","position":2,"name":"K\u00fapte si sirup proti ka\u0161\u013eu Tussionex"}]},{"@type":"WebSite","@id":"https:\/\/medicinasinc.com\/sk\/#website","url":"https:\/\/medicinasinc.com\/sk\/","name":"Medicinas Inc","description":"Health Medical Clinic","potentialAction":[{"@type":"SearchAction","target":{"@type":"EntryPoint","urlTemplate":"https:\/\/medicinasinc.com\/sk\/?s={search_term_string}"},"query-input":{"@type":"PropertyValueSpecification","valueRequired":true,"valueName":"search_term_string"}}],"inLanguage":"en-US"}]}},"_links":{"self":[{"href":"https:\/\/medicinasinc.com\/sk\/wp-json\/wp\/v2\/product\/4469","targetHints":{"allow":["GET"]}}],"collection":[{"href":"https:\/\/medicinasinc.com\/sk\/wp-json\/wp\/v2\/product"}],"about":[{"href":"https:\/\/medicinasinc.com\/sk\/wp-json\/wp\/v2\/types\/product"}],"replies":[{"embeddable":true,"href":"https:\/\/medicinasinc.com\/sk\/wp-json\/wp\/v2\/comments?post=4469"}],"wp:featuredmedia":[{"embeddable":true,"href":"https:\/\/medicinasinc.com\/sk\/wp-json\/wp\/v2\/media\/4505"}],"wp:attachment":[{"href":"https:\/\/medicinasinc.com\/sk\/wp-json\/wp\/v2\/media?parent=4469"}],"wp:term":[{"taxonomy":"product_brand","embeddable":true,"href":"https:\/\/medicinasinc.com\/sk\/wp-json\/wp\/v2\/product_brand?post=4469"},{"taxonomy":"product_cat","embeddable":true,"href":"https:\/\/medicinasinc.com\/sk\/wp-json\/wp\/v2\/product_cat?post=4469"},{"taxonomy":"product_tag","embeddable":true,"href":"https:\/\/medicinasinc.com\/sk\/wp-json\/wp\/v2\/product_tag?post=4469"}],"curies":[{"name":"wp","href":"https:\/\/api.w.org\/{rel}","templated":true}]}}