{"id":4460,"date":"2022-02-20T09:31:07","date_gmt":"2022-02-20T09:31:07","guid":{"rendered":"https:\/\/medicinasinc.com\/sk\/?post_type=product&#038;p=4460"},"modified":"2022-03-22T01:22:43","modified_gmt":"2022-03-22T01:22:43","slug":"kupit-prometazin-sirup","status":"publish","type":"product","link":"https:\/\/medicinasinc.com\/sk\/product\/kupit-prometazin-sirup\/","title":{"rendered":"K\u00fapte si prometaz\u00ednov\u00fd sirup"},"content":{"rendered":"<h1>K\u00fapte si prometaz\u00ednov\u00fd DM sirup Qualitest.<\/h1>\n<p>K\u00fapte si prometaz\u00ednov\u00fd DM sirup Qualitest. M\u00e1me aj kry\u0161t\u00e1lov\u00fd pervit\u00edn. V\u00e4\u010d\u0161ina na\u0161ich v\u00fdskumn\u00fdch chemik\u00e1li\u00ed \u00faspe\u0161ne pre\u0161la postupmi kontroly kvality.<\/p>\n","protected":false},"excerpt":{"rendered":"<p>K\u00fapi\u0165 prometaz\u00ednov\u00fd sirup na predaj Ve\u013ek\u00e1 Brit\u00e1nia, Eur\u00f3pa. Garantovan\u00e9 najni\u017e\u0161ie ceny. diskr\u00e9tna doprava! Najlep\u0161ie glob\u00e1lne lieky. Lacn\u00fd generick\u00fd kode\u00edn.<\/p>\n<p>K\u00fapte si prometaz\u00ednov\u00fd DM sirup od Qualitest.<\/p>\n<p>Prometaz\u00ednov\u00fd DM sirup od Qualitest\u2026<\/p>\n<p>Prometaz\u00edn (Phenergan\u00ae) s kode\u00ednov\u00fdm sirupom 6,25 mg\/10 mg na 5 ml, 473 ml f\u013ea\u0161u<\/p>\n","protected":false},"featured_media":4495,"comment_status":"open","ping_status":"closed","template":"","meta":[],"product_brand":[],"product_cat":[497],"product_tag":[],"class_list":{"0":"post-4460","1":"product","2":"type-product","3":"status-publish","4":"has-post-thumbnail","6":"product_cat-kpi-sirup-proti-kau","8":"first","9":"instock","10":"shipping-taxable","11":"purchasable","12":"product-type-variable"},"yoast_head":"<!-- This site is optimized with the Yoast SEO plugin v27.3 - https:\/\/yoast.com\/product\/yoast-seo-wordpress\/ -->\n<title>K\u00fapte si prometaz\u00ednov\u00fd sirup \u2013 najlep\u0161ie najlep\u0161ie glob\u00e1lne lieky<\/title>\n<meta name=\"description\" content=\"K\u00fapi\u0165 prometaz\u00ednov\u00fd sirup na predaj Ve\u013ek\u00e1 Brit\u00e1nia, Eur\u00f3pa. Garantovan\u00e9 najni\u017e\u0161ie ceny. diskr\u00e9tna doprava! Najlep\u0161ie glob\u00e1lne lieky. Lacn\u00fd generick\u00fd kode\u00edn.\" \/>\n<meta name=\"robots\" content=\"index, follow, max-snippet:-1, max-image-preview:large, max-video-preview:-1\" \/>\n<link rel=\"canonical\" href=\"https:\/\/medicinasinc.com\/sk\/product\/kupit-prometazin-sirup\/\" \/>\n<meta property=\"og:locale\" content=\"en_US\" \/>\n<meta property=\"og:type\" content=\"article\" \/>\n<meta property=\"og:title\" content=\"K\u00fapte si prometaz\u00ednov\u00fd sirup \u2013 najlep\u0161ie najlep\u0161ie glob\u00e1lne lieky\" \/>\n<meta property=\"og:description\" content=\"K\u00fapi\u0165 prometaz\u00ednov\u00fd sirup na predaj Ve\u013ek\u00e1 Brit\u00e1nia, Eur\u00f3pa. Garantovan\u00e9 najni\u017e\u0161ie ceny. diskr\u00e9tna doprava! Najlep\u0161ie glob\u00e1lne lieky. Lacn\u00fd generick\u00fd kode\u00edn.\" \/>\n<meta property=\"og:url\" content=\"https:\/\/medicinasinc.com\/sk\/product\/kupit-prometazin-sirup\/\" \/>\n<meta property=\"og:site_name\" content=\"Medicinas Inc\" \/>\n<meta property=\"article:modified_time\" content=\"2022-03-22T01:22:43+00:00\" \/>\n<meta property=\"og:image\" content=\"https:\/\/medicinasinc.com\/sk\/wp-content\/uploads\/sites\/10\/2022\/02\/buy-promethazine-dm-syrup-qualitest.jpg\" \/>\n\t<meta property=\"og:image:width\" content=\"600\" \/>\n\t<meta property=\"og:image:height\" content=\"600\" \/>\n\t<meta property=\"og:image:type\" content=\"image\/jpeg\" \/>\n<meta name=\"twitter:card\" content=\"summary_large_image\" \/>\n<meta name=\"twitter:label1\" content=\"Est. reading time\" \/>\n\t<meta name=\"twitter:data1\" content=\"1 minute\" \/>\n<script type=\"application\/ld+json\" class=\"yoast-schema-graph\">{\"@context\":\"https:\\\/\\\/schema.org\",\"@graph\":[{\"@type\":\"WebPage\",\"@id\":\"https:\\\/\\\/medicinasinc.com\\\/sk\\\/product\\\/kupit-prometazin-sirup\\\/\",\"url\":\"https:\\\/\\\/medicinasinc.com\\\/sk\\\/product\\\/kupit-prometazin-sirup\\\/\",\"name\":\"K\u00fapte si prometaz\u00ednov\u00fd sirup \u2013 najlep\u0161ie najlep\u0161ie glob\u00e1lne lieky\",\"isPartOf\":{\"@id\":\"https:\\\/\\\/medicinasinc.com\\\/sk\\\/#website\"},\"primaryImageOfPage\":{\"@id\":\"https:\\\/\\\/medicinasinc.com\\\/sk\\\/product\\\/kupit-prometazin-sirup\\\/#primaryimage\"},\"image\":{\"@id\":\"https:\\\/\\\/medicinasinc.com\\\/sk\\\/product\\\/kupit-prometazin-sirup\\\/#primaryimage\"},\"thumbnailUrl\":\"https:\\\/\\\/medicinasinc.com\\\/sk\\\/wp-content\\\/uploads\\\/sites\\\/10\\\/2022\\\/02\\\/buy-promethazine-dm-syrup-qualitest.jpg\",\"datePublished\":\"2022-02-20T09:31:07+00:00\",\"dateModified\":\"2022-03-22T01:22:43+00:00\",\"description\":\"K\u00fapi\u0165 prometaz\u00ednov\u00fd sirup na predaj Ve\u013ek\u00e1 Brit\u00e1nia, Eur\u00f3pa. Garantovan\u00e9 najni\u017e\u0161ie ceny. diskr\u00e9tna doprava! Najlep\u0161ie glob\u00e1lne lieky. Lacn\u00fd generick\u00fd kode\u00edn.\",\"breadcrumb\":{\"@id\":\"https:\\\/\\\/medicinasinc.com\\\/sk\\\/product\\\/kupit-prometazin-sirup\\\/#breadcrumb\"},\"inLanguage\":\"en-US\",\"potentialAction\":[{\"@type\":\"ReadAction\",\"target\":[\"https:\\\/\\\/medicinasinc.com\\\/sk\\\/product\\\/kupit-prometazin-sirup\\\/\"]}]},{\"@type\":\"ImageObject\",\"inLanguage\":\"en-US\",\"@id\":\"https:\\\/\\\/medicinasinc.com\\\/sk\\\/product\\\/kupit-prometazin-sirup\\\/#primaryimage\",\"url\":\"https:\\\/\\\/medicinasinc.com\\\/sk\\\/wp-content\\\/uploads\\\/sites\\\/10\\\/2022\\\/02\\\/buy-promethazine-dm-syrup-qualitest.jpg\",\"contentUrl\":\"https:\\\/\\\/medicinasinc.com\\\/sk\\\/wp-content\\\/uploads\\\/sites\\\/10\\\/2022\\\/02\\\/buy-promethazine-dm-syrup-qualitest.jpg\",\"width\":600,\"height\":600},{\"@type\":\"BreadcrumbList\",\"@id\":\"https:\\\/\\\/medicinasinc.com\\\/sk\\\/product\\\/kupit-prometazin-sirup\\\/#breadcrumb\",\"itemListElement\":[{\"@type\":\"ListItem\",\"position\":1,\"name\":\"Obchod\",\"item\":\"https:\\\/\\\/medicinasinc.com\\\/sk\\\/obchod\\\/\"},{\"@type\":\"ListItem\",\"position\":2,\"name\":\"K\u00fapte si prometaz\u00ednov\u00fd sirup\"}]},{\"@type\":\"WebSite\",\"@id\":\"https:\\\/\\\/medicinasinc.com\\\/sk\\\/#website\",\"url\":\"https:\\\/\\\/medicinasinc.com\\\/sk\\\/\",\"name\":\"Medicinas Inc\",\"description\":\"Health Medical Clinic\",\"potentialAction\":[{\"@type\":\"SearchAction\",\"target\":{\"@type\":\"EntryPoint\",\"urlTemplate\":\"https:\\\/\\\/medicinasinc.com\\\/sk\\\/?s={search_term_string}\"},\"query-input\":{\"@type\":\"PropertyValueSpecification\",\"valueRequired\":true,\"valueName\":\"search_term_string\"}}],\"inLanguage\":\"en-US\"}]}<\/script>\n<!-- \/ Yoast SEO plugin. -->","yoast_head_json":{"title":"K\u00fapte si prometaz\u00ednov\u00fd sirup \u2013 najlep\u0161ie najlep\u0161ie glob\u00e1lne lieky","description":"K\u00fapi\u0165 prometaz\u00ednov\u00fd sirup na predaj Ve\u013ek\u00e1 Brit\u00e1nia, Eur\u00f3pa. Garantovan\u00e9 najni\u017e\u0161ie ceny. diskr\u00e9tna doprava! Najlep\u0161ie glob\u00e1lne lieky. Lacn\u00fd generick\u00fd kode\u00edn.","robots":{"index":"index","follow":"follow","max-snippet":"max-snippet:-1","max-image-preview":"max-image-preview:large","max-video-preview":"max-video-preview:-1"},"canonical":"https:\/\/medicinasinc.com\/sk\/product\/kupit-prometazin-sirup\/","og_locale":"en_US","og_type":"article","og_title":"K\u00fapte si prometaz\u00ednov\u00fd sirup \u2013 najlep\u0161ie najlep\u0161ie glob\u00e1lne lieky","og_description":"K\u00fapi\u0165 prometaz\u00ednov\u00fd sirup na predaj Ve\u013ek\u00e1 Brit\u00e1nia, Eur\u00f3pa. Garantovan\u00e9 najni\u017e\u0161ie ceny. diskr\u00e9tna doprava! Najlep\u0161ie glob\u00e1lne lieky. Lacn\u00fd generick\u00fd kode\u00edn.","og_url":"https:\/\/medicinasinc.com\/sk\/product\/kupit-prometazin-sirup\/","og_site_name":"Medicinas Inc","article_modified_time":"2022-03-22T01:22:43+00:00","og_image":[{"width":600,"height":600,"url":"https:\/\/medicinasinc.com\/sk\/wp-content\/uploads\/sites\/10\/2022\/02\/buy-promethazine-dm-syrup-qualitest.jpg","type":"image\/jpeg"}],"twitter_card":"summary_large_image","twitter_misc":{"Est. reading time":"1 minute"},"schema":{"@context":"https:\/\/schema.org","@graph":[{"@type":"WebPage","@id":"https:\/\/medicinasinc.com\/sk\/product\/kupit-prometazin-sirup\/","url":"https:\/\/medicinasinc.com\/sk\/product\/kupit-prometazin-sirup\/","name":"K\u00fapte si prometaz\u00ednov\u00fd sirup \u2013 najlep\u0161ie najlep\u0161ie glob\u00e1lne lieky","isPartOf":{"@id":"https:\/\/medicinasinc.com\/sk\/#website"},"primaryImageOfPage":{"@id":"https:\/\/medicinasinc.com\/sk\/product\/kupit-prometazin-sirup\/#primaryimage"},"image":{"@id":"https:\/\/medicinasinc.com\/sk\/product\/kupit-prometazin-sirup\/#primaryimage"},"thumbnailUrl":"https:\/\/medicinasinc.com\/sk\/wp-content\/uploads\/sites\/10\/2022\/02\/buy-promethazine-dm-syrup-qualitest.jpg","datePublished":"2022-02-20T09:31:07+00:00","dateModified":"2022-03-22T01:22:43+00:00","description":"K\u00fapi\u0165 prometaz\u00ednov\u00fd sirup na predaj Ve\u013ek\u00e1 Brit\u00e1nia, Eur\u00f3pa. Garantovan\u00e9 najni\u017e\u0161ie ceny. diskr\u00e9tna doprava! Najlep\u0161ie glob\u00e1lne lieky. Lacn\u00fd generick\u00fd kode\u00edn.","breadcrumb":{"@id":"https:\/\/medicinasinc.com\/sk\/product\/kupit-prometazin-sirup\/#breadcrumb"},"inLanguage":"en-US","potentialAction":[{"@type":"ReadAction","target":["https:\/\/medicinasinc.com\/sk\/product\/kupit-prometazin-sirup\/"]}]},{"@type":"ImageObject","inLanguage":"en-US","@id":"https:\/\/medicinasinc.com\/sk\/product\/kupit-prometazin-sirup\/#primaryimage","url":"https:\/\/medicinasinc.com\/sk\/wp-content\/uploads\/sites\/10\/2022\/02\/buy-promethazine-dm-syrup-qualitest.jpg","contentUrl":"https:\/\/medicinasinc.com\/sk\/wp-content\/uploads\/sites\/10\/2022\/02\/buy-promethazine-dm-syrup-qualitest.jpg","width":600,"height":600},{"@type":"BreadcrumbList","@id":"https:\/\/medicinasinc.com\/sk\/product\/kupit-prometazin-sirup\/#breadcrumb","itemListElement":[{"@type":"ListItem","position":1,"name":"Obchod","item":"https:\/\/medicinasinc.com\/sk\/obchod\/"},{"@type":"ListItem","position":2,"name":"K\u00fapte si prometaz\u00ednov\u00fd sirup"}]},{"@type":"WebSite","@id":"https:\/\/medicinasinc.com\/sk\/#website","url":"https:\/\/medicinasinc.com\/sk\/","name":"Medicinas Inc","description":"Health Medical Clinic","potentialAction":[{"@type":"SearchAction","target":{"@type":"EntryPoint","urlTemplate":"https:\/\/medicinasinc.com\/sk\/?s={search_term_string}"},"query-input":{"@type":"PropertyValueSpecification","valueRequired":true,"valueName":"search_term_string"}}],"inLanguage":"en-US"}]}},"_links":{"self":[{"href":"https:\/\/medicinasinc.com\/sk\/wp-json\/wp\/v2\/product\/4460","targetHints":{"allow":["GET"]}}],"collection":[{"href":"https:\/\/medicinasinc.com\/sk\/wp-json\/wp\/v2\/product"}],"about":[{"href":"https:\/\/medicinasinc.com\/sk\/wp-json\/wp\/v2\/types\/product"}],"replies":[{"embeddable":true,"href":"https:\/\/medicinasinc.com\/sk\/wp-json\/wp\/v2\/comments?post=4460"}],"wp:featuredmedia":[{"embeddable":true,"href":"https:\/\/medicinasinc.com\/sk\/wp-json\/wp\/v2\/media\/4495"}],"wp:attachment":[{"href":"https:\/\/medicinasinc.com\/sk\/wp-json\/wp\/v2\/media?parent=4460"}],"wp:term":[{"taxonomy":"product_brand","embeddable":true,"href":"https:\/\/medicinasinc.com\/sk\/wp-json\/wp\/v2\/product_brand?post=4460"},{"taxonomy":"product_cat","embeddable":true,"href":"https:\/\/medicinasinc.com\/sk\/wp-json\/wp\/v2\/product_cat?post=4460"},{"taxonomy":"product_tag","embeddable":true,"href":"https:\/\/medicinasinc.com\/sk\/wp-json\/wp\/v2\/product_tag?post=4460"}],"curies":[{"name":"wp","href":"https:\/\/api.w.org\/{rel}","templated":true}]}}