{"id":4458,"date":"2022-02-20T09:30:17","date_gmt":"2022-02-20T09:30:17","guid":{"rendered":"https:\/\/medicinasinc.com\/sk\/?post_type=product&#038;p=4458"},"modified":"2022-03-22T01:22:51","modified_gmt":"2022-03-22T01:22:51","slug":"kupit-ketof-sirup-proti-kaslu","status":"publish","type":"product","link":"https:\/\/medicinasinc.com\/sk\/product\/kupit-ketof-sirup-proti-kaslu\/","title":{"rendered":"K\u00fapte si sirup proti ka\u0161\u013eu Ketof"},"content":{"rendered":"<h1>K\u00fapi\u0165 Keto sirup proti ka\u0161\u013eu online<\/h1>\n<p>K\u00fapi\u0165 Keto sirup proti ka\u0161\u013eu online. Hero\u00edn si m\u00f4\u017eete k\u00fapi\u0165 aj online za n\u00edzke ceny. M\u00e1me tu k dispoz\u00edcii \u0161irok\u00fa \u0161k\u00e1lu narkot\u00edk na predaj, ako je koka\u00edn, pervit\u00edn a mnoh\u00e9 \u010fal\u0161ie.<\/p>\n","protected":false},"excerpt":{"rendered":"<p>K\u00fapi\u0165 Ketof sirup proti ka\u0161\u013eu na predaj, Spojen\u00e9 kr\u00e1\u013eovstvo, Eur\u00f3pa online. Akt\u00edvne zlo\u017eky: Ketotif\u00e9n. Pon\u00fakame \u0161peci\u00e1lne z\u013eavy na ve\u013ekoobchodn\u00e9 objedn\u00e1vky. Upozor\u0148ujeme, \u017ee pri predaji tohto produktu a slu\u017eby Actavis m\u00e1me tie\u017e bezplatn\u00fa dopravu.<\/p>\n","protected":false},"featured_media":4493,"comment_status":"open","ping_status":"closed","template":"","meta":[],"product_brand":[],"product_cat":[497],"product_tag":[],"class_list":{"0":"post-4458","1":"product","2":"type-product","3":"status-publish","4":"has-post-thumbnail","6":"product_cat-kpi-sirup-proti-kau","8":"first","9":"instock","10":"shipping-taxable","11":"purchasable","12":"product-type-variable","13":"has-default-attributes"},"yoast_head":"<!-- This site is optimized with the Yoast SEO plugin v27.3 - https:\/\/yoast.com\/product\/yoast-seo-wordpress\/ -->\n<title>K\u00fapte si sirup proti ka\u0161\u013eu Ketof \u2013 najlep\u0161ie najlep\u0161ie glob\u00e1lne lieky<\/title>\n<meta name=\"description\" content=\"K\u00fapi\u0165 Ketof sirup proti ka\u0161\u013eu na predaj, Spojen\u00e9 kr\u00e1\u013eovstvo, Eur\u00f3pa online. Akt\u00edvne zlo\u017eky: Ketotif\u00e9n. Pon\u00fakame \u0161peci\u00e1lne z\u013eavy na ve\u013ekoobchodn\u00e9 objedn\u00e1vky. V\u0161imnite si, \u017ee m\u00e1me tie\u017e bezplatn\u00fa dopravu, ke\u010f m\u00e1te tento produkt a tie\u017e Actavis na predaj.\" \/>\n<meta name=\"robots\" content=\"index, follow, max-snippet:-1, max-image-preview:large, max-video-preview:-1\" \/>\n<link rel=\"canonical\" href=\"https:\/\/medicinasinc.com\/sk\/product\/kupit-ketof-sirup-proti-kaslu\/\" \/>\n<meta property=\"og:locale\" content=\"en_US\" \/>\n<meta property=\"og:type\" content=\"article\" \/>\n<meta property=\"og:title\" content=\"K\u00fapte si sirup proti ka\u0161\u013eu Ketof \u2013 najlep\u0161ie najlep\u0161ie glob\u00e1lne lieky\" \/>\n<meta property=\"og:description\" content=\"K\u00fapi\u0165 Ketof sirup proti ka\u0161\u013eu na predaj, Spojen\u00e9 kr\u00e1\u013eovstvo, Eur\u00f3pa online. Akt\u00edvne zlo\u017eky: Ketotif\u00e9n. Pon\u00fakame \u0161peci\u00e1lne z\u013eavy na ve\u013ekoobchodn\u00e9 objedn\u00e1vky. V\u0161imnite si, \u017ee m\u00e1me tie\u017e bezplatn\u00fa dopravu, ke\u010f m\u00e1te tento produkt a tie\u017e Actavis na predaj.\" \/>\n<meta property=\"og:url\" content=\"https:\/\/medicinasinc.com\/sk\/product\/kupit-ketof-sirup-proti-kaslu\/\" \/>\n<meta property=\"og:site_name\" content=\"Medicinas Inc\" \/>\n<meta property=\"article:modified_time\" content=\"2022-03-22T01:22:51+00:00\" \/>\n<meta property=\"og:image\" content=\"https:\/\/medicinasinc.com\/sk\/wp-content\/uploads\/sites\/10\/2022\/02\/buy-ketof-cough-syrup-online.jpg\" \/>\n\t<meta property=\"og:image:width\" content=\"600\" \/>\n\t<meta property=\"og:image:height\" content=\"600\" \/>\n\t<meta property=\"og:image:type\" content=\"image\/jpeg\" \/>\n<meta name=\"twitter:card\" content=\"summary_large_image\" \/>\n<meta name=\"twitter:label1\" content=\"Est. reading time\" \/>\n\t<meta name=\"twitter:data1\" content=\"1 minute\" \/>\n<script type=\"application\/ld+json\" class=\"yoast-schema-graph\">{\"@context\":\"https:\\\/\\\/schema.org\",\"@graph\":[{\"@type\":\"WebPage\",\"@id\":\"https:\\\/\\\/medicinasinc.com\\\/sk\\\/product\\\/kupit-ketof-sirup-proti-kaslu\\\/\",\"url\":\"https:\\\/\\\/medicinasinc.com\\\/sk\\\/product\\\/kupit-ketof-sirup-proti-kaslu\\\/\",\"name\":\"K\u00fapte si sirup proti ka\u0161\u013eu Ketof \u2013 najlep\u0161ie najlep\u0161ie glob\u00e1lne lieky\",\"isPartOf\":{\"@id\":\"https:\\\/\\\/medicinasinc.com\\\/sk\\\/#website\"},\"primaryImageOfPage\":{\"@id\":\"https:\\\/\\\/medicinasinc.com\\\/sk\\\/product\\\/kupit-ketof-sirup-proti-kaslu\\\/#primaryimage\"},\"image\":{\"@id\":\"https:\\\/\\\/medicinasinc.com\\\/sk\\\/product\\\/kupit-ketof-sirup-proti-kaslu\\\/#primaryimage\"},\"thumbnailUrl\":\"https:\\\/\\\/medicinasinc.com\\\/sk\\\/wp-content\\\/uploads\\\/sites\\\/10\\\/2022\\\/02\\\/buy-ketof-cough-syrup-online.jpg\",\"datePublished\":\"2022-02-20T09:30:17+00:00\",\"dateModified\":\"2022-03-22T01:22:51+00:00\",\"description\":\"K\u00fapi\u0165 Ketof sirup proti ka\u0161\u013eu na predaj, Spojen\u00e9 kr\u00e1\u013eovstvo, Eur\u00f3pa online. Akt\u00edvne zlo\u017eky: Ketotif\u00e9n. Pon\u00fakame \u0161peci\u00e1lne z\u013eavy na ve\u013ekoobchodn\u00e9 objedn\u00e1vky. V\u0161imnite si, \u017ee m\u00e1me tie\u017e bezplatn\u00fa dopravu, ke\u010f m\u00e1te tento produkt a tie\u017e Actavis na predaj.\",\"breadcrumb\":{\"@id\":\"https:\\\/\\\/medicinasinc.com\\\/sk\\\/product\\\/kupit-ketof-sirup-proti-kaslu\\\/#breadcrumb\"},\"inLanguage\":\"en-US\",\"potentialAction\":[{\"@type\":\"ReadAction\",\"target\":[\"https:\\\/\\\/medicinasinc.com\\\/sk\\\/product\\\/kupit-ketof-sirup-proti-kaslu\\\/\"]}]},{\"@type\":\"ImageObject\",\"inLanguage\":\"en-US\",\"@id\":\"https:\\\/\\\/medicinasinc.com\\\/sk\\\/product\\\/kupit-ketof-sirup-proti-kaslu\\\/#primaryimage\",\"url\":\"https:\\\/\\\/medicinasinc.com\\\/sk\\\/wp-content\\\/uploads\\\/sites\\\/10\\\/2022\\\/02\\\/buy-ketof-cough-syrup-online.jpg\",\"contentUrl\":\"https:\\\/\\\/medicinasinc.com\\\/sk\\\/wp-content\\\/uploads\\\/sites\\\/10\\\/2022\\\/02\\\/buy-ketof-cough-syrup-online.jpg\",\"width\":600,\"height\":600},{\"@type\":\"BreadcrumbList\",\"@id\":\"https:\\\/\\\/medicinasinc.com\\\/sk\\\/product\\\/kupit-ketof-sirup-proti-kaslu\\\/#breadcrumb\",\"itemListElement\":[{\"@type\":\"ListItem\",\"position\":1,\"name\":\"Obchod\",\"item\":\"https:\\\/\\\/medicinasinc.com\\\/sk\\\/obchod\\\/\"},{\"@type\":\"ListItem\",\"position\":2,\"name\":\"K\u00fapte si sirup proti ka\u0161\u013eu Ketof\"}]},{\"@type\":\"WebSite\",\"@id\":\"https:\\\/\\\/medicinasinc.com\\\/sk\\\/#website\",\"url\":\"https:\\\/\\\/medicinasinc.com\\\/sk\\\/\",\"name\":\"Medicinas Inc\",\"description\":\"Health Medical Clinic\",\"potentialAction\":[{\"@type\":\"SearchAction\",\"target\":{\"@type\":\"EntryPoint\",\"urlTemplate\":\"https:\\\/\\\/medicinasinc.com\\\/sk\\\/?s={search_term_string}\"},\"query-input\":{\"@type\":\"PropertyValueSpecification\",\"valueRequired\":true,\"valueName\":\"search_term_string\"}}],\"inLanguage\":\"en-US\"}]}<\/script>\n<!-- \/ Yoast SEO plugin. -->","yoast_head_json":{"title":"K\u00fapte si sirup proti ka\u0161\u013eu Ketof \u2013 najlep\u0161ie najlep\u0161ie glob\u00e1lne lieky","description":"K\u00fapi\u0165 Ketof sirup proti ka\u0161\u013eu na predaj, Spojen\u00e9 kr\u00e1\u013eovstvo, Eur\u00f3pa online. Akt\u00edvne zlo\u017eky: Ketotif\u00e9n. Pon\u00fakame \u0161peci\u00e1lne z\u013eavy na ve\u013ekoobchodn\u00e9 objedn\u00e1vky. V\u0161imnite si, \u017ee m\u00e1me tie\u017e bezplatn\u00fa dopravu, ke\u010f m\u00e1te tento produkt a tie\u017e Actavis na predaj.","robots":{"index":"index","follow":"follow","max-snippet":"max-snippet:-1","max-image-preview":"max-image-preview:large","max-video-preview":"max-video-preview:-1"},"canonical":"https:\/\/medicinasinc.com\/sk\/product\/kupit-ketof-sirup-proti-kaslu\/","og_locale":"en_US","og_type":"article","og_title":"K\u00fapte si sirup proti ka\u0161\u013eu Ketof \u2013 najlep\u0161ie najlep\u0161ie glob\u00e1lne lieky","og_description":"K\u00fapi\u0165 Ketof sirup proti ka\u0161\u013eu na predaj, Spojen\u00e9 kr\u00e1\u013eovstvo, Eur\u00f3pa online. Akt\u00edvne zlo\u017eky: Ketotif\u00e9n. Pon\u00fakame \u0161peci\u00e1lne z\u013eavy na ve\u013ekoobchodn\u00e9 objedn\u00e1vky. V\u0161imnite si, \u017ee m\u00e1me tie\u017e bezplatn\u00fa dopravu, ke\u010f m\u00e1te tento produkt a tie\u017e Actavis na predaj.","og_url":"https:\/\/medicinasinc.com\/sk\/product\/kupit-ketof-sirup-proti-kaslu\/","og_site_name":"Medicinas Inc","article_modified_time":"2022-03-22T01:22:51+00:00","og_image":[{"width":600,"height":600,"url":"https:\/\/medicinasinc.com\/sk\/wp-content\/uploads\/sites\/10\/2022\/02\/buy-ketof-cough-syrup-online.jpg","type":"image\/jpeg"}],"twitter_card":"summary_large_image","twitter_misc":{"Est. reading time":"1 minute"},"schema":{"@context":"https:\/\/schema.org","@graph":[{"@type":"WebPage","@id":"https:\/\/medicinasinc.com\/sk\/product\/kupit-ketof-sirup-proti-kaslu\/","url":"https:\/\/medicinasinc.com\/sk\/product\/kupit-ketof-sirup-proti-kaslu\/","name":"K\u00fapte si sirup proti ka\u0161\u013eu Ketof \u2013 najlep\u0161ie najlep\u0161ie glob\u00e1lne lieky","isPartOf":{"@id":"https:\/\/medicinasinc.com\/sk\/#website"},"primaryImageOfPage":{"@id":"https:\/\/medicinasinc.com\/sk\/product\/kupit-ketof-sirup-proti-kaslu\/#primaryimage"},"image":{"@id":"https:\/\/medicinasinc.com\/sk\/product\/kupit-ketof-sirup-proti-kaslu\/#primaryimage"},"thumbnailUrl":"https:\/\/medicinasinc.com\/sk\/wp-content\/uploads\/sites\/10\/2022\/02\/buy-ketof-cough-syrup-online.jpg","datePublished":"2022-02-20T09:30:17+00:00","dateModified":"2022-03-22T01:22:51+00:00","description":"K\u00fapi\u0165 Ketof sirup proti ka\u0161\u013eu na predaj, Spojen\u00e9 kr\u00e1\u013eovstvo, Eur\u00f3pa online. Akt\u00edvne zlo\u017eky: Ketotif\u00e9n. Pon\u00fakame \u0161peci\u00e1lne z\u013eavy na ve\u013ekoobchodn\u00e9 objedn\u00e1vky. V\u0161imnite si, \u017ee m\u00e1me tie\u017e bezplatn\u00fa dopravu, ke\u010f m\u00e1te tento produkt a tie\u017e Actavis na predaj.","breadcrumb":{"@id":"https:\/\/medicinasinc.com\/sk\/product\/kupit-ketof-sirup-proti-kaslu\/#breadcrumb"},"inLanguage":"en-US","potentialAction":[{"@type":"ReadAction","target":["https:\/\/medicinasinc.com\/sk\/product\/kupit-ketof-sirup-proti-kaslu\/"]}]},{"@type":"ImageObject","inLanguage":"en-US","@id":"https:\/\/medicinasinc.com\/sk\/product\/kupit-ketof-sirup-proti-kaslu\/#primaryimage","url":"https:\/\/medicinasinc.com\/sk\/wp-content\/uploads\/sites\/10\/2022\/02\/buy-ketof-cough-syrup-online.jpg","contentUrl":"https:\/\/medicinasinc.com\/sk\/wp-content\/uploads\/sites\/10\/2022\/02\/buy-ketof-cough-syrup-online.jpg","width":600,"height":600},{"@type":"BreadcrumbList","@id":"https:\/\/medicinasinc.com\/sk\/product\/kupit-ketof-sirup-proti-kaslu\/#breadcrumb","itemListElement":[{"@type":"ListItem","position":1,"name":"Obchod","item":"https:\/\/medicinasinc.com\/sk\/obchod\/"},{"@type":"ListItem","position":2,"name":"K\u00fapte si sirup proti ka\u0161\u013eu Ketof"}]},{"@type":"WebSite","@id":"https:\/\/medicinasinc.com\/sk\/#website","url":"https:\/\/medicinasinc.com\/sk\/","name":"Medicinas Inc","description":"Health Medical Clinic","potentialAction":[{"@type":"SearchAction","target":{"@type":"EntryPoint","urlTemplate":"https:\/\/medicinasinc.com\/sk\/?s={search_term_string}"},"query-input":{"@type":"PropertyValueSpecification","valueRequired":true,"valueName":"search_term_string"}}],"inLanguage":"en-US"}]}},"_links":{"self":[{"href":"https:\/\/medicinasinc.com\/sk\/wp-json\/wp\/v2\/product\/4458","targetHints":{"allow":["GET"]}}],"collection":[{"href":"https:\/\/medicinasinc.com\/sk\/wp-json\/wp\/v2\/product"}],"about":[{"href":"https:\/\/medicinasinc.com\/sk\/wp-json\/wp\/v2\/types\/product"}],"replies":[{"embeddable":true,"href":"https:\/\/medicinasinc.com\/sk\/wp-json\/wp\/v2\/comments?post=4458"}],"wp:featuredmedia":[{"embeddable":true,"href":"https:\/\/medicinasinc.com\/sk\/wp-json\/wp\/v2\/media\/4493"}],"wp:attachment":[{"href":"https:\/\/medicinasinc.com\/sk\/wp-json\/wp\/v2\/media?parent=4458"}],"wp:term":[{"taxonomy":"product_brand","embeddable":true,"href":"https:\/\/medicinasinc.com\/sk\/wp-json\/wp\/v2\/product_brand?post=4458"},{"taxonomy":"product_cat","embeddable":true,"href":"https:\/\/medicinasinc.com\/sk\/wp-json\/wp\/v2\/product_cat?post=4458"},{"taxonomy":"product_tag","embeddable":true,"href":"https:\/\/medicinasinc.com\/sk\/wp-json\/wp\/v2\/product_tag?post=4458"}],"curies":[{"name":"wp","href":"https:\/\/api.w.org\/{rel}","templated":true}]}}