{"id":4455,"date":"2022-02-20T09:28:05","date_gmt":"2022-02-20T09:28:05","guid":{"rendered":"https:\/\/medicinasinc.com\/sk\/?post_type=product&#038;p=4455"},"modified":"2022-03-22T01:23:02","modified_gmt":"2022-03-22T01:23:02","slug":"kupit-hi-tech-sirup-proti-kaslu","status":"publish","type":"product","link":"https:\/\/medicinasinc.com\/sk\/product\/kupit-hi-tech-sirup-proti-kaslu\/","title":{"rendered":"K\u00fapte si Hi-Tech sirup proti ka\u0161\u013eu"},"content":{"rendered":"<p>Online n\u00e1kup Hi-Tech sirupu proti ka\u0161\u013eu.<\/p>\n<p>Nakupujte Hi-Tech sirup proti ka\u0161\u013eu online za mimoriadne n\u00edzke ceny. okrem toho nakupova\u0165 koka\u00edn za \u00fa\u010delom \u010fal\u0161ieho predaja. Pred\u00e1vame r\u00f4zne stimulanty a narkotik\u00e1 vr\u00e1tane GHB.<\/p>\n<p>Hoci oce\u0148ujem slu\u0161n\u00fa chu\u0165, ver\u00edm, \u017ee ich na\u0161tartovanie trv\u00e1 pr\u00edli\u0161 dlho. V\u010faka svojej sile a chuti sa sirup THC m\u00f4\u017ee sta\u0165 va\u0161\u00edm nov\u00fdm cho\u010fte na l\u00e1tku pre pomoc.<\/p>\n<p>Konopn\u00fd sirup je fantastick\u00fd pre regenera\u010dn\u00fdch aj rekrea\u010dn\u00fdch klientov. Je siln\u00fd a \u00fa\u010dinn\u00fd \u2013 \u010dasto \u00fa\u010dinkuje do 20 a\u017e 30 min\u00fat \u2013 a jeho pou\u017e\u00edvanie je rozumn\u00e9. Jednoducho pridajte svoju porciu do ak\u00e9hoko\u013evek jedla alebo n\u00e1poja a m\u00e1te hotovo. Mal\u00e9 odmerky v\u0161ak m\u00f4\u017eete vypi\u0165 bez incidentov. To je v\u0161etko!<\/p>\n<p>Syrup proti ka\u0161\u013eu na predaj, high-tech sirup thc, sirup proti ka\u0161\u013eu online, hi-tech \u0161t\u00edhla cena, hi-tech sirup proti ka\u0161\u013eu online, hi-tech online. T\u00ed, ktor\u00ed neznes\u00fa pomyslenie na faj\u010denie tr\u00e1vy (alebo s\u00fa mo\u017eno pr\u00edli\u0161 neschopn\u00ed o tom uva\u017eova\u0165), no napriek tomu chc\u00fa vyu\u017e\u00edva\u0165 v\u00fdhody tejto skuto\u010dne \u00fa\u017easnej rastliny, s\u00fa povzbudzovan\u00ed, aby zv\u00e1\u017eili THC sirup ako alternat\u00edvny sp\u00f4sob konzum\u00e1cie. Striktne terapeutick\u00ed klienti bud\u00fa pote\u0161en\u00ed, ke\u010f sa dozvedia, \u017ee dostupn\u00fd je aj CBD sirup. To je v\u0161ak t\u00e9ma na \u010fal\u0161\u00ed \u010dl\u00e1nok!<\/p>\n<p>VYROBTE SIRUP THC: POKYNY KROK ZA KROKOM<\/p>\n<p>Ak h\u013ead\u00e1te jednoduch\u00fd recept na sirup THC, u\u017e neh\u013eadajte. Liate\u013en\u00fd sirup THC si nepochybne m\u00f4\u017eete vyrobi\u0165 aj doma s nieko\u013ek\u00fdmi pr\u00edsadami a minim\u00e1lnym hardv\u00e9rom. Je to pravdepodobne najjednoduch\u0161ia polo\u017eka, ktor\u00fa si m\u00f4\u017eete vyrobi\u0165 sami, preto\u017ee sa neo\u010dak\u00e1va, \u017ee by \u017eiadne potenci\u00e1lne nebezpe\u010dn\u00e9 syntetick\u00e9 l\u00e1tky extrahovali THC z rastlinn\u00e9ho materi\u00e1lu.<\/p>\n<p>Na vytvorenie vlastn\u00e9ho sirupu s obsahom THC budete potrebova\u0165&#8230;.<\/p>\n<p>Voda. Pribli\u017ene 200 ml poskytne primeran\u00e9 mno\u017estvo sirupu. Preto\u017ee je vzorec tak\u00fd jednoduch\u00fd, vo v\u0161eobecnosti si ho m\u00f4\u017eete nesk\u00f4r vyrobi\u0165 ko\u013eko chcete.<\/p>\n<p>Cukor. Mno\u017estvo cukru, ktor\u00e9 pou\u017eijete, ovplyvn\u00ed dobu, po\u010das ktorej sa d\u00e1 v\u00e1\u0161 kanabisov\u00fd sirup skladova\u0165. Sirup vyroben\u00fd z dvoch dielov cukru a jedn\u00e9ho dielu vody mo\u017eno skladova\u0165 pribli\u017ene \u0161tvr\u0165 roka). Sirup v pomere 1:1 sa d\u00e1 vyrobi\u0165 tie\u017e, aj ke\u010f nevydr\u017e\u00ed tak dlho.<\/p>\n<p>R\u00f4zne formy hrubo dekarboxylovan\u00e9ho THC (kvitnutie, \u00faprava, trepanie, hash, olej, zlom, vosk, v skuto\u010dnom zmysle d\u00e1 sa pou\u017ei\u0165 \u010doko\u013evek).<\/p>\n<p>D\u00c1VKOVANIE SIRUPU THC<\/p>\n<p>Mno\u017estvo spotrebovan\u00e9ho sirupu THC sa medzi jednotlivcami v\u00fdrazne l\u00ed\u0161i. Je d\u00f4le\u017eit\u00e9, aby ste boli opatrn\u00ed a porovnali svoju kapacitu so silou akejko\u013evek polo\u017eky obsahuj\u00facej THC. sirup proti ka\u0161\u013eu online, high-tech thc sirup, hi-tech \u0161t\u00edhla cena, hi-tech sirup proti ka\u0161\u013eu online, hi-tech online, sirup proti ka\u0161\u013eu na predaj<\/p>\n<p>Probl\u00e9m s dom\u00e1cimi zmie\u0161an\u00fdmi sirupmi THC je, \u017ee ich sila koncentr\u00e1tu je \u010dasto nezn\u00e1ma. Ak v\u00e1s to znepokojuje alebo sa jednoducho nechcete zaobera\u0165 (bezv\u00fdznamn\u00fdmi) \u0165a\u017ekos\u0165ami s nastaven\u00edm vlastn\u00e9ho, \u200b\u200bpozrite sa ni\u017e\u0161ie na na\u0161e najlep\u0161ie tipy na dne\u0161nom trhu.<\/p>\n","protected":false},"excerpt":{"rendered":"<p>K\u00fapi\u0165 Hi-Tech sirup proti ka\u0161\u013eu na predaj vo Ve\u013ekej Brit\u00e1nii, Eur\u00f3pe online. Hi-Tech prometaz\u00edn hydrochlorid a kode\u00edn fosf\u00e1tov\u00fd sirup&#8230;ka\u017ed\u00fdch 5 ml obsahuje: Prometaz\u00edn hydrochlorid 6,25 mg; kode\u00edn fosf\u00e1t 10 mg. Alkohol 7% Indik\u00e1cia: Potl\u00e1\u010danie ka\u0161\u013ea<\/p>\n","protected":false},"featured_media":4489,"comment_status":"open","ping_status":"closed","template":"","meta":[],"product_brand":[],"product_cat":[497],"product_tag":[],"class_list":{"0":"post-4455","1":"product","2":"type-product","3":"status-publish","4":"has-post-thumbnail","6":"product_cat-kpi-sirup-proti-kau","8":"first","9":"instock","10":"shipping-taxable","11":"purchasable","12":"product-type-variable","13":"has-default-attributes"},"yoast_head":"<!-- This site is optimized with the Yoast SEO plugin v27.3 - https:\/\/yoast.com\/product\/yoast-seo-wordpress\/ -->\n<title>K\u00fapte si Hi-Tech sirup proti ka\u0161\u013eu \u2013 najlep\u0161ie najlep\u0161ie glob\u00e1lne lieky<\/title>\n<meta name=\"description\" content=\"K\u00fapi\u0165 Hi-Tech sirup proti ka\u0161\u013eu na predaj v Spojenom kr\u00e1\u013eovstve, Eur\u00f3pe online. Hi-Tech prometaz\u00edn hydrochlorid a kode\u00edn fosf\u00e1tov\u00fd sirup...ka\u017ed\u00fdch 5 ml obsahuje: Prometaz\u00edn hydrochlorid 6,25 mg; kode\u00edn fosf\u00e1t 10 mg. Alkohol 7% Indik\u00e1cia: Potl\u00e1\u010danie ka\u0161\u013ea\" \/>\n<meta name=\"robots\" content=\"index, follow, max-snippet:-1, max-image-preview:large, max-video-preview:-1\" \/>\n<link rel=\"canonical\" href=\"https:\/\/medicinasinc.com\/sk\/product\/kupit-hi-tech-sirup-proti-kaslu\/\" \/>\n<meta property=\"og:locale\" content=\"en_US\" \/>\n<meta property=\"og:type\" content=\"article\" \/>\n<meta property=\"og:title\" content=\"K\u00fapte si Hi-Tech sirup proti ka\u0161\u013eu \u2013 najlep\u0161ie najlep\u0161ie glob\u00e1lne lieky\" \/>\n<meta property=\"og:description\" content=\"K\u00fapi\u0165 Hi-Tech sirup proti ka\u0161\u013eu na predaj v Spojenom kr\u00e1\u013eovstve, Eur\u00f3pe online. Hi-Tech prometaz\u00edn hydrochlorid a kode\u00edn fosf\u00e1tov\u00fd sirup...ka\u017ed\u00fdch 5 ml obsahuje: Prometaz\u00edn hydrochlorid 6,25 mg; kode\u00edn fosf\u00e1t 10 mg. Alkohol 7% Indik\u00e1cia: Potl\u00e1\u010danie ka\u0161\u013ea\" \/>\n<meta property=\"og:url\" content=\"https:\/\/medicinasinc.com\/sk\/product\/kupit-hi-tech-sirup-proti-kaslu\/\" \/>\n<meta property=\"og:site_name\" content=\"Medicinas Inc\" \/>\n<meta property=\"article:modified_time\" content=\"2022-03-22T01:23:02+00:00\" \/>\n<meta property=\"og:image\" content=\"https:\/\/medicinasinc.com\/sk\/wp-content\/uploads\/sites\/10\/2022\/02\/buy-hi-tech-cough-syrup-online.jpg\" \/>\n\t<meta property=\"og:image:width\" content=\"600\" \/>\n\t<meta property=\"og:image:height\" content=\"600\" \/>\n\t<meta property=\"og:image:type\" content=\"image\/jpeg\" \/>\n<meta name=\"twitter:card\" content=\"summary_large_image\" \/>\n<meta name=\"twitter:label1\" content=\"Est. reading time\" \/>\n\t<meta name=\"twitter:data1\" content=\"3 minutes\" \/>\n<script type=\"application\/ld+json\" class=\"yoast-schema-graph\">{\"@context\":\"https:\\\/\\\/schema.org\",\"@graph\":[{\"@type\":\"WebPage\",\"@id\":\"https:\\\/\\\/medicinasinc.com\\\/sk\\\/product\\\/kupit-hi-tech-sirup-proti-kaslu\\\/\",\"url\":\"https:\\\/\\\/medicinasinc.com\\\/sk\\\/product\\\/kupit-hi-tech-sirup-proti-kaslu\\\/\",\"name\":\"K\u00fapte si Hi-Tech sirup proti ka\u0161\u013eu \u2013 najlep\u0161ie najlep\u0161ie glob\u00e1lne lieky\",\"isPartOf\":{\"@id\":\"https:\\\/\\\/medicinasinc.com\\\/sk\\\/#website\"},\"primaryImageOfPage\":{\"@id\":\"https:\\\/\\\/medicinasinc.com\\\/sk\\\/product\\\/kupit-hi-tech-sirup-proti-kaslu\\\/#primaryimage\"},\"image\":{\"@id\":\"https:\\\/\\\/medicinasinc.com\\\/sk\\\/product\\\/kupit-hi-tech-sirup-proti-kaslu\\\/#primaryimage\"},\"thumbnailUrl\":\"https:\\\/\\\/medicinasinc.com\\\/sk\\\/wp-content\\\/uploads\\\/sites\\\/10\\\/2022\\\/02\\\/buy-hi-tech-cough-syrup-online.jpg\",\"datePublished\":\"2022-02-20T09:28:05+00:00\",\"dateModified\":\"2022-03-22T01:23:02+00:00\",\"description\":\"K\u00fapi\u0165 Hi-Tech sirup proti ka\u0161\u013eu na predaj v Spojenom kr\u00e1\u013eovstve, Eur\u00f3pe online. Hi-Tech prometaz\u00edn hydrochlorid a kode\u00edn fosf\u00e1tov\u00fd sirup...ka\u017ed\u00fdch 5 ml obsahuje: Prometaz\u00edn hydrochlorid 6,25 mg; kode\u00edn fosf\u00e1t 10 mg. Alkohol 7% Indik\u00e1cia: Potl\u00e1\u010danie ka\u0161\u013ea\",\"breadcrumb\":{\"@id\":\"https:\\\/\\\/medicinasinc.com\\\/sk\\\/product\\\/kupit-hi-tech-sirup-proti-kaslu\\\/#breadcrumb\"},\"inLanguage\":\"en-US\",\"potentialAction\":[{\"@type\":\"ReadAction\",\"target\":[\"https:\\\/\\\/medicinasinc.com\\\/sk\\\/product\\\/kupit-hi-tech-sirup-proti-kaslu\\\/\"]}]},{\"@type\":\"ImageObject\",\"inLanguage\":\"en-US\",\"@id\":\"https:\\\/\\\/medicinasinc.com\\\/sk\\\/product\\\/kupit-hi-tech-sirup-proti-kaslu\\\/#primaryimage\",\"url\":\"https:\\\/\\\/medicinasinc.com\\\/sk\\\/wp-content\\\/uploads\\\/sites\\\/10\\\/2022\\\/02\\\/buy-hi-tech-cough-syrup-online.jpg\",\"contentUrl\":\"https:\\\/\\\/medicinasinc.com\\\/sk\\\/wp-content\\\/uploads\\\/sites\\\/10\\\/2022\\\/02\\\/buy-hi-tech-cough-syrup-online.jpg\",\"width\":600,\"height\":600},{\"@type\":\"BreadcrumbList\",\"@id\":\"https:\\\/\\\/medicinasinc.com\\\/sk\\\/product\\\/kupit-hi-tech-sirup-proti-kaslu\\\/#breadcrumb\",\"itemListElement\":[{\"@type\":\"ListItem\",\"position\":1,\"name\":\"Obchod\",\"item\":\"https:\\\/\\\/medicinasinc.com\\\/sk\\\/obchod\\\/\"},{\"@type\":\"ListItem\",\"position\":2,\"name\":\"K\u00fapte si Hi-Tech sirup proti ka\u0161\u013eu\"}]},{\"@type\":\"WebSite\",\"@id\":\"https:\\\/\\\/medicinasinc.com\\\/sk\\\/#website\",\"url\":\"https:\\\/\\\/medicinasinc.com\\\/sk\\\/\",\"name\":\"Medicinas Inc\",\"description\":\"Health Medical Clinic\",\"potentialAction\":[{\"@type\":\"SearchAction\",\"target\":{\"@type\":\"EntryPoint\",\"urlTemplate\":\"https:\\\/\\\/medicinasinc.com\\\/sk\\\/?s={search_term_string}\"},\"query-input\":{\"@type\":\"PropertyValueSpecification\",\"valueRequired\":true,\"valueName\":\"search_term_string\"}}],\"inLanguage\":\"en-US\"}]}<\/script>\n<!-- \/ Yoast SEO plugin. -->","yoast_head_json":{"title":"K\u00fapte si Hi-Tech sirup proti ka\u0161\u013eu \u2013 najlep\u0161ie najlep\u0161ie glob\u00e1lne lieky","description":"K\u00fapi\u0165 Hi-Tech sirup proti ka\u0161\u013eu na predaj v Spojenom kr\u00e1\u013eovstve, Eur\u00f3pe online. Hi-Tech prometaz\u00edn hydrochlorid a kode\u00edn fosf\u00e1tov\u00fd sirup...ka\u017ed\u00fdch 5 ml obsahuje: Prometaz\u00edn hydrochlorid 6,25 mg; kode\u00edn fosf\u00e1t 10 mg. Alkohol 7% Indik\u00e1cia: Potl\u00e1\u010danie ka\u0161\u013ea","robots":{"index":"index","follow":"follow","max-snippet":"max-snippet:-1","max-image-preview":"max-image-preview:large","max-video-preview":"max-video-preview:-1"},"canonical":"https:\/\/medicinasinc.com\/sk\/product\/kupit-hi-tech-sirup-proti-kaslu\/","og_locale":"en_US","og_type":"article","og_title":"K\u00fapte si Hi-Tech sirup proti ka\u0161\u013eu \u2013 najlep\u0161ie najlep\u0161ie glob\u00e1lne lieky","og_description":"K\u00fapi\u0165 Hi-Tech sirup proti ka\u0161\u013eu na predaj v Spojenom kr\u00e1\u013eovstve, Eur\u00f3pe online. Hi-Tech prometaz\u00edn hydrochlorid a kode\u00edn fosf\u00e1tov\u00fd sirup...ka\u017ed\u00fdch 5 ml obsahuje: Prometaz\u00edn hydrochlorid 6,25 mg; kode\u00edn fosf\u00e1t 10 mg. Alkohol 7% Indik\u00e1cia: Potl\u00e1\u010danie ka\u0161\u013ea","og_url":"https:\/\/medicinasinc.com\/sk\/product\/kupit-hi-tech-sirup-proti-kaslu\/","og_site_name":"Medicinas Inc","article_modified_time":"2022-03-22T01:23:02+00:00","og_image":[{"width":600,"height":600,"url":"https:\/\/medicinasinc.com\/sk\/wp-content\/uploads\/sites\/10\/2022\/02\/buy-hi-tech-cough-syrup-online.jpg","type":"image\/jpeg"}],"twitter_card":"summary_large_image","twitter_misc":{"Est. reading time":"3 minutes"},"schema":{"@context":"https:\/\/schema.org","@graph":[{"@type":"WebPage","@id":"https:\/\/medicinasinc.com\/sk\/product\/kupit-hi-tech-sirup-proti-kaslu\/","url":"https:\/\/medicinasinc.com\/sk\/product\/kupit-hi-tech-sirup-proti-kaslu\/","name":"K\u00fapte si Hi-Tech sirup proti ka\u0161\u013eu \u2013 najlep\u0161ie najlep\u0161ie glob\u00e1lne lieky","isPartOf":{"@id":"https:\/\/medicinasinc.com\/sk\/#website"},"primaryImageOfPage":{"@id":"https:\/\/medicinasinc.com\/sk\/product\/kupit-hi-tech-sirup-proti-kaslu\/#primaryimage"},"image":{"@id":"https:\/\/medicinasinc.com\/sk\/product\/kupit-hi-tech-sirup-proti-kaslu\/#primaryimage"},"thumbnailUrl":"https:\/\/medicinasinc.com\/sk\/wp-content\/uploads\/sites\/10\/2022\/02\/buy-hi-tech-cough-syrup-online.jpg","datePublished":"2022-02-20T09:28:05+00:00","dateModified":"2022-03-22T01:23:02+00:00","description":"K\u00fapi\u0165 Hi-Tech sirup proti ka\u0161\u013eu na predaj v Spojenom kr\u00e1\u013eovstve, Eur\u00f3pe online. Hi-Tech prometaz\u00edn hydrochlorid a kode\u00edn fosf\u00e1tov\u00fd sirup...ka\u017ed\u00fdch 5 ml obsahuje: Prometaz\u00edn hydrochlorid 6,25 mg; kode\u00edn fosf\u00e1t 10 mg. Alkohol 7% Indik\u00e1cia: Potl\u00e1\u010danie ka\u0161\u013ea","breadcrumb":{"@id":"https:\/\/medicinasinc.com\/sk\/product\/kupit-hi-tech-sirup-proti-kaslu\/#breadcrumb"},"inLanguage":"en-US","potentialAction":[{"@type":"ReadAction","target":["https:\/\/medicinasinc.com\/sk\/product\/kupit-hi-tech-sirup-proti-kaslu\/"]}]},{"@type":"ImageObject","inLanguage":"en-US","@id":"https:\/\/medicinasinc.com\/sk\/product\/kupit-hi-tech-sirup-proti-kaslu\/#primaryimage","url":"https:\/\/medicinasinc.com\/sk\/wp-content\/uploads\/sites\/10\/2022\/02\/buy-hi-tech-cough-syrup-online.jpg","contentUrl":"https:\/\/medicinasinc.com\/sk\/wp-content\/uploads\/sites\/10\/2022\/02\/buy-hi-tech-cough-syrup-online.jpg","width":600,"height":600},{"@type":"BreadcrumbList","@id":"https:\/\/medicinasinc.com\/sk\/product\/kupit-hi-tech-sirup-proti-kaslu\/#breadcrumb","itemListElement":[{"@type":"ListItem","position":1,"name":"Obchod","item":"https:\/\/medicinasinc.com\/sk\/obchod\/"},{"@type":"ListItem","position":2,"name":"K\u00fapte si Hi-Tech sirup proti ka\u0161\u013eu"}]},{"@type":"WebSite","@id":"https:\/\/medicinasinc.com\/sk\/#website","url":"https:\/\/medicinasinc.com\/sk\/","name":"Medicinas Inc","description":"Health Medical Clinic","potentialAction":[{"@type":"SearchAction","target":{"@type":"EntryPoint","urlTemplate":"https:\/\/medicinasinc.com\/sk\/?s={search_term_string}"},"query-input":{"@type":"PropertyValueSpecification","valueRequired":true,"valueName":"search_term_string"}}],"inLanguage":"en-US"}]}},"_links":{"self":[{"href":"https:\/\/medicinasinc.com\/sk\/wp-json\/wp\/v2\/product\/4455","targetHints":{"allow":["GET"]}}],"collection":[{"href":"https:\/\/medicinasinc.com\/sk\/wp-json\/wp\/v2\/product"}],"about":[{"href":"https:\/\/medicinasinc.com\/sk\/wp-json\/wp\/v2\/types\/product"}],"replies":[{"embeddable":true,"href":"https:\/\/medicinasinc.com\/sk\/wp-json\/wp\/v2\/comments?post=4455"}],"wp:featuredmedia":[{"embeddable":true,"href":"https:\/\/medicinasinc.com\/sk\/wp-json\/wp\/v2\/media\/4489"}],"wp:attachment":[{"href":"https:\/\/medicinasinc.com\/sk\/wp-json\/wp\/v2\/media?parent=4455"}],"wp:term":[{"taxonomy":"product_brand","embeddable":true,"href":"https:\/\/medicinasinc.com\/sk\/wp-json\/wp\/v2\/product_brand?post=4455"},{"taxonomy":"product_cat","embeddable":true,"href":"https:\/\/medicinasinc.com\/sk\/wp-json\/wp\/v2\/product_cat?post=4455"},{"taxonomy":"product_tag","embeddable":true,"href":"https:\/\/medicinasinc.com\/sk\/wp-json\/wp\/v2\/product_tag?post=4455"}],"curies":[{"name":"wp","href":"https:\/\/api.w.org\/{rel}","templated":true}]}}