{"id":4431,"date":"2022-02-20T09:14:34","date_gmt":"2022-02-20T09:14:34","guid":{"rendered":"https:\/\/medicinasinc.com\/sk\/?post_type=product&#038;p=4431"},"modified":"2022-03-22T01:23:27","modified_gmt":"2022-03-22T01:23:27","slug":"buy-thc-destilate-superior-extract","status":"publish","type":"product","link":"https:\/\/medicinasinc.com\/sk\/product\/buy-thc-destilate-superior-extract\/","title":{"rendered":"K\u00fapte si destil\u00e1t THC \u2013 vynikaj\u00faci extrakt"},"content":{"rendered":"<p>K\u00fapte si destil\u00e1t THC \u2013 pr\u00e9miov\u00fd extrakt<\/p>\n<p>Pr\u00e9miov\u00fd destil\u00e1t THC je koncentr\u00e1t z kanabisu vyroben\u00fd v Kanade. Tento produkt bol laborat\u00f3rne testovan\u00fd a zistilo sa, \u017ee obsahuje vysok\u00fa koncentr\u00e1ciu THC v rozmedz\u00ed od 95 do 98 percent. N\u00e1\u0161 destil\u00e1t THC je extr\u00e9mne stabiln\u00fd pri izbovej teplote a nerozte\u010die sa. Okrem toho je v\u00fdnimo\u010dnej kvality, neobsahuje rozp\u00fa\u0161\u0165adl\u00e1, je kri\u0161t\u00e1\u013eovo \u010dist\u00fd a priesvitn\u00fd. Destil\u00e1t je druh extraktu, ktor\u00fd sa pou\u017e\u00edva r\u00f4znymi sp\u00f4sobmi. Aby sme vymenovali aspo\u0148 niektor\u00e9, medzi ne patr\u00ed dop\u013a\u0148anie vapovac\u00edch kaziet, vytv\u00e1ranie po\u017e\u00edvat\u00edn a nan\u00e1\u0161anie do s\u00fapravy.<\/p>\n","protected":false},"excerpt":{"rendered":"<ul>\n<li>Celosvetov\u00e1 doprava<\/li>\n<li>Minim\u00e1lne mno\u017estvo objedn\u00e1vky je <strong>2<\/strong><\/li>\n<li><strong>Kontaktujte n\u00e1s<\/strong>\u00a0pre v\u00e4\u010d\u0161ie objedn\u00e1vky<\/li>\n<\/ul>\n","protected":false},"featured_media":4465,"comment_status":"open","ping_status":"closed","template":"","meta":[],"product_brand":[],"product_cat":[440],"product_tag":[],"class_list":{"0":"post-4431","1":"product","2":"type-product","3":"status-publish","4":"has-post-thumbnail","6":"product_cat-kpi-konope-cbd-olej","8":"first","9":"instock","10":"shipping-taxable","11":"purchasable","12":"product-type-variable","13":"has-default-attributes"},"yoast_head":"<!-- This site is optimized with the Yoast SEO plugin v27.3 - https:\/\/yoast.com\/product\/yoast-seo-wordpress\/ -->\n<title>K\u00fapte si destil\u00e1t THC \u2013 vynikaj\u00faci extrakt \u2013 najlep\u0161ie glob\u00e1lne lieky<\/title>\n<meta name=\"description\" content=\"K\u00fapte si extrakt z destil\u00e1tu THC Superior a koncentr\u00e1ty THC na predaj z Ve\u013ekej Brit\u00e1nie, najlep\u0161ieho online v\u00fddaj\u0148a v Eur\u00f3pe. Objednajte teraz a z\u00edskajte dopravu zadarmo pri n\u00e1kupe nad 150 $!\" \/>\n<meta name=\"robots\" content=\"index, follow, max-snippet:-1, max-image-preview:large, max-video-preview:-1\" \/>\n<link rel=\"canonical\" href=\"https:\/\/medicinasinc.com\/sk\/product\/buy-thc-destilate-superior-extract\/\" \/>\n<meta property=\"og:locale\" content=\"en_US\" \/>\n<meta property=\"og:type\" content=\"article\" \/>\n<meta property=\"og:title\" content=\"K\u00fapte si destil\u00e1t THC \u2013 vynikaj\u00faci extrakt \u2013 najlep\u0161ie glob\u00e1lne lieky\" \/>\n<meta property=\"og:description\" content=\"K\u00fapte si extrakt z destil\u00e1tu THC Superior a koncentr\u00e1ty THC na predaj z Ve\u013ekej Brit\u00e1nie, najlep\u0161ieho online v\u00fddaj\u0148a v Eur\u00f3pe. Objednajte teraz a z\u00edskajte dopravu zadarmo pri n\u00e1kupe nad 150 $!\" \/>\n<meta property=\"og:url\" content=\"https:\/\/medicinasinc.com\/sk\/product\/buy-thc-destilate-superior-extract\/\" \/>\n<meta property=\"og:site_name\" content=\"Medicinas Inc\" \/>\n<meta property=\"article:modified_time\" content=\"2022-03-22T01:23:27+00:00\" \/>\n<meta property=\"og:image\" content=\"https:\/\/medicinasinc.com\/sk\/wp-content\/uploads\/sites\/10\/2022\/02\/Buy-THC-DISTILLATE-1.jpg\" \/>\n\t<meta property=\"og:image:width\" content=\"800\" \/>\n\t<meta property=\"og:image:height\" content=\"800\" \/>\n\t<meta property=\"og:image:type\" content=\"image\/jpeg\" \/>\n<meta name=\"twitter:card\" content=\"summary_large_image\" \/>\n<meta name=\"twitter:label1\" content=\"Est. reading time\" \/>\n\t<meta name=\"twitter:data1\" content=\"1 minute\" \/>\n<script type=\"application\/ld+json\" class=\"yoast-schema-graph\">{\"@context\":\"https:\\\/\\\/schema.org\",\"@graph\":[{\"@type\":\"WebPage\",\"@id\":\"https:\\\/\\\/medicinasinc.com\\\/sk\\\/product\\\/buy-thc-destilate-superior-extract\\\/\",\"url\":\"https:\\\/\\\/medicinasinc.com\\\/sk\\\/product\\\/buy-thc-destilate-superior-extract\\\/\",\"name\":\"K\u00fapte si destil\u00e1t THC \u2013 vynikaj\u00faci extrakt \u2013 najlep\u0161ie glob\u00e1lne lieky\",\"isPartOf\":{\"@id\":\"https:\\\/\\\/medicinasinc.com\\\/sk\\\/#website\"},\"primaryImageOfPage\":{\"@id\":\"https:\\\/\\\/medicinasinc.com\\\/sk\\\/product\\\/buy-thc-destilate-superior-extract\\\/#primaryimage\"},\"image\":{\"@id\":\"https:\\\/\\\/medicinasinc.com\\\/sk\\\/product\\\/buy-thc-destilate-superior-extract\\\/#primaryimage\"},\"thumbnailUrl\":\"https:\\\/\\\/medicinasinc.com\\\/sk\\\/wp-content\\\/uploads\\\/sites\\\/10\\\/2022\\\/02\\\/Buy-THC-DISTILLATE-1.jpg\",\"datePublished\":\"2022-02-20T09:14:34+00:00\",\"dateModified\":\"2022-03-22T01:23:27+00:00\",\"description\":\"K\u00fapte si extrakt z destil\u00e1tu THC Superior a koncentr\u00e1ty THC na predaj z Ve\u013ekej Brit\u00e1nie, najlep\u0161ieho online v\u00fddaj\u0148a v Eur\u00f3pe. Objednajte teraz a z\u00edskajte dopravu zadarmo pri n\u00e1kupe nad 150 $!\",\"breadcrumb\":{\"@id\":\"https:\\\/\\\/medicinasinc.com\\\/sk\\\/product\\\/buy-thc-destilate-superior-extract\\\/#breadcrumb\"},\"inLanguage\":\"en-US\",\"potentialAction\":[{\"@type\":\"ReadAction\",\"target\":[\"https:\\\/\\\/medicinasinc.com\\\/sk\\\/product\\\/buy-thc-destilate-superior-extract\\\/\"]}]},{\"@type\":\"ImageObject\",\"inLanguage\":\"en-US\",\"@id\":\"https:\\\/\\\/medicinasinc.com\\\/sk\\\/product\\\/buy-thc-destilate-superior-extract\\\/#primaryimage\",\"url\":\"https:\\\/\\\/medicinasinc.com\\\/sk\\\/wp-content\\\/uploads\\\/sites\\\/10\\\/2022\\\/02\\\/Buy-THC-DISTILLATE-1.jpg\",\"contentUrl\":\"https:\\\/\\\/medicinasinc.com\\\/sk\\\/wp-content\\\/uploads\\\/sites\\\/10\\\/2022\\\/02\\\/Buy-THC-DISTILLATE-1.jpg\",\"width\":800,\"height\":800},{\"@type\":\"BreadcrumbList\",\"@id\":\"https:\\\/\\\/medicinasinc.com\\\/sk\\\/product\\\/buy-thc-destilate-superior-extract\\\/#breadcrumb\",\"itemListElement\":[{\"@type\":\"ListItem\",\"position\":1,\"name\":\"Obchod\",\"item\":\"https:\\\/\\\/medicinasinc.com\\\/sk\\\/obchod\\\/\"},{\"@type\":\"ListItem\",\"position\":2,\"name\":\"K\u00fapte si destil\u00e1t THC \u2013 vynikaj\u00faci extrakt\"}]},{\"@type\":\"WebSite\",\"@id\":\"https:\\\/\\\/medicinasinc.com\\\/sk\\\/#website\",\"url\":\"https:\\\/\\\/medicinasinc.com\\\/sk\\\/\",\"name\":\"Medicinas Inc\",\"description\":\"Health Medical Clinic\",\"potentialAction\":[{\"@type\":\"SearchAction\",\"target\":{\"@type\":\"EntryPoint\",\"urlTemplate\":\"https:\\\/\\\/medicinasinc.com\\\/sk\\\/?s={search_term_string}\"},\"query-input\":{\"@type\":\"PropertyValueSpecification\",\"valueRequired\":true,\"valueName\":\"search_term_string\"}}],\"inLanguage\":\"en-US\"}]}<\/script>\n<!-- \/ Yoast SEO plugin. -->","yoast_head_json":{"title":"K\u00fapte si destil\u00e1t THC \u2013 vynikaj\u00faci extrakt \u2013 najlep\u0161ie glob\u00e1lne lieky","description":"K\u00fapte si extrakt z destil\u00e1tu THC Superior a koncentr\u00e1ty THC na predaj z Ve\u013ekej Brit\u00e1nie, najlep\u0161ieho online v\u00fddaj\u0148a v Eur\u00f3pe. Objednajte teraz a z\u00edskajte dopravu zadarmo pri n\u00e1kupe nad 150 $!","robots":{"index":"index","follow":"follow","max-snippet":"max-snippet:-1","max-image-preview":"max-image-preview:large","max-video-preview":"max-video-preview:-1"},"canonical":"https:\/\/medicinasinc.com\/sk\/product\/buy-thc-destilate-superior-extract\/","og_locale":"en_US","og_type":"article","og_title":"K\u00fapte si destil\u00e1t THC \u2013 vynikaj\u00faci extrakt \u2013 najlep\u0161ie glob\u00e1lne lieky","og_description":"K\u00fapte si extrakt z destil\u00e1tu THC Superior a koncentr\u00e1ty THC na predaj z Ve\u013ekej Brit\u00e1nie, najlep\u0161ieho online v\u00fddaj\u0148a v Eur\u00f3pe. Objednajte teraz a z\u00edskajte dopravu zadarmo pri n\u00e1kupe nad 150 $!","og_url":"https:\/\/medicinasinc.com\/sk\/product\/buy-thc-destilate-superior-extract\/","og_site_name":"Medicinas Inc","article_modified_time":"2022-03-22T01:23:27+00:00","og_image":[{"width":800,"height":800,"url":"https:\/\/medicinasinc.com\/sk\/wp-content\/uploads\/sites\/10\/2022\/02\/Buy-THC-DISTILLATE-1.jpg","type":"image\/jpeg"}],"twitter_card":"summary_large_image","twitter_misc":{"Est. reading time":"1 minute"},"schema":{"@context":"https:\/\/schema.org","@graph":[{"@type":"WebPage","@id":"https:\/\/medicinasinc.com\/sk\/product\/buy-thc-destilate-superior-extract\/","url":"https:\/\/medicinasinc.com\/sk\/product\/buy-thc-destilate-superior-extract\/","name":"K\u00fapte si destil\u00e1t THC \u2013 vynikaj\u00faci extrakt \u2013 najlep\u0161ie glob\u00e1lne lieky","isPartOf":{"@id":"https:\/\/medicinasinc.com\/sk\/#website"},"primaryImageOfPage":{"@id":"https:\/\/medicinasinc.com\/sk\/product\/buy-thc-destilate-superior-extract\/#primaryimage"},"image":{"@id":"https:\/\/medicinasinc.com\/sk\/product\/buy-thc-destilate-superior-extract\/#primaryimage"},"thumbnailUrl":"https:\/\/medicinasinc.com\/sk\/wp-content\/uploads\/sites\/10\/2022\/02\/Buy-THC-DISTILLATE-1.jpg","datePublished":"2022-02-20T09:14:34+00:00","dateModified":"2022-03-22T01:23:27+00:00","description":"K\u00fapte si extrakt z destil\u00e1tu THC Superior a koncentr\u00e1ty THC na predaj z Ve\u013ekej Brit\u00e1nie, najlep\u0161ieho online v\u00fddaj\u0148a v Eur\u00f3pe. Objednajte teraz a z\u00edskajte dopravu zadarmo pri n\u00e1kupe nad 150 $!","breadcrumb":{"@id":"https:\/\/medicinasinc.com\/sk\/product\/buy-thc-destilate-superior-extract\/#breadcrumb"},"inLanguage":"en-US","potentialAction":[{"@type":"ReadAction","target":["https:\/\/medicinasinc.com\/sk\/product\/buy-thc-destilate-superior-extract\/"]}]},{"@type":"ImageObject","inLanguage":"en-US","@id":"https:\/\/medicinasinc.com\/sk\/product\/buy-thc-destilate-superior-extract\/#primaryimage","url":"https:\/\/medicinasinc.com\/sk\/wp-content\/uploads\/sites\/10\/2022\/02\/Buy-THC-DISTILLATE-1.jpg","contentUrl":"https:\/\/medicinasinc.com\/sk\/wp-content\/uploads\/sites\/10\/2022\/02\/Buy-THC-DISTILLATE-1.jpg","width":800,"height":800},{"@type":"BreadcrumbList","@id":"https:\/\/medicinasinc.com\/sk\/product\/buy-thc-destilate-superior-extract\/#breadcrumb","itemListElement":[{"@type":"ListItem","position":1,"name":"Obchod","item":"https:\/\/medicinasinc.com\/sk\/obchod\/"},{"@type":"ListItem","position":2,"name":"K\u00fapte si destil\u00e1t THC \u2013 vynikaj\u00faci extrakt"}]},{"@type":"WebSite","@id":"https:\/\/medicinasinc.com\/sk\/#website","url":"https:\/\/medicinasinc.com\/sk\/","name":"Medicinas Inc","description":"Health Medical Clinic","potentialAction":[{"@type":"SearchAction","target":{"@type":"EntryPoint","urlTemplate":"https:\/\/medicinasinc.com\/sk\/?s={search_term_string}"},"query-input":{"@type":"PropertyValueSpecification","valueRequired":true,"valueName":"search_term_string"}}],"inLanguage":"en-US"}]}},"_links":{"self":[{"href":"https:\/\/medicinasinc.com\/sk\/wp-json\/wp\/v2\/product\/4431","targetHints":{"allow":["GET"]}}],"collection":[{"href":"https:\/\/medicinasinc.com\/sk\/wp-json\/wp\/v2\/product"}],"about":[{"href":"https:\/\/medicinasinc.com\/sk\/wp-json\/wp\/v2\/types\/product"}],"replies":[{"embeddable":true,"href":"https:\/\/medicinasinc.com\/sk\/wp-json\/wp\/v2\/comments?post=4431"}],"wp:featuredmedia":[{"embeddable":true,"href":"https:\/\/medicinasinc.com\/sk\/wp-json\/wp\/v2\/media\/4465"}],"wp:attachment":[{"href":"https:\/\/medicinasinc.com\/sk\/wp-json\/wp\/v2\/media?parent=4431"}],"wp:term":[{"taxonomy":"product_brand","embeddable":true,"href":"https:\/\/medicinasinc.com\/sk\/wp-json\/wp\/v2\/product_brand?post=4431"},{"taxonomy":"product_cat","embeddable":true,"href":"https:\/\/medicinasinc.com\/sk\/wp-json\/wp\/v2\/product_cat?post=4431"},{"taxonomy":"product_tag","embeddable":true,"href":"https:\/\/medicinasinc.com\/sk\/wp-json\/wp\/v2\/product_tag?post=4431"}],"curies":[{"name":"wp","href":"https:\/\/api.w.org\/{rel}","templated":true}]}}