{"id":4425,"date":"2022-02-20T09:10:27","date_gmt":"2022-02-20T09:10:27","guid":{"rendered":"https:\/\/medicinasinc.com\/sk\/?post_type=product&#038;p=4425"},"modified":"2022-03-22T01:23:39","modified_gmt":"2022-03-22T01:23:39","slug":"kupit-skywalker-og-thc-destilat-koser-extrakt","status":"publish","type":"product","link":"https:\/\/medicinasinc.com\/sk\/product\/kupit-skywalker-og-thc-destilat-koser-extrakt\/","title":{"rendered":"K\u00fapte si Skywalker OG THC Destilate \u2013 k\u00f3\u0161er extrakt"},"content":{"rendered":"<p>K\u00f3\u0161er extrakt destil\u00e1tu THC<\/p>\n<p>Destil\u00e1t THC je jedn\u00fdm z naj\u010distej\u0161\u00edch a najsilnej\u0161\u00edch extraktov z kanabisu na trhu, ktor\u00fd poskytuje \u0161irok\u00fa \u0161k\u00e1lu lie\u010div\u00fdch v\u00fdhod a vlastnost\u00ed. Konope sa rozklad\u00e1 pomocou molekul\u00e1rnej kr\u00e1tkocestnej destil\u00e1cie, k\u00fdm sa prakticky ka\u017ed\u00e1 zlo\u017eka neoddel\u00ed od THC (to zah\u0155\u0148a: terp\u00e9ny, rastlinn\u00e9 lipidy, pestic\u00eddy a in\u00e9 kontaminanty). T\u00e1to met\u00f3da produkuje extr\u00e9mne \u010dist\u00fd extrakt z kanabisu bez pou\u017eitia rozp\u00fa\u0161\u0165adiel na extrakciu THC. Spolu s touto \u010distotou sa destil\u00e1ciou z\u00edska produkt, ktor\u00fd je v\u00fdrazne \u00fa\u010dinnej\u0161\u00ed ako such\u00e9 bylinkov\u00e9 alebo in\u00e9 extrakty z konope. Destil\u00e1t THC m\u00f4\u017ee obsahova\u0165 85 a\u017e 99 percent THC!<\/p>\n","protected":false},"excerpt":{"rendered":"<p><em>K\u00fapte si Skywalker OG Destilate<\/em>\u00a0Injek\u010dn\u00e1 strieka\u010dka je relaxa\u010dn\u00fd olej Indica, ktor\u00fd upokojuje myse\u013e, uvo\u013e\u0148uje telo a uv\u00e1dza v\u00e1s do tot\u00e1lnej euf\u00f3rie.<\/p>\n<p><em>K\u00fapi\u0165 Skywalker OG destil\u00e1t THC<\/em>\u00a0&#8211; k\u00f3\u0161er extrakt online v Kanade z najv\u00e4\u010d\u0161ej online v\u00fddajne, Buy My Weed Online.<\/p>\n<ul>\n<li><\/li>\n<li>Celosvetov\u00e1 doprava<\/li>\n<li>Minim\u00e1lne mno\u017estvo objedn\u00e1vky je 5<\/li>\n<li><strong>Kontaktujte n\u00e1s<\/strong>\u00a0pre v\u00e4\u010d\u0161ie objedn\u00e1vky<\/li>\n<\/ul>\n","protected":false},"featured_media":4459,"comment_status":"open","ping_status":"closed","template":"","meta":[],"product_brand":[],"product_cat":[440],"product_tag":[],"class_list":{"0":"post-4425","1":"product","2":"type-product","3":"status-publish","4":"has-post-thumbnail","6":"product_cat-kpi-konope-cbd-olej","8":"first","9":"instock","10":"shipping-taxable","11":"purchasable","12":"product-type-variable","13":"has-default-attributes"},"yoast_head":"<!-- This site is optimized with the Yoast SEO plugin v27.3 - https:\/\/yoast.com\/product\/yoast-seo-wordpress\/ -->\n<title>K\u00fapi\u0165 Skywalker OG THC Distillate \u2013 k\u00f3\u0161er extrakt \u2013 uk\u00e1\u017eka popisu Best Global MedsMeta:<\/title>\n<meta name=\"description\" content=\"K\u00fapte si predaj destil\u00e1tu Skywalker OG THC - k\u00f3\u0161er extrakt online v Eur\u00f3pe z najv\u00e4\u010d\u0161ej online v\u00fddajne, Buy My Weed Online.\" \/>\n<meta name=\"robots\" content=\"index, follow, max-snippet:-1, max-image-preview:large, max-video-preview:-1\" \/>\n<link rel=\"canonical\" href=\"https:\/\/medicinasinc.com\/sk\/product\/kupit-skywalker-og-thc-destilat-koser-extrakt\/\" \/>\n<meta property=\"og:locale\" content=\"en_US\" \/>\n<meta property=\"og:type\" content=\"article\" \/>\n<meta property=\"og:title\" content=\"K\u00fapi\u0165 Skywalker OG THC Distillate \u2013 k\u00f3\u0161er extrakt \u2013 uk\u00e1\u017eka popisu Best Global MedsMeta:\" \/>\n<meta property=\"og:description\" content=\"K\u00fapte si predaj destil\u00e1tu Skywalker OG THC - k\u00f3\u0161er extrakt online v Eur\u00f3pe z najv\u00e4\u010d\u0161ej online v\u00fddajne, Buy My Weed Online.\" \/>\n<meta property=\"og:url\" content=\"https:\/\/medicinasinc.com\/sk\/product\/kupit-skywalker-og-thc-destilat-koser-extrakt\/\" \/>\n<meta property=\"og:site_name\" content=\"Medicinas Inc\" \/>\n<meta property=\"article:modified_time\" content=\"2022-03-22T01:23:39+00:00\" \/>\n<meta property=\"og:image\" content=\"https:\/\/medicinasinc.com\/sk\/wp-content\/uploads\/sites\/10\/2022\/02\/Buy-Skywalker-OG-THC-Distillate.jpg\" \/>\n\t<meta property=\"og:image:width\" content=\"980\" \/>\n\t<meta property=\"og:image:height\" content=\"980\" \/>\n\t<meta property=\"og:image:type\" content=\"image\/jpeg\" \/>\n<meta name=\"twitter:card\" content=\"summary_large_image\" \/>\n<meta name=\"twitter:label1\" content=\"Est. reading time\" \/>\n\t<meta name=\"twitter:data1\" content=\"1 minute\" \/>\n<script type=\"application\/ld+json\" class=\"yoast-schema-graph\">{\"@context\":\"https:\\\/\\\/schema.org\",\"@graph\":[{\"@type\":\"WebPage\",\"@id\":\"https:\\\/\\\/medicinasinc.com\\\/sk\\\/product\\\/kupit-skywalker-og-thc-destilat-koser-extrakt\\\/\",\"url\":\"https:\\\/\\\/medicinasinc.com\\\/sk\\\/product\\\/kupit-skywalker-og-thc-destilat-koser-extrakt\\\/\",\"name\":\"K\u00fapi\u0165 Skywalker OG THC Distillate \u2013 k\u00f3\u0161er extrakt \u2013 uk\u00e1\u017eka popisu Best Global MedsMeta:\",\"isPartOf\":{\"@id\":\"https:\\\/\\\/medicinasinc.com\\\/sk\\\/#website\"},\"primaryImageOfPage\":{\"@id\":\"https:\\\/\\\/medicinasinc.com\\\/sk\\\/product\\\/kupit-skywalker-og-thc-destilat-koser-extrakt\\\/#primaryimage\"},\"image\":{\"@id\":\"https:\\\/\\\/medicinasinc.com\\\/sk\\\/product\\\/kupit-skywalker-og-thc-destilat-koser-extrakt\\\/#primaryimage\"},\"thumbnailUrl\":\"https:\\\/\\\/medicinasinc.com\\\/sk\\\/wp-content\\\/uploads\\\/sites\\\/10\\\/2022\\\/02\\\/Buy-Skywalker-OG-THC-Distillate.jpg\",\"datePublished\":\"2022-02-20T09:10:27+00:00\",\"dateModified\":\"2022-03-22T01:23:39+00:00\",\"description\":\"K\u00fapte si predaj destil\u00e1tu Skywalker OG THC - k\u00f3\u0161er extrakt online v Eur\u00f3pe z najv\u00e4\u010d\u0161ej online v\u00fddajne, Buy My Weed Online.\",\"breadcrumb\":{\"@id\":\"https:\\\/\\\/medicinasinc.com\\\/sk\\\/product\\\/kupit-skywalker-og-thc-destilat-koser-extrakt\\\/#breadcrumb\"},\"inLanguage\":\"en-US\",\"potentialAction\":[{\"@type\":\"ReadAction\",\"target\":[\"https:\\\/\\\/medicinasinc.com\\\/sk\\\/product\\\/kupit-skywalker-og-thc-destilat-koser-extrakt\\\/\"]}]},{\"@type\":\"ImageObject\",\"inLanguage\":\"en-US\",\"@id\":\"https:\\\/\\\/medicinasinc.com\\\/sk\\\/product\\\/kupit-skywalker-og-thc-destilat-koser-extrakt\\\/#primaryimage\",\"url\":\"https:\\\/\\\/medicinasinc.com\\\/sk\\\/wp-content\\\/uploads\\\/sites\\\/10\\\/2022\\\/02\\\/Buy-Skywalker-OG-THC-Distillate.jpg\",\"contentUrl\":\"https:\\\/\\\/medicinasinc.com\\\/sk\\\/wp-content\\\/uploads\\\/sites\\\/10\\\/2022\\\/02\\\/Buy-Skywalker-OG-THC-Distillate.jpg\",\"width\":980,\"height\":980},{\"@type\":\"BreadcrumbList\",\"@id\":\"https:\\\/\\\/medicinasinc.com\\\/sk\\\/product\\\/kupit-skywalker-og-thc-destilat-koser-extrakt\\\/#breadcrumb\",\"itemListElement\":[{\"@type\":\"ListItem\",\"position\":1,\"name\":\"Obchod\",\"item\":\"https:\\\/\\\/medicinasinc.com\\\/sk\\\/obchod\\\/\"},{\"@type\":\"ListItem\",\"position\":2,\"name\":\"K\u00fapte si Skywalker OG THC Destilate \u2013 k\u00f3\u0161er extrakt\"}]},{\"@type\":\"WebSite\",\"@id\":\"https:\\\/\\\/medicinasinc.com\\\/sk\\\/#website\",\"url\":\"https:\\\/\\\/medicinasinc.com\\\/sk\\\/\",\"name\":\"Medicinas Inc\",\"description\":\"Health Medical Clinic\",\"potentialAction\":[{\"@type\":\"SearchAction\",\"target\":{\"@type\":\"EntryPoint\",\"urlTemplate\":\"https:\\\/\\\/medicinasinc.com\\\/sk\\\/?s={search_term_string}\"},\"query-input\":{\"@type\":\"PropertyValueSpecification\",\"valueRequired\":true,\"valueName\":\"search_term_string\"}}],\"inLanguage\":\"en-US\"}]}<\/script>\n<!-- \/ Yoast SEO plugin. -->","yoast_head_json":{"title":"K\u00fapi\u0165 Skywalker OG THC Distillate \u2013 k\u00f3\u0161er extrakt \u2013 uk\u00e1\u017eka popisu Best Global MedsMeta:","description":"K\u00fapte si predaj destil\u00e1tu Skywalker OG THC - k\u00f3\u0161er extrakt online v Eur\u00f3pe z najv\u00e4\u010d\u0161ej online v\u00fddajne, Buy My Weed Online.","robots":{"index":"index","follow":"follow","max-snippet":"max-snippet:-1","max-image-preview":"max-image-preview:large","max-video-preview":"max-video-preview:-1"},"canonical":"https:\/\/medicinasinc.com\/sk\/product\/kupit-skywalker-og-thc-destilat-koser-extrakt\/","og_locale":"en_US","og_type":"article","og_title":"K\u00fapi\u0165 Skywalker OG THC Distillate \u2013 k\u00f3\u0161er extrakt \u2013 uk\u00e1\u017eka popisu Best Global MedsMeta:","og_description":"K\u00fapte si predaj destil\u00e1tu Skywalker OG THC - k\u00f3\u0161er extrakt online v Eur\u00f3pe z najv\u00e4\u010d\u0161ej online v\u00fddajne, Buy My Weed Online.","og_url":"https:\/\/medicinasinc.com\/sk\/product\/kupit-skywalker-og-thc-destilat-koser-extrakt\/","og_site_name":"Medicinas Inc","article_modified_time":"2022-03-22T01:23:39+00:00","og_image":[{"width":980,"height":980,"url":"https:\/\/medicinasinc.com\/sk\/wp-content\/uploads\/sites\/10\/2022\/02\/Buy-Skywalker-OG-THC-Distillate.jpg","type":"image\/jpeg"}],"twitter_card":"summary_large_image","twitter_misc":{"Est. reading time":"1 minute"},"schema":{"@context":"https:\/\/schema.org","@graph":[{"@type":"WebPage","@id":"https:\/\/medicinasinc.com\/sk\/product\/kupit-skywalker-og-thc-destilat-koser-extrakt\/","url":"https:\/\/medicinasinc.com\/sk\/product\/kupit-skywalker-og-thc-destilat-koser-extrakt\/","name":"K\u00fapi\u0165 Skywalker OG THC Distillate \u2013 k\u00f3\u0161er extrakt \u2013 uk\u00e1\u017eka popisu Best Global MedsMeta:","isPartOf":{"@id":"https:\/\/medicinasinc.com\/sk\/#website"},"primaryImageOfPage":{"@id":"https:\/\/medicinasinc.com\/sk\/product\/kupit-skywalker-og-thc-destilat-koser-extrakt\/#primaryimage"},"image":{"@id":"https:\/\/medicinasinc.com\/sk\/product\/kupit-skywalker-og-thc-destilat-koser-extrakt\/#primaryimage"},"thumbnailUrl":"https:\/\/medicinasinc.com\/sk\/wp-content\/uploads\/sites\/10\/2022\/02\/Buy-Skywalker-OG-THC-Distillate.jpg","datePublished":"2022-02-20T09:10:27+00:00","dateModified":"2022-03-22T01:23:39+00:00","description":"K\u00fapte si predaj destil\u00e1tu Skywalker OG THC - k\u00f3\u0161er extrakt online v Eur\u00f3pe z najv\u00e4\u010d\u0161ej online v\u00fddajne, Buy My Weed Online.","breadcrumb":{"@id":"https:\/\/medicinasinc.com\/sk\/product\/kupit-skywalker-og-thc-destilat-koser-extrakt\/#breadcrumb"},"inLanguage":"en-US","potentialAction":[{"@type":"ReadAction","target":["https:\/\/medicinasinc.com\/sk\/product\/kupit-skywalker-og-thc-destilat-koser-extrakt\/"]}]},{"@type":"ImageObject","inLanguage":"en-US","@id":"https:\/\/medicinasinc.com\/sk\/product\/kupit-skywalker-og-thc-destilat-koser-extrakt\/#primaryimage","url":"https:\/\/medicinasinc.com\/sk\/wp-content\/uploads\/sites\/10\/2022\/02\/Buy-Skywalker-OG-THC-Distillate.jpg","contentUrl":"https:\/\/medicinasinc.com\/sk\/wp-content\/uploads\/sites\/10\/2022\/02\/Buy-Skywalker-OG-THC-Distillate.jpg","width":980,"height":980},{"@type":"BreadcrumbList","@id":"https:\/\/medicinasinc.com\/sk\/product\/kupit-skywalker-og-thc-destilat-koser-extrakt\/#breadcrumb","itemListElement":[{"@type":"ListItem","position":1,"name":"Obchod","item":"https:\/\/medicinasinc.com\/sk\/obchod\/"},{"@type":"ListItem","position":2,"name":"K\u00fapte si Skywalker OG THC Destilate \u2013 k\u00f3\u0161er extrakt"}]},{"@type":"WebSite","@id":"https:\/\/medicinasinc.com\/sk\/#website","url":"https:\/\/medicinasinc.com\/sk\/","name":"Medicinas Inc","description":"Health Medical Clinic","potentialAction":[{"@type":"SearchAction","target":{"@type":"EntryPoint","urlTemplate":"https:\/\/medicinasinc.com\/sk\/?s={search_term_string}"},"query-input":{"@type":"PropertyValueSpecification","valueRequired":true,"valueName":"search_term_string"}}],"inLanguage":"en-US"}]}},"_links":{"self":[{"href":"https:\/\/medicinasinc.com\/sk\/wp-json\/wp\/v2\/product\/4425","targetHints":{"allow":["GET"]}}],"collection":[{"href":"https:\/\/medicinasinc.com\/sk\/wp-json\/wp\/v2\/product"}],"about":[{"href":"https:\/\/medicinasinc.com\/sk\/wp-json\/wp\/v2\/types\/product"}],"replies":[{"embeddable":true,"href":"https:\/\/medicinasinc.com\/sk\/wp-json\/wp\/v2\/comments?post=4425"}],"wp:featuredmedia":[{"embeddable":true,"href":"https:\/\/medicinasinc.com\/sk\/wp-json\/wp\/v2\/media\/4459"}],"wp:attachment":[{"href":"https:\/\/medicinasinc.com\/sk\/wp-json\/wp\/v2\/media?parent=4425"}],"wp:term":[{"taxonomy":"product_brand","embeddable":true,"href":"https:\/\/medicinasinc.com\/sk\/wp-json\/wp\/v2\/product_brand?post=4425"},{"taxonomy":"product_cat","embeddable":true,"href":"https:\/\/medicinasinc.com\/sk\/wp-json\/wp\/v2\/product_cat?post=4425"},{"taxonomy":"product_tag","embeddable":true,"href":"https:\/\/medicinasinc.com\/sk\/wp-json\/wp\/v2\/product_tag?post=4425"}],"curies":[{"name":"wp","href":"https:\/\/api.w.org\/{rel}","templated":true}]}}