{"id":4413,"date":"2022-02-20T09:01:25","date_gmt":"2022-02-20T09:01:25","guid":{"rendered":"https:\/\/medicinasinc.com\/sk\/?post_type=product&#038;p=4413"},"modified":"2022-03-22T01:23:48","modified_gmt":"2022-03-22T01:23:48","slug":"rso-ruzovy-kush-olej-5-ml","status":"publish","type":"product","link":"https:\/\/medicinasinc.com\/sk\/product\/rso-ruzovy-kush-olej-5-ml\/","title":{"rendered":"RSO | Pink Kush Oil \u2013 5 ml"},"content":{"rendered":"<p>Kush Pink (Rick Simpson Oil)<\/p>\n<p>5 ml v d\u00e1vkova\u010di \u201eEos\u201c vyrobenom z polypropyl\u00e9nu so zelen\u00fdm z\u00e1vitom pre presn\u00e9 d\u00e1vkovanie.<\/p>\n<p>Tento olej Ricka Simpsona je odvoden\u00fd z ru\u017eovej Kvety Kush pestovan\u00e9 vo svie\u017eom vn\u00fatrozem\u00ed Britskej Kolumbie!<\/p>\n<p>Pink Kush je pova\u017eovan\u00fd za vzdialen\u00e9ho pr\u00edbuzn\u00e9ho legend\u00e1rneho OG Kush (jeden z najpopul\u00e1rnej\u0161\u00edch kme\u0148ov v hist\u00f3rii kanabisu). Pink Kush pokra\u010duje v trad\u00edcii t\u00fdm, \u017ee poskytuje siln\u00e9 telo, v\u010faka \u010domu je jedn\u00fdm z najlie\u010divej\u0161\u00edch dostupn\u00fdch kme\u0148ov. \u00da\u010dinky tohto kme\u0148a s\u00fa takmer okam\u017eit\u00e9. Pou\u017e\u00edvate\u013ea zaplav\u00ed hrejiv\u00fd pocit tela, ktor\u00fd je sprev\u00e1dzan\u00fd intenz\u00edvne euforick\u00fdm bzukotom mozgu. Hybrid s dominanciou sativy, ktor\u00fd poskytuje intenz\u00edvnu v\u00fd\u0161ku zameran\u00fa na telo. Pink Kush je preto \u00fa\u010dinnou lie\u010dbou \u00fazkosti, depresie, z\u00e1palu, chronickej bolesti, bolesti hlavy, nespavosti a straty chuti do jedla.<\/p>\n<p>Nez\u00e1visl\u00e9 testovanie v laborat\u00f3ri\u00e1ch MB odhalilo, \u017ee tento pr\u00e9miov\u00fd RSO obsahuje viac ako 73,27 percent kanabinoidov, vr\u00e1tane 68,80 percent THC!<\/p>\n<p>Zistili sme, \u017ee tento produkt obsahuje 90 % indica.<\/p>\n<p>1) Delta-9 THC = 68,80 %<br \/> 2) CBG = 1,80 %<br \/> 3) CBC = 0,96 %<br \/> 4) CBN = 0,89 %<br \/> 5) CBD = 0,44 %<\/p>\n<div class=\"product-next-previous\"> &lt;div class=&quot;product-prev <\/div><\/div>\n","protected":false},"excerpt":{"rendered":"<p>K\u00fapi\u0165 RSO | Pink Kush Oil &amp;# 8211; 5 ml na predaj online USA, Eur\u00f3pa z najv\u00e4\u010d\u0161ej online v\u00fddajne, Buy My Weed Online na predaj.<\/p>\n<p><em>K\u00fapi\u0165<\/em>\u00a0Viridesco&#8217;s\u00a0<em>RSO Pink Kush 5ml<\/em>\u00a0dnes z pohodlia v\u00e1\u0161ho domova. <em>Nakupujte RSO<\/em>\u00a0bezpe\u010dne a diskr\u00e9tne z ktorejko\u013evek provincie v Kanade. Objednajte si online e\u0161te dnes!<\/p>\n<ul>\n<li><\/li>\n<li>Celosvetov\u00e1 doprava<\/li>\n<li>Minim\u00e1lne mno\u017estvo objedn\u00e1vky je 5<\/li>\n<li><strong>Kontaktujte n\u00e1s<\/li>\n<p> strong&gt;\u00a0pre v\u00e4\u010d\u0161ie objedn\u00e1vky<\/li>\n<\/ul>\n","protected":false},"featured_media":4447,"comment_status":"open","ping_status":"closed","template":"","meta":[],"product_brand":[],"product_cat":[440],"product_tag":[],"class_list":{"0":"post-4413","1":"product","2":"type-product","3":"status-publish","4":"has-post-thumbnail","6":"product_cat-kpi-konope-cbd-olej","8":"first","9":"instock","10":"shipping-taxable","11":"purchasable","12":"product-type-variable","13":"has-default-attributes"},"yoast_head":"<!-- This site is optimized with the Yoast SEO plugin v27.3 - https:\/\/yoast.com\/product\/yoast-seo-wordpress\/ -->\n<title>RSO | Pink Kush Oil - 5 ml - K\u00fapte si moju tr\u00e1vu online - Global Medicnas<\/title>\n<meta name=\"description\" content=\"K\u00fapi\u0165 RSO | Pink Kush Oil - 5 ml na predaj online USA, Eur\u00f3pa z najv\u00e4\u010d\u0161ej online v\u00fddajne, Buy My Weed Online na predaj.\" \/>\n<meta name=\"robots\" content=\"index, follow, max-snippet:-1, max-image-preview:large, max-video-preview:-1\" \/>\n<link rel=\"canonical\" href=\"https:\/\/medicinasinc.com\/sk\/product\/rso-ruzovy-kush-olej-5-ml\/\" \/>\n<meta property=\"og:locale\" content=\"en_US\" \/>\n<meta property=\"og:type\" content=\"article\" \/>\n<meta property=\"og:title\" content=\"RSO | Pink Kush Oil - 5 ml - K\u00fapte si moju tr\u00e1vu online - Global Medicnas\" \/>\n<meta property=\"og:description\" content=\"K\u00fapi\u0165 RSO | Pink Kush Oil - 5 ml na predaj online USA, Eur\u00f3pa z najv\u00e4\u010d\u0161ej online v\u00fddajne, Buy My Weed Online na predaj.\" \/>\n<meta property=\"og:url\" content=\"https:\/\/medicinasinc.com\/sk\/product\/rso-ruzovy-kush-olej-5-ml\/\" \/>\n<meta property=\"og:site_name\" content=\"Medicinas Inc\" \/>\n<meta property=\"article:modified_time\" content=\"2022-03-22T01:23:48+00:00\" \/>\n<meta property=\"og:image\" content=\"https:\/\/medicinasinc.com\/sk\/wp-content\/uploads\/sites\/10\/2022\/02\/Buy-RSO-Pink-Kush-Oil-\u2013-5ml.jpg\" \/>\n\t<meta property=\"og:image:width\" content=\"800\" \/>\n\t<meta property=\"og:image:height\" content=\"800\" \/>\n\t<meta property=\"og:image:type\" content=\"image\/jpeg\" \/>\n<meta name=\"twitter:card\" content=\"summary_large_image\" \/>\n<meta name=\"twitter:label1\" content=\"Est. reading time\" \/>\n\t<meta name=\"twitter:data1\" content=\"1 minute\" \/>\n<script type=\"application\/ld+json\" class=\"yoast-schema-graph\">{\"@context\":\"https:\\\/\\\/schema.org\",\"@graph\":[{\"@type\":\"WebPage\",\"@id\":\"https:\\\/\\\/medicinasinc.com\\\/sk\\\/product\\\/rso-ruzovy-kush-olej-5-ml\\\/\",\"url\":\"https:\\\/\\\/medicinasinc.com\\\/sk\\\/product\\\/rso-ruzovy-kush-olej-5-ml\\\/\",\"name\":\"RSO | Pink Kush Oil - 5 ml - K\u00fapte si moju tr\u00e1vu online - Global Medicnas\",\"isPartOf\":{\"@id\":\"https:\\\/\\\/medicinasinc.com\\\/sk\\\/#website\"},\"primaryImageOfPage\":{\"@id\":\"https:\\\/\\\/medicinasinc.com\\\/sk\\\/product\\\/rso-ruzovy-kush-olej-5-ml\\\/#primaryimage\"},\"image\":{\"@id\":\"https:\\\/\\\/medicinasinc.com\\\/sk\\\/product\\\/rso-ruzovy-kush-olej-5-ml\\\/#primaryimage\"},\"thumbnailUrl\":\"https:\\\/\\\/medicinasinc.com\\\/sk\\\/wp-content\\\/uploads\\\/sites\\\/10\\\/2022\\\/02\\\/Buy-RSO-Pink-Kush-Oil-\u2013-5ml.jpg\",\"datePublished\":\"2022-02-20T09:01:25+00:00\",\"dateModified\":\"2022-03-22T01:23:48+00:00\",\"description\":\"K\u00fapi\u0165 RSO | Pink Kush Oil - 5 ml na predaj online USA, Eur\u00f3pa z najv\u00e4\u010d\u0161ej online v\u00fddajne, Buy My Weed Online na predaj.\",\"breadcrumb\":{\"@id\":\"https:\\\/\\\/medicinasinc.com\\\/sk\\\/product\\\/rso-ruzovy-kush-olej-5-ml\\\/#breadcrumb\"},\"inLanguage\":\"en-US\",\"potentialAction\":[{\"@type\":\"ReadAction\",\"target\":[\"https:\\\/\\\/medicinasinc.com\\\/sk\\\/product\\\/rso-ruzovy-kush-olej-5-ml\\\/\"]}]},{\"@type\":\"ImageObject\",\"inLanguage\":\"en-US\",\"@id\":\"https:\\\/\\\/medicinasinc.com\\\/sk\\\/product\\\/rso-ruzovy-kush-olej-5-ml\\\/#primaryimage\",\"url\":\"https:\\\/\\\/medicinasinc.com\\\/sk\\\/wp-content\\\/uploads\\\/sites\\\/10\\\/2022\\\/02\\\/Buy-RSO-Pink-Kush-Oil-\u2013-5ml.jpg\",\"contentUrl\":\"https:\\\/\\\/medicinasinc.com\\\/sk\\\/wp-content\\\/uploads\\\/sites\\\/10\\\/2022\\\/02\\\/Buy-RSO-Pink-Kush-Oil-\u2013-5ml.jpg\",\"width\":800,\"height\":800},{\"@type\":\"BreadcrumbList\",\"@id\":\"https:\\\/\\\/medicinasinc.com\\\/sk\\\/product\\\/rso-ruzovy-kush-olej-5-ml\\\/#breadcrumb\",\"itemListElement\":[{\"@type\":\"ListItem\",\"position\":1,\"name\":\"Obchod\",\"item\":\"https:\\\/\\\/medicinasinc.com\\\/sk\\\/obchod\\\/\"},{\"@type\":\"ListItem\",\"position\":2,\"name\":\"RSO | Pink Kush Oil \u2013 5 ml\"}]},{\"@type\":\"WebSite\",\"@id\":\"https:\\\/\\\/medicinasinc.com\\\/sk\\\/#website\",\"url\":\"https:\\\/\\\/medicinasinc.com\\\/sk\\\/\",\"name\":\"Medicinas Inc\",\"description\":\"Health Medical Clinic\",\"potentialAction\":[{\"@type\":\"SearchAction\",\"target\":{\"@type\":\"EntryPoint\",\"urlTemplate\":\"https:\\\/\\\/medicinasinc.com\\\/sk\\\/?s={search_term_string}\"},\"query-input\":{\"@type\":\"PropertyValueSpecification\",\"valueRequired\":true,\"valueName\":\"search_term_string\"}}],\"inLanguage\":\"en-US\"}]}<\/script>\n<!-- \/ Yoast SEO plugin. -->","yoast_head_json":{"title":"RSO | Pink Kush Oil - 5 ml - K\u00fapte si moju tr\u00e1vu online - Global Medicnas","description":"K\u00fapi\u0165 RSO | Pink Kush Oil - 5 ml na predaj online USA, Eur\u00f3pa z najv\u00e4\u010d\u0161ej online v\u00fddajne, Buy My Weed Online na predaj.","robots":{"index":"index","follow":"follow","max-snippet":"max-snippet:-1","max-image-preview":"max-image-preview:large","max-video-preview":"max-video-preview:-1"},"canonical":"https:\/\/medicinasinc.com\/sk\/product\/rso-ruzovy-kush-olej-5-ml\/","og_locale":"en_US","og_type":"article","og_title":"RSO | Pink Kush Oil - 5 ml - K\u00fapte si moju tr\u00e1vu online - Global Medicnas","og_description":"K\u00fapi\u0165 RSO | Pink Kush Oil - 5 ml na predaj online USA, Eur\u00f3pa z najv\u00e4\u010d\u0161ej online v\u00fddajne, Buy My Weed Online na predaj.","og_url":"https:\/\/medicinasinc.com\/sk\/product\/rso-ruzovy-kush-olej-5-ml\/","og_site_name":"Medicinas Inc","article_modified_time":"2022-03-22T01:23:48+00:00","og_image":[{"width":800,"height":800,"url":"https:\/\/medicinasinc.com\/sk\/wp-content\/uploads\/sites\/10\/2022\/02\/Buy-RSO-Pink-Kush-Oil-\u2013-5ml.jpg","type":"image\/jpeg"}],"twitter_card":"summary_large_image","twitter_misc":{"Est. reading time":"1 minute"},"schema":{"@context":"https:\/\/schema.org","@graph":[{"@type":"WebPage","@id":"https:\/\/medicinasinc.com\/sk\/product\/rso-ruzovy-kush-olej-5-ml\/","url":"https:\/\/medicinasinc.com\/sk\/product\/rso-ruzovy-kush-olej-5-ml\/","name":"RSO | Pink Kush Oil - 5 ml - K\u00fapte si moju tr\u00e1vu online - Global Medicnas","isPartOf":{"@id":"https:\/\/medicinasinc.com\/sk\/#website"},"primaryImageOfPage":{"@id":"https:\/\/medicinasinc.com\/sk\/product\/rso-ruzovy-kush-olej-5-ml\/#primaryimage"},"image":{"@id":"https:\/\/medicinasinc.com\/sk\/product\/rso-ruzovy-kush-olej-5-ml\/#primaryimage"},"thumbnailUrl":"https:\/\/medicinasinc.com\/sk\/wp-content\/uploads\/sites\/10\/2022\/02\/Buy-RSO-Pink-Kush-Oil-\u2013-5ml.jpg","datePublished":"2022-02-20T09:01:25+00:00","dateModified":"2022-03-22T01:23:48+00:00","description":"K\u00fapi\u0165 RSO | Pink Kush Oil - 5 ml na predaj online USA, Eur\u00f3pa z najv\u00e4\u010d\u0161ej online v\u00fddajne, Buy My Weed Online na predaj.","breadcrumb":{"@id":"https:\/\/medicinasinc.com\/sk\/product\/rso-ruzovy-kush-olej-5-ml\/#breadcrumb"},"inLanguage":"en-US","potentialAction":[{"@type":"ReadAction","target":["https:\/\/medicinasinc.com\/sk\/product\/rso-ruzovy-kush-olej-5-ml\/"]}]},{"@type":"ImageObject","inLanguage":"en-US","@id":"https:\/\/medicinasinc.com\/sk\/product\/rso-ruzovy-kush-olej-5-ml\/#primaryimage","url":"https:\/\/medicinasinc.com\/sk\/wp-content\/uploads\/sites\/10\/2022\/02\/Buy-RSO-Pink-Kush-Oil-\u2013-5ml.jpg","contentUrl":"https:\/\/medicinasinc.com\/sk\/wp-content\/uploads\/sites\/10\/2022\/02\/Buy-RSO-Pink-Kush-Oil-\u2013-5ml.jpg","width":800,"height":800},{"@type":"BreadcrumbList","@id":"https:\/\/medicinasinc.com\/sk\/product\/rso-ruzovy-kush-olej-5-ml\/#breadcrumb","itemListElement":[{"@type":"ListItem","position":1,"name":"Obchod","item":"https:\/\/medicinasinc.com\/sk\/obchod\/"},{"@type":"ListItem","position":2,"name":"RSO | Pink Kush Oil \u2013 5 ml"}]},{"@type":"WebSite","@id":"https:\/\/medicinasinc.com\/sk\/#website","url":"https:\/\/medicinasinc.com\/sk\/","name":"Medicinas Inc","description":"Health Medical Clinic","potentialAction":[{"@type":"SearchAction","target":{"@type":"EntryPoint","urlTemplate":"https:\/\/medicinasinc.com\/sk\/?s={search_term_string}"},"query-input":{"@type":"PropertyValueSpecification","valueRequired":true,"valueName":"search_term_string"}}],"inLanguage":"en-US"}]}},"_links":{"self":[{"href":"https:\/\/medicinasinc.com\/sk\/wp-json\/wp\/v2\/product\/4413","targetHints":{"allow":["GET"]}}],"collection":[{"href":"https:\/\/medicinasinc.com\/sk\/wp-json\/wp\/v2\/product"}],"about":[{"href":"https:\/\/medicinasinc.com\/sk\/wp-json\/wp\/v2\/types\/product"}],"replies":[{"embeddable":true,"href":"https:\/\/medicinasinc.com\/sk\/wp-json\/wp\/v2\/comments?post=4413"}],"wp:featuredmedia":[{"embeddable":true,"href":"https:\/\/medicinasinc.com\/sk\/wp-json\/wp\/v2\/media\/4447"}],"wp:attachment":[{"href":"https:\/\/medicinasinc.com\/sk\/wp-json\/wp\/v2\/media?parent=4413"}],"wp:term":[{"taxonomy":"product_brand","embeddable":true,"href":"https:\/\/medicinasinc.com\/sk\/wp-json\/wp\/v2\/product_brand?post=4413"},{"taxonomy":"product_cat","embeddable":true,"href":"https:\/\/medicinasinc.com\/sk\/wp-json\/wp\/v2\/product_cat?post=4413"},{"taxonomy":"product_tag","embeddable":true,"href":"https:\/\/medicinasinc.com\/sk\/wp-json\/wp\/v2\/product_tag?post=4413"}],"curies":[{"name":"wp","href":"https:\/\/api.w.org\/{rel}","templated":true}]}}