{"id":4412,"date":"2022-02-20T09:00:17","date_gmt":"2022-02-20T09:00:17","guid":{"rendered":"https:\/\/medicinasinc.com\/sk\/?post_type=product&#038;p=4412"},"modified":"2022-03-22T01:23:56","modified_gmt":"2022-03-22T01:23:56","slug":"kupit-rick-simpson-olej","status":"publish","type":"product","link":"https:\/\/medicinasinc.com\/sk\/product\/kupit-rick-simpson-olej\/","title":{"rendered":"K\u00fapte si olej Ricka Simpsona"},"content":{"rendered":"<p><strong>K\u00fapte si olej Ricka Simpsona<\/strong><\/p>\n<div class=\"woocommerce-tabs wc-tabs-wrapper\">\n<div id=\"tab-description\" class=\"woocommerce-Tabs-panel woocommerce-Tabs-panel--description panel entry-content wc-tab\" role=\"tabpanel\" aria-labelledby=\"tab-title-description\">\n<p><strong>RSO je olej z\u00edskan\u00fd z rozp\u00fa\u0161\u0165adla, ktor\u00fd sa z\u00edskava prem\u00fdvan\u00edm kanabisu p\u00fa\u010diky v rozp\u00fa\u0161\u0165adle, ako je \u010dist\u00fd \u013eahk\u00fd benz\u00edn, a potom vyvaren\u00edm rozp\u00fa\u0161\u0165adla extrahova\u0165 ropu.<\/strong><br \/> <strong>RSO je generick\u00fd produkt. To znamen\u00e1, \u017ee nie je mo\u017en\u00e9 zak\u00fapi\u0165 si \u017eiadny \u201eRick Simpson Oil\u201c. Simpson na svojej webovej str\u00e1nke ukazuje, ako vyrobi\u0165 svoj rovnomenn\u00fd olej. Z ropy v\u0161ak neprofituje.<\/strong><\/p>\n<\/p><\/div><\/div>\n<div class=\"related products\">\n<div class=\"woocommerce-tabs wc-tabs-wrapper\">\n<div id=\"tab-description\" class=\"woocommerce-Tabs-panel woocommerce-Tabs-panel--description panel entry-content wc-tab\" role=\"tabpanel\" aria-labelledby=\"tab-title-description\">\n<p>&nbsp;<\/p>\n<\/p><\/div><\/div><\/div>\n<p>&nbsp;<\/p>\n","protected":false},"excerpt":{"rendered":"<p>K\u00fapi\u0165 olej Ricka Simpsona (RSO) na predaj Ve\u013ek\u00e1 Brit\u00e1nia, Eur\u00f3pa Objedn\u00e1vka online. M\u00e1me na predaj olej Ricka Simpsona najvy\u0161\u0161ej kvality. Pon\u00fakame origin\u00e1lne zlo\u017eenie RSO s vysok\u00fdm obsahom THC.<\/p>\n<p><em>K\u00fapte si<\/em>\u00a0n\u00e1\u0161\u00a0<em>olej Ricka Simpsona<\/em>\u00a0na predaj a pou\u017e\u00edvajte ho spr\u00e1vne. Classic\u00a0<em>RSO<\/em>\u00a0sa vo v\u0161eobecnosti vyr\u00e1ba z kme\u0148ov s dominanciou Indica, preto\u017ee obsahuj\u00fa vy\u0161\u0161ie hladiny\u00a0<em>CBD<\/em>.<\/p>\n<ul>\n<li>Celosvetov\u00e1 doprava<\/li>\n<li>Minim\u00e1lne mno\u017estvo objedn\u00e1vky je 5<\/li>\n<li><strong>Kontaktujte n\u00e1s<\/strong>\u00a0pre v\u00e4\u010d\u0161ie objedn\u00e1vky<\/li>\n<\/ul>\n","protected":false},"featured_media":4445,"comment_status":"open","ping_status":"closed","template":"","meta":[],"product_brand":[],"product_cat":[440],"product_tag":[490,489,491,493,496,494,495,492],"class_list":{"0":"post-4412","1":"product","2":"type-product","3":"status-publish","4":"has-post-thumbnail","6":"product_cat-kpi-konope-cbd-olej","7":"product_tag-high-cbd-rso","8":"product_tag-bulk-cbd-rso","9":"product_tag-rick-simpson-oil-kalifornia","10":"product_tag-rso-cbd-olej-na-zkos","11":"product_tag-rso-oil-price-colorado","12":"product_tag-rso-olej-proti-bolesti","13":"product_tag-rso-olej-na-predaj-in-ohio","14":"product_tag-rick-simpson-olej-wiki","16":"first","17":"instock","18":"shipping-taxable","19":"purchasable","20":"product-type-variable","21":"has-default-attributes"},"yoast_head":"<!-- This site is optimized with the Yoast SEO plugin v27.3 - https:\/\/yoast.com\/product\/yoast-seo-wordpress\/ -->\n<title>K\u00fapi\u0165 olej Ricka Simpsona - USA - Eur\u00f3pa - Najlep\u0161ie glob\u00e1lne lieky<\/title>\n<meta name=\"description\" content=\"K\u00fapi\u0165 olej Ricka Simpsona (RSO) na predaj Ve\u013ek\u00e1 Brit\u00e1nia, Eur\u00f3pa Objedn\u00e1vka online. M\u00e1me na predaj olej Ricka Simpsona najvy\u0161\u0161ej kvality. Pon\u00fakame RSO origin\u00e1lnu formulu s vysok\u00fdm obsahom THC.\" \/>\n<meta name=\"robots\" content=\"index, follow, max-snippet:-1, max-image-preview:large, max-video-preview:-1\" \/>\n<link rel=\"canonical\" href=\"https:\/\/medicinasinc.com\/sk\/product\/kupit-rick-simpson-olej\/\" \/>\n<meta property=\"og:locale\" content=\"en_US\" \/>\n<meta property=\"og:type\" content=\"article\" \/>\n<meta property=\"og:title\" content=\"K\u00fapi\u0165 olej Ricka Simpsona - USA - Eur\u00f3pa - Najlep\u0161ie glob\u00e1lne lieky\" \/>\n<meta property=\"og:description\" content=\"K\u00fapi\u0165 olej Ricka Simpsona (RSO) na predaj Ve\u013ek\u00e1 Brit\u00e1nia, Eur\u00f3pa Objedn\u00e1vka online. M\u00e1me na predaj olej Ricka Simpsona najvy\u0161\u0161ej kvality. Pon\u00fakame RSO origin\u00e1lnu formulu s vysok\u00fdm obsahom THC.\" \/>\n<meta property=\"og:url\" content=\"https:\/\/medicinasinc.com\/sk\/product\/kupit-rick-simpson-olej\/\" \/>\n<meta property=\"og:site_name\" content=\"Medicinas Inc\" \/>\n<meta property=\"article:modified_time\" content=\"2022-03-22T01:23:56+00:00\" \/>\n<meta property=\"og:image\" content=\"https:\/\/medicinasinc.com\/sk\/wp-content\/uploads\/sites\/10\/2022\/02\/Buy-Rick-Simpson-Oil.jpg\" \/>\n\t<meta property=\"og:image:width\" content=\"1170\" \/>\n\t<meta property=\"og:image:height\" content=\"658\" \/>\n\t<meta property=\"og:image:type\" content=\"image\/jpeg\" \/>\n<meta name=\"twitter:card\" content=\"summary_large_image\" \/>\n<meta name=\"twitter:label1\" content=\"Est. reading time\" \/>\n\t<meta name=\"twitter:data1\" content=\"1 minute\" \/>\n<script type=\"application\/ld+json\" class=\"yoast-schema-graph\">{\"@context\":\"https:\\\/\\\/schema.org\",\"@graph\":[{\"@type\":\"WebPage\",\"@id\":\"https:\\\/\\\/medicinasinc.com\\\/sk\\\/product\\\/kupit-rick-simpson-olej\\\/\",\"url\":\"https:\\\/\\\/medicinasinc.com\\\/sk\\\/product\\\/kupit-rick-simpson-olej\\\/\",\"name\":\"K\u00fapi\u0165 olej Ricka Simpsona - USA - Eur\u00f3pa - Najlep\u0161ie glob\u00e1lne lieky\",\"isPartOf\":{\"@id\":\"https:\\\/\\\/medicinasinc.com\\\/sk\\\/#website\"},\"primaryImageOfPage\":{\"@id\":\"https:\\\/\\\/medicinasinc.com\\\/sk\\\/product\\\/kupit-rick-simpson-olej\\\/#primaryimage\"},\"image\":{\"@id\":\"https:\\\/\\\/medicinasinc.com\\\/sk\\\/product\\\/kupit-rick-simpson-olej\\\/#primaryimage\"},\"thumbnailUrl\":\"https:\\\/\\\/medicinasinc.com\\\/sk\\\/wp-content\\\/uploads\\\/sites\\\/10\\\/2022\\\/02\\\/Buy-Rick-Simpson-Oil.jpg\",\"datePublished\":\"2022-02-20T09:00:17+00:00\",\"dateModified\":\"2022-03-22T01:23:56+00:00\",\"description\":\"K\u00fapi\u0165 olej Ricka Simpsona (RSO) na predaj Ve\u013ek\u00e1 Brit\u00e1nia, Eur\u00f3pa Objedn\u00e1vka online. M\u00e1me na predaj olej Ricka Simpsona najvy\u0161\u0161ej kvality. Pon\u00fakame RSO origin\u00e1lnu formulu s vysok\u00fdm obsahom THC.\",\"breadcrumb\":{\"@id\":\"https:\\\/\\\/medicinasinc.com\\\/sk\\\/product\\\/kupit-rick-simpson-olej\\\/#breadcrumb\"},\"inLanguage\":\"en-US\",\"potentialAction\":[{\"@type\":\"ReadAction\",\"target\":[\"https:\\\/\\\/medicinasinc.com\\\/sk\\\/product\\\/kupit-rick-simpson-olej\\\/\"]}]},{\"@type\":\"ImageObject\",\"inLanguage\":\"en-US\",\"@id\":\"https:\\\/\\\/medicinasinc.com\\\/sk\\\/product\\\/kupit-rick-simpson-olej\\\/#primaryimage\",\"url\":\"https:\\\/\\\/medicinasinc.com\\\/sk\\\/wp-content\\\/uploads\\\/sites\\\/10\\\/2022\\\/02\\\/Buy-Rick-Simpson-Oil.jpg\",\"contentUrl\":\"https:\\\/\\\/medicinasinc.com\\\/sk\\\/wp-content\\\/uploads\\\/sites\\\/10\\\/2022\\\/02\\\/Buy-Rick-Simpson-Oil.jpg\",\"width\":1170,\"height\":658},{\"@type\":\"BreadcrumbList\",\"@id\":\"https:\\\/\\\/medicinasinc.com\\\/sk\\\/product\\\/kupit-rick-simpson-olej\\\/#breadcrumb\",\"itemListElement\":[{\"@type\":\"ListItem\",\"position\":1,\"name\":\"Obchod\",\"item\":\"https:\\\/\\\/medicinasinc.com\\\/sk\\\/obchod\\\/\"},{\"@type\":\"ListItem\",\"position\":2,\"name\":\"K\u00fapte si olej Ricka Simpsona\"}]},{\"@type\":\"WebSite\",\"@id\":\"https:\\\/\\\/medicinasinc.com\\\/sk\\\/#website\",\"url\":\"https:\\\/\\\/medicinasinc.com\\\/sk\\\/\",\"name\":\"Medicinas Inc\",\"description\":\"Health Medical Clinic\",\"potentialAction\":[{\"@type\":\"SearchAction\",\"target\":{\"@type\":\"EntryPoint\",\"urlTemplate\":\"https:\\\/\\\/medicinasinc.com\\\/sk\\\/?s={search_term_string}\"},\"query-input\":{\"@type\":\"PropertyValueSpecification\",\"valueRequired\":true,\"valueName\":\"search_term_string\"}}],\"inLanguage\":\"en-US\"}]}<\/script>\n<!-- \/ Yoast SEO plugin. -->","yoast_head_json":{"title":"K\u00fapi\u0165 olej Ricka Simpsona - USA - Eur\u00f3pa - Najlep\u0161ie glob\u00e1lne lieky","description":"K\u00fapi\u0165 olej Ricka Simpsona (RSO) na predaj Ve\u013ek\u00e1 Brit\u00e1nia, Eur\u00f3pa Objedn\u00e1vka online. M\u00e1me na predaj olej Ricka Simpsona najvy\u0161\u0161ej kvality. Pon\u00fakame RSO origin\u00e1lnu formulu s vysok\u00fdm obsahom THC.","robots":{"index":"index","follow":"follow","max-snippet":"max-snippet:-1","max-image-preview":"max-image-preview:large","max-video-preview":"max-video-preview:-1"},"canonical":"https:\/\/medicinasinc.com\/sk\/product\/kupit-rick-simpson-olej\/","og_locale":"en_US","og_type":"article","og_title":"K\u00fapi\u0165 olej Ricka Simpsona - USA - Eur\u00f3pa - Najlep\u0161ie glob\u00e1lne lieky","og_description":"K\u00fapi\u0165 olej Ricka Simpsona (RSO) na predaj Ve\u013ek\u00e1 Brit\u00e1nia, Eur\u00f3pa Objedn\u00e1vka online. M\u00e1me na predaj olej Ricka Simpsona najvy\u0161\u0161ej kvality. Pon\u00fakame RSO origin\u00e1lnu formulu s vysok\u00fdm obsahom THC.","og_url":"https:\/\/medicinasinc.com\/sk\/product\/kupit-rick-simpson-olej\/","og_site_name":"Medicinas Inc","article_modified_time":"2022-03-22T01:23:56+00:00","og_image":[{"width":1170,"height":658,"url":"https:\/\/medicinasinc.com\/sk\/wp-content\/uploads\/sites\/10\/2022\/02\/Buy-Rick-Simpson-Oil.jpg","type":"image\/jpeg"}],"twitter_card":"summary_large_image","twitter_misc":{"Est. reading time":"1 minute"},"schema":{"@context":"https:\/\/schema.org","@graph":[{"@type":"WebPage","@id":"https:\/\/medicinasinc.com\/sk\/product\/kupit-rick-simpson-olej\/","url":"https:\/\/medicinasinc.com\/sk\/product\/kupit-rick-simpson-olej\/","name":"K\u00fapi\u0165 olej Ricka Simpsona - USA - Eur\u00f3pa - Najlep\u0161ie glob\u00e1lne lieky","isPartOf":{"@id":"https:\/\/medicinasinc.com\/sk\/#website"},"primaryImageOfPage":{"@id":"https:\/\/medicinasinc.com\/sk\/product\/kupit-rick-simpson-olej\/#primaryimage"},"image":{"@id":"https:\/\/medicinasinc.com\/sk\/product\/kupit-rick-simpson-olej\/#primaryimage"},"thumbnailUrl":"https:\/\/medicinasinc.com\/sk\/wp-content\/uploads\/sites\/10\/2022\/02\/Buy-Rick-Simpson-Oil.jpg","datePublished":"2022-02-20T09:00:17+00:00","dateModified":"2022-03-22T01:23:56+00:00","description":"K\u00fapi\u0165 olej Ricka Simpsona (RSO) na predaj Ve\u013ek\u00e1 Brit\u00e1nia, Eur\u00f3pa Objedn\u00e1vka online. M\u00e1me na predaj olej Ricka Simpsona najvy\u0161\u0161ej kvality. Pon\u00fakame RSO origin\u00e1lnu formulu s vysok\u00fdm obsahom THC.","breadcrumb":{"@id":"https:\/\/medicinasinc.com\/sk\/product\/kupit-rick-simpson-olej\/#breadcrumb"},"inLanguage":"en-US","potentialAction":[{"@type":"ReadAction","target":["https:\/\/medicinasinc.com\/sk\/product\/kupit-rick-simpson-olej\/"]}]},{"@type":"ImageObject","inLanguage":"en-US","@id":"https:\/\/medicinasinc.com\/sk\/product\/kupit-rick-simpson-olej\/#primaryimage","url":"https:\/\/medicinasinc.com\/sk\/wp-content\/uploads\/sites\/10\/2022\/02\/Buy-Rick-Simpson-Oil.jpg","contentUrl":"https:\/\/medicinasinc.com\/sk\/wp-content\/uploads\/sites\/10\/2022\/02\/Buy-Rick-Simpson-Oil.jpg","width":1170,"height":658},{"@type":"BreadcrumbList","@id":"https:\/\/medicinasinc.com\/sk\/product\/kupit-rick-simpson-olej\/#breadcrumb","itemListElement":[{"@type":"ListItem","position":1,"name":"Obchod","item":"https:\/\/medicinasinc.com\/sk\/obchod\/"},{"@type":"ListItem","position":2,"name":"K\u00fapte si olej Ricka Simpsona"}]},{"@type":"WebSite","@id":"https:\/\/medicinasinc.com\/sk\/#website","url":"https:\/\/medicinasinc.com\/sk\/","name":"Medicinas Inc","description":"Health Medical Clinic","potentialAction":[{"@type":"SearchAction","target":{"@type":"EntryPoint","urlTemplate":"https:\/\/medicinasinc.com\/sk\/?s={search_term_string}"},"query-input":{"@type":"PropertyValueSpecification","valueRequired":true,"valueName":"search_term_string"}}],"inLanguage":"en-US"}]}},"_links":{"self":[{"href":"https:\/\/medicinasinc.com\/sk\/wp-json\/wp\/v2\/product\/4412","targetHints":{"allow":["GET"]}}],"collection":[{"href":"https:\/\/medicinasinc.com\/sk\/wp-json\/wp\/v2\/product"}],"about":[{"href":"https:\/\/medicinasinc.com\/sk\/wp-json\/wp\/v2\/types\/product"}],"replies":[{"embeddable":true,"href":"https:\/\/medicinasinc.com\/sk\/wp-json\/wp\/v2\/comments?post=4412"}],"wp:featuredmedia":[{"embeddable":true,"href":"https:\/\/medicinasinc.com\/sk\/wp-json\/wp\/v2\/media\/4445"}],"wp:attachment":[{"href":"https:\/\/medicinasinc.com\/sk\/wp-json\/wp\/v2\/media?parent=4412"}],"wp:term":[{"taxonomy":"product_brand","embeddable":true,"href":"https:\/\/medicinasinc.com\/sk\/wp-json\/wp\/v2\/product_brand?post=4412"},{"taxonomy":"product_cat","embeddable":true,"href":"https:\/\/medicinasinc.com\/sk\/wp-json\/wp\/v2\/product_cat?post=4412"},{"taxonomy":"product_tag","embeddable":true,"href":"https:\/\/medicinasinc.com\/sk\/wp-json\/wp\/v2\/product_tag?post=4412"}],"curies":[{"name":"wp","href":"https:\/\/api.w.org\/{rel}","templated":true}]}}