{"id":4404,"date":"2022-02-20T08:55:28","date_gmt":"2022-02-20T08:55:28","guid":{"rendered":"https:\/\/medicinasinc.com\/sk\/?post_type=product&#038;p=4404"},"modified":"2022-03-22T01:24:05","modified_gmt":"2022-03-22T01:24:05","slug":"buy-pink-kush-thc-destilate-dabeast","status":"publish","type":"product","link":"https:\/\/medicinasinc.com\/sk\/product\/buy-pink-kush-thc-destilate-dabeast\/","title":{"rendered":"K\u00fapi\u0165 Pink Kush THC Destilate \u2013 Dabeast"},"content":{"rendered":"<p>Ru\u017eov\u00fd Kush THC destil\u00e1t na predaj \u2013 Dabeast<\/p>\n<p>Saber Vape Pen s Pink Kush THC destil\u00e1tom \u2013 Dabeast<\/p>\n<p>1 x elektronick\u00e1 cigareta Sabre<br \/> 1 x Pink Kush pre- naplnen\u00e1 podlo\u017eka<br \/> 1 x k\u00e1bel Micro USB A\/ALEBO 1 x predplnen\u00e1 podlo\u017eka Pink Kush<\/p>\n<p>Vlo\u017ete pod do pera Sabre a okam\u017eite za\u010dnite vapova\u0165. \u00dapln\u00fd \u00fa\u010dinok m\u00f4\u017ee trva\u0165 a\u017e p\u00e4tn\u00e1s\u0165 min\u00fat, k\u00fdm poc\u00edtite. Dva a\u017e \u0161tyri vdychy sa odpor\u00fa\u010daj\u00fa pacientom, ktor\u00ed nejak\u00fd \u010das nekonzumovali, ale a\u017e desa\u0165 vdychov by malo sta\u010di\u0165 t\u00fdm, ktor\u00ed konzumuj\u00fa \u010dastej\u0161ie.<\/p>\n<p>Kush Pink<br \/> Genetick\u00e1 l\u00ednia Pink Kush nie je zn\u00e1ma \u2013 ale v\u0161eobecne sa ver\u00ed, \u017ee ide o pr\u00edbuzn\u00e9ho legend\u00e1rneho OG Kusha. Tento hybrid s dominanciou indiky vytv\u00e1ra siln\u00e9 fyzick\u00e9 \u00fa\u010dinky, v\u010faka \u010domu je jedn\u00fdm z najlie\u010divej\u0161\u00edch dostupn\u00fdch kme\u0148ov. Pink Kush m\u00e1 sladk\u00fa v\u00f4\u0148u pripom\u00ednaj\u00facu vanilku alebo sladk\u00e9 cukr\u00edky s podt\u00f3nmi \u010derstvej borovice. Pink Kush poskytuje dlhotrvaj\u00faci, na telo zameran\u00fd high, ktor\u00fd je sprev\u00e1dzan\u00fd euforick\u00fdmi a povzn\u00e1\u0161aj\u00facimi \u00fa\u010dinkami. Pri vysok\u00fdch d\u00e1vkach m\u00f4\u017eu niektor\u00ed u\u017e\u00edvatelia poci\u0165ova\u0165 siln\u00e9 \u017euva\u010dky, v\u010faka \u010domu je Pink Kush vynikaj\u00facim kme\u0148om na stimul\u00e1ciu straty chuti do jedla. Pink Kush je v\u0161estrann\u00fd liek, ktor\u00fd mo\u017eno pou\u017ei\u0165 na lie\u010dbu depresie, \u00fazkosti, z\u00e1palu, chronickej bolesti, migr\u00e9ny, bolesti hlavy, nespavosti a straty chuti do jedla.<\/p>\n","protected":false},"excerpt":{"rendered":"<p>K\u00fapte si Pink Kush THC Distillate Sabre Vape Pens na predaj v Spojenom kr\u00e1\u013eovstve, Eur\u00f3pe a Spojen\u00fdch \u0161t\u00e1toch americk\u00fdch v najv\u00e4\u010d\u0161ej online v\u00fddajni na svete, Buy My Weed Online.<\/p>\n<p>K\u00fapi\u0165 Strieka\u010dky Pink Kush THC Indica Destilate z najd\u00f4veryhodnej\u0161ej webovej str\u00e1nky pre marihuanu na dobierku \u010d. 1 &#8211; Najlep\u0161ie bylinn\u00e9 lieky s dopravou zadarmo! Viac ako 150 USD.<\/p>\n<p>&nbsp;<\/p>\n<ul>\n<li>Celosvetov\u00e1 doprava<\/li>\n<li>Minim\u00e1lne mno\u017estvo objedn\u00e1vky je 5 kaziet<\/li>\n<li><strong>Kontaktujte n\u00e1s <\/strong>\u00a0pre v\u00e4\u010d\u0161ie objedn\u00e1vky<\/li>\n<\/ul>\n","protected":false},"featured_media":4438,"comment_status":"open","ping_status":"closed","template":"","meta":[],"product_brand":[],"product_cat":[440],"product_tag":[],"class_list":{"0":"post-4404","1":"product","2":"type-product","3":"status-publish","4":"has-post-thumbnail","6":"product_cat-kpi-konope-cbd-olej","8":"first","9":"instock","10":"shipping-taxable","11":"purchasable","12":"product-type-simple"},"yoast_head":"<!-- This site is optimized with the Yoast SEO plugin v27.3 - https:\/\/yoast.com\/product\/yoast-seo-wordpress\/ -->\n<title>K\u00fapte si Pink Kush THC Destilate \u2013 Dabeast \u2013 Best Global Meds<\/title>\n<meta name=\"description\" content=\"K\u00fapte si Pink Kush THC Distillate Sabre Vape Pen na predaj Ve\u013ek\u00e1 Brit\u00e1nia, Eur\u00f3pa - Dabeast online USA od najv\u00e4\u010d\u0161ej online v\u00fddajne, Buy My Weed Online.\" \/>\n<meta name=\"robots\" content=\"index, follow, max-snippet:-1, max-image-preview:large, max-video-preview:-1\" \/>\n<link rel=\"canonical\" href=\"https:\/\/medicinasinc.com\/sk\/product\/buy-pink-kush-thc-destilate-dabeast\/\" \/>\n<meta property=\"og:locale\" content=\"en_US\" \/>\n<meta property=\"og:type\" content=\"article\" \/>\n<meta property=\"og:title\" content=\"K\u00fapte si Pink Kush THC Destilate \u2013 Dabeast \u2013 Best Global Meds\" \/>\n<meta property=\"og:description\" content=\"K\u00fapte si Pink Kush THC Distillate Sabre Vape Pen na predaj Ve\u013ek\u00e1 Brit\u00e1nia, Eur\u00f3pa - Dabeast online USA od najv\u00e4\u010d\u0161ej online v\u00fddajne, Buy My Weed Online.\" \/>\n<meta property=\"og:url\" content=\"https:\/\/medicinasinc.com\/sk\/product\/buy-pink-kush-thc-destilate-dabeast\/\" \/>\n<meta property=\"og:site_name\" content=\"Medicinas Inc\" \/>\n<meta property=\"article:modified_time\" content=\"2022-03-22T01:24:05+00:00\" \/>\n<meta property=\"og:image\" content=\"https:\/\/medicinasinc.com\/sk\/wp-content\/uploads\/sites\/10\/2022\/02\/Buy-Pink-Kush-THC-Distillate-\u2013-Dabeast.jpg\" \/>\n\t<meta property=\"og:image:width\" content=\"600\" \/>\n\t<meta property=\"og:image:height\" content=\"600\" \/>\n\t<meta property=\"og:image:type\" content=\"image\/jpeg\" \/>\n<meta name=\"twitter:card\" content=\"summary_large_image\" \/>\n<meta name=\"twitter:label1\" content=\"Est. reading time\" \/>\n\t<meta name=\"twitter:data1\" content=\"1 minute\" \/>\n<script type=\"application\/ld+json\" class=\"yoast-schema-graph\">{\"@context\":\"https:\\\/\\\/schema.org\",\"@graph\":[{\"@type\":\"WebPage\",\"@id\":\"https:\\\/\\\/medicinasinc.com\\\/sk\\\/product\\\/buy-pink-kush-thc-destilate-dabeast\\\/\",\"url\":\"https:\\\/\\\/medicinasinc.com\\\/sk\\\/product\\\/buy-pink-kush-thc-destilate-dabeast\\\/\",\"name\":\"K\u00fapte si Pink Kush THC Destilate \u2013 Dabeast \u2013 Best Global Meds\",\"isPartOf\":{\"@id\":\"https:\\\/\\\/medicinasinc.com\\\/sk\\\/#website\"},\"primaryImageOfPage\":{\"@id\":\"https:\\\/\\\/medicinasinc.com\\\/sk\\\/product\\\/buy-pink-kush-thc-destilate-dabeast\\\/#primaryimage\"},\"image\":{\"@id\":\"https:\\\/\\\/medicinasinc.com\\\/sk\\\/product\\\/buy-pink-kush-thc-destilate-dabeast\\\/#primaryimage\"},\"thumbnailUrl\":\"https:\\\/\\\/medicinasinc.com\\\/sk\\\/wp-content\\\/uploads\\\/sites\\\/10\\\/2022\\\/02\\\/Buy-Pink-Kush-THC-Distillate-\u2013-Dabeast.jpg\",\"datePublished\":\"2022-02-20T08:55:28+00:00\",\"dateModified\":\"2022-03-22T01:24:05+00:00\",\"description\":\"K\u00fapte si Pink Kush THC Distillate Sabre Vape Pen na predaj Ve\u013ek\u00e1 Brit\u00e1nia, Eur\u00f3pa - Dabeast online USA od najv\u00e4\u010d\u0161ej online v\u00fddajne, Buy My Weed Online.\",\"breadcrumb\":{\"@id\":\"https:\\\/\\\/medicinasinc.com\\\/sk\\\/product\\\/buy-pink-kush-thc-destilate-dabeast\\\/#breadcrumb\"},\"inLanguage\":\"en-US\",\"potentialAction\":[{\"@type\":\"ReadAction\",\"target\":[\"https:\\\/\\\/medicinasinc.com\\\/sk\\\/product\\\/buy-pink-kush-thc-destilate-dabeast\\\/\"]}]},{\"@type\":\"ImageObject\",\"inLanguage\":\"en-US\",\"@id\":\"https:\\\/\\\/medicinasinc.com\\\/sk\\\/product\\\/buy-pink-kush-thc-destilate-dabeast\\\/#primaryimage\",\"url\":\"https:\\\/\\\/medicinasinc.com\\\/sk\\\/wp-content\\\/uploads\\\/sites\\\/10\\\/2022\\\/02\\\/Buy-Pink-Kush-THC-Distillate-\u2013-Dabeast.jpg\",\"contentUrl\":\"https:\\\/\\\/medicinasinc.com\\\/sk\\\/wp-content\\\/uploads\\\/sites\\\/10\\\/2022\\\/02\\\/Buy-Pink-Kush-THC-Distillate-\u2013-Dabeast.jpg\",\"width\":600,\"height\":600},{\"@type\":\"BreadcrumbList\",\"@id\":\"https:\\\/\\\/medicinasinc.com\\\/sk\\\/product\\\/buy-pink-kush-thc-destilate-dabeast\\\/#breadcrumb\",\"itemListElement\":[{\"@type\":\"ListItem\",\"position\":1,\"name\":\"Obchod\",\"item\":\"https:\\\/\\\/medicinasinc.com\\\/sk\\\/obchod\\\/\"},{\"@type\":\"ListItem\",\"position\":2,\"name\":\"K\u00fapi\u0165 Pink Kush THC Destilate \u2013 Dabeast\"}]},{\"@type\":\"WebSite\",\"@id\":\"https:\\\/\\\/medicinasinc.com\\\/sk\\\/#website\",\"url\":\"https:\\\/\\\/medicinasinc.com\\\/sk\\\/\",\"name\":\"Medicinas Inc\",\"description\":\"Health Medical Clinic\",\"potentialAction\":[{\"@type\":\"SearchAction\",\"target\":{\"@type\":\"EntryPoint\",\"urlTemplate\":\"https:\\\/\\\/medicinasinc.com\\\/sk\\\/?s={search_term_string}\"},\"query-input\":{\"@type\":\"PropertyValueSpecification\",\"valueRequired\":true,\"valueName\":\"search_term_string\"}}],\"inLanguage\":\"en-US\"}]}<\/script>\n<!-- \/ Yoast SEO plugin. -->","yoast_head_json":{"title":"K\u00fapte si Pink Kush THC Destilate \u2013 Dabeast \u2013 Best Global Meds","description":"K\u00fapte si Pink Kush THC Distillate Sabre Vape Pen na predaj Ve\u013ek\u00e1 Brit\u00e1nia, Eur\u00f3pa - Dabeast online USA od najv\u00e4\u010d\u0161ej online v\u00fddajne, Buy My Weed Online.","robots":{"index":"index","follow":"follow","max-snippet":"max-snippet:-1","max-image-preview":"max-image-preview:large","max-video-preview":"max-video-preview:-1"},"canonical":"https:\/\/medicinasinc.com\/sk\/product\/buy-pink-kush-thc-destilate-dabeast\/","og_locale":"en_US","og_type":"article","og_title":"K\u00fapte si Pink Kush THC Destilate \u2013 Dabeast \u2013 Best Global Meds","og_description":"K\u00fapte si Pink Kush THC Distillate Sabre Vape Pen na predaj Ve\u013ek\u00e1 Brit\u00e1nia, Eur\u00f3pa - Dabeast online USA od najv\u00e4\u010d\u0161ej online v\u00fddajne, Buy My Weed Online.","og_url":"https:\/\/medicinasinc.com\/sk\/product\/buy-pink-kush-thc-destilate-dabeast\/","og_site_name":"Medicinas Inc","article_modified_time":"2022-03-22T01:24:05+00:00","og_image":[{"width":600,"height":600,"url":"https:\/\/medicinasinc.com\/sk\/wp-content\/uploads\/sites\/10\/2022\/02\/Buy-Pink-Kush-THC-Distillate-\u2013-Dabeast.jpg","type":"image\/jpeg"}],"twitter_card":"summary_large_image","twitter_misc":{"Est. reading time":"1 minute"},"schema":{"@context":"https:\/\/schema.org","@graph":[{"@type":"WebPage","@id":"https:\/\/medicinasinc.com\/sk\/product\/buy-pink-kush-thc-destilate-dabeast\/","url":"https:\/\/medicinasinc.com\/sk\/product\/buy-pink-kush-thc-destilate-dabeast\/","name":"K\u00fapte si Pink Kush THC Destilate \u2013 Dabeast \u2013 Best Global Meds","isPartOf":{"@id":"https:\/\/medicinasinc.com\/sk\/#website"},"primaryImageOfPage":{"@id":"https:\/\/medicinasinc.com\/sk\/product\/buy-pink-kush-thc-destilate-dabeast\/#primaryimage"},"image":{"@id":"https:\/\/medicinasinc.com\/sk\/product\/buy-pink-kush-thc-destilate-dabeast\/#primaryimage"},"thumbnailUrl":"https:\/\/medicinasinc.com\/sk\/wp-content\/uploads\/sites\/10\/2022\/02\/Buy-Pink-Kush-THC-Distillate-\u2013-Dabeast.jpg","datePublished":"2022-02-20T08:55:28+00:00","dateModified":"2022-03-22T01:24:05+00:00","description":"K\u00fapte si Pink Kush THC Distillate Sabre Vape Pen na predaj Ve\u013ek\u00e1 Brit\u00e1nia, Eur\u00f3pa - Dabeast online USA od najv\u00e4\u010d\u0161ej online v\u00fddajne, Buy My Weed Online.","breadcrumb":{"@id":"https:\/\/medicinasinc.com\/sk\/product\/buy-pink-kush-thc-destilate-dabeast\/#breadcrumb"},"inLanguage":"en-US","potentialAction":[{"@type":"ReadAction","target":["https:\/\/medicinasinc.com\/sk\/product\/buy-pink-kush-thc-destilate-dabeast\/"]}]},{"@type":"ImageObject","inLanguage":"en-US","@id":"https:\/\/medicinasinc.com\/sk\/product\/buy-pink-kush-thc-destilate-dabeast\/#primaryimage","url":"https:\/\/medicinasinc.com\/sk\/wp-content\/uploads\/sites\/10\/2022\/02\/Buy-Pink-Kush-THC-Distillate-\u2013-Dabeast.jpg","contentUrl":"https:\/\/medicinasinc.com\/sk\/wp-content\/uploads\/sites\/10\/2022\/02\/Buy-Pink-Kush-THC-Distillate-\u2013-Dabeast.jpg","width":600,"height":600},{"@type":"BreadcrumbList","@id":"https:\/\/medicinasinc.com\/sk\/product\/buy-pink-kush-thc-destilate-dabeast\/#breadcrumb","itemListElement":[{"@type":"ListItem","position":1,"name":"Obchod","item":"https:\/\/medicinasinc.com\/sk\/obchod\/"},{"@type":"ListItem","position":2,"name":"K\u00fapi\u0165 Pink Kush THC Destilate \u2013 Dabeast"}]},{"@type":"WebSite","@id":"https:\/\/medicinasinc.com\/sk\/#website","url":"https:\/\/medicinasinc.com\/sk\/","name":"Medicinas Inc","description":"Health Medical Clinic","potentialAction":[{"@type":"SearchAction","target":{"@type":"EntryPoint","urlTemplate":"https:\/\/medicinasinc.com\/sk\/?s={search_term_string}"},"query-input":{"@type":"PropertyValueSpecification","valueRequired":true,"valueName":"search_term_string"}}],"inLanguage":"en-US"}]}},"_links":{"self":[{"href":"https:\/\/medicinasinc.com\/sk\/wp-json\/wp\/v2\/product\/4404","targetHints":{"allow":["GET"]}}],"collection":[{"href":"https:\/\/medicinasinc.com\/sk\/wp-json\/wp\/v2\/product"}],"about":[{"href":"https:\/\/medicinasinc.com\/sk\/wp-json\/wp\/v2\/types\/product"}],"replies":[{"embeddable":true,"href":"https:\/\/medicinasinc.com\/sk\/wp-json\/wp\/v2\/comments?post=4404"}],"wp:featuredmedia":[{"embeddable":true,"href":"https:\/\/medicinasinc.com\/sk\/wp-json\/wp\/v2\/media\/4438"}],"wp:attachment":[{"href":"https:\/\/medicinasinc.com\/sk\/wp-json\/wp\/v2\/media?parent=4404"}],"wp:term":[{"taxonomy":"product_brand","embeddable":true,"href":"https:\/\/medicinasinc.com\/sk\/wp-json\/wp\/v2\/product_brand?post=4404"},{"taxonomy":"product_cat","embeddable":true,"href":"https:\/\/medicinasinc.com\/sk\/wp-json\/wp\/v2\/product_cat?post=4404"},{"taxonomy":"product_tag","embeddable":true,"href":"https:\/\/medicinasinc.com\/sk\/wp-json\/wp\/v2\/product_tag?post=4404"}],"curies":[{"name":"wp","href":"https:\/\/api.w.org\/{rel}","templated":true}]}}