{"id":4403,"date":"2022-02-20T08:54:28","date_gmt":"2022-02-20T08:54:28","guid":{"rendered":"https:\/\/medicinasinc.com\/sk\/?post_type=product&#038;p=4403"},"modified":"2022-03-22T01:24:18","modified_gmt":"2022-03-22T01:24:18","slug":"kupit-citron-limetku-thc-destilat-dabeast","status":"publish","type":"product","link":"https:\/\/medicinasinc.com\/sk\/product\/kupit-citron-limetku-thc-destilat-dabeast\/","title":{"rendered":"K\u00fapte si Lemon Lime THC Destilate \u2013 Dabeast"},"content":{"rendered":"<p>Kde k\u00fapi\u0165 Lemon Lime THC Destilate \u2013 Dabeast<\/p>\n<p>N\u00e1\u0161 ochuten\u00fd THC destil\u00e1t je dostupn\u00fd v mno\u017estve r\u00f4znych pr\u00edchut\u00ed, ktor\u00e9 ur\u010dite pote\u0161ia va\u0161e chu\u0165ov\u00e9 poh\u00e1riky!<br \/> Na\u0161e destil\u00e1ty THC s\u00fa vylep\u0161en\u00e9 o organick\u00e9 a pr\u00edrodn\u00e9 terp\u00e9ny, ktor\u00e9 vytv\u00e1raj\u00fa jedine\u010dn\u00fd z\u00e1\u017eitok z \u00fastnej vody ako ktor\u00fdko\u013evek in\u00fd.<\/p>\n<ul>\n<li>1 x Sabre Vape Pen<\/li>\n<li>1 x vopred naplnen\u00e9\u00a0<strong>\u00a0<span class=\"hidden- xs\">s pr\u00edchu\u0165ou citr\u00f3n a limetka<\/span>\u00a0THC destil\u00e1t<\/strong>\u00a0pod<\/li>\n<li>1 x k\u00e1bel micro USB<\/li>\n<\/ul>\n<div class=\"product-next-previous\">\n<div class=\"product-prev\"><\/div><\/div>\n","protected":false},"excerpt":{"rendered":"<p>Pred\u00e1m pero Lemon Lime THC Destilate Sabre &#8211; Top Shelf online Eur\u00f3pa, Ve\u013ek\u00e1 Brit\u00e1nia z najv\u00e4\u010d\u0161ej online v\u00fddajne, Buy My Weed Online.<\/p>\n<p><em>Lemon Lime THC Destilate<\/em> Sabre Pen \u2013 Top Shelf za dostupn\u00fa cenu za najlep\u0161ie glob\u00e1lne lieky! V\u0161etky produkty s\u00fa kvalifikovan\u00e9 v laborat\u00f3riu a maj\u00fa pr\u00e9miov\u00fa kvalitu.<\/p>\n<ul>\n<li>Celosvetov\u00e1 doprava<\/li>\n<li>Minim\u00e1lne mno\u017estvo objedn\u00e1vky je 5<\/li>\n<li>Pre v\u00e4\u010d\u0161ie objedn\u00e1vky n\u00e1s kontaktujte<\/li>\n<\/ul>\n","protected":false},"featured_media":4436,"comment_status":"open","ping_status":"closed","template":"","meta":[],"product_brand":[],"product_cat":[440],"product_tag":[],"class_list":{"0":"post-4403","1":"product","2":"type-product","3":"status-publish","4":"has-post-thumbnail","6":"product_cat-kpi-konope-cbd-olej","8":"first","9":"instock","10":"shipping-taxable","11":"purchasable","12":"product-type-variable","13":"has-default-attributes"},"yoast_head":"<!-- This site is optimized with the Yoast SEO plugin v27.3 - https:\/\/yoast.com\/product\/yoast-seo-wordpress\/ -->\n<title>K\u00fapte si Lemon Lime THC Destilate \u2013 Dabeast \u2013 Best Global Meds<\/title>\n<meta name=\"description\" content=\"K\u00fapte si Lemon Lime THC Distillate Sabre Pen na predaj - Top Shelf online Eur\u00f3pa, Ve\u013ek\u00e1 Brit\u00e1nia od najv\u00e4\u010d\u0161ej online v\u00fddajne, Buy My Weed Online.\" \/>\n<meta name=\"robots\" content=\"index, follow, max-snippet:-1, max-image-preview:large, max-video-preview:-1\" \/>\n<link rel=\"canonical\" href=\"https:\/\/medicinasinc.com\/sk\/product\/kupit-citron-limetku-thc-destilat-dabeast\/\" \/>\n<meta property=\"og:locale\" content=\"en_US\" \/>\n<meta property=\"og:type\" content=\"article\" \/>\n<meta property=\"og:title\" content=\"K\u00fapte si Lemon Lime THC Destilate \u2013 Dabeast \u2013 Best Global Meds\" \/>\n<meta property=\"og:description\" content=\"K\u00fapte si Lemon Lime THC Distillate Sabre Pen na predaj - Top Shelf online Eur\u00f3pa, Ve\u013ek\u00e1 Brit\u00e1nia od najv\u00e4\u010d\u0161ej online v\u00fddajne, Buy My Weed Online.\" \/>\n<meta property=\"og:url\" content=\"https:\/\/medicinasinc.com\/sk\/product\/kupit-citron-limetku-thc-destilat-dabeast\/\" \/>\n<meta property=\"og:site_name\" content=\"Medicinas Inc\" \/>\n<meta property=\"article:modified_time\" content=\"2022-03-22T01:24:18+00:00\" \/>\n<meta property=\"og:image\" content=\"https:\/\/medicinasinc.com\/sk\/wp-content\/uploads\/sites\/10\/2022\/02\/Buy-Lemon-Lime-THC-Distillate.jpg\" \/>\n\t<meta property=\"og:image:width\" content=\"800\" \/>\n\t<meta property=\"og:image:height\" content=\"800\" \/>\n\t<meta property=\"og:image:type\" content=\"image\/jpeg\" \/>\n<meta name=\"twitter:card\" content=\"summary_large_image\" \/>\n<meta name=\"twitter:label1\" content=\"Est. reading time\" \/>\n\t<meta name=\"twitter:data1\" content=\"1 minute\" \/>\n<script type=\"application\/ld+json\" class=\"yoast-schema-graph\">{\"@context\":\"https:\\\/\\\/schema.org\",\"@graph\":[{\"@type\":\"WebPage\",\"@id\":\"https:\\\/\\\/medicinasinc.com\\\/sk\\\/product\\\/kupit-citron-limetku-thc-destilat-dabeast\\\/\",\"url\":\"https:\\\/\\\/medicinasinc.com\\\/sk\\\/product\\\/kupit-citron-limetku-thc-destilat-dabeast\\\/\",\"name\":\"K\u00fapte si Lemon Lime THC Destilate \u2013 Dabeast \u2013 Best Global Meds\",\"isPartOf\":{\"@id\":\"https:\\\/\\\/medicinasinc.com\\\/sk\\\/#website\"},\"primaryImageOfPage\":{\"@id\":\"https:\\\/\\\/medicinasinc.com\\\/sk\\\/product\\\/kupit-citron-limetku-thc-destilat-dabeast\\\/#primaryimage\"},\"image\":{\"@id\":\"https:\\\/\\\/medicinasinc.com\\\/sk\\\/product\\\/kupit-citron-limetku-thc-destilat-dabeast\\\/#primaryimage\"},\"thumbnailUrl\":\"https:\\\/\\\/medicinasinc.com\\\/sk\\\/wp-content\\\/uploads\\\/sites\\\/10\\\/2022\\\/02\\\/Buy-Lemon-Lime-THC-Distillate.jpg\",\"datePublished\":\"2022-02-20T08:54:28+00:00\",\"dateModified\":\"2022-03-22T01:24:18+00:00\",\"description\":\"K\u00fapte si Lemon Lime THC Distillate Sabre Pen na predaj - Top Shelf online Eur\u00f3pa, Ve\u013ek\u00e1 Brit\u00e1nia od najv\u00e4\u010d\u0161ej online v\u00fddajne, Buy My Weed Online.\",\"breadcrumb\":{\"@id\":\"https:\\\/\\\/medicinasinc.com\\\/sk\\\/product\\\/kupit-citron-limetku-thc-destilat-dabeast\\\/#breadcrumb\"},\"inLanguage\":\"en-US\",\"potentialAction\":[{\"@type\":\"ReadAction\",\"target\":[\"https:\\\/\\\/medicinasinc.com\\\/sk\\\/product\\\/kupit-citron-limetku-thc-destilat-dabeast\\\/\"]}]},{\"@type\":\"ImageObject\",\"inLanguage\":\"en-US\",\"@id\":\"https:\\\/\\\/medicinasinc.com\\\/sk\\\/product\\\/kupit-citron-limetku-thc-destilat-dabeast\\\/#primaryimage\",\"url\":\"https:\\\/\\\/medicinasinc.com\\\/sk\\\/wp-content\\\/uploads\\\/sites\\\/10\\\/2022\\\/02\\\/Buy-Lemon-Lime-THC-Distillate.jpg\",\"contentUrl\":\"https:\\\/\\\/medicinasinc.com\\\/sk\\\/wp-content\\\/uploads\\\/sites\\\/10\\\/2022\\\/02\\\/Buy-Lemon-Lime-THC-Distillate.jpg\",\"width\":800,\"height\":800},{\"@type\":\"BreadcrumbList\",\"@id\":\"https:\\\/\\\/medicinasinc.com\\\/sk\\\/product\\\/kupit-citron-limetku-thc-destilat-dabeast\\\/#breadcrumb\",\"itemListElement\":[{\"@type\":\"ListItem\",\"position\":1,\"name\":\"Obchod\",\"item\":\"https:\\\/\\\/medicinasinc.com\\\/sk\\\/obchod\\\/\"},{\"@type\":\"ListItem\",\"position\":2,\"name\":\"K\u00fapte si Lemon Lime THC Destilate \u2013 Dabeast\"}]},{\"@type\":\"WebSite\",\"@id\":\"https:\\\/\\\/medicinasinc.com\\\/sk\\\/#website\",\"url\":\"https:\\\/\\\/medicinasinc.com\\\/sk\\\/\",\"name\":\"Medicinas Inc\",\"description\":\"Health Medical Clinic\",\"potentialAction\":[{\"@type\":\"SearchAction\",\"target\":{\"@type\":\"EntryPoint\",\"urlTemplate\":\"https:\\\/\\\/medicinasinc.com\\\/sk\\\/?s={search_term_string}\"},\"query-input\":{\"@type\":\"PropertyValueSpecification\",\"valueRequired\":true,\"valueName\":\"search_term_string\"}}],\"inLanguage\":\"en-US\"}]}<\/script>\n<!-- \/ Yoast SEO plugin. -->","yoast_head_json":{"title":"K\u00fapte si Lemon Lime THC Destilate \u2013 Dabeast \u2013 Best Global Meds","description":"K\u00fapte si Lemon Lime THC Distillate Sabre Pen na predaj - Top Shelf online Eur\u00f3pa, Ve\u013ek\u00e1 Brit\u00e1nia od najv\u00e4\u010d\u0161ej online v\u00fddajne, Buy My Weed Online.","robots":{"index":"index","follow":"follow","max-snippet":"max-snippet:-1","max-image-preview":"max-image-preview:large","max-video-preview":"max-video-preview:-1"},"canonical":"https:\/\/medicinasinc.com\/sk\/product\/kupit-citron-limetku-thc-destilat-dabeast\/","og_locale":"en_US","og_type":"article","og_title":"K\u00fapte si Lemon Lime THC Destilate \u2013 Dabeast \u2013 Best Global Meds","og_description":"K\u00fapte si Lemon Lime THC Distillate Sabre Pen na predaj - Top Shelf online Eur\u00f3pa, Ve\u013ek\u00e1 Brit\u00e1nia od najv\u00e4\u010d\u0161ej online v\u00fddajne, Buy My Weed Online.","og_url":"https:\/\/medicinasinc.com\/sk\/product\/kupit-citron-limetku-thc-destilat-dabeast\/","og_site_name":"Medicinas Inc","article_modified_time":"2022-03-22T01:24:18+00:00","og_image":[{"width":800,"height":800,"url":"https:\/\/medicinasinc.com\/sk\/wp-content\/uploads\/sites\/10\/2022\/02\/Buy-Lemon-Lime-THC-Distillate.jpg","type":"image\/jpeg"}],"twitter_card":"summary_large_image","twitter_misc":{"Est. reading time":"1 minute"},"schema":{"@context":"https:\/\/schema.org","@graph":[{"@type":"WebPage","@id":"https:\/\/medicinasinc.com\/sk\/product\/kupit-citron-limetku-thc-destilat-dabeast\/","url":"https:\/\/medicinasinc.com\/sk\/product\/kupit-citron-limetku-thc-destilat-dabeast\/","name":"K\u00fapte si Lemon Lime THC Destilate \u2013 Dabeast \u2013 Best Global Meds","isPartOf":{"@id":"https:\/\/medicinasinc.com\/sk\/#website"},"primaryImageOfPage":{"@id":"https:\/\/medicinasinc.com\/sk\/product\/kupit-citron-limetku-thc-destilat-dabeast\/#primaryimage"},"image":{"@id":"https:\/\/medicinasinc.com\/sk\/product\/kupit-citron-limetku-thc-destilat-dabeast\/#primaryimage"},"thumbnailUrl":"https:\/\/medicinasinc.com\/sk\/wp-content\/uploads\/sites\/10\/2022\/02\/Buy-Lemon-Lime-THC-Distillate.jpg","datePublished":"2022-02-20T08:54:28+00:00","dateModified":"2022-03-22T01:24:18+00:00","description":"K\u00fapte si Lemon Lime THC Distillate Sabre Pen na predaj - Top Shelf online Eur\u00f3pa, Ve\u013ek\u00e1 Brit\u00e1nia od najv\u00e4\u010d\u0161ej online v\u00fddajne, Buy My Weed Online.","breadcrumb":{"@id":"https:\/\/medicinasinc.com\/sk\/product\/kupit-citron-limetku-thc-destilat-dabeast\/#breadcrumb"},"inLanguage":"en-US","potentialAction":[{"@type":"ReadAction","target":["https:\/\/medicinasinc.com\/sk\/product\/kupit-citron-limetku-thc-destilat-dabeast\/"]}]},{"@type":"ImageObject","inLanguage":"en-US","@id":"https:\/\/medicinasinc.com\/sk\/product\/kupit-citron-limetku-thc-destilat-dabeast\/#primaryimage","url":"https:\/\/medicinasinc.com\/sk\/wp-content\/uploads\/sites\/10\/2022\/02\/Buy-Lemon-Lime-THC-Distillate.jpg","contentUrl":"https:\/\/medicinasinc.com\/sk\/wp-content\/uploads\/sites\/10\/2022\/02\/Buy-Lemon-Lime-THC-Distillate.jpg","width":800,"height":800},{"@type":"BreadcrumbList","@id":"https:\/\/medicinasinc.com\/sk\/product\/kupit-citron-limetku-thc-destilat-dabeast\/#breadcrumb","itemListElement":[{"@type":"ListItem","position":1,"name":"Obchod","item":"https:\/\/medicinasinc.com\/sk\/obchod\/"},{"@type":"ListItem","position":2,"name":"K\u00fapte si Lemon Lime THC Destilate \u2013 Dabeast"}]},{"@type":"WebSite","@id":"https:\/\/medicinasinc.com\/sk\/#website","url":"https:\/\/medicinasinc.com\/sk\/","name":"Medicinas Inc","description":"Health Medical Clinic","potentialAction":[{"@type":"SearchAction","target":{"@type":"EntryPoint","urlTemplate":"https:\/\/medicinasinc.com\/sk\/?s={search_term_string}"},"query-input":{"@type":"PropertyValueSpecification","valueRequired":true,"valueName":"search_term_string"}}],"inLanguage":"en-US"}]}},"_links":{"self":[{"href":"https:\/\/medicinasinc.com\/sk\/wp-json\/wp\/v2\/product\/4403","targetHints":{"allow":["GET"]}}],"collection":[{"href":"https:\/\/medicinasinc.com\/sk\/wp-json\/wp\/v2\/product"}],"about":[{"href":"https:\/\/medicinasinc.com\/sk\/wp-json\/wp\/v2\/types\/product"}],"replies":[{"embeddable":true,"href":"https:\/\/medicinasinc.com\/sk\/wp-json\/wp\/v2\/comments?post=4403"}],"wp:featuredmedia":[{"embeddable":true,"href":"https:\/\/medicinasinc.com\/sk\/wp-json\/wp\/v2\/media\/4436"}],"wp:attachment":[{"href":"https:\/\/medicinasinc.com\/sk\/wp-json\/wp\/v2\/media?parent=4403"}],"wp:term":[{"taxonomy":"product_brand","embeddable":true,"href":"https:\/\/medicinasinc.com\/sk\/wp-json\/wp\/v2\/product_brand?post=4403"},{"taxonomy":"product_cat","embeddable":true,"href":"https:\/\/medicinasinc.com\/sk\/wp-json\/wp\/v2\/product_cat?post=4403"},{"taxonomy":"product_tag","embeddable":true,"href":"https:\/\/medicinasinc.com\/sk\/wp-json\/wp\/v2\/product_tag?post=4403"}],"curies":[{"name":"wp","href":"https:\/\/api.w.org\/{rel}","templated":true}]}}