{"id":4388,"date":"2022-02-20T08:46:53","date_gmt":"2022-02-20T08:46:53","guid":{"rendered":"https:\/\/medicinasinc.com\/sk\/?post_type=product&#038;p=4388"},"modified":"2022-03-22T01:24:35","modified_gmt":"2022-03-22T01:24:35","slug":"kupit-high-thc-cannabis-oleje-1g-cartridge-online","status":"publish","type":"product","link":"https:\/\/medicinasinc.com\/sk\/product\/kupit-high-thc-cannabis-oleje-1g-cartridge-online\/","title":{"rendered":"K\u00fapte si online kazetu s vysok\u00fdm obsahom THC Cannabis Oil 1g"},"content":{"rendered":"<p>K\u00fapte si 1g kazetu s vysok\u00fdm obsahom THC Cannabis Oil online.<\/p>\n<p>Namiesto mie\u0161ania n\u00e1\u0161ho kanabisu pon\u00fakame kazety v 18 r\u00f4znych kme\u0148och. Nepou\u017e\u00edvame \u017eiadne pr\u00edsady. N\u00e1\u0161 kanabis sa pestuje prirodzene v pr\u00e9miovej oblasti kanabisu v severnej Kalifornii a potom sa \u010disto extrahuje pomocou patentovanej superkritickej met\u00f3dy CO2.<\/p>\n<p>Kanabisov\u00fd olej na lek\u00e1rske pou\u017eitie. Hybrid, Sativa a Indica<\/p>\n<p>Lek\u00e1rske v\u00fdhody kanabisov\u00e9ho oleja<br \/> Ochrana imunitn\u00e9ho syst\u00e9mu V\u00fdrazne zvy\u0161uje va\u0161e \u0161ance na remisiu<br \/> Pom\u00e1ha stabilizova\u0165 a odstra\u0148ova\u0165 ak\u00fatnu alebo chronick\u00fa boles\u0165<br \/> Odstra\u0148uje potenci\u00e1lne \u0161kodliv\u00e9 farmaceutick\u00e9 protokoly<br \/> Zni\u017euje alebo eliminuje rast mal\u00edgnych buniek. Zni\u017euje alebo odstra\u0148uje nevo\u013enos\u0165.<\/p>\n<p>Konope historicky obsahovalo koncentr\u00e1cie THC medzi 12 a 21 %.<\/p>\n<p>Koncentr\u00e1cie CBD vo v\u00e4\u010d\u0161ine rastl\u00edn kanabisu sa pohybuj\u00fa medzi 0,1 a 0,3 percenta. Teraz s\u00fa v\u0161ak k dispoz\u00edcii kmene kanabisu s vy\u0161\u0161\u00edm obsahom CBD, v\u010faka \u010domu s\u00fa kanabisov\u00e9 oleje bohat\u00e9 na CBD dostupnej\u0161ie. Tieto kanabisov\u00e9 oleje s\u00fa k dispoz\u00edcii na n\u00e1kup a mo\u017eno ich bezpe\u010dne objedna\u0165 online od n\u00e1s. hash olej na predaj online, ako k\u00fapi\u0165 hash olej online, high thc olej na predaj, objedna\u0165 hash olej online, k\u00fapi\u0165 hash olej online, hash oil cartridge na predaj, kde m\u00f4\u017eem k\u00fapi\u0165 thc olej online, thc hash oil na predaj, hash olejov\u00e9 n\u00e1plne na predaj online, kde k\u00fapi\u0165 thc olej online, k\u00fapi\u0165 n\u00e1plne s hashov\u00fdm olejom online<\/p>\n<p>Okrem toho s\u00fa oleje bohat\u00e9 na CBD preferovan\u00e9 pri stavoch, ako je epilepsia, \u00fazkos\u0165, stres a nevo\u013enos\u0165. CBD oleje v\u00e1m tie\u017e pom\u00f4\u017eu relaxova\u0165 a pom\u00f4\u017eu pri lie\u010dbe nespavosti, tenzn\u00fdch bolest\u00ed hlavy, por\u00fach n\u00e1lady a poruchy pozornosti.<\/p>\n<p>Pred zak\u00fapen\u00edm hash online je d\u00f4le\u017eit\u00e9 pochopi\u0165 \u00fa\u010dinok, ako s\u00favis\u00ed na kanabis a \u010d\u00edm sa odli\u0161uje od in\u00fdch burinov\u00fdch produktov. Hash, in\u00fd v\u00fdraz pre \u201eha\u0161i\u0161\u201c v \u0161t\u00e1te, je kanabisov\u00fd koncentr\u00e1t dod\u00e1van\u00fd smolou rastliny marihuany. To sa dosiahne oddelen\u00edm org\u00e1nov \u0161\u0165avy rastliny kanabisu, ktor\u00e9 sa s\u00fahrnne naz\u00fdvaj\u00fa trich\u00f3my, od jej kvetov. Je zn\u00e1me, \u017ee tieto trich\u00f3my obsahuj\u00fa najvy\u0161\u0161ie koncentr\u00e1cie kanabinoidov a terp\u00e9nov, \u010do s\u00fa chemick\u00e9 zl\u00fa\u010deniny zodpovedn\u00e9 za jedine\u010dn\u00e9 vlastnosti a vlastnosti Maryjane. V\u010faka vysokej koncentr\u00e1cii kanabinoidov a terp\u00e9nov v ha\u0161i m\u00e1 mimoriadnu schopnos\u0165 vytv\u00e1ra\u0165 ohromuj\u00face psychoakt\u00edvne a lie\u010debn\u00e9 stretnutia pre klientov s kanabisom. Ha\u0161ov\u00fd olej je vysoko koncentrovan\u00e1 forma kanabisu, ktor\u00fa mo\u017eno faj\u010di\u0165, odparova\u0165, konzumova\u0165 alebo drhn\u00fa\u0165 na poko\u017eke. Pr\u00edle\u017eitostne sa pou\u017eitie hash oleja ozna\u010duje ako \u201edosiahnutie\u201c alebo \u201espotreba\u201c. Ha\u0161ov\u00fd olej poch\u00e1dza z rastl\u00edn konope a obsahuje THC (delta-9-tetrahydrokanabinol), rovnak\u00fa revolu\u010dn\u00fa zl\u00fa\u010deninu, ktor\u00e1 sa nach\u00e1dza v in\u00fdch produktoch Maryjane. Ha\u0161ov\u00fd olej je v\u0161ak \u00fa\u010dinnej\u0161\u00ed, obsahuje a\u017e 90 % \u010dist\u00e9ho THC. Prirodzene, v in\u00fdch \u010dastiach rastliny kanabisu je obsah THC zvy\u010dajne okolo 12%. D\u00f4veryhodn\u00e1 CO2 extrakcia je v s\u00fa\u010dasnosti najefekt\u00edvnej\u0161ou met\u00f3dou extrakcie THC oleja. Okrem toho je to najbe\u017enej\u0161ia a najbezpe\u010dnej\u0161ia met\u00f3da v\u00fdroby kanabisov\u00e9ho oleja, destil\u00e1tu a n\u00e1kladn\u00fdch \u00e1ut so \u017eivou gumou. D\u00f4vod, pre\u010do je v dne\u0161nej dobe tak\u00fd roz\u0161\u00edren\u00fd, je ten, \u017ee tento THC olej neobsahuje \u010fal\u0161ie rozp\u00fa\u0161\u0165adl\u00e1, ako je l\u00fah alebo but\u00e1n. V\u00e4\u010d\u0161ina olejov THC obsahuje typ zni\u017euj\u00facej sa pripravenosti. Je to potrebn\u00e9 na to, aby si olej udr\u017eal ide\u00e1lnu konzistenciu na vapovanie. Najv\u00fdraznej\u0161\u00edmi \u0161pecialistami na ub\u00fadanie s\u00fa rastlinn\u00fd glycer\u00edn a propyl\u00e9nglykol (VG a PG), ktor\u00e9 sa be\u017ene vyskytuj\u00fa v \u0161tandardn\u00fdch e-liquidoch. Niektor\u00e9 obsahuj\u00fa r\u00f4zne plniv\u00e1, ako je PEG a ned\u00e1vno TEC Temper, \u010do je \u010fal\u0161ia podmienka odvoden\u00e1 od pr\u00edrodn\u00fdch terp\u00e9nov. Ha\u0161ov\u00fd olej je mo\u017en\u00e9 zak\u00fapi\u0165.<\/p>\n","protected":false},"excerpt":{"rendered":"<p>K\u00fapte si marihuanov\u00fd olej s vysok\u00fdm obsahom THC na predaj vo Ve\u013ekej Brit\u00e1nii, Eur\u00f3pe online. K\u00fapte si 100% \u010dist\u00fd kanabisov\u00fd olej thc na predaj v USA. Plnospektr\u00e1lny kanabisov\u00fd olej. THC oil rakovina na predaj.Potencia: 85% THC &amp; 15 % CBD<\/p>\n<p>Cena produktu je ako: za 5 kaziet<\/p>\n<p>Minim\u00e1lne mno\u017estvo na objedn\u00e1vku je: 5 kaziet<\/p>\n","protected":false},"featured_media":4423,"comment_status":"open","ping_status":"closed","template":"","meta":[],"product_brand":[],"product_cat":[440],"product_tag":[],"class_list":{"0":"post-4388","1":"product","2":"type-product","3":"status-publish","4":"has-post-thumbnail","6":"product_cat-kpi-konope-cbd-olej","8":"first","9":"instock","10":"shipping-taxable","11":"purchasable","12":"product-type-variable","13":"has-default-attributes"},"yoast_head":"<!-- This site is optimized with the Yoast SEO plugin v27.3 - https:\/\/yoast.com\/product\/yoast-seo-wordpress\/ -->\n<title>K\u00fapte si online kazetu s vysok\u00fdm obsahom THC Cannabis Oil 1g \u2013 najlep\u0161ie glob\u00e1lne lieky<\/title>\n<meta name=\"description\" content=\"K\u00fapi\u0165 marihuanov\u00fd olej s vysok\u00fdm obsahom THC na predaj vo Ve\u013ekej Brit\u00e1nii, Eur\u00f3pe online. K\u00fapte si 100% \u010dist\u00fd kanabisov\u00fd olej thc na predaj v USA. Plnospektr\u00e1lny kanabisov\u00fd olej. THC oil rakovina na predaj.Potencia: 85% THC &amp; 15% CBD\" \/>\n<meta name=\"robots\" content=\"index, follow, max-snippet:-1, max-image-preview:large, max-video-preview:-1\" \/>\n<link rel=\"canonical\" href=\"https:\/\/medicinasinc.com\/sk\/product\/kupit-high-thc-cannabis-oleje-1g-cartridge-online\/\" \/>\n<meta property=\"og:locale\" content=\"en_US\" \/>\n<meta property=\"og:type\" content=\"article\" \/>\n<meta property=\"og:title\" content=\"K\u00fapte si online kazetu s vysok\u00fdm obsahom THC Cannabis Oil 1g \u2013 najlep\u0161ie glob\u00e1lne lieky\" \/>\n<meta property=\"og:description\" content=\"K\u00fapi\u0165 marihuanov\u00fd olej s vysok\u00fdm obsahom THC na predaj vo Ve\u013ekej Brit\u00e1nii, Eur\u00f3pe online. K\u00fapte si 100% \u010dist\u00fd kanabisov\u00fd olej thc na predaj v USA. Plnospektr\u00e1lny kanabisov\u00fd olej. THC oil rakovina na predaj.Potencia: 85% THC &amp; 15% CBD\" \/>\n<meta property=\"og:url\" content=\"https:\/\/medicinasinc.com\/sk\/product\/kupit-high-thc-cannabis-oleje-1g-cartridge-online\/\" \/>\n<meta property=\"og:site_name\" content=\"Medicinas Inc\" \/>\n<meta property=\"article:modified_time\" content=\"2022-03-22T01:24:35+00:00\" \/>\n<meta property=\"og:image\" content=\"https:\/\/medicinasinc.com\/sk\/wp-content\/uploads\/sites\/10\/2022\/02\/Buy-High-THC-Cannabis-Oil-1g-cartridge-online.jpg\" \/>\n\t<meta property=\"og:image:width\" content=\"600\" \/>\n\t<meta property=\"og:image:height\" content=\"600\" \/>\n\t<meta property=\"og:image:type\" content=\"image\/jpeg\" \/>\n<meta name=\"twitter:card\" content=\"summary_large_image\" \/>\n<meta name=\"twitter:label1\" content=\"Est. reading time\" \/>\n\t<meta name=\"twitter:data1\" content=\"3 minutes\" \/>\n<script type=\"application\/ld+json\" class=\"yoast-schema-graph\">{\"@context\":\"https:\\\/\\\/schema.org\",\"@graph\":[{\"@type\":\"WebPage\",\"@id\":\"https:\\\/\\\/medicinasinc.com\\\/sk\\\/product\\\/kupit-high-thc-cannabis-oleje-1g-cartridge-online\\\/\",\"url\":\"https:\\\/\\\/medicinasinc.com\\\/sk\\\/product\\\/kupit-high-thc-cannabis-oleje-1g-cartridge-online\\\/\",\"name\":\"K\u00fapte si online kazetu s vysok\u00fdm obsahom THC Cannabis Oil 1g \u2013 najlep\u0161ie glob\u00e1lne lieky\",\"isPartOf\":{\"@id\":\"https:\\\/\\\/medicinasinc.com\\\/sk\\\/#website\"},\"primaryImageOfPage\":{\"@id\":\"https:\\\/\\\/medicinasinc.com\\\/sk\\\/product\\\/kupit-high-thc-cannabis-oleje-1g-cartridge-online\\\/#primaryimage\"},\"image\":{\"@id\":\"https:\\\/\\\/medicinasinc.com\\\/sk\\\/product\\\/kupit-high-thc-cannabis-oleje-1g-cartridge-online\\\/#primaryimage\"},\"thumbnailUrl\":\"https:\\\/\\\/medicinasinc.com\\\/sk\\\/wp-content\\\/uploads\\\/sites\\\/10\\\/2022\\\/02\\\/Buy-High-THC-Cannabis-Oil-1g-cartridge-online.jpg\",\"datePublished\":\"2022-02-20T08:46:53+00:00\",\"dateModified\":\"2022-03-22T01:24:35+00:00\",\"description\":\"K\u00fapi\u0165 marihuanov\u00fd olej s vysok\u00fdm obsahom THC na predaj vo Ve\u013ekej Brit\u00e1nii, Eur\u00f3pe online. K\u00fapte si 100% \u010dist\u00fd kanabisov\u00fd olej thc na predaj v USA. Plnospektr\u00e1lny kanabisov\u00fd olej. THC oil rakovina na predaj.Potencia: 85% THC &amp; 15% CBD\",\"breadcrumb\":{\"@id\":\"https:\\\/\\\/medicinasinc.com\\\/sk\\\/product\\\/kupit-high-thc-cannabis-oleje-1g-cartridge-online\\\/#breadcrumb\"},\"inLanguage\":\"en-US\",\"potentialAction\":[{\"@type\":\"ReadAction\",\"target\":[\"https:\\\/\\\/medicinasinc.com\\\/sk\\\/product\\\/kupit-high-thc-cannabis-oleje-1g-cartridge-online\\\/\"]}]},{\"@type\":\"ImageObject\",\"inLanguage\":\"en-US\",\"@id\":\"https:\\\/\\\/medicinasinc.com\\\/sk\\\/product\\\/kupit-high-thc-cannabis-oleje-1g-cartridge-online\\\/#primaryimage\",\"url\":\"https:\\\/\\\/medicinasinc.com\\\/sk\\\/wp-content\\\/uploads\\\/sites\\\/10\\\/2022\\\/02\\\/Buy-High-THC-Cannabis-Oil-1g-cartridge-online.jpg\",\"contentUrl\":\"https:\\\/\\\/medicinasinc.com\\\/sk\\\/wp-content\\\/uploads\\\/sites\\\/10\\\/2022\\\/02\\\/Buy-High-THC-Cannabis-Oil-1g-cartridge-online.jpg\",\"width\":600,\"height\":600},{\"@type\":\"BreadcrumbList\",\"@id\":\"https:\\\/\\\/medicinasinc.com\\\/sk\\\/product\\\/kupit-high-thc-cannabis-oleje-1g-cartridge-online\\\/#breadcrumb\",\"itemListElement\":[{\"@type\":\"ListItem\",\"position\":1,\"name\":\"Obchod\",\"item\":\"https:\\\/\\\/medicinasinc.com\\\/sk\\\/obchod\\\/\"},{\"@type\":\"ListItem\",\"position\":2,\"name\":\"K\u00fapte si online kazetu s vysok\u00fdm obsahom THC Cannabis Oil 1g\"}]},{\"@type\":\"WebSite\",\"@id\":\"https:\\\/\\\/medicinasinc.com\\\/sk\\\/#website\",\"url\":\"https:\\\/\\\/medicinasinc.com\\\/sk\\\/\",\"name\":\"Medicinas Inc\",\"description\":\"Health Medical Clinic\",\"potentialAction\":[{\"@type\":\"SearchAction\",\"target\":{\"@type\":\"EntryPoint\",\"urlTemplate\":\"https:\\\/\\\/medicinasinc.com\\\/sk\\\/?s={search_term_string}\"},\"query-input\":{\"@type\":\"PropertyValueSpecification\",\"valueRequired\":true,\"valueName\":\"search_term_string\"}}],\"inLanguage\":\"en-US\"}]}<\/script>\n<!-- \/ Yoast SEO plugin. -->","yoast_head_json":{"title":"K\u00fapte si online kazetu s vysok\u00fdm obsahom THC Cannabis Oil 1g \u2013 najlep\u0161ie glob\u00e1lne lieky","description":"K\u00fapi\u0165 marihuanov\u00fd olej s vysok\u00fdm obsahom THC na predaj vo Ve\u013ekej Brit\u00e1nii, Eur\u00f3pe online. K\u00fapte si 100% \u010dist\u00fd kanabisov\u00fd olej thc na predaj v USA. Plnospektr\u00e1lny kanabisov\u00fd olej. THC oil rakovina na predaj.Potencia: 85% THC &amp; 15% CBD","robots":{"index":"index","follow":"follow","max-snippet":"max-snippet:-1","max-image-preview":"max-image-preview:large","max-video-preview":"max-video-preview:-1"},"canonical":"https:\/\/medicinasinc.com\/sk\/product\/kupit-high-thc-cannabis-oleje-1g-cartridge-online\/","og_locale":"en_US","og_type":"article","og_title":"K\u00fapte si online kazetu s vysok\u00fdm obsahom THC Cannabis Oil 1g \u2013 najlep\u0161ie glob\u00e1lne lieky","og_description":"K\u00fapi\u0165 marihuanov\u00fd olej s vysok\u00fdm obsahom THC na predaj vo Ve\u013ekej Brit\u00e1nii, Eur\u00f3pe online. K\u00fapte si 100% \u010dist\u00fd kanabisov\u00fd olej thc na predaj v USA. Plnospektr\u00e1lny kanabisov\u00fd olej. THC oil rakovina na predaj.Potencia: 85% THC &amp; 15% CBD","og_url":"https:\/\/medicinasinc.com\/sk\/product\/kupit-high-thc-cannabis-oleje-1g-cartridge-online\/","og_site_name":"Medicinas Inc","article_modified_time":"2022-03-22T01:24:35+00:00","og_image":[{"width":600,"height":600,"url":"https:\/\/medicinasinc.com\/sk\/wp-content\/uploads\/sites\/10\/2022\/02\/Buy-High-THC-Cannabis-Oil-1g-cartridge-online.jpg","type":"image\/jpeg"}],"twitter_card":"summary_large_image","twitter_misc":{"Est. reading time":"3 minutes"},"schema":{"@context":"https:\/\/schema.org","@graph":[{"@type":"WebPage","@id":"https:\/\/medicinasinc.com\/sk\/product\/kupit-high-thc-cannabis-oleje-1g-cartridge-online\/","url":"https:\/\/medicinasinc.com\/sk\/product\/kupit-high-thc-cannabis-oleje-1g-cartridge-online\/","name":"K\u00fapte si online kazetu s vysok\u00fdm obsahom THC Cannabis Oil 1g \u2013 najlep\u0161ie glob\u00e1lne lieky","isPartOf":{"@id":"https:\/\/medicinasinc.com\/sk\/#website"},"primaryImageOfPage":{"@id":"https:\/\/medicinasinc.com\/sk\/product\/kupit-high-thc-cannabis-oleje-1g-cartridge-online\/#primaryimage"},"image":{"@id":"https:\/\/medicinasinc.com\/sk\/product\/kupit-high-thc-cannabis-oleje-1g-cartridge-online\/#primaryimage"},"thumbnailUrl":"https:\/\/medicinasinc.com\/sk\/wp-content\/uploads\/sites\/10\/2022\/02\/Buy-High-THC-Cannabis-Oil-1g-cartridge-online.jpg","datePublished":"2022-02-20T08:46:53+00:00","dateModified":"2022-03-22T01:24:35+00:00","description":"K\u00fapi\u0165 marihuanov\u00fd olej s vysok\u00fdm obsahom THC na predaj vo Ve\u013ekej Brit\u00e1nii, Eur\u00f3pe online. K\u00fapte si 100% \u010dist\u00fd kanabisov\u00fd olej thc na predaj v USA. Plnospektr\u00e1lny kanabisov\u00fd olej. THC oil rakovina na predaj.Potencia: 85% THC &amp; 15% CBD","breadcrumb":{"@id":"https:\/\/medicinasinc.com\/sk\/product\/kupit-high-thc-cannabis-oleje-1g-cartridge-online\/#breadcrumb"},"inLanguage":"en-US","potentialAction":[{"@type":"ReadAction","target":["https:\/\/medicinasinc.com\/sk\/product\/kupit-high-thc-cannabis-oleje-1g-cartridge-online\/"]}]},{"@type":"ImageObject","inLanguage":"en-US","@id":"https:\/\/medicinasinc.com\/sk\/product\/kupit-high-thc-cannabis-oleje-1g-cartridge-online\/#primaryimage","url":"https:\/\/medicinasinc.com\/sk\/wp-content\/uploads\/sites\/10\/2022\/02\/Buy-High-THC-Cannabis-Oil-1g-cartridge-online.jpg","contentUrl":"https:\/\/medicinasinc.com\/sk\/wp-content\/uploads\/sites\/10\/2022\/02\/Buy-High-THC-Cannabis-Oil-1g-cartridge-online.jpg","width":600,"height":600},{"@type":"BreadcrumbList","@id":"https:\/\/medicinasinc.com\/sk\/product\/kupit-high-thc-cannabis-oleje-1g-cartridge-online\/#breadcrumb","itemListElement":[{"@type":"ListItem","position":1,"name":"Obchod","item":"https:\/\/medicinasinc.com\/sk\/obchod\/"},{"@type":"ListItem","position":2,"name":"K\u00fapte si online kazetu s vysok\u00fdm obsahom THC Cannabis Oil 1g"}]},{"@type":"WebSite","@id":"https:\/\/medicinasinc.com\/sk\/#website","url":"https:\/\/medicinasinc.com\/sk\/","name":"Medicinas Inc","description":"Health Medical Clinic","potentialAction":[{"@type":"SearchAction","target":{"@type":"EntryPoint","urlTemplate":"https:\/\/medicinasinc.com\/sk\/?s={search_term_string}"},"query-input":{"@type":"PropertyValueSpecification","valueRequired":true,"valueName":"search_term_string"}}],"inLanguage":"en-US"}]}},"_links":{"self":[{"href":"https:\/\/medicinasinc.com\/sk\/wp-json\/wp\/v2\/product\/4388","targetHints":{"allow":["GET"]}}],"collection":[{"href":"https:\/\/medicinasinc.com\/sk\/wp-json\/wp\/v2\/product"}],"about":[{"href":"https:\/\/medicinasinc.com\/sk\/wp-json\/wp\/v2\/types\/product"}],"replies":[{"embeddable":true,"href":"https:\/\/medicinasinc.com\/sk\/wp-json\/wp\/v2\/comments?post=4388"}],"wp:featuredmedia":[{"embeddable":true,"href":"https:\/\/medicinasinc.com\/sk\/wp-json\/wp\/v2\/media\/4423"}],"wp:attachment":[{"href":"https:\/\/medicinasinc.com\/sk\/wp-json\/wp\/v2\/media?parent=4388"}],"wp:term":[{"taxonomy":"product_brand","embeddable":true,"href":"https:\/\/medicinasinc.com\/sk\/wp-json\/wp\/v2\/product_brand?post=4388"},{"taxonomy":"product_cat","embeddable":true,"href":"https:\/\/medicinasinc.com\/sk\/wp-json\/wp\/v2\/product_cat?post=4388"},{"taxonomy":"product_tag","embeddable":true,"href":"https:\/\/medicinasinc.com\/sk\/wp-json\/wp\/v2\/product_tag?post=4388"}],"curies":[{"name":"wp","href":"https:\/\/api.w.org\/{rel}","templated":true}]}}