{"id":4375,"date":"2022-02-20T08:40:25","date_gmt":"2022-02-20T08:40:25","guid":{"rendered":"https:\/\/medicinasinc.com\/sk\/?post_type=product&#038;p=4375"},"modified":"2022-03-22T01:24:44","modified_gmt":"2022-03-22T01:24:44","slug":"kupit-vysoko-cbd-premium-co2-extrahovany-olej","status":"publish","type":"product","link":"https:\/\/medicinasinc.com\/sk\/product\/kupit-vysoko-cbd-premium-co2-extrahovany-olej\/","title":{"rendered":"K\u00fapte si extrahovan\u00fd olej s vysok\u00fdm obsahom CBD Premium CO2"},"content":{"rendered":"<p>K\u00fapte si extrahovan\u00fd olej s vysok\u00fdm obsahom CBD Premium CO2 online v Spojen\u00fdch \u0161t\u00e1toch americk\u00fdch.<\/p>\n<p>Kupte si extrahovan\u00fd olej s vysok\u00fdm obsahom CBD Premium CO2 online v Spojen\u00fdch \u0161t\u00e1toch americk\u00fdch.<\/p>\n<p>Kanabinoidy s\u00fa extrahovan\u00e9 pomocou CO2. Zd\u00e1 sa, \u017ee v\u00fdsledkom je olej, ktor\u00fd je ove\u013ea pr\u00edjemnej\u0161\u00ed na vdychovanie a bez drsnosti.<br \/> T\u00e1to d\u00e1vka lieku poch\u00e1dza z ACDC, kme\u0148a kanabisu zn\u00e1meho pre svoj vysok\u00fd obsah CBD.<\/p>\n","protected":false},"excerpt":{"rendered":"<p>K\u00fapte si extrahovan\u00fd olej s vysok\u00fdm obsahom CBD Premium CO2 na predaj vo Ve\u013ekej Brit\u00e1nii, Eur\u00f3pe online. Celkov\u00e9 akt\u00edvne kanabinoidy 80 % THC: 24 % CBD: 56 % CO2 extrak\u010dn\u00e1 n\u00e1pl\u0148 s marihuanov\u00fdm olejom.<\/p>\n<h3>K\u00fapi\u0165 kazety s THC kanabisov\u00fdm olejom<\/h3>\n<p>Cena produktu je ako: za 5 kaziet<br \/> <strong>Minim\u00e1lne mno\u017estvo objedn\u00e1vky je: 5 kaziet<\/strong><\/p>\n","protected":false},"featured_media":4411,"comment_status":"open","ping_status":"closed","template":"","meta":[],"product_brand":[],"product_cat":[440],"product_tag":[],"class_list":{"0":"post-4375","1":"product","2":"type-product","3":"status-publish","4":"has-post-thumbnail","6":"product_cat-kpi-konope-cbd-olej","8":"first","9":"instock","10":"shipping-taxable","11":"purchasable","12":"product-type-variable","13":"has-default-attributes"},"yoast_head":"<!-- This site is optimized with the Yoast SEO plugin v27.3 - https:\/\/yoast.com\/product\/yoast-seo-wordpress\/ -->\n<title>K\u00fapte si extrahovan\u00fd olej s vysok\u00fdm obsahom CBD Premium CO2 \u2013 najlep\u0161ie glob\u00e1lne lieky<\/title>\n<meta name=\"description\" content=\"K\u00fapte si extrahovan\u00fd olej s vysok\u00fdm obsahom CBD Premium CO2 na predaj vo Ve\u013ekej Brit\u00e1nii, Eur\u00f3pe online. Celkov\u00e9 akt\u00edvne kanabinoidy 80 % THC: 24 % CBD: 56 % CO2 extrak\u010dn\u00e1 n\u00e1pl\u0148 do marihuanov\u00e9ho oleja.\" \/>\n<meta name=\"robots\" content=\"index, follow, max-snippet:-1, max-image-preview:large, max-video-preview:-1\" \/>\n<link rel=\"canonical\" href=\"https:\/\/medicinasinc.com\/sk\/product\/kupit-vysoko-cbd-premium-co2-extrahovany-olej\/\" \/>\n<meta property=\"og:locale\" content=\"en_US\" \/>\n<meta property=\"og:type\" content=\"article\" \/>\n<meta property=\"og:title\" content=\"K\u00fapte si extrahovan\u00fd olej s vysok\u00fdm obsahom CBD Premium CO2 \u2013 najlep\u0161ie glob\u00e1lne lieky\" \/>\n<meta property=\"og:description\" content=\"K\u00fapte si extrahovan\u00fd olej s vysok\u00fdm obsahom CBD Premium CO2 na predaj vo Ve\u013ekej Brit\u00e1nii, Eur\u00f3pe online. Celkov\u00e9 akt\u00edvne kanabinoidy 80 % THC: 24 % CBD: 56 % CO2 extrak\u010dn\u00e1 n\u00e1pl\u0148 do marihuanov\u00e9ho oleja.\" \/>\n<meta property=\"og:url\" content=\"https:\/\/medicinasinc.com\/sk\/product\/kupit-vysoko-cbd-premium-co2-extrahovany-olej\/\" \/>\n<meta property=\"og:site_name\" content=\"Medicinas Inc\" \/>\n<meta property=\"article:modified_time\" content=\"2022-03-22T01:24:44+00:00\" \/>\n<meta property=\"og:image\" content=\"https:\/\/medicinasinc.com\/sk\/wp-content\/uploads\/sites\/10\/2022\/02\/Buy-High-CBD-Premium-CO2-Extracted-Oil.jpg\" \/>\n\t<meta property=\"og:image:width\" content=\"770\" \/>\n\t<meta property=\"og:image:height\" content=\"686\" \/>\n\t<meta property=\"og:image:type\" content=\"image\/jpeg\" \/>\n<meta name=\"twitter:card\" content=\"summary_large_image\" \/>\n<meta name=\"twitter:label1\" content=\"Est. reading time\" \/>\n\t<meta name=\"twitter:data1\" content=\"1 minute\" \/>\n<script type=\"application\/ld+json\" class=\"yoast-schema-graph\">{\"@context\":\"https:\\\/\\\/schema.org\",\"@graph\":[{\"@type\":\"WebPage\",\"@id\":\"https:\\\/\\\/medicinasinc.com\\\/sk\\\/product\\\/kupit-vysoko-cbd-premium-co2-extrahovany-olej\\\/\",\"url\":\"https:\\\/\\\/medicinasinc.com\\\/sk\\\/product\\\/kupit-vysoko-cbd-premium-co2-extrahovany-olej\\\/\",\"name\":\"K\u00fapte si extrahovan\u00fd olej s vysok\u00fdm obsahom CBD Premium CO2 \u2013 najlep\u0161ie glob\u00e1lne lieky\",\"isPartOf\":{\"@id\":\"https:\\\/\\\/medicinasinc.com\\\/sk\\\/#website\"},\"primaryImageOfPage\":{\"@id\":\"https:\\\/\\\/medicinasinc.com\\\/sk\\\/product\\\/kupit-vysoko-cbd-premium-co2-extrahovany-olej\\\/#primaryimage\"},\"image\":{\"@id\":\"https:\\\/\\\/medicinasinc.com\\\/sk\\\/product\\\/kupit-vysoko-cbd-premium-co2-extrahovany-olej\\\/#primaryimage\"},\"thumbnailUrl\":\"https:\\\/\\\/medicinasinc.com\\\/sk\\\/wp-content\\\/uploads\\\/sites\\\/10\\\/2022\\\/02\\\/Buy-High-CBD-Premium-CO2-Extracted-Oil.jpg\",\"datePublished\":\"2022-02-20T08:40:25+00:00\",\"dateModified\":\"2022-03-22T01:24:44+00:00\",\"description\":\"K\u00fapte si extrahovan\u00fd olej s vysok\u00fdm obsahom CBD Premium CO2 na predaj vo Ve\u013ekej Brit\u00e1nii, Eur\u00f3pe online. Celkov\u00e9 akt\u00edvne kanabinoidy 80 % THC: 24 % CBD: 56 % CO2 extrak\u010dn\u00e1 n\u00e1pl\u0148 do marihuanov\u00e9ho oleja.\",\"breadcrumb\":{\"@id\":\"https:\\\/\\\/medicinasinc.com\\\/sk\\\/product\\\/kupit-vysoko-cbd-premium-co2-extrahovany-olej\\\/#breadcrumb\"},\"inLanguage\":\"en-US\",\"potentialAction\":[{\"@type\":\"ReadAction\",\"target\":[\"https:\\\/\\\/medicinasinc.com\\\/sk\\\/product\\\/kupit-vysoko-cbd-premium-co2-extrahovany-olej\\\/\"]}]},{\"@type\":\"ImageObject\",\"inLanguage\":\"en-US\",\"@id\":\"https:\\\/\\\/medicinasinc.com\\\/sk\\\/product\\\/kupit-vysoko-cbd-premium-co2-extrahovany-olej\\\/#primaryimage\",\"url\":\"https:\\\/\\\/medicinasinc.com\\\/sk\\\/wp-content\\\/uploads\\\/sites\\\/10\\\/2022\\\/02\\\/Buy-High-CBD-Premium-CO2-Extracted-Oil.jpg\",\"contentUrl\":\"https:\\\/\\\/medicinasinc.com\\\/sk\\\/wp-content\\\/uploads\\\/sites\\\/10\\\/2022\\\/02\\\/Buy-High-CBD-Premium-CO2-Extracted-Oil.jpg\",\"width\":770,\"height\":686},{\"@type\":\"BreadcrumbList\",\"@id\":\"https:\\\/\\\/medicinasinc.com\\\/sk\\\/product\\\/kupit-vysoko-cbd-premium-co2-extrahovany-olej\\\/#breadcrumb\",\"itemListElement\":[{\"@type\":\"ListItem\",\"position\":1,\"name\":\"Obchod\",\"item\":\"https:\\\/\\\/medicinasinc.com\\\/sk\\\/obchod\\\/\"},{\"@type\":\"ListItem\",\"position\":2,\"name\":\"K\u00fapte si extrahovan\u00fd olej s vysok\u00fdm obsahom CBD Premium CO2\"}]},{\"@type\":\"WebSite\",\"@id\":\"https:\\\/\\\/medicinasinc.com\\\/sk\\\/#website\",\"url\":\"https:\\\/\\\/medicinasinc.com\\\/sk\\\/\",\"name\":\"Medicinas Inc\",\"description\":\"Health Medical Clinic\",\"potentialAction\":[{\"@type\":\"SearchAction\",\"target\":{\"@type\":\"EntryPoint\",\"urlTemplate\":\"https:\\\/\\\/medicinasinc.com\\\/sk\\\/?s={search_term_string}\"},\"query-input\":{\"@type\":\"PropertyValueSpecification\",\"valueRequired\":true,\"valueName\":\"search_term_string\"}}],\"inLanguage\":\"en-US\"}]}<\/script>\n<!-- \/ Yoast SEO plugin. -->","yoast_head_json":{"title":"K\u00fapte si extrahovan\u00fd olej s vysok\u00fdm obsahom CBD Premium CO2 \u2013 najlep\u0161ie glob\u00e1lne lieky","description":"K\u00fapte si extrahovan\u00fd olej s vysok\u00fdm obsahom CBD Premium CO2 na predaj vo Ve\u013ekej Brit\u00e1nii, Eur\u00f3pe online. Celkov\u00e9 akt\u00edvne kanabinoidy 80 % THC: 24 % CBD: 56 % CO2 extrak\u010dn\u00e1 n\u00e1pl\u0148 do marihuanov\u00e9ho oleja.","robots":{"index":"index","follow":"follow","max-snippet":"max-snippet:-1","max-image-preview":"max-image-preview:large","max-video-preview":"max-video-preview:-1"},"canonical":"https:\/\/medicinasinc.com\/sk\/product\/kupit-vysoko-cbd-premium-co2-extrahovany-olej\/","og_locale":"en_US","og_type":"article","og_title":"K\u00fapte si extrahovan\u00fd olej s vysok\u00fdm obsahom CBD Premium CO2 \u2013 najlep\u0161ie glob\u00e1lne lieky","og_description":"K\u00fapte si extrahovan\u00fd olej s vysok\u00fdm obsahom CBD Premium CO2 na predaj vo Ve\u013ekej Brit\u00e1nii, Eur\u00f3pe online. Celkov\u00e9 akt\u00edvne kanabinoidy 80 % THC: 24 % CBD: 56 % CO2 extrak\u010dn\u00e1 n\u00e1pl\u0148 do marihuanov\u00e9ho oleja.","og_url":"https:\/\/medicinasinc.com\/sk\/product\/kupit-vysoko-cbd-premium-co2-extrahovany-olej\/","og_site_name":"Medicinas Inc","article_modified_time":"2022-03-22T01:24:44+00:00","og_image":[{"width":770,"height":686,"url":"https:\/\/medicinasinc.com\/sk\/wp-content\/uploads\/sites\/10\/2022\/02\/Buy-High-CBD-Premium-CO2-Extracted-Oil.jpg","type":"image\/jpeg"}],"twitter_card":"summary_large_image","twitter_misc":{"Est. reading time":"1 minute"},"schema":{"@context":"https:\/\/schema.org","@graph":[{"@type":"WebPage","@id":"https:\/\/medicinasinc.com\/sk\/product\/kupit-vysoko-cbd-premium-co2-extrahovany-olej\/","url":"https:\/\/medicinasinc.com\/sk\/product\/kupit-vysoko-cbd-premium-co2-extrahovany-olej\/","name":"K\u00fapte si extrahovan\u00fd olej s vysok\u00fdm obsahom CBD Premium CO2 \u2013 najlep\u0161ie glob\u00e1lne lieky","isPartOf":{"@id":"https:\/\/medicinasinc.com\/sk\/#website"},"primaryImageOfPage":{"@id":"https:\/\/medicinasinc.com\/sk\/product\/kupit-vysoko-cbd-premium-co2-extrahovany-olej\/#primaryimage"},"image":{"@id":"https:\/\/medicinasinc.com\/sk\/product\/kupit-vysoko-cbd-premium-co2-extrahovany-olej\/#primaryimage"},"thumbnailUrl":"https:\/\/medicinasinc.com\/sk\/wp-content\/uploads\/sites\/10\/2022\/02\/Buy-High-CBD-Premium-CO2-Extracted-Oil.jpg","datePublished":"2022-02-20T08:40:25+00:00","dateModified":"2022-03-22T01:24:44+00:00","description":"K\u00fapte si extrahovan\u00fd olej s vysok\u00fdm obsahom CBD Premium CO2 na predaj vo Ve\u013ekej Brit\u00e1nii, Eur\u00f3pe online. Celkov\u00e9 akt\u00edvne kanabinoidy 80 % THC: 24 % CBD: 56 % CO2 extrak\u010dn\u00e1 n\u00e1pl\u0148 do marihuanov\u00e9ho oleja.","breadcrumb":{"@id":"https:\/\/medicinasinc.com\/sk\/product\/kupit-vysoko-cbd-premium-co2-extrahovany-olej\/#breadcrumb"},"inLanguage":"en-US","potentialAction":[{"@type":"ReadAction","target":["https:\/\/medicinasinc.com\/sk\/product\/kupit-vysoko-cbd-premium-co2-extrahovany-olej\/"]}]},{"@type":"ImageObject","inLanguage":"en-US","@id":"https:\/\/medicinasinc.com\/sk\/product\/kupit-vysoko-cbd-premium-co2-extrahovany-olej\/#primaryimage","url":"https:\/\/medicinasinc.com\/sk\/wp-content\/uploads\/sites\/10\/2022\/02\/Buy-High-CBD-Premium-CO2-Extracted-Oil.jpg","contentUrl":"https:\/\/medicinasinc.com\/sk\/wp-content\/uploads\/sites\/10\/2022\/02\/Buy-High-CBD-Premium-CO2-Extracted-Oil.jpg","width":770,"height":686},{"@type":"BreadcrumbList","@id":"https:\/\/medicinasinc.com\/sk\/product\/kupit-vysoko-cbd-premium-co2-extrahovany-olej\/#breadcrumb","itemListElement":[{"@type":"ListItem","position":1,"name":"Obchod","item":"https:\/\/medicinasinc.com\/sk\/obchod\/"},{"@type":"ListItem","position":2,"name":"K\u00fapte si extrahovan\u00fd olej s vysok\u00fdm obsahom CBD Premium CO2"}]},{"@type":"WebSite","@id":"https:\/\/medicinasinc.com\/sk\/#website","url":"https:\/\/medicinasinc.com\/sk\/","name":"Medicinas Inc","description":"Health Medical Clinic","potentialAction":[{"@type":"SearchAction","target":{"@type":"EntryPoint","urlTemplate":"https:\/\/medicinasinc.com\/sk\/?s={search_term_string}"},"query-input":{"@type":"PropertyValueSpecification","valueRequired":true,"valueName":"search_term_string"}}],"inLanguage":"en-US"}]}},"_links":{"self":[{"href":"https:\/\/medicinasinc.com\/sk\/wp-json\/wp\/v2\/product\/4375","targetHints":{"allow":["GET"]}}],"collection":[{"href":"https:\/\/medicinasinc.com\/sk\/wp-json\/wp\/v2\/product"}],"about":[{"href":"https:\/\/medicinasinc.com\/sk\/wp-json\/wp\/v2\/types\/product"}],"replies":[{"embeddable":true,"href":"https:\/\/medicinasinc.com\/sk\/wp-json\/wp\/v2\/comments?post=4375"}],"wp:featuredmedia":[{"embeddable":true,"href":"https:\/\/medicinasinc.com\/sk\/wp-json\/wp\/v2\/media\/4411"}],"wp:attachment":[{"href":"https:\/\/medicinasinc.com\/sk\/wp-json\/wp\/v2\/media?parent=4375"}],"wp:term":[{"taxonomy":"product_brand","embeddable":true,"href":"https:\/\/medicinasinc.com\/sk\/wp-json\/wp\/v2\/product_brand?post=4375"},{"taxonomy":"product_cat","embeddable":true,"href":"https:\/\/medicinasinc.com\/sk\/wp-json\/wp\/v2\/product_cat?post=4375"},{"taxonomy":"product_tag","embeddable":true,"href":"https:\/\/medicinasinc.com\/sk\/wp-json\/wp\/v2\/product_tag?post=4375"}],"curies":[{"name":"wp","href":"https:\/\/api.w.org\/{rel}","templated":true}]}}