{"id":4374,"date":"2022-02-20T08:40:15","date_gmt":"2022-02-20T08:40:15","guid":{"rendered":"https:\/\/medicinasinc.com\/sk\/?post_type=product&#038;p=4374"},"modified":"2022-03-22T01:24:56","modified_gmt":"2022-03-22T01:24:56","slug":"kupit-harlekyn-co2-olej-1g-kazeta","status":"publish","type":"product","link":"https:\/\/medicinasinc.com\/sk\/product\/kupit-harlekyn-co2-olej-1g-kazeta\/","title":{"rendered":"K\u00fapte si n\u00e1pl\u0148 Harlequin CO2 Oil 1g"},"content":{"rendered":"<p>Online n\u00e1kup n\u00e1plne Harlequin CO2 Oil 1g.<\/p>\n<p>Online n\u00e1kup n\u00e1plne Harlequin CO2 Oil 1g.<\/p>\n<p>Online n\u00e1kup n\u00e1pln\u00ed Harlequin CO2 olej. 13,02 percenta THCA | 6,54 percent THC | 49,10 percent CBDA | 5,35 percent CBD<\/p>\n<p>Harlek\u00fdn je mierne psychoakt\u00edvny kme\u0148 s dominanciou Sativy s pra\u017een\u00fdmi orechmi, \u010dokol\u00e1dou a predov\u0161etk\u00fdm kvetmi s v\u00f4\u0148ou \u010dere\u0161n\u00ed. Harlek\u00fdn je kme\u0148 s vysok\u00fdm obsahom CBD so zanedbate\u013enou psychoaktivitou a analgetick\u00fdmi vlastnos\u0165ami. Harlek\u00fdn sa \u010dasto pou\u017e\u00edva na lie\u010dbu bolesti a je vhodn\u00fd na denn\u00e9 pou\u017eitie v\u010faka vysok\u00e9mu obsahu CBD a \u010dist\u00fdm \u00fa\u010dinkom.<\/p>\n<p>KOLUMBIANSK\u00c9 ZLATO + NEP\u00c1LSK\u00c9 + THAJSK\u00c9 + \u0160VAJ\u010cIARSKA L\u00cdNIA LANDRACE<\/p>\n<p>EARTH \u2013 KORIMENN\u00c9 \u2013 DREVIT\u00c9 \u2013 PR\u00cdCHU\u0164 MANGA<\/p>\n<p>BOLES\u0164 \u2013 STRES \u2013 Z\u00c1PAL \u2013 DEPRESIA \u2013 NEVY\u013dAVANIE \u2013 LIE\u010cEBN\u00c9<\/p>\n<p>POVEDNUT\u00c9 \u2013 UVO\u013dNEN\u00c9 \u2013 M\u00e4kk\u00e9 \u2013 s\u00fastreden\u00e9 \u2013 V\u0160EOBECNE \u0160\u0164ASTN\u00c9\/p<\/p>\n","protected":false},"excerpt":{"rendered":"<p>Pred\u00e1m n\u00e1plne Harlequin Co2 Cartridge, harlek\u00fdn vape cartridge, harlek\u00fdn cbd vape cartridge, &#8230; K\u00fapte si olejov\u00e9 n\u00e1plne THC Vape Pen, n\u00e1plne THC na predaj online. K\u00fapte si online n\u00e1pl\u0148 Harlequin CO2 Oil 1g. Britsk\u00e9 THC kazety na predaj. K\u00fapte si kazety s co2 Vape olejom.<\/p>\n<h2>K\u00fapi\u0165 kazety s THC Cannabis Oil<\/h2>\n<p>Cena produktu je ako: za 1g kazetu<br \/> <strong>Minim\u00e1lne mno\u017estvo na objedn\u00e1vku je: 5 kaziet<\/p>\n","protected":false},"featured_media":4409,"comment_status":"open","ping_status":"closed","template":"","meta":[],"product_brand":[],"product_cat":[440],"product_tag":[],"class_list":{"0":"post-4374","1":"product","2":"type-product","3":"status-publish","4":"has-post-thumbnail","6":"product_cat-kpi-konope-cbd-olej","8":"first","9":"instock","10":"shipping-taxable","11":"purchasable","12":"product-type-variable","13":"has-default-attributes"},"yoast_head":"<!-- This site is optimized with the Yoast SEO plugin v27.3 - https:\/\/yoast.com\/product\/yoast-seo-wordpress\/ -->\n<title>K\u00fapte si online n\u00e1pl\u0148 Harlequin CO2 Oil 1g \u2013 najlep\u0161ie glob\u00e1lne lieky<\/title>\n<meta name=\"description\" content=\"Pred\u00e1m n\u00e1plne Harlequin Co2 na predaj, harlek\u00fdn vape cartridge, harlek\u00fdn cbd vape cartridge, ... K\u00fapte si THC vape penov\u00e9 n\u00e1plne, THC n\u00e1plne na predaj online. K\u00fapte si online n\u00e1pl\u0148 Harlequin CO2 Oil 1g. Britsk\u00e9 THC kazety na predaj. K\u00fapte si olejov\u00e9 kazety co2 Vape.\" \/>\n<meta name=\"robots\" content=\"index, follow, max-snippet:-1, max-image-preview:large, max-video-preview:-1\" \/>\n<link rel=\"canonical\" href=\"https:\/\/medicinasinc.com\/sk\/product\/kupit-harlekyn-co2-olej-1g-kazeta\/\" \/>\n<meta property=\"og:locale\" content=\"en_US\" \/>\n<meta property=\"og:type\" content=\"article\" \/>\n<meta property=\"og:title\" content=\"K\u00fapte si online n\u00e1pl\u0148 Harlequin CO2 Oil 1g \u2013 najlep\u0161ie glob\u00e1lne lieky\" \/>\n<meta property=\"og:description\" content=\"Pred\u00e1m n\u00e1plne Harlequin Co2 na predaj, harlek\u00fdn vape cartridge, harlek\u00fdn cbd vape cartridge, ... K\u00fapte si THC vape penov\u00e9 n\u00e1plne, THC n\u00e1plne na predaj online. K\u00fapte si online n\u00e1pl\u0148 Harlequin CO2 Oil 1g. Britsk\u00e9 THC kazety na predaj. K\u00fapte si olejov\u00e9 kazety co2 Vape.\" \/>\n<meta property=\"og:url\" content=\"https:\/\/medicinasinc.com\/sk\/product\/kupit-harlekyn-co2-olej-1g-kazeta\/\" \/>\n<meta property=\"og:site_name\" content=\"Medicinas Inc\" \/>\n<meta property=\"article:modified_time\" content=\"2022-03-22T01:24:56+00:00\" \/>\n<meta property=\"og:image\" content=\"https:\/\/medicinasinc.com\/sk\/wp-content\/uploads\/sites\/10\/2022\/02\/Buy-Harlequin-CO2-Oil-1g-Cartridge-Online.jpg\" \/>\n\t<meta property=\"og:image:width\" content=\"600\" \/>\n\t<meta property=\"og:image:height\" content=\"600\" \/>\n\t<meta property=\"og:image:type\" content=\"image\/jpeg\" \/>\n<meta name=\"twitter:card\" content=\"summary_large_image\" \/>\n<meta name=\"twitter:label1\" content=\"Est. reading time\" \/>\n\t<meta name=\"twitter:data1\" content=\"1 minute\" \/>\n<script type=\"application\/ld+json\" class=\"yoast-schema-graph\">{\"@context\":\"https:\\\/\\\/schema.org\",\"@graph\":[{\"@type\":\"WebPage\",\"@id\":\"https:\\\/\\\/medicinasinc.com\\\/sk\\\/product\\\/kupit-harlekyn-co2-olej-1g-kazeta\\\/\",\"url\":\"https:\\\/\\\/medicinasinc.com\\\/sk\\\/product\\\/kupit-harlekyn-co2-olej-1g-kazeta\\\/\",\"name\":\"K\u00fapte si online n\u00e1pl\u0148 Harlequin CO2 Oil 1g \u2013 najlep\u0161ie glob\u00e1lne lieky\",\"isPartOf\":{\"@id\":\"https:\\\/\\\/medicinasinc.com\\\/sk\\\/#website\"},\"primaryImageOfPage\":{\"@id\":\"https:\\\/\\\/medicinasinc.com\\\/sk\\\/product\\\/kupit-harlekyn-co2-olej-1g-kazeta\\\/#primaryimage\"},\"image\":{\"@id\":\"https:\\\/\\\/medicinasinc.com\\\/sk\\\/product\\\/kupit-harlekyn-co2-olej-1g-kazeta\\\/#primaryimage\"},\"thumbnailUrl\":\"https:\\\/\\\/medicinasinc.com\\\/sk\\\/wp-content\\\/uploads\\\/sites\\\/10\\\/2022\\\/02\\\/Buy-Harlequin-CO2-Oil-1g-Cartridge-Online.jpg\",\"datePublished\":\"2022-02-20T08:40:15+00:00\",\"dateModified\":\"2022-03-22T01:24:56+00:00\",\"description\":\"Pred\u00e1m n\u00e1plne Harlequin Co2 na predaj, harlek\u00fdn vape cartridge, harlek\u00fdn cbd vape cartridge, ... K\u00fapte si THC vape penov\u00e9 n\u00e1plne, THC n\u00e1plne na predaj online. K\u00fapte si online n\u00e1pl\u0148 Harlequin CO2 Oil 1g. Britsk\u00e9 THC kazety na predaj. K\u00fapte si olejov\u00e9 kazety co2 Vape.\",\"breadcrumb\":{\"@id\":\"https:\\\/\\\/medicinasinc.com\\\/sk\\\/product\\\/kupit-harlekyn-co2-olej-1g-kazeta\\\/#breadcrumb\"},\"inLanguage\":\"en-US\",\"potentialAction\":[{\"@type\":\"ReadAction\",\"target\":[\"https:\\\/\\\/medicinasinc.com\\\/sk\\\/product\\\/kupit-harlekyn-co2-olej-1g-kazeta\\\/\"]}]},{\"@type\":\"ImageObject\",\"inLanguage\":\"en-US\",\"@id\":\"https:\\\/\\\/medicinasinc.com\\\/sk\\\/product\\\/kupit-harlekyn-co2-olej-1g-kazeta\\\/#primaryimage\",\"url\":\"https:\\\/\\\/medicinasinc.com\\\/sk\\\/wp-content\\\/uploads\\\/sites\\\/10\\\/2022\\\/02\\\/Buy-Harlequin-CO2-Oil-1g-Cartridge-Online.jpg\",\"contentUrl\":\"https:\\\/\\\/medicinasinc.com\\\/sk\\\/wp-content\\\/uploads\\\/sites\\\/10\\\/2022\\\/02\\\/Buy-Harlequin-CO2-Oil-1g-Cartridge-Online.jpg\",\"width\":600,\"height\":600},{\"@type\":\"BreadcrumbList\",\"@id\":\"https:\\\/\\\/medicinasinc.com\\\/sk\\\/product\\\/kupit-harlekyn-co2-olej-1g-kazeta\\\/#breadcrumb\",\"itemListElement\":[{\"@type\":\"ListItem\",\"position\":1,\"name\":\"Obchod\",\"item\":\"https:\\\/\\\/medicinasinc.com\\\/sk\\\/obchod\\\/\"},{\"@type\":\"ListItem\",\"position\":2,\"name\":\"K\u00fapte si n\u00e1pl\u0148 Harlequin CO2 Oil 1g\"}]},{\"@type\":\"WebSite\",\"@id\":\"https:\\\/\\\/medicinasinc.com\\\/sk\\\/#website\",\"url\":\"https:\\\/\\\/medicinasinc.com\\\/sk\\\/\",\"name\":\"Medicinas Inc\",\"description\":\"Health Medical Clinic\",\"potentialAction\":[{\"@type\":\"SearchAction\",\"target\":{\"@type\":\"EntryPoint\",\"urlTemplate\":\"https:\\\/\\\/medicinasinc.com\\\/sk\\\/?s={search_term_string}\"},\"query-input\":{\"@type\":\"PropertyValueSpecification\",\"valueRequired\":true,\"valueName\":\"search_term_string\"}}],\"inLanguage\":\"en-US\"}]}<\/script>\n<!-- \/ Yoast SEO plugin. -->","yoast_head_json":{"title":"K\u00fapte si online n\u00e1pl\u0148 Harlequin CO2 Oil 1g \u2013 najlep\u0161ie glob\u00e1lne lieky","description":"Pred\u00e1m n\u00e1plne Harlequin Co2 na predaj, harlek\u00fdn vape cartridge, harlek\u00fdn cbd vape cartridge, ... K\u00fapte si THC vape penov\u00e9 n\u00e1plne, THC n\u00e1plne na predaj online. K\u00fapte si online n\u00e1pl\u0148 Harlequin CO2 Oil 1g. Britsk\u00e9 THC kazety na predaj. K\u00fapte si olejov\u00e9 kazety co2 Vape.","robots":{"index":"index","follow":"follow","max-snippet":"max-snippet:-1","max-image-preview":"max-image-preview:large","max-video-preview":"max-video-preview:-1"},"canonical":"https:\/\/medicinasinc.com\/sk\/product\/kupit-harlekyn-co2-olej-1g-kazeta\/","og_locale":"en_US","og_type":"article","og_title":"K\u00fapte si online n\u00e1pl\u0148 Harlequin CO2 Oil 1g \u2013 najlep\u0161ie glob\u00e1lne lieky","og_description":"Pred\u00e1m n\u00e1plne Harlequin Co2 na predaj, harlek\u00fdn vape cartridge, harlek\u00fdn cbd vape cartridge, ... K\u00fapte si THC vape penov\u00e9 n\u00e1plne, THC n\u00e1plne na predaj online. K\u00fapte si online n\u00e1pl\u0148 Harlequin CO2 Oil 1g. Britsk\u00e9 THC kazety na predaj. K\u00fapte si olejov\u00e9 kazety co2 Vape.","og_url":"https:\/\/medicinasinc.com\/sk\/product\/kupit-harlekyn-co2-olej-1g-kazeta\/","og_site_name":"Medicinas Inc","article_modified_time":"2022-03-22T01:24:56+00:00","og_image":[{"width":600,"height":600,"url":"https:\/\/medicinasinc.com\/sk\/wp-content\/uploads\/sites\/10\/2022\/02\/Buy-Harlequin-CO2-Oil-1g-Cartridge-Online.jpg","type":"image\/jpeg"}],"twitter_card":"summary_large_image","twitter_misc":{"Est. reading time":"1 minute"},"schema":{"@context":"https:\/\/schema.org","@graph":[{"@type":"WebPage","@id":"https:\/\/medicinasinc.com\/sk\/product\/kupit-harlekyn-co2-olej-1g-kazeta\/","url":"https:\/\/medicinasinc.com\/sk\/product\/kupit-harlekyn-co2-olej-1g-kazeta\/","name":"K\u00fapte si online n\u00e1pl\u0148 Harlequin CO2 Oil 1g \u2013 najlep\u0161ie glob\u00e1lne lieky","isPartOf":{"@id":"https:\/\/medicinasinc.com\/sk\/#website"},"primaryImageOfPage":{"@id":"https:\/\/medicinasinc.com\/sk\/product\/kupit-harlekyn-co2-olej-1g-kazeta\/#primaryimage"},"image":{"@id":"https:\/\/medicinasinc.com\/sk\/product\/kupit-harlekyn-co2-olej-1g-kazeta\/#primaryimage"},"thumbnailUrl":"https:\/\/medicinasinc.com\/sk\/wp-content\/uploads\/sites\/10\/2022\/02\/Buy-Harlequin-CO2-Oil-1g-Cartridge-Online.jpg","datePublished":"2022-02-20T08:40:15+00:00","dateModified":"2022-03-22T01:24:56+00:00","description":"Pred\u00e1m n\u00e1plne Harlequin Co2 na predaj, harlek\u00fdn vape cartridge, harlek\u00fdn cbd vape cartridge, ... K\u00fapte si THC vape penov\u00e9 n\u00e1plne, THC n\u00e1plne na predaj online. K\u00fapte si online n\u00e1pl\u0148 Harlequin CO2 Oil 1g. Britsk\u00e9 THC kazety na predaj. K\u00fapte si olejov\u00e9 kazety co2 Vape.","breadcrumb":{"@id":"https:\/\/medicinasinc.com\/sk\/product\/kupit-harlekyn-co2-olej-1g-kazeta\/#breadcrumb"},"inLanguage":"en-US","potentialAction":[{"@type":"ReadAction","target":["https:\/\/medicinasinc.com\/sk\/product\/kupit-harlekyn-co2-olej-1g-kazeta\/"]}]},{"@type":"ImageObject","inLanguage":"en-US","@id":"https:\/\/medicinasinc.com\/sk\/product\/kupit-harlekyn-co2-olej-1g-kazeta\/#primaryimage","url":"https:\/\/medicinasinc.com\/sk\/wp-content\/uploads\/sites\/10\/2022\/02\/Buy-Harlequin-CO2-Oil-1g-Cartridge-Online.jpg","contentUrl":"https:\/\/medicinasinc.com\/sk\/wp-content\/uploads\/sites\/10\/2022\/02\/Buy-Harlequin-CO2-Oil-1g-Cartridge-Online.jpg","width":600,"height":600},{"@type":"BreadcrumbList","@id":"https:\/\/medicinasinc.com\/sk\/product\/kupit-harlekyn-co2-olej-1g-kazeta\/#breadcrumb","itemListElement":[{"@type":"ListItem","position":1,"name":"Obchod","item":"https:\/\/medicinasinc.com\/sk\/obchod\/"},{"@type":"ListItem","position":2,"name":"K\u00fapte si n\u00e1pl\u0148 Harlequin CO2 Oil 1g"}]},{"@type":"WebSite","@id":"https:\/\/medicinasinc.com\/sk\/#website","url":"https:\/\/medicinasinc.com\/sk\/","name":"Medicinas Inc","description":"Health Medical Clinic","potentialAction":[{"@type":"SearchAction","target":{"@type":"EntryPoint","urlTemplate":"https:\/\/medicinasinc.com\/sk\/?s={search_term_string}"},"query-input":{"@type":"PropertyValueSpecification","valueRequired":true,"valueName":"search_term_string"}}],"inLanguage":"en-US"}]}},"_links":{"self":[{"href":"https:\/\/medicinasinc.com\/sk\/wp-json\/wp\/v2\/product\/4374","targetHints":{"allow":["GET"]}}],"collection":[{"href":"https:\/\/medicinasinc.com\/sk\/wp-json\/wp\/v2\/product"}],"about":[{"href":"https:\/\/medicinasinc.com\/sk\/wp-json\/wp\/v2\/types\/product"}],"replies":[{"embeddable":true,"href":"https:\/\/medicinasinc.com\/sk\/wp-json\/wp\/v2\/comments?post=4374"}],"wp:featuredmedia":[{"embeddable":true,"href":"https:\/\/medicinasinc.com\/sk\/wp-json\/wp\/v2\/media\/4409"}],"wp:attachment":[{"href":"https:\/\/medicinasinc.com\/sk\/wp-json\/wp\/v2\/media?parent=4374"}],"wp:term":[{"taxonomy":"product_brand","embeddable":true,"href":"https:\/\/medicinasinc.com\/sk\/wp-json\/wp\/v2\/product_brand?post=4374"},{"taxonomy":"product_cat","embeddable":true,"href":"https:\/\/medicinasinc.com\/sk\/wp-json\/wp\/v2\/product_cat?post=4374"},{"taxonomy":"product_tag","embeddable":true,"href":"https:\/\/medicinasinc.com\/sk\/wp-json\/wp\/v2\/product_tag?post=4374"}],"curies":[{"name":"wp","href":"https:\/\/api.w.org\/{rel}","templated":true}]}}