{"id":4367,"date":"2022-02-20T08:35:49","date_gmt":"2022-02-20T08:35:49","guid":{"rendered":"https:\/\/medicinasinc.com\/sk\/?post_type=product&#038;p=4367"},"modified":"2022-03-22T01:25:04","modified_gmt":"2022-03-22T01:25:04","slug":"buy-cannatonic-co2-oil-cartridge","status":"publish","type":"product","link":"https:\/\/medicinasinc.com\/sk\/product\/buy-cannatonic-co2-oil-cartridge\/","title":{"rendered":"K\u00fapte si Cannatonic CO2 Oil Cartridge"},"content":{"rendered":"<p>K\u00fapte si kazety Rick Simpson Cannabis Oil 1g online v Spojen\u00fdch \u0161t\u00e1toch americk\u00fdch.<\/p>\n<p>K\u00fapte si kazety Ricka Simpsona Cannabis Oil 1g online v Spojen\u00fdch \u0161t\u00e1toch americk\u00fdch.<\/p>\n<p>Po namo\u010den\u00ed. z najjemnej\u0161ieho kanabisu v \u010distom benz\u00edne alebo izopropylalkohole sa z rastliny extrahuj\u00fa terapeutick\u00e9 zl\u00fa\u010deniny, ktor\u00e9 po \u00faplnom odparen\u00ed rozp\u00fa\u0161\u0165adla zanechaj\u00fa kvapalinu podobn\u00fa dechtu. Z\u00edskavame vysoko kvalitn\u00fd kanabisov\u00fd olej Ricka Simpsona. M\u00f4\u017ee sa u\u017e\u00edva\u0165 peror\u00e1lne alebo aplikova\u0165 priamo na poko\u017eku.<\/p>\n<p>Olej z Washingtonu, DC, Rick Simpson<\/p>\n<p>Olej Rick Simpson je odparen\u00fd roztok z\u00edskan\u00fd z kanabisu. Pre mnoh\u00fdch to bola cesta von z rakoviny. Okrem toho sa olej ozna\u010duje ako konopn\u00fd olej Ricka Simpsona a konopn\u00fd olej Ricka Simpsona.<\/p>\n<p>Ak ste h\u013eadali marihuanu na lie\u010debn\u00e9 \u00fa\u010dely, mo\u017eno ste natrafili na olej Ricka Simpsona. RSO je jedine\u010dn\u00fd extrakt z kanabisu, ktor\u00fd si svoje meno vysl\u00fa\u017eil po mu\u017eovi menom, uh\u00e1dli ste, Rick Simpson.<\/p>\n<p>Je to mimoriadne \u00fa\u010dinn\u00fd extrakt z kanabisu s vysokou koncentr\u00e1ciou THC, psychoakt\u00edvneho zlo\u017eka kanabisu. Olej sa vyr\u00e1ba zahusten\u00edm obsahu THC zo su\u0161en\u00fdch indik\u00e1torov\u00fdch kvetov pomocou rozp\u00fa\u0161\u0165adla. Indica je uprednost\u0148ovan\u00e1 pred in\u00fdmi kme\u0148mi kv\u00f4li jej sedat\u00edvnym \u00fa\u010dinkom. V\u010faka vysokej koncentr\u00e1cii rastlinn\u00e9ho materi\u00e1lu a absencii transportn\u00fdch olejov je v\u00fdsledn\u00fd olej tmavo zemitej farby a hust\u00fd, na rozdiel od mno\u017estva koncentr\u00e1tov, na ktor\u00e9 sme zvyknut\u00ed.<\/p>\n<p>Olej bol objaven\u00fd v r. 2003. Rick Simpson bol diagnostikovan\u00fd s typom rakoviny ko\u017ee a za\u010dal sa lie\u010di\u0165 kanabisom. Ned\u00e1vno sa p\u00fdtal, \u010di mu konope m\u00f4\u017ee pom\u00f4c\u0165 pri r\u00f4znych ochoreniach, no stretol sa s nespokojnos\u0165ou. Vyh\u013eadal rastlinu s\u00e1m a veril, \u017ee upokojuje jeho n\u00e1znaky. Ke\u010f si uvedomil, \u017ee m\u00e1 rakovinu, zhodnotil vy\u0161etrovanie, ktor\u00e9 zistilo, \u017ee kanabis m\u00f4\u017ee zmen\u0161i\u0165 n\u00e1dory u my\u0161\u00ed, a rozhodol sa pok\u00fasi\u0165 sa o \u00fa\u010dinn\u00e9 usporiadanie s kanabisom.<\/p>\n<p>\u0160tyri dni aplikoval konopn\u00e9 koncentr\u00e1ty na g\u00e1zu a zakryl si n\u00e1dory. Ke\u010f odstr\u00e1nil riadky, n\u00e1dory zmizli. Toto odhalenie podnietilo zalo\u017eenie spolo\u010dnosti Rick Simpson Oil. O svoj postreh sa v ka\u017edom pr\u00edpade za\u010dal deli\u0165 zberom kanabisu a v\u00fdrobou oleja pre ostatn\u00fdch, ktor\u00ed boli zbaven\u00ed pred t\u00fdm, ako sa dostali do pr\u00e1vnych probl\u00e9mov. V s\u00fa\u010dasnosti Rick Simpson povzbudzuje ostatn\u00fdch, aby si vyr\u00e1bali svoj vlastn\u00fd olej, a poskytuje pokyny.<\/p>\n<p>Ak h\u013ead\u00e1te najlep\u0161\u00ed svetov\u00fd olej, najlep\u0161\u00edm rie\u0161en\u00edm je pou\u017ei\u0165 olej Ricka Simpsona z Washingtonu. Poskytujeme Washingtonu \u010dist\u00fd olej Ricka Simpsona. Objednajte si ho teraz a bude doru\u010den\u00fd a\u017e k va\u0161im dver\u00e1m v priebehu nieko\u013ek\u00fdch dn\u00ed.<\/p>\n<p>Liek, ktor\u00fd je bezpe\u010dn\u00fd aj \u00fa\u010dinn\u00fd<br \/> Konopn\u00fd olej Rick Simpson je v triede s\u00e1m osebe, preto\u017ee &#8211; toxick\u00e1 povaha. Ak h\u013ead\u00e1te bezpe\u010dn\u00fd sp\u00f4sob lie\u010dby rakoviny alebo r\u00f4znych in\u00fdch ochoren\u00ed, odpove\u010fou m\u00f4\u017ee by\u0165 konopn\u00fd olej Ricka Simpsona. Na pou\u017e\u00edvanie tohto oleja nepotrebujete ani doh\u013ead lek\u00e1ra.<\/p>\n","protected":false},"excerpt":{"rendered":"<p>Nakupujte kazety s CO2 olejom Cannatonic bezpe\u010dne a lacno online. Objavte rozmanit\u00fd v\u00fdber vysokokvalitn\u00fdch produktov z marihuany na predaj v Spojen\u00fdch \u0161t\u00e1toch americk\u00fdch, Eur\u00f3pe a Spojenom kr\u00e1\u013eovstve!<\/p>\n<p>K\u00fapte si kazety Rick Simpson Cannabis Oil 1g online v Spojen\u00fdch \u0161t\u00e1toch americk\u00fdch.<\/p>\n<p> p&gt; <\/p>\n<p>Rick Simpson Cannabis Oil je dostupn\u00fd v r\u00f4znych kme\u0148och. R\u00f4zne CBD &amp; Koncentr\u00e1cie THC pre rakovinu &amp; viac.<\/p>\n<p>K\u00fapte si 1g kazety s kanabisov\u00fdm olejom Rick Simpson<\/p>\n<p>Cena produktu je nasledovn\u00e1: za 1g kazetu<br \/> Vy\u017eaduje sa minim\u00e1lne mno\u017estvo objedn\u00e1vky 5 kaziet. <\/p>\n","protected":false},"featured_media":4402,"comment_status":"open","ping_status":"closed","template":"","meta":[],"product_brand":[],"product_cat":[440],"product_tag":[451,452,453,454,457,459,460,468,469,470,472,473,475,477,480,461,464,467,466,456,458,462,463,471,474,465,478,479,476,455],"class_list":{"0":"post-4367","1":"product","2":"type-product","3":"status-publish","4":"has-post-thumbnail","6":"product_cat-kpi-konope-cbd-olej","7":"product_tag-buy-cannabis-with-bitcoin","8":"product_tag-buy-cannatonic-co2-oil-cartridge","9":"product_tag-buy-cannatonic-co2-oil-cartridge-online","10":"product_tag-buy-marijuana-edibles-online","11":"product_tag-buy-marijuana-online-europe","12":"product_tag-buy-marijuana-online-usa","13":"product_tag-buy-marijuana-wax-online-usa","14":"product_tag-buy-weed-in-switzerland","15":"product_tag-buy-weed-in-usa","16":"product_tag-buy-weed-online","17":"product_tag-buy-weed-online-discreetly","18":"product_tag-buy-weed-online-europe","19":"product_tag-buy-weed-online-uk","20":"product_tag-buying-weed-online","21":"product_tag-kde-kpi-marihuanu-online","22":"product_tag-kpi-lekrsku-marihuanu-online","23":"product_tag-buy-moonrocks-online","24":"product_tag-buy-weed-in-ireland","25":"product_tag-kpi-burinu-vo-franczsku","26":"product_tag-kpi-marihuanu-online-bitcoin","27":"product_tag-k-c3-bapi-c5-a5-marihuanu-online-v-usa","28":"product_tag-buy-moonrock-online-bitcoin","29":"product_tag-buy-moonrock-online-uk","30":"product_tag-buy-weed-online-bitcoin","31":"product_tag-kpi-burinu-online-leglne","32":"product_tag-buy-weed-in-australia","33":"product_tag-kush-na-predaj","34":"product_tag-marihuana-na-predaj","35":"product_tag-nkup-marihuany-online","36":"product_tag-kpi-marihuanu-online","38":"first","39":"instock","40":"shipping-taxable","41":"purchasable","42":"product-type-variable","43":"has-default-attributes"},"yoast_head":"<!-- This site is optimized with the Yoast SEO plugin v27.3 - https:\/\/yoast.com\/product\/yoast-seo-wordpress\/ -->\n<title>K\u00fapte si n\u00e1pl\u0148 Cannatonic CO2 Oil 1g online (k\u00f3pia) \u2013 najlep\u0161ie glob\u00e1lne lieky<\/title>\n<meta name=\"description\" content=\"K\u00fapte si CO2 olejov\u00fa kazetu Cannatonic na predaj online bezpe\u010dne za dostupn\u00e9 ceny. Objavte \u0161irok\u00fa \u0161k\u00e1lu kvalitn\u00fdch produktov z buriny na predaj v USA, E\u00da, Ve\u013ekej Brit\u00e1nii!\" \/>\n<meta name=\"robots\" content=\"index, follow, max-snippet:-1, max-image-preview:large, max-video-preview:-1\" \/>\n<link rel=\"canonical\" href=\"https:\/\/medicinasinc.com\/sk\/product\/buy-cannatonic-co2-oil-cartridge\/\" \/>\n<meta property=\"og:locale\" content=\"en_US\" \/>\n<meta property=\"og:type\" content=\"article\" \/>\n<meta property=\"og:title\" content=\"K\u00fapte si n\u00e1pl\u0148 Cannatonic CO2 Oil 1g online (k\u00f3pia) \u2013 najlep\u0161ie glob\u00e1lne lieky\" \/>\n<meta property=\"og:description\" content=\"K\u00fapte si CO2 olejov\u00fa kazetu Cannatonic na predaj online bezpe\u010dne za dostupn\u00e9 ceny. Objavte \u0161irok\u00fa \u0161k\u00e1lu kvalitn\u00fdch produktov z buriny na predaj v USA, E\u00da, Ve\u013ekej Brit\u00e1nii!\" \/>\n<meta property=\"og:url\" content=\"https:\/\/medicinasinc.com\/sk\/product\/buy-cannatonic-co2-oil-cartridge\/\" \/>\n<meta property=\"og:site_name\" content=\"Medicinas Inc\" \/>\n<meta property=\"article:modified_time\" content=\"2022-03-22T01:25:04+00:00\" \/>\n<meta property=\"og:image\" content=\"https:\/\/medicinasinc.com\/sk\/wp-content\/uploads\/sites\/10\/2022\/02\/Buy-Cannatonic-CO2-Oil-Cartridge.png\" \/>\n\t<meta property=\"og:image:width\" content=\"542\" \/>\n\t<meta property=\"og:image:height\" content=\"420\" \/>\n\t<meta property=\"og:image:type\" content=\"image\/png\" \/>\n<meta name=\"twitter:card\" content=\"summary_large_image\" \/>\n<meta name=\"twitter:label1\" content=\"Est. reading time\" \/>\n\t<meta name=\"twitter:data1\" content=\"3 minutes\" \/>\n<script type=\"application\/ld+json\" class=\"yoast-schema-graph\">{\"@context\":\"https:\\\/\\\/schema.org\",\"@graph\":[{\"@type\":\"WebPage\",\"@id\":\"https:\\\/\\\/medicinasinc.com\\\/sk\\\/product\\\/buy-cannatonic-co2-oil-cartridge\\\/\",\"url\":\"https:\\\/\\\/medicinasinc.com\\\/sk\\\/product\\\/buy-cannatonic-co2-oil-cartridge\\\/\",\"name\":\"K\u00fapte si n\u00e1pl\u0148 Cannatonic CO2 Oil 1g online (k\u00f3pia) \u2013 najlep\u0161ie glob\u00e1lne lieky\",\"isPartOf\":{\"@id\":\"https:\\\/\\\/medicinasinc.com\\\/sk\\\/#website\"},\"primaryImageOfPage\":{\"@id\":\"https:\\\/\\\/medicinasinc.com\\\/sk\\\/product\\\/buy-cannatonic-co2-oil-cartridge\\\/#primaryimage\"},\"image\":{\"@id\":\"https:\\\/\\\/medicinasinc.com\\\/sk\\\/product\\\/buy-cannatonic-co2-oil-cartridge\\\/#primaryimage\"},\"thumbnailUrl\":\"https:\\\/\\\/medicinasinc.com\\\/sk\\\/wp-content\\\/uploads\\\/sites\\\/10\\\/2022\\\/02\\\/Buy-Cannatonic-CO2-Oil-Cartridge.png\",\"datePublished\":\"2022-02-20T08:35:49+00:00\",\"dateModified\":\"2022-03-22T01:25:04+00:00\",\"description\":\"K\u00fapte si CO2 olejov\u00fa kazetu Cannatonic na predaj online bezpe\u010dne za dostupn\u00e9 ceny. Objavte \u0161irok\u00fa \u0161k\u00e1lu kvalitn\u00fdch produktov z buriny na predaj v USA, E\u00da, Ve\u013ekej Brit\u00e1nii!\",\"breadcrumb\":{\"@id\":\"https:\\\/\\\/medicinasinc.com\\\/sk\\\/product\\\/buy-cannatonic-co2-oil-cartridge\\\/#breadcrumb\"},\"inLanguage\":\"en-US\",\"potentialAction\":[{\"@type\":\"ReadAction\",\"target\":[\"https:\\\/\\\/medicinasinc.com\\\/sk\\\/product\\\/buy-cannatonic-co2-oil-cartridge\\\/\"]}]},{\"@type\":\"ImageObject\",\"inLanguage\":\"en-US\",\"@id\":\"https:\\\/\\\/medicinasinc.com\\\/sk\\\/product\\\/buy-cannatonic-co2-oil-cartridge\\\/#primaryimage\",\"url\":\"https:\\\/\\\/medicinasinc.com\\\/sk\\\/wp-content\\\/uploads\\\/sites\\\/10\\\/2022\\\/02\\\/Buy-Cannatonic-CO2-Oil-Cartridge.png\",\"contentUrl\":\"https:\\\/\\\/medicinasinc.com\\\/sk\\\/wp-content\\\/uploads\\\/sites\\\/10\\\/2022\\\/02\\\/Buy-Cannatonic-CO2-Oil-Cartridge.png\",\"width\":542,\"height\":420},{\"@type\":\"BreadcrumbList\",\"@id\":\"https:\\\/\\\/medicinasinc.com\\\/sk\\\/product\\\/buy-cannatonic-co2-oil-cartridge\\\/#breadcrumb\",\"itemListElement\":[{\"@type\":\"ListItem\",\"position\":1,\"name\":\"Obchod\",\"item\":\"https:\\\/\\\/medicinasinc.com\\\/sk\\\/obchod\\\/\"},{\"@type\":\"ListItem\",\"position\":2,\"name\":\"K\u00fapte si Cannatonic CO2 Oil Cartridge\"}]},{\"@type\":\"WebSite\",\"@id\":\"https:\\\/\\\/medicinasinc.com\\\/sk\\\/#website\",\"url\":\"https:\\\/\\\/medicinasinc.com\\\/sk\\\/\",\"name\":\"Medicinas Inc\",\"description\":\"Health Medical Clinic\",\"potentialAction\":[{\"@type\":\"SearchAction\",\"target\":{\"@type\":\"EntryPoint\",\"urlTemplate\":\"https:\\\/\\\/medicinasinc.com\\\/sk\\\/?s={search_term_string}\"},\"query-input\":{\"@type\":\"PropertyValueSpecification\",\"valueRequired\":true,\"valueName\":\"search_term_string\"}}],\"inLanguage\":\"en-US\"}]}<\/script>\n<!-- \/ Yoast SEO plugin. -->","yoast_head_json":{"title":"K\u00fapte si n\u00e1pl\u0148 Cannatonic CO2 Oil 1g online (k\u00f3pia) \u2013 najlep\u0161ie glob\u00e1lne lieky","description":"K\u00fapte si CO2 olejov\u00fa kazetu Cannatonic na predaj online bezpe\u010dne za dostupn\u00e9 ceny. Objavte \u0161irok\u00fa \u0161k\u00e1lu kvalitn\u00fdch produktov z buriny na predaj v USA, E\u00da, Ve\u013ekej Brit\u00e1nii!","robots":{"index":"index","follow":"follow","max-snippet":"max-snippet:-1","max-image-preview":"max-image-preview:large","max-video-preview":"max-video-preview:-1"},"canonical":"https:\/\/medicinasinc.com\/sk\/product\/buy-cannatonic-co2-oil-cartridge\/","og_locale":"en_US","og_type":"article","og_title":"K\u00fapte si n\u00e1pl\u0148 Cannatonic CO2 Oil 1g online (k\u00f3pia) \u2013 najlep\u0161ie glob\u00e1lne lieky","og_description":"K\u00fapte si CO2 olejov\u00fa kazetu Cannatonic na predaj online bezpe\u010dne za dostupn\u00e9 ceny. Objavte \u0161irok\u00fa \u0161k\u00e1lu kvalitn\u00fdch produktov z buriny na predaj v USA, E\u00da, Ve\u013ekej Brit\u00e1nii!","og_url":"https:\/\/medicinasinc.com\/sk\/product\/buy-cannatonic-co2-oil-cartridge\/","og_site_name":"Medicinas Inc","article_modified_time":"2022-03-22T01:25:04+00:00","og_image":[{"width":542,"height":420,"url":"https:\/\/medicinasinc.com\/sk\/wp-content\/uploads\/sites\/10\/2022\/02\/Buy-Cannatonic-CO2-Oil-Cartridge.png","type":"image\/png"}],"twitter_card":"summary_large_image","twitter_misc":{"Est. reading time":"3 minutes"},"schema":{"@context":"https:\/\/schema.org","@graph":[{"@type":"WebPage","@id":"https:\/\/medicinasinc.com\/sk\/product\/buy-cannatonic-co2-oil-cartridge\/","url":"https:\/\/medicinasinc.com\/sk\/product\/buy-cannatonic-co2-oil-cartridge\/","name":"K\u00fapte si n\u00e1pl\u0148 Cannatonic CO2 Oil 1g online (k\u00f3pia) \u2013 najlep\u0161ie glob\u00e1lne lieky","isPartOf":{"@id":"https:\/\/medicinasinc.com\/sk\/#website"},"primaryImageOfPage":{"@id":"https:\/\/medicinasinc.com\/sk\/product\/buy-cannatonic-co2-oil-cartridge\/#primaryimage"},"image":{"@id":"https:\/\/medicinasinc.com\/sk\/product\/buy-cannatonic-co2-oil-cartridge\/#primaryimage"},"thumbnailUrl":"https:\/\/medicinasinc.com\/sk\/wp-content\/uploads\/sites\/10\/2022\/02\/Buy-Cannatonic-CO2-Oil-Cartridge.png","datePublished":"2022-02-20T08:35:49+00:00","dateModified":"2022-03-22T01:25:04+00:00","description":"K\u00fapte si CO2 olejov\u00fa kazetu Cannatonic na predaj online bezpe\u010dne za dostupn\u00e9 ceny. Objavte \u0161irok\u00fa \u0161k\u00e1lu kvalitn\u00fdch produktov z buriny na predaj v USA, E\u00da, Ve\u013ekej Brit\u00e1nii!","breadcrumb":{"@id":"https:\/\/medicinasinc.com\/sk\/product\/buy-cannatonic-co2-oil-cartridge\/#breadcrumb"},"inLanguage":"en-US","potentialAction":[{"@type":"ReadAction","target":["https:\/\/medicinasinc.com\/sk\/product\/buy-cannatonic-co2-oil-cartridge\/"]}]},{"@type":"ImageObject","inLanguage":"en-US","@id":"https:\/\/medicinasinc.com\/sk\/product\/buy-cannatonic-co2-oil-cartridge\/#primaryimage","url":"https:\/\/medicinasinc.com\/sk\/wp-content\/uploads\/sites\/10\/2022\/02\/Buy-Cannatonic-CO2-Oil-Cartridge.png","contentUrl":"https:\/\/medicinasinc.com\/sk\/wp-content\/uploads\/sites\/10\/2022\/02\/Buy-Cannatonic-CO2-Oil-Cartridge.png","width":542,"height":420},{"@type":"BreadcrumbList","@id":"https:\/\/medicinasinc.com\/sk\/product\/buy-cannatonic-co2-oil-cartridge\/#breadcrumb","itemListElement":[{"@type":"ListItem","position":1,"name":"Obchod","item":"https:\/\/medicinasinc.com\/sk\/obchod\/"},{"@type":"ListItem","position":2,"name":"K\u00fapte si Cannatonic CO2 Oil Cartridge"}]},{"@type":"WebSite","@id":"https:\/\/medicinasinc.com\/sk\/#website","url":"https:\/\/medicinasinc.com\/sk\/","name":"Medicinas Inc","description":"Health Medical Clinic","potentialAction":[{"@type":"SearchAction","target":{"@type":"EntryPoint","urlTemplate":"https:\/\/medicinasinc.com\/sk\/?s={search_term_string}"},"query-input":{"@type":"PropertyValueSpecification","valueRequired":true,"valueName":"search_term_string"}}],"inLanguage":"en-US"}]}},"_links":{"self":[{"href":"https:\/\/medicinasinc.com\/sk\/wp-json\/wp\/v2\/product\/4367","targetHints":{"allow":["GET"]}}],"collection":[{"href":"https:\/\/medicinasinc.com\/sk\/wp-json\/wp\/v2\/product"}],"about":[{"href":"https:\/\/medicinasinc.com\/sk\/wp-json\/wp\/v2\/types\/product"}],"replies":[{"embeddable":true,"href":"https:\/\/medicinasinc.com\/sk\/wp-json\/wp\/v2\/comments?post=4367"}],"wp:featuredmedia":[{"embeddable":true,"href":"https:\/\/medicinasinc.com\/sk\/wp-json\/wp\/v2\/media\/4402"}],"wp:attachment":[{"href":"https:\/\/medicinasinc.com\/sk\/wp-json\/wp\/v2\/media?parent=4367"}],"wp:term":[{"taxonomy":"product_brand","embeddable":true,"href":"https:\/\/medicinasinc.com\/sk\/wp-json\/wp\/v2\/product_brand?post=4367"},{"taxonomy":"product_cat","embeddable":true,"href":"https:\/\/medicinasinc.com\/sk\/wp-json\/wp\/v2\/product_cat?post=4367"},{"taxonomy":"product_tag","embeddable":true,"href":"https:\/\/medicinasinc.com\/sk\/wp-json\/wp\/v2\/product_tag?post=4367"}],"curies":[{"name":"wp","href":"https:\/\/api.w.org\/{rel}","templated":true}]}}