{"id":4359,"date":"2022-02-20T08:31:50","date_gmt":"2022-02-20T08:31:50","guid":{"rendered":"https:\/\/medicinasinc.com\/sk\/?post_type=product&#038;p=4359"},"modified":"2022-03-22T01:25:12","modified_gmt":"2022-03-22T01:25:12","slug":"kupit-fab-cbd-olej-300mg-600mg-1200mg","status":"publish","type":"product","link":"https:\/\/medicinasinc.com\/sk\/product\/kupit-fab-cbd-olej-300mg-600mg-1200mg\/","title":{"rendered":"K\u00fapte si Fab CBD Oil 300 mg, 600 mg, 1200 mg"},"content":{"rendered":"<p>CBD olejov\u00e9 kvapky s\u00fa vynikaj\u00facim sp\u00f4sobom, ako podpori\u0165 celkov\u00fa pohodu a vitalitu. Pon\u00fakame r\u00f4zne pr\u00edchute CBD konopn\u00e9ho oleja, ktor\u00e9 s\u00fa ob\u013e\u00faben\u00e9 u na\u0161ich z\u00e1kazn\u00edkov, vr\u00e1tane citrusov, m\u00e4ty, pr\u00edrodn\u00e9ho, \u200b\u200bbobu\u013eov\u00e9ho a vanilkov\u00e9ho. Ar\u00f3ma FAB CBD Oil je odvoden\u00e1 z t\u00fdch najlep\u0161\u00edch ingredienci\u00ed. Vychutnajte si lahodn\u00fa chu\u0165 a v\u00f4\u0148u t\u00fdchto ochuten\u00fdch CBD olejov alebo tradi\u010dn\u00fa chu\u0165 n\u00e1\u0161ho pr\u00edrodn\u00e9ho CBD oleja.<\/p>\n","protected":false},"excerpt":{"rendered":"<p>K\u00fapte si Fab CBD olej 300 mg, K\u00fapte si Fab CBD olej 600 mg, K\u00fapte fab cbd 2400 mg, cbd olej, ktor\u00fd v\u00e1s urob\u00ed \u0161\u0165astn\u00fdmi, najlep\u0161\u00ed cbd izol\u00e1tov\u00fd olej, k\u00fapite cbd tinkt\u00faru online, gnc cbd olej na \u00fazkos\u0165, cbd olej jedl\u00e9 kvapky, Amazon fab cbd,fab cbd white label,<\/p>\n<p><strong>Minim\u00e1lne objednan\u00e9 mno\u017estvo je: 5 kaziet<\/strong><\/p>\n","protected":false},"featured_media":4394,"comment_status":"open","ping_status":"closed","template":"","meta":[],"product_brand":[],"product_cat":[440],"product_tag":[441,444,445,446,447,448,449,450,443,442],"class_list":{"0":"post-4359","1":"product","2":"type-product","3":"status-publish","4":"has-post-thumbnail","6":"product_cat-kpi-konope-cbd-olej","7":"product_tag-amazon-fab-cbd","8":"product_tag-buy-fab-cbd-2400-mg","9":"product_tag-buy-fab-cbd-oil-300mg","10":"product_tag-buy-fab-cbd-oil-600mg","11":"product_tag-cbd-olej-jedl-kvapky","12":"product_tag-cbd-olej-ktor-vs-rob-astnmi","13":"product_tag-fab-cbd-white-label","14":"product_tag-gnc-cbd-oil-for-anxiety","15":"product_tag-k-c3-bapi-c5-a5-cbd-tinkt-c3-baru-online","16":"product_tag-najlep-cbd-izoltov-olej","18":"first","19":"instock","20":"shipping-taxable","21":"purchasable","22":"product-type-variable","23":"has-default-attributes"},"yoast_head":"<!-- This site is optimized with the Yoast SEO plugin v27.3 - https:\/\/yoast.com\/product\/yoast-seo-wordpress\/ -->\n<title>K\u00fapte si Fab CBD Oil 300 mg, 600 mg, 1200 mg \u2013 najlep\u0161ie glob\u00e1lne lieky<\/title>\n<meta name=\"description\" content=\"K\u00fapi\u0165 Fab CBD olej 300 mg, K\u00fapi\u0165 Fab CBD olej 600 mg, K\u00fapi\u0165 fab cbd 2400 mg, cbd olej, ktor\u00fd v\u00e1s urob\u00ed \u0161\u0165astn\u00fdmi, najlep\u0161\u00ed cbd izol\u00e1tov\u00fd olej, k\u00fapi\u0165 cbd tinkt\u00faru online, gnc cbd olej na \u00fazkos\u0165, cbd olej jedl\u00e9 kvapky, amazon fab cbd, skvel\u00fd cbd biely \u0161t\u00edtok,\" \/>\n<meta name=\"robots\" content=\"index, follow, max-snippet:-1, max-image-preview:large, max-video-preview:-1\" \/>\n<link rel=\"canonical\" href=\"https:\/\/medicinasinc.com\/sk\/product\/kupit-fab-cbd-olej-300mg-600mg-1200mg\/\" \/>\n<meta property=\"og:locale\" content=\"en_US\" \/>\n<meta property=\"og:type\" content=\"article\" \/>\n<meta property=\"og:title\" content=\"K\u00fapte si Fab CBD Oil 300 mg, 600 mg, 1200 mg \u2013 najlep\u0161ie glob\u00e1lne lieky\" \/>\n<meta property=\"og:description\" content=\"K\u00fapi\u0165 Fab CBD olej 300 mg, K\u00fapi\u0165 Fab CBD olej 600 mg, K\u00fapi\u0165 fab cbd 2400 mg, cbd olej, ktor\u00fd v\u00e1s urob\u00ed \u0161\u0165astn\u00fdmi, najlep\u0161\u00ed cbd izol\u00e1tov\u00fd olej, k\u00fapi\u0165 cbd tinkt\u00faru online, gnc cbd olej na \u00fazkos\u0165, cbd olej jedl\u00e9 kvapky, amazon fab cbd, skvel\u00fd cbd biely \u0161t\u00edtok,\" \/>\n<meta property=\"og:url\" content=\"https:\/\/medicinasinc.com\/sk\/product\/kupit-fab-cbd-olej-300mg-600mg-1200mg\/\" \/>\n<meta property=\"og:site_name\" content=\"Medicinas Inc\" \/>\n<meta property=\"article:modified_time\" content=\"2022-03-22T01:25:12+00:00\" \/>\n<meta property=\"og:image\" content=\"https:\/\/medicinasinc.com\/sk\/wp-content\/uploads\/sites\/10\/2022\/02\/Buy-Fab-CBD-Oil.jpg\" \/>\n\t<meta property=\"og:image:width\" content=\"600\" \/>\n\t<meta property=\"og:image:height\" content=\"600\" \/>\n\t<meta property=\"og:image:type\" content=\"image\/jpeg\" \/>\n<meta name=\"twitter:card\" content=\"summary_large_image\" \/>\n<meta name=\"twitter:label1\" content=\"Est. reading time\" \/>\n\t<meta name=\"twitter:data1\" content=\"1 minute\" \/>\n<script type=\"application\/ld+json\" class=\"yoast-schema-graph\">{\"@context\":\"https:\\\/\\\/schema.org\",\"@graph\":[{\"@type\":\"WebPage\",\"@id\":\"https:\\\/\\\/medicinasinc.com\\\/sk\\\/product\\\/kupit-fab-cbd-olej-300mg-600mg-1200mg\\\/\",\"url\":\"https:\\\/\\\/medicinasinc.com\\\/sk\\\/product\\\/kupit-fab-cbd-olej-300mg-600mg-1200mg\\\/\",\"name\":\"K\u00fapte si Fab CBD Oil 300 mg, 600 mg, 1200 mg \u2013 najlep\u0161ie glob\u00e1lne lieky\",\"isPartOf\":{\"@id\":\"https:\\\/\\\/medicinasinc.com\\\/sk\\\/#website\"},\"primaryImageOfPage\":{\"@id\":\"https:\\\/\\\/medicinasinc.com\\\/sk\\\/product\\\/kupit-fab-cbd-olej-300mg-600mg-1200mg\\\/#primaryimage\"},\"image\":{\"@id\":\"https:\\\/\\\/medicinasinc.com\\\/sk\\\/product\\\/kupit-fab-cbd-olej-300mg-600mg-1200mg\\\/#primaryimage\"},\"thumbnailUrl\":\"https:\\\/\\\/medicinasinc.com\\\/sk\\\/wp-content\\\/uploads\\\/sites\\\/10\\\/2022\\\/02\\\/Buy-Fab-CBD-Oil.jpg\",\"datePublished\":\"2022-02-20T08:31:50+00:00\",\"dateModified\":\"2022-03-22T01:25:12+00:00\",\"description\":\"K\u00fapi\u0165 Fab CBD olej 300 mg, K\u00fapi\u0165 Fab CBD olej 600 mg, K\u00fapi\u0165 fab cbd 2400 mg, cbd olej, ktor\u00fd v\u00e1s urob\u00ed \u0161\u0165astn\u00fdmi, najlep\u0161\u00ed cbd izol\u00e1tov\u00fd olej, k\u00fapi\u0165 cbd tinkt\u00faru online, gnc cbd olej na \u00fazkos\u0165, cbd olej jedl\u00e9 kvapky, amazon fab cbd, skvel\u00fd cbd biely \u0161t\u00edtok,\",\"breadcrumb\":{\"@id\":\"https:\\\/\\\/medicinasinc.com\\\/sk\\\/product\\\/kupit-fab-cbd-olej-300mg-600mg-1200mg\\\/#breadcrumb\"},\"inLanguage\":\"en-US\",\"potentialAction\":[{\"@type\":\"ReadAction\",\"target\":[\"https:\\\/\\\/medicinasinc.com\\\/sk\\\/product\\\/kupit-fab-cbd-olej-300mg-600mg-1200mg\\\/\"]}]},{\"@type\":\"ImageObject\",\"inLanguage\":\"en-US\",\"@id\":\"https:\\\/\\\/medicinasinc.com\\\/sk\\\/product\\\/kupit-fab-cbd-olej-300mg-600mg-1200mg\\\/#primaryimage\",\"url\":\"https:\\\/\\\/medicinasinc.com\\\/sk\\\/wp-content\\\/uploads\\\/sites\\\/10\\\/2022\\\/02\\\/Buy-Fab-CBD-Oil.jpg\",\"contentUrl\":\"https:\\\/\\\/medicinasinc.com\\\/sk\\\/wp-content\\\/uploads\\\/sites\\\/10\\\/2022\\\/02\\\/Buy-Fab-CBD-Oil.jpg\",\"width\":600,\"height\":600},{\"@type\":\"BreadcrumbList\",\"@id\":\"https:\\\/\\\/medicinasinc.com\\\/sk\\\/product\\\/kupit-fab-cbd-olej-300mg-600mg-1200mg\\\/#breadcrumb\",\"itemListElement\":[{\"@type\":\"ListItem\",\"position\":1,\"name\":\"Obchod\",\"item\":\"https:\\\/\\\/medicinasinc.com\\\/sk\\\/obchod\\\/\"},{\"@type\":\"ListItem\",\"position\":2,\"name\":\"K\u00fapte si Fab CBD Oil 300 mg, 600 mg, 1200 mg\"}]},{\"@type\":\"WebSite\",\"@id\":\"https:\\\/\\\/medicinasinc.com\\\/sk\\\/#website\",\"url\":\"https:\\\/\\\/medicinasinc.com\\\/sk\\\/\",\"name\":\"Medicinas Inc\",\"description\":\"Health Medical Clinic\",\"potentialAction\":[{\"@type\":\"SearchAction\",\"target\":{\"@type\":\"EntryPoint\",\"urlTemplate\":\"https:\\\/\\\/medicinasinc.com\\\/sk\\\/?s={search_term_string}\"},\"query-input\":{\"@type\":\"PropertyValueSpecification\",\"valueRequired\":true,\"valueName\":\"search_term_string\"}}],\"inLanguage\":\"en-US\"}]}<\/script>\n<!-- \/ Yoast SEO plugin. -->","yoast_head_json":{"title":"K\u00fapte si Fab CBD Oil 300 mg, 600 mg, 1200 mg \u2013 najlep\u0161ie glob\u00e1lne lieky","description":"K\u00fapi\u0165 Fab CBD olej 300 mg, K\u00fapi\u0165 Fab CBD olej 600 mg, K\u00fapi\u0165 fab cbd 2400 mg, cbd olej, ktor\u00fd v\u00e1s urob\u00ed \u0161\u0165astn\u00fdmi, najlep\u0161\u00ed cbd izol\u00e1tov\u00fd olej, k\u00fapi\u0165 cbd tinkt\u00faru online, gnc cbd olej na \u00fazkos\u0165, cbd olej jedl\u00e9 kvapky, amazon fab cbd, skvel\u00fd cbd biely \u0161t\u00edtok,","robots":{"index":"index","follow":"follow","max-snippet":"max-snippet:-1","max-image-preview":"max-image-preview:large","max-video-preview":"max-video-preview:-1"},"canonical":"https:\/\/medicinasinc.com\/sk\/product\/kupit-fab-cbd-olej-300mg-600mg-1200mg\/","og_locale":"en_US","og_type":"article","og_title":"K\u00fapte si Fab CBD Oil 300 mg, 600 mg, 1200 mg \u2013 najlep\u0161ie glob\u00e1lne lieky","og_description":"K\u00fapi\u0165 Fab CBD olej 300 mg, K\u00fapi\u0165 Fab CBD olej 600 mg, K\u00fapi\u0165 fab cbd 2400 mg, cbd olej, ktor\u00fd v\u00e1s urob\u00ed \u0161\u0165astn\u00fdmi, najlep\u0161\u00ed cbd izol\u00e1tov\u00fd olej, k\u00fapi\u0165 cbd tinkt\u00faru online, gnc cbd olej na \u00fazkos\u0165, cbd olej jedl\u00e9 kvapky, amazon fab cbd, skvel\u00fd cbd biely \u0161t\u00edtok,","og_url":"https:\/\/medicinasinc.com\/sk\/product\/kupit-fab-cbd-olej-300mg-600mg-1200mg\/","og_site_name":"Medicinas Inc","article_modified_time":"2022-03-22T01:25:12+00:00","og_image":[{"width":600,"height":600,"url":"https:\/\/medicinasinc.com\/sk\/wp-content\/uploads\/sites\/10\/2022\/02\/Buy-Fab-CBD-Oil.jpg","type":"image\/jpeg"}],"twitter_card":"summary_large_image","twitter_misc":{"Est. reading time":"1 minute"},"schema":{"@context":"https:\/\/schema.org","@graph":[{"@type":"WebPage","@id":"https:\/\/medicinasinc.com\/sk\/product\/kupit-fab-cbd-olej-300mg-600mg-1200mg\/","url":"https:\/\/medicinasinc.com\/sk\/product\/kupit-fab-cbd-olej-300mg-600mg-1200mg\/","name":"K\u00fapte si Fab CBD Oil 300 mg, 600 mg, 1200 mg \u2013 najlep\u0161ie glob\u00e1lne lieky","isPartOf":{"@id":"https:\/\/medicinasinc.com\/sk\/#website"},"primaryImageOfPage":{"@id":"https:\/\/medicinasinc.com\/sk\/product\/kupit-fab-cbd-olej-300mg-600mg-1200mg\/#primaryimage"},"image":{"@id":"https:\/\/medicinasinc.com\/sk\/product\/kupit-fab-cbd-olej-300mg-600mg-1200mg\/#primaryimage"},"thumbnailUrl":"https:\/\/medicinasinc.com\/sk\/wp-content\/uploads\/sites\/10\/2022\/02\/Buy-Fab-CBD-Oil.jpg","datePublished":"2022-02-20T08:31:50+00:00","dateModified":"2022-03-22T01:25:12+00:00","description":"K\u00fapi\u0165 Fab CBD olej 300 mg, K\u00fapi\u0165 Fab CBD olej 600 mg, K\u00fapi\u0165 fab cbd 2400 mg, cbd olej, ktor\u00fd v\u00e1s urob\u00ed \u0161\u0165astn\u00fdmi, najlep\u0161\u00ed cbd izol\u00e1tov\u00fd olej, k\u00fapi\u0165 cbd tinkt\u00faru online, gnc cbd olej na \u00fazkos\u0165, cbd olej jedl\u00e9 kvapky, amazon fab cbd, skvel\u00fd cbd biely \u0161t\u00edtok,","breadcrumb":{"@id":"https:\/\/medicinasinc.com\/sk\/product\/kupit-fab-cbd-olej-300mg-600mg-1200mg\/#breadcrumb"},"inLanguage":"en-US","potentialAction":[{"@type":"ReadAction","target":["https:\/\/medicinasinc.com\/sk\/product\/kupit-fab-cbd-olej-300mg-600mg-1200mg\/"]}]},{"@type":"ImageObject","inLanguage":"en-US","@id":"https:\/\/medicinasinc.com\/sk\/product\/kupit-fab-cbd-olej-300mg-600mg-1200mg\/#primaryimage","url":"https:\/\/medicinasinc.com\/sk\/wp-content\/uploads\/sites\/10\/2022\/02\/Buy-Fab-CBD-Oil.jpg","contentUrl":"https:\/\/medicinasinc.com\/sk\/wp-content\/uploads\/sites\/10\/2022\/02\/Buy-Fab-CBD-Oil.jpg","width":600,"height":600},{"@type":"BreadcrumbList","@id":"https:\/\/medicinasinc.com\/sk\/product\/kupit-fab-cbd-olej-300mg-600mg-1200mg\/#breadcrumb","itemListElement":[{"@type":"ListItem","position":1,"name":"Obchod","item":"https:\/\/medicinasinc.com\/sk\/obchod\/"},{"@type":"ListItem","position":2,"name":"K\u00fapte si Fab CBD Oil 300 mg, 600 mg, 1200 mg"}]},{"@type":"WebSite","@id":"https:\/\/medicinasinc.com\/sk\/#website","url":"https:\/\/medicinasinc.com\/sk\/","name":"Medicinas Inc","description":"Health Medical Clinic","potentialAction":[{"@type":"SearchAction","target":{"@type":"EntryPoint","urlTemplate":"https:\/\/medicinasinc.com\/sk\/?s={search_term_string}"},"query-input":{"@type":"PropertyValueSpecification","valueRequired":true,"valueName":"search_term_string"}}],"inLanguage":"en-US"}]}},"_links":{"self":[{"href":"https:\/\/medicinasinc.com\/sk\/wp-json\/wp\/v2\/product\/4359","targetHints":{"allow":["GET"]}}],"collection":[{"href":"https:\/\/medicinasinc.com\/sk\/wp-json\/wp\/v2\/product"}],"about":[{"href":"https:\/\/medicinasinc.com\/sk\/wp-json\/wp\/v2\/types\/product"}],"replies":[{"embeddable":true,"href":"https:\/\/medicinasinc.com\/sk\/wp-json\/wp\/v2\/comments?post=4359"}],"wp:featuredmedia":[{"embeddable":true,"href":"https:\/\/medicinasinc.com\/sk\/wp-json\/wp\/v2\/media\/4394"}],"wp:attachment":[{"href":"https:\/\/medicinasinc.com\/sk\/wp-json\/wp\/v2\/media?parent=4359"}],"wp:term":[{"taxonomy":"product_brand","embeddable":true,"href":"https:\/\/medicinasinc.com\/sk\/wp-json\/wp\/v2\/product_brand?post=4359"},{"taxonomy":"product_cat","embeddable":true,"href":"https:\/\/medicinasinc.com\/sk\/wp-json\/wp\/v2\/product_cat?post=4359"},{"taxonomy":"product_tag","embeddable":true,"href":"https:\/\/medicinasinc.com\/sk\/wp-json\/wp\/v2\/product_tag?post=4359"}],"curies":[{"name":"wp","href":"https:\/\/api.w.org\/{rel}","templated":true}]}}