{"id":4348,"date":"2022-02-20T08:28:43","date_gmt":"2022-02-20T08:28:43","guid":{"rendered":"https:\/\/medicinasinc.com\/sk\/?post_type=product&#038;p=4348"},"modified":"2022-03-22T01:25:33","modified_gmt":"2022-03-22T01:25:33","slug":"kupit-41-tinktura-30ml-mata-prichut-zelena-bohyna","status":"publish","type":"product","link":"https:\/\/medicinasinc.com\/sk\/product\/kupit-41-tinktura-30ml-mata-prichut-zelena-bohyna\/","title":{"rendered":"K\u00fapte si tinkt\u00faru 4:1 (30 ml) Spearmint Flavor Green Goddess"},"content":{"rendered":"<p>K\u00fapte si Green, Goddess 4:1 tinkt\u00faru (30 ml) Spearmint Flavour<\/p>\n<p>Tinkt\u00farov\u00e9 kvapky maj\u00fa v\u00fdznamn\u00e9 v\u00fdhody oproti in\u00fdm met\u00f3dam pod\u00e1vania lek\u00e1rskych kanabinoidov: 30 ml t\u00e9glik s jednoduchou aplik\u00e1ciou kvap\u00f4\u010dok umo\u017e\u0148uje presn\u00fa d\u00e1vku, ktor\u00e1 sa m\u00e1 poda\u0165 sublingv\u00e1lne do \u00fast. Absorpcia do krvn\u00e9ho obehu cez \u00fastnu sliznicu je r\u00fdchla a konzistentn\u00e1. Tinkt\u00fara nie je konvertovan\u00e1 na metabolit tr\u00e1viacim syst\u00e9mom alebo pe\u010de\u0148ou, ako je to v pr\u00edpade or\u00e1lne u\u017e\u00edvan\u00fdch kanabinoidov v po\u017e\u00edvatin\u00e1ch.<\/p>\n<p>Pripraven\u00e9 s pou\u017eit\u00edm extraktu z celej rastliny konope. Pridali sme \u00faplne pr\u00edrodn\u00fd C8+C10 olej, ktor\u00fd poch\u00e1dza v\u00fdlu\u010dne z kokosov\u00fdch orechov a je vynikaj\u00facim zdrojom siln\u00fdch mastn\u00fdch kysel\u00edn so stredne dlh\u00fdm re\u0165azcom, ktor\u00e9 pom\u00e1haj\u00fa udr\u017eiava\u0165 optim\u00e1lne fungovanie tela a mysle.<\/p>\n<p>13 miligramov na kvapkadlo 400 miligramov CBD 100 miligramov THC<\/p>\n<p>Zlo\u017eenie:<\/p>\n<p>MCT olej s pr\u00edchu\u0165ou m\u00e4ty piepornej Cel\u00fd extrakt z rastl\u00edn kanabisu (CBD)<\/p>\n","protected":false},"excerpt":{"rendered":"<p>K\u00fapte si 4:1 tinkt\u00faru (30 ml) Spearmint Flavour Green Goddess na predaj Ve\u013ek\u00e1 Brit\u00e1nia, Eur\u00f3pa online USA od najv\u00e4\u010d\u0161ej online v\u00fddajne, Buy My Weed Online.<\/p>\n<ul>\n<li>Celosvetov\u00e1 doprava<\/li>\n<li>30 ml indikovan\u00e9 kvapkadlo<\/li>\n<li>400 mg CBD : 100 mg THC tinkt\u00fara<\/li>\n<li>Pr\u00edchu\u0165 m\u00e4ty<\/li>\n<li>Minim\u00e1lne mno\u017estvo na objedn\u00e1vku je 5<\/li>\n<\/ul>\n","protected":false},"featured_media":4383,"comment_status":"open","ping_status":"closed","template":"","meta":[],"product_brand":[],"product_cat":[440],"product_tag":[],"class_list":{"0":"post-4348","1":"product","2":"type-product","3":"status-publish","4":"has-post-thumbnail","6":"product_cat-kpi-konope-cbd-olej","8":"first","9":"instock","10":"shipping-taxable","11":"purchasable","12":"product-type-variable","13":"has-default-attributes"},"yoast_head":"<!-- This site is optimized with the Yoast SEO plugin v27.3 - https:\/\/yoast.com\/product\/yoast-seo-wordpress\/ -->\n<title>K\u00fapi\u0165 4:1 tinkt\u00faru (30 ml) Spearmint Flavor Green Goddess - Najlep\u0161ie glob\u00e1lne lieky<\/title>\n<meta name=\"description\" content=\"K\u00fapte si 4:1 tinkt\u00faru (30 ml) Spearmint Flavour Green Goddess na predaj Ve\u013ek\u00e1 Brit\u00e1nia, Eur\u00f3pa online USA z najv\u00e4\u010d\u0161ej online ambulancie, Buy My Weed Online.\" \/>\n<meta name=\"robots\" content=\"index, follow, max-snippet:-1, max-image-preview:large, max-video-preview:-1\" \/>\n<link rel=\"canonical\" href=\"https:\/\/medicinasinc.com\/sk\/product\/kupit-41-tinktura-30ml-mata-prichut-zelena-bohyna\/\" \/>\n<meta property=\"og:locale\" content=\"en_US\" \/>\n<meta property=\"og:type\" content=\"article\" \/>\n<meta property=\"og:title\" content=\"K\u00fapi\u0165 4:1 tinkt\u00faru (30 ml) Spearmint Flavor Green Goddess - Najlep\u0161ie glob\u00e1lne lieky\" \/>\n<meta property=\"og:description\" content=\"K\u00fapte si 4:1 tinkt\u00faru (30 ml) Spearmint Flavour Green Goddess na predaj Ve\u013ek\u00e1 Brit\u00e1nia, Eur\u00f3pa online USA z najv\u00e4\u010d\u0161ej online ambulancie, Buy My Weed Online.\" \/>\n<meta property=\"og:url\" content=\"https:\/\/medicinasinc.com\/sk\/product\/kupit-41-tinktura-30ml-mata-prichut-zelena-bohyna\/\" \/>\n<meta property=\"og:site_name\" content=\"Medicinas Inc\" \/>\n<meta property=\"article:modified_time\" content=\"2022-03-22T01:25:33+00:00\" \/>\n<meta property=\"og:image\" content=\"https:\/\/medicinasinc.com\/sk\/wp-content\/uploads\/sites\/10\/2022\/02\/Spearmint-Flavour-Green-Goddess.jpg\" \/>\n\t<meta property=\"og:image:width\" content=\"483\" \/>\n\t<meta property=\"og:image:height\" content=\"483\" \/>\n\t<meta property=\"og:image:type\" content=\"image\/jpeg\" \/>\n<meta name=\"twitter:card\" content=\"summary_large_image\" \/>\n<meta name=\"twitter:label1\" content=\"Est. reading time\" \/>\n\t<meta name=\"twitter:data1\" content=\"1 minute\" \/>\n<script type=\"application\/ld+json\" class=\"yoast-schema-graph\">{\"@context\":\"https:\\\/\\\/schema.org\",\"@graph\":[{\"@type\":\"WebPage\",\"@id\":\"https:\\\/\\\/medicinasinc.com\\\/sk\\\/product\\\/kupit-41-tinktura-30ml-mata-prichut-zelena-bohyna\\\/\",\"url\":\"https:\\\/\\\/medicinasinc.com\\\/sk\\\/product\\\/kupit-41-tinktura-30ml-mata-prichut-zelena-bohyna\\\/\",\"name\":\"K\u00fapi\u0165 4:1 tinkt\u00faru (30 ml) Spearmint Flavor Green Goddess - Najlep\u0161ie glob\u00e1lne lieky\",\"isPartOf\":{\"@id\":\"https:\\\/\\\/medicinasinc.com\\\/sk\\\/#website\"},\"primaryImageOfPage\":{\"@id\":\"https:\\\/\\\/medicinasinc.com\\\/sk\\\/product\\\/kupit-41-tinktura-30ml-mata-prichut-zelena-bohyna\\\/#primaryimage\"},\"image\":{\"@id\":\"https:\\\/\\\/medicinasinc.com\\\/sk\\\/product\\\/kupit-41-tinktura-30ml-mata-prichut-zelena-bohyna\\\/#primaryimage\"},\"thumbnailUrl\":\"https:\\\/\\\/medicinasinc.com\\\/sk\\\/wp-content\\\/uploads\\\/sites\\\/10\\\/2022\\\/02\\\/Spearmint-Flavour-Green-Goddess.jpg\",\"datePublished\":\"2022-02-20T08:28:43+00:00\",\"dateModified\":\"2022-03-22T01:25:33+00:00\",\"description\":\"K\u00fapte si 4:1 tinkt\u00faru (30 ml) Spearmint Flavour Green Goddess na predaj Ve\u013ek\u00e1 Brit\u00e1nia, Eur\u00f3pa online USA z najv\u00e4\u010d\u0161ej online ambulancie, Buy My Weed Online.\",\"breadcrumb\":{\"@id\":\"https:\\\/\\\/medicinasinc.com\\\/sk\\\/product\\\/kupit-41-tinktura-30ml-mata-prichut-zelena-bohyna\\\/#breadcrumb\"},\"inLanguage\":\"en-US\",\"potentialAction\":[{\"@type\":\"ReadAction\",\"target\":[\"https:\\\/\\\/medicinasinc.com\\\/sk\\\/product\\\/kupit-41-tinktura-30ml-mata-prichut-zelena-bohyna\\\/\"]}]},{\"@type\":\"ImageObject\",\"inLanguage\":\"en-US\",\"@id\":\"https:\\\/\\\/medicinasinc.com\\\/sk\\\/product\\\/kupit-41-tinktura-30ml-mata-prichut-zelena-bohyna\\\/#primaryimage\",\"url\":\"https:\\\/\\\/medicinasinc.com\\\/sk\\\/wp-content\\\/uploads\\\/sites\\\/10\\\/2022\\\/02\\\/Spearmint-Flavour-Green-Goddess.jpg\",\"contentUrl\":\"https:\\\/\\\/medicinasinc.com\\\/sk\\\/wp-content\\\/uploads\\\/sites\\\/10\\\/2022\\\/02\\\/Spearmint-Flavour-Green-Goddess.jpg\",\"width\":483,\"height\":483},{\"@type\":\"BreadcrumbList\",\"@id\":\"https:\\\/\\\/medicinasinc.com\\\/sk\\\/product\\\/kupit-41-tinktura-30ml-mata-prichut-zelena-bohyna\\\/#breadcrumb\",\"itemListElement\":[{\"@type\":\"ListItem\",\"position\":1,\"name\":\"Obchod\",\"item\":\"https:\\\/\\\/medicinasinc.com\\\/sk\\\/obchod\\\/\"},{\"@type\":\"ListItem\",\"position\":2,\"name\":\"K\u00fapte si tinkt\u00faru 4:1 (30 ml) Spearmint Flavor Green Goddess\"}]},{\"@type\":\"WebSite\",\"@id\":\"https:\\\/\\\/medicinasinc.com\\\/sk\\\/#website\",\"url\":\"https:\\\/\\\/medicinasinc.com\\\/sk\\\/\",\"name\":\"Medicinas Inc\",\"description\":\"Health Medical Clinic\",\"potentialAction\":[{\"@type\":\"SearchAction\",\"target\":{\"@type\":\"EntryPoint\",\"urlTemplate\":\"https:\\\/\\\/medicinasinc.com\\\/sk\\\/?s={search_term_string}\"},\"query-input\":{\"@type\":\"PropertyValueSpecification\",\"valueRequired\":true,\"valueName\":\"search_term_string\"}}],\"inLanguage\":\"en-US\"}]}<\/script>\n<!-- \/ Yoast SEO plugin. -->","yoast_head_json":{"title":"K\u00fapi\u0165 4:1 tinkt\u00faru (30 ml) Spearmint Flavor Green Goddess - Najlep\u0161ie glob\u00e1lne lieky","description":"K\u00fapte si 4:1 tinkt\u00faru (30 ml) Spearmint Flavour Green Goddess na predaj Ve\u013ek\u00e1 Brit\u00e1nia, Eur\u00f3pa online USA z najv\u00e4\u010d\u0161ej online ambulancie, Buy My Weed Online.","robots":{"index":"index","follow":"follow","max-snippet":"max-snippet:-1","max-image-preview":"max-image-preview:large","max-video-preview":"max-video-preview:-1"},"canonical":"https:\/\/medicinasinc.com\/sk\/product\/kupit-41-tinktura-30ml-mata-prichut-zelena-bohyna\/","og_locale":"en_US","og_type":"article","og_title":"K\u00fapi\u0165 4:1 tinkt\u00faru (30 ml) Spearmint Flavor Green Goddess - Najlep\u0161ie glob\u00e1lne lieky","og_description":"K\u00fapte si 4:1 tinkt\u00faru (30 ml) Spearmint Flavour Green Goddess na predaj Ve\u013ek\u00e1 Brit\u00e1nia, Eur\u00f3pa online USA z najv\u00e4\u010d\u0161ej online ambulancie, Buy My Weed Online.","og_url":"https:\/\/medicinasinc.com\/sk\/product\/kupit-41-tinktura-30ml-mata-prichut-zelena-bohyna\/","og_site_name":"Medicinas Inc","article_modified_time":"2022-03-22T01:25:33+00:00","og_image":[{"width":483,"height":483,"url":"https:\/\/medicinasinc.com\/sk\/wp-content\/uploads\/sites\/10\/2022\/02\/Spearmint-Flavour-Green-Goddess.jpg","type":"image\/jpeg"}],"twitter_card":"summary_large_image","twitter_misc":{"Est. reading time":"1 minute"},"schema":{"@context":"https:\/\/schema.org","@graph":[{"@type":"WebPage","@id":"https:\/\/medicinasinc.com\/sk\/product\/kupit-41-tinktura-30ml-mata-prichut-zelena-bohyna\/","url":"https:\/\/medicinasinc.com\/sk\/product\/kupit-41-tinktura-30ml-mata-prichut-zelena-bohyna\/","name":"K\u00fapi\u0165 4:1 tinkt\u00faru (30 ml) Spearmint Flavor Green Goddess - Najlep\u0161ie glob\u00e1lne lieky","isPartOf":{"@id":"https:\/\/medicinasinc.com\/sk\/#website"},"primaryImageOfPage":{"@id":"https:\/\/medicinasinc.com\/sk\/product\/kupit-41-tinktura-30ml-mata-prichut-zelena-bohyna\/#primaryimage"},"image":{"@id":"https:\/\/medicinasinc.com\/sk\/product\/kupit-41-tinktura-30ml-mata-prichut-zelena-bohyna\/#primaryimage"},"thumbnailUrl":"https:\/\/medicinasinc.com\/sk\/wp-content\/uploads\/sites\/10\/2022\/02\/Spearmint-Flavour-Green-Goddess.jpg","datePublished":"2022-02-20T08:28:43+00:00","dateModified":"2022-03-22T01:25:33+00:00","description":"K\u00fapte si 4:1 tinkt\u00faru (30 ml) Spearmint Flavour Green Goddess na predaj Ve\u013ek\u00e1 Brit\u00e1nia, Eur\u00f3pa online USA z najv\u00e4\u010d\u0161ej online ambulancie, Buy My Weed Online.","breadcrumb":{"@id":"https:\/\/medicinasinc.com\/sk\/product\/kupit-41-tinktura-30ml-mata-prichut-zelena-bohyna\/#breadcrumb"},"inLanguage":"en-US","potentialAction":[{"@type":"ReadAction","target":["https:\/\/medicinasinc.com\/sk\/product\/kupit-41-tinktura-30ml-mata-prichut-zelena-bohyna\/"]}]},{"@type":"ImageObject","inLanguage":"en-US","@id":"https:\/\/medicinasinc.com\/sk\/product\/kupit-41-tinktura-30ml-mata-prichut-zelena-bohyna\/#primaryimage","url":"https:\/\/medicinasinc.com\/sk\/wp-content\/uploads\/sites\/10\/2022\/02\/Spearmint-Flavour-Green-Goddess.jpg","contentUrl":"https:\/\/medicinasinc.com\/sk\/wp-content\/uploads\/sites\/10\/2022\/02\/Spearmint-Flavour-Green-Goddess.jpg","width":483,"height":483},{"@type":"BreadcrumbList","@id":"https:\/\/medicinasinc.com\/sk\/product\/kupit-41-tinktura-30ml-mata-prichut-zelena-bohyna\/#breadcrumb","itemListElement":[{"@type":"ListItem","position":1,"name":"Obchod","item":"https:\/\/medicinasinc.com\/sk\/obchod\/"},{"@type":"ListItem","position":2,"name":"K\u00fapte si tinkt\u00faru 4:1 (30 ml) Spearmint Flavor Green Goddess"}]},{"@type":"WebSite","@id":"https:\/\/medicinasinc.com\/sk\/#website","url":"https:\/\/medicinasinc.com\/sk\/","name":"Medicinas Inc","description":"Health Medical Clinic","potentialAction":[{"@type":"SearchAction","target":{"@type":"EntryPoint","urlTemplate":"https:\/\/medicinasinc.com\/sk\/?s={search_term_string}"},"query-input":{"@type":"PropertyValueSpecification","valueRequired":true,"valueName":"search_term_string"}}],"inLanguage":"en-US"}]}},"_links":{"self":[{"href":"https:\/\/medicinasinc.com\/sk\/wp-json\/wp\/v2\/product\/4348","targetHints":{"allow":["GET"]}}],"collection":[{"href":"https:\/\/medicinasinc.com\/sk\/wp-json\/wp\/v2\/product"}],"about":[{"href":"https:\/\/medicinasinc.com\/sk\/wp-json\/wp\/v2\/types\/product"}],"replies":[{"embeddable":true,"href":"https:\/\/medicinasinc.com\/sk\/wp-json\/wp\/v2\/comments?post=4348"}],"wp:featuredmedia":[{"embeddable":true,"href":"https:\/\/medicinasinc.com\/sk\/wp-json\/wp\/v2\/media\/4383"}],"wp:attachment":[{"href":"https:\/\/medicinasinc.com\/sk\/wp-json\/wp\/v2\/media?parent=4348"}],"wp:term":[{"taxonomy":"product_brand","embeddable":true,"href":"https:\/\/medicinasinc.com\/sk\/wp-json\/wp\/v2\/product_brand?post=4348"},{"taxonomy":"product_cat","embeddable":true,"href":"https:\/\/medicinasinc.com\/sk\/wp-json\/wp\/v2\/product_cat?post=4348"},{"taxonomy":"product_tag","embeddable":true,"href":"https:\/\/medicinasinc.com\/sk\/wp-json\/wp\/v2\/product_tag?post=4348"}],"curies":[{"name":"wp","href":"https:\/\/api.w.org\/{rel}","templated":true}]}}