{"id":4343,"date":"2022-02-20T08:27:57","date_gmt":"2022-02-20T08:27:57","guid":{"rendered":"https:\/\/medicinasinc.com\/sk\/?post_type=product&#038;p=4343"},"modified":"2022-03-22T01:25:42","modified_gmt":"2022-03-22T01:25:42","slug":"buy-41-1000mgcbd-250mgthc-tincture-key","status":"publish","type":"product","link":"https:\/\/medicinasinc.com\/sk\/product\/buy-41-1000mgcbd-250mgthc-tincture-key\/","title":{"rendered":"K\u00fapi\u0165 4:1 \u2013 1000mgCBD: 250mgTHC Tinkt\u00fara \u2013 K\u013e\u00fa\u010d"},"content":{"rendered":"<div class=\"woocommerce-tabs wc-tabs-wrapper\">\n<div id=\"tab-description\" class=\"woocommerce-Tabs-panel woocommerce-Tabs-panel--description panel entry-content wc-tab\" role=\"tabpanel\" aria-labelledby=\"tab-title-description\">\n<h1>K\u00fapi\u0165 4:1 \u2013 1000 mg CBD : 250 mg THC Tinkt\u00fara \u2013 Key<\/h1>\n<\/p><\/div><\/div>\n<div class=\"related products\"><\/div>\n","protected":false},"excerpt":{"rendered":"<p>K\u00fapi\u0165 4:1 &#8211; 1000mgCBD : 250mgTHC Tinkt\u00fara &#8211; K\u013e\u00fa\u010d na predaj Spojen\u00e9 kr\u00e1\u013eovstvo, Eur\u00f3pa online Kanada z najv\u00e4\u010d\u0161ej online v\u00fddajne, Buy My Weed Online.<\/p>\n<ul>\n<li>Celosvetov\u00e1 doprava<\/li>\n<li>Minim\u00e1lne mno\u017estvo objedn\u00e1vky je 5<\/li>\n<li> <strong>Kontaktujte n\u00e1s<\/strong>\u00a0pre v\u00e4\u010d\u0161ie objedn\u00e1vky<\/li>\n<\/ul>\n","protected":false},"featured_media":4377,"comment_status":"open","ping_status":"closed","template":"","meta":[],"product_brand":[],"product_cat":[440],"product_tag":[],"class_list":{"0":"post-4343","1":"product","2":"type-product","3":"status-publish","4":"has-post-thumbnail","6":"product_cat-kpi-konope-cbd-olej","8":"first","9":"instock","10":"shipping-taxable","11":"purchasable","12":"product-type-variable","13":"has-default-attributes"},"yoast_head":"<!-- This site is optimized with the Yoast SEO plugin v27.3 - https:\/\/yoast.com\/product\/yoast-seo-wordpress\/ -->\n<title>K\u00fapi\u0165 4:1 \u2013 1000mgCBD: 250mgTHC Tinkt\u00fara \u2013 K\u013e\u00fa\u010d \u2013 Najlep\u0161ie glob\u00e1lne lieky<\/title>\n<meta name=\"description\" content=\"Tinktura 4:1 - 1000 mg CBD : 250 mg THC - K\u013e\u00fa\u010d na predaj Ve\u013ek\u00e1 Brit\u00e1nia, Eur\u00f3pa online Kanada od najv\u00e4\u010d\u0161ej online v\u00fddajne, K\u00fapi\u0165 moju tr\u00e1vu online.\" \/>\n<meta name=\"robots\" content=\"index, follow, max-snippet:-1, max-image-preview:large, max-video-preview:-1\" \/>\n<link rel=\"canonical\" href=\"https:\/\/medicinasinc.com\/sk\/product\/buy-41-1000mgcbd-250mgthc-tincture-key\/\" \/>\n<meta property=\"og:locale\" content=\"en_US\" \/>\n<meta property=\"og:type\" content=\"article\" \/>\n<meta property=\"og:title\" content=\"K\u00fapi\u0165 4:1 \u2013 1000mgCBD: 250mgTHC Tinkt\u00fara \u2013 K\u013e\u00fa\u010d \u2013 Najlep\u0161ie glob\u00e1lne lieky\" \/>\n<meta property=\"og:description\" content=\"Tinktura 4:1 - 1000 mg CBD : 250 mg THC - K\u013e\u00fa\u010d na predaj Ve\u013ek\u00e1 Brit\u00e1nia, Eur\u00f3pa online Kanada od najv\u00e4\u010d\u0161ej online v\u00fddajne, K\u00fapi\u0165 moju tr\u00e1vu online.\" \/>\n<meta property=\"og:url\" content=\"https:\/\/medicinasinc.com\/sk\/product\/buy-41-1000mgcbd-250mgthc-tincture-key\/\" \/>\n<meta property=\"og:site_name\" content=\"Medicinas Inc\" \/>\n<meta property=\"article:modified_time\" content=\"2022-03-22T01:25:42+00:00\" \/>\n<meta property=\"og:image\" content=\"https:\/\/medicinasinc.com\/sk\/wp-content\/uploads\/sites\/10\/2022\/02\/250mgTHC-Tincture-\u2013-Keey.png\" \/>\n\t<meta property=\"og:image:width\" content=\"972\" \/>\n\t<meta property=\"og:image:height\" content=\"972\" \/>\n\t<meta property=\"og:image:type\" content=\"image\/png\" \/>\n<meta name=\"twitter:card\" content=\"summary_large_image\" \/>\n<meta name=\"twitter:label1\" content=\"Est. reading time\" \/>\n\t<meta name=\"twitter:data1\" content=\"1 minute\" \/>\n<script type=\"application\/ld+json\" class=\"yoast-schema-graph\">{\"@context\":\"https:\\\/\\\/schema.org\",\"@graph\":[{\"@type\":\"WebPage\",\"@id\":\"https:\\\/\\\/medicinasinc.com\\\/sk\\\/product\\\/buy-41-1000mgcbd-250mgthc-tincture-key\\\/\",\"url\":\"https:\\\/\\\/medicinasinc.com\\\/sk\\\/product\\\/buy-41-1000mgcbd-250mgthc-tincture-key\\\/\",\"name\":\"K\u00fapi\u0165 4:1 \u2013 1000mgCBD: 250mgTHC Tinkt\u00fara \u2013 K\u013e\u00fa\u010d \u2013 Najlep\u0161ie glob\u00e1lne lieky\",\"isPartOf\":{\"@id\":\"https:\\\/\\\/medicinasinc.com\\\/sk\\\/#website\"},\"primaryImageOfPage\":{\"@id\":\"https:\\\/\\\/medicinasinc.com\\\/sk\\\/product\\\/buy-41-1000mgcbd-250mgthc-tincture-key\\\/#primaryimage\"},\"image\":{\"@id\":\"https:\\\/\\\/medicinasinc.com\\\/sk\\\/product\\\/buy-41-1000mgcbd-250mgthc-tincture-key\\\/#primaryimage\"},\"thumbnailUrl\":\"https:\\\/\\\/medicinasinc.com\\\/sk\\\/wp-content\\\/uploads\\\/sites\\\/10\\\/2022\\\/02\\\/250mgTHC-Tincture-\u2013-Keey.png\",\"datePublished\":\"2022-02-20T08:27:57+00:00\",\"dateModified\":\"2022-03-22T01:25:42+00:00\",\"description\":\"Tinktura 4:1 - 1000 mg CBD : 250 mg THC - K\u013e\u00fa\u010d na predaj Ve\u013ek\u00e1 Brit\u00e1nia, Eur\u00f3pa online Kanada od najv\u00e4\u010d\u0161ej online v\u00fddajne, K\u00fapi\u0165 moju tr\u00e1vu online.\",\"breadcrumb\":{\"@id\":\"https:\\\/\\\/medicinasinc.com\\\/sk\\\/product\\\/buy-41-1000mgcbd-250mgthc-tincture-key\\\/#breadcrumb\"},\"inLanguage\":\"en-US\",\"potentialAction\":[{\"@type\":\"ReadAction\",\"target\":[\"https:\\\/\\\/medicinasinc.com\\\/sk\\\/product\\\/buy-41-1000mgcbd-250mgthc-tincture-key\\\/\"]}]},{\"@type\":\"ImageObject\",\"inLanguage\":\"en-US\",\"@id\":\"https:\\\/\\\/medicinasinc.com\\\/sk\\\/product\\\/buy-41-1000mgcbd-250mgthc-tincture-key\\\/#primaryimage\",\"url\":\"https:\\\/\\\/medicinasinc.com\\\/sk\\\/wp-content\\\/uploads\\\/sites\\\/10\\\/2022\\\/02\\\/250mgTHC-Tincture-\u2013-Keey.png\",\"contentUrl\":\"https:\\\/\\\/medicinasinc.com\\\/sk\\\/wp-content\\\/uploads\\\/sites\\\/10\\\/2022\\\/02\\\/250mgTHC-Tincture-\u2013-Keey.png\",\"width\":972,\"height\":972},{\"@type\":\"BreadcrumbList\",\"@id\":\"https:\\\/\\\/medicinasinc.com\\\/sk\\\/product\\\/buy-41-1000mgcbd-250mgthc-tincture-key\\\/#breadcrumb\",\"itemListElement\":[{\"@type\":\"ListItem\",\"position\":1,\"name\":\"Obchod\",\"item\":\"https:\\\/\\\/medicinasinc.com\\\/sk\\\/obchod\\\/\"},{\"@type\":\"ListItem\",\"position\":2,\"name\":\"K\u00fapi\u0165 4:1 \u2013 1000mgCBD: 250mgTHC Tinkt\u00fara \u2013 K\u013e\u00fa\u010d\"}]},{\"@type\":\"WebSite\",\"@id\":\"https:\\\/\\\/medicinasinc.com\\\/sk\\\/#website\",\"url\":\"https:\\\/\\\/medicinasinc.com\\\/sk\\\/\",\"name\":\"Medicinas Inc\",\"description\":\"Health Medical Clinic\",\"potentialAction\":[{\"@type\":\"SearchAction\",\"target\":{\"@type\":\"EntryPoint\",\"urlTemplate\":\"https:\\\/\\\/medicinasinc.com\\\/sk\\\/?s={search_term_string}\"},\"query-input\":{\"@type\":\"PropertyValueSpecification\",\"valueRequired\":true,\"valueName\":\"search_term_string\"}}],\"inLanguage\":\"en-US\"}]}<\/script>\n<!-- \/ Yoast SEO plugin. -->","yoast_head_json":{"title":"K\u00fapi\u0165 4:1 \u2013 1000mgCBD: 250mgTHC Tinkt\u00fara \u2013 K\u013e\u00fa\u010d \u2013 Najlep\u0161ie glob\u00e1lne lieky","description":"Tinktura 4:1 - 1000 mg CBD : 250 mg THC - K\u013e\u00fa\u010d na predaj Ve\u013ek\u00e1 Brit\u00e1nia, Eur\u00f3pa online Kanada od najv\u00e4\u010d\u0161ej online v\u00fddajne, K\u00fapi\u0165 moju tr\u00e1vu online.","robots":{"index":"index","follow":"follow","max-snippet":"max-snippet:-1","max-image-preview":"max-image-preview:large","max-video-preview":"max-video-preview:-1"},"canonical":"https:\/\/medicinasinc.com\/sk\/product\/buy-41-1000mgcbd-250mgthc-tincture-key\/","og_locale":"en_US","og_type":"article","og_title":"K\u00fapi\u0165 4:1 \u2013 1000mgCBD: 250mgTHC Tinkt\u00fara \u2013 K\u013e\u00fa\u010d \u2013 Najlep\u0161ie glob\u00e1lne lieky","og_description":"Tinktura 4:1 - 1000 mg CBD : 250 mg THC - K\u013e\u00fa\u010d na predaj Ve\u013ek\u00e1 Brit\u00e1nia, Eur\u00f3pa online Kanada od najv\u00e4\u010d\u0161ej online v\u00fddajne, K\u00fapi\u0165 moju tr\u00e1vu online.","og_url":"https:\/\/medicinasinc.com\/sk\/product\/buy-41-1000mgcbd-250mgthc-tincture-key\/","og_site_name":"Medicinas Inc","article_modified_time":"2022-03-22T01:25:42+00:00","og_image":[{"width":972,"height":972,"url":"https:\/\/medicinasinc.com\/sk\/wp-content\/uploads\/sites\/10\/2022\/02\/250mgTHC-Tincture-\u2013-Keey.png","type":"image\/png"}],"twitter_card":"summary_large_image","twitter_misc":{"Est. reading time":"1 minute"},"schema":{"@context":"https:\/\/schema.org","@graph":[{"@type":"WebPage","@id":"https:\/\/medicinasinc.com\/sk\/product\/buy-41-1000mgcbd-250mgthc-tincture-key\/","url":"https:\/\/medicinasinc.com\/sk\/product\/buy-41-1000mgcbd-250mgthc-tincture-key\/","name":"K\u00fapi\u0165 4:1 \u2013 1000mgCBD: 250mgTHC Tinkt\u00fara \u2013 K\u013e\u00fa\u010d \u2013 Najlep\u0161ie glob\u00e1lne lieky","isPartOf":{"@id":"https:\/\/medicinasinc.com\/sk\/#website"},"primaryImageOfPage":{"@id":"https:\/\/medicinasinc.com\/sk\/product\/buy-41-1000mgcbd-250mgthc-tincture-key\/#primaryimage"},"image":{"@id":"https:\/\/medicinasinc.com\/sk\/product\/buy-41-1000mgcbd-250mgthc-tincture-key\/#primaryimage"},"thumbnailUrl":"https:\/\/medicinasinc.com\/sk\/wp-content\/uploads\/sites\/10\/2022\/02\/250mgTHC-Tincture-\u2013-Keey.png","datePublished":"2022-02-20T08:27:57+00:00","dateModified":"2022-03-22T01:25:42+00:00","description":"Tinktura 4:1 - 1000 mg CBD : 250 mg THC - K\u013e\u00fa\u010d na predaj Ve\u013ek\u00e1 Brit\u00e1nia, Eur\u00f3pa online Kanada od najv\u00e4\u010d\u0161ej online v\u00fddajne, K\u00fapi\u0165 moju tr\u00e1vu online.","breadcrumb":{"@id":"https:\/\/medicinasinc.com\/sk\/product\/buy-41-1000mgcbd-250mgthc-tincture-key\/#breadcrumb"},"inLanguage":"en-US","potentialAction":[{"@type":"ReadAction","target":["https:\/\/medicinasinc.com\/sk\/product\/buy-41-1000mgcbd-250mgthc-tincture-key\/"]}]},{"@type":"ImageObject","inLanguage":"en-US","@id":"https:\/\/medicinasinc.com\/sk\/product\/buy-41-1000mgcbd-250mgthc-tincture-key\/#primaryimage","url":"https:\/\/medicinasinc.com\/sk\/wp-content\/uploads\/sites\/10\/2022\/02\/250mgTHC-Tincture-\u2013-Keey.png","contentUrl":"https:\/\/medicinasinc.com\/sk\/wp-content\/uploads\/sites\/10\/2022\/02\/250mgTHC-Tincture-\u2013-Keey.png","width":972,"height":972},{"@type":"BreadcrumbList","@id":"https:\/\/medicinasinc.com\/sk\/product\/buy-41-1000mgcbd-250mgthc-tincture-key\/#breadcrumb","itemListElement":[{"@type":"ListItem","position":1,"name":"Obchod","item":"https:\/\/medicinasinc.com\/sk\/obchod\/"},{"@type":"ListItem","position":2,"name":"K\u00fapi\u0165 4:1 \u2013 1000mgCBD: 250mgTHC Tinkt\u00fara \u2013 K\u013e\u00fa\u010d"}]},{"@type":"WebSite","@id":"https:\/\/medicinasinc.com\/sk\/#website","url":"https:\/\/medicinasinc.com\/sk\/","name":"Medicinas Inc","description":"Health Medical Clinic","potentialAction":[{"@type":"SearchAction","target":{"@type":"EntryPoint","urlTemplate":"https:\/\/medicinasinc.com\/sk\/?s={search_term_string}"},"query-input":{"@type":"PropertyValueSpecification","valueRequired":true,"valueName":"search_term_string"}}],"inLanguage":"en-US"}]}},"_links":{"self":[{"href":"https:\/\/medicinasinc.com\/sk\/wp-json\/wp\/v2\/product\/4343","targetHints":{"allow":["GET"]}}],"collection":[{"href":"https:\/\/medicinasinc.com\/sk\/wp-json\/wp\/v2\/product"}],"about":[{"href":"https:\/\/medicinasinc.com\/sk\/wp-json\/wp\/v2\/types\/product"}],"replies":[{"embeddable":true,"href":"https:\/\/medicinasinc.com\/sk\/wp-json\/wp\/v2\/comments?post=4343"}],"wp:featuredmedia":[{"embeddable":true,"href":"https:\/\/medicinasinc.com\/sk\/wp-json\/wp\/v2\/media\/4377"}],"wp:attachment":[{"href":"https:\/\/medicinasinc.com\/sk\/wp-json\/wp\/v2\/media?parent=4343"}],"wp:term":[{"taxonomy":"product_brand","embeddable":true,"href":"https:\/\/medicinasinc.com\/sk\/wp-json\/wp\/v2\/product_brand?post=4343"},{"taxonomy":"product_cat","embeddable":true,"href":"https:\/\/medicinasinc.com\/sk\/wp-json\/wp\/v2\/product_cat?post=4343"},{"taxonomy":"product_tag","embeddable":true,"href":"https:\/\/medicinasinc.com\/sk\/wp-json\/wp\/v2\/product_tag?post=4343"}],"curies":[{"name":"wp","href":"https:\/\/api.w.org\/{rel}","templated":true}]}}