{"id":4338,"date":"2022-02-20T08:27:22","date_gmt":"2022-02-20T08:27:22","guid":{"rendered":"https:\/\/medicinasinc.com\/sk\/?post_type=product&#038;p=4338"},"modified":"2022-03-22T01:25:51","modified_gmt":"2022-03-22T01:25:51","slug":"kupit-250mg-thc-hmla-sprej-10ml-jednoducho","status":"publish","type":"product","link":"https:\/\/medicinasinc.com\/sk\/product\/kupit-250mg-thc-hmla-sprej-10ml-jednoducho\/","title":{"rendered":"K\u00fapte si 250mg THC Mist Spray 10ml \u2013 jednoduchos\u0165"},"content":{"rendered":"<p>K\u00fapi\u0165 10 ml 250 mg THC Mist Spray \u2013 Ease<\/p>\n<p>S na\u0161\u00edm lahodn\u00fdm dychov\u00fdm sprejom s inf\u00faziou kanabisu, Ease sublingv\u00e1lny sprej pozdvihuje tradi\u010dn\u00fd koncept tinkt\u00fary na \u00faplne nov\u00fa \u00farove\u0148. Easy Spray v\u00e1m umo\u017e\u0148uje d\u00e1vkova\u0165 pod\u013ea potreby, bez oh\u013eadu na miesto, bez strachu zo stigmy tradi\u010dne sp\u00e1janej s v\u00e4\u010d\u0161inou kanabisov\u00fdch produktov. Ease Spray obsahuje neuverite\u013en\u00fdch 5 mg lieku na jeden vstrek, \u010do v\u00e1m umo\u017e\u0148uje presne pod\u00e1va\u0165 lieky na \u00farove\u0148, ktor\u00e1 vyhovuje va\u0161im potreb\u00e1m. Spreje Ease neobsahuj\u00fa alkohol, rozp\u00fa\u0161\u0165adl\u00e1 ani petrochemick\u00e9 l\u00e1tky vo svojom \u00faplne pr\u00edrodnom zlo\u017een\u00ed kokosov\u00fdch extraktov, terp\u00e9nov a extraktov z kanabisu.<\/p>\n<p>Tento produkt zjednodu\u0161uje lie\u010dbu na cest\u00e1ch! S \u00faplne nov\u00fdm zariaden\u00edm Easy Shake n Spray Extra Strength!<\/p>\n<p>D\u00c1VKOVANIE PRE SUBJAZYKOV\u00c9 F\u013dA\u0160E S SPREJOM<\/p>\n<p>250 \u200b\u200bmg THC v 10 ml sklenenej f\u013ea\u0161i<\/p>\n<p>Ka\u017ed\u00e1 f\u013ea\u0161a obsahuje 50 -60 vstrekov.<\/p>\n","protected":false},"excerpt":{"rendered":"<p>K\u00fapte si 250mg THC Mist Spray UK 10ml na predaj Europe Online. Ease Spray v\u00e1m d\u00e1va slobodu d\u00e1vkova\u0165 pod\u013ea potreby kdeko\u013evek sa nach\u00e1dzate, bez toho, aby ste sa museli ob\u00e1va\u0165 tradi\u010dnej stigmy<\/p>\n<ul>\n<li>Celosvetov\u00e1 doprava<\/li>\n<li>EXTRA SILN\u00dd THC HMLOV\u00dd SPREJ<\/li>\n<li>10 ml sklenen\u00e1 f\u013ea\u0161a 250 mg THC<\/li>\n<li>Minim\u00e1lne mno\u017estvo objedn\u00e1vky je 5<\/li>\n<li><strong>Kontaktujte n\u00e1s<\/strong>\u00a0pre v\u00e4\u010d\u0161ie objedn\u00e1vky<\/li>\n<\/ul>\n","protected":false},"featured_media":4371,"comment_status":"open","ping_status":"closed","template":"","meta":[],"product_brand":[],"product_cat":[440],"product_tag":[],"class_list":{"0":"post-4338","1":"product","2":"type-product","3":"status-publish","4":"has-post-thumbnail","6":"product_cat-kpi-konope-cbd-olej","8":"first","9":"instock","10":"shipping-taxable","11":"purchasable","12":"product-type-variable","13":"has-default-attributes"},"yoast_head":"<!-- This site is optimized with the Yoast SEO plugin v27.3 - https:\/\/yoast.com\/product\/yoast-seo-wordpress\/ -->\n<title>K\u00fapi\u0165 250mg THC Mist Spray 10ml \u2013 Jednoduchos\u0165 \u2013 Najlep\u0161ie glob\u00e1lne lieky<\/title>\n<meta name=\"description\" content=\"K\u00fapte si 250 mg THC Mist Spray UK 10 ml na predaj v Eur\u00f3pe online. Ease Spray v\u00e1m d\u00e1va slobodu d\u00e1vkova\u0165 pod\u013ea potreby kdeko\u013evek sa nach\u00e1dzate, bez toho, aby ste sa tradi\u010dne museli ob\u00e1va\u0165 stigmy\" \/>\n<meta name=\"robots\" content=\"index, follow, max-snippet:-1, max-image-preview:large, max-video-preview:-1\" \/>\n<link rel=\"canonical\" href=\"https:\/\/medicinasinc.com\/sk\/product\/kupit-250mg-thc-hmla-sprej-10ml-jednoducho\/\" \/>\n<meta property=\"og:locale\" content=\"en_US\" \/>\n<meta property=\"og:type\" content=\"article\" \/>\n<meta property=\"og:title\" content=\"K\u00fapi\u0165 250mg THC Mist Spray 10ml \u2013 Jednoduchos\u0165 \u2013 Najlep\u0161ie glob\u00e1lne lieky\" \/>\n<meta property=\"og:description\" content=\"K\u00fapte si 250 mg THC Mist Spray UK 10 ml na predaj v Eur\u00f3pe online. Ease Spray v\u00e1m d\u00e1va slobodu d\u00e1vkova\u0165 pod\u013ea potreby kdeko\u013evek sa nach\u00e1dzate, bez toho, aby ste sa tradi\u010dne museli ob\u00e1va\u0165 stigmy\" \/>\n<meta property=\"og:url\" content=\"https:\/\/medicinasinc.com\/sk\/product\/kupit-250mg-thc-hmla-sprej-10ml-jednoducho\/\" \/>\n<meta property=\"og:site_name\" content=\"Medicinas Inc\" \/>\n<meta property=\"article:modified_time\" content=\"2022-03-22T01:25:51+00:00\" \/>\n<meta property=\"og:image\" content=\"https:\/\/medicinasinc.com\/sk\/wp-content\/uploads\/sites\/10\/2022\/02\/Buy-250mg-THC-Mist-Spray-10ml.jpg\" \/>\n\t<meta property=\"og:image:width\" content=\"1500\" \/>\n\t<meta property=\"og:image:height\" content=\"1500\" \/>\n\t<meta property=\"og:image:type\" content=\"image\/jpeg\" \/>\n<meta name=\"twitter:card\" content=\"summary_large_image\" \/>\n<meta name=\"twitter:label1\" content=\"Est. reading time\" \/>\n\t<meta name=\"twitter:data1\" content=\"1 minute\" \/>\n<script type=\"application\/ld+json\" class=\"yoast-schema-graph\">{\"@context\":\"https:\\\/\\\/schema.org\",\"@graph\":[{\"@type\":\"WebPage\",\"@id\":\"https:\\\/\\\/medicinasinc.com\\\/sk\\\/product\\\/kupit-250mg-thc-hmla-sprej-10ml-jednoducho\\\/\",\"url\":\"https:\\\/\\\/medicinasinc.com\\\/sk\\\/product\\\/kupit-250mg-thc-hmla-sprej-10ml-jednoducho\\\/\",\"name\":\"K\u00fapi\u0165 250mg THC Mist Spray 10ml \u2013 Jednoduchos\u0165 \u2013 Najlep\u0161ie glob\u00e1lne lieky\",\"isPartOf\":{\"@id\":\"https:\\\/\\\/medicinasinc.com\\\/sk\\\/#website\"},\"primaryImageOfPage\":{\"@id\":\"https:\\\/\\\/medicinasinc.com\\\/sk\\\/product\\\/kupit-250mg-thc-hmla-sprej-10ml-jednoducho\\\/#primaryimage\"},\"image\":{\"@id\":\"https:\\\/\\\/medicinasinc.com\\\/sk\\\/product\\\/kupit-250mg-thc-hmla-sprej-10ml-jednoducho\\\/#primaryimage\"},\"thumbnailUrl\":\"https:\\\/\\\/medicinasinc.com\\\/sk\\\/wp-content\\\/uploads\\\/sites\\\/10\\\/2022\\\/02\\\/Buy-250mg-THC-Mist-Spray-10ml.jpg\",\"datePublished\":\"2022-02-20T08:27:22+00:00\",\"dateModified\":\"2022-03-22T01:25:51+00:00\",\"description\":\"K\u00fapte si 250 mg THC Mist Spray UK 10 ml na predaj v Eur\u00f3pe online. Ease Spray v\u00e1m d\u00e1va slobodu d\u00e1vkova\u0165 pod\u013ea potreby kdeko\u013evek sa nach\u00e1dzate, bez toho, aby ste sa tradi\u010dne museli ob\u00e1va\u0165 stigmy\",\"breadcrumb\":{\"@id\":\"https:\\\/\\\/medicinasinc.com\\\/sk\\\/product\\\/kupit-250mg-thc-hmla-sprej-10ml-jednoducho\\\/#breadcrumb\"},\"inLanguage\":\"en-US\",\"potentialAction\":[{\"@type\":\"ReadAction\",\"target\":[\"https:\\\/\\\/medicinasinc.com\\\/sk\\\/product\\\/kupit-250mg-thc-hmla-sprej-10ml-jednoducho\\\/\"]}]},{\"@type\":\"ImageObject\",\"inLanguage\":\"en-US\",\"@id\":\"https:\\\/\\\/medicinasinc.com\\\/sk\\\/product\\\/kupit-250mg-thc-hmla-sprej-10ml-jednoducho\\\/#primaryimage\",\"url\":\"https:\\\/\\\/medicinasinc.com\\\/sk\\\/wp-content\\\/uploads\\\/sites\\\/10\\\/2022\\\/02\\\/Buy-250mg-THC-Mist-Spray-10ml.jpg\",\"contentUrl\":\"https:\\\/\\\/medicinasinc.com\\\/sk\\\/wp-content\\\/uploads\\\/sites\\\/10\\\/2022\\\/02\\\/Buy-250mg-THC-Mist-Spray-10ml.jpg\",\"width\":1500,\"height\":1500},{\"@type\":\"BreadcrumbList\",\"@id\":\"https:\\\/\\\/medicinasinc.com\\\/sk\\\/product\\\/kupit-250mg-thc-hmla-sprej-10ml-jednoducho\\\/#breadcrumb\",\"itemListElement\":[{\"@type\":\"ListItem\",\"position\":1,\"name\":\"Obchod\",\"item\":\"https:\\\/\\\/medicinasinc.com\\\/sk\\\/obchod\\\/\"},{\"@type\":\"ListItem\",\"position\":2,\"name\":\"K\u00fapte si 250mg THC Mist Spray 10ml \u2013 jednoduchos\u0165\"}]},{\"@type\":\"WebSite\",\"@id\":\"https:\\\/\\\/medicinasinc.com\\\/sk\\\/#website\",\"url\":\"https:\\\/\\\/medicinasinc.com\\\/sk\\\/\",\"name\":\"Medicinas Inc\",\"description\":\"Health Medical Clinic\",\"potentialAction\":[{\"@type\":\"SearchAction\",\"target\":{\"@type\":\"EntryPoint\",\"urlTemplate\":\"https:\\\/\\\/medicinasinc.com\\\/sk\\\/?s={search_term_string}\"},\"query-input\":{\"@type\":\"PropertyValueSpecification\",\"valueRequired\":true,\"valueName\":\"search_term_string\"}}],\"inLanguage\":\"en-US\"}]}<\/script>\n<!-- \/ Yoast SEO plugin. -->","yoast_head_json":{"title":"K\u00fapi\u0165 250mg THC Mist Spray 10ml \u2013 Jednoduchos\u0165 \u2013 Najlep\u0161ie glob\u00e1lne lieky","description":"K\u00fapte si 250 mg THC Mist Spray UK 10 ml na predaj v Eur\u00f3pe online. Ease Spray v\u00e1m d\u00e1va slobodu d\u00e1vkova\u0165 pod\u013ea potreby kdeko\u013evek sa nach\u00e1dzate, bez toho, aby ste sa tradi\u010dne museli ob\u00e1va\u0165 stigmy","robots":{"index":"index","follow":"follow","max-snippet":"max-snippet:-1","max-image-preview":"max-image-preview:large","max-video-preview":"max-video-preview:-1"},"canonical":"https:\/\/medicinasinc.com\/sk\/product\/kupit-250mg-thc-hmla-sprej-10ml-jednoducho\/","og_locale":"en_US","og_type":"article","og_title":"K\u00fapi\u0165 250mg THC Mist Spray 10ml \u2013 Jednoduchos\u0165 \u2013 Najlep\u0161ie glob\u00e1lne lieky","og_description":"K\u00fapte si 250 mg THC Mist Spray UK 10 ml na predaj v Eur\u00f3pe online. Ease Spray v\u00e1m d\u00e1va slobodu d\u00e1vkova\u0165 pod\u013ea potreby kdeko\u013evek sa nach\u00e1dzate, bez toho, aby ste sa tradi\u010dne museli ob\u00e1va\u0165 stigmy","og_url":"https:\/\/medicinasinc.com\/sk\/product\/kupit-250mg-thc-hmla-sprej-10ml-jednoducho\/","og_site_name":"Medicinas Inc","article_modified_time":"2022-03-22T01:25:51+00:00","og_image":[{"width":1500,"height":1500,"url":"https:\/\/medicinasinc.com\/sk\/wp-content\/uploads\/sites\/10\/2022\/02\/Buy-250mg-THC-Mist-Spray-10ml.jpg","type":"image\/jpeg"}],"twitter_card":"summary_large_image","twitter_misc":{"Est. reading time":"1 minute"},"schema":{"@context":"https:\/\/schema.org","@graph":[{"@type":"WebPage","@id":"https:\/\/medicinasinc.com\/sk\/product\/kupit-250mg-thc-hmla-sprej-10ml-jednoducho\/","url":"https:\/\/medicinasinc.com\/sk\/product\/kupit-250mg-thc-hmla-sprej-10ml-jednoducho\/","name":"K\u00fapi\u0165 250mg THC Mist Spray 10ml \u2013 Jednoduchos\u0165 \u2013 Najlep\u0161ie glob\u00e1lne lieky","isPartOf":{"@id":"https:\/\/medicinasinc.com\/sk\/#website"},"primaryImageOfPage":{"@id":"https:\/\/medicinasinc.com\/sk\/product\/kupit-250mg-thc-hmla-sprej-10ml-jednoducho\/#primaryimage"},"image":{"@id":"https:\/\/medicinasinc.com\/sk\/product\/kupit-250mg-thc-hmla-sprej-10ml-jednoducho\/#primaryimage"},"thumbnailUrl":"https:\/\/medicinasinc.com\/sk\/wp-content\/uploads\/sites\/10\/2022\/02\/Buy-250mg-THC-Mist-Spray-10ml.jpg","datePublished":"2022-02-20T08:27:22+00:00","dateModified":"2022-03-22T01:25:51+00:00","description":"K\u00fapte si 250 mg THC Mist Spray UK 10 ml na predaj v Eur\u00f3pe online. Ease Spray v\u00e1m d\u00e1va slobodu d\u00e1vkova\u0165 pod\u013ea potreby kdeko\u013evek sa nach\u00e1dzate, bez toho, aby ste sa tradi\u010dne museli ob\u00e1va\u0165 stigmy","breadcrumb":{"@id":"https:\/\/medicinasinc.com\/sk\/product\/kupit-250mg-thc-hmla-sprej-10ml-jednoducho\/#breadcrumb"},"inLanguage":"en-US","potentialAction":[{"@type":"ReadAction","target":["https:\/\/medicinasinc.com\/sk\/product\/kupit-250mg-thc-hmla-sprej-10ml-jednoducho\/"]}]},{"@type":"ImageObject","inLanguage":"en-US","@id":"https:\/\/medicinasinc.com\/sk\/product\/kupit-250mg-thc-hmla-sprej-10ml-jednoducho\/#primaryimage","url":"https:\/\/medicinasinc.com\/sk\/wp-content\/uploads\/sites\/10\/2022\/02\/Buy-250mg-THC-Mist-Spray-10ml.jpg","contentUrl":"https:\/\/medicinasinc.com\/sk\/wp-content\/uploads\/sites\/10\/2022\/02\/Buy-250mg-THC-Mist-Spray-10ml.jpg","width":1500,"height":1500},{"@type":"BreadcrumbList","@id":"https:\/\/medicinasinc.com\/sk\/product\/kupit-250mg-thc-hmla-sprej-10ml-jednoducho\/#breadcrumb","itemListElement":[{"@type":"ListItem","position":1,"name":"Obchod","item":"https:\/\/medicinasinc.com\/sk\/obchod\/"},{"@type":"ListItem","position":2,"name":"K\u00fapte si 250mg THC Mist Spray 10ml \u2013 jednoduchos\u0165"}]},{"@type":"WebSite","@id":"https:\/\/medicinasinc.com\/sk\/#website","url":"https:\/\/medicinasinc.com\/sk\/","name":"Medicinas Inc","description":"Health Medical Clinic","potentialAction":[{"@type":"SearchAction","target":{"@type":"EntryPoint","urlTemplate":"https:\/\/medicinasinc.com\/sk\/?s={search_term_string}"},"query-input":{"@type":"PropertyValueSpecification","valueRequired":true,"valueName":"search_term_string"}}],"inLanguage":"en-US"}]}},"_links":{"self":[{"href":"https:\/\/medicinasinc.com\/sk\/wp-json\/wp\/v2\/product\/4338","targetHints":{"allow":["GET"]}}],"collection":[{"href":"https:\/\/medicinasinc.com\/sk\/wp-json\/wp\/v2\/product"}],"about":[{"href":"https:\/\/medicinasinc.com\/sk\/wp-json\/wp\/v2\/types\/product"}],"replies":[{"embeddable":true,"href":"https:\/\/medicinasinc.com\/sk\/wp-json\/wp\/v2\/comments?post=4338"}],"wp:featuredmedia":[{"embeddable":true,"href":"https:\/\/medicinasinc.com\/sk\/wp-json\/wp\/v2\/media\/4371"}],"wp:attachment":[{"href":"https:\/\/medicinasinc.com\/sk\/wp-json\/wp\/v2\/media?parent=4338"}],"wp:term":[{"taxonomy":"product_brand","embeddable":true,"href":"https:\/\/medicinasinc.com\/sk\/wp-json\/wp\/v2\/product_brand?post=4338"},{"taxonomy":"product_cat","embeddable":true,"href":"https:\/\/medicinasinc.com\/sk\/wp-json\/wp\/v2\/product_cat?post=4338"},{"taxonomy":"product_tag","embeddable":true,"href":"https:\/\/medicinasinc.com\/sk\/wp-json\/wp\/v2\/product_tag?post=4338"}],"curies":[{"name":"wp","href":"https:\/\/api.w.org\/{rel}","templated":true}]}}