{"id":4333,"date":"2022-02-20T08:26:46","date_gmt":"2022-02-20T08:26:46","guid":{"rendered":"https:\/\/medicinasinc.com\/sk\/?post_type=product&#038;p=4333"},"modified":"2022-03-22T01:25:59","modified_gmt":"2022-03-22T01:25:59","slug":"kupit-100mg-thc-konopne-olejove-kapsuly","status":"publish","type":"product","link":"https:\/\/medicinasinc.com\/sk\/product\/kupit-100mg-thc-konopne-olejove-kapsuly\/","title":{"rendered":"K\u00fapte si kapsuly 100mg THC konopn\u00e9ho oleja"},"content":{"rendered":"<p>K\u00fapte si kapsuly s konopn\u00fdm olejom 100 mg THC<\/p>\n<p>Na odl\u00ed\u0161enie t\u00fdchto kaps\u00fal od \u0161iroko dostupn\u00fdch, ale menej kvalitn\u00fdch pr\u00e1\u0161kov\u00fdch kaps\u00fal THC, ka\u017ed\u00e1 kapsula obsahuje 100 mg THC konopn\u00e9ho oleja.<\/p>\n<p>Predan\u00e9 v troch baleniach<\/p>\n<p>Na\u0161e kapsuly s THC olejom poch\u00e1dzaj\u00fa z celej rastliny Cannabis a maj\u00fa v\u00fdnimo\u010dne vysok\u00fd obsah terp\u00e9nov. Tieto kapsuly obsahuj\u00fa naj\u010distej\u0161ie THC a konopn\u00fd olej, ak\u00fd je k dispoz\u00edcii. Konopn\u00fd olej obsahuje omega 6 a omega 3 mastn\u00e9 kyseliny v pomere 3:1, \u010do sp\u013a\u0148a optim\u00e1lne po\u017eiadavky pre dlhodob\u00e9 zdravie. Ka\u017ed\u00e1 \u0161ar\u017ea oleja THC je laborat\u00f3rne testovan\u00e1, aby sa zaistila jej \u010distota a bezpe\u010dnos\u0165.<\/p>\n","protected":false},"excerpt":{"rendered":"<p>K\u00fapte si 100mg THC kapsuly s konopn\u00fdm olejom na predaj, ktor\u00e9 s\u00fa vyroben\u00e9 z celej rastliny Cannabis a s\u00fa bohat\u00e9 na terp\u00e9ny. Tieto kapsuly obsahuj\u00fa THC najvy\u0161\u0161ej kvality a konopn\u00fd olej.<\/p>\n<ul>\n<li>Celosvetov\u00e1 doprava<\/li>\n<li>Ka\u017ed\u00e1 kapsula obsahuje 100 mg THC.<\/li>\n<li>Ka\u017ed\u00e1 f\u013ea\u0161a obsahuje 3 kaps\u00fal.<\/li>\n<li>Minim\u00e1lne mno\u017estvo objedn\u00e1vky je 5<strong><em>\u00a0flia\u0161<\/em><\/strong><\/li>\n<li>Pre v\u00e4\u010d\u0161ie objedn\u00e1vky n\u00e1s kontaktujte<\/li>\n<\/ul>\n","protected":false},"featured_media":4365,"comment_status":"open","ping_status":"closed","template":"","meta":[],"product_brand":[],"product_cat":[440],"product_tag":[],"class_list":{"0":"post-4333","1":"product","2":"type-product","3":"status-publish","4":"has-post-thumbnail","6":"product_cat-kpi-konope-cbd-olej","8":"first","9":"instock","10":"shipping-taxable","11":"purchasable","12":"product-type-variable","13":"has-default-attributes"},"yoast_head":"<!-- This site is optimized with the Yoast SEO plugin v27.3 - https:\/\/yoast.com\/product\/yoast-seo-wordpress\/ -->\n<title>K\u00fapte si kapsuly 100mg THC s konopn\u00fdm olejom \u2013 najlep\u0161ie glob\u00e1lne lieky<\/title>\n<meta name=\"description\" content=\"K\u00fapte si 100mg THC kapsuly s konopn\u00fdm olejom na predaj, ktor\u00e9 s\u00fa vyroben\u00e9 z celej rastliny Cannabis a s\u00fa bohat\u00e9 na terp\u00e9ny. Tieto kapsuly obsahuj\u00fa najkvalitnej\u0161ie THC a konopn\u00fd olej.\" \/>\n<meta name=\"robots\" content=\"index, follow, max-snippet:-1, max-image-preview:large, max-video-preview:-1\" \/>\n<link rel=\"canonical\" href=\"https:\/\/medicinasinc.com\/sk\/product\/kupit-100mg-thc-konopne-olejove-kapsuly\/\" \/>\n<meta property=\"og:locale\" content=\"en_US\" \/>\n<meta property=\"og:type\" content=\"article\" \/>\n<meta property=\"og:title\" content=\"K\u00fapte si kapsuly 100mg THC s konopn\u00fdm olejom \u2013 najlep\u0161ie glob\u00e1lne lieky\" \/>\n<meta property=\"og:description\" content=\"K\u00fapte si 100mg THC kapsuly s konopn\u00fdm olejom na predaj, ktor\u00e9 s\u00fa vyroben\u00e9 z celej rastliny Cannabis a s\u00fa bohat\u00e9 na terp\u00e9ny. Tieto kapsuly obsahuj\u00fa najkvalitnej\u0161ie THC a konopn\u00fd olej.\" \/>\n<meta property=\"og:url\" content=\"https:\/\/medicinasinc.com\/sk\/product\/kupit-100mg-thc-konopne-olejove-kapsuly\/\" \/>\n<meta property=\"og:site_name\" content=\"Medicinas Inc\" \/>\n<meta property=\"article:modified_time\" content=\"2022-03-22T01:25:59+00:00\" \/>\n<meta property=\"og:image\" content=\"https:\/\/medicinasinc.com\/sk\/wp-content\/uploads\/sites\/10\/2022\/02\/Buy-100mg-THC-Hemp-Seed-Oil-Capsules-2.jpg\" \/>\n\t<meta property=\"og:image:width\" content=\"344\" \/>\n\t<meta property=\"og:image:height\" content=\"400\" \/>\n\t<meta property=\"og:image:type\" content=\"image\/jpeg\" \/>\n<meta name=\"twitter:card\" content=\"summary_large_image\" \/>\n<meta name=\"twitter:label1\" content=\"Est. reading time\" \/>\n\t<meta name=\"twitter:data1\" content=\"1 minute\" \/>\n<script type=\"application\/ld+json\" class=\"yoast-schema-graph\">{\"@context\":\"https:\\\/\\\/schema.org\",\"@graph\":[{\"@type\":\"WebPage\",\"@id\":\"https:\\\/\\\/medicinasinc.com\\\/sk\\\/product\\\/kupit-100mg-thc-konopne-olejove-kapsuly\\\/\",\"url\":\"https:\\\/\\\/medicinasinc.com\\\/sk\\\/product\\\/kupit-100mg-thc-konopne-olejove-kapsuly\\\/\",\"name\":\"K\u00fapte si kapsuly 100mg THC s konopn\u00fdm olejom \u2013 najlep\u0161ie glob\u00e1lne lieky\",\"isPartOf\":{\"@id\":\"https:\\\/\\\/medicinasinc.com\\\/sk\\\/#website\"},\"primaryImageOfPage\":{\"@id\":\"https:\\\/\\\/medicinasinc.com\\\/sk\\\/product\\\/kupit-100mg-thc-konopne-olejove-kapsuly\\\/#primaryimage\"},\"image\":{\"@id\":\"https:\\\/\\\/medicinasinc.com\\\/sk\\\/product\\\/kupit-100mg-thc-konopne-olejove-kapsuly\\\/#primaryimage\"},\"thumbnailUrl\":\"https:\\\/\\\/medicinasinc.com\\\/sk\\\/wp-content\\\/uploads\\\/sites\\\/10\\\/2022\\\/02\\\/Buy-100mg-THC-Hemp-Seed-Oil-Capsules-2.jpg\",\"datePublished\":\"2022-02-20T08:26:46+00:00\",\"dateModified\":\"2022-03-22T01:25:59+00:00\",\"description\":\"K\u00fapte si 100mg THC kapsuly s konopn\u00fdm olejom na predaj, ktor\u00e9 s\u00fa vyroben\u00e9 z celej rastliny Cannabis a s\u00fa bohat\u00e9 na terp\u00e9ny. Tieto kapsuly obsahuj\u00fa najkvalitnej\u0161ie THC a konopn\u00fd olej.\",\"breadcrumb\":{\"@id\":\"https:\\\/\\\/medicinasinc.com\\\/sk\\\/product\\\/kupit-100mg-thc-konopne-olejove-kapsuly\\\/#breadcrumb\"},\"inLanguage\":\"en-US\",\"potentialAction\":[{\"@type\":\"ReadAction\",\"target\":[\"https:\\\/\\\/medicinasinc.com\\\/sk\\\/product\\\/kupit-100mg-thc-konopne-olejove-kapsuly\\\/\"]}]},{\"@type\":\"ImageObject\",\"inLanguage\":\"en-US\",\"@id\":\"https:\\\/\\\/medicinasinc.com\\\/sk\\\/product\\\/kupit-100mg-thc-konopne-olejove-kapsuly\\\/#primaryimage\",\"url\":\"https:\\\/\\\/medicinasinc.com\\\/sk\\\/wp-content\\\/uploads\\\/sites\\\/10\\\/2022\\\/02\\\/Buy-100mg-THC-Hemp-Seed-Oil-Capsules-2.jpg\",\"contentUrl\":\"https:\\\/\\\/medicinasinc.com\\\/sk\\\/wp-content\\\/uploads\\\/sites\\\/10\\\/2022\\\/02\\\/Buy-100mg-THC-Hemp-Seed-Oil-Capsules-2.jpg\",\"width\":344,\"height\":400},{\"@type\":\"BreadcrumbList\",\"@id\":\"https:\\\/\\\/medicinasinc.com\\\/sk\\\/product\\\/kupit-100mg-thc-konopne-olejove-kapsuly\\\/#breadcrumb\",\"itemListElement\":[{\"@type\":\"ListItem\",\"position\":1,\"name\":\"Obchod\",\"item\":\"https:\\\/\\\/medicinasinc.com\\\/sk\\\/obchod\\\/\"},{\"@type\":\"ListItem\",\"position\":2,\"name\":\"K\u00fapte si kapsuly 100mg THC konopn\u00e9ho oleja\"}]},{\"@type\":\"WebSite\",\"@id\":\"https:\\\/\\\/medicinasinc.com\\\/sk\\\/#website\",\"url\":\"https:\\\/\\\/medicinasinc.com\\\/sk\\\/\",\"name\":\"Medicinas Inc\",\"description\":\"Health Medical Clinic\",\"potentialAction\":[{\"@type\":\"SearchAction\",\"target\":{\"@type\":\"EntryPoint\",\"urlTemplate\":\"https:\\\/\\\/medicinasinc.com\\\/sk\\\/?s={search_term_string}\"},\"query-input\":{\"@type\":\"PropertyValueSpecification\",\"valueRequired\":true,\"valueName\":\"search_term_string\"}}],\"inLanguage\":\"en-US\"}]}<\/script>\n<!-- \/ Yoast SEO plugin. -->","yoast_head_json":{"title":"K\u00fapte si kapsuly 100mg THC s konopn\u00fdm olejom \u2013 najlep\u0161ie glob\u00e1lne lieky","description":"K\u00fapte si 100mg THC kapsuly s konopn\u00fdm olejom na predaj, ktor\u00e9 s\u00fa vyroben\u00e9 z celej rastliny Cannabis a s\u00fa bohat\u00e9 na terp\u00e9ny. Tieto kapsuly obsahuj\u00fa najkvalitnej\u0161ie THC a konopn\u00fd olej.","robots":{"index":"index","follow":"follow","max-snippet":"max-snippet:-1","max-image-preview":"max-image-preview:large","max-video-preview":"max-video-preview:-1"},"canonical":"https:\/\/medicinasinc.com\/sk\/product\/kupit-100mg-thc-konopne-olejove-kapsuly\/","og_locale":"en_US","og_type":"article","og_title":"K\u00fapte si kapsuly 100mg THC s konopn\u00fdm olejom \u2013 najlep\u0161ie glob\u00e1lne lieky","og_description":"K\u00fapte si 100mg THC kapsuly s konopn\u00fdm olejom na predaj, ktor\u00e9 s\u00fa vyroben\u00e9 z celej rastliny Cannabis a s\u00fa bohat\u00e9 na terp\u00e9ny. Tieto kapsuly obsahuj\u00fa najkvalitnej\u0161ie THC a konopn\u00fd olej.","og_url":"https:\/\/medicinasinc.com\/sk\/product\/kupit-100mg-thc-konopne-olejove-kapsuly\/","og_site_name":"Medicinas Inc","article_modified_time":"2022-03-22T01:25:59+00:00","og_image":[{"width":344,"height":400,"url":"https:\/\/medicinasinc.com\/sk\/wp-content\/uploads\/sites\/10\/2022\/02\/Buy-100mg-THC-Hemp-Seed-Oil-Capsules-2.jpg","type":"image\/jpeg"}],"twitter_card":"summary_large_image","twitter_misc":{"Est. reading time":"1 minute"},"schema":{"@context":"https:\/\/schema.org","@graph":[{"@type":"WebPage","@id":"https:\/\/medicinasinc.com\/sk\/product\/kupit-100mg-thc-konopne-olejove-kapsuly\/","url":"https:\/\/medicinasinc.com\/sk\/product\/kupit-100mg-thc-konopne-olejove-kapsuly\/","name":"K\u00fapte si kapsuly 100mg THC s konopn\u00fdm olejom \u2013 najlep\u0161ie glob\u00e1lne lieky","isPartOf":{"@id":"https:\/\/medicinasinc.com\/sk\/#website"},"primaryImageOfPage":{"@id":"https:\/\/medicinasinc.com\/sk\/product\/kupit-100mg-thc-konopne-olejove-kapsuly\/#primaryimage"},"image":{"@id":"https:\/\/medicinasinc.com\/sk\/product\/kupit-100mg-thc-konopne-olejove-kapsuly\/#primaryimage"},"thumbnailUrl":"https:\/\/medicinasinc.com\/sk\/wp-content\/uploads\/sites\/10\/2022\/02\/Buy-100mg-THC-Hemp-Seed-Oil-Capsules-2.jpg","datePublished":"2022-02-20T08:26:46+00:00","dateModified":"2022-03-22T01:25:59+00:00","description":"K\u00fapte si 100mg THC kapsuly s konopn\u00fdm olejom na predaj, ktor\u00e9 s\u00fa vyroben\u00e9 z celej rastliny Cannabis a s\u00fa bohat\u00e9 na terp\u00e9ny. Tieto kapsuly obsahuj\u00fa najkvalitnej\u0161ie THC a konopn\u00fd olej.","breadcrumb":{"@id":"https:\/\/medicinasinc.com\/sk\/product\/kupit-100mg-thc-konopne-olejove-kapsuly\/#breadcrumb"},"inLanguage":"en-US","potentialAction":[{"@type":"ReadAction","target":["https:\/\/medicinasinc.com\/sk\/product\/kupit-100mg-thc-konopne-olejove-kapsuly\/"]}]},{"@type":"ImageObject","inLanguage":"en-US","@id":"https:\/\/medicinasinc.com\/sk\/product\/kupit-100mg-thc-konopne-olejove-kapsuly\/#primaryimage","url":"https:\/\/medicinasinc.com\/sk\/wp-content\/uploads\/sites\/10\/2022\/02\/Buy-100mg-THC-Hemp-Seed-Oil-Capsules-2.jpg","contentUrl":"https:\/\/medicinasinc.com\/sk\/wp-content\/uploads\/sites\/10\/2022\/02\/Buy-100mg-THC-Hemp-Seed-Oil-Capsules-2.jpg","width":344,"height":400},{"@type":"BreadcrumbList","@id":"https:\/\/medicinasinc.com\/sk\/product\/kupit-100mg-thc-konopne-olejove-kapsuly\/#breadcrumb","itemListElement":[{"@type":"ListItem","position":1,"name":"Obchod","item":"https:\/\/medicinasinc.com\/sk\/obchod\/"},{"@type":"ListItem","position":2,"name":"K\u00fapte si kapsuly 100mg THC konopn\u00e9ho oleja"}]},{"@type":"WebSite","@id":"https:\/\/medicinasinc.com\/sk\/#website","url":"https:\/\/medicinasinc.com\/sk\/","name":"Medicinas Inc","description":"Health Medical Clinic","potentialAction":[{"@type":"SearchAction","target":{"@type":"EntryPoint","urlTemplate":"https:\/\/medicinasinc.com\/sk\/?s={search_term_string}"},"query-input":{"@type":"PropertyValueSpecification","valueRequired":true,"valueName":"search_term_string"}}],"inLanguage":"en-US"}]}},"_links":{"self":[{"href":"https:\/\/medicinasinc.com\/sk\/wp-json\/wp\/v2\/product\/4333","targetHints":{"allow":["GET"]}}],"collection":[{"href":"https:\/\/medicinasinc.com\/sk\/wp-json\/wp\/v2\/product"}],"about":[{"href":"https:\/\/medicinasinc.com\/sk\/wp-json\/wp\/v2\/types\/product"}],"replies":[{"embeddable":true,"href":"https:\/\/medicinasinc.com\/sk\/wp-json\/wp\/v2\/comments?post=4333"}],"wp:featuredmedia":[{"embeddable":true,"href":"https:\/\/medicinasinc.com\/sk\/wp-json\/wp\/v2\/media\/4365"}],"wp:attachment":[{"href":"https:\/\/medicinasinc.com\/sk\/wp-json\/wp\/v2\/media?parent=4333"}],"wp:term":[{"taxonomy":"product_brand","embeddable":true,"href":"https:\/\/medicinasinc.com\/sk\/wp-json\/wp\/v2\/product_brand?post=4333"},{"taxonomy":"product_cat","embeddable":true,"href":"https:\/\/medicinasinc.com\/sk\/wp-json\/wp\/v2\/product_cat?post=4333"},{"taxonomy":"product_tag","embeddable":true,"href":"https:\/\/medicinasinc.com\/sk\/wp-json\/wp\/v2\/product_tag?post=4333"}],"curies":[{"name":"wp","href":"https:\/\/api.w.org\/{rel}","templated":true}]}}