{"id":4332,"date":"2022-02-20T08:26:42","date_gmt":"2022-02-20T08:26:42","guid":{"rendered":"https:\/\/medicinasinc.com\/sk\/?post_type=product&#038;p=4332"},"modified":"2022-03-22T01:26:09","modified_gmt":"2022-03-22T01:26:09","slug":"kupit-1000mg-thc-ochutena-tinktura-kluc","status":"publish","type":"product","link":"https:\/\/medicinasinc.com\/sk\/product\/kupit-1000mg-thc-ochutena-tinktura-kluc\/","title":{"rendered":"K\u00fapte si 1000mg THC ochuten\u00fa tinkt\u00faru \u2013 Key"},"content":{"rendered":"<h1>K\u00fapi\u0165 1000 mg THC ochuten\u00fa tinkt\u00faru \u2013 Key<\/h1>\n<p>M\u00e4ta, \u010du\u010doriedka, \u010dere\u0161\u0148a, zelen\u00e9 jablko, mango, pomaran\u010d, jahoda, vodn\u00fd mel\u00f3n<\/p>\n","protected":false},"excerpt":{"rendered":"<p>K\u00fapte si tinkt\u00faru s pr\u00edchu\u0165ou THC 1000 mg &#8211; K\u013e\u00fa\u010d na predaj online v Eur\u00f3pe, Spojenom kr\u00e1\u013eovstve z najv\u00e4\u010d\u0161ej online v\u00fddajne, Buy My Weed Online.<\/p>\n<ul>\n<li>Celosvetov\u00e1 doprava<\/li>\n<li>Minim\u00e1lne mno\u017estvo objedn\u00e1vky je 5 flia\u0161<\/li>\n<li> Pre v\u00e4\u010d\u0161ie objedn\u00e1vky n\u00e1s kontaktujte<\/li>\n<\/ul>\n","protected":false},"featured_media":4362,"comment_status":"open","ping_status":"closed","template":"","meta":[],"product_brand":[],"product_cat":[440],"product_tag":[],"class_list":{"0":"post-4332","1":"product","2":"type-product","3":"status-publish","4":"has-post-thumbnail","6":"product_cat-kpi-konope-cbd-olej","8":"first","9":"instock","10":"shipping-taxable","11":"purchasable","12":"product-type-simple"},"yoast_head":"<!-- This site is optimized with the Yoast SEO plugin v27.3 - https:\/\/yoast.com\/product\/yoast-seo-wordpress\/ -->\n<title>K\u00fapte si tinkt\u00faru s pr\u00edchu\u0165ou THC 1000 mg \u2013 Key \u2013 Najlep\u0161ie glob\u00e1lne lieky<\/title>\n<meta name=\"description\" content=\"K\u00fapte si tinkt\u00faru s pr\u00edchu\u0165ou THC 1000 mg \u2013 k\u013e\u00fa\u010d na predaj online v Eur\u00f3pe, Spojenom kr\u00e1\u013eovstve v najv\u00e4\u010d\u0161ej online v\u00fddajni, Buy My Weed Online.\" \/>\n<meta name=\"robots\" content=\"index, follow, max-snippet:-1, max-image-preview:large, max-video-preview:-1\" \/>\n<link rel=\"canonical\" href=\"https:\/\/medicinasinc.com\/sk\/product\/kupit-1000mg-thc-ochutena-tinktura-kluc\/\" \/>\n<meta property=\"og:locale\" content=\"en_US\" \/>\n<meta property=\"og:type\" content=\"article\" \/>\n<meta property=\"og:title\" content=\"K\u00fapte si tinkt\u00faru s pr\u00edchu\u0165ou THC 1000 mg \u2013 Key \u2013 Najlep\u0161ie glob\u00e1lne lieky\" \/>\n<meta property=\"og:description\" content=\"K\u00fapte si tinkt\u00faru s pr\u00edchu\u0165ou THC 1000 mg \u2013 k\u013e\u00fa\u010d na predaj online v Eur\u00f3pe, Spojenom kr\u00e1\u013eovstve v najv\u00e4\u010d\u0161ej online v\u00fddajni, Buy My Weed Online.\" \/>\n<meta property=\"og:url\" content=\"https:\/\/medicinasinc.com\/sk\/product\/kupit-1000mg-thc-ochutena-tinktura-kluc\/\" \/>\n<meta property=\"og:site_name\" content=\"Medicinas Inc\" \/>\n<meta property=\"article:modified_time\" content=\"2022-03-22T01:26:09+00:00\" \/>\n<meta property=\"og:image\" content=\"https:\/\/medicinasinc.com\/sk\/wp-content\/uploads\/sites\/10\/2022\/02\/Buy-1000mg-THC-Flavoured-Tincture.jpg\" \/>\n\t<meta property=\"og:image:width\" content=\"600\" \/>\n\t<meta property=\"og:image:height\" content=\"600\" \/>\n\t<meta property=\"og:image:type\" content=\"image\/jpeg\" \/>\n<meta name=\"twitter:card\" content=\"summary_large_image\" \/>\n<meta name=\"twitter:label1\" content=\"Est. reading time\" \/>\n\t<meta name=\"twitter:data1\" content=\"1 minute\" \/>\n<script type=\"application\/ld+json\" class=\"yoast-schema-graph\">{\"@context\":\"https:\\\/\\\/schema.org\",\"@graph\":[{\"@type\":\"WebPage\",\"@id\":\"https:\\\/\\\/medicinasinc.com\\\/sk\\\/product\\\/kupit-1000mg-thc-ochutena-tinktura-kluc\\\/\",\"url\":\"https:\\\/\\\/medicinasinc.com\\\/sk\\\/product\\\/kupit-1000mg-thc-ochutena-tinktura-kluc\\\/\",\"name\":\"K\u00fapte si tinkt\u00faru s pr\u00edchu\u0165ou THC 1000 mg \u2013 Key \u2013 Najlep\u0161ie glob\u00e1lne lieky\",\"isPartOf\":{\"@id\":\"https:\\\/\\\/medicinasinc.com\\\/sk\\\/#website\"},\"primaryImageOfPage\":{\"@id\":\"https:\\\/\\\/medicinasinc.com\\\/sk\\\/product\\\/kupit-1000mg-thc-ochutena-tinktura-kluc\\\/#primaryimage\"},\"image\":{\"@id\":\"https:\\\/\\\/medicinasinc.com\\\/sk\\\/product\\\/kupit-1000mg-thc-ochutena-tinktura-kluc\\\/#primaryimage\"},\"thumbnailUrl\":\"https:\\\/\\\/medicinasinc.com\\\/sk\\\/wp-content\\\/uploads\\\/sites\\\/10\\\/2022\\\/02\\\/Buy-1000mg-THC-Flavoured-Tincture.jpg\",\"datePublished\":\"2022-02-20T08:26:42+00:00\",\"dateModified\":\"2022-03-22T01:26:09+00:00\",\"description\":\"K\u00fapte si tinkt\u00faru s pr\u00edchu\u0165ou THC 1000 mg \u2013 k\u013e\u00fa\u010d na predaj online v Eur\u00f3pe, Spojenom kr\u00e1\u013eovstve v najv\u00e4\u010d\u0161ej online v\u00fddajni, Buy My Weed Online.\",\"breadcrumb\":{\"@id\":\"https:\\\/\\\/medicinasinc.com\\\/sk\\\/product\\\/kupit-1000mg-thc-ochutena-tinktura-kluc\\\/#breadcrumb\"},\"inLanguage\":\"en-US\",\"potentialAction\":[{\"@type\":\"ReadAction\",\"target\":[\"https:\\\/\\\/medicinasinc.com\\\/sk\\\/product\\\/kupit-1000mg-thc-ochutena-tinktura-kluc\\\/\"]}]},{\"@type\":\"ImageObject\",\"inLanguage\":\"en-US\",\"@id\":\"https:\\\/\\\/medicinasinc.com\\\/sk\\\/product\\\/kupit-1000mg-thc-ochutena-tinktura-kluc\\\/#primaryimage\",\"url\":\"https:\\\/\\\/medicinasinc.com\\\/sk\\\/wp-content\\\/uploads\\\/sites\\\/10\\\/2022\\\/02\\\/Buy-1000mg-THC-Flavoured-Tincture.jpg\",\"contentUrl\":\"https:\\\/\\\/medicinasinc.com\\\/sk\\\/wp-content\\\/uploads\\\/sites\\\/10\\\/2022\\\/02\\\/Buy-1000mg-THC-Flavoured-Tincture.jpg\",\"width\":600,\"height\":600},{\"@type\":\"BreadcrumbList\",\"@id\":\"https:\\\/\\\/medicinasinc.com\\\/sk\\\/product\\\/kupit-1000mg-thc-ochutena-tinktura-kluc\\\/#breadcrumb\",\"itemListElement\":[{\"@type\":\"ListItem\",\"position\":1,\"name\":\"Obchod\",\"item\":\"https:\\\/\\\/medicinasinc.com\\\/sk\\\/obchod\\\/\"},{\"@type\":\"ListItem\",\"position\":2,\"name\":\"K\u00fapte si 1000mg THC ochuten\u00fa tinkt\u00faru \u2013 Key\"}]},{\"@type\":\"WebSite\",\"@id\":\"https:\\\/\\\/medicinasinc.com\\\/sk\\\/#website\",\"url\":\"https:\\\/\\\/medicinasinc.com\\\/sk\\\/\",\"name\":\"Medicinas Inc\",\"description\":\"Health Medical Clinic\",\"potentialAction\":[{\"@type\":\"SearchAction\",\"target\":{\"@type\":\"EntryPoint\",\"urlTemplate\":\"https:\\\/\\\/medicinasinc.com\\\/sk\\\/?s={search_term_string}\"},\"query-input\":{\"@type\":\"PropertyValueSpecification\",\"valueRequired\":true,\"valueName\":\"search_term_string\"}}],\"inLanguage\":\"en-US\"}]}<\/script>\n<!-- \/ Yoast SEO plugin. -->","yoast_head_json":{"title":"K\u00fapte si tinkt\u00faru s pr\u00edchu\u0165ou THC 1000 mg \u2013 Key \u2013 Najlep\u0161ie glob\u00e1lne lieky","description":"K\u00fapte si tinkt\u00faru s pr\u00edchu\u0165ou THC 1000 mg \u2013 k\u013e\u00fa\u010d na predaj online v Eur\u00f3pe, Spojenom kr\u00e1\u013eovstve v najv\u00e4\u010d\u0161ej online v\u00fddajni, Buy My Weed Online.","robots":{"index":"index","follow":"follow","max-snippet":"max-snippet:-1","max-image-preview":"max-image-preview:large","max-video-preview":"max-video-preview:-1"},"canonical":"https:\/\/medicinasinc.com\/sk\/product\/kupit-1000mg-thc-ochutena-tinktura-kluc\/","og_locale":"en_US","og_type":"article","og_title":"K\u00fapte si tinkt\u00faru s pr\u00edchu\u0165ou THC 1000 mg \u2013 Key \u2013 Najlep\u0161ie glob\u00e1lne lieky","og_description":"K\u00fapte si tinkt\u00faru s pr\u00edchu\u0165ou THC 1000 mg \u2013 k\u013e\u00fa\u010d na predaj online v Eur\u00f3pe, Spojenom kr\u00e1\u013eovstve v najv\u00e4\u010d\u0161ej online v\u00fddajni, Buy My Weed Online.","og_url":"https:\/\/medicinasinc.com\/sk\/product\/kupit-1000mg-thc-ochutena-tinktura-kluc\/","og_site_name":"Medicinas Inc","article_modified_time":"2022-03-22T01:26:09+00:00","og_image":[{"width":600,"height":600,"url":"https:\/\/medicinasinc.com\/sk\/wp-content\/uploads\/sites\/10\/2022\/02\/Buy-1000mg-THC-Flavoured-Tincture.jpg","type":"image\/jpeg"}],"twitter_card":"summary_large_image","twitter_misc":{"Est. reading time":"1 minute"},"schema":{"@context":"https:\/\/schema.org","@graph":[{"@type":"WebPage","@id":"https:\/\/medicinasinc.com\/sk\/product\/kupit-1000mg-thc-ochutena-tinktura-kluc\/","url":"https:\/\/medicinasinc.com\/sk\/product\/kupit-1000mg-thc-ochutena-tinktura-kluc\/","name":"K\u00fapte si tinkt\u00faru s pr\u00edchu\u0165ou THC 1000 mg \u2013 Key \u2013 Najlep\u0161ie glob\u00e1lne lieky","isPartOf":{"@id":"https:\/\/medicinasinc.com\/sk\/#website"},"primaryImageOfPage":{"@id":"https:\/\/medicinasinc.com\/sk\/product\/kupit-1000mg-thc-ochutena-tinktura-kluc\/#primaryimage"},"image":{"@id":"https:\/\/medicinasinc.com\/sk\/product\/kupit-1000mg-thc-ochutena-tinktura-kluc\/#primaryimage"},"thumbnailUrl":"https:\/\/medicinasinc.com\/sk\/wp-content\/uploads\/sites\/10\/2022\/02\/Buy-1000mg-THC-Flavoured-Tincture.jpg","datePublished":"2022-02-20T08:26:42+00:00","dateModified":"2022-03-22T01:26:09+00:00","description":"K\u00fapte si tinkt\u00faru s pr\u00edchu\u0165ou THC 1000 mg \u2013 k\u013e\u00fa\u010d na predaj online v Eur\u00f3pe, Spojenom kr\u00e1\u013eovstve v najv\u00e4\u010d\u0161ej online v\u00fddajni, Buy My Weed Online.","breadcrumb":{"@id":"https:\/\/medicinasinc.com\/sk\/product\/kupit-1000mg-thc-ochutena-tinktura-kluc\/#breadcrumb"},"inLanguage":"en-US","potentialAction":[{"@type":"ReadAction","target":["https:\/\/medicinasinc.com\/sk\/product\/kupit-1000mg-thc-ochutena-tinktura-kluc\/"]}]},{"@type":"ImageObject","inLanguage":"en-US","@id":"https:\/\/medicinasinc.com\/sk\/product\/kupit-1000mg-thc-ochutena-tinktura-kluc\/#primaryimage","url":"https:\/\/medicinasinc.com\/sk\/wp-content\/uploads\/sites\/10\/2022\/02\/Buy-1000mg-THC-Flavoured-Tincture.jpg","contentUrl":"https:\/\/medicinasinc.com\/sk\/wp-content\/uploads\/sites\/10\/2022\/02\/Buy-1000mg-THC-Flavoured-Tincture.jpg","width":600,"height":600},{"@type":"BreadcrumbList","@id":"https:\/\/medicinasinc.com\/sk\/product\/kupit-1000mg-thc-ochutena-tinktura-kluc\/#breadcrumb","itemListElement":[{"@type":"ListItem","position":1,"name":"Obchod","item":"https:\/\/medicinasinc.com\/sk\/obchod\/"},{"@type":"ListItem","position":2,"name":"K\u00fapte si 1000mg THC ochuten\u00fa tinkt\u00faru \u2013 Key"}]},{"@type":"WebSite","@id":"https:\/\/medicinasinc.com\/sk\/#website","url":"https:\/\/medicinasinc.com\/sk\/","name":"Medicinas Inc","description":"Health Medical Clinic","potentialAction":[{"@type":"SearchAction","target":{"@type":"EntryPoint","urlTemplate":"https:\/\/medicinasinc.com\/sk\/?s={search_term_string}"},"query-input":{"@type":"PropertyValueSpecification","valueRequired":true,"valueName":"search_term_string"}}],"inLanguage":"en-US"}]}},"_links":{"self":[{"href":"https:\/\/medicinasinc.com\/sk\/wp-json\/wp\/v2\/product\/4332","targetHints":{"allow":["GET"]}}],"collection":[{"href":"https:\/\/medicinasinc.com\/sk\/wp-json\/wp\/v2\/product"}],"about":[{"href":"https:\/\/medicinasinc.com\/sk\/wp-json\/wp\/v2\/types\/product"}],"replies":[{"embeddable":true,"href":"https:\/\/medicinasinc.com\/sk\/wp-json\/wp\/v2\/comments?post=4332"}],"wp:featuredmedia":[{"embeddable":true,"href":"https:\/\/medicinasinc.com\/sk\/wp-json\/wp\/v2\/media\/4362"}],"wp:attachment":[{"href":"https:\/\/medicinasinc.com\/sk\/wp-json\/wp\/v2\/media?parent=4332"}],"wp:term":[{"taxonomy":"product_brand","embeddable":true,"href":"https:\/\/medicinasinc.com\/sk\/wp-json\/wp\/v2\/product_brand?post=4332"},{"taxonomy":"product_cat","embeddable":true,"href":"https:\/\/medicinasinc.com\/sk\/wp-json\/wp\/v2\/product_cat?post=4332"},{"taxonomy":"product_tag","embeddable":true,"href":"https:\/\/medicinasinc.com\/sk\/wp-json\/wp\/v2\/product_tag?post=4332"}],"curies":[{"name":"wp","href":"https:\/\/api.w.org\/{rel}","templated":true}]}}