{"id":4327,"date":"2022-02-20T08:26:03","date_gmt":"2022-02-20T08:26:03","guid":{"rendered":"https:\/\/medicinasinc.com\/sk\/?post_type=product&#038;p=4327"},"modified":"2022-03-22T01:26:18","modified_gmt":"2022-03-22T01:26:18","slug":"destilat-tinktura-1000mg-thc-zelena-bohyna","status":"publish","type":"product","link":"https:\/\/medicinasinc.com\/sk\/product\/destilat-tinktura-1000mg-thc-zelena-bohyna\/","title":{"rendered":"Destil\u00e1tov\u00e1 tinkt\u00fara &#8211; 1000 mg THC &#8211; Zelen\u00e1 bohy\u0148a"},"content":{"rendered":"<p>Green Goddess \u2013 1000 mg THC Tinkt\u00fara<\/p>\n<p>Kvapky Green Goddess Tinkture maj\u00fa oproti in\u00fdm met\u00f3dam pod\u00e1vania medic\u00ednskych kanabinoidov nieko\u013eko v\u00fdhod: 30 ml n\u00e1doba s jednoduchou aplik\u00e1ciou kvap\u00f4\u010dok umo\u017e\u0148uje presn\u00e9 a spo\u013eahliv\u00e9 sublingv\u00e1lne d\u00e1vkovanie. Sliznica \u00fastnej dutiny u\u013eah\u010duje r\u00fdchle a konzistentn\u00e9 vstreb\u00e1vanie do krvn\u00e9ho obehu. Tr\u00e1viaci syst\u00e9m a pe\u010de\u0148 nie s\u00fa zapojen\u00e9 do spracovania t\u00fdchto tinkt\u00far, ako je to pri or\u00e1lne po\u017e\u00edvan\u00fdch kanabinoidoch, ktor\u00e9 sa nach\u00e1dzaj\u00fa v po\u017e\u00edvatin\u00e1ch. Diskr\u00e9tne a ide\u00e1lne pre nefaj\u010diarov, ktor\u00ed h\u013eadaj\u00fa v\u00fdhody THC, ale nemaj\u00fa d\u00fdchaciu kapacitu potrebn\u00fa na faj\u010denie.<\/p>\n<p>Vyroben\u00e9 s pou\u017eit\u00edm extraktu z celej rastliny konope. Pridali sme \u00faplne pr\u00edrodn\u00fd C8+C10 olej, 100-percentn\u00fd organick\u00fd kokosov\u00fd zdroj siln\u00fdch mastn\u00fdch kysel\u00edn so stredne dlh\u00fdm re\u0165azcom, ktor\u00e9 pom\u00e1haj\u00fa telu a mysli pod\u00e1va\u0165 \u010do najlep\u0161\u00ed v\u00fdkon. Bola pridan\u00e1 pr\u00edrodn\u00e1 ar\u00f3ma.<\/p>\n<p>Zlo\u017eenie:<\/p>\n<p>MCT olej naplnen\u00fd extraktom z celej rastliny kanabisu (THC)<\/p>\n<p>Odpory na pou\u017eitie<\/p>\n<p>1 -2 kvapkadl\u00e1 ka\u017ed\u00e9 tri a\u017e \u0161tyri hodiny, kvapnite pod jazyk a podr\u017ete 30 sek\u00fand, aby ste dosiahli maxim\u00e1lnu \u00fa\u013eavu. Pora\u010fte sa so svoj\u00edm lek\u00e1rom, aby ste ur\u010dili spr\u00e1vne d\u00e1vkovanie. U\u017e\u00edvanie na pr\u00e1zdny \u017eal\u00fadok sa neodpor\u00fa\u010da.<\/p>\n","protected":false},"excerpt":{"rendered":"<p>N\u00e1\u0161 pr\u00e9miov\u00fd konopn\u00fd olej CBD destil\u00e1t 1000 mg THC Tinkt\u00fara obsahuje 1000 mg CBD extrahovan\u00e9ho z organick\u00e9ho konope pestovan\u00e9ho v Colorade. U\u017e\u00edvajte t\u00fato tinkt\u00faru denne pre wellness poh\u00e1\u0148an\u00e9 rastlinami!<\/p>\n<ul>\n<li>Celosvetov\u00e1 doprava<\/li>\n<li>1000 mg THC na 30 ml<\/li>\n<li>Minim\u00e1lne mno\u017estvo objedn\u00e1vky je 5<\/li>\n<li>Pre v\u00e4\u010d\u0161ie objedn\u00e1vky n\u00e1s kontaktujte<\/li>\n<\/ul>\n","protected":false},"featured_media":4357,"comment_status":"open","ping_status":"closed","template":"","meta":[],"product_brand":[],"product_cat":[440],"product_tag":[],"class_list":{"0":"post-4327","1":"product","2":"type-product","3":"status-publish","4":"has-post-thumbnail","6":"product_cat-kpi-konope-cbd-olej","8":"first","9":"instock","10":"shipping-taxable","11":"purchasable","12":"product-type-variable","13":"has-default-attributes"},"yoast_head":"<!-- This site is optimized with the Yoast SEO plugin v27.3 - https:\/\/yoast.com\/product\/yoast-seo-wordpress\/ -->\n<title>Destil\u00e1t 1000mg THC Tinkt\u00fara \u2013 Zelen\u00e1 bohy\u0148a \u2013 Najlep\u0161ie glob\u00e1lne lieky<\/title>\n<meta name=\"description\" content=\"N\u00e1\u0161 pr\u00e9miov\u00fd konopn\u00fd olej CBD Destilate 1000 mg THC Tinkt\u00fara obsahuje 1000 mg CBD extrahovan\u00e9ho z organick\u00e9ho konope pestovan\u00e9ho v Colorade. U\u017e\u00edvajte t\u00fato tinkt\u00faru denne pre wellness poh\u00e1\u0148an\u00e9 rastlinami!\" \/>\n<meta name=\"robots\" content=\"index, follow, max-snippet:-1, max-image-preview:large, max-video-preview:-1\" \/>\n<link rel=\"canonical\" href=\"https:\/\/medicinasinc.com\/sk\/product\/destilat-tinktura-1000mg-thc-zelena-bohyna\/\" \/>\n<meta property=\"og:locale\" content=\"en_US\" \/>\n<meta property=\"og:type\" content=\"article\" \/>\n<meta property=\"og:title\" content=\"Destil\u00e1t 1000mg THC Tinkt\u00fara \u2013 Zelen\u00e1 bohy\u0148a \u2013 Najlep\u0161ie glob\u00e1lne lieky\" \/>\n<meta property=\"og:description\" content=\"N\u00e1\u0161 pr\u00e9miov\u00fd konopn\u00fd olej CBD Destilate 1000 mg THC Tinkt\u00fara obsahuje 1000 mg CBD extrahovan\u00e9ho z organick\u00e9ho konope pestovan\u00e9ho v Colorade. U\u017e\u00edvajte t\u00fato tinkt\u00faru denne pre wellness poh\u00e1\u0148an\u00e9 rastlinami!\" \/>\n<meta property=\"og:url\" content=\"https:\/\/medicinasinc.com\/sk\/product\/destilat-tinktura-1000mg-thc-zelena-bohyna\/\" \/>\n<meta property=\"og:site_name\" content=\"Medicinas Inc\" \/>\n<meta property=\"article:modified_time\" content=\"2022-03-22T01:26:18+00:00\" \/>\n<meta property=\"og:image\" content=\"https:\/\/medicinasinc.com\/sk\/wp-content\/uploads\/sites\/10\/2022\/02\/1000mg-THC-Tincture.jpg\" \/>\n\t<meta property=\"og:image:width\" content=\"600\" \/>\n\t<meta property=\"og:image:height\" content=\"600\" \/>\n\t<meta property=\"og:image:type\" content=\"image\/jpeg\" \/>\n<meta name=\"twitter:card\" content=\"summary_large_image\" \/>\n<meta name=\"twitter:label1\" content=\"Est. reading time\" \/>\n\t<meta name=\"twitter:data1\" content=\"1 minute\" \/>\n<script type=\"application\/ld+json\" class=\"yoast-schema-graph\">{\"@context\":\"https:\\\/\\\/schema.org\",\"@graph\":[{\"@type\":\"WebPage\",\"@id\":\"https:\\\/\\\/medicinasinc.com\\\/sk\\\/product\\\/destilat-tinktura-1000mg-thc-zelena-bohyna\\\/\",\"url\":\"https:\\\/\\\/medicinasinc.com\\\/sk\\\/product\\\/destilat-tinktura-1000mg-thc-zelena-bohyna\\\/\",\"name\":\"Destil\u00e1t 1000mg THC Tinkt\u00fara \u2013 Zelen\u00e1 bohy\u0148a \u2013 Najlep\u0161ie glob\u00e1lne lieky\",\"isPartOf\":{\"@id\":\"https:\\\/\\\/medicinasinc.com\\\/sk\\\/#website\"},\"primaryImageOfPage\":{\"@id\":\"https:\\\/\\\/medicinasinc.com\\\/sk\\\/product\\\/destilat-tinktura-1000mg-thc-zelena-bohyna\\\/#primaryimage\"},\"image\":{\"@id\":\"https:\\\/\\\/medicinasinc.com\\\/sk\\\/product\\\/destilat-tinktura-1000mg-thc-zelena-bohyna\\\/#primaryimage\"},\"thumbnailUrl\":\"https:\\\/\\\/medicinasinc.com\\\/sk\\\/wp-content\\\/uploads\\\/sites\\\/10\\\/2022\\\/02\\\/1000mg-THC-Tincture.jpg\",\"datePublished\":\"2022-02-20T08:26:03+00:00\",\"dateModified\":\"2022-03-22T01:26:18+00:00\",\"description\":\"N\u00e1\u0161 pr\u00e9miov\u00fd konopn\u00fd olej CBD Destilate 1000 mg THC Tinkt\u00fara obsahuje 1000 mg CBD extrahovan\u00e9ho z organick\u00e9ho konope pestovan\u00e9ho v Colorade. U\u017e\u00edvajte t\u00fato tinkt\u00faru denne pre wellness poh\u00e1\u0148an\u00e9 rastlinami!\",\"breadcrumb\":{\"@id\":\"https:\\\/\\\/medicinasinc.com\\\/sk\\\/product\\\/destilat-tinktura-1000mg-thc-zelena-bohyna\\\/#breadcrumb\"},\"inLanguage\":\"en-US\",\"potentialAction\":[{\"@type\":\"ReadAction\",\"target\":[\"https:\\\/\\\/medicinasinc.com\\\/sk\\\/product\\\/destilat-tinktura-1000mg-thc-zelena-bohyna\\\/\"]}]},{\"@type\":\"ImageObject\",\"inLanguage\":\"en-US\",\"@id\":\"https:\\\/\\\/medicinasinc.com\\\/sk\\\/product\\\/destilat-tinktura-1000mg-thc-zelena-bohyna\\\/#primaryimage\",\"url\":\"https:\\\/\\\/medicinasinc.com\\\/sk\\\/wp-content\\\/uploads\\\/sites\\\/10\\\/2022\\\/02\\\/1000mg-THC-Tincture.jpg\",\"contentUrl\":\"https:\\\/\\\/medicinasinc.com\\\/sk\\\/wp-content\\\/uploads\\\/sites\\\/10\\\/2022\\\/02\\\/1000mg-THC-Tincture.jpg\",\"width\":600,\"height\":600},{\"@type\":\"BreadcrumbList\",\"@id\":\"https:\\\/\\\/medicinasinc.com\\\/sk\\\/product\\\/destilat-tinktura-1000mg-thc-zelena-bohyna\\\/#breadcrumb\",\"itemListElement\":[{\"@type\":\"ListItem\",\"position\":1,\"name\":\"Obchod\",\"item\":\"https:\\\/\\\/medicinasinc.com\\\/sk\\\/obchod\\\/\"},{\"@type\":\"ListItem\",\"position\":2,\"name\":\"Destil\u00e1tov\u00e1 tinkt\u00fara &#8211; 1000 mg THC &#8211; Zelen\u00e1 bohy\u0148a\"}]},{\"@type\":\"WebSite\",\"@id\":\"https:\\\/\\\/medicinasinc.com\\\/sk\\\/#website\",\"url\":\"https:\\\/\\\/medicinasinc.com\\\/sk\\\/\",\"name\":\"Medicinas Inc\",\"description\":\"Health Medical Clinic\",\"potentialAction\":[{\"@type\":\"SearchAction\",\"target\":{\"@type\":\"EntryPoint\",\"urlTemplate\":\"https:\\\/\\\/medicinasinc.com\\\/sk\\\/?s={search_term_string}\"},\"query-input\":{\"@type\":\"PropertyValueSpecification\",\"valueRequired\":true,\"valueName\":\"search_term_string\"}}],\"inLanguage\":\"en-US\"}]}<\/script>\n<!-- \/ Yoast SEO plugin. -->","yoast_head_json":{"title":"Destil\u00e1t 1000mg THC Tinkt\u00fara \u2013 Zelen\u00e1 bohy\u0148a \u2013 Najlep\u0161ie glob\u00e1lne lieky","description":"N\u00e1\u0161 pr\u00e9miov\u00fd konopn\u00fd olej CBD Destilate 1000 mg THC Tinkt\u00fara obsahuje 1000 mg CBD extrahovan\u00e9ho z organick\u00e9ho konope pestovan\u00e9ho v Colorade. U\u017e\u00edvajte t\u00fato tinkt\u00faru denne pre wellness poh\u00e1\u0148an\u00e9 rastlinami!","robots":{"index":"index","follow":"follow","max-snippet":"max-snippet:-1","max-image-preview":"max-image-preview:large","max-video-preview":"max-video-preview:-1"},"canonical":"https:\/\/medicinasinc.com\/sk\/product\/destilat-tinktura-1000mg-thc-zelena-bohyna\/","og_locale":"en_US","og_type":"article","og_title":"Destil\u00e1t 1000mg THC Tinkt\u00fara \u2013 Zelen\u00e1 bohy\u0148a \u2013 Najlep\u0161ie glob\u00e1lne lieky","og_description":"N\u00e1\u0161 pr\u00e9miov\u00fd konopn\u00fd olej CBD Destilate 1000 mg THC Tinkt\u00fara obsahuje 1000 mg CBD extrahovan\u00e9ho z organick\u00e9ho konope pestovan\u00e9ho v Colorade. U\u017e\u00edvajte t\u00fato tinkt\u00faru denne pre wellness poh\u00e1\u0148an\u00e9 rastlinami!","og_url":"https:\/\/medicinasinc.com\/sk\/product\/destilat-tinktura-1000mg-thc-zelena-bohyna\/","og_site_name":"Medicinas Inc","article_modified_time":"2022-03-22T01:26:18+00:00","og_image":[{"width":600,"height":600,"url":"https:\/\/medicinasinc.com\/sk\/wp-content\/uploads\/sites\/10\/2022\/02\/1000mg-THC-Tincture.jpg","type":"image\/jpeg"}],"twitter_card":"summary_large_image","twitter_misc":{"Est. reading time":"1 minute"},"schema":{"@context":"https:\/\/schema.org","@graph":[{"@type":"WebPage","@id":"https:\/\/medicinasinc.com\/sk\/product\/destilat-tinktura-1000mg-thc-zelena-bohyna\/","url":"https:\/\/medicinasinc.com\/sk\/product\/destilat-tinktura-1000mg-thc-zelena-bohyna\/","name":"Destil\u00e1t 1000mg THC Tinkt\u00fara \u2013 Zelen\u00e1 bohy\u0148a \u2013 Najlep\u0161ie glob\u00e1lne lieky","isPartOf":{"@id":"https:\/\/medicinasinc.com\/sk\/#website"},"primaryImageOfPage":{"@id":"https:\/\/medicinasinc.com\/sk\/product\/destilat-tinktura-1000mg-thc-zelena-bohyna\/#primaryimage"},"image":{"@id":"https:\/\/medicinasinc.com\/sk\/product\/destilat-tinktura-1000mg-thc-zelena-bohyna\/#primaryimage"},"thumbnailUrl":"https:\/\/medicinasinc.com\/sk\/wp-content\/uploads\/sites\/10\/2022\/02\/1000mg-THC-Tincture.jpg","datePublished":"2022-02-20T08:26:03+00:00","dateModified":"2022-03-22T01:26:18+00:00","description":"N\u00e1\u0161 pr\u00e9miov\u00fd konopn\u00fd olej CBD Destilate 1000 mg THC Tinkt\u00fara obsahuje 1000 mg CBD extrahovan\u00e9ho z organick\u00e9ho konope pestovan\u00e9ho v Colorade. U\u017e\u00edvajte t\u00fato tinkt\u00faru denne pre wellness poh\u00e1\u0148an\u00e9 rastlinami!","breadcrumb":{"@id":"https:\/\/medicinasinc.com\/sk\/product\/destilat-tinktura-1000mg-thc-zelena-bohyna\/#breadcrumb"},"inLanguage":"en-US","potentialAction":[{"@type":"ReadAction","target":["https:\/\/medicinasinc.com\/sk\/product\/destilat-tinktura-1000mg-thc-zelena-bohyna\/"]}]},{"@type":"ImageObject","inLanguage":"en-US","@id":"https:\/\/medicinasinc.com\/sk\/product\/destilat-tinktura-1000mg-thc-zelena-bohyna\/#primaryimage","url":"https:\/\/medicinasinc.com\/sk\/wp-content\/uploads\/sites\/10\/2022\/02\/1000mg-THC-Tincture.jpg","contentUrl":"https:\/\/medicinasinc.com\/sk\/wp-content\/uploads\/sites\/10\/2022\/02\/1000mg-THC-Tincture.jpg","width":600,"height":600},{"@type":"BreadcrumbList","@id":"https:\/\/medicinasinc.com\/sk\/product\/destilat-tinktura-1000mg-thc-zelena-bohyna\/#breadcrumb","itemListElement":[{"@type":"ListItem","position":1,"name":"Obchod","item":"https:\/\/medicinasinc.com\/sk\/obchod\/"},{"@type":"ListItem","position":2,"name":"Destil\u00e1tov\u00e1 tinkt\u00fara &#8211; 1000 mg THC &#8211; Zelen\u00e1 bohy\u0148a"}]},{"@type":"WebSite","@id":"https:\/\/medicinasinc.com\/sk\/#website","url":"https:\/\/medicinasinc.com\/sk\/","name":"Medicinas Inc","description":"Health Medical Clinic","potentialAction":[{"@type":"SearchAction","target":{"@type":"EntryPoint","urlTemplate":"https:\/\/medicinasinc.com\/sk\/?s={search_term_string}"},"query-input":{"@type":"PropertyValueSpecification","valueRequired":true,"valueName":"search_term_string"}}],"inLanguage":"en-US"}]}},"_links":{"self":[{"href":"https:\/\/medicinasinc.com\/sk\/wp-json\/wp\/v2\/product\/4327","targetHints":{"allow":["GET"]}}],"collection":[{"href":"https:\/\/medicinasinc.com\/sk\/wp-json\/wp\/v2\/product"}],"about":[{"href":"https:\/\/medicinasinc.com\/sk\/wp-json\/wp\/v2\/types\/product"}],"replies":[{"embeddable":true,"href":"https:\/\/medicinasinc.com\/sk\/wp-json\/wp\/v2\/comments?post=4327"}],"wp:featuredmedia":[{"embeddable":true,"href":"https:\/\/medicinasinc.com\/sk\/wp-json\/wp\/v2\/media\/4357"}],"wp:attachment":[{"href":"https:\/\/medicinasinc.com\/sk\/wp-json\/wp\/v2\/media?parent=4327"}],"wp:term":[{"taxonomy":"product_brand","embeddable":true,"href":"https:\/\/medicinasinc.com\/sk\/wp-json\/wp\/v2\/product_brand?post=4327"},{"taxonomy":"product_cat","embeddable":true,"href":"https:\/\/medicinasinc.com\/sk\/wp-json\/wp\/v2\/product_cat?post=4327"},{"taxonomy":"product_tag","embeddable":true,"href":"https:\/\/medicinasinc.com\/sk\/wp-json\/wp\/v2\/product_tag?post=4327"}],"curies":[{"name":"wp","href":"https:\/\/api.w.org\/{rel}","templated":true}]}}